{"id":18123,"date":"2025-06-17T11:31:39","date_gmt":"2025-06-17T11:31:39","guid":{"rendered":"https:\/\/anivet.lt\/elparduotuve\/?post_type=product&#038;p=18123"},"modified":"2026-02-23T11:58:15","modified_gmt":"2026-02-23T11:58:15","slug":"primal-iberian-mediterranean-farm-konservas-sunims-400g","status":"publish","type":"product","link":"https:\/\/anivet.lt\/elparduotuve\/produktas\/primal-iberian-mediterranean-farm-konservas-sunims-400g\/","title":{"rendered":"PRIMAL IBERIAN Mediterranean Farm konservas \u0161unims 400g"},"content":{"rendered":"<ul>\n<li>Visavert\u0117 sud\u0117tis \u2013 subalansuota mityba kasdieniam \u0161uns energijos ir sveikatos palaikymui.<\/li>\n<li>Auk\u0161tos kokyb\u0117s baltymai \u2013 i\u0161 kruop\u0161\u010diai atrinkt\u0173 gyv\u016bnin\u0117s kilm\u0117s \u0161altini\u0173.<\/li>\n<li>\u012ekv\u0117ptas Vidur\u017eemio j\u016bros regiono virtuv\u0117s \u2013 praturtintas dar\u017eov\u0117mis, alyvuogi\u0173 aliejumi ir \u017eolel\u0117mis.<\/li>\n<li>Skatina ger\u0105 vir\u0161kinim\u0105, sveik\u0105 kail\u012f ir od\u0105.<\/li>\n<\/ul>\n","protected":false},"excerpt":{"rendered":"<p>Atraskite Vidur\u017eemio regiono \u012fkv\u0117pt\u0105 mityb\u0105 savo \u0161uniui su PRIMAL Mediterranean Farm konservuotu pa\u0161aru. Pagamintas i\u0161 auk\u0161tos kokyb\u0117s ingredient\u0173, \u0161is visavertis pa\u0161aras apr\u016bpina suaugusius \u0161unis b\u016btinomis maistin\u0117mis med\u017eiagomis, kad jie i\u0161likt\u0173 sveiki, aktyv\u016bs ir laimingi.<\/p>\n","protected":false},"featured_media":18124,"template":"","meta":[],"product_brand":[],"product_cat":[101,103,105,440],"product_tag":[],"class_list":{"0":"post-18123","1":"product","2":"type-product","3":"status-publish","4":"has-post-thumbnail","6":"product_cat-sunims","7":"product_cat-sunu-maistas","8":"product_cat-konservai","9":"product_cat-primal-spirit-sunu-maistas","10":"pa_prekinis-zenklas-primal-spirit","12":"first","13":"outofstock","14":"taxable","15":"shipping-taxable","16":"purchasable","17":"product-type-simple"},"yoast_head":"<!-- This site is optimized with the Yoast SEO Premium plugin v27.1 (Yoast SEO v27.5) - https:\/\/yoast.com\/product\/yoast-seo-premium-wordpress\/ -->\n<title>PRIMAL IBERIAN Mediterranean Farm konservas \u0161unims 400g - anivet.lt<\/title>\n<meta name=\"description\" content=\"Atraskite Vidur\u017eemio regiono \u012fkv\u0117pt\u0105 mityb\u0105 savo \u0161uniui su PRIMAL Mediterranean Farm konservuotu pa\u0161aru. Pagamintas i\u0161 auk\u0161tos kokyb\u0117s ingredient\u0173, \u0161is visavertis pa\u0161aras apr\u016bpina suaugusius \u0161unis b\u016btinomis maistin\u0117mis med\u017eiagomis, kad jie i\u0161likt\u0173 sveiki, aktyv\u016bs ir laimingi.\" \/>\n<meta name=\"robots\" content=\"index, follow, max-snippet:-1, max-image-preview:large, max-video-preview:-1\" \/>\n<link rel=\"canonical\" href=\"https:\/\/anivet.lt\/elparduotuve\/produktas\/primal-iberian-mediterranean-farm-konservas-sunims-400g\/\" \/>\n<meta property=\"og:locale\" content=\"lt_LT\" \/>\n<meta property=\"og:type\" content=\"article\" \/>\n<meta property=\"og:title\" content=\"PRIMAL IBERIAN Mediterranean Farm konservas \u0161unims 400g\" \/>\n<meta property=\"og:description\" content=\"Atraskite Vidur\u017eemio regiono \u012fkv\u0117pt\u0105 mityb\u0105 savo \u0161uniui su PRIMAL Mediterranean Farm konservuotu pa\u0161aru. Pagamintas i\u0161 auk\u0161tos kokyb\u0117s ingredient\u0173, \u0161is visavertis pa\u0161aras apr\u016bpina suaugusius \u0161unis b\u016btinomis maistin\u0117mis med\u017eiagomis, kad jie i\u0161likt\u0173 sveiki, aktyv\u016bs ir laimingi.\" \/>\n<meta property=\"og:url\" content=\"https:\/\/anivet.lt\/elparduotuve\/produktas\/primal-iberian-mediterranean-farm-konservas-sunims-400g\/\" \/>\n<meta property=\"og:site_name\" content=\"anivet.lt\" \/>\n<meta property=\"article:modified_time\" content=\"2026-02-23T11:58:15+00:00\" \/>\n<meta property=\"og:image\" content=\"https:\/\/anivet.lt\/elparduotuve\/wp-content\/uploads\/2025\/06\/PRIMAL-IBERIAN-Mediterranean-Farm-konservas-sunims-400g.jpg\" \/>\n\t<meta property=\"og:image:width\" content=\"550\" \/>\n\t<meta property=\"og:image:height\" content=\"550\" \/>\n\t<meta property=\"og:image:type\" content=\"image\/jpeg\" \/>\n<meta name=\"twitter:card\" content=\"summary_large_image\" \/>\n<meta name=\"twitter:label1\" content=\"Est. reading time\" \/>\n\t<meta name=\"twitter:data1\" content=\"1 minut\u0117\" \/>\n<script type=\"application\/ld+json\" class=\"yoast-schema-graph\">{\"@context\":\"https:\\\/\\\/schema.org\",\"@graph\":[{\"@type\":\"WebPage\",\"@id\":\"https:\\\/\\\/anivet.lt\\\/elparduotuve\\\/produktas\\\/primal-iberian-mediterranean-farm-konservas-sunims-400g\\\/\",\"url\":\"https:\\\/\\\/anivet.lt\\\/elparduotuve\\\/produktas\\\/primal-iberian-mediterranean-farm-konservas-sunims-400g\\\/\",\"name\":\"PRIMAL IBERIAN Mediterranean Farm konservas \u0161unims 400g - anivet.lt\",\"isPartOf\":{\"@id\":\"https:\\\/\\\/anivet.lt\\\/elparduotuve\\\/#website\"},\"primaryImageOfPage\":{\"@id\":\"https:\\\/\\\/anivet.lt\\\/elparduotuve\\\/produktas\\\/primal-iberian-mediterranean-farm-konservas-sunims-400g\\\/#primaryimage\"},\"image\":{\"@id\":\"https:\\\/\\\/anivet.lt\\\/elparduotuve\\\/produktas\\\/primal-iberian-mediterranean-farm-konservas-sunims-400g\\\/#primaryimage\"},\"thumbnailUrl\":\"https:\\\/\\\/anivet.lt\\\/elparduotuve\\\/wp-content\\\/uploads\\\/2025\\\/06\\\/PRIMAL-IBERIAN-Mediterranean-Farm-konservas-sunims-400g.jpg\",\"datePublished\":\"2025-06-17T11:31:39+00:00\",\"dateModified\":\"2026-02-23T11:58:15+00:00\",\"description\":\"Atraskite Vidur\u017eemio regiono \u012fkv\u0117pt\u0105 mityb\u0105 savo \u0161uniui su PRIMAL Mediterranean Farm konservuotu pa\u0161aru. Pagamintas i\u0161 auk\u0161tos kokyb\u0117s ingredient\u0173, \u0161is visavertis pa\u0161aras apr\u016bpina suaugusius \u0161unis b\u016btinomis maistin\u0117mis med\u017eiagomis, kad jie i\u0161likt\u0173 sveiki, aktyv\u016bs ir laimingi.\",\"breadcrumb\":{\"@id\":\"https:\\\/\\\/anivet.lt\\\/elparduotuve\\\/produktas\\\/primal-iberian-mediterranean-farm-konservas-sunims-400g\\\/#breadcrumb\"},\"inLanguage\":\"lt-LT\",\"potentialAction\":[{\"@type\":\"ReadAction\",\"target\":[\"https:\\\/\\\/anivet.lt\\\/elparduotuve\\\/produktas\\\/primal-iberian-mediterranean-farm-konservas-sunims-400g\\\/\"]}]},{\"@type\":\"ImageObject\",\"inLanguage\":\"lt-LT\",\"@id\":\"https:\\\/\\\/anivet.lt\\\/elparduotuve\\\/produktas\\\/primal-iberian-mediterranean-farm-konservas-sunims-400g\\\/#primaryimage\",\"url\":\"https:\\\/\\\/anivet.lt\\\/elparduotuve\\\/wp-content\\\/uploads\\\/2025\\\/06\\\/PRIMAL-IBERIAN-Mediterranean-Farm-konservas-sunims-400g.jpg\",\"contentUrl\":\"https:\\\/\\\/anivet.lt\\\/elparduotuve\\\/wp-content\\\/uploads\\\/2025\\\/06\\\/PRIMAL-IBERIAN-Mediterranean-Farm-konservas-sunims-400g.jpg\",\"width\":550,\"height\":550,\"caption\":\"AUTO-DRAFT\"},{\"@type\":\"BreadcrumbList\",\"@id\":\"https:\\\/\\\/anivet.lt\\\/elparduotuve\\\/produktas\\\/primal-iberian-mediterranean-farm-konservas-sunims-400g\\\/#breadcrumb\",\"itemListElement\":[{\"@type\":\"ListItem\",\"position\":1,\"name\":\"Home\",\"item\":\"https:\\\/\\\/anivet.lt\\\/elparduotuve\\\/\"},{\"@type\":\"ListItem\",\"position\":2,\"name\":\"Produktai\",\"item\":\"https:\\\/\\\/anivet.lt\\\/elparduotuve\\\/produktai\\\/\"},{\"@type\":\"ListItem\",\"position\":3,\"name\":\"PRIMAL IBERIAN Mediterranean Farm konservas \u0161unims 400g\"}]},{\"@type\":\"WebSite\",\"@id\":\"https:\\\/\\\/anivet.lt\\\/elparduotuve\\\/#website\",\"url\":\"https:\\\/\\\/anivet.lt\\\/elparduotuve\\\/\",\"name\":\"anivet.lt\",\"description\":\"Viskas J\u016bs\u0173 \u0161uns, kat\u0117s prie\u017ei\u016brai\",\"publisher\":{\"@id\":\"https:\\\/\\\/anivet.lt\\\/elparduotuve\\\/#organization\"},\"alternateName\":\"Viskas J\u016bs\u0173 \u0161uns, kat\u0117s prie\u017ei\u016brai\",\"potentialAction\":[{\"@type\":\"SearchAction\",\"target\":{\"@type\":\"EntryPoint\",\"urlTemplate\":\"https:\\\/\\\/anivet.lt\\\/elparduotuve\\\/?s={search_term_string}\"},\"query-input\":{\"@type\":\"PropertyValueSpecification\",\"valueRequired\":true,\"valueName\":\"search_term_string\"}}],\"inLanguage\":\"lt-LT\"},{\"@type\":\"Organization\",\"@id\":\"https:\\\/\\\/anivet.lt\\\/elparduotuve\\\/#organization\",\"name\":\"Viskas J\u016bs\u0173 \u0161uns, kat\u0117s prie\u017ei\u016brai\",\"url\":\"https:\\\/\\\/anivet.lt\\\/elparduotuve\\\/\",\"logo\":{\"@type\":\"ImageObject\",\"inLanguage\":\"lt-LT\",\"@id\":\"https:\\\/\\\/anivet.lt\\\/elparduotuve\\\/#\\\/schema\\\/logo\\\/image\\\/\",\"url\":\"https:\\\/\\\/anivet.lt\\\/elparduotuve\\\/wp-content\\\/uploads\\\/2023\\\/06\\\/logo2.jpg\",\"contentUrl\":\"https:\\\/\\\/anivet.lt\\\/elparduotuve\\\/wp-content\\\/uploads\\\/2023\\\/06\\\/logo2.jpg\",\"width\":655,\"height\":194,\"caption\":\"Viskas J\u016bs\u0173 \u0161uns, kat\u0117s prie\u017ei\u016brai\"},\"image\":{\"@id\":\"https:\\\/\\\/anivet.lt\\\/elparduotuve\\\/#\\\/schema\\\/logo\\\/image\\\/\"}}]}<\/script>\n<!-- \/ Yoast SEO Premium plugin. -->","yoast_head_json":{"title":"PRIMAL IBERIAN Mediterranean Farm konservas \u0161unims 400g - anivet.lt","description":"Atraskite Vidur\u017eemio regiono \u012fkv\u0117pt\u0105 mityb\u0105 savo \u0161uniui su PRIMAL Mediterranean Farm konservuotu pa\u0161aru. Pagamintas i\u0161 auk\u0161tos kokyb\u0117s ingredient\u0173, \u0161is visavertis pa\u0161aras apr\u016bpina suaugusius \u0161unis b\u016btinomis maistin\u0117mis med\u017eiagomis, kad jie i\u0161likt\u0173 sveiki, aktyv\u016bs ir laimingi.","robots":{"index":"index","follow":"follow","max-snippet":"max-snippet:-1","max-image-preview":"max-image-preview:large","max-video-preview":"max-video-preview:-1"},"canonical":"https:\/\/anivet.lt\/elparduotuve\/produktas\/primal-iberian-mediterranean-farm-konservas-sunims-400g\/","og_locale":"lt_LT","og_type":"article","og_title":"PRIMAL IBERIAN Mediterranean Farm konservas \u0161unims 400g","og_description":"Atraskite Vidur\u017eemio regiono \u012fkv\u0117pt\u0105 mityb\u0105 savo \u0161uniui su PRIMAL Mediterranean Farm konservuotu pa\u0161aru. Pagamintas i\u0161 auk\u0161tos kokyb\u0117s ingredient\u0173, \u0161is visavertis pa\u0161aras apr\u016bpina suaugusius \u0161unis b\u016btinomis maistin\u0117mis med\u017eiagomis, kad jie i\u0161likt\u0173 sveiki, aktyv\u016bs ir laimingi.","og_url":"https:\/\/anivet.lt\/elparduotuve\/produktas\/primal-iberian-mediterranean-farm-konservas-sunims-400g\/","og_site_name":"anivet.lt","article_modified_time":"2026-02-23T11:58:15+00:00","og_image":[{"width":550,"height":550,"url":"https:\/\/anivet.lt\/elparduotuve\/wp-content\/uploads\/2025\/06\/PRIMAL-IBERIAN-Mediterranean-Farm-konservas-sunims-400g.jpg","type":"image\/jpeg"}],"twitter_card":"summary_large_image","twitter_misc":{"Est. reading time":"1 minut\u0117"},"schema":{"@context":"https:\/\/schema.org","@graph":[{"@type":"WebPage","@id":"https:\/\/anivet.lt\/elparduotuve\/produktas\/primal-iberian-mediterranean-farm-konservas-sunims-400g\/","url":"https:\/\/anivet.lt\/elparduotuve\/produktas\/primal-iberian-mediterranean-farm-konservas-sunims-400g\/","name":"PRIMAL IBERIAN Mediterranean Farm konservas \u0161unims 400g - anivet.lt","isPartOf":{"@id":"https:\/\/anivet.lt\/elparduotuve\/#website"},"primaryImageOfPage":{"@id":"https:\/\/anivet.lt\/elparduotuve\/produktas\/primal-iberian-mediterranean-farm-konservas-sunims-400g\/#primaryimage"},"image":{"@id":"https:\/\/anivet.lt\/elparduotuve\/produktas\/primal-iberian-mediterranean-farm-konservas-sunims-400g\/#primaryimage"},"thumbnailUrl":"https:\/\/anivet.lt\/elparduotuve\/wp-content\/uploads\/2025\/06\/PRIMAL-IBERIAN-Mediterranean-Farm-konservas-sunims-400g.jpg","datePublished":"2025-06-17T11:31:39+00:00","dateModified":"2026-02-23T11:58:15+00:00","description":"Atraskite Vidur\u017eemio regiono \u012fkv\u0117pt\u0105 mityb\u0105 savo \u0161uniui su PRIMAL Mediterranean Farm konservuotu pa\u0161aru. Pagamintas i\u0161 auk\u0161tos kokyb\u0117s ingredient\u0173, \u0161is visavertis pa\u0161aras apr\u016bpina suaugusius \u0161unis b\u016btinomis maistin\u0117mis med\u017eiagomis, kad jie i\u0161likt\u0173 sveiki, aktyv\u016bs ir laimingi.","breadcrumb":{"@id":"https:\/\/anivet.lt\/elparduotuve\/produktas\/primal-iberian-mediterranean-farm-konservas-sunims-400g\/#breadcrumb"},"inLanguage":"lt-LT","potentialAction":[{"@type":"ReadAction","target":["https:\/\/anivet.lt\/elparduotuve\/produktas\/primal-iberian-mediterranean-farm-konservas-sunims-400g\/"]}]},{"@type":"ImageObject","inLanguage":"lt-LT","@id":"https:\/\/anivet.lt\/elparduotuve\/produktas\/primal-iberian-mediterranean-farm-konservas-sunims-400g\/#primaryimage","url":"https:\/\/anivet.lt\/elparduotuve\/wp-content\/uploads\/2025\/06\/PRIMAL-IBERIAN-Mediterranean-Farm-konservas-sunims-400g.jpg","contentUrl":"https:\/\/anivet.lt\/elparduotuve\/wp-content\/uploads\/2025\/06\/PRIMAL-IBERIAN-Mediterranean-Farm-konservas-sunims-400g.jpg","width":550,"height":550,"caption":"AUTO-DRAFT"},{"@type":"BreadcrumbList","@id":"https:\/\/anivet.lt\/elparduotuve\/produktas\/primal-iberian-mediterranean-farm-konservas-sunims-400g\/#breadcrumb","itemListElement":[{"@type":"ListItem","position":1,"name":"Home","item":"https:\/\/anivet.lt\/elparduotuve\/"},{"@type":"ListItem","position":2,"name":"Produktai","item":"https:\/\/anivet.lt\/elparduotuve\/produktai\/"},{"@type":"ListItem","position":3,"name":"PRIMAL IBERIAN Mediterranean Farm konservas \u0161unims 400g"}]},{"@type":"WebSite","@id":"https:\/\/anivet.lt\/elparduotuve\/#website","url":"https:\/\/anivet.lt\/elparduotuve\/","name":"anivet.lt","description":"Viskas J\u016bs\u0173 \u0161uns, kat\u0117s prie\u017ei\u016brai","publisher":{"@id":"https:\/\/anivet.lt\/elparduotuve\/#organization"},"alternateName":"Viskas J\u016bs\u0173 \u0161uns, kat\u0117s prie\u017ei\u016brai","potentialAction":[{"@type":"SearchAction","target":{"@type":"EntryPoint","urlTemplate":"https:\/\/anivet.lt\/elparduotuve\/?s={search_term_string}"},"query-input":{"@type":"PropertyValueSpecification","valueRequired":true,"valueName":"search_term_string"}}],"inLanguage":"lt-LT"},{"@type":"Organization","@id":"https:\/\/anivet.lt\/elparduotuve\/#organization","name":"Viskas J\u016bs\u0173 \u0161uns, kat\u0117s prie\u017ei\u016brai","url":"https:\/\/anivet.lt\/elparduotuve\/","logo":{"@type":"ImageObject","inLanguage":"lt-LT","@id":"https:\/\/anivet.lt\/elparduotuve\/#\/schema\/logo\/image\/","url":"https:\/\/anivet.lt\/elparduotuve\/wp-content\/uploads\/2023\/06\/logo2.jpg","contentUrl":"https:\/\/anivet.lt\/elparduotuve\/wp-content\/uploads\/2023\/06\/logo2.jpg","width":655,"height":194,"caption":"Viskas J\u016bs\u0173 \u0161uns, kat\u0117s prie\u017ei\u016brai"},"image":{"@id":"https:\/\/anivet.lt\/elparduotuve\/#\/schema\/logo\/image\/"}}]}},"_links":{"self":[{"href":"https:\/\/anivet.lt\/elparduotuve\/wp-json\/wp\/v2\/product\/18123","targetHints":{"allow":["GET"]}}],"collection":[{"href":"https:\/\/anivet.lt\/elparduotuve\/wp-json\/wp\/v2\/product"}],"about":[{"href":"https:\/\/anivet.lt\/elparduotuve\/wp-json\/wp\/v2\/types\/product"}],"wp:featuredmedia":[{"embeddable":true,"href":"https:\/\/anivet.lt\/elparduotuve\/wp-json\/wp\/v2\/media\/18124"}],"wp:attachment":[{"href":"https:\/\/anivet.lt\/elparduotuve\/wp-json\/wp\/v2\/media?parent=18123"}],"wp:term":[{"taxonomy":"product_brand","embeddable":true,"href":"https:\/\/anivet.lt\/elparduotuve\/wp-json\/wp\/v2\/product_brand?post=18123"},{"taxonomy":"product_cat","embeddable":true,"href":"https:\/\/anivet.lt\/elparduotuve\/wp-json\/wp\/v2\/product_cat?post=18123"},{"taxonomy":"product_tag","embeddable":true,"href":"https:\/\/anivet.lt\/elparduotuve\/wp-json\/wp\/v2\/product_tag?post=18123"}],"curies":[{"name":"wp","href":"https:\/\/api.w.org\/{rel}","templated":true}]}}