{"id":18125,"date":"2025-06-17T11:37:21","date_gmt":"2025-06-17T11:37:21","guid":{"rendered":"https:\/\/anivet.lt\/elparduotuve\/?post_type=product&#038;p=18125"},"modified":"2026-03-03T11:59:15","modified_gmt":"2026-03-03T11:59:15","slug":"primal-iberian-nordic-sealan-konservas-sunims-400g","status":"publish","type":"product","link":"https:\/\/anivet.lt\/elparduotuve\/produktas\/primal-iberian-nordic-sealan-konservas-sunims-400g\/","title":{"rendered":"PRIMAL IBERIAN Nordic Sealan konservas \u0161unims 400g"},"content":{"rendered":"<ul>\n<li>Auk\u0161tos kokyb\u0117s m\u0117sa ir \u017euvis \u2013 baltym\u0173 \u0161altiniai, \u012fkv\u0117pti \u0160iaur\u0117s Europos virtuv\u0117s.<\/li>\n<li>Be dirbtini\u0173 pried\u0173 \u2013 nat\u016bralus ir saugus pasirinkimas jautresniems \u0161unims.<\/li>\n<li>Skatina blizgant\u012f kail\u012f, sveik\u0105 od\u0105 ir tvirt\u0105 raumenyn\u0105.<\/li>\n<li>Tinkamas kasdieniam \u0161\u0117rimui \u2013 visi b\u016btini vitaminai ir mineralai.<\/li>\n<\/ul>\n","protected":false},"excerpt":{"rendered":"<p>\u012ekv\u0117ptas \u0161varios \u0161iaur\u0117s gamtos, PRIMAL Nordic Sealand yra auk\u0161tos kokyb\u0117s visavertis konservuotas pa\u0161aras, skirtas suaugusi\u0173 \u0161un\u0173 kasdienei mitybai. Jame dera \u0161vie\u017ei baltymai, subalansuoti ingredientai ir nat\u016bralios maistin\u0117s med\u017eiagos, kurios u\u017etikrina ger\u0105 savijaut\u0105 bei energij\u0105 visai dienai.<\/p>\n","protected":false},"featured_media":18126,"template":"","meta":[],"product_brand":[],"product_cat":[101,103,105,440],"product_tag":[],"class_list":{"0":"post-18125","1":"product","2":"type-product","3":"status-publish","4":"has-post-thumbnail","6":"product_cat-sunims","7":"product_cat-sunu-maistas","8":"product_cat-konservai","9":"product_cat-primal-spirit-sunu-maistas","10":"pa_prekinis-zenklas-primal-spirit","12":"first","13":"outofstock","14":"taxable","15":"shipping-taxable","16":"purchasable","17":"product-type-simple"},"yoast_head":"<!-- This site is optimized with the Yoast SEO Premium plugin v27.1 (Yoast SEO v27.5) - https:\/\/yoast.com\/product\/yoast-seo-premium-wordpress\/ -->\n<title>PRIMAL IBERIAN Nordic Sealan konservas \u0161unims 400g - anivet.lt<\/title>\n<meta name=\"description\" content=\"\u012ekv\u0117ptas \u0161varios \u0161iaur\u0117s gamtos, PRIMAL Nordic Sealand yra auk\u0161tos kokyb\u0117s visavertis konservuotas pa\u0161aras, skirtas suaugusi\u0173 \u0161un\u0173 kasdienei mitybai. Jame dera \u0161vie\u017ei baltymai, subalansuoti ingredientai ir nat\u016bralios maistin\u0117s med\u017eiagos, kurios u\u017etikrina ger\u0105 savijaut\u0105 bei energij\u0105 visai dienai.\" \/>\n<meta name=\"robots\" content=\"index, follow, max-snippet:-1, max-image-preview:large, max-video-preview:-1\" \/>\n<link rel=\"canonical\" href=\"https:\/\/anivet.lt\/elparduotuve\/produktas\/primal-iberian-nordic-sealan-konservas-sunims-400g\/\" \/>\n<meta property=\"og:locale\" content=\"lt_LT\" \/>\n<meta property=\"og:type\" content=\"article\" \/>\n<meta property=\"og:title\" content=\"PRIMAL IBERIAN Nordic Sealan konservas \u0161unims 400g\" \/>\n<meta property=\"og:description\" content=\"\u012ekv\u0117ptas \u0161varios \u0161iaur\u0117s gamtos, PRIMAL Nordic Sealand yra auk\u0161tos kokyb\u0117s visavertis konservuotas pa\u0161aras, skirtas suaugusi\u0173 \u0161un\u0173 kasdienei mitybai. Jame dera \u0161vie\u017ei baltymai, subalansuoti ingredientai ir nat\u016bralios maistin\u0117s med\u017eiagos, kurios u\u017etikrina ger\u0105 savijaut\u0105 bei energij\u0105 visai dienai.\" \/>\n<meta property=\"og:url\" content=\"https:\/\/anivet.lt\/elparduotuve\/produktas\/primal-iberian-nordic-sealan-konservas-sunims-400g\/\" \/>\n<meta property=\"og:site_name\" content=\"anivet.lt\" \/>\n<meta property=\"article:modified_time\" content=\"2026-03-03T11:59:15+00:00\" \/>\n<meta property=\"og:image\" content=\"https:\/\/anivet.lt\/elparduotuve\/wp-content\/uploads\/2025\/06\/PRIMAL-IBERIAN-Nordic-Sealan-konservas-sunims-400g.jpg\" \/>\n\t<meta property=\"og:image:width\" content=\"550\" \/>\n\t<meta property=\"og:image:height\" content=\"550\" \/>\n\t<meta property=\"og:image:type\" content=\"image\/jpeg\" \/>\n<meta name=\"twitter:card\" content=\"summary_large_image\" \/>\n<meta name=\"twitter:label1\" content=\"Est. reading time\" \/>\n\t<meta name=\"twitter:data1\" content=\"1 minut\u0117\" \/>\n<script type=\"application\/ld+json\" class=\"yoast-schema-graph\">{\"@context\":\"https:\\\/\\\/schema.org\",\"@graph\":[{\"@type\":\"WebPage\",\"@id\":\"https:\\\/\\\/anivet.lt\\\/elparduotuve\\\/produktas\\\/primal-iberian-nordic-sealan-konservas-sunims-400g\\\/\",\"url\":\"https:\\\/\\\/anivet.lt\\\/elparduotuve\\\/produktas\\\/primal-iberian-nordic-sealan-konservas-sunims-400g\\\/\",\"name\":\"PRIMAL IBERIAN Nordic Sealan konservas \u0161unims 400g - anivet.lt\",\"isPartOf\":{\"@id\":\"https:\\\/\\\/anivet.lt\\\/elparduotuve\\\/#website\"},\"primaryImageOfPage\":{\"@id\":\"https:\\\/\\\/anivet.lt\\\/elparduotuve\\\/produktas\\\/primal-iberian-nordic-sealan-konservas-sunims-400g\\\/#primaryimage\"},\"image\":{\"@id\":\"https:\\\/\\\/anivet.lt\\\/elparduotuve\\\/produktas\\\/primal-iberian-nordic-sealan-konservas-sunims-400g\\\/#primaryimage\"},\"thumbnailUrl\":\"https:\\\/\\\/anivet.lt\\\/elparduotuve\\\/wp-content\\\/uploads\\\/2025\\\/06\\\/PRIMAL-IBERIAN-Nordic-Sealan-konservas-sunims-400g.jpg\",\"datePublished\":\"2025-06-17T11:37:21+00:00\",\"dateModified\":\"2026-03-03T11:59:15+00:00\",\"description\":\"\u012ekv\u0117ptas \u0161varios \u0161iaur\u0117s gamtos, PRIMAL Nordic Sealand yra auk\u0161tos kokyb\u0117s visavertis konservuotas pa\u0161aras, skirtas suaugusi\u0173 \u0161un\u0173 kasdienei mitybai. Jame dera \u0161vie\u017ei baltymai, subalansuoti ingredientai ir nat\u016bralios maistin\u0117s med\u017eiagos, kurios u\u017etikrina ger\u0105 savijaut\u0105 bei energij\u0105 visai dienai.\",\"breadcrumb\":{\"@id\":\"https:\\\/\\\/anivet.lt\\\/elparduotuve\\\/produktas\\\/primal-iberian-nordic-sealan-konservas-sunims-400g\\\/#breadcrumb\"},\"inLanguage\":\"lt-LT\",\"potentialAction\":[{\"@type\":\"ReadAction\",\"target\":[\"https:\\\/\\\/anivet.lt\\\/elparduotuve\\\/produktas\\\/primal-iberian-nordic-sealan-konservas-sunims-400g\\\/\"]}]},{\"@type\":\"ImageObject\",\"inLanguage\":\"lt-LT\",\"@id\":\"https:\\\/\\\/anivet.lt\\\/elparduotuve\\\/produktas\\\/primal-iberian-nordic-sealan-konservas-sunims-400g\\\/#primaryimage\",\"url\":\"https:\\\/\\\/anivet.lt\\\/elparduotuve\\\/wp-content\\\/uploads\\\/2025\\\/06\\\/PRIMAL-IBERIAN-Nordic-Sealan-konservas-sunims-400g.jpg\",\"contentUrl\":\"https:\\\/\\\/anivet.lt\\\/elparduotuve\\\/wp-content\\\/uploads\\\/2025\\\/06\\\/PRIMAL-IBERIAN-Nordic-Sealan-konservas-sunims-400g.jpg\",\"width\":550,\"height\":550,\"caption\":\"PRIMAL IBERIAN Nordic Sealan konservas \u0161unims 400g\"},{\"@type\":\"BreadcrumbList\",\"@id\":\"https:\\\/\\\/anivet.lt\\\/elparduotuve\\\/produktas\\\/primal-iberian-nordic-sealan-konservas-sunims-400g\\\/#breadcrumb\",\"itemListElement\":[{\"@type\":\"ListItem\",\"position\":1,\"name\":\"Home\",\"item\":\"https:\\\/\\\/anivet.lt\\\/elparduotuve\\\/\"},{\"@type\":\"ListItem\",\"position\":2,\"name\":\"Produktai\",\"item\":\"https:\\\/\\\/anivet.lt\\\/elparduotuve\\\/produktai\\\/\"},{\"@type\":\"ListItem\",\"position\":3,\"name\":\"PRIMAL IBERIAN Nordic Sealan konservas \u0161unims 400g\"}]},{\"@type\":\"WebSite\",\"@id\":\"https:\\\/\\\/anivet.lt\\\/elparduotuve\\\/#website\",\"url\":\"https:\\\/\\\/anivet.lt\\\/elparduotuve\\\/\",\"name\":\"anivet.lt\",\"description\":\"Viskas J\u016bs\u0173 \u0161uns, kat\u0117s prie\u017ei\u016brai\",\"publisher\":{\"@id\":\"https:\\\/\\\/anivet.lt\\\/elparduotuve\\\/#organization\"},\"alternateName\":\"Viskas J\u016bs\u0173 \u0161uns, kat\u0117s prie\u017ei\u016brai\",\"potentialAction\":[{\"@type\":\"SearchAction\",\"target\":{\"@type\":\"EntryPoint\",\"urlTemplate\":\"https:\\\/\\\/anivet.lt\\\/elparduotuve\\\/?s={search_term_string}\"},\"query-input\":{\"@type\":\"PropertyValueSpecification\",\"valueRequired\":true,\"valueName\":\"search_term_string\"}}],\"inLanguage\":\"lt-LT\"},{\"@type\":\"Organization\",\"@id\":\"https:\\\/\\\/anivet.lt\\\/elparduotuve\\\/#organization\",\"name\":\"Viskas J\u016bs\u0173 \u0161uns, kat\u0117s prie\u017ei\u016brai\",\"url\":\"https:\\\/\\\/anivet.lt\\\/elparduotuve\\\/\",\"logo\":{\"@type\":\"ImageObject\",\"inLanguage\":\"lt-LT\",\"@id\":\"https:\\\/\\\/anivet.lt\\\/elparduotuve\\\/#\\\/schema\\\/logo\\\/image\\\/\",\"url\":\"https:\\\/\\\/anivet.lt\\\/elparduotuve\\\/wp-content\\\/uploads\\\/2023\\\/06\\\/logo2.jpg\",\"contentUrl\":\"https:\\\/\\\/anivet.lt\\\/elparduotuve\\\/wp-content\\\/uploads\\\/2023\\\/06\\\/logo2.jpg\",\"width\":655,\"height\":194,\"caption\":\"Viskas J\u016bs\u0173 \u0161uns, kat\u0117s prie\u017ei\u016brai\"},\"image\":{\"@id\":\"https:\\\/\\\/anivet.lt\\\/elparduotuve\\\/#\\\/schema\\\/logo\\\/image\\\/\"}}]}<\/script>\n<!-- \/ Yoast SEO Premium plugin. -->","yoast_head_json":{"title":"PRIMAL IBERIAN Nordic Sealan konservas \u0161unims 400g - anivet.lt","description":"\u012ekv\u0117ptas \u0161varios \u0161iaur\u0117s gamtos, PRIMAL Nordic Sealand yra auk\u0161tos kokyb\u0117s visavertis konservuotas pa\u0161aras, skirtas suaugusi\u0173 \u0161un\u0173 kasdienei mitybai. Jame dera \u0161vie\u017ei baltymai, subalansuoti ingredientai ir nat\u016bralios maistin\u0117s med\u017eiagos, kurios u\u017etikrina ger\u0105 savijaut\u0105 bei energij\u0105 visai dienai.","robots":{"index":"index","follow":"follow","max-snippet":"max-snippet:-1","max-image-preview":"max-image-preview:large","max-video-preview":"max-video-preview:-1"},"canonical":"https:\/\/anivet.lt\/elparduotuve\/produktas\/primal-iberian-nordic-sealan-konservas-sunims-400g\/","og_locale":"lt_LT","og_type":"article","og_title":"PRIMAL IBERIAN Nordic Sealan konservas \u0161unims 400g","og_description":"\u012ekv\u0117ptas \u0161varios \u0161iaur\u0117s gamtos, PRIMAL Nordic Sealand yra auk\u0161tos kokyb\u0117s visavertis konservuotas pa\u0161aras, skirtas suaugusi\u0173 \u0161un\u0173 kasdienei mitybai. Jame dera \u0161vie\u017ei baltymai, subalansuoti ingredientai ir nat\u016bralios maistin\u0117s med\u017eiagos, kurios u\u017etikrina ger\u0105 savijaut\u0105 bei energij\u0105 visai dienai.","og_url":"https:\/\/anivet.lt\/elparduotuve\/produktas\/primal-iberian-nordic-sealan-konservas-sunims-400g\/","og_site_name":"anivet.lt","article_modified_time":"2026-03-03T11:59:15+00:00","og_image":[{"width":550,"height":550,"url":"https:\/\/anivet.lt\/elparduotuve\/wp-content\/uploads\/2025\/06\/PRIMAL-IBERIAN-Nordic-Sealan-konservas-sunims-400g.jpg","type":"image\/jpeg"}],"twitter_card":"summary_large_image","twitter_misc":{"Est. reading time":"1 minut\u0117"},"schema":{"@context":"https:\/\/schema.org","@graph":[{"@type":"WebPage","@id":"https:\/\/anivet.lt\/elparduotuve\/produktas\/primal-iberian-nordic-sealan-konservas-sunims-400g\/","url":"https:\/\/anivet.lt\/elparduotuve\/produktas\/primal-iberian-nordic-sealan-konservas-sunims-400g\/","name":"PRIMAL IBERIAN Nordic Sealan konservas \u0161unims 400g - anivet.lt","isPartOf":{"@id":"https:\/\/anivet.lt\/elparduotuve\/#website"},"primaryImageOfPage":{"@id":"https:\/\/anivet.lt\/elparduotuve\/produktas\/primal-iberian-nordic-sealan-konservas-sunims-400g\/#primaryimage"},"image":{"@id":"https:\/\/anivet.lt\/elparduotuve\/produktas\/primal-iberian-nordic-sealan-konservas-sunims-400g\/#primaryimage"},"thumbnailUrl":"https:\/\/anivet.lt\/elparduotuve\/wp-content\/uploads\/2025\/06\/PRIMAL-IBERIAN-Nordic-Sealan-konservas-sunims-400g.jpg","datePublished":"2025-06-17T11:37:21+00:00","dateModified":"2026-03-03T11:59:15+00:00","description":"\u012ekv\u0117ptas \u0161varios \u0161iaur\u0117s gamtos, PRIMAL Nordic Sealand yra auk\u0161tos kokyb\u0117s visavertis konservuotas pa\u0161aras, skirtas suaugusi\u0173 \u0161un\u0173 kasdienei mitybai. Jame dera \u0161vie\u017ei baltymai, subalansuoti ingredientai ir nat\u016bralios maistin\u0117s med\u017eiagos, kurios u\u017etikrina ger\u0105 savijaut\u0105 bei energij\u0105 visai dienai.","breadcrumb":{"@id":"https:\/\/anivet.lt\/elparduotuve\/produktas\/primal-iberian-nordic-sealan-konservas-sunims-400g\/#breadcrumb"},"inLanguage":"lt-LT","potentialAction":[{"@type":"ReadAction","target":["https:\/\/anivet.lt\/elparduotuve\/produktas\/primal-iberian-nordic-sealan-konservas-sunims-400g\/"]}]},{"@type":"ImageObject","inLanguage":"lt-LT","@id":"https:\/\/anivet.lt\/elparduotuve\/produktas\/primal-iberian-nordic-sealan-konservas-sunims-400g\/#primaryimage","url":"https:\/\/anivet.lt\/elparduotuve\/wp-content\/uploads\/2025\/06\/PRIMAL-IBERIAN-Nordic-Sealan-konservas-sunims-400g.jpg","contentUrl":"https:\/\/anivet.lt\/elparduotuve\/wp-content\/uploads\/2025\/06\/PRIMAL-IBERIAN-Nordic-Sealan-konservas-sunims-400g.jpg","width":550,"height":550,"caption":"PRIMAL IBERIAN Nordic Sealan konservas \u0161unims 400g"},{"@type":"BreadcrumbList","@id":"https:\/\/anivet.lt\/elparduotuve\/produktas\/primal-iberian-nordic-sealan-konservas-sunims-400g\/#breadcrumb","itemListElement":[{"@type":"ListItem","position":1,"name":"Home","item":"https:\/\/anivet.lt\/elparduotuve\/"},{"@type":"ListItem","position":2,"name":"Produktai","item":"https:\/\/anivet.lt\/elparduotuve\/produktai\/"},{"@type":"ListItem","position":3,"name":"PRIMAL IBERIAN Nordic Sealan konservas \u0161unims 400g"}]},{"@type":"WebSite","@id":"https:\/\/anivet.lt\/elparduotuve\/#website","url":"https:\/\/anivet.lt\/elparduotuve\/","name":"anivet.lt","description":"Viskas J\u016bs\u0173 \u0161uns, kat\u0117s prie\u017ei\u016brai","publisher":{"@id":"https:\/\/anivet.lt\/elparduotuve\/#organization"},"alternateName":"Viskas J\u016bs\u0173 \u0161uns, kat\u0117s prie\u017ei\u016brai","potentialAction":[{"@type":"SearchAction","target":{"@type":"EntryPoint","urlTemplate":"https:\/\/anivet.lt\/elparduotuve\/?s={search_term_string}"},"query-input":{"@type":"PropertyValueSpecification","valueRequired":true,"valueName":"search_term_string"}}],"inLanguage":"lt-LT"},{"@type":"Organization","@id":"https:\/\/anivet.lt\/elparduotuve\/#organization","name":"Viskas J\u016bs\u0173 \u0161uns, kat\u0117s prie\u017ei\u016brai","url":"https:\/\/anivet.lt\/elparduotuve\/","logo":{"@type":"ImageObject","inLanguage":"lt-LT","@id":"https:\/\/anivet.lt\/elparduotuve\/#\/schema\/logo\/image\/","url":"https:\/\/anivet.lt\/elparduotuve\/wp-content\/uploads\/2023\/06\/logo2.jpg","contentUrl":"https:\/\/anivet.lt\/elparduotuve\/wp-content\/uploads\/2023\/06\/logo2.jpg","width":655,"height":194,"caption":"Viskas J\u016bs\u0173 \u0161uns, kat\u0117s prie\u017ei\u016brai"},"image":{"@id":"https:\/\/anivet.lt\/elparduotuve\/#\/schema\/logo\/image\/"}}]}},"_links":{"self":[{"href":"https:\/\/anivet.lt\/elparduotuve\/wp-json\/wp\/v2\/product\/18125","targetHints":{"allow":["GET"]}}],"collection":[{"href":"https:\/\/anivet.lt\/elparduotuve\/wp-json\/wp\/v2\/product"}],"about":[{"href":"https:\/\/anivet.lt\/elparduotuve\/wp-json\/wp\/v2\/types\/product"}],"wp:featuredmedia":[{"embeddable":true,"href":"https:\/\/anivet.lt\/elparduotuve\/wp-json\/wp\/v2\/media\/18126"}],"wp:attachment":[{"href":"https:\/\/anivet.lt\/elparduotuve\/wp-json\/wp\/v2\/media?parent=18125"}],"wp:term":[{"taxonomy":"product_brand","embeddable":true,"href":"https:\/\/anivet.lt\/elparduotuve\/wp-json\/wp\/v2\/product_brand?post=18125"},{"taxonomy":"product_cat","embeddable":true,"href":"https:\/\/anivet.lt\/elparduotuve\/wp-json\/wp\/v2\/product_cat?post=18125"},{"taxonomy":"product_tag","embeddable":true,"href":"https:\/\/anivet.lt\/elparduotuve\/wp-json\/wp\/v2\/product_tag?post=18125"}],"curies":[{"name":"wp","href":"https:\/\/api.w.org\/{rel}","templated":true}]}}