{"id":18128,"date":"2025-06-17T11:44:30","date_gmt":"2025-06-17T11:44:30","guid":{"rendered":"https:\/\/anivet.lt\/elparduotuve\/?post_type=product&#038;p=18128"},"modified":"2026-02-23T11:57:36","modified_gmt":"2026-02-23T11:57:36","slug":"primal-iberian-wild-forest-konservas-sunims-400g","status":"publish","type":"product","link":"https:\/\/anivet.lt\/elparduotuve\/produktas\/primal-iberian-wild-forest-konservas-sunims-400g\/","title":{"rendered":"PRIMAL IBERIAN Wild Forest konservas \u0161unims 400g"},"content":{"rendered":"<ul>\n<li>Puikiai tinka aktyviems, energingiems \u0161unims;<\/li>\n<li>Be gr\u016bd\u0173 ir dirbtini\u0173 pried\u0173 \u2013 tinkamas \u0161unims su jautriu vir\u0161kinimu ar alergijomis;<\/li>\n<li>Padeda palaikyti stipr\u0173 imunitet\u0105, sveik\u0105 od\u0105 ir blizgant\u012f kail\u012f;<\/li>\n<li>Sukurtas kasdieniam \u0161\u0117rimui, kad augintinis jaust\u0173si puikiai kiekvien\u0105 dien\u0105.<\/li>\n<\/ul>\n<p>&nbsp;<\/p>\n","protected":false},"excerpt":{"rendered":"<p>Leiskite savo \u0161uniui patirti laukin\u0117s gamtos skon\u012f su PRIMAL Wild Forest konservuotu pa\u0161aru. Sukurtas pagal nat\u016bralios mitybos principus, \u0161is visavertis pa\u0161aras apr\u016bpina suaugusius \u0161unis visomis b\u016btinomis maistin\u0117mis med\u017eiagomis, skatindamas j\u0173 gyvybingum\u0105 ir bendr\u0105 sveikat\u0105.<\/p>\n","protected":false},"featured_media":18129,"template":"","meta":[],"product_brand":[],"product_cat":[101,103,105,440],"product_tag":[],"class_list":{"0":"post-18128","1":"product","2":"type-product","3":"status-publish","4":"has-post-thumbnail","6":"product_cat-sunims","7":"product_cat-sunu-maistas","8":"product_cat-konservai","9":"product_cat-primal-spirit-sunu-maistas","10":"pa_prekinis-zenklas-primal-spirit","12":"first","13":"outofstock","14":"taxable","15":"shipping-taxable","16":"purchasable","17":"product-type-simple"},"yoast_head":"<!-- This site is optimized with the Yoast SEO Premium plugin v27.1 (Yoast SEO v27.5) - https:\/\/yoast.com\/product\/yoast-seo-premium-wordpress\/ -->\n<title>PRIMAL IBERIAN Wild Forest konservas \u0161unims 400g - anivet.lt<\/title>\n<meta name=\"description\" content=\"Leiskite savo \u0161uniui patirti laukin\u0117s gamtos skon\u012f su PRIMAL Wild Forest konservuotu pa\u0161aru. Sukurtas pagal nat\u016bralios mitybos principus, \u0161is visavertis pa\u0161aras apr\u016bpina suaugusius \u0161unis visomis b\u016btinomis maistin\u0117mis med\u017eiagomis, skatindamas j\u0173 gyvybingum\u0105 ir bendr\u0105 sveikat\u0105.\" \/>\n<meta name=\"robots\" content=\"index, follow, max-snippet:-1, max-image-preview:large, max-video-preview:-1\" \/>\n<link rel=\"canonical\" href=\"https:\/\/anivet.lt\/elparduotuve\/produktas\/primal-iberian-wild-forest-konservas-sunims-400g\/\" \/>\n<meta property=\"og:locale\" content=\"lt_LT\" \/>\n<meta property=\"og:type\" content=\"article\" \/>\n<meta property=\"og:title\" content=\"PRIMAL IBERIAN Wild Forest konservas \u0161unims 400g\" \/>\n<meta property=\"og:description\" content=\"Leiskite savo \u0161uniui patirti laukin\u0117s gamtos skon\u012f su PRIMAL Wild Forest konservuotu pa\u0161aru. Sukurtas pagal nat\u016bralios mitybos principus, \u0161is visavertis pa\u0161aras apr\u016bpina suaugusius \u0161unis visomis b\u016btinomis maistin\u0117mis med\u017eiagomis, skatindamas j\u0173 gyvybingum\u0105 ir bendr\u0105 sveikat\u0105.\" \/>\n<meta property=\"og:url\" content=\"https:\/\/anivet.lt\/elparduotuve\/produktas\/primal-iberian-wild-forest-konservas-sunims-400g\/\" \/>\n<meta property=\"og:site_name\" content=\"anivet.lt\" \/>\n<meta property=\"article:modified_time\" content=\"2026-02-23T11:57:36+00:00\" \/>\n<meta property=\"og:image\" content=\"https:\/\/anivet.lt\/elparduotuve\/wp-content\/uploads\/2025\/06\/PRIMAL-IBERIAN-Wild-Forest-konservas-sunims-400g.jpg\" \/>\n\t<meta property=\"og:image:width\" content=\"550\" \/>\n\t<meta property=\"og:image:height\" content=\"550\" \/>\n\t<meta property=\"og:image:type\" content=\"image\/jpeg\" \/>\n<meta name=\"twitter:card\" content=\"summary_large_image\" \/>\n<meta name=\"twitter:label1\" content=\"Est. reading time\" \/>\n\t<meta name=\"twitter:data1\" content=\"1 minut\u0117\" \/>\n<script type=\"application\/ld+json\" class=\"yoast-schema-graph\">{\"@context\":\"https:\\\/\\\/schema.org\",\"@graph\":[{\"@type\":\"WebPage\",\"@id\":\"https:\\\/\\\/anivet.lt\\\/elparduotuve\\\/produktas\\\/primal-iberian-wild-forest-konservas-sunims-400g\\\/\",\"url\":\"https:\\\/\\\/anivet.lt\\\/elparduotuve\\\/produktas\\\/primal-iberian-wild-forest-konservas-sunims-400g\\\/\",\"name\":\"PRIMAL IBERIAN Wild Forest konservas \u0161unims 400g - anivet.lt\",\"isPartOf\":{\"@id\":\"https:\\\/\\\/anivet.lt\\\/elparduotuve\\\/#website\"},\"primaryImageOfPage\":{\"@id\":\"https:\\\/\\\/anivet.lt\\\/elparduotuve\\\/produktas\\\/primal-iberian-wild-forest-konservas-sunims-400g\\\/#primaryimage\"},\"image\":{\"@id\":\"https:\\\/\\\/anivet.lt\\\/elparduotuve\\\/produktas\\\/primal-iberian-wild-forest-konservas-sunims-400g\\\/#primaryimage\"},\"thumbnailUrl\":\"https:\\\/\\\/anivet.lt\\\/elparduotuve\\\/wp-content\\\/uploads\\\/2025\\\/06\\\/PRIMAL-IBERIAN-Wild-Forest-konservas-sunims-400g.jpg\",\"datePublished\":\"2025-06-17T11:44:30+00:00\",\"dateModified\":\"2026-02-23T11:57:36+00:00\",\"description\":\"Leiskite savo \u0161uniui patirti laukin\u0117s gamtos skon\u012f su PRIMAL Wild Forest konservuotu pa\u0161aru. Sukurtas pagal nat\u016bralios mitybos principus, \u0161is visavertis pa\u0161aras apr\u016bpina suaugusius \u0161unis visomis b\u016btinomis maistin\u0117mis med\u017eiagomis, skatindamas j\u0173 gyvybingum\u0105 ir bendr\u0105 sveikat\u0105.\",\"breadcrumb\":{\"@id\":\"https:\\\/\\\/anivet.lt\\\/elparduotuve\\\/produktas\\\/primal-iberian-wild-forest-konservas-sunims-400g\\\/#breadcrumb\"},\"inLanguage\":\"lt-LT\",\"potentialAction\":[{\"@type\":\"ReadAction\",\"target\":[\"https:\\\/\\\/anivet.lt\\\/elparduotuve\\\/produktas\\\/primal-iberian-wild-forest-konservas-sunims-400g\\\/\"]}]},{\"@type\":\"ImageObject\",\"inLanguage\":\"lt-LT\",\"@id\":\"https:\\\/\\\/anivet.lt\\\/elparduotuve\\\/produktas\\\/primal-iberian-wild-forest-konservas-sunims-400g\\\/#primaryimage\",\"url\":\"https:\\\/\\\/anivet.lt\\\/elparduotuve\\\/wp-content\\\/uploads\\\/2025\\\/06\\\/PRIMAL-IBERIAN-Wild-Forest-konservas-sunims-400g.jpg\",\"contentUrl\":\"https:\\\/\\\/anivet.lt\\\/elparduotuve\\\/wp-content\\\/uploads\\\/2025\\\/06\\\/PRIMAL-IBERIAN-Wild-Forest-konservas-sunims-400g.jpg\",\"width\":550,\"height\":550,\"caption\":\"PRIMAL IBERIAN Wild Forest konservas \u0161unims 400g\"},{\"@type\":\"BreadcrumbList\",\"@id\":\"https:\\\/\\\/anivet.lt\\\/elparduotuve\\\/produktas\\\/primal-iberian-wild-forest-konservas-sunims-400g\\\/#breadcrumb\",\"itemListElement\":[{\"@type\":\"ListItem\",\"position\":1,\"name\":\"Home\",\"item\":\"https:\\\/\\\/anivet.lt\\\/elparduotuve\\\/\"},{\"@type\":\"ListItem\",\"position\":2,\"name\":\"Produktai\",\"item\":\"https:\\\/\\\/anivet.lt\\\/elparduotuve\\\/produktai\\\/\"},{\"@type\":\"ListItem\",\"position\":3,\"name\":\"PRIMAL IBERIAN Wild Forest konservas \u0161unims 400g\"}]},{\"@type\":\"WebSite\",\"@id\":\"https:\\\/\\\/anivet.lt\\\/elparduotuve\\\/#website\",\"url\":\"https:\\\/\\\/anivet.lt\\\/elparduotuve\\\/\",\"name\":\"anivet.lt\",\"description\":\"Viskas J\u016bs\u0173 \u0161uns, kat\u0117s prie\u017ei\u016brai\",\"publisher\":{\"@id\":\"https:\\\/\\\/anivet.lt\\\/elparduotuve\\\/#organization\"},\"alternateName\":\"Viskas J\u016bs\u0173 \u0161uns, kat\u0117s prie\u017ei\u016brai\",\"potentialAction\":[{\"@type\":\"SearchAction\",\"target\":{\"@type\":\"EntryPoint\",\"urlTemplate\":\"https:\\\/\\\/anivet.lt\\\/elparduotuve\\\/?s={search_term_string}\"},\"query-input\":{\"@type\":\"PropertyValueSpecification\",\"valueRequired\":true,\"valueName\":\"search_term_string\"}}],\"inLanguage\":\"lt-LT\"},{\"@type\":\"Organization\",\"@id\":\"https:\\\/\\\/anivet.lt\\\/elparduotuve\\\/#organization\",\"name\":\"Viskas J\u016bs\u0173 \u0161uns, kat\u0117s prie\u017ei\u016brai\",\"url\":\"https:\\\/\\\/anivet.lt\\\/elparduotuve\\\/\",\"logo\":{\"@type\":\"ImageObject\",\"inLanguage\":\"lt-LT\",\"@id\":\"https:\\\/\\\/anivet.lt\\\/elparduotuve\\\/#\\\/schema\\\/logo\\\/image\\\/\",\"url\":\"https:\\\/\\\/anivet.lt\\\/elparduotuve\\\/wp-content\\\/uploads\\\/2023\\\/06\\\/logo2.jpg\",\"contentUrl\":\"https:\\\/\\\/anivet.lt\\\/elparduotuve\\\/wp-content\\\/uploads\\\/2023\\\/06\\\/logo2.jpg\",\"width\":655,\"height\":194,\"caption\":\"Viskas J\u016bs\u0173 \u0161uns, kat\u0117s prie\u017ei\u016brai\"},\"image\":{\"@id\":\"https:\\\/\\\/anivet.lt\\\/elparduotuve\\\/#\\\/schema\\\/logo\\\/image\\\/\"}}]}<\/script>\n<!-- \/ Yoast SEO Premium plugin. -->","yoast_head_json":{"title":"PRIMAL IBERIAN Wild Forest konservas \u0161unims 400g - anivet.lt","description":"Leiskite savo \u0161uniui patirti laukin\u0117s gamtos skon\u012f su PRIMAL Wild Forest konservuotu pa\u0161aru. Sukurtas pagal nat\u016bralios mitybos principus, \u0161is visavertis pa\u0161aras apr\u016bpina suaugusius \u0161unis visomis b\u016btinomis maistin\u0117mis med\u017eiagomis, skatindamas j\u0173 gyvybingum\u0105 ir bendr\u0105 sveikat\u0105.","robots":{"index":"index","follow":"follow","max-snippet":"max-snippet:-1","max-image-preview":"max-image-preview:large","max-video-preview":"max-video-preview:-1"},"canonical":"https:\/\/anivet.lt\/elparduotuve\/produktas\/primal-iberian-wild-forest-konservas-sunims-400g\/","og_locale":"lt_LT","og_type":"article","og_title":"PRIMAL IBERIAN Wild Forest konservas \u0161unims 400g","og_description":"Leiskite savo \u0161uniui patirti laukin\u0117s gamtos skon\u012f su PRIMAL Wild Forest konservuotu pa\u0161aru. Sukurtas pagal nat\u016bralios mitybos principus, \u0161is visavertis pa\u0161aras apr\u016bpina suaugusius \u0161unis visomis b\u016btinomis maistin\u0117mis med\u017eiagomis, skatindamas j\u0173 gyvybingum\u0105 ir bendr\u0105 sveikat\u0105.","og_url":"https:\/\/anivet.lt\/elparduotuve\/produktas\/primal-iberian-wild-forest-konservas-sunims-400g\/","og_site_name":"anivet.lt","article_modified_time":"2026-02-23T11:57:36+00:00","og_image":[{"width":550,"height":550,"url":"https:\/\/anivet.lt\/elparduotuve\/wp-content\/uploads\/2025\/06\/PRIMAL-IBERIAN-Wild-Forest-konservas-sunims-400g.jpg","type":"image\/jpeg"}],"twitter_card":"summary_large_image","twitter_misc":{"Est. reading time":"1 minut\u0117"},"schema":{"@context":"https:\/\/schema.org","@graph":[{"@type":"WebPage","@id":"https:\/\/anivet.lt\/elparduotuve\/produktas\/primal-iberian-wild-forest-konservas-sunims-400g\/","url":"https:\/\/anivet.lt\/elparduotuve\/produktas\/primal-iberian-wild-forest-konservas-sunims-400g\/","name":"PRIMAL IBERIAN Wild Forest konservas \u0161unims 400g - anivet.lt","isPartOf":{"@id":"https:\/\/anivet.lt\/elparduotuve\/#website"},"primaryImageOfPage":{"@id":"https:\/\/anivet.lt\/elparduotuve\/produktas\/primal-iberian-wild-forest-konservas-sunims-400g\/#primaryimage"},"image":{"@id":"https:\/\/anivet.lt\/elparduotuve\/produktas\/primal-iberian-wild-forest-konservas-sunims-400g\/#primaryimage"},"thumbnailUrl":"https:\/\/anivet.lt\/elparduotuve\/wp-content\/uploads\/2025\/06\/PRIMAL-IBERIAN-Wild-Forest-konservas-sunims-400g.jpg","datePublished":"2025-06-17T11:44:30+00:00","dateModified":"2026-02-23T11:57:36+00:00","description":"Leiskite savo \u0161uniui patirti laukin\u0117s gamtos skon\u012f su PRIMAL Wild Forest konservuotu pa\u0161aru. Sukurtas pagal nat\u016bralios mitybos principus, \u0161is visavertis pa\u0161aras apr\u016bpina suaugusius \u0161unis visomis b\u016btinomis maistin\u0117mis med\u017eiagomis, skatindamas j\u0173 gyvybingum\u0105 ir bendr\u0105 sveikat\u0105.","breadcrumb":{"@id":"https:\/\/anivet.lt\/elparduotuve\/produktas\/primal-iberian-wild-forest-konservas-sunims-400g\/#breadcrumb"},"inLanguage":"lt-LT","potentialAction":[{"@type":"ReadAction","target":["https:\/\/anivet.lt\/elparduotuve\/produktas\/primal-iberian-wild-forest-konservas-sunims-400g\/"]}]},{"@type":"ImageObject","inLanguage":"lt-LT","@id":"https:\/\/anivet.lt\/elparduotuve\/produktas\/primal-iberian-wild-forest-konservas-sunims-400g\/#primaryimage","url":"https:\/\/anivet.lt\/elparduotuve\/wp-content\/uploads\/2025\/06\/PRIMAL-IBERIAN-Wild-Forest-konservas-sunims-400g.jpg","contentUrl":"https:\/\/anivet.lt\/elparduotuve\/wp-content\/uploads\/2025\/06\/PRIMAL-IBERIAN-Wild-Forest-konservas-sunims-400g.jpg","width":550,"height":550,"caption":"PRIMAL IBERIAN Wild Forest konservas \u0161unims 400g"},{"@type":"BreadcrumbList","@id":"https:\/\/anivet.lt\/elparduotuve\/produktas\/primal-iberian-wild-forest-konservas-sunims-400g\/#breadcrumb","itemListElement":[{"@type":"ListItem","position":1,"name":"Home","item":"https:\/\/anivet.lt\/elparduotuve\/"},{"@type":"ListItem","position":2,"name":"Produktai","item":"https:\/\/anivet.lt\/elparduotuve\/produktai\/"},{"@type":"ListItem","position":3,"name":"PRIMAL IBERIAN Wild Forest konservas \u0161unims 400g"}]},{"@type":"WebSite","@id":"https:\/\/anivet.lt\/elparduotuve\/#website","url":"https:\/\/anivet.lt\/elparduotuve\/","name":"anivet.lt","description":"Viskas J\u016bs\u0173 \u0161uns, kat\u0117s prie\u017ei\u016brai","publisher":{"@id":"https:\/\/anivet.lt\/elparduotuve\/#organization"},"alternateName":"Viskas J\u016bs\u0173 \u0161uns, kat\u0117s prie\u017ei\u016brai","potentialAction":[{"@type":"SearchAction","target":{"@type":"EntryPoint","urlTemplate":"https:\/\/anivet.lt\/elparduotuve\/?s={search_term_string}"},"query-input":{"@type":"PropertyValueSpecification","valueRequired":true,"valueName":"search_term_string"}}],"inLanguage":"lt-LT"},{"@type":"Organization","@id":"https:\/\/anivet.lt\/elparduotuve\/#organization","name":"Viskas J\u016bs\u0173 \u0161uns, kat\u0117s prie\u017ei\u016brai","url":"https:\/\/anivet.lt\/elparduotuve\/","logo":{"@type":"ImageObject","inLanguage":"lt-LT","@id":"https:\/\/anivet.lt\/elparduotuve\/#\/schema\/logo\/image\/","url":"https:\/\/anivet.lt\/elparduotuve\/wp-content\/uploads\/2023\/06\/logo2.jpg","contentUrl":"https:\/\/anivet.lt\/elparduotuve\/wp-content\/uploads\/2023\/06\/logo2.jpg","width":655,"height":194,"caption":"Viskas J\u016bs\u0173 \u0161uns, kat\u0117s prie\u017ei\u016brai"},"image":{"@id":"https:\/\/anivet.lt\/elparduotuve\/#\/schema\/logo\/image\/"}}]}},"_links":{"self":[{"href":"https:\/\/anivet.lt\/elparduotuve\/wp-json\/wp\/v2\/product\/18128","targetHints":{"allow":["GET"]}}],"collection":[{"href":"https:\/\/anivet.lt\/elparduotuve\/wp-json\/wp\/v2\/product"}],"about":[{"href":"https:\/\/anivet.lt\/elparduotuve\/wp-json\/wp\/v2\/types\/product"}],"wp:featuredmedia":[{"embeddable":true,"href":"https:\/\/anivet.lt\/elparduotuve\/wp-json\/wp\/v2\/media\/18129"}],"wp:attachment":[{"href":"https:\/\/anivet.lt\/elparduotuve\/wp-json\/wp\/v2\/media?parent=18128"}],"wp:term":[{"taxonomy":"product_brand","embeddable":true,"href":"https:\/\/anivet.lt\/elparduotuve\/wp-json\/wp\/v2\/product_brand?post=18128"},{"taxonomy":"product_cat","embeddable":true,"href":"https:\/\/anivet.lt\/elparduotuve\/wp-json\/wp\/v2\/product_cat?post=18128"},{"taxonomy":"product_tag","embeddable":true,"href":"https:\/\/anivet.lt\/elparduotuve\/wp-json\/wp\/v2\/product_tag?post=18128"}],"curies":[{"name":"wp","href":"https:\/\/api.w.org\/{rel}","templated":true}]}}