{"id":18136,"date":"2025-06-17T12:13:28","date_gmt":"2025-06-17T12:13:28","guid":{"rendered":"https:\/\/anivet.lt\/elparduotuve\/?post_type=product&#038;p=18136"},"modified":"2026-05-02T11:44:04","modified_gmt":"2026-05-02T11:44:04","slug":"primal-spirit-wanderlust-adult-dog-dregnas-pasaras-sunims-12kg","status":"publish","type":"product","link":"https:\/\/anivet.lt\/elparduotuve\/produktas\/primal-spirit-wanderlust-adult-dog-dregnas-pasaras-sunims-12kg\/","title":{"rendered":"PRIMAL SPIRIT Wanderlust Adult Dog dr\u0117gnas pa\u0161aras \u0161unims 12kg"},"content":{"rendered":"<ul>\n<li>Hidrolizuoti ry\u017eiai, kurie yra lengvai vir\u0161kinami ir padeda palaikyti ger\u0105 \u0161uns vir\u0161kinimo sistem\u0105;<\/li>\n<li>Naudojami ry\u017eiai \u2013 tai ma\u017eai alergizuojanti sudedamoji dalis, tinkanti jautriems augintiniams;<\/li>\n<li>Sud\u0117tyje n\u0117ra glitimo ir geneti\u0161kai modifikuot\u0173 organizm\u0173 (GMO);<\/li>\n<li>Gamyboje ne\u012ftraukiami m\u0117sos miltai, taip suma\u017einantys galim\u0173 vir\u0161kinimo problem\u0173 rizik\u0105;<\/li>\n<li>Pa\u0161aras gaminamas naudojant unikal\u0173 ir patentuot\u0105 \u201eAlpha Spirit\u201c technologin\u012f proces\u0105 \u201eTenderize Technology\u201c, kuris i\u0161laiko ingredient\u0173 nat\u016bralum\u0105 ir maistingum\u0105;<\/li>\n<li>Naudojamos tik 100 % \u0161vie\u017eios \u017ealiavos, u\u017etikrinan\u010dios auk\u0161\u010diausi\u0105 produkto kokyb\u0119.<\/li>\n<\/ul>\n","protected":false},"excerpt":{"rendered":"<p>\u0160is dr\u0117gnas pa\u0161aras sukurtas suaugusi\u0173 \u0161un\u0173 kasdieniams mitybos poreikiams patenkinti. Jame derinami auk\u0161tos kokyb\u0117s \u0161vie\u017eios vi\u0161tienos ir \u017euvies ingredientai, u\u017etikrinantys skan\u0173 ir maisting\u0105 racion\u0105.<\/p>\n","protected":false},"featured_media":18137,"template":"","meta":[],"product_brand":[],"product_cat":[101,103,104,440],"product_tag":[],"class_list":{"0":"post-18136","1":"product","2":"type-product","3":"status-publish","4":"has-post-thumbnail","6":"product_cat-sunims","7":"product_cat-sunu-maistas","8":"product_cat-sausas-maistas","9":"product_cat-primal-spirit-sunu-maistas","10":"pa_prekinis-zenklas-primal-spirit","12":"first","13":"instock","14":"taxable","15":"shipping-taxable","16":"purchasable","17":"product-type-simple"},"yoast_head":"<!-- This site is optimized with the Yoast SEO Premium plugin v27.1 (Yoast SEO v27.5) - https:\/\/yoast.com\/product\/yoast-seo-premium-wordpress\/ -->\n<title>PRIMAL SPIRIT Wanderlust Adult Dog dr\u0117gnas pa\u0161aras \u0161unims 12kg - anivet.lt<\/title>\n<meta name=\"description\" content=\"\u0160is dr\u0117gnas pa\u0161aras sukurtas suaugusi\u0173 \u0161un\u0173 kasdieniams mitybos poreikiams patenkinti. Jame derinami auk\u0161tos kokyb\u0117s \u0161vie\u017eios vi\u0161tienos ir \u017euvies ingredientai, u\u017etikrinantys skan\u0173 ir maisting\u0105 racion\u0105.\" \/>\n<meta name=\"robots\" content=\"index, follow, max-snippet:-1, max-image-preview:large, max-video-preview:-1\" \/>\n<link rel=\"canonical\" href=\"https:\/\/anivet.lt\/elparduotuve\/produktas\/primal-spirit-wanderlust-adult-dog-dregnas-pasaras-sunims-12kg\/\" \/>\n<meta property=\"og:locale\" content=\"lt_LT\" \/>\n<meta property=\"og:type\" content=\"article\" \/>\n<meta property=\"og:title\" content=\"PRIMAL SPIRIT Wanderlust Adult Dog dr\u0117gnas pa\u0161aras \u0161unims 12kg\" \/>\n<meta property=\"og:description\" content=\"\u0160is dr\u0117gnas pa\u0161aras sukurtas suaugusi\u0173 \u0161un\u0173 kasdieniams mitybos poreikiams patenkinti. Jame derinami auk\u0161tos kokyb\u0117s \u0161vie\u017eios vi\u0161tienos ir \u017euvies ingredientai, u\u017etikrinantys skan\u0173 ir maisting\u0105 racion\u0105.\" \/>\n<meta property=\"og:url\" content=\"https:\/\/anivet.lt\/elparduotuve\/produktas\/primal-spirit-wanderlust-adult-dog-dregnas-pasaras-sunims-12kg\/\" \/>\n<meta property=\"og:site_name\" content=\"anivet.lt\" \/>\n<meta property=\"article:modified_time\" content=\"2026-05-02T11:44:04+00:00\" \/>\n<meta property=\"og:image\" content=\"https:\/\/anivet.lt\/elparduotuve\/wp-content\/uploads\/2025\/06\/PRIMAL-SPIRIT-Wanderlust-Adult-Dog-dregnas-pasaras-sunims-12kg.jpg\" \/>\n\t<meta property=\"og:image:width\" content=\"650\" \/>\n\t<meta property=\"og:image:height\" content=\"743\" \/>\n\t<meta property=\"og:image:type\" content=\"image\/jpeg\" \/>\n<meta name=\"twitter:card\" content=\"summary_large_image\" \/>\n<meta name=\"twitter:label1\" content=\"Est. reading time\" \/>\n\t<meta name=\"twitter:data1\" content=\"1 minut\u0117\" \/>\n<script type=\"application\/ld+json\" class=\"yoast-schema-graph\">{\"@context\":\"https:\\\/\\\/schema.org\",\"@graph\":[{\"@type\":\"WebPage\",\"@id\":\"https:\\\/\\\/anivet.lt\\\/elparduotuve\\\/produktas\\\/primal-spirit-wanderlust-adult-dog-dregnas-pasaras-sunims-12kg\\\/\",\"url\":\"https:\\\/\\\/anivet.lt\\\/elparduotuve\\\/produktas\\\/primal-spirit-wanderlust-adult-dog-dregnas-pasaras-sunims-12kg\\\/\",\"name\":\"PRIMAL SPIRIT Wanderlust Adult Dog dr\u0117gnas pa\u0161aras \u0161unims 12kg - anivet.lt\",\"isPartOf\":{\"@id\":\"https:\\\/\\\/anivet.lt\\\/elparduotuve\\\/#website\"},\"primaryImageOfPage\":{\"@id\":\"https:\\\/\\\/anivet.lt\\\/elparduotuve\\\/produktas\\\/primal-spirit-wanderlust-adult-dog-dregnas-pasaras-sunims-12kg\\\/#primaryimage\"},\"image\":{\"@id\":\"https:\\\/\\\/anivet.lt\\\/elparduotuve\\\/produktas\\\/primal-spirit-wanderlust-adult-dog-dregnas-pasaras-sunims-12kg\\\/#primaryimage\"},\"thumbnailUrl\":\"https:\\\/\\\/anivet.lt\\\/elparduotuve\\\/wp-content\\\/uploads\\\/2025\\\/06\\\/PRIMAL-SPIRIT-Wanderlust-Adult-Dog-dregnas-pasaras-sunims-12kg.jpg\",\"datePublished\":\"2025-06-17T12:13:28+00:00\",\"dateModified\":\"2026-05-02T11:44:04+00:00\",\"description\":\"\u0160is dr\u0117gnas pa\u0161aras sukurtas suaugusi\u0173 \u0161un\u0173 kasdieniams mitybos poreikiams patenkinti. Jame derinami auk\u0161tos kokyb\u0117s \u0161vie\u017eios vi\u0161tienos ir \u017euvies ingredientai, u\u017etikrinantys skan\u0173 ir maisting\u0105 racion\u0105.\",\"breadcrumb\":{\"@id\":\"https:\\\/\\\/anivet.lt\\\/elparduotuve\\\/produktas\\\/primal-spirit-wanderlust-adult-dog-dregnas-pasaras-sunims-12kg\\\/#breadcrumb\"},\"inLanguage\":\"lt-LT\",\"potentialAction\":[{\"@type\":\"ReadAction\",\"target\":[\"https:\\\/\\\/anivet.lt\\\/elparduotuve\\\/produktas\\\/primal-spirit-wanderlust-adult-dog-dregnas-pasaras-sunims-12kg\\\/\"]}]},{\"@type\":\"ImageObject\",\"inLanguage\":\"lt-LT\",\"@id\":\"https:\\\/\\\/anivet.lt\\\/elparduotuve\\\/produktas\\\/primal-spirit-wanderlust-adult-dog-dregnas-pasaras-sunims-12kg\\\/#primaryimage\",\"url\":\"https:\\\/\\\/anivet.lt\\\/elparduotuve\\\/wp-content\\\/uploads\\\/2025\\\/06\\\/PRIMAL-SPIRIT-Wanderlust-Adult-Dog-dregnas-pasaras-sunims-12kg.jpg\",\"contentUrl\":\"https:\\\/\\\/anivet.lt\\\/elparduotuve\\\/wp-content\\\/uploads\\\/2025\\\/06\\\/PRIMAL-SPIRIT-Wanderlust-Adult-Dog-dregnas-pasaras-sunims-12kg.jpg\",\"width\":650,\"height\":743,\"caption\":\"PRIMAL SPIRIT Wanderlust Adult Dog dr\u0117gnas pa\u0161aras \u0161unims 12kg\"},{\"@type\":\"BreadcrumbList\",\"@id\":\"https:\\\/\\\/anivet.lt\\\/elparduotuve\\\/produktas\\\/primal-spirit-wanderlust-adult-dog-dregnas-pasaras-sunims-12kg\\\/#breadcrumb\",\"itemListElement\":[{\"@type\":\"ListItem\",\"position\":1,\"name\":\"Home\",\"item\":\"https:\\\/\\\/anivet.lt\\\/elparduotuve\\\/\"},{\"@type\":\"ListItem\",\"position\":2,\"name\":\"Produktai\",\"item\":\"https:\\\/\\\/anivet.lt\\\/elparduotuve\\\/produktai\\\/\"},{\"@type\":\"ListItem\",\"position\":3,\"name\":\"PRIMAL SPIRIT Wanderlust Adult Dog dr\u0117gnas pa\u0161aras \u0161unims 12kg\"}]},{\"@type\":\"WebSite\",\"@id\":\"https:\\\/\\\/anivet.lt\\\/elparduotuve\\\/#website\",\"url\":\"https:\\\/\\\/anivet.lt\\\/elparduotuve\\\/\",\"name\":\"anivet.lt\",\"description\":\"Viskas J\u016bs\u0173 \u0161uns, kat\u0117s prie\u017ei\u016brai\",\"publisher\":{\"@id\":\"https:\\\/\\\/anivet.lt\\\/elparduotuve\\\/#organization\"},\"alternateName\":\"Viskas J\u016bs\u0173 \u0161uns, kat\u0117s prie\u017ei\u016brai\",\"potentialAction\":[{\"@type\":\"SearchAction\",\"target\":{\"@type\":\"EntryPoint\",\"urlTemplate\":\"https:\\\/\\\/anivet.lt\\\/elparduotuve\\\/?s={search_term_string}\"},\"query-input\":{\"@type\":\"PropertyValueSpecification\",\"valueRequired\":true,\"valueName\":\"search_term_string\"}}],\"inLanguage\":\"lt-LT\"},{\"@type\":\"Organization\",\"@id\":\"https:\\\/\\\/anivet.lt\\\/elparduotuve\\\/#organization\",\"name\":\"Viskas J\u016bs\u0173 \u0161uns, kat\u0117s prie\u017ei\u016brai\",\"url\":\"https:\\\/\\\/anivet.lt\\\/elparduotuve\\\/\",\"logo\":{\"@type\":\"ImageObject\",\"inLanguage\":\"lt-LT\",\"@id\":\"https:\\\/\\\/anivet.lt\\\/elparduotuve\\\/#\\\/schema\\\/logo\\\/image\\\/\",\"url\":\"https:\\\/\\\/anivet.lt\\\/elparduotuve\\\/wp-content\\\/uploads\\\/2023\\\/06\\\/logo2.jpg\",\"contentUrl\":\"https:\\\/\\\/anivet.lt\\\/elparduotuve\\\/wp-content\\\/uploads\\\/2023\\\/06\\\/logo2.jpg\",\"width\":655,\"height\":194,\"caption\":\"Viskas J\u016bs\u0173 \u0161uns, kat\u0117s prie\u017ei\u016brai\"},\"image\":{\"@id\":\"https:\\\/\\\/anivet.lt\\\/elparduotuve\\\/#\\\/schema\\\/logo\\\/image\\\/\"}}]}<\/script>\n<!-- \/ Yoast SEO Premium plugin. -->","yoast_head_json":{"title":"PRIMAL SPIRIT Wanderlust Adult Dog dr\u0117gnas pa\u0161aras \u0161unims 12kg - anivet.lt","description":"\u0160is dr\u0117gnas pa\u0161aras sukurtas suaugusi\u0173 \u0161un\u0173 kasdieniams mitybos poreikiams patenkinti. Jame derinami auk\u0161tos kokyb\u0117s \u0161vie\u017eios vi\u0161tienos ir \u017euvies ingredientai, u\u017etikrinantys skan\u0173 ir maisting\u0105 racion\u0105.","robots":{"index":"index","follow":"follow","max-snippet":"max-snippet:-1","max-image-preview":"max-image-preview:large","max-video-preview":"max-video-preview:-1"},"canonical":"https:\/\/anivet.lt\/elparduotuve\/produktas\/primal-spirit-wanderlust-adult-dog-dregnas-pasaras-sunims-12kg\/","og_locale":"lt_LT","og_type":"article","og_title":"PRIMAL SPIRIT Wanderlust Adult Dog dr\u0117gnas pa\u0161aras \u0161unims 12kg","og_description":"\u0160is dr\u0117gnas pa\u0161aras sukurtas suaugusi\u0173 \u0161un\u0173 kasdieniams mitybos poreikiams patenkinti. Jame derinami auk\u0161tos kokyb\u0117s \u0161vie\u017eios vi\u0161tienos ir \u017euvies ingredientai, u\u017etikrinantys skan\u0173 ir maisting\u0105 racion\u0105.","og_url":"https:\/\/anivet.lt\/elparduotuve\/produktas\/primal-spirit-wanderlust-adult-dog-dregnas-pasaras-sunims-12kg\/","og_site_name":"anivet.lt","article_modified_time":"2026-05-02T11:44:04+00:00","og_image":[{"width":650,"height":743,"url":"https:\/\/anivet.lt\/elparduotuve\/wp-content\/uploads\/2025\/06\/PRIMAL-SPIRIT-Wanderlust-Adult-Dog-dregnas-pasaras-sunims-12kg.jpg","type":"image\/jpeg"}],"twitter_card":"summary_large_image","twitter_misc":{"Est. reading time":"1 minut\u0117"},"schema":{"@context":"https:\/\/schema.org","@graph":[{"@type":"WebPage","@id":"https:\/\/anivet.lt\/elparduotuve\/produktas\/primal-spirit-wanderlust-adult-dog-dregnas-pasaras-sunims-12kg\/","url":"https:\/\/anivet.lt\/elparduotuve\/produktas\/primal-spirit-wanderlust-adult-dog-dregnas-pasaras-sunims-12kg\/","name":"PRIMAL SPIRIT Wanderlust Adult Dog dr\u0117gnas pa\u0161aras \u0161unims 12kg - anivet.lt","isPartOf":{"@id":"https:\/\/anivet.lt\/elparduotuve\/#website"},"primaryImageOfPage":{"@id":"https:\/\/anivet.lt\/elparduotuve\/produktas\/primal-spirit-wanderlust-adult-dog-dregnas-pasaras-sunims-12kg\/#primaryimage"},"image":{"@id":"https:\/\/anivet.lt\/elparduotuve\/produktas\/primal-spirit-wanderlust-adult-dog-dregnas-pasaras-sunims-12kg\/#primaryimage"},"thumbnailUrl":"https:\/\/anivet.lt\/elparduotuve\/wp-content\/uploads\/2025\/06\/PRIMAL-SPIRIT-Wanderlust-Adult-Dog-dregnas-pasaras-sunims-12kg.jpg","datePublished":"2025-06-17T12:13:28+00:00","dateModified":"2026-05-02T11:44:04+00:00","description":"\u0160is dr\u0117gnas pa\u0161aras sukurtas suaugusi\u0173 \u0161un\u0173 kasdieniams mitybos poreikiams patenkinti. Jame derinami auk\u0161tos kokyb\u0117s \u0161vie\u017eios vi\u0161tienos ir \u017euvies ingredientai, u\u017etikrinantys skan\u0173 ir maisting\u0105 racion\u0105.","breadcrumb":{"@id":"https:\/\/anivet.lt\/elparduotuve\/produktas\/primal-spirit-wanderlust-adult-dog-dregnas-pasaras-sunims-12kg\/#breadcrumb"},"inLanguage":"lt-LT","potentialAction":[{"@type":"ReadAction","target":["https:\/\/anivet.lt\/elparduotuve\/produktas\/primal-spirit-wanderlust-adult-dog-dregnas-pasaras-sunims-12kg\/"]}]},{"@type":"ImageObject","inLanguage":"lt-LT","@id":"https:\/\/anivet.lt\/elparduotuve\/produktas\/primal-spirit-wanderlust-adult-dog-dregnas-pasaras-sunims-12kg\/#primaryimage","url":"https:\/\/anivet.lt\/elparduotuve\/wp-content\/uploads\/2025\/06\/PRIMAL-SPIRIT-Wanderlust-Adult-Dog-dregnas-pasaras-sunims-12kg.jpg","contentUrl":"https:\/\/anivet.lt\/elparduotuve\/wp-content\/uploads\/2025\/06\/PRIMAL-SPIRIT-Wanderlust-Adult-Dog-dregnas-pasaras-sunims-12kg.jpg","width":650,"height":743,"caption":"PRIMAL SPIRIT Wanderlust Adult Dog dr\u0117gnas pa\u0161aras \u0161unims 12kg"},{"@type":"BreadcrumbList","@id":"https:\/\/anivet.lt\/elparduotuve\/produktas\/primal-spirit-wanderlust-adult-dog-dregnas-pasaras-sunims-12kg\/#breadcrumb","itemListElement":[{"@type":"ListItem","position":1,"name":"Home","item":"https:\/\/anivet.lt\/elparduotuve\/"},{"@type":"ListItem","position":2,"name":"Produktai","item":"https:\/\/anivet.lt\/elparduotuve\/produktai\/"},{"@type":"ListItem","position":3,"name":"PRIMAL SPIRIT Wanderlust Adult Dog dr\u0117gnas pa\u0161aras \u0161unims 12kg"}]},{"@type":"WebSite","@id":"https:\/\/anivet.lt\/elparduotuve\/#website","url":"https:\/\/anivet.lt\/elparduotuve\/","name":"anivet.lt","description":"Viskas J\u016bs\u0173 \u0161uns, kat\u0117s prie\u017ei\u016brai","publisher":{"@id":"https:\/\/anivet.lt\/elparduotuve\/#organization"},"alternateName":"Viskas J\u016bs\u0173 \u0161uns, kat\u0117s prie\u017ei\u016brai","potentialAction":[{"@type":"SearchAction","target":{"@type":"EntryPoint","urlTemplate":"https:\/\/anivet.lt\/elparduotuve\/?s={search_term_string}"},"query-input":{"@type":"PropertyValueSpecification","valueRequired":true,"valueName":"search_term_string"}}],"inLanguage":"lt-LT"},{"@type":"Organization","@id":"https:\/\/anivet.lt\/elparduotuve\/#organization","name":"Viskas J\u016bs\u0173 \u0161uns, kat\u0117s prie\u017ei\u016brai","url":"https:\/\/anivet.lt\/elparduotuve\/","logo":{"@type":"ImageObject","inLanguage":"lt-LT","@id":"https:\/\/anivet.lt\/elparduotuve\/#\/schema\/logo\/image\/","url":"https:\/\/anivet.lt\/elparduotuve\/wp-content\/uploads\/2023\/06\/logo2.jpg","contentUrl":"https:\/\/anivet.lt\/elparduotuve\/wp-content\/uploads\/2023\/06\/logo2.jpg","width":655,"height":194,"caption":"Viskas J\u016bs\u0173 \u0161uns, kat\u0117s prie\u017ei\u016brai"},"image":{"@id":"https:\/\/anivet.lt\/elparduotuve\/#\/schema\/logo\/image\/"}}]}},"_links":{"self":[{"href":"https:\/\/anivet.lt\/elparduotuve\/wp-json\/wp\/v2\/product\/18136","targetHints":{"allow":["GET"]}}],"collection":[{"href":"https:\/\/anivet.lt\/elparduotuve\/wp-json\/wp\/v2\/product"}],"about":[{"href":"https:\/\/anivet.lt\/elparduotuve\/wp-json\/wp\/v2\/types\/product"}],"wp:featuredmedia":[{"embeddable":true,"href":"https:\/\/anivet.lt\/elparduotuve\/wp-json\/wp\/v2\/media\/18137"}],"wp:attachment":[{"href":"https:\/\/anivet.lt\/elparduotuve\/wp-json\/wp\/v2\/media?parent=18136"}],"wp:term":[{"taxonomy":"product_brand","embeddable":true,"href":"https:\/\/anivet.lt\/elparduotuve\/wp-json\/wp\/v2\/product_brand?post=18136"},{"taxonomy":"product_cat","embeddable":true,"href":"https:\/\/anivet.lt\/elparduotuve\/wp-json\/wp\/v2\/product_cat?post=18136"},{"taxonomy":"product_tag","embeddable":true,"href":"https:\/\/anivet.lt\/elparduotuve\/wp-json\/wp\/v2\/product_tag?post=18136"}],"curies":[{"name":"wp","href":"https:\/\/api.w.org\/{rel}","templated":true}]}}