{"id":18243,"date":"2025-06-28T07:15:04","date_gmt":"2025-06-28T07:15:04","guid":{"rendered":"https:\/\/anivet.lt\/elparduotuve\/?post_type=product&#038;p=18243"},"modified":"2025-06-28T08:49:21","modified_gmt":"2025-06-28T08:49:21","slug":"chicopee-holistic-dental-sticks-300g","status":"publish","type":"product","link":"https:\/\/anivet.lt\/elparduotuve\/produktas\/chicopee-holistic-dental-sticks-300g\/","title":{"rendered":"Chicopee Holistic Dental Sticks 300g"},"content":{"rendered":"<ul>\n<li>Gr\u016bd\u0173 neturintys skan\u0117stai;<\/li>\n<li>Ma\u017eiau riebal\u0173 turintys skan\u0117stai;<\/li>\n<li>Puikiai tinka aktyviems \u0161unims;<\/li>\n<li>Padeda ma\u017einti apna\u0161\u0173 ir akmen\u0173 susidarym\u0105 mechaniniu valymo efektu kramtant.<\/li>\n<\/ul>\n<p>Sud\u0117tyje n\u0117ra dirbtini\u0173 da\u017eikli\u0173 ar kvapikli\u0173 \u2013 tai nat\u016bralus pasirinkimas r\u016bpestingiems \u0161eimininkams, siekiantiems palaikyti savo augintinio burnos sveikat\u0105.<\/p>\n","protected":false},"excerpt":{"rendered":"<p>Chicopee Holistic Dental Sticks \u2013 tai auk\u0161tos kokyb\u0117s pa\u0161aro papildas suaugusiems \u0161unims nuo 1 met\u0173 am\u017eiaus, sukurtas palaikyti kasdien\u0119 burnos higien\u0105 ir dant\u0173 sveikat\u0105. D\u0117l specialios tekst\u016bros ir sud\u0117ties, \u0161ie dant\u0173 lazdeli\u0173 formos skan\u0117stai ne tik padeda palaikyti gaiv\u0173 kv\u0117pavim\u0105, bet ir tampa skaniu, sveiku kasdieniu u\u017ekand\u017eiu.<\/p>\n","protected":false},"featured_media":18244,"template":"","meta":[],"product_brand":[],"product_cat":[101,103,106,507],"product_tag":[],"class_list":{"0":"post-18243","1":"product","2":"type-product","3":"status-publish","4":"has-post-thumbnail","6":"product_cat-sunims","7":"product_cat-sunu-maistas","8":"product_cat-skanestai","9":"product_cat-chicopee-sunu-maistas","10":"pa_prekinis-zenklas-chicopee","12":"first","13":"instock","14":"taxable","15":"shipping-taxable","16":"purchasable","17":"product-type-simple"},"yoast_head":"<!-- This site is optimized with the Yoast SEO Premium plugin v27.1 (Yoast SEO v27.5) - https:\/\/yoast.com\/product\/yoast-seo-premium-wordpress\/ -->\n<title>Chicopee Holistic Dental Sticks 300g - anivet.lt<\/title>\n<meta name=\"description\" content=\"Chicopee Holistic Dental Sticks \u2013 tai auk\u0161tos kokyb\u0117s pa\u0161aro papildas suaugusiems \u0161unims nuo 1 met\u0173 am\u017eiaus, sukurtas palaikyti kasdien\u0119 burnos higien\u0105 ir dant\u0173 sveikat\u0105. D\u0117l specialios tekst\u016bros ir sud\u0117ties, \u0161ie dant\u0173 lazdeli\u0173 formos skan\u0117stai ne tik padeda palaikyti gaiv\u0173 kv\u0117pavim\u0105, bet ir tampa skaniu, sveiku kasdieniu u\u017ekand\u017eiu.\" \/>\n<meta name=\"robots\" content=\"index, follow, max-snippet:-1, max-image-preview:large, max-video-preview:-1\" \/>\n<link rel=\"canonical\" href=\"https:\/\/anivet.lt\/elparduotuve\/produktas\/chicopee-holistic-dental-sticks-300g\/\" \/>\n<meta property=\"og:locale\" content=\"lt_LT\" \/>\n<meta property=\"og:type\" content=\"article\" \/>\n<meta property=\"og:title\" content=\"Chicopee Holistic Dental Sticks 300g\" \/>\n<meta property=\"og:description\" content=\"Chicopee Holistic Dental Sticks \u2013 tai auk\u0161tos kokyb\u0117s pa\u0161aro papildas suaugusiems \u0161unims nuo 1 met\u0173 am\u017eiaus, sukurtas palaikyti kasdien\u0119 burnos higien\u0105 ir dant\u0173 sveikat\u0105. D\u0117l specialios tekst\u016bros ir sud\u0117ties, \u0161ie dant\u0173 lazdeli\u0173 formos skan\u0117stai ne tik padeda palaikyti gaiv\u0173 kv\u0117pavim\u0105, bet ir tampa skaniu, sveiku kasdieniu u\u017ekand\u017eiu.\" \/>\n<meta property=\"og:url\" content=\"https:\/\/anivet.lt\/elparduotuve\/produktas\/chicopee-holistic-dental-sticks-300g\/\" \/>\n<meta property=\"og:site_name\" content=\"anivet.lt\" \/>\n<meta property=\"article:modified_time\" content=\"2025-06-28T08:49:21+00:00\" \/>\n<meta property=\"og:image\" content=\"https:\/\/anivet.lt\/elparduotuve\/wp-content\/uploads\/2025\/06\/Chicopee-Holistic-Dental-Sticks-300g.jpg\" \/>\n\t<meta property=\"og:image:width\" content=\"650\" \/>\n\t<meta property=\"og:image:height\" content=\"650\" \/>\n\t<meta property=\"og:image:type\" content=\"image\/jpeg\" \/>\n<meta name=\"twitter:card\" content=\"summary_large_image\" \/>\n<meta name=\"twitter:label1\" content=\"Est. reading time\" \/>\n\t<meta name=\"twitter:data1\" content=\"1 minut\u0117\" \/>\n<script type=\"application\/ld+json\" class=\"yoast-schema-graph\">{\"@context\":\"https:\\\/\\\/schema.org\",\"@graph\":[{\"@type\":\"WebPage\",\"@id\":\"https:\\\/\\\/anivet.lt\\\/elparduotuve\\\/produktas\\\/chicopee-holistic-dental-sticks-300g\\\/\",\"url\":\"https:\\\/\\\/anivet.lt\\\/elparduotuve\\\/produktas\\\/chicopee-holistic-dental-sticks-300g\\\/\",\"name\":\"Chicopee Holistic Dental Sticks 300g - anivet.lt\",\"isPartOf\":{\"@id\":\"https:\\\/\\\/anivet.lt\\\/elparduotuve\\\/#website\"},\"primaryImageOfPage\":{\"@id\":\"https:\\\/\\\/anivet.lt\\\/elparduotuve\\\/produktas\\\/chicopee-holistic-dental-sticks-300g\\\/#primaryimage\"},\"image\":{\"@id\":\"https:\\\/\\\/anivet.lt\\\/elparduotuve\\\/produktas\\\/chicopee-holistic-dental-sticks-300g\\\/#primaryimage\"},\"thumbnailUrl\":\"https:\\\/\\\/anivet.lt\\\/elparduotuve\\\/wp-content\\\/uploads\\\/2025\\\/06\\\/Chicopee-Holistic-Dental-Sticks-300g.jpg\",\"datePublished\":\"2025-06-28T07:15:04+00:00\",\"dateModified\":\"2025-06-28T08:49:21+00:00\",\"description\":\"Chicopee Holistic Dental Sticks \u2013 tai auk\u0161tos kokyb\u0117s pa\u0161aro papildas suaugusiems \u0161unims nuo 1 met\u0173 am\u017eiaus, sukurtas palaikyti kasdien\u0119 burnos higien\u0105 ir dant\u0173 sveikat\u0105. D\u0117l specialios tekst\u016bros ir sud\u0117ties, \u0161ie dant\u0173 lazdeli\u0173 formos skan\u0117stai ne tik padeda palaikyti gaiv\u0173 kv\u0117pavim\u0105, bet ir tampa skaniu, sveiku kasdieniu u\u017ekand\u017eiu.\",\"breadcrumb\":{\"@id\":\"https:\\\/\\\/anivet.lt\\\/elparduotuve\\\/produktas\\\/chicopee-holistic-dental-sticks-300g\\\/#breadcrumb\"},\"inLanguage\":\"lt-LT\",\"potentialAction\":[{\"@type\":\"ReadAction\",\"target\":[\"https:\\\/\\\/anivet.lt\\\/elparduotuve\\\/produktas\\\/chicopee-holistic-dental-sticks-300g\\\/\"]}]},{\"@type\":\"ImageObject\",\"inLanguage\":\"lt-LT\",\"@id\":\"https:\\\/\\\/anivet.lt\\\/elparduotuve\\\/produktas\\\/chicopee-holistic-dental-sticks-300g\\\/#primaryimage\",\"url\":\"https:\\\/\\\/anivet.lt\\\/elparduotuve\\\/wp-content\\\/uploads\\\/2025\\\/06\\\/Chicopee-Holistic-Dental-Sticks-300g.jpg\",\"contentUrl\":\"https:\\\/\\\/anivet.lt\\\/elparduotuve\\\/wp-content\\\/uploads\\\/2025\\\/06\\\/Chicopee-Holistic-Dental-Sticks-300g.jpg\",\"width\":650,\"height\":650,\"caption\":\"Chicopee Holistic Dental Sticks 300g\"},{\"@type\":\"BreadcrumbList\",\"@id\":\"https:\\\/\\\/anivet.lt\\\/elparduotuve\\\/produktas\\\/chicopee-holistic-dental-sticks-300g\\\/#breadcrumb\",\"itemListElement\":[{\"@type\":\"ListItem\",\"position\":1,\"name\":\"Home\",\"item\":\"https:\\\/\\\/anivet.lt\\\/elparduotuve\\\/\"},{\"@type\":\"ListItem\",\"position\":2,\"name\":\"Produktai\",\"item\":\"https:\\\/\\\/anivet.lt\\\/elparduotuve\\\/produktai\\\/\"},{\"@type\":\"ListItem\",\"position\":3,\"name\":\"Chicopee Holistic Dental Sticks 300g\"}]},{\"@type\":\"WebSite\",\"@id\":\"https:\\\/\\\/anivet.lt\\\/elparduotuve\\\/#website\",\"url\":\"https:\\\/\\\/anivet.lt\\\/elparduotuve\\\/\",\"name\":\"anivet.lt\",\"description\":\"Viskas J\u016bs\u0173 \u0161uns, kat\u0117s prie\u017ei\u016brai\",\"publisher\":{\"@id\":\"https:\\\/\\\/anivet.lt\\\/elparduotuve\\\/#organization\"},\"alternateName\":\"Viskas J\u016bs\u0173 \u0161uns, kat\u0117s prie\u017ei\u016brai\",\"potentialAction\":[{\"@type\":\"SearchAction\",\"target\":{\"@type\":\"EntryPoint\",\"urlTemplate\":\"https:\\\/\\\/anivet.lt\\\/elparduotuve\\\/?s={search_term_string}\"},\"query-input\":{\"@type\":\"PropertyValueSpecification\",\"valueRequired\":true,\"valueName\":\"search_term_string\"}}],\"inLanguage\":\"lt-LT\"},{\"@type\":\"Organization\",\"@id\":\"https:\\\/\\\/anivet.lt\\\/elparduotuve\\\/#organization\",\"name\":\"Viskas J\u016bs\u0173 \u0161uns, kat\u0117s prie\u017ei\u016brai\",\"url\":\"https:\\\/\\\/anivet.lt\\\/elparduotuve\\\/\",\"logo\":{\"@type\":\"ImageObject\",\"inLanguage\":\"lt-LT\",\"@id\":\"https:\\\/\\\/anivet.lt\\\/elparduotuve\\\/#\\\/schema\\\/logo\\\/image\\\/\",\"url\":\"https:\\\/\\\/anivet.lt\\\/elparduotuve\\\/wp-content\\\/uploads\\\/2023\\\/06\\\/logo2.jpg\",\"contentUrl\":\"https:\\\/\\\/anivet.lt\\\/elparduotuve\\\/wp-content\\\/uploads\\\/2023\\\/06\\\/logo2.jpg\",\"width\":655,\"height\":194,\"caption\":\"Viskas J\u016bs\u0173 \u0161uns, kat\u0117s prie\u017ei\u016brai\"},\"image\":{\"@id\":\"https:\\\/\\\/anivet.lt\\\/elparduotuve\\\/#\\\/schema\\\/logo\\\/image\\\/\"}}]}<\/script>\n<!-- \/ Yoast SEO Premium plugin. -->","yoast_head_json":{"title":"Chicopee Holistic Dental Sticks 300g - anivet.lt","description":"Chicopee Holistic Dental Sticks \u2013 tai auk\u0161tos kokyb\u0117s pa\u0161aro papildas suaugusiems \u0161unims nuo 1 met\u0173 am\u017eiaus, sukurtas palaikyti kasdien\u0119 burnos higien\u0105 ir dant\u0173 sveikat\u0105. D\u0117l specialios tekst\u016bros ir sud\u0117ties, \u0161ie dant\u0173 lazdeli\u0173 formos skan\u0117stai ne tik padeda palaikyti gaiv\u0173 kv\u0117pavim\u0105, bet ir tampa skaniu, sveiku kasdieniu u\u017ekand\u017eiu.","robots":{"index":"index","follow":"follow","max-snippet":"max-snippet:-1","max-image-preview":"max-image-preview:large","max-video-preview":"max-video-preview:-1"},"canonical":"https:\/\/anivet.lt\/elparduotuve\/produktas\/chicopee-holistic-dental-sticks-300g\/","og_locale":"lt_LT","og_type":"article","og_title":"Chicopee Holistic Dental Sticks 300g","og_description":"Chicopee Holistic Dental Sticks \u2013 tai auk\u0161tos kokyb\u0117s pa\u0161aro papildas suaugusiems \u0161unims nuo 1 met\u0173 am\u017eiaus, sukurtas palaikyti kasdien\u0119 burnos higien\u0105 ir dant\u0173 sveikat\u0105. D\u0117l specialios tekst\u016bros ir sud\u0117ties, \u0161ie dant\u0173 lazdeli\u0173 formos skan\u0117stai ne tik padeda palaikyti gaiv\u0173 kv\u0117pavim\u0105, bet ir tampa skaniu, sveiku kasdieniu u\u017ekand\u017eiu.","og_url":"https:\/\/anivet.lt\/elparduotuve\/produktas\/chicopee-holistic-dental-sticks-300g\/","og_site_name":"anivet.lt","article_modified_time":"2025-06-28T08:49:21+00:00","og_image":[{"width":650,"height":650,"url":"https:\/\/anivet.lt\/elparduotuve\/wp-content\/uploads\/2025\/06\/Chicopee-Holistic-Dental-Sticks-300g.jpg","type":"image\/jpeg"}],"twitter_card":"summary_large_image","twitter_misc":{"Est. reading time":"1 minut\u0117"},"schema":{"@context":"https:\/\/schema.org","@graph":[{"@type":"WebPage","@id":"https:\/\/anivet.lt\/elparduotuve\/produktas\/chicopee-holistic-dental-sticks-300g\/","url":"https:\/\/anivet.lt\/elparduotuve\/produktas\/chicopee-holistic-dental-sticks-300g\/","name":"Chicopee Holistic Dental Sticks 300g - anivet.lt","isPartOf":{"@id":"https:\/\/anivet.lt\/elparduotuve\/#website"},"primaryImageOfPage":{"@id":"https:\/\/anivet.lt\/elparduotuve\/produktas\/chicopee-holistic-dental-sticks-300g\/#primaryimage"},"image":{"@id":"https:\/\/anivet.lt\/elparduotuve\/produktas\/chicopee-holistic-dental-sticks-300g\/#primaryimage"},"thumbnailUrl":"https:\/\/anivet.lt\/elparduotuve\/wp-content\/uploads\/2025\/06\/Chicopee-Holistic-Dental-Sticks-300g.jpg","datePublished":"2025-06-28T07:15:04+00:00","dateModified":"2025-06-28T08:49:21+00:00","description":"Chicopee Holistic Dental Sticks \u2013 tai auk\u0161tos kokyb\u0117s pa\u0161aro papildas suaugusiems \u0161unims nuo 1 met\u0173 am\u017eiaus, sukurtas palaikyti kasdien\u0119 burnos higien\u0105 ir dant\u0173 sveikat\u0105. D\u0117l specialios tekst\u016bros ir sud\u0117ties, \u0161ie dant\u0173 lazdeli\u0173 formos skan\u0117stai ne tik padeda palaikyti gaiv\u0173 kv\u0117pavim\u0105, bet ir tampa skaniu, sveiku kasdieniu u\u017ekand\u017eiu.","breadcrumb":{"@id":"https:\/\/anivet.lt\/elparduotuve\/produktas\/chicopee-holistic-dental-sticks-300g\/#breadcrumb"},"inLanguage":"lt-LT","potentialAction":[{"@type":"ReadAction","target":["https:\/\/anivet.lt\/elparduotuve\/produktas\/chicopee-holistic-dental-sticks-300g\/"]}]},{"@type":"ImageObject","inLanguage":"lt-LT","@id":"https:\/\/anivet.lt\/elparduotuve\/produktas\/chicopee-holistic-dental-sticks-300g\/#primaryimage","url":"https:\/\/anivet.lt\/elparduotuve\/wp-content\/uploads\/2025\/06\/Chicopee-Holistic-Dental-Sticks-300g.jpg","contentUrl":"https:\/\/anivet.lt\/elparduotuve\/wp-content\/uploads\/2025\/06\/Chicopee-Holistic-Dental-Sticks-300g.jpg","width":650,"height":650,"caption":"Chicopee Holistic Dental Sticks 300g"},{"@type":"BreadcrumbList","@id":"https:\/\/anivet.lt\/elparduotuve\/produktas\/chicopee-holistic-dental-sticks-300g\/#breadcrumb","itemListElement":[{"@type":"ListItem","position":1,"name":"Home","item":"https:\/\/anivet.lt\/elparduotuve\/"},{"@type":"ListItem","position":2,"name":"Produktai","item":"https:\/\/anivet.lt\/elparduotuve\/produktai\/"},{"@type":"ListItem","position":3,"name":"Chicopee Holistic Dental Sticks 300g"}]},{"@type":"WebSite","@id":"https:\/\/anivet.lt\/elparduotuve\/#website","url":"https:\/\/anivet.lt\/elparduotuve\/","name":"anivet.lt","description":"Viskas J\u016bs\u0173 \u0161uns, kat\u0117s prie\u017ei\u016brai","publisher":{"@id":"https:\/\/anivet.lt\/elparduotuve\/#organization"},"alternateName":"Viskas J\u016bs\u0173 \u0161uns, kat\u0117s prie\u017ei\u016brai","potentialAction":[{"@type":"SearchAction","target":{"@type":"EntryPoint","urlTemplate":"https:\/\/anivet.lt\/elparduotuve\/?s={search_term_string}"},"query-input":{"@type":"PropertyValueSpecification","valueRequired":true,"valueName":"search_term_string"}}],"inLanguage":"lt-LT"},{"@type":"Organization","@id":"https:\/\/anivet.lt\/elparduotuve\/#organization","name":"Viskas J\u016bs\u0173 \u0161uns, kat\u0117s prie\u017ei\u016brai","url":"https:\/\/anivet.lt\/elparduotuve\/","logo":{"@type":"ImageObject","inLanguage":"lt-LT","@id":"https:\/\/anivet.lt\/elparduotuve\/#\/schema\/logo\/image\/","url":"https:\/\/anivet.lt\/elparduotuve\/wp-content\/uploads\/2023\/06\/logo2.jpg","contentUrl":"https:\/\/anivet.lt\/elparduotuve\/wp-content\/uploads\/2023\/06\/logo2.jpg","width":655,"height":194,"caption":"Viskas J\u016bs\u0173 \u0161uns, kat\u0117s prie\u017ei\u016brai"},"image":{"@id":"https:\/\/anivet.lt\/elparduotuve\/#\/schema\/logo\/image\/"}}]}},"_links":{"self":[{"href":"https:\/\/anivet.lt\/elparduotuve\/wp-json\/wp\/v2\/product\/18243","targetHints":{"allow":["GET"]}}],"collection":[{"href":"https:\/\/anivet.lt\/elparduotuve\/wp-json\/wp\/v2\/product"}],"about":[{"href":"https:\/\/anivet.lt\/elparduotuve\/wp-json\/wp\/v2\/types\/product"}],"wp:featuredmedia":[{"embeddable":true,"href":"https:\/\/anivet.lt\/elparduotuve\/wp-json\/wp\/v2\/media\/18244"}],"wp:attachment":[{"href":"https:\/\/anivet.lt\/elparduotuve\/wp-json\/wp\/v2\/media?parent=18243"}],"wp:term":[{"taxonomy":"product_brand","embeddable":true,"href":"https:\/\/anivet.lt\/elparduotuve\/wp-json\/wp\/v2\/product_brand?post=18243"},{"taxonomy":"product_cat","embeddable":true,"href":"https:\/\/anivet.lt\/elparduotuve\/wp-json\/wp\/v2\/product_cat?post=18243"},{"taxonomy":"product_tag","embeddable":true,"href":"https:\/\/anivet.lt\/elparduotuve\/wp-json\/wp\/v2\/product_tag?post=18243"}],"curies":[{"name":"wp","href":"https:\/\/api.w.org\/{rel}","templated":true}]}}