{"id":18258,"date":"2025-06-28T08:54:13","date_gmt":"2025-06-28T08:54:13","guid":{"rendered":"https:\/\/anivet.lt\/elparduotuve\/?post_type=product&#038;p=18258"},"modified":"2026-02-28T22:35:40","modified_gmt":"2026-02-28T22:35:40","slug":"kiwi-walker-liofilizuoti-skanestai-su-jautiena-40g","status":"publish","type":"product","link":"https:\/\/anivet.lt\/elparduotuve\/produktas\/kiwi-walker-liofilizuoti-skanestai-su-jautiena-40g\/","title":{"rendered":"Kiwi Walker liofilizuoti skan\u0117stai su jautiena 40g"},"content":{"rendered":"<ul>\n<li>\u0160altyje d\u017eiovinta jautiena i\u0161laiko visas naudingas maistines med\u017eiagas, skon\u012f ir kvap\u0105, nes i\u0161 jos pa\u0161alinamas tik vanduo, o ne vertingos savyb\u0117s;<\/li>\n<li>Sud\u0117tyje \u2013 tik gryna m\u0117sa, be joki\u0173 dirbtini\u0173 pried\u0173, da\u017eikli\u0173 ar konservant\u0173. Jautiena yra saugus pasirinkimas kiekvienam \u0161uniui ir katei;<\/li>\n<li>Jame daug baltym\u0173, gele\u017eies, cinko, seleno, \u012fvairi\u0173 B grup\u0117s vitamin\u0173.<\/li>\n<\/ul>\n<p><span lang=\"en-US\">Ma\u017ei, tra\u0161k\u016bs gabal\u0117liai puikiai tinka naudoti dres\u016bros metu arba kaip sveikas skan\u0117stas kasdieniam palepinimui. Jie nepalieka riebal\u0173 ar kvapo ant rank\u0173, lengvai lau\u017eomi, tod\u0117l ypa\u010d patog\u016bs tiek namuose, tiek kelion\u0117se.<\/span><\/p>\n","protected":false},"excerpt":{"rendered":"<p><span lang=\"en-US\">Tai nat\u016bralus, vieno ingrediento u\u017ekandis, tinkantis tiek \u0161unims, tiek kat\u0117ms. Kadangi sud\u0117tyje yra tik vienas gyv\u016bninis baltymas \u2013 jautiena. <\/span><span lang=\"lt-LT\">\u0160<\/span><span lang=\"en-US\">ie skan\u0117stai yra puikus pasirinkimas jautriems ar alergi\u0161kiems augintiniams bei tiems, kuri\u0173 mityba yra apribota.<\/span><\/p>\n","protected":false},"featured_media":18259,"template":"","meta":[],"product_brand":[],"product_cat":[101,103,114,102,106,117],"product_tag":[],"class_list":{"0":"post-18258","1":"product","2":"type-product","3":"status-publish","4":"has-post-thumbnail","6":"product_cat-sunims","7":"product_cat-sunu-maistas","8":"product_cat-kaciu-maistas","9":"product_cat-katems","10":"product_cat-skanestai","11":"product_cat-skanestai-katems","12":"pa_prekinis-zenklas-kiwi-walker","14":"first","15":"instock","16":"taxable","17":"shipping-taxable","18":"purchasable","19":"product-type-simple"},"yoast_head":"<!-- This site is optimized with the Yoast SEO Premium plugin v27.1 (Yoast SEO v27.3) - https:\/\/yoast.com\/product\/yoast-seo-premium-wordpress\/ -->\n<title>Kiwi Walker liofilizuoti skan\u0117stai su jautiena 40g - anivet.lt<\/title>\n<meta name=\"description\" content=\"Tai nat\u016bralus, vieno ingrediento u\u017ekandis, tinkantis tiek \u0161unims, tiek kat\u0117ms. Kadangi sud\u0117tyje yra tik vienas gyv\u016bninis baltymas \u2013 jautiena. \u0160ie skan\u0117stai yra puikus pasirinkimas jautriems ar alergi\u0161kiems augintiniams bei tiems, kuri\u0173 mityba yra apribota.\" \/>\n<meta name=\"robots\" content=\"index, follow, max-snippet:-1, max-image-preview:large, max-video-preview:-1\" \/>\n<link rel=\"canonical\" href=\"https:\/\/anivet.lt\/elparduotuve\/produktas\/kiwi-walker-liofilizuoti-skanestai-su-jautiena-40g\/\" \/>\n<meta property=\"og:locale\" content=\"lt_LT\" \/>\n<meta property=\"og:type\" content=\"article\" \/>\n<meta property=\"og:title\" content=\"Kiwi Walker liofilizuoti skan\u0117stai su jautiena 40g\" \/>\n<meta property=\"og:description\" content=\"Tai nat\u016bralus, vieno ingrediento u\u017ekandis, tinkantis tiek \u0161unims, tiek kat\u0117ms. Kadangi sud\u0117tyje yra tik vienas gyv\u016bninis baltymas \u2013 jautiena. \u0160ie skan\u0117stai yra puikus pasirinkimas jautriems ar alergi\u0161kiems augintiniams bei tiems, kuri\u0173 mityba yra apribota.\" \/>\n<meta property=\"og:url\" content=\"https:\/\/anivet.lt\/elparduotuve\/produktas\/kiwi-walker-liofilizuoti-skanestai-su-jautiena-40g\/\" \/>\n<meta property=\"og:site_name\" content=\"anivet.lt\" \/>\n<meta property=\"article:modified_time\" content=\"2026-02-28T22:35:40+00:00\" \/>\n<meta property=\"og:image\" content=\"https:\/\/anivet.lt\/elparduotuve\/wp-content\/uploads\/2025\/06\/Kiwi-Walker-liofilizuoti-skanestai-su-jautiena-40g.jpg\" \/>\n\t<meta property=\"og:image:width\" content=\"500\" \/>\n\t<meta property=\"og:image:height\" content=\"710\" \/>\n\t<meta property=\"og:image:type\" content=\"image\/jpeg\" \/>\n<meta name=\"twitter:card\" content=\"summary_large_image\" \/>\n<meta name=\"twitter:label1\" content=\"Est. reading time\" \/>\n\t<meta name=\"twitter:data1\" content=\"1 minut\u0117\" \/>\n<script type=\"application\/ld+json\" class=\"yoast-schema-graph\">{\"@context\":\"https:\\\/\\\/schema.org\",\"@graph\":[{\"@type\":\"WebPage\",\"@id\":\"https:\\\/\\\/anivet.lt\\\/elparduotuve\\\/produktas\\\/kiwi-walker-liofilizuoti-skanestai-su-jautiena-40g\\\/\",\"url\":\"https:\\\/\\\/anivet.lt\\\/elparduotuve\\\/produktas\\\/kiwi-walker-liofilizuoti-skanestai-su-jautiena-40g\\\/\",\"name\":\"Kiwi Walker liofilizuoti skan\u0117stai su jautiena 40g - anivet.lt\",\"isPartOf\":{\"@id\":\"https:\\\/\\\/anivet.lt\\\/elparduotuve\\\/#website\"},\"primaryImageOfPage\":{\"@id\":\"https:\\\/\\\/anivet.lt\\\/elparduotuve\\\/produktas\\\/kiwi-walker-liofilizuoti-skanestai-su-jautiena-40g\\\/#primaryimage\"},\"image\":{\"@id\":\"https:\\\/\\\/anivet.lt\\\/elparduotuve\\\/produktas\\\/kiwi-walker-liofilizuoti-skanestai-su-jautiena-40g\\\/#primaryimage\"},\"thumbnailUrl\":\"https:\\\/\\\/anivet.lt\\\/elparduotuve\\\/wp-content\\\/uploads\\\/2025\\\/06\\\/Kiwi-Walker-liofilizuoti-skanestai-su-jautiena-40g.jpg\",\"datePublished\":\"2025-06-28T08:54:13+00:00\",\"dateModified\":\"2026-02-28T22:35:40+00:00\",\"description\":\"Tai nat\u016bralus, vieno ingrediento u\u017ekandis, tinkantis tiek \u0161unims, tiek kat\u0117ms. Kadangi sud\u0117tyje yra tik vienas gyv\u016bninis baltymas \u2013 jautiena. \u0160ie skan\u0117stai yra puikus pasirinkimas jautriems ar alergi\u0161kiems augintiniams bei tiems, kuri\u0173 mityba yra apribota.\",\"breadcrumb\":{\"@id\":\"https:\\\/\\\/anivet.lt\\\/elparduotuve\\\/produktas\\\/kiwi-walker-liofilizuoti-skanestai-su-jautiena-40g\\\/#breadcrumb\"},\"inLanguage\":\"lt-LT\",\"potentialAction\":[{\"@type\":\"ReadAction\",\"target\":[\"https:\\\/\\\/anivet.lt\\\/elparduotuve\\\/produktas\\\/kiwi-walker-liofilizuoti-skanestai-su-jautiena-40g\\\/\"]}]},{\"@type\":\"ImageObject\",\"inLanguage\":\"lt-LT\",\"@id\":\"https:\\\/\\\/anivet.lt\\\/elparduotuve\\\/produktas\\\/kiwi-walker-liofilizuoti-skanestai-su-jautiena-40g\\\/#primaryimage\",\"url\":\"https:\\\/\\\/anivet.lt\\\/elparduotuve\\\/wp-content\\\/uploads\\\/2025\\\/06\\\/Kiwi-Walker-liofilizuoti-skanestai-su-jautiena-40g.jpg\",\"contentUrl\":\"https:\\\/\\\/anivet.lt\\\/elparduotuve\\\/wp-content\\\/uploads\\\/2025\\\/06\\\/Kiwi-Walker-liofilizuoti-skanestai-su-jautiena-40g.jpg\",\"width\":500,\"height\":710,\"caption\":\"Kiwi Walker liofilizuoti skan\u0117stai su jautiena 40g\"},{\"@type\":\"BreadcrumbList\",\"@id\":\"https:\\\/\\\/anivet.lt\\\/elparduotuve\\\/produktas\\\/kiwi-walker-liofilizuoti-skanestai-su-jautiena-40g\\\/#breadcrumb\",\"itemListElement\":[{\"@type\":\"ListItem\",\"position\":1,\"name\":\"Home\",\"item\":\"https:\\\/\\\/anivet.lt\\\/elparduotuve\\\/\"},{\"@type\":\"ListItem\",\"position\":2,\"name\":\"Produktai\",\"item\":\"https:\\\/\\\/anivet.lt\\\/elparduotuve\\\/produktai\\\/\"},{\"@type\":\"ListItem\",\"position\":3,\"name\":\"Kiwi Walker liofilizuoti skan\u0117stai su jautiena 40g\"}]},{\"@type\":\"WebSite\",\"@id\":\"https:\\\/\\\/anivet.lt\\\/elparduotuve\\\/#website\",\"url\":\"https:\\\/\\\/anivet.lt\\\/elparduotuve\\\/\",\"name\":\"anivet.lt\",\"description\":\"Viskas J\u016bs\u0173 \u0161uns, kat\u0117s prie\u017ei\u016brai\",\"publisher\":{\"@id\":\"https:\\\/\\\/anivet.lt\\\/elparduotuve\\\/#organization\"},\"alternateName\":\"Viskas J\u016bs\u0173 \u0161uns, kat\u0117s prie\u017ei\u016brai\",\"potentialAction\":[{\"@type\":\"SearchAction\",\"target\":{\"@type\":\"EntryPoint\",\"urlTemplate\":\"https:\\\/\\\/anivet.lt\\\/elparduotuve\\\/?s={search_term_string}\"},\"query-input\":{\"@type\":\"PropertyValueSpecification\",\"valueRequired\":true,\"valueName\":\"search_term_string\"}}],\"inLanguage\":\"lt-LT\"},{\"@type\":\"Organization\",\"@id\":\"https:\\\/\\\/anivet.lt\\\/elparduotuve\\\/#organization\",\"name\":\"Viskas J\u016bs\u0173 \u0161uns, kat\u0117s prie\u017ei\u016brai\",\"url\":\"https:\\\/\\\/anivet.lt\\\/elparduotuve\\\/\",\"logo\":{\"@type\":\"ImageObject\",\"inLanguage\":\"lt-LT\",\"@id\":\"https:\\\/\\\/anivet.lt\\\/elparduotuve\\\/#\\\/schema\\\/logo\\\/image\\\/\",\"url\":\"https:\\\/\\\/anivet.lt\\\/elparduotuve\\\/wp-content\\\/uploads\\\/2023\\\/06\\\/logo2.jpg\",\"contentUrl\":\"https:\\\/\\\/anivet.lt\\\/elparduotuve\\\/wp-content\\\/uploads\\\/2023\\\/06\\\/logo2.jpg\",\"width\":655,\"height\":194,\"caption\":\"Viskas J\u016bs\u0173 \u0161uns, kat\u0117s prie\u017ei\u016brai\"},\"image\":{\"@id\":\"https:\\\/\\\/anivet.lt\\\/elparduotuve\\\/#\\\/schema\\\/logo\\\/image\\\/\"}}]}<\/script>\n<!-- \/ Yoast SEO Premium plugin. -->","yoast_head_json":{"title":"Kiwi Walker liofilizuoti skan\u0117stai su jautiena 40g - anivet.lt","description":"Tai nat\u016bralus, vieno ingrediento u\u017ekandis, tinkantis tiek \u0161unims, tiek kat\u0117ms. Kadangi sud\u0117tyje yra tik vienas gyv\u016bninis baltymas \u2013 jautiena. \u0160ie skan\u0117stai yra puikus pasirinkimas jautriems ar alergi\u0161kiems augintiniams bei tiems, kuri\u0173 mityba yra apribota.","robots":{"index":"index","follow":"follow","max-snippet":"max-snippet:-1","max-image-preview":"max-image-preview:large","max-video-preview":"max-video-preview:-1"},"canonical":"https:\/\/anivet.lt\/elparduotuve\/produktas\/kiwi-walker-liofilizuoti-skanestai-su-jautiena-40g\/","og_locale":"lt_LT","og_type":"article","og_title":"Kiwi Walker liofilizuoti skan\u0117stai su jautiena 40g","og_description":"Tai nat\u016bralus, vieno ingrediento u\u017ekandis, tinkantis tiek \u0161unims, tiek kat\u0117ms. Kadangi sud\u0117tyje yra tik vienas gyv\u016bninis baltymas \u2013 jautiena. \u0160ie skan\u0117stai yra puikus pasirinkimas jautriems ar alergi\u0161kiems augintiniams bei tiems, kuri\u0173 mityba yra apribota.","og_url":"https:\/\/anivet.lt\/elparduotuve\/produktas\/kiwi-walker-liofilizuoti-skanestai-su-jautiena-40g\/","og_site_name":"anivet.lt","article_modified_time":"2026-02-28T22:35:40+00:00","og_image":[{"width":500,"height":710,"url":"https:\/\/anivet.lt\/elparduotuve\/wp-content\/uploads\/2025\/06\/Kiwi-Walker-liofilizuoti-skanestai-su-jautiena-40g.jpg","type":"image\/jpeg"}],"twitter_card":"summary_large_image","twitter_misc":{"Est. reading time":"1 minut\u0117"},"schema":{"@context":"https:\/\/schema.org","@graph":[{"@type":"WebPage","@id":"https:\/\/anivet.lt\/elparduotuve\/produktas\/kiwi-walker-liofilizuoti-skanestai-su-jautiena-40g\/","url":"https:\/\/anivet.lt\/elparduotuve\/produktas\/kiwi-walker-liofilizuoti-skanestai-su-jautiena-40g\/","name":"Kiwi Walker liofilizuoti skan\u0117stai su jautiena 40g - anivet.lt","isPartOf":{"@id":"https:\/\/anivet.lt\/elparduotuve\/#website"},"primaryImageOfPage":{"@id":"https:\/\/anivet.lt\/elparduotuve\/produktas\/kiwi-walker-liofilizuoti-skanestai-su-jautiena-40g\/#primaryimage"},"image":{"@id":"https:\/\/anivet.lt\/elparduotuve\/produktas\/kiwi-walker-liofilizuoti-skanestai-su-jautiena-40g\/#primaryimage"},"thumbnailUrl":"https:\/\/anivet.lt\/elparduotuve\/wp-content\/uploads\/2025\/06\/Kiwi-Walker-liofilizuoti-skanestai-su-jautiena-40g.jpg","datePublished":"2025-06-28T08:54:13+00:00","dateModified":"2026-02-28T22:35:40+00:00","description":"Tai nat\u016bralus, vieno ingrediento u\u017ekandis, tinkantis tiek \u0161unims, tiek kat\u0117ms. Kadangi sud\u0117tyje yra tik vienas gyv\u016bninis baltymas \u2013 jautiena. \u0160ie skan\u0117stai yra puikus pasirinkimas jautriems ar alergi\u0161kiems augintiniams bei tiems, kuri\u0173 mityba yra apribota.","breadcrumb":{"@id":"https:\/\/anivet.lt\/elparduotuve\/produktas\/kiwi-walker-liofilizuoti-skanestai-su-jautiena-40g\/#breadcrumb"},"inLanguage":"lt-LT","potentialAction":[{"@type":"ReadAction","target":["https:\/\/anivet.lt\/elparduotuve\/produktas\/kiwi-walker-liofilizuoti-skanestai-su-jautiena-40g\/"]}]},{"@type":"ImageObject","inLanguage":"lt-LT","@id":"https:\/\/anivet.lt\/elparduotuve\/produktas\/kiwi-walker-liofilizuoti-skanestai-su-jautiena-40g\/#primaryimage","url":"https:\/\/anivet.lt\/elparduotuve\/wp-content\/uploads\/2025\/06\/Kiwi-Walker-liofilizuoti-skanestai-su-jautiena-40g.jpg","contentUrl":"https:\/\/anivet.lt\/elparduotuve\/wp-content\/uploads\/2025\/06\/Kiwi-Walker-liofilizuoti-skanestai-su-jautiena-40g.jpg","width":500,"height":710,"caption":"Kiwi Walker liofilizuoti skan\u0117stai su jautiena 40g"},{"@type":"BreadcrumbList","@id":"https:\/\/anivet.lt\/elparduotuve\/produktas\/kiwi-walker-liofilizuoti-skanestai-su-jautiena-40g\/#breadcrumb","itemListElement":[{"@type":"ListItem","position":1,"name":"Home","item":"https:\/\/anivet.lt\/elparduotuve\/"},{"@type":"ListItem","position":2,"name":"Produktai","item":"https:\/\/anivet.lt\/elparduotuve\/produktai\/"},{"@type":"ListItem","position":3,"name":"Kiwi Walker liofilizuoti skan\u0117stai su jautiena 40g"}]},{"@type":"WebSite","@id":"https:\/\/anivet.lt\/elparduotuve\/#website","url":"https:\/\/anivet.lt\/elparduotuve\/","name":"anivet.lt","description":"Viskas J\u016bs\u0173 \u0161uns, kat\u0117s prie\u017ei\u016brai","publisher":{"@id":"https:\/\/anivet.lt\/elparduotuve\/#organization"},"alternateName":"Viskas J\u016bs\u0173 \u0161uns, kat\u0117s prie\u017ei\u016brai","potentialAction":[{"@type":"SearchAction","target":{"@type":"EntryPoint","urlTemplate":"https:\/\/anivet.lt\/elparduotuve\/?s={search_term_string}"},"query-input":{"@type":"PropertyValueSpecification","valueRequired":true,"valueName":"search_term_string"}}],"inLanguage":"lt-LT"},{"@type":"Organization","@id":"https:\/\/anivet.lt\/elparduotuve\/#organization","name":"Viskas J\u016bs\u0173 \u0161uns, kat\u0117s prie\u017ei\u016brai","url":"https:\/\/anivet.lt\/elparduotuve\/","logo":{"@type":"ImageObject","inLanguage":"lt-LT","@id":"https:\/\/anivet.lt\/elparduotuve\/#\/schema\/logo\/image\/","url":"https:\/\/anivet.lt\/elparduotuve\/wp-content\/uploads\/2023\/06\/logo2.jpg","contentUrl":"https:\/\/anivet.lt\/elparduotuve\/wp-content\/uploads\/2023\/06\/logo2.jpg","width":655,"height":194,"caption":"Viskas J\u016bs\u0173 \u0161uns, kat\u0117s prie\u017ei\u016brai"},"image":{"@id":"https:\/\/anivet.lt\/elparduotuve\/#\/schema\/logo\/image\/"}}]}},"_links":{"self":[{"href":"https:\/\/anivet.lt\/elparduotuve\/wp-json\/wp\/v2\/product\/18258","targetHints":{"allow":["GET"]}}],"collection":[{"href":"https:\/\/anivet.lt\/elparduotuve\/wp-json\/wp\/v2\/product"}],"about":[{"href":"https:\/\/anivet.lt\/elparduotuve\/wp-json\/wp\/v2\/types\/product"}],"wp:featuredmedia":[{"embeddable":true,"href":"https:\/\/anivet.lt\/elparduotuve\/wp-json\/wp\/v2\/media\/18259"}],"wp:attachment":[{"href":"https:\/\/anivet.lt\/elparduotuve\/wp-json\/wp\/v2\/media?parent=18258"}],"wp:term":[{"taxonomy":"product_brand","embeddable":true,"href":"https:\/\/anivet.lt\/elparduotuve\/wp-json\/wp\/v2\/product_brand?post=18258"},{"taxonomy":"product_cat","embeddable":true,"href":"https:\/\/anivet.lt\/elparduotuve\/wp-json\/wp\/v2\/product_cat?post=18258"},{"taxonomy":"product_tag","embeddable":true,"href":"https:\/\/anivet.lt\/elparduotuve\/wp-json\/wp\/v2\/product_tag?post=18258"}],"curies":[{"name":"wp","href":"https:\/\/api.w.org\/{rel}","templated":true}]}}