{"id":18262,"date":"2025-06-28T09:07:50","date_gmt":"2025-06-28T09:07:50","guid":{"rendered":"https:\/\/anivet.lt\/elparduotuve\/?post_type=product&#038;p=18262"},"modified":"2026-02-28T22:36:50","modified_gmt":"2026-02-28T22:36:50","slug":"kiwi-walker-liofilizuoti-skanestai-su-jautiena-vistiena-ir-burokeliais-90g","status":"publish","type":"product","link":"https:\/\/anivet.lt\/elparduotuve\/produktas\/kiwi-walker-liofilizuoti-skanestai-su-jautiena-vistiena-ir-burokeliais-90g\/","title":{"rendered":"Kiwi Walker liofilizuoti skan\u0117stai su jautiena, vi\u0161tiena ir burok\u0117liais 90g"},"content":{"rendered":"<ul>\n<li>Sud\u0117tyje \u2013 tik jautiena, vi\u0161tiena ir burok\u0117liai;<\/li>\n<li>Be joki\u0173 konservant\u0173, dirbtini\u0173 pried\u0173 ar da\u017eikli\u0173;<\/li>\n<li>Ma\u017ei, sausi kubeliai idealiai tinka naudoti dres\u016bros metu arba kaip lengvas, skanus u\u017ekandis kasdienai.<\/li>\n<\/ul>\n<p>D\u0117l paprastos ir nat\u016bralios sud\u0117ties, \u0161ie skan\u0117stai puikiai tinka net jautresniems ar alergi\u0161kiems augintiniams, ypa\u010d tiems, kuri\u0173 mityboje svarbu vengti perteklini\u0173 ingredient\u0173.<\/p>\n","protected":false},"excerpt":{"rendered":"<p>Tai 100 % nat\u016bralus, sveikas u\u017ekandis \u0161unims ir kat\u0117ms, kuriame derinama auk\u0161tos kokyb\u0117s m\u0117sa su maistingais burok\u0117liais. \u0160altyje d\u017eiovinimo (liofilizacijos) procesas leid\u017eia i\u0161saugoti visas naudingas med\u017eiagas, pa\u0161alinant tik dr\u0117gm\u0119, tad skan\u0117stai i\u0161lieka maistingi ir gard\u016bs.<\/p>\n","protected":false},"featured_media":18264,"template":"","meta":[],"product_brand":[],"product_cat":[101,103,114,102,106,117],"product_tag":[],"class_list":{"0":"post-18262","1":"product","2":"type-product","3":"status-publish","4":"has-post-thumbnail","6":"product_cat-sunims","7":"product_cat-sunu-maistas","8":"product_cat-kaciu-maistas","9":"product_cat-katems","10":"product_cat-skanestai","11":"product_cat-skanestai-katems","12":"pa_prekinis-zenklas-kiwi-walker","14":"first","15":"instock","16":"taxable","17":"shipping-taxable","18":"purchasable","19":"product-type-simple"},"yoast_head":"<!-- This site is optimized with the Yoast SEO Premium plugin v27.1 (Yoast SEO v27.3) - https:\/\/yoast.com\/product\/yoast-seo-premium-wordpress\/ -->\n<title>Kiwi Walker liofilizuoti skan\u0117stai su jautiena, vi\u0161tiena ir burok\u0117liais 90g - anivet.lt<\/title>\n<meta name=\"description\" content=\"Tai 100 % nat\u016bralus, sveikas u\u017ekandis \u0161unims ir kat\u0117ms, kuriame derinama auk\u0161tos kokyb\u0117s m\u0117sa su maistingais burok\u0117liais. \u0160altyje d\u017eiovinimo (liofilizacijos) procesas leid\u017eia i\u0161saugoti visas naudingas med\u017eiagas, pa\u0161alinant tik dr\u0117gm\u0119, tad skan\u0117stai i\u0161lieka maistingi ir gard\u016bs.\" \/>\n<meta name=\"robots\" content=\"index, follow, max-snippet:-1, max-image-preview:large, max-video-preview:-1\" \/>\n<link rel=\"canonical\" href=\"https:\/\/anivet.lt\/elparduotuve\/produktas\/kiwi-walker-liofilizuoti-skanestai-su-jautiena-vistiena-ir-burokeliais-90g\/\" \/>\n<meta property=\"og:locale\" content=\"lt_LT\" \/>\n<meta property=\"og:type\" content=\"article\" \/>\n<meta property=\"og:title\" content=\"Kiwi Walker liofilizuoti skan\u0117stai su jautiena, vi\u0161tiena ir burok\u0117liais 90g\" \/>\n<meta property=\"og:description\" content=\"Tai 100 % nat\u016bralus, sveikas u\u017ekandis \u0161unims ir kat\u0117ms, kuriame derinama auk\u0161tos kokyb\u0117s m\u0117sa su maistingais burok\u0117liais. \u0160altyje d\u017eiovinimo (liofilizacijos) procesas leid\u017eia i\u0161saugoti visas naudingas med\u017eiagas, pa\u0161alinant tik dr\u0117gm\u0119, tad skan\u0117stai i\u0161lieka maistingi ir gard\u016bs.\" \/>\n<meta property=\"og:url\" content=\"https:\/\/anivet.lt\/elparduotuve\/produktas\/kiwi-walker-liofilizuoti-skanestai-su-jautiena-vistiena-ir-burokeliais-90g\/\" \/>\n<meta property=\"og:site_name\" content=\"anivet.lt\" \/>\n<meta property=\"article:modified_time\" content=\"2026-02-28T22:36:50+00:00\" \/>\n<meta property=\"og:image\" content=\"https:\/\/anivet.lt\/elparduotuve\/wp-content\/uploads\/2025\/06\/Kiwi-Walker-liofilizuoti-skanestai-su-jautiena-vistiena-ir-burokeliais-90g.jpg\" \/>\n\t<meta property=\"og:image:width\" content=\"500\" \/>\n\t<meta property=\"og:image:height\" content=\"500\" \/>\n\t<meta property=\"og:image:type\" content=\"image\/jpeg\" \/>\n<meta name=\"twitter:card\" content=\"summary_large_image\" \/>\n<meta name=\"twitter:label1\" content=\"Est. reading time\" \/>\n\t<meta name=\"twitter:data1\" content=\"1 minut\u0117\" \/>\n<script type=\"application\/ld+json\" class=\"yoast-schema-graph\">{\"@context\":\"https:\\\/\\\/schema.org\",\"@graph\":[{\"@type\":\"WebPage\",\"@id\":\"https:\\\/\\\/anivet.lt\\\/elparduotuve\\\/produktas\\\/kiwi-walker-liofilizuoti-skanestai-su-jautiena-vistiena-ir-burokeliais-90g\\\/\",\"url\":\"https:\\\/\\\/anivet.lt\\\/elparduotuve\\\/produktas\\\/kiwi-walker-liofilizuoti-skanestai-su-jautiena-vistiena-ir-burokeliais-90g\\\/\",\"name\":\"Kiwi Walker liofilizuoti skan\u0117stai su jautiena, vi\u0161tiena ir burok\u0117liais 90g - anivet.lt\",\"isPartOf\":{\"@id\":\"https:\\\/\\\/anivet.lt\\\/elparduotuve\\\/#website\"},\"primaryImageOfPage\":{\"@id\":\"https:\\\/\\\/anivet.lt\\\/elparduotuve\\\/produktas\\\/kiwi-walker-liofilizuoti-skanestai-su-jautiena-vistiena-ir-burokeliais-90g\\\/#primaryimage\"},\"image\":{\"@id\":\"https:\\\/\\\/anivet.lt\\\/elparduotuve\\\/produktas\\\/kiwi-walker-liofilizuoti-skanestai-su-jautiena-vistiena-ir-burokeliais-90g\\\/#primaryimage\"},\"thumbnailUrl\":\"https:\\\/\\\/anivet.lt\\\/elparduotuve\\\/wp-content\\\/uploads\\\/2025\\\/06\\\/Kiwi-Walker-liofilizuoti-skanestai-su-jautiena-vistiena-ir-burokeliais-90g.jpg\",\"datePublished\":\"2025-06-28T09:07:50+00:00\",\"dateModified\":\"2026-02-28T22:36:50+00:00\",\"description\":\"Tai 100 % nat\u016bralus, sveikas u\u017ekandis \u0161unims ir kat\u0117ms, kuriame derinama auk\u0161tos kokyb\u0117s m\u0117sa su maistingais burok\u0117liais. \u0160altyje d\u017eiovinimo (liofilizacijos) procesas leid\u017eia i\u0161saugoti visas naudingas med\u017eiagas, pa\u0161alinant tik dr\u0117gm\u0119, tad skan\u0117stai i\u0161lieka maistingi ir gard\u016bs.\",\"breadcrumb\":{\"@id\":\"https:\\\/\\\/anivet.lt\\\/elparduotuve\\\/produktas\\\/kiwi-walker-liofilizuoti-skanestai-su-jautiena-vistiena-ir-burokeliais-90g\\\/#breadcrumb\"},\"inLanguage\":\"lt-LT\",\"potentialAction\":[{\"@type\":\"ReadAction\",\"target\":[\"https:\\\/\\\/anivet.lt\\\/elparduotuve\\\/produktas\\\/kiwi-walker-liofilizuoti-skanestai-su-jautiena-vistiena-ir-burokeliais-90g\\\/\"]}]},{\"@type\":\"ImageObject\",\"inLanguage\":\"lt-LT\",\"@id\":\"https:\\\/\\\/anivet.lt\\\/elparduotuve\\\/produktas\\\/kiwi-walker-liofilizuoti-skanestai-su-jautiena-vistiena-ir-burokeliais-90g\\\/#primaryimage\",\"url\":\"https:\\\/\\\/anivet.lt\\\/elparduotuve\\\/wp-content\\\/uploads\\\/2025\\\/06\\\/Kiwi-Walker-liofilizuoti-skanestai-su-jautiena-vistiena-ir-burokeliais-90g.jpg\",\"contentUrl\":\"https:\\\/\\\/anivet.lt\\\/elparduotuve\\\/wp-content\\\/uploads\\\/2025\\\/06\\\/Kiwi-Walker-liofilizuoti-skanestai-su-jautiena-vistiena-ir-burokeliais-90g.jpg\",\"width\":500,\"height\":500,\"caption\":\"Kiwi Walker liofilizuoti skan\u0117stai su jautiena, vi\u0161tiena ir burok\u0117liais 90g\"},{\"@type\":\"BreadcrumbList\",\"@id\":\"https:\\\/\\\/anivet.lt\\\/elparduotuve\\\/produktas\\\/kiwi-walker-liofilizuoti-skanestai-su-jautiena-vistiena-ir-burokeliais-90g\\\/#breadcrumb\",\"itemListElement\":[{\"@type\":\"ListItem\",\"position\":1,\"name\":\"Home\",\"item\":\"https:\\\/\\\/anivet.lt\\\/elparduotuve\\\/\"},{\"@type\":\"ListItem\",\"position\":2,\"name\":\"Produktai\",\"item\":\"https:\\\/\\\/anivet.lt\\\/elparduotuve\\\/produktai\\\/\"},{\"@type\":\"ListItem\",\"position\":3,\"name\":\"Kiwi Walker liofilizuoti skan\u0117stai su jautiena, vi\u0161tiena ir burok\u0117liais 90g\"}]},{\"@type\":\"WebSite\",\"@id\":\"https:\\\/\\\/anivet.lt\\\/elparduotuve\\\/#website\",\"url\":\"https:\\\/\\\/anivet.lt\\\/elparduotuve\\\/\",\"name\":\"anivet.lt\",\"description\":\"Viskas J\u016bs\u0173 \u0161uns, kat\u0117s prie\u017ei\u016brai\",\"publisher\":{\"@id\":\"https:\\\/\\\/anivet.lt\\\/elparduotuve\\\/#organization\"},\"alternateName\":\"Viskas J\u016bs\u0173 \u0161uns, kat\u0117s prie\u017ei\u016brai\",\"potentialAction\":[{\"@type\":\"SearchAction\",\"target\":{\"@type\":\"EntryPoint\",\"urlTemplate\":\"https:\\\/\\\/anivet.lt\\\/elparduotuve\\\/?s={search_term_string}\"},\"query-input\":{\"@type\":\"PropertyValueSpecification\",\"valueRequired\":true,\"valueName\":\"search_term_string\"}}],\"inLanguage\":\"lt-LT\"},{\"@type\":\"Organization\",\"@id\":\"https:\\\/\\\/anivet.lt\\\/elparduotuve\\\/#organization\",\"name\":\"Viskas J\u016bs\u0173 \u0161uns, kat\u0117s prie\u017ei\u016brai\",\"url\":\"https:\\\/\\\/anivet.lt\\\/elparduotuve\\\/\",\"logo\":{\"@type\":\"ImageObject\",\"inLanguage\":\"lt-LT\",\"@id\":\"https:\\\/\\\/anivet.lt\\\/elparduotuve\\\/#\\\/schema\\\/logo\\\/image\\\/\",\"url\":\"https:\\\/\\\/anivet.lt\\\/elparduotuve\\\/wp-content\\\/uploads\\\/2023\\\/06\\\/logo2.jpg\",\"contentUrl\":\"https:\\\/\\\/anivet.lt\\\/elparduotuve\\\/wp-content\\\/uploads\\\/2023\\\/06\\\/logo2.jpg\",\"width\":655,\"height\":194,\"caption\":\"Viskas J\u016bs\u0173 \u0161uns, kat\u0117s prie\u017ei\u016brai\"},\"image\":{\"@id\":\"https:\\\/\\\/anivet.lt\\\/elparduotuve\\\/#\\\/schema\\\/logo\\\/image\\\/\"}}]}<\/script>\n<!-- \/ Yoast SEO Premium plugin. -->","yoast_head_json":{"title":"Kiwi Walker liofilizuoti skan\u0117stai su jautiena, vi\u0161tiena ir burok\u0117liais 90g - anivet.lt","description":"Tai 100 % nat\u016bralus, sveikas u\u017ekandis \u0161unims ir kat\u0117ms, kuriame derinama auk\u0161tos kokyb\u0117s m\u0117sa su maistingais burok\u0117liais. \u0160altyje d\u017eiovinimo (liofilizacijos) procesas leid\u017eia i\u0161saugoti visas naudingas med\u017eiagas, pa\u0161alinant tik dr\u0117gm\u0119, tad skan\u0117stai i\u0161lieka maistingi ir gard\u016bs.","robots":{"index":"index","follow":"follow","max-snippet":"max-snippet:-1","max-image-preview":"max-image-preview:large","max-video-preview":"max-video-preview:-1"},"canonical":"https:\/\/anivet.lt\/elparduotuve\/produktas\/kiwi-walker-liofilizuoti-skanestai-su-jautiena-vistiena-ir-burokeliais-90g\/","og_locale":"lt_LT","og_type":"article","og_title":"Kiwi Walker liofilizuoti skan\u0117stai su jautiena, vi\u0161tiena ir burok\u0117liais 90g","og_description":"Tai 100 % nat\u016bralus, sveikas u\u017ekandis \u0161unims ir kat\u0117ms, kuriame derinama auk\u0161tos kokyb\u0117s m\u0117sa su maistingais burok\u0117liais. \u0160altyje d\u017eiovinimo (liofilizacijos) procesas leid\u017eia i\u0161saugoti visas naudingas med\u017eiagas, pa\u0161alinant tik dr\u0117gm\u0119, tad skan\u0117stai i\u0161lieka maistingi ir gard\u016bs.","og_url":"https:\/\/anivet.lt\/elparduotuve\/produktas\/kiwi-walker-liofilizuoti-skanestai-su-jautiena-vistiena-ir-burokeliais-90g\/","og_site_name":"anivet.lt","article_modified_time":"2026-02-28T22:36:50+00:00","og_image":[{"width":500,"height":500,"url":"https:\/\/anivet.lt\/elparduotuve\/wp-content\/uploads\/2025\/06\/Kiwi-Walker-liofilizuoti-skanestai-su-jautiena-vistiena-ir-burokeliais-90g.jpg","type":"image\/jpeg"}],"twitter_card":"summary_large_image","twitter_misc":{"Est. reading time":"1 minut\u0117"},"schema":{"@context":"https:\/\/schema.org","@graph":[{"@type":"WebPage","@id":"https:\/\/anivet.lt\/elparduotuve\/produktas\/kiwi-walker-liofilizuoti-skanestai-su-jautiena-vistiena-ir-burokeliais-90g\/","url":"https:\/\/anivet.lt\/elparduotuve\/produktas\/kiwi-walker-liofilizuoti-skanestai-su-jautiena-vistiena-ir-burokeliais-90g\/","name":"Kiwi Walker liofilizuoti skan\u0117stai su jautiena, vi\u0161tiena ir burok\u0117liais 90g - anivet.lt","isPartOf":{"@id":"https:\/\/anivet.lt\/elparduotuve\/#website"},"primaryImageOfPage":{"@id":"https:\/\/anivet.lt\/elparduotuve\/produktas\/kiwi-walker-liofilizuoti-skanestai-su-jautiena-vistiena-ir-burokeliais-90g\/#primaryimage"},"image":{"@id":"https:\/\/anivet.lt\/elparduotuve\/produktas\/kiwi-walker-liofilizuoti-skanestai-su-jautiena-vistiena-ir-burokeliais-90g\/#primaryimage"},"thumbnailUrl":"https:\/\/anivet.lt\/elparduotuve\/wp-content\/uploads\/2025\/06\/Kiwi-Walker-liofilizuoti-skanestai-su-jautiena-vistiena-ir-burokeliais-90g.jpg","datePublished":"2025-06-28T09:07:50+00:00","dateModified":"2026-02-28T22:36:50+00:00","description":"Tai 100 % nat\u016bralus, sveikas u\u017ekandis \u0161unims ir kat\u0117ms, kuriame derinama auk\u0161tos kokyb\u0117s m\u0117sa su maistingais burok\u0117liais. \u0160altyje d\u017eiovinimo (liofilizacijos) procesas leid\u017eia i\u0161saugoti visas naudingas med\u017eiagas, pa\u0161alinant tik dr\u0117gm\u0119, tad skan\u0117stai i\u0161lieka maistingi ir gard\u016bs.","breadcrumb":{"@id":"https:\/\/anivet.lt\/elparduotuve\/produktas\/kiwi-walker-liofilizuoti-skanestai-su-jautiena-vistiena-ir-burokeliais-90g\/#breadcrumb"},"inLanguage":"lt-LT","potentialAction":[{"@type":"ReadAction","target":["https:\/\/anivet.lt\/elparduotuve\/produktas\/kiwi-walker-liofilizuoti-skanestai-su-jautiena-vistiena-ir-burokeliais-90g\/"]}]},{"@type":"ImageObject","inLanguage":"lt-LT","@id":"https:\/\/anivet.lt\/elparduotuve\/produktas\/kiwi-walker-liofilizuoti-skanestai-su-jautiena-vistiena-ir-burokeliais-90g\/#primaryimage","url":"https:\/\/anivet.lt\/elparduotuve\/wp-content\/uploads\/2025\/06\/Kiwi-Walker-liofilizuoti-skanestai-su-jautiena-vistiena-ir-burokeliais-90g.jpg","contentUrl":"https:\/\/anivet.lt\/elparduotuve\/wp-content\/uploads\/2025\/06\/Kiwi-Walker-liofilizuoti-skanestai-su-jautiena-vistiena-ir-burokeliais-90g.jpg","width":500,"height":500,"caption":"Kiwi Walker liofilizuoti skan\u0117stai su jautiena, vi\u0161tiena ir burok\u0117liais 90g"},{"@type":"BreadcrumbList","@id":"https:\/\/anivet.lt\/elparduotuve\/produktas\/kiwi-walker-liofilizuoti-skanestai-su-jautiena-vistiena-ir-burokeliais-90g\/#breadcrumb","itemListElement":[{"@type":"ListItem","position":1,"name":"Home","item":"https:\/\/anivet.lt\/elparduotuve\/"},{"@type":"ListItem","position":2,"name":"Produktai","item":"https:\/\/anivet.lt\/elparduotuve\/produktai\/"},{"@type":"ListItem","position":3,"name":"Kiwi Walker liofilizuoti skan\u0117stai su jautiena, vi\u0161tiena ir burok\u0117liais 90g"}]},{"@type":"WebSite","@id":"https:\/\/anivet.lt\/elparduotuve\/#website","url":"https:\/\/anivet.lt\/elparduotuve\/","name":"anivet.lt","description":"Viskas J\u016bs\u0173 \u0161uns, kat\u0117s prie\u017ei\u016brai","publisher":{"@id":"https:\/\/anivet.lt\/elparduotuve\/#organization"},"alternateName":"Viskas J\u016bs\u0173 \u0161uns, kat\u0117s prie\u017ei\u016brai","potentialAction":[{"@type":"SearchAction","target":{"@type":"EntryPoint","urlTemplate":"https:\/\/anivet.lt\/elparduotuve\/?s={search_term_string}"},"query-input":{"@type":"PropertyValueSpecification","valueRequired":true,"valueName":"search_term_string"}}],"inLanguage":"lt-LT"},{"@type":"Organization","@id":"https:\/\/anivet.lt\/elparduotuve\/#organization","name":"Viskas J\u016bs\u0173 \u0161uns, kat\u0117s prie\u017ei\u016brai","url":"https:\/\/anivet.lt\/elparduotuve\/","logo":{"@type":"ImageObject","inLanguage":"lt-LT","@id":"https:\/\/anivet.lt\/elparduotuve\/#\/schema\/logo\/image\/","url":"https:\/\/anivet.lt\/elparduotuve\/wp-content\/uploads\/2023\/06\/logo2.jpg","contentUrl":"https:\/\/anivet.lt\/elparduotuve\/wp-content\/uploads\/2023\/06\/logo2.jpg","width":655,"height":194,"caption":"Viskas J\u016bs\u0173 \u0161uns, kat\u0117s prie\u017ei\u016brai"},"image":{"@id":"https:\/\/anivet.lt\/elparduotuve\/#\/schema\/logo\/image\/"}}]}},"_links":{"self":[{"href":"https:\/\/anivet.lt\/elparduotuve\/wp-json\/wp\/v2\/product\/18262","targetHints":{"allow":["GET"]}}],"collection":[{"href":"https:\/\/anivet.lt\/elparduotuve\/wp-json\/wp\/v2\/product"}],"about":[{"href":"https:\/\/anivet.lt\/elparduotuve\/wp-json\/wp\/v2\/types\/product"}],"wp:featuredmedia":[{"embeddable":true,"href":"https:\/\/anivet.lt\/elparduotuve\/wp-json\/wp\/v2\/media\/18264"}],"wp:attachment":[{"href":"https:\/\/anivet.lt\/elparduotuve\/wp-json\/wp\/v2\/media?parent=18262"}],"wp:term":[{"taxonomy":"product_brand","embeddable":true,"href":"https:\/\/anivet.lt\/elparduotuve\/wp-json\/wp\/v2\/product_brand?post=18262"},{"taxonomy":"product_cat","embeddable":true,"href":"https:\/\/anivet.lt\/elparduotuve\/wp-json\/wp\/v2\/product_cat?post=18262"},{"taxonomy":"product_tag","embeddable":true,"href":"https:\/\/anivet.lt\/elparduotuve\/wp-json\/wp\/v2\/product_tag?post=18262"}],"curies":[{"name":"wp","href":"https:\/\/api.w.org\/{rel}","templated":true}]}}