{"id":18265,"date":"2025-06-28T09:12:25","date_gmt":"2025-06-28T09:12:25","guid":{"rendered":"https:\/\/anivet.lt\/elparduotuve\/?post_type=product&#038;p=18265"},"modified":"2026-02-28T22:35:01","modified_gmt":"2026-02-28T22:35:01","slug":"kiwi-walker-liofilizuoti-skanestai-su-triusiena-75g","status":"publish","type":"product","link":"https:\/\/anivet.lt\/elparduotuve\/produktas\/kiwi-walker-liofilizuoti-skanestai-su-triusiena-75g\/","title":{"rendered":"Kiwi Walker liofilizuoti skan\u0117stai su triu\u0161iena 75g"},"content":{"rendered":"<ul>\n<li>\u0160altyje d\u017eiovinimo (liofilizacijos) b\u016bdu i\u0161 m\u0117sos pa\u0161alinama tik dr\u0117gm\u0117, tod\u0117l i\u0161lieka visos maistin\u0117s med\u017eiagos, nat\u016bralus skonis ir kvapas;<\/li>\n<li>Sud\u0117tyje n\u0117ra joki\u0173 pried\u0173, konservant\u0173 ar da\u017eikli\u0173 \u2013 tik vienas ingredientas, kuris u\u017etikrina paprast\u0105 ir kokybi\u0161k\u0105 sud\u0117t\u012f;<\/li>\n<li>Triu\u0161ienoje yra daug vitamin\u0173 B12 ir B3, taip pat lecitino, kalio ir fosforo.<\/li>\n<\/ul>\n<p><span lang=\"en-US\">Kiwi Walker triu\u0161ienos skan\u0117stai \u2013 tai nat\u016bralus ir saugus b\u016bdas palepinti net pat\u012f i\u0161rankiausi\u0105 augintin\u012f. <\/span><span lang=\"en-US\">Jie nesitepa, nelimpa prie rank\u0173 ir lengvai lau\u017eomi, tod\u0117l ypa\u010d patog\u016bs naudoti namuose, kelion\u0117se ar pasivaik\u0161\u010diojim\u0173 metu. <\/span><\/p>\n","protected":false},"excerpt":{"rendered":"<p><span lang=\"en-US\">Tai nat\u016bralus, sveikas u\u017ekandis \u0161unims ir kat\u0117ms, pagamintas i\u0161 100 % grynos triu\u0161ienos. D\u0117l vienos baltymin\u0117s kilm\u0117s \u0161ie skan\u0117stai idealiai tinka augintiniams, turintiems maisto netoleravim\u0105 ar besilaikantiems specialios dietos. <\/span><\/p>\n","protected":false},"featured_media":18266,"template":"","meta":[],"product_brand":[],"product_cat":[101,103,114,102,106,117],"product_tag":[],"class_list":{"0":"post-18265","1":"product","2":"type-product","3":"status-publish","4":"has-post-thumbnail","6":"product_cat-sunims","7":"product_cat-sunu-maistas","8":"product_cat-kaciu-maistas","9":"product_cat-katems","10":"product_cat-skanestai","11":"product_cat-skanestai-katems","12":"pa_prekinis-zenklas-kiwi-walker","14":"first","15":"instock","16":"taxable","17":"shipping-taxable","18":"purchasable","19":"product-type-simple"},"yoast_head":"<!-- This site is optimized with the Yoast SEO Premium plugin v27.1 (Yoast SEO v27.3) - https:\/\/yoast.com\/product\/yoast-seo-premium-wordpress\/ -->\n<title>Kiwi Walker liofilizuoti skan\u0117stai su triu\u0161iena 75g - anivet.lt<\/title>\n<meta name=\"description\" content=\"Tai nat\u016bralus, sveikas u\u017ekandis \u0161unims ir kat\u0117ms, pagamintas i\u0161 100 % grynos triu\u0161ienos. D\u0117l vienos baltymin\u0117s kilm\u0117s \u0161ie skan\u0117stai idealiai tinka augintiniams, turintiems maisto netoleravim\u0105 ar besilaikantiems specialios dietos.\" \/>\n<meta name=\"robots\" content=\"index, follow, max-snippet:-1, max-image-preview:large, max-video-preview:-1\" \/>\n<link rel=\"canonical\" href=\"https:\/\/anivet.lt\/elparduotuve\/produktas\/kiwi-walker-liofilizuoti-skanestai-su-triusiena-75g\/\" \/>\n<meta property=\"og:locale\" content=\"lt_LT\" \/>\n<meta property=\"og:type\" content=\"article\" \/>\n<meta property=\"og:title\" content=\"Kiwi Walker liofilizuoti skan\u0117stai su triu\u0161iena 75g\" \/>\n<meta property=\"og:description\" content=\"Tai nat\u016bralus, sveikas u\u017ekandis \u0161unims ir kat\u0117ms, pagamintas i\u0161 100 % grynos triu\u0161ienos. D\u0117l vienos baltymin\u0117s kilm\u0117s \u0161ie skan\u0117stai idealiai tinka augintiniams, turintiems maisto netoleravim\u0105 ar besilaikantiems specialios dietos.\" \/>\n<meta property=\"og:url\" content=\"https:\/\/anivet.lt\/elparduotuve\/produktas\/kiwi-walker-liofilizuoti-skanestai-su-triusiena-75g\/\" \/>\n<meta property=\"og:site_name\" content=\"anivet.lt\" \/>\n<meta property=\"article:modified_time\" content=\"2026-02-28T22:35:01+00:00\" \/>\n<meta property=\"og:image\" content=\"https:\/\/anivet.lt\/elparduotuve\/wp-content\/uploads\/2025\/06\/Kiwi-Walker-liofilizuoti-skanestai-su-triusiena-75g.jpg\" \/>\n\t<meta property=\"og:image:width\" content=\"500\" \/>\n\t<meta property=\"og:image:height\" content=\"500\" \/>\n\t<meta property=\"og:image:type\" content=\"image\/jpeg\" \/>\n<meta name=\"twitter:card\" content=\"summary_large_image\" \/>\n<meta name=\"twitter:label1\" content=\"Est. reading time\" \/>\n\t<meta name=\"twitter:data1\" content=\"1 minut\u0117\" \/>\n<script type=\"application\/ld+json\" class=\"yoast-schema-graph\">{\"@context\":\"https:\\\/\\\/schema.org\",\"@graph\":[{\"@type\":\"WebPage\",\"@id\":\"https:\\\/\\\/anivet.lt\\\/elparduotuve\\\/produktas\\\/kiwi-walker-liofilizuoti-skanestai-su-triusiena-75g\\\/\",\"url\":\"https:\\\/\\\/anivet.lt\\\/elparduotuve\\\/produktas\\\/kiwi-walker-liofilizuoti-skanestai-su-triusiena-75g\\\/\",\"name\":\"Kiwi Walker liofilizuoti skan\u0117stai su triu\u0161iena 75g - anivet.lt\",\"isPartOf\":{\"@id\":\"https:\\\/\\\/anivet.lt\\\/elparduotuve\\\/#website\"},\"primaryImageOfPage\":{\"@id\":\"https:\\\/\\\/anivet.lt\\\/elparduotuve\\\/produktas\\\/kiwi-walker-liofilizuoti-skanestai-su-triusiena-75g\\\/#primaryimage\"},\"image\":{\"@id\":\"https:\\\/\\\/anivet.lt\\\/elparduotuve\\\/produktas\\\/kiwi-walker-liofilizuoti-skanestai-su-triusiena-75g\\\/#primaryimage\"},\"thumbnailUrl\":\"https:\\\/\\\/anivet.lt\\\/elparduotuve\\\/wp-content\\\/uploads\\\/2025\\\/06\\\/Kiwi-Walker-liofilizuoti-skanestai-su-triusiena-75g.jpg\",\"datePublished\":\"2025-06-28T09:12:25+00:00\",\"dateModified\":\"2026-02-28T22:35:01+00:00\",\"description\":\"Tai nat\u016bralus, sveikas u\u017ekandis \u0161unims ir kat\u0117ms, pagamintas i\u0161 100 % grynos triu\u0161ienos. D\u0117l vienos baltymin\u0117s kilm\u0117s \u0161ie skan\u0117stai idealiai tinka augintiniams, turintiems maisto netoleravim\u0105 ar besilaikantiems specialios dietos.\",\"breadcrumb\":{\"@id\":\"https:\\\/\\\/anivet.lt\\\/elparduotuve\\\/produktas\\\/kiwi-walker-liofilizuoti-skanestai-su-triusiena-75g\\\/#breadcrumb\"},\"inLanguage\":\"lt-LT\",\"potentialAction\":[{\"@type\":\"ReadAction\",\"target\":[\"https:\\\/\\\/anivet.lt\\\/elparduotuve\\\/produktas\\\/kiwi-walker-liofilizuoti-skanestai-su-triusiena-75g\\\/\"]}]},{\"@type\":\"ImageObject\",\"inLanguage\":\"lt-LT\",\"@id\":\"https:\\\/\\\/anivet.lt\\\/elparduotuve\\\/produktas\\\/kiwi-walker-liofilizuoti-skanestai-su-triusiena-75g\\\/#primaryimage\",\"url\":\"https:\\\/\\\/anivet.lt\\\/elparduotuve\\\/wp-content\\\/uploads\\\/2025\\\/06\\\/Kiwi-Walker-liofilizuoti-skanestai-su-triusiena-75g.jpg\",\"contentUrl\":\"https:\\\/\\\/anivet.lt\\\/elparduotuve\\\/wp-content\\\/uploads\\\/2025\\\/06\\\/Kiwi-Walker-liofilizuoti-skanestai-su-triusiena-75g.jpg\",\"width\":500,\"height\":500,\"caption\":\"Kiwi Walker liofilizuoti skan\u0117stai su triu\u0161iena 75g\"},{\"@type\":\"BreadcrumbList\",\"@id\":\"https:\\\/\\\/anivet.lt\\\/elparduotuve\\\/produktas\\\/kiwi-walker-liofilizuoti-skanestai-su-triusiena-75g\\\/#breadcrumb\",\"itemListElement\":[{\"@type\":\"ListItem\",\"position\":1,\"name\":\"Home\",\"item\":\"https:\\\/\\\/anivet.lt\\\/elparduotuve\\\/\"},{\"@type\":\"ListItem\",\"position\":2,\"name\":\"Produktai\",\"item\":\"https:\\\/\\\/anivet.lt\\\/elparduotuve\\\/produktai\\\/\"},{\"@type\":\"ListItem\",\"position\":3,\"name\":\"Kiwi Walker liofilizuoti skan\u0117stai su triu\u0161iena 75g\"}]},{\"@type\":\"WebSite\",\"@id\":\"https:\\\/\\\/anivet.lt\\\/elparduotuve\\\/#website\",\"url\":\"https:\\\/\\\/anivet.lt\\\/elparduotuve\\\/\",\"name\":\"anivet.lt\",\"description\":\"Viskas J\u016bs\u0173 \u0161uns, kat\u0117s prie\u017ei\u016brai\",\"publisher\":{\"@id\":\"https:\\\/\\\/anivet.lt\\\/elparduotuve\\\/#organization\"},\"alternateName\":\"Viskas J\u016bs\u0173 \u0161uns, kat\u0117s prie\u017ei\u016brai\",\"potentialAction\":[{\"@type\":\"SearchAction\",\"target\":{\"@type\":\"EntryPoint\",\"urlTemplate\":\"https:\\\/\\\/anivet.lt\\\/elparduotuve\\\/?s={search_term_string}\"},\"query-input\":{\"@type\":\"PropertyValueSpecification\",\"valueRequired\":true,\"valueName\":\"search_term_string\"}}],\"inLanguage\":\"lt-LT\"},{\"@type\":\"Organization\",\"@id\":\"https:\\\/\\\/anivet.lt\\\/elparduotuve\\\/#organization\",\"name\":\"Viskas J\u016bs\u0173 \u0161uns, kat\u0117s prie\u017ei\u016brai\",\"url\":\"https:\\\/\\\/anivet.lt\\\/elparduotuve\\\/\",\"logo\":{\"@type\":\"ImageObject\",\"inLanguage\":\"lt-LT\",\"@id\":\"https:\\\/\\\/anivet.lt\\\/elparduotuve\\\/#\\\/schema\\\/logo\\\/image\\\/\",\"url\":\"https:\\\/\\\/anivet.lt\\\/elparduotuve\\\/wp-content\\\/uploads\\\/2023\\\/06\\\/logo2.jpg\",\"contentUrl\":\"https:\\\/\\\/anivet.lt\\\/elparduotuve\\\/wp-content\\\/uploads\\\/2023\\\/06\\\/logo2.jpg\",\"width\":655,\"height\":194,\"caption\":\"Viskas J\u016bs\u0173 \u0161uns, kat\u0117s prie\u017ei\u016brai\"},\"image\":{\"@id\":\"https:\\\/\\\/anivet.lt\\\/elparduotuve\\\/#\\\/schema\\\/logo\\\/image\\\/\"}}]}<\/script>\n<!-- \/ Yoast SEO Premium plugin. -->","yoast_head_json":{"title":"Kiwi Walker liofilizuoti skan\u0117stai su triu\u0161iena 75g - anivet.lt","description":"Tai nat\u016bralus, sveikas u\u017ekandis \u0161unims ir kat\u0117ms, pagamintas i\u0161 100 % grynos triu\u0161ienos. D\u0117l vienos baltymin\u0117s kilm\u0117s \u0161ie skan\u0117stai idealiai tinka augintiniams, turintiems maisto netoleravim\u0105 ar besilaikantiems specialios dietos.","robots":{"index":"index","follow":"follow","max-snippet":"max-snippet:-1","max-image-preview":"max-image-preview:large","max-video-preview":"max-video-preview:-1"},"canonical":"https:\/\/anivet.lt\/elparduotuve\/produktas\/kiwi-walker-liofilizuoti-skanestai-su-triusiena-75g\/","og_locale":"lt_LT","og_type":"article","og_title":"Kiwi Walker liofilizuoti skan\u0117stai su triu\u0161iena 75g","og_description":"Tai nat\u016bralus, sveikas u\u017ekandis \u0161unims ir kat\u0117ms, pagamintas i\u0161 100 % grynos triu\u0161ienos. D\u0117l vienos baltymin\u0117s kilm\u0117s \u0161ie skan\u0117stai idealiai tinka augintiniams, turintiems maisto netoleravim\u0105 ar besilaikantiems specialios dietos.","og_url":"https:\/\/anivet.lt\/elparduotuve\/produktas\/kiwi-walker-liofilizuoti-skanestai-su-triusiena-75g\/","og_site_name":"anivet.lt","article_modified_time":"2026-02-28T22:35:01+00:00","og_image":[{"width":500,"height":500,"url":"https:\/\/anivet.lt\/elparduotuve\/wp-content\/uploads\/2025\/06\/Kiwi-Walker-liofilizuoti-skanestai-su-triusiena-75g.jpg","type":"image\/jpeg"}],"twitter_card":"summary_large_image","twitter_misc":{"Est. reading time":"1 minut\u0117"},"schema":{"@context":"https:\/\/schema.org","@graph":[{"@type":"WebPage","@id":"https:\/\/anivet.lt\/elparduotuve\/produktas\/kiwi-walker-liofilizuoti-skanestai-su-triusiena-75g\/","url":"https:\/\/anivet.lt\/elparduotuve\/produktas\/kiwi-walker-liofilizuoti-skanestai-su-triusiena-75g\/","name":"Kiwi Walker liofilizuoti skan\u0117stai su triu\u0161iena 75g - anivet.lt","isPartOf":{"@id":"https:\/\/anivet.lt\/elparduotuve\/#website"},"primaryImageOfPage":{"@id":"https:\/\/anivet.lt\/elparduotuve\/produktas\/kiwi-walker-liofilizuoti-skanestai-su-triusiena-75g\/#primaryimage"},"image":{"@id":"https:\/\/anivet.lt\/elparduotuve\/produktas\/kiwi-walker-liofilizuoti-skanestai-su-triusiena-75g\/#primaryimage"},"thumbnailUrl":"https:\/\/anivet.lt\/elparduotuve\/wp-content\/uploads\/2025\/06\/Kiwi-Walker-liofilizuoti-skanestai-su-triusiena-75g.jpg","datePublished":"2025-06-28T09:12:25+00:00","dateModified":"2026-02-28T22:35:01+00:00","description":"Tai nat\u016bralus, sveikas u\u017ekandis \u0161unims ir kat\u0117ms, pagamintas i\u0161 100 % grynos triu\u0161ienos. D\u0117l vienos baltymin\u0117s kilm\u0117s \u0161ie skan\u0117stai idealiai tinka augintiniams, turintiems maisto netoleravim\u0105 ar besilaikantiems specialios dietos.","breadcrumb":{"@id":"https:\/\/anivet.lt\/elparduotuve\/produktas\/kiwi-walker-liofilizuoti-skanestai-su-triusiena-75g\/#breadcrumb"},"inLanguage":"lt-LT","potentialAction":[{"@type":"ReadAction","target":["https:\/\/anivet.lt\/elparduotuve\/produktas\/kiwi-walker-liofilizuoti-skanestai-su-triusiena-75g\/"]}]},{"@type":"ImageObject","inLanguage":"lt-LT","@id":"https:\/\/anivet.lt\/elparduotuve\/produktas\/kiwi-walker-liofilizuoti-skanestai-su-triusiena-75g\/#primaryimage","url":"https:\/\/anivet.lt\/elparduotuve\/wp-content\/uploads\/2025\/06\/Kiwi-Walker-liofilizuoti-skanestai-su-triusiena-75g.jpg","contentUrl":"https:\/\/anivet.lt\/elparduotuve\/wp-content\/uploads\/2025\/06\/Kiwi-Walker-liofilizuoti-skanestai-su-triusiena-75g.jpg","width":500,"height":500,"caption":"Kiwi Walker liofilizuoti skan\u0117stai su triu\u0161iena 75g"},{"@type":"BreadcrumbList","@id":"https:\/\/anivet.lt\/elparduotuve\/produktas\/kiwi-walker-liofilizuoti-skanestai-su-triusiena-75g\/#breadcrumb","itemListElement":[{"@type":"ListItem","position":1,"name":"Home","item":"https:\/\/anivet.lt\/elparduotuve\/"},{"@type":"ListItem","position":2,"name":"Produktai","item":"https:\/\/anivet.lt\/elparduotuve\/produktai\/"},{"@type":"ListItem","position":3,"name":"Kiwi Walker liofilizuoti skan\u0117stai su triu\u0161iena 75g"}]},{"@type":"WebSite","@id":"https:\/\/anivet.lt\/elparduotuve\/#website","url":"https:\/\/anivet.lt\/elparduotuve\/","name":"anivet.lt","description":"Viskas J\u016bs\u0173 \u0161uns, kat\u0117s prie\u017ei\u016brai","publisher":{"@id":"https:\/\/anivet.lt\/elparduotuve\/#organization"},"alternateName":"Viskas J\u016bs\u0173 \u0161uns, kat\u0117s prie\u017ei\u016brai","potentialAction":[{"@type":"SearchAction","target":{"@type":"EntryPoint","urlTemplate":"https:\/\/anivet.lt\/elparduotuve\/?s={search_term_string}"},"query-input":{"@type":"PropertyValueSpecification","valueRequired":true,"valueName":"search_term_string"}}],"inLanguage":"lt-LT"},{"@type":"Organization","@id":"https:\/\/anivet.lt\/elparduotuve\/#organization","name":"Viskas J\u016bs\u0173 \u0161uns, kat\u0117s prie\u017ei\u016brai","url":"https:\/\/anivet.lt\/elparduotuve\/","logo":{"@type":"ImageObject","inLanguage":"lt-LT","@id":"https:\/\/anivet.lt\/elparduotuve\/#\/schema\/logo\/image\/","url":"https:\/\/anivet.lt\/elparduotuve\/wp-content\/uploads\/2023\/06\/logo2.jpg","contentUrl":"https:\/\/anivet.lt\/elparduotuve\/wp-content\/uploads\/2023\/06\/logo2.jpg","width":655,"height":194,"caption":"Viskas J\u016bs\u0173 \u0161uns, kat\u0117s prie\u017ei\u016brai"},"image":{"@id":"https:\/\/anivet.lt\/elparduotuve\/#\/schema\/logo\/image\/"}}]}},"_links":{"self":[{"href":"https:\/\/anivet.lt\/elparduotuve\/wp-json\/wp\/v2\/product\/18265","targetHints":{"allow":["GET"]}}],"collection":[{"href":"https:\/\/anivet.lt\/elparduotuve\/wp-json\/wp\/v2\/product"}],"about":[{"href":"https:\/\/anivet.lt\/elparduotuve\/wp-json\/wp\/v2\/types\/product"}],"wp:featuredmedia":[{"embeddable":true,"href":"https:\/\/anivet.lt\/elparduotuve\/wp-json\/wp\/v2\/media\/18266"}],"wp:attachment":[{"href":"https:\/\/anivet.lt\/elparduotuve\/wp-json\/wp\/v2\/media?parent=18265"}],"wp:term":[{"taxonomy":"product_brand","embeddable":true,"href":"https:\/\/anivet.lt\/elparduotuve\/wp-json\/wp\/v2\/product_brand?post=18265"},{"taxonomy":"product_cat","embeddable":true,"href":"https:\/\/anivet.lt\/elparduotuve\/wp-json\/wp\/v2\/product_cat?post=18265"},{"taxonomy":"product_tag","embeddable":true,"href":"https:\/\/anivet.lt\/elparduotuve\/wp-json\/wp\/v2\/product_tag?post=18265"}],"curies":[{"name":"wp","href":"https:\/\/api.w.org\/{rel}","templated":true}]}}