{"id":18271,"date":"2025-06-28T09:24:47","date_gmt":"2025-06-28T09:24:47","guid":{"rendered":"https:\/\/anivet.lt\/elparduotuve\/?post_type=product&#038;p=18271"},"modified":"2026-02-28T22:31:10","modified_gmt":"2026-02-28T22:31:10","slug":"kiwi-walker-liofilizuoti-skanestai-su-vistiena","status":"publish","type":"product","link":"https:\/\/anivet.lt\/elparduotuve\/produktas\/kiwi-walker-liofilizuoti-skanestai-su-vistiena\/","title":{"rendered":"Kiwi Walker liofilizuoti skan\u0117stai su vi\u0161tiena"},"content":{"rendered":"<ul>\n<li>\u0160iame produkte n\u0117ra joki\u0173 konservant\u0173, da\u017eikli\u0173 ar kit\u0173 pried\u0173 \u2013 tik gryna m\u0117sa, i\u0161 kurios pa\u0161alintas vanduo, tod\u0117l i\u0161saugomas nat\u016bralus skonis ir vertingos maistin\u0117s med\u017eiagos;<\/li>\n<li>Vi\u0161tienos skan\u0117stas yra puikus baltym\u0173 \u0161altinis, jame taip pat yra daug fosforo ir vitamin\u0173 B3 ir B6.<\/li>\n<\/ul>\n<p>Ma\u017ei, tra\u0161k\u016bs kubeliai yra idealaus dyd\u017eio treniruot\u0117ms, kasdieniams u\u017ekand\u017eiams ar kaip skanus palepinimas. <span lang=\"en-US\">Jie nesuteikia riebumo ant rank\u0173, nesulimpa ir lengvai lau\u017eomi, tod\u0117l patogu naudoti bet kur \u2013 tiek namuose, tiek lauke. <\/span><\/p>\n","protected":false},"excerpt":{"rendered":"<p><span lang=\"en-US\">Tai 100 % nat\u016bral\u016bs, \u0161altyje d\u017eiovinti vi\u0161tienos kubeliai, skirti \u0161unims ir kat\u0117ms. Ma\u017eesnio kaloringumo vi\u0161tienos skan\u0117st\u0173 kubeliai yra puikus pasirinkimas \u0161uniui <\/span><span lang=\"lt-LT\">ir katei<\/span><span lang=\"en-US\">. <\/span><\/p>\n","protected":false},"featured_media":18273,"template":"","meta":[],"product_brand":[],"product_cat":[101,103,114,102,106,117],"product_tag":[],"class_list":{"0":"post-18271","1":"product","2":"type-product","3":"status-publish","4":"has-post-thumbnail","6":"product_cat-sunims","7":"product_cat-sunu-maistas","8":"product_cat-kaciu-maistas","9":"product_cat-katems","10":"product_cat-skanestai","11":"product_cat-skanestai-katems","12":"pa_prekinis-zenklas-kiwi-walker","14":"first","15":"instock","16":"taxable","17":"shipping-taxable","18":"purchasable","19":"product-type-variable"},"yoast_head":"<!-- This site is optimized with the Yoast SEO Premium plugin v27.1 (Yoast SEO v27.3) - https:\/\/yoast.com\/product\/yoast-seo-premium-wordpress\/ -->\n<title>Kiwi Walker liofilizuoti skan\u0117stai su vi\u0161tiena - anivet.lt<\/title>\n<meta name=\"description\" content=\"Tai 100 % nat\u016bral\u016bs, \u0161altyje d\u017eiovinti vi\u0161tienos kubeliai, skirti \u0161unims ir kat\u0117ms. Ma\u017eesnio kaloringumo vi\u0161tienos skan\u0117st\u0173 kubeliai yra puikus pasirinkimas \u0161uniui ir katei.\" \/>\n<meta name=\"robots\" content=\"index, follow, max-snippet:-1, max-image-preview:large, max-video-preview:-1\" \/>\n<link rel=\"canonical\" href=\"https:\/\/anivet.lt\/elparduotuve\/produktas\/kiwi-walker-liofilizuoti-skanestai-su-vistiena\/\" \/>\n<meta property=\"og:locale\" content=\"lt_LT\" \/>\n<meta property=\"og:type\" content=\"article\" \/>\n<meta property=\"og:title\" content=\"Kiwi Walker liofilizuoti skan\u0117stai su vi\u0161tiena\" \/>\n<meta property=\"og:description\" content=\"Tai 100 % nat\u016bral\u016bs, \u0161altyje d\u017eiovinti vi\u0161tienos kubeliai, skirti \u0161unims ir kat\u0117ms. Ma\u017eesnio kaloringumo vi\u0161tienos skan\u0117st\u0173 kubeliai yra puikus pasirinkimas \u0161uniui ir katei.\" \/>\n<meta property=\"og:url\" content=\"https:\/\/anivet.lt\/elparduotuve\/produktas\/kiwi-walker-liofilizuoti-skanestai-su-vistiena\/\" \/>\n<meta property=\"og:site_name\" content=\"anivet.lt\" \/>\n<meta property=\"article:modified_time\" content=\"2026-02-28T22:31:10+00:00\" \/>\n<meta property=\"og:image\" content=\"https:\/\/anivet.lt\/elparduotuve\/wp-content\/uploads\/2025\/06\/Kiwi-Walker-liofilizuoti-skanestai-su-vistiena.jpg\" \/>\n\t<meta property=\"og:image:width\" content=\"500\" \/>\n\t<meta property=\"og:image:height\" content=\"750\" \/>\n\t<meta property=\"og:image:type\" content=\"image\/jpeg\" \/>\n<meta name=\"twitter:card\" content=\"summary_large_image\" \/>\n<meta name=\"twitter:label1\" content=\"Est. reading time\" \/>\n\t<meta name=\"twitter:data1\" content=\"1 minut\u0117\" \/>\n<script type=\"application\/ld+json\" class=\"yoast-schema-graph\">{\"@context\":\"https:\\\/\\\/schema.org\",\"@graph\":[{\"@type\":\"WebPage\",\"@id\":\"https:\\\/\\\/anivet.lt\\\/elparduotuve\\\/produktas\\\/kiwi-walker-liofilizuoti-skanestai-su-vistiena\\\/\",\"url\":\"https:\\\/\\\/anivet.lt\\\/elparduotuve\\\/produktas\\\/kiwi-walker-liofilizuoti-skanestai-su-vistiena\\\/\",\"name\":\"Kiwi Walker liofilizuoti skan\u0117stai su vi\u0161tiena - anivet.lt\",\"isPartOf\":{\"@id\":\"https:\\\/\\\/anivet.lt\\\/elparduotuve\\\/#website\"},\"primaryImageOfPage\":{\"@id\":\"https:\\\/\\\/anivet.lt\\\/elparduotuve\\\/produktas\\\/kiwi-walker-liofilizuoti-skanestai-su-vistiena\\\/#primaryimage\"},\"image\":{\"@id\":\"https:\\\/\\\/anivet.lt\\\/elparduotuve\\\/produktas\\\/kiwi-walker-liofilizuoti-skanestai-su-vistiena\\\/#primaryimage\"},\"thumbnailUrl\":\"https:\\\/\\\/anivet.lt\\\/elparduotuve\\\/wp-content\\\/uploads\\\/2025\\\/06\\\/Kiwi-Walker-liofilizuoti-skanestai-su-vistiena.jpg\",\"datePublished\":\"2025-06-28T09:24:47+00:00\",\"dateModified\":\"2026-02-28T22:31:10+00:00\",\"description\":\"Tai 100 % nat\u016bral\u016bs, \u0161altyje d\u017eiovinti vi\u0161tienos kubeliai, skirti \u0161unims ir kat\u0117ms. Ma\u017eesnio kaloringumo vi\u0161tienos skan\u0117st\u0173 kubeliai yra puikus pasirinkimas \u0161uniui ir katei.\",\"breadcrumb\":{\"@id\":\"https:\\\/\\\/anivet.lt\\\/elparduotuve\\\/produktas\\\/kiwi-walker-liofilizuoti-skanestai-su-vistiena\\\/#breadcrumb\"},\"inLanguage\":\"lt-LT\",\"potentialAction\":[{\"@type\":\"ReadAction\",\"target\":[\"https:\\\/\\\/anivet.lt\\\/elparduotuve\\\/produktas\\\/kiwi-walker-liofilizuoti-skanestai-su-vistiena\\\/\"]}]},{\"@type\":\"ImageObject\",\"inLanguage\":\"lt-LT\",\"@id\":\"https:\\\/\\\/anivet.lt\\\/elparduotuve\\\/produktas\\\/kiwi-walker-liofilizuoti-skanestai-su-vistiena\\\/#primaryimage\",\"url\":\"https:\\\/\\\/anivet.lt\\\/elparduotuve\\\/wp-content\\\/uploads\\\/2025\\\/06\\\/Kiwi-Walker-liofilizuoti-skanestai-su-vistiena.jpg\",\"contentUrl\":\"https:\\\/\\\/anivet.lt\\\/elparduotuve\\\/wp-content\\\/uploads\\\/2025\\\/06\\\/Kiwi-Walker-liofilizuoti-skanestai-su-vistiena.jpg\",\"width\":500,\"height\":750,\"caption\":\"Kiwi Walker liofilizuoti skan\u0117stai su vi\u0161tiena 80g \\\/ 120g\"},{\"@type\":\"BreadcrumbList\",\"@id\":\"https:\\\/\\\/anivet.lt\\\/elparduotuve\\\/produktas\\\/kiwi-walker-liofilizuoti-skanestai-su-vistiena\\\/#breadcrumb\",\"itemListElement\":[{\"@type\":\"ListItem\",\"position\":1,\"name\":\"Home\",\"item\":\"https:\\\/\\\/anivet.lt\\\/elparduotuve\\\/\"},{\"@type\":\"ListItem\",\"position\":2,\"name\":\"Produktai\",\"item\":\"https:\\\/\\\/anivet.lt\\\/elparduotuve\\\/produktai\\\/\"},{\"@type\":\"ListItem\",\"position\":3,\"name\":\"Kiwi Walker liofilizuoti skan\u0117stai su vi\u0161tiena\"}]},{\"@type\":\"WebSite\",\"@id\":\"https:\\\/\\\/anivet.lt\\\/elparduotuve\\\/#website\",\"url\":\"https:\\\/\\\/anivet.lt\\\/elparduotuve\\\/\",\"name\":\"anivet.lt\",\"description\":\"Viskas J\u016bs\u0173 \u0161uns, kat\u0117s prie\u017ei\u016brai\",\"publisher\":{\"@id\":\"https:\\\/\\\/anivet.lt\\\/elparduotuve\\\/#organization\"},\"alternateName\":\"Viskas J\u016bs\u0173 \u0161uns, kat\u0117s prie\u017ei\u016brai\",\"potentialAction\":[{\"@type\":\"SearchAction\",\"target\":{\"@type\":\"EntryPoint\",\"urlTemplate\":\"https:\\\/\\\/anivet.lt\\\/elparduotuve\\\/?s={search_term_string}\"},\"query-input\":{\"@type\":\"PropertyValueSpecification\",\"valueRequired\":true,\"valueName\":\"search_term_string\"}}],\"inLanguage\":\"lt-LT\"},{\"@type\":\"Organization\",\"@id\":\"https:\\\/\\\/anivet.lt\\\/elparduotuve\\\/#organization\",\"name\":\"Viskas J\u016bs\u0173 \u0161uns, kat\u0117s prie\u017ei\u016brai\",\"url\":\"https:\\\/\\\/anivet.lt\\\/elparduotuve\\\/\",\"logo\":{\"@type\":\"ImageObject\",\"inLanguage\":\"lt-LT\",\"@id\":\"https:\\\/\\\/anivet.lt\\\/elparduotuve\\\/#\\\/schema\\\/logo\\\/image\\\/\",\"url\":\"https:\\\/\\\/anivet.lt\\\/elparduotuve\\\/wp-content\\\/uploads\\\/2023\\\/06\\\/logo2.jpg\",\"contentUrl\":\"https:\\\/\\\/anivet.lt\\\/elparduotuve\\\/wp-content\\\/uploads\\\/2023\\\/06\\\/logo2.jpg\",\"width\":655,\"height\":194,\"caption\":\"Viskas J\u016bs\u0173 \u0161uns, kat\u0117s prie\u017ei\u016brai\"},\"image\":{\"@id\":\"https:\\\/\\\/anivet.lt\\\/elparduotuve\\\/#\\\/schema\\\/logo\\\/image\\\/\"}}]}<\/script>\n<!-- \/ Yoast SEO Premium plugin. -->","yoast_head_json":{"title":"Kiwi Walker liofilizuoti skan\u0117stai su vi\u0161tiena - anivet.lt","description":"Tai 100 % nat\u016bral\u016bs, \u0161altyje d\u017eiovinti vi\u0161tienos kubeliai, skirti \u0161unims ir kat\u0117ms. Ma\u017eesnio kaloringumo vi\u0161tienos skan\u0117st\u0173 kubeliai yra puikus pasirinkimas \u0161uniui ir katei.","robots":{"index":"index","follow":"follow","max-snippet":"max-snippet:-1","max-image-preview":"max-image-preview:large","max-video-preview":"max-video-preview:-1"},"canonical":"https:\/\/anivet.lt\/elparduotuve\/produktas\/kiwi-walker-liofilizuoti-skanestai-su-vistiena\/","og_locale":"lt_LT","og_type":"article","og_title":"Kiwi Walker liofilizuoti skan\u0117stai su vi\u0161tiena","og_description":"Tai 100 % nat\u016bral\u016bs, \u0161altyje d\u017eiovinti vi\u0161tienos kubeliai, skirti \u0161unims ir kat\u0117ms. Ma\u017eesnio kaloringumo vi\u0161tienos skan\u0117st\u0173 kubeliai yra puikus pasirinkimas \u0161uniui ir katei.","og_url":"https:\/\/anivet.lt\/elparduotuve\/produktas\/kiwi-walker-liofilizuoti-skanestai-su-vistiena\/","og_site_name":"anivet.lt","article_modified_time":"2026-02-28T22:31:10+00:00","og_image":[{"width":500,"height":750,"url":"https:\/\/anivet.lt\/elparduotuve\/wp-content\/uploads\/2025\/06\/Kiwi-Walker-liofilizuoti-skanestai-su-vistiena.jpg","type":"image\/jpeg"}],"twitter_card":"summary_large_image","twitter_misc":{"Est. reading time":"1 minut\u0117"},"schema":{"@context":"https:\/\/schema.org","@graph":[{"@type":"WebPage","@id":"https:\/\/anivet.lt\/elparduotuve\/produktas\/kiwi-walker-liofilizuoti-skanestai-su-vistiena\/","url":"https:\/\/anivet.lt\/elparduotuve\/produktas\/kiwi-walker-liofilizuoti-skanestai-su-vistiena\/","name":"Kiwi Walker liofilizuoti skan\u0117stai su vi\u0161tiena - anivet.lt","isPartOf":{"@id":"https:\/\/anivet.lt\/elparduotuve\/#website"},"primaryImageOfPage":{"@id":"https:\/\/anivet.lt\/elparduotuve\/produktas\/kiwi-walker-liofilizuoti-skanestai-su-vistiena\/#primaryimage"},"image":{"@id":"https:\/\/anivet.lt\/elparduotuve\/produktas\/kiwi-walker-liofilizuoti-skanestai-su-vistiena\/#primaryimage"},"thumbnailUrl":"https:\/\/anivet.lt\/elparduotuve\/wp-content\/uploads\/2025\/06\/Kiwi-Walker-liofilizuoti-skanestai-su-vistiena.jpg","datePublished":"2025-06-28T09:24:47+00:00","dateModified":"2026-02-28T22:31:10+00:00","description":"Tai 100 % nat\u016bral\u016bs, \u0161altyje d\u017eiovinti vi\u0161tienos kubeliai, skirti \u0161unims ir kat\u0117ms. Ma\u017eesnio kaloringumo vi\u0161tienos skan\u0117st\u0173 kubeliai yra puikus pasirinkimas \u0161uniui ir katei.","breadcrumb":{"@id":"https:\/\/anivet.lt\/elparduotuve\/produktas\/kiwi-walker-liofilizuoti-skanestai-su-vistiena\/#breadcrumb"},"inLanguage":"lt-LT","potentialAction":[{"@type":"ReadAction","target":["https:\/\/anivet.lt\/elparduotuve\/produktas\/kiwi-walker-liofilizuoti-skanestai-su-vistiena\/"]}]},{"@type":"ImageObject","inLanguage":"lt-LT","@id":"https:\/\/anivet.lt\/elparduotuve\/produktas\/kiwi-walker-liofilizuoti-skanestai-su-vistiena\/#primaryimage","url":"https:\/\/anivet.lt\/elparduotuve\/wp-content\/uploads\/2025\/06\/Kiwi-Walker-liofilizuoti-skanestai-su-vistiena.jpg","contentUrl":"https:\/\/anivet.lt\/elparduotuve\/wp-content\/uploads\/2025\/06\/Kiwi-Walker-liofilizuoti-skanestai-su-vistiena.jpg","width":500,"height":750,"caption":"Kiwi Walker liofilizuoti skan\u0117stai su vi\u0161tiena 80g \/ 120g"},{"@type":"BreadcrumbList","@id":"https:\/\/anivet.lt\/elparduotuve\/produktas\/kiwi-walker-liofilizuoti-skanestai-su-vistiena\/#breadcrumb","itemListElement":[{"@type":"ListItem","position":1,"name":"Home","item":"https:\/\/anivet.lt\/elparduotuve\/"},{"@type":"ListItem","position":2,"name":"Produktai","item":"https:\/\/anivet.lt\/elparduotuve\/produktai\/"},{"@type":"ListItem","position":3,"name":"Kiwi Walker liofilizuoti skan\u0117stai su vi\u0161tiena"}]},{"@type":"WebSite","@id":"https:\/\/anivet.lt\/elparduotuve\/#website","url":"https:\/\/anivet.lt\/elparduotuve\/","name":"anivet.lt","description":"Viskas J\u016bs\u0173 \u0161uns, kat\u0117s prie\u017ei\u016brai","publisher":{"@id":"https:\/\/anivet.lt\/elparduotuve\/#organization"},"alternateName":"Viskas J\u016bs\u0173 \u0161uns, kat\u0117s prie\u017ei\u016brai","potentialAction":[{"@type":"SearchAction","target":{"@type":"EntryPoint","urlTemplate":"https:\/\/anivet.lt\/elparduotuve\/?s={search_term_string}"},"query-input":{"@type":"PropertyValueSpecification","valueRequired":true,"valueName":"search_term_string"}}],"inLanguage":"lt-LT"},{"@type":"Organization","@id":"https:\/\/anivet.lt\/elparduotuve\/#organization","name":"Viskas J\u016bs\u0173 \u0161uns, kat\u0117s prie\u017ei\u016brai","url":"https:\/\/anivet.lt\/elparduotuve\/","logo":{"@type":"ImageObject","inLanguage":"lt-LT","@id":"https:\/\/anivet.lt\/elparduotuve\/#\/schema\/logo\/image\/","url":"https:\/\/anivet.lt\/elparduotuve\/wp-content\/uploads\/2023\/06\/logo2.jpg","contentUrl":"https:\/\/anivet.lt\/elparduotuve\/wp-content\/uploads\/2023\/06\/logo2.jpg","width":655,"height":194,"caption":"Viskas J\u016bs\u0173 \u0161uns, kat\u0117s prie\u017ei\u016brai"},"image":{"@id":"https:\/\/anivet.lt\/elparduotuve\/#\/schema\/logo\/image\/"}}]}},"_links":{"self":[{"href":"https:\/\/anivet.lt\/elparduotuve\/wp-json\/wp\/v2\/product\/18271","targetHints":{"allow":["GET"]}}],"collection":[{"href":"https:\/\/anivet.lt\/elparduotuve\/wp-json\/wp\/v2\/product"}],"about":[{"href":"https:\/\/anivet.lt\/elparduotuve\/wp-json\/wp\/v2\/types\/product"}],"wp:featuredmedia":[{"embeddable":true,"href":"https:\/\/anivet.lt\/elparduotuve\/wp-json\/wp\/v2\/media\/18273"}],"wp:attachment":[{"href":"https:\/\/anivet.lt\/elparduotuve\/wp-json\/wp\/v2\/media?parent=18271"}],"wp:term":[{"taxonomy":"product_brand","embeddable":true,"href":"https:\/\/anivet.lt\/elparduotuve\/wp-json\/wp\/v2\/product_brand?post=18271"},{"taxonomy":"product_cat","embeddable":true,"href":"https:\/\/anivet.lt\/elparduotuve\/wp-json\/wp\/v2\/product_cat?post=18271"},{"taxonomy":"product_tag","embeddable":true,"href":"https:\/\/anivet.lt\/elparduotuve\/wp-json\/wp\/v2\/product_tag?post=18271"}],"curies":[{"name":"wp","href":"https:\/\/api.w.org\/{rel}","templated":true}]}}