{"id":18286,"date":"2025-06-28T09:47:14","date_gmt":"2025-06-28T09:47:14","guid":{"rendered":"https:\/\/anivet.lt\/elparduotuve\/?post_type=product&#038;p=18286"},"modified":"2026-02-28T22:38:19","modified_gmt":"2026-02-28T22:38:19","slug":"kiwi-walker-liofilizuoti-skanestai-su-vistu-sirdelemis-60g","status":"publish","type":"product","link":"https:\/\/anivet.lt\/elparduotuve\/produktas\/kiwi-walker-liofilizuoti-skanestai-su-vistu-sirdelemis-60g\/","title":{"rendered":"Kiwi Walker liofilizuoti skan\u0117stai su vi\u0161t\u0173 \u0161irdel\u0117mis 60g"},"content":{"rendered":"<ul>\n<li><span lang=\"en-US\">Vi\u0161tienos \u0161irdel\u0117se ma\u017eai kalorij\u0173 ir daug baltym\u0173;<\/span><\/li>\n<li><span lang=\"en-US\">Daug reikaling\u0173 mikroelement\u0173, toki\u0173 kaip cinkas, gele\u017eis ir B grup\u0117s vitaminai;<\/span><\/li>\n<li>Be prid\u0117tini\u0173 konservant\u0173, da\u017eikli\u0173 ar kit\u0173 pried\u0173.<\/li>\n<\/ul>\n<p>D\u0117l liofilizacijos proceso i\u0161 m\u0117sos pa\u0161alinamas tik vanduo, tad i\u0161laikomas nat\u016bralus skonis ir vertingos maistin\u0117s savyb\u0117s.<\/p>\n","protected":false},"excerpt":{"rendered":"<p><span lang=\"en-US\">T<\/span><span lang=\"lt-LT\">ai <\/span><span lang=\"en-US\">100 % nat\u016bral\u016bs <\/span><span lang=\"lt-LT\">skan\u0117stai<\/span><span lang=\"en-US\">, pagaminti tik i\u0161 grynos m\u0117sos. <\/span><span lang=\"en-US\">D<\/span><span lang=\"lt-LT\">\u0117l vieno<\/span><span lang=\"en-US\"> ingrediento sud\u0117ti<\/span><span lang=\"lt-LT\">es<\/span> <span lang=\"en-US\">t<\/span><span lang=\"lt-LT\">inkami<\/span><span lang=\"en-US\"> jautriems ar alergi\u0161kiems <\/span><span lang=\"lt-LT\">augintiniams<\/span><span lang=\"en-US\">.<\/span><\/p>\n","protected":false},"featured_media":18287,"template":"","meta":[],"product_brand":[],"product_cat":[101,103,114,102,106,117],"product_tag":[],"class_list":{"0":"post-18286","1":"product","2":"type-product","3":"status-publish","4":"has-post-thumbnail","6":"product_cat-sunims","7":"product_cat-sunu-maistas","8":"product_cat-kaciu-maistas","9":"product_cat-katems","10":"product_cat-skanestai","11":"product_cat-skanestai-katems","12":"pa_prekinis-zenklas-kiwi-walker","14":"first","15":"instock","16":"taxable","17":"shipping-taxable","18":"purchasable","19":"product-type-simple"},"yoast_head":"<!-- This site is optimized with the Yoast SEO Premium plugin v27.1 (Yoast SEO v27.3) - https:\/\/yoast.com\/product\/yoast-seo-premium-wordpress\/ -->\n<title>Kiwi Walker liofilizuoti skan\u0117stai su vi\u0161t\u0173 \u0161irdel\u0117mis 60g - anivet.lt<\/title>\n<meta name=\"description\" content=\"Tai 100 % nat\u016bral\u016bs skan\u0117stai, pagaminti tik i\u0161 grynos m\u0117sos. D\u0117l vieno ingrediento sud\u0117ties tinkami jautriems ar alergi\u0161kiems augintiniams.\" \/>\n<meta name=\"robots\" content=\"index, follow, max-snippet:-1, max-image-preview:large, max-video-preview:-1\" \/>\n<link rel=\"canonical\" href=\"https:\/\/anivet.lt\/elparduotuve\/produktas\/kiwi-walker-liofilizuoti-skanestai-su-vistu-sirdelemis-60g\/\" \/>\n<meta property=\"og:locale\" content=\"lt_LT\" \/>\n<meta property=\"og:type\" content=\"article\" \/>\n<meta property=\"og:title\" content=\"Kiwi Walker liofilizuoti skan\u0117stai su vi\u0161t\u0173 \u0161irdel\u0117mis 60g\" \/>\n<meta property=\"og:description\" content=\"Tai 100 % nat\u016bral\u016bs skan\u0117stai, pagaminti tik i\u0161 grynos m\u0117sos. D\u0117l vieno ingrediento sud\u0117ties tinkami jautriems ar alergi\u0161kiems augintiniams.\" \/>\n<meta property=\"og:url\" content=\"https:\/\/anivet.lt\/elparduotuve\/produktas\/kiwi-walker-liofilizuoti-skanestai-su-vistu-sirdelemis-60g\/\" \/>\n<meta property=\"og:site_name\" content=\"anivet.lt\" \/>\n<meta property=\"article:modified_time\" content=\"2026-02-28T22:38:19+00:00\" \/>\n<meta property=\"og:image\" content=\"https:\/\/anivet.lt\/elparduotuve\/wp-content\/uploads\/2025\/06\/Kiwi-Walker-liofilizuoti-skanestai-su-vistu-sirdelemis-60g.jpg\" \/>\n\t<meta property=\"og:image:width\" content=\"750\" \/>\n\t<meta property=\"og:image:height\" content=\"393\" \/>\n\t<meta property=\"og:image:type\" content=\"image\/jpeg\" \/>\n<meta name=\"twitter:card\" content=\"summary_large_image\" \/>\n<meta name=\"twitter:label1\" content=\"Est. reading time\" \/>\n\t<meta name=\"twitter:data1\" content=\"1 minut\u0117\" \/>\n<script type=\"application\/ld+json\" class=\"yoast-schema-graph\">{\"@context\":\"https:\\\/\\\/schema.org\",\"@graph\":[{\"@type\":\"WebPage\",\"@id\":\"https:\\\/\\\/anivet.lt\\\/elparduotuve\\\/produktas\\\/kiwi-walker-liofilizuoti-skanestai-su-vistu-sirdelemis-60g\\\/\",\"url\":\"https:\\\/\\\/anivet.lt\\\/elparduotuve\\\/produktas\\\/kiwi-walker-liofilizuoti-skanestai-su-vistu-sirdelemis-60g\\\/\",\"name\":\"Kiwi Walker liofilizuoti skan\u0117stai su vi\u0161t\u0173 \u0161irdel\u0117mis 60g - anivet.lt\",\"isPartOf\":{\"@id\":\"https:\\\/\\\/anivet.lt\\\/elparduotuve\\\/#website\"},\"primaryImageOfPage\":{\"@id\":\"https:\\\/\\\/anivet.lt\\\/elparduotuve\\\/produktas\\\/kiwi-walker-liofilizuoti-skanestai-su-vistu-sirdelemis-60g\\\/#primaryimage\"},\"image\":{\"@id\":\"https:\\\/\\\/anivet.lt\\\/elparduotuve\\\/produktas\\\/kiwi-walker-liofilizuoti-skanestai-su-vistu-sirdelemis-60g\\\/#primaryimage\"},\"thumbnailUrl\":\"https:\\\/\\\/anivet.lt\\\/elparduotuve\\\/wp-content\\\/uploads\\\/2025\\\/06\\\/Kiwi-Walker-liofilizuoti-skanestai-su-vistu-sirdelemis-60g.jpg\",\"datePublished\":\"2025-06-28T09:47:14+00:00\",\"dateModified\":\"2026-02-28T22:38:19+00:00\",\"description\":\"Tai 100 % nat\u016bral\u016bs skan\u0117stai, pagaminti tik i\u0161 grynos m\u0117sos. D\u0117l vieno ingrediento sud\u0117ties tinkami jautriems ar alergi\u0161kiems augintiniams.\",\"breadcrumb\":{\"@id\":\"https:\\\/\\\/anivet.lt\\\/elparduotuve\\\/produktas\\\/kiwi-walker-liofilizuoti-skanestai-su-vistu-sirdelemis-60g\\\/#breadcrumb\"},\"inLanguage\":\"lt-LT\",\"potentialAction\":[{\"@type\":\"ReadAction\",\"target\":[\"https:\\\/\\\/anivet.lt\\\/elparduotuve\\\/produktas\\\/kiwi-walker-liofilizuoti-skanestai-su-vistu-sirdelemis-60g\\\/\"]}]},{\"@type\":\"ImageObject\",\"inLanguage\":\"lt-LT\",\"@id\":\"https:\\\/\\\/anivet.lt\\\/elparduotuve\\\/produktas\\\/kiwi-walker-liofilizuoti-skanestai-su-vistu-sirdelemis-60g\\\/#primaryimage\",\"url\":\"https:\\\/\\\/anivet.lt\\\/elparduotuve\\\/wp-content\\\/uploads\\\/2025\\\/06\\\/Kiwi-Walker-liofilizuoti-skanestai-su-vistu-sirdelemis-60g.jpg\",\"contentUrl\":\"https:\\\/\\\/anivet.lt\\\/elparduotuve\\\/wp-content\\\/uploads\\\/2025\\\/06\\\/Kiwi-Walker-liofilizuoti-skanestai-su-vistu-sirdelemis-60g.jpg\",\"width\":750,\"height\":393,\"caption\":\"AUTO-DRAFT\"},{\"@type\":\"BreadcrumbList\",\"@id\":\"https:\\\/\\\/anivet.lt\\\/elparduotuve\\\/produktas\\\/kiwi-walker-liofilizuoti-skanestai-su-vistu-sirdelemis-60g\\\/#breadcrumb\",\"itemListElement\":[{\"@type\":\"ListItem\",\"position\":1,\"name\":\"Home\",\"item\":\"https:\\\/\\\/anivet.lt\\\/elparduotuve\\\/\"},{\"@type\":\"ListItem\",\"position\":2,\"name\":\"Produktai\",\"item\":\"https:\\\/\\\/anivet.lt\\\/elparduotuve\\\/produktai\\\/\"},{\"@type\":\"ListItem\",\"position\":3,\"name\":\"Kiwi Walker liofilizuoti skan\u0117stai su vi\u0161t\u0173 \u0161irdel\u0117mis 60g\"}]},{\"@type\":\"WebSite\",\"@id\":\"https:\\\/\\\/anivet.lt\\\/elparduotuve\\\/#website\",\"url\":\"https:\\\/\\\/anivet.lt\\\/elparduotuve\\\/\",\"name\":\"anivet.lt\",\"description\":\"Viskas J\u016bs\u0173 \u0161uns, kat\u0117s prie\u017ei\u016brai\",\"publisher\":{\"@id\":\"https:\\\/\\\/anivet.lt\\\/elparduotuve\\\/#organization\"},\"alternateName\":\"Viskas J\u016bs\u0173 \u0161uns, kat\u0117s prie\u017ei\u016brai\",\"potentialAction\":[{\"@type\":\"SearchAction\",\"target\":{\"@type\":\"EntryPoint\",\"urlTemplate\":\"https:\\\/\\\/anivet.lt\\\/elparduotuve\\\/?s={search_term_string}\"},\"query-input\":{\"@type\":\"PropertyValueSpecification\",\"valueRequired\":true,\"valueName\":\"search_term_string\"}}],\"inLanguage\":\"lt-LT\"},{\"@type\":\"Organization\",\"@id\":\"https:\\\/\\\/anivet.lt\\\/elparduotuve\\\/#organization\",\"name\":\"Viskas J\u016bs\u0173 \u0161uns, kat\u0117s prie\u017ei\u016brai\",\"url\":\"https:\\\/\\\/anivet.lt\\\/elparduotuve\\\/\",\"logo\":{\"@type\":\"ImageObject\",\"inLanguage\":\"lt-LT\",\"@id\":\"https:\\\/\\\/anivet.lt\\\/elparduotuve\\\/#\\\/schema\\\/logo\\\/image\\\/\",\"url\":\"https:\\\/\\\/anivet.lt\\\/elparduotuve\\\/wp-content\\\/uploads\\\/2023\\\/06\\\/logo2.jpg\",\"contentUrl\":\"https:\\\/\\\/anivet.lt\\\/elparduotuve\\\/wp-content\\\/uploads\\\/2023\\\/06\\\/logo2.jpg\",\"width\":655,\"height\":194,\"caption\":\"Viskas J\u016bs\u0173 \u0161uns, kat\u0117s prie\u017ei\u016brai\"},\"image\":{\"@id\":\"https:\\\/\\\/anivet.lt\\\/elparduotuve\\\/#\\\/schema\\\/logo\\\/image\\\/\"}}]}<\/script>\n<!-- \/ Yoast SEO Premium plugin. -->","yoast_head_json":{"title":"Kiwi Walker liofilizuoti skan\u0117stai su vi\u0161t\u0173 \u0161irdel\u0117mis 60g - anivet.lt","description":"Tai 100 % nat\u016bral\u016bs skan\u0117stai, pagaminti tik i\u0161 grynos m\u0117sos. D\u0117l vieno ingrediento sud\u0117ties tinkami jautriems ar alergi\u0161kiems augintiniams.","robots":{"index":"index","follow":"follow","max-snippet":"max-snippet:-1","max-image-preview":"max-image-preview:large","max-video-preview":"max-video-preview:-1"},"canonical":"https:\/\/anivet.lt\/elparduotuve\/produktas\/kiwi-walker-liofilizuoti-skanestai-su-vistu-sirdelemis-60g\/","og_locale":"lt_LT","og_type":"article","og_title":"Kiwi Walker liofilizuoti skan\u0117stai su vi\u0161t\u0173 \u0161irdel\u0117mis 60g","og_description":"Tai 100 % nat\u016bral\u016bs skan\u0117stai, pagaminti tik i\u0161 grynos m\u0117sos. D\u0117l vieno ingrediento sud\u0117ties tinkami jautriems ar alergi\u0161kiems augintiniams.","og_url":"https:\/\/anivet.lt\/elparduotuve\/produktas\/kiwi-walker-liofilizuoti-skanestai-su-vistu-sirdelemis-60g\/","og_site_name":"anivet.lt","article_modified_time":"2026-02-28T22:38:19+00:00","og_image":[{"width":750,"height":393,"url":"https:\/\/anivet.lt\/elparduotuve\/wp-content\/uploads\/2025\/06\/Kiwi-Walker-liofilizuoti-skanestai-su-vistu-sirdelemis-60g.jpg","type":"image\/jpeg"}],"twitter_card":"summary_large_image","twitter_misc":{"Est. reading time":"1 minut\u0117"},"schema":{"@context":"https:\/\/schema.org","@graph":[{"@type":"WebPage","@id":"https:\/\/anivet.lt\/elparduotuve\/produktas\/kiwi-walker-liofilizuoti-skanestai-su-vistu-sirdelemis-60g\/","url":"https:\/\/anivet.lt\/elparduotuve\/produktas\/kiwi-walker-liofilizuoti-skanestai-su-vistu-sirdelemis-60g\/","name":"Kiwi Walker liofilizuoti skan\u0117stai su vi\u0161t\u0173 \u0161irdel\u0117mis 60g - anivet.lt","isPartOf":{"@id":"https:\/\/anivet.lt\/elparduotuve\/#website"},"primaryImageOfPage":{"@id":"https:\/\/anivet.lt\/elparduotuve\/produktas\/kiwi-walker-liofilizuoti-skanestai-su-vistu-sirdelemis-60g\/#primaryimage"},"image":{"@id":"https:\/\/anivet.lt\/elparduotuve\/produktas\/kiwi-walker-liofilizuoti-skanestai-su-vistu-sirdelemis-60g\/#primaryimage"},"thumbnailUrl":"https:\/\/anivet.lt\/elparduotuve\/wp-content\/uploads\/2025\/06\/Kiwi-Walker-liofilizuoti-skanestai-su-vistu-sirdelemis-60g.jpg","datePublished":"2025-06-28T09:47:14+00:00","dateModified":"2026-02-28T22:38:19+00:00","description":"Tai 100 % nat\u016bral\u016bs skan\u0117stai, pagaminti tik i\u0161 grynos m\u0117sos. D\u0117l vieno ingrediento sud\u0117ties tinkami jautriems ar alergi\u0161kiems augintiniams.","breadcrumb":{"@id":"https:\/\/anivet.lt\/elparduotuve\/produktas\/kiwi-walker-liofilizuoti-skanestai-su-vistu-sirdelemis-60g\/#breadcrumb"},"inLanguage":"lt-LT","potentialAction":[{"@type":"ReadAction","target":["https:\/\/anivet.lt\/elparduotuve\/produktas\/kiwi-walker-liofilizuoti-skanestai-su-vistu-sirdelemis-60g\/"]}]},{"@type":"ImageObject","inLanguage":"lt-LT","@id":"https:\/\/anivet.lt\/elparduotuve\/produktas\/kiwi-walker-liofilizuoti-skanestai-su-vistu-sirdelemis-60g\/#primaryimage","url":"https:\/\/anivet.lt\/elparduotuve\/wp-content\/uploads\/2025\/06\/Kiwi-Walker-liofilizuoti-skanestai-su-vistu-sirdelemis-60g.jpg","contentUrl":"https:\/\/anivet.lt\/elparduotuve\/wp-content\/uploads\/2025\/06\/Kiwi-Walker-liofilizuoti-skanestai-su-vistu-sirdelemis-60g.jpg","width":750,"height":393,"caption":"AUTO-DRAFT"},{"@type":"BreadcrumbList","@id":"https:\/\/anivet.lt\/elparduotuve\/produktas\/kiwi-walker-liofilizuoti-skanestai-su-vistu-sirdelemis-60g\/#breadcrumb","itemListElement":[{"@type":"ListItem","position":1,"name":"Home","item":"https:\/\/anivet.lt\/elparduotuve\/"},{"@type":"ListItem","position":2,"name":"Produktai","item":"https:\/\/anivet.lt\/elparduotuve\/produktai\/"},{"@type":"ListItem","position":3,"name":"Kiwi Walker liofilizuoti skan\u0117stai su vi\u0161t\u0173 \u0161irdel\u0117mis 60g"}]},{"@type":"WebSite","@id":"https:\/\/anivet.lt\/elparduotuve\/#website","url":"https:\/\/anivet.lt\/elparduotuve\/","name":"anivet.lt","description":"Viskas J\u016bs\u0173 \u0161uns, kat\u0117s prie\u017ei\u016brai","publisher":{"@id":"https:\/\/anivet.lt\/elparduotuve\/#organization"},"alternateName":"Viskas J\u016bs\u0173 \u0161uns, kat\u0117s prie\u017ei\u016brai","potentialAction":[{"@type":"SearchAction","target":{"@type":"EntryPoint","urlTemplate":"https:\/\/anivet.lt\/elparduotuve\/?s={search_term_string}"},"query-input":{"@type":"PropertyValueSpecification","valueRequired":true,"valueName":"search_term_string"}}],"inLanguage":"lt-LT"},{"@type":"Organization","@id":"https:\/\/anivet.lt\/elparduotuve\/#organization","name":"Viskas J\u016bs\u0173 \u0161uns, kat\u0117s prie\u017ei\u016brai","url":"https:\/\/anivet.lt\/elparduotuve\/","logo":{"@type":"ImageObject","inLanguage":"lt-LT","@id":"https:\/\/anivet.lt\/elparduotuve\/#\/schema\/logo\/image\/","url":"https:\/\/anivet.lt\/elparduotuve\/wp-content\/uploads\/2023\/06\/logo2.jpg","contentUrl":"https:\/\/anivet.lt\/elparduotuve\/wp-content\/uploads\/2023\/06\/logo2.jpg","width":655,"height":194,"caption":"Viskas J\u016bs\u0173 \u0161uns, kat\u0117s prie\u017ei\u016brai"},"image":{"@id":"https:\/\/anivet.lt\/elparduotuve\/#\/schema\/logo\/image\/"}}]}},"_links":{"self":[{"href":"https:\/\/anivet.lt\/elparduotuve\/wp-json\/wp\/v2\/product\/18286","targetHints":{"allow":["GET"]}}],"collection":[{"href":"https:\/\/anivet.lt\/elparduotuve\/wp-json\/wp\/v2\/product"}],"about":[{"href":"https:\/\/anivet.lt\/elparduotuve\/wp-json\/wp\/v2\/types\/product"}],"wp:featuredmedia":[{"embeddable":true,"href":"https:\/\/anivet.lt\/elparduotuve\/wp-json\/wp\/v2\/media\/18287"}],"wp:attachment":[{"href":"https:\/\/anivet.lt\/elparduotuve\/wp-json\/wp\/v2\/media?parent=18286"}],"wp:term":[{"taxonomy":"product_brand","embeddable":true,"href":"https:\/\/anivet.lt\/elparduotuve\/wp-json\/wp\/v2\/product_brand?post=18286"},{"taxonomy":"product_cat","embeddable":true,"href":"https:\/\/anivet.lt\/elparduotuve\/wp-json\/wp\/v2\/product_cat?post=18286"},{"taxonomy":"product_tag","embeddable":true,"href":"https:\/\/anivet.lt\/elparduotuve\/wp-json\/wp\/v2\/product_tag?post=18286"}],"curies":[{"name":"wp","href":"https:\/\/api.w.org\/{rel}","templated":true}]}}