{"id":18489,"date":"2025-07-24T13:10:32","date_gmt":"2025-07-24T13:10:32","guid":{"rendered":"https:\/\/anivet.lt\/elparduotuve\/?post_type=product&#038;p=18489"},"modified":"2026-01-01T19:33:34","modified_gmt":"2026-01-01T19:33:34","slug":"wilda-siberica-delicate-sampunas-jauniems-gyvunams-ir-jautriai-odai-400-ml","status":"publish","type":"product","link":"https:\/\/anivet.lt\/elparduotuve\/produktas\/wilda-siberica-delicate-sampunas-jauniems-gyvunams-ir-jautriai-odai-400-ml\/","title":{"rendered":"Wilda Siberica Delicate \u0161amp\u016bnas jauniems gyv\u016bnams ir jautriai odai 400 ml"},"content":{"rendered":"<p>Pagrindini\u0173 ingredient\u0173 nauda:<\/p>\n<ul>\n<li>\u0160amp\u016bne esantys vitaminai, mineralai ir kiti naudingi komponentai puosel\u0117ja gyv\u016bn\u0173 od\u0105 ir kail\u012f, padeda palaikyti j\u0173 sveik\u0105 i\u0161vaizd\u0105 ir ger\u0105 savijaut\u0105.<\/li>\n<li>Baltojo gluosnio \u017eiev\u0117 ir \u0161aknys \u2013 \u0161is augalas \u017einomas kaip maistingas triu\u0161i\u0173 maistas \u017eiem\u0105, o jo sud\u0117tyje esantis salicinas ramina sudirgusi\u0105 od\u0105.<\/li>\n<li>Ramun\u0117l\u0117s \u2013 pasi\u017eymi gausiu eterini\u0173 aliej\u0173 kiekiu ir vitaminu C, kuris skatina odos regeneracij\u0105 bei stiprina kail\u012f nuo \u0161akn\u0173 iki galiuk\u0173.<\/li>\n<li>Kedr\u0173 aliejus \u2013 pasi\u017eymi antiseptin\u0117mis, prie\u0161grybelin\u0117mis, atkuriamosiomis ir antibakterin\u0117mis savyb\u0117mis.<\/li>\n<\/ul>\n","protected":false},"excerpt":{"rendered":"<p>Wilda Siberica Delicate \u0161amp\u016bnas \u2013 tai \u0161velnus prie\u017ei\u016bros produktas, sukurtas specialiai jautri\u0105 od\u0105 turintiems gyv\u016bnams bei jauniems \u0161uniukams ir ka\u010diukams. Jo \u0161velni sud\u0117tis idealiai tinka tiek \u0161unims, tiek kat\u0117ms, kuriems reikia ypatingos prie\u017ei\u016bros.<\/p>\n","protected":false},"featured_media":18490,"template":"","meta":[],"product_brand":[],"product_cat":[101,109,120,102,108,119],"product_tag":[],"class_list":{"0":"post-18489","1":"product","2":"type-product","3":"status-publish","4":"has-post-thumbnail","6":"product_cat-sunims","7":"product_cat-sampunai-ir-kosmetika","8":"product_cat-sampunai-ir-kosmetika-prieziuros-priemones-katems","9":"product_cat-katems","10":"product_cat-prieziuros-priemones","11":"product_cat-prieziuros-priemones-katems","12":"pa_prekinis-zenklas-wilda-siberica","14":"first","15":"instock","16":"sale","17":"taxable","18":"shipping-taxable","19":"purchasable","20":"product-type-simple"},"yoast_head":"<!-- This site is optimized with the Yoast SEO Premium plugin v27.1 (Yoast SEO v27.5) - https:\/\/yoast.com\/product\/yoast-seo-premium-wordpress\/ -->\n<title>Wilda Siberica Delicate \u0161amp\u016bnas jauniems gyv\u016bnams ir jautriai odai 400 ml - anivet.lt<\/title>\n<meta name=\"description\" content=\"Wilda Siberica Delicate \u0161amp\u016bnas \u2013 tai \u0161velnus prie\u017ei\u016bros produktas, sukurtas specialiai jautri\u0105 od\u0105 turintiems gyv\u016bnams bei jauniems \u0161uniukams ir ka\u010diukams. Jo \u0161velni sud\u0117tis idealiai tinka tiek \u0161unims, tiek kat\u0117ms, kuriems reikia ypatingos prie\u017ei\u016bros.\" \/>\n<meta name=\"robots\" content=\"index, follow, max-snippet:-1, max-image-preview:large, max-video-preview:-1\" \/>\n<link rel=\"canonical\" href=\"https:\/\/anivet.lt\/elparduotuve\/produktas\/wilda-siberica-delicate-sampunas-jauniems-gyvunams-ir-jautriai-odai-400-ml\/\" \/>\n<meta property=\"og:locale\" content=\"lt_LT\" \/>\n<meta property=\"og:type\" content=\"article\" \/>\n<meta property=\"og:title\" content=\"Wilda Siberica Delicate \u0161amp\u016bnas jauniems gyv\u016bnams ir jautriai odai 400 ml\" \/>\n<meta property=\"og:description\" content=\"Wilda Siberica Delicate \u0161amp\u016bnas \u2013 tai \u0161velnus prie\u017ei\u016bros produktas, sukurtas specialiai jautri\u0105 od\u0105 turintiems gyv\u016bnams bei jauniems \u0161uniukams ir ka\u010diukams. Jo \u0161velni sud\u0117tis idealiai tinka tiek \u0161unims, tiek kat\u0117ms, kuriems reikia ypatingos prie\u017ei\u016bros.\" \/>\n<meta property=\"og:url\" content=\"https:\/\/anivet.lt\/elparduotuve\/produktas\/wilda-siberica-delicate-sampunas-jauniems-gyvunams-ir-jautriai-odai-400-ml\/\" \/>\n<meta property=\"og:site_name\" content=\"anivet.lt\" \/>\n<meta property=\"article:modified_time\" content=\"2026-01-01T19:33:34+00:00\" \/>\n<meta property=\"og:image\" content=\"https:\/\/anivet.lt\/elparduotuve\/wp-content\/uploads\/2025\/07\/WILDA-SIBERICA-Delicate-sampunas-jauniems-gyvunams-ir-jautriai-odai-400ml.jpg\" \/>\n\t<meta property=\"og:image:width\" content=\"800\" \/>\n\t<meta property=\"og:image:height\" content=\"800\" \/>\n\t<meta property=\"og:image:type\" content=\"image\/jpeg\" \/>\n<meta name=\"twitter:card\" content=\"summary_large_image\" \/>\n<meta name=\"twitter:label1\" content=\"Est. reading time\" \/>\n\t<meta name=\"twitter:data1\" content=\"1 minut\u0117\" \/>\n<script type=\"application\/ld+json\" class=\"yoast-schema-graph\">{\"@context\":\"https:\\\/\\\/schema.org\",\"@graph\":[{\"@type\":\"WebPage\",\"@id\":\"https:\\\/\\\/anivet.lt\\\/elparduotuve\\\/produktas\\\/wilda-siberica-delicate-sampunas-jauniems-gyvunams-ir-jautriai-odai-400-ml\\\/\",\"url\":\"https:\\\/\\\/anivet.lt\\\/elparduotuve\\\/produktas\\\/wilda-siberica-delicate-sampunas-jauniems-gyvunams-ir-jautriai-odai-400-ml\\\/\",\"name\":\"Wilda Siberica Delicate \u0161amp\u016bnas jauniems gyv\u016bnams ir jautriai odai 400 ml - anivet.lt\",\"isPartOf\":{\"@id\":\"https:\\\/\\\/anivet.lt\\\/elparduotuve\\\/#website\"},\"primaryImageOfPage\":{\"@id\":\"https:\\\/\\\/anivet.lt\\\/elparduotuve\\\/produktas\\\/wilda-siberica-delicate-sampunas-jauniems-gyvunams-ir-jautriai-odai-400-ml\\\/#primaryimage\"},\"image\":{\"@id\":\"https:\\\/\\\/anivet.lt\\\/elparduotuve\\\/produktas\\\/wilda-siberica-delicate-sampunas-jauniems-gyvunams-ir-jautriai-odai-400-ml\\\/#primaryimage\"},\"thumbnailUrl\":\"https:\\\/\\\/anivet.lt\\\/elparduotuve\\\/wp-content\\\/uploads\\\/2025\\\/07\\\/WILDA-SIBERICA-Delicate-sampunas-jauniems-gyvunams-ir-jautriai-odai-400ml.jpg\",\"datePublished\":\"2025-07-24T13:10:32+00:00\",\"dateModified\":\"2026-01-01T19:33:34+00:00\",\"description\":\"Wilda Siberica Delicate \u0161amp\u016bnas \u2013 tai \u0161velnus prie\u017ei\u016bros produktas, sukurtas specialiai jautri\u0105 od\u0105 turintiems gyv\u016bnams bei jauniems \u0161uniukams ir ka\u010diukams. Jo \u0161velni sud\u0117tis idealiai tinka tiek \u0161unims, tiek kat\u0117ms, kuriems reikia ypatingos prie\u017ei\u016bros.\",\"breadcrumb\":{\"@id\":\"https:\\\/\\\/anivet.lt\\\/elparduotuve\\\/produktas\\\/wilda-siberica-delicate-sampunas-jauniems-gyvunams-ir-jautriai-odai-400-ml\\\/#breadcrumb\"},\"inLanguage\":\"lt-LT\",\"potentialAction\":[{\"@type\":\"ReadAction\",\"target\":[\"https:\\\/\\\/anivet.lt\\\/elparduotuve\\\/produktas\\\/wilda-siberica-delicate-sampunas-jauniems-gyvunams-ir-jautriai-odai-400-ml\\\/\"]}]},{\"@type\":\"ImageObject\",\"inLanguage\":\"lt-LT\",\"@id\":\"https:\\\/\\\/anivet.lt\\\/elparduotuve\\\/produktas\\\/wilda-siberica-delicate-sampunas-jauniems-gyvunams-ir-jautriai-odai-400-ml\\\/#primaryimage\",\"url\":\"https:\\\/\\\/anivet.lt\\\/elparduotuve\\\/wp-content\\\/uploads\\\/2025\\\/07\\\/WILDA-SIBERICA-Delicate-sampunas-jauniems-gyvunams-ir-jautriai-odai-400ml.jpg\",\"contentUrl\":\"https:\\\/\\\/anivet.lt\\\/elparduotuve\\\/wp-content\\\/uploads\\\/2025\\\/07\\\/WILDA-SIBERICA-Delicate-sampunas-jauniems-gyvunams-ir-jautriai-odai-400ml.jpg\",\"width\":800,\"height\":800,\"caption\":\"Wilda Siberica Delicate \u0161amp\u016bnas jauniems gyv\u016bnams ir jautriai odai 400 ml\"},{\"@type\":\"BreadcrumbList\",\"@id\":\"https:\\\/\\\/anivet.lt\\\/elparduotuve\\\/produktas\\\/wilda-siberica-delicate-sampunas-jauniems-gyvunams-ir-jautriai-odai-400-ml\\\/#breadcrumb\",\"itemListElement\":[{\"@type\":\"ListItem\",\"position\":1,\"name\":\"Home\",\"item\":\"https:\\\/\\\/anivet.lt\\\/elparduotuve\\\/\"},{\"@type\":\"ListItem\",\"position\":2,\"name\":\"Produktai\",\"item\":\"https:\\\/\\\/anivet.lt\\\/elparduotuve\\\/produktai\\\/\"},{\"@type\":\"ListItem\",\"position\":3,\"name\":\"Wilda Siberica Delicate \u0161amp\u016bnas jauniems gyv\u016bnams ir jautriai odai 400 ml\"}]},{\"@type\":\"WebSite\",\"@id\":\"https:\\\/\\\/anivet.lt\\\/elparduotuve\\\/#website\",\"url\":\"https:\\\/\\\/anivet.lt\\\/elparduotuve\\\/\",\"name\":\"anivet.lt\",\"description\":\"Viskas J\u016bs\u0173 \u0161uns, kat\u0117s prie\u017ei\u016brai\",\"publisher\":{\"@id\":\"https:\\\/\\\/anivet.lt\\\/elparduotuve\\\/#organization\"},\"alternateName\":\"Viskas J\u016bs\u0173 \u0161uns, kat\u0117s prie\u017ei\u016brai\",\"potentialAction\":[{\"@type\":\"SearchAction\",\"target\":{\"@type\":\"EntryPoint\",\"urlTemplate\":\"https:\\\/\\\/anivet.lt\\\/elparduotuve\\\/?s={search_term_string}\"},\"query-input\":{\"@type\":\"PropertyValueSpecification\",\"valueRequired\":true,\"valueName\":\"search_term_string\"}}],\"inLanguage\":\"lt-LT\"},{\"@type\":\"Organization\",\"@id\":\"https:\\\/\\\/anivet.lt\\\/elparduotuve\\\/#organization\",\"name\":\"Viskas J\u016bs\u0173 \u0161uns, kat\u0117s prie\u017ei\u016brai\",\"url\":\"https:\\\/\\\/anivet.lt\\\/elparduotuve\\\/\",\"logo\":{\"@type\":\"ImageObject\",\"inLanguage\":\"lt-LT\",\"@id\":\"https:\\\/\\\/anivet.lt\\\/elparduotuve\\\/#\\\/schema\\\/logo\\\/image\\\/\",\"url\":\"https:\\\/\\\/anivet.lt\\\/elparduotuve\\\/wp-content\\\/uploads\\\/2023\\\/06\\\/logo2.jpg\",\"contentUrl\":\"https:\\\/\\\/anivet.lt\\\/elparduotuve\\\/wp-content\\\/uploads\\\/2023\\\/06\\\/logo2.jpg\",\"width\":655,\"height\":194,\"caption\":\"Viskas J\u016bs\u0173 \u0161uns, kat\u0117s prie\u017ei\u016brai\"},\"image\":{\"@id\":\"https:\\\/\\\/anivet.lt\\\/elparduotuve\\\/#\\\/schema\\\/logo\\\/image\\\/\"}}]}<\/script>\n<!-- \/ Yoast SEO Premium plugin. -->","yoast_head_json":{"title":"Wilda Siberica Delicate \u0161amp\u016bnas jauniems gyv\u016bnams ir jautriai odai 400 ml - anivet.lt","description":"Wilda Siberica Delicate \u0161amp\u016bnas \u2013 tai \u0161velnus prie\u017ei\u016bros produktas, sukurtas specialiai jautri\u0105 od\u0105 turintiems gyv\u016bnams bei jauniems \u0161uniukams ir ka\u010diukams. Jo \u0161velni sud\u0117tis idealiai tinka tiek \u0161unims, tiek kat\u0117ms, kuriems reikia ypatingos prie\u017ei\u016bros.","robots":{"index":"index","follow":"follow","max-snippet":"max-snippet:-1","max-image-preview":"max-image-preview:large","max-video-preview":"max-video-preview:-1"},"canonical":"https:\/\/anivet.lt\/elparduotuve\/produktas\/wilda-siberica-delicate-sampunas-jauniems-gyvunams-ir-jautriai-odai-400-ml\/","og_locale":"lt_LT","og_type":"article","og_title":"Wilda Siberica Delicate \u0161amp\u016bnas jauniems gyv\u016bnams ir jautriai odai 400 ml","og_description":"Wilda Siberica Delicate \u0161amp\u016bnas \u2013 tai \u0161velnus prie\u017ei\u016bros produktas, sukurtas specialiai jautri\u0105 od\u0105 turintiems gyv\u016bnams bei jauniems \u0161uniukams ir ka\u010diukams. Jo \u0161velni sud\u0117tis idealiai tinka tiek \u0161unims, tiek kat\u0117ms, kuriems reikia ypatingos prie\u017ei\u016bros.","og_url":"https:\/\/anivet.lt\/elparduotuve\/produktas\/wilda-siberica-delicate-sampunas-jauniems-gyvunams-ir-jautriai-odai-400-ml\/","og_site_name":"anivet.lt","article_modified_time":"2026-01-01T19:33:34+00:00","og_image":[{"width":800,"height":800,"url":"https:\/\/anivet.lt\/elparduotuve\/wp-content\/uploads\/2025\/07\/WILDA-SIBERICA-Delicate-sampunas-jauniems-gyvunams-ir-jautriai-odai-400ml.jpg","type":"image\/jpeg"}],"twitter_card":"summary_large_image","twitter_misc":{"Est. reading time":"1 minut\u0117"},"schema":{"@context":"https:\/\/schema.org","@graph":[{"@type":"WebPage","@id":"https:\/\/anivet.lt\/elparduotuve\/produktas\/wilda-siberica-delicate-sampunas-jauniems-gyvunams-ir-jautriai-odai-400-ml\/","url":"https:\/\/anivet.lt\/elparduotuve\/produktas\/wilda-siberica-delicate-sampunas-jauniems-gyvunams-ir-jautriai-odai-400-ml\/","name":"Wilda Siberica Delicate \u0161amp\u016bnas jauniems gyv\u016bnams ir jautriai odai 400 ml - anivet.lt","isPartOf":{"@id":"https:\/\/anivet.lt\/elparduotuve\/#website"},"primaryImageOfPage":{"@id":"https:\/\/anivet.lt\/elparduotuve\/produktas\/wilda-siberica-delicate-sampunas-jauniems-gyvunams-ir-jautriai-odai-400-ml\/#primaryimage"},"image":{"@id":"https:\/\/anivet.lt\/elparduotuve\/produktas\/wilda-siberica-delicate-sampunas-jauniems-gyvunams-ir-jautriai-odai-400-ml\/#primaryimage"},"thumbnailUrl":"https:\/\/anivet.lt\/elparduotuve\/wp-content\/uploads\/2025\/07\/WILDA-SIBERICA-Delicate-sampunas-jauniems-gyvunams-ir-jautriai-odai-400ml.jpg","datePublished":"2025-07-24T13:10:32+00:00","dateModified":"2026-01-01T19:33:34+00:00","description":"Wilda Siberica Delicate \u0161amp\u016bnas \u2013 tai \u0161velnus prie\u017ei\u016bros produktas, sukurtas specialiai jautri\u0105 od\u0105 turintiems gyv\u016bnams bei jauniems \u0161uniukams ir ka\u010diukams. Jo \u0161velni sud\u0117tis idealiai tinka tiek \u0161unims, tiek kat\u0117ms, kuriems reikia ypatingos prie\u017ei\u016bros.","breadcrumb":{"@id":"https:\/\/anivet.lt\/elparduotuve\/produktas\/wilda-siberica-delicate-sampunas-jauniems-gyvunams-ir-jautriai-odai-400-ml\/#breadcrumb"},"inLanguage":"lt-LT","potentialAction":[{"@type":"ReadAction","target":["https:\/\/anivet.lt\/elparduotuve\/produktas\/wilda-siberica-delicate-sampunas-jauniems-gyvunams-ir-jautriai-odai-400-ml\/"]}]},{"@type":"ImageObject","inLanguage":"lt-LT","@id":"https:\/\/anivet.lt\/elparduotuve\/produktas\/wilda-siberica-delicate-sampunas-jauniems-gyvunams-ir-jautriai-odai-400-ml\/#primaryimage","url":"https:\/\/anivet.lt\/elparduotuve\/wp-content\/uploads\/2025\/07\/WILDA-SIBERICA-Delicate-sampunas-jauniems-gyvunams-ir-jautriai-odai-400ml.jpg","contentUrl":"https:\/\/anivet.lt\/elparduotuve\/wp-content\/uploads\/2025\/07\/WILDA-SIBERICA-Delicate-sampunas-jauniems-gyvunams-ir-jautriai-odai-400ml.jpg","width":800,"height":800,"caption":"Wilda Siberica Delicate \u0161amp\u016bnas jauniems gyv\u016bnams ir jautriai odai 400 ml"},{"@type":"BreadcrumbList","@id":"https:\/\/anivet.lt\/elparduotuve\/produktas\/wilda-siberica-delicate-sampunas-jauniems-gyvunams-ir-jautriai-odai-400-ml\/#breadcrumb","itemListElement":[{"@type":"ListItem","position":1,"name":"Home","item":"https:\/\/anivet.lt\/elparduotuve\/"},{"@type":"ListItem","position":2,"name":"Produktai","item":"https:\/\/anivet.lt\/elparduotuve\/produktai\/"},{"@type":"ListItem","position":3,"name":"Wilda Siberica Delicate \u0161amp\u016bnas jauniems gyv\u016bnams ir jautriai odai 400 ml"}]},{"@type":"WebSite","@id":"https:\/\/anivet.lt\/elparduotuve\/#website","url":"https:\/\/anivet.lt\/elparduotuve\/","name":"anivet.lt","description":"Viskas J\u016bs\u0173 \u0161uns, kat\u0117s prie\u017ei\u016brai","publisher":{"@id":"https:\/\/anivet.lt\/elparduotuve\/#organization"},"alternateName":"Viskas J\u016bs\u0173 \u0161uns, kat\u0117s prie\u017ei\u016brai","potentialAction":[{"@type":"SearchAction","target":{"@type":"EntryPoint","urlTemplate":"https:\/\/anivet.lt\/elparduotuve\/?s={search_term_string}"},"query-input":{"@type":"PropertyValueSpecification","valueRequired":true,"valueName":"search_term_string"}}],"inLanguage":"lt-LT"},{"@type":"Organization","@id":"https:\/\/anivet.lt\/elparduotuve\/#organization","name":"Viskas J\u016bs\u0173 \u0161uns, kat\u0117s prie\u017ei\u016brai","url":"https:\/\/anivet.lt\/elparduotuve\/","logo":{"@type":"ImageObject","inLanguage":"lt-LT","@id":"https:\/\/anivet.lt\/elparduotuve\/#\/schema\/logo\/image\/","url":"https:\/\/anivet.lt\/elparduotuve\/wp-content\/uploads\/2023\/06\/logo2.jpg","contentUrl":"https:\/\/anivet.lt\/elparduotuve\/wp-content\/uploads\/2023\/06\/logo2.jpg","width":655,"height":194,"caption":"Viskas J\u016bs\u0173 \u0161uns, kat\u0117s prie\u017ei\u016brai"},"image":{"@id":"https:\/\/anivet.lt\/elparduotuve\/#\/schema\/logo\/image\/"}}]}},"_links":{"self":[{"href":"https:\/\/anivet.lt\/elparduotuve\/wp-json\/wp\/v2\/product\/18489","targetHints":{"allow":["GET"]}}],"collection":[{"href":"https:\/\/anivet.lt\/elparduotuve\/wp-json\/wp\/v2\/product"}],"about":[{"href":"https:\/\/anivet.lt\/elparduotuve\/wp-json\/wp\/v2\/types\/product"}],"wp:featuredmedia":[{"embeddable":true,"href":"https:\/\/anivet.lt\/elparduotuve\/wp-json\/wp\/v2\/media\/18490"}],"wp:attachment":[{"href":"https:\/\/anivet.lt\/elparduotuve\/wp-json\/wp\/v2\/media?parent=18489"}],"wp:term":[{"taxonomy":"product_brand","embeddable":true,"href":"https:\/\/anivet.lt\/elparduotuve\/wp-json\/wp\/v2\/product_brand?post=18489"},{"taxonomy":"product_cat","embeddable":true,"href":"https:\/\/anivet.lt\/elparduotuve\/wp-json\/wp\/v2\/product_cat?post=18489"},{"taxonomy":"product_tag","embeddable":true,"href":"https:\/\/anivet.lt\/elparduotuve\/wp-json\/wp\/v2\/product_tag?post=18489"}],"curies":[{"name":"wp","href":"https:\/\/api.w.org\/{rel}","templated":true}]}}