{"id":18502,"date":"2025-07-24T13:36:48","date_gmt":"2025-07-24T13:36:48","guid":{"rendered":"https:\/\/anivet.lt\/elparduotuve\/?post_type=product&#038;p=18502"},"modified":"2026-01-01T19:32:24","modified_gmt":"2026-01-01T19:32:24","slug":"wilda-siberica-shed-control-sampunas-nuo-kailio-slinkimo-400-ml","status":"publish","type":"product","link":"https:\/\/anivet.lt\/elparduotuve\/produktas\/wilda-siberica-shed-control-sampunas-nuo-kailio-slinkimo-400-ml\/","title":{"rendered":"Wilda Siberica Shed Control \u0161amp\u016bnas nuo kailio slinkimo 400 ml"},"content":{"rendered":"<p>Formul\u0117je esantis kadagys skatina odos atsinaujinimo procesus \u2013 tai pasiekiama d\u0117l jame esan\u010di\u0173 eterini\u0173 aliej\u0173, retinolio ir aminor\u016bg\u0161\u010di\u0173 derinio. Reguliariai naudojant, pager\u0117ja odos b\u016bkl\u0117, o kailis \u012fgauna gyvybingumo ir tampa sveikesn\u0117s i\u0161vaizdos.<\/p>\n","protected":false},"excerpt":{"rendered":"<p>Wilda Siberica Shed Control \u0161amp\u016bnas \u2013 tai specialiai sukurtas produktas \u0161unims ir kat\u0117ms, kurie susiduria su padid\u0117jusiu plauk\u0173 slinkimu. \u0160amp\u016bnas \u0161velniai valo od\u0105 ir padeda sustiprinti kail\u012f, kad jis tapt\u0173 elastingesnis ir atsparesnis slinkimui.<\/p>\n","protected":false},"featured_media":18503,"template":"","meta":[],"product_brand":[],"product_cat":[101,109,120,102,108,119],"product_tag":[],"class_list":{"0":"post-18502","1":"product","2":"type-product","3":"status-publish","4":"has-post-thumbnail","6":"product_cat-sunims","7":"product_cat-sampunai-ir-kosmetika","8":"product_cat-sampunai-ir-kosmetika-prieziuros-priemones-katems","9":"product_cat-katems","10":"product_cat-prieziuros-priemones","11":"product_cat-prieziuros-priemones-katems","12":"pa_prekinis-zenklas-wilda-siberica","14":"first","15":"instock","16":"sale","17":"taxable","18":"shipping-taxable","19":"purchasable","20":"product-type-simple"},"yoast_head":"<!-- This site is optimized with the Yoast SEO Premium plugin v27.1 (Yoast SEO v27.5) - https:\/\/yoast.com\/product\/yoast-seo-premium-wordpress\/ -->\n<title>Wilda Siberica Shed Control \u0161amp\u016bnas nuo kailio slinkimo 400 ml - anivet.lt<\/title>\n<meta name=\"description\" content=\"Wilda Siberica Shed Control \u0161amp\u016bnas \u2013 tai specialiai sukurtas produktas \u0161unims ir kat\u0117ms, kurie susiduria su padid\u0117jusiu plauk\u0173 slinkimu. \u0160amp\u016bnas \u0161velniai valo od\u0105 ir padeda sustiprinti kail\u012f, kad jis tapt\u0173 elastingesnis ir atsparesnis slinkimui.\" \/>\n<meta name=\"robots\" content=\"index, follow, max-snippet:-1, max-image-preview:large, max-video-preview:-1\" \/>\n<link rel=\"canonical\" href=\"https:\/\/anivet.lt\/elparduotuve\/produktas\/wilda-siberica-shed-control-sampunas-nuo-kailio-slinkimo-400-ml\/\" \/>\n<meta property=\"og:locale\" content=\"lt_LT\" \/>\n<meta property=\"og:type\" content=\"article\" \/>\n<meta property=\"og:title\" content=\"Wilda Siberica Shed Control \u0161amp\u016bnas nuo kailio slinkimo 400 ml\" \/>\n<meta property=\"og:description\" content=\"Wilda Siberica Shed Control \u0161amp\u016bnas \u2013 tai specialiai sukurtas produktas \u0161unims ir kat\u0117ms, kurie susiduria su padid\u0117jusiu plauk\u0173 slinkimu. \u0160amp\u016bnas \u0161velniai valo od\u0105 ir padeda sustiprinti kail\u012f, kad jis tapt\u0173 elastingesnis ir atsparesnis slinkimui.\" \/>\n<meta property=\"og:url\" content=\"https:\/\/anivet.lt\/elparduotuve\/produktas\/wilda-siberica-shed-control-sampunas-nuo-kailio-slinkimo-400-ml\/\" \/>\n<meta property=\"og:site_name\" content=\"anivet.lt\" \/>\n<meta property=\"article:modified_time\" content=\"2026-01-01T19:32:24+00:00\" \/>\n<meta property=\"og:image\" content=\"https:\/\/anivet.lt\/elparduotuve\/wp-content\/uploads\/2025\/07\/WILDA-SIBERICA-Shed-Control-sampunas-nuo-plauku-slinkimo-400ml.jpg\" \/>\n\t<meta property=\"og:image:width\" content=\"800\" \/>\n\t<meta property=\"og:image:height\" content=\"800\" \/>\n\t<meta property=\"og:image:type\" content=\"image\/jpeg\" \/>\n<meta name=\"twitter:card\" content=\"summary_large_image\" \/>\n<meta name=\"twitter:label1\" content=\"Est. reading time\" \/>\n\t<meta name=\"twitter:data1\" content=\"1 minut\u0117\" \/>\n<script type=\"application\/ld+json\" class=\"yoast-schema-graph\">{\"@context\":\"https:\\\/\\\/schema.org\",\"@graph\":[{\"@type\":\"WebPage\",\"@id\":\"https:\\\/\\\/anivet.lt\\\/elparduotuve\\\/produktas\\\/wilda-siberica-shed-control-sampunas-nuo-kailio-slinkimo-400-ml\\\/\",\"url\":\"https:\\\/\\\/anivet.lt\\\/elparduotuve\\\/produktas\\\/wilda-siberica-shed-control-sampunas-nuo-kailio-slinkimo-400-ml\\\/\",\"name\":\"Wilda Siberica Shed Control \u0161amp\u016bnas nuo kailio slinkimo 400 ml - anivet.lt\",\"isPartOf\":{\"@id\":\"https:\\\/\\\/anivet.lt\\\/elparduotuve\\\/#website\"},\"primaryImageOfPage\":{\"@id\":\"https:\\\/\\\/anivet.lt\\\/elparduotuve\\\/produktas\\\/wilda-siberica-shed-control-sampunas-nuo-kailio-slinkimo-400-ml\\\/#primaryimage\"},\"image\":{\"@id\":\"https:\\\/\\\/anivet.lt\\\/elparduotuve\\\/produktas\\\/wilda-siberica-shed-control-sampunas-nuo-kailio-slinkimo-400-ml\\\/#primaryimage\"},\"thumbnailUrl\":\"https:\\\/\\\/anivet.lt\\\/elparduotuve\\\/wp-content\\\/uploads\\\/2025\\\/07\\\/WILDA-SIBERICA-Shed-Control-sampunas-nuo-plauku-slinkimo-400ml.jpg\",\"datePublished\":\"2025-07-24T13:36:48+00:00\",\"dateModified\":\"2026-01-01T19:32:24+00:00\",\"description\":\"Wilda Siberica Shed Control \u0161amp\u016bnas \u2013 tai specialiai sukurtas produktas \u0161unims ir kat\u0117ms, kurie susiduria su padid\u0117jusiu plauk\u0173 slinkimu. \u0160amp\u016bnas \u0161velniai valo od\u0105 ir padeda sustiprinti kail\u012f, kad jis tapt\u0173 elastingesnis ir atsparesnis slinkimui.\",\"breadcrumb\":{\"@id\":\"https:\\\/\\\/anivet.lt\\\/elparduotuve\\\/produktas\\\/wilda-siberica-shed-control-sampunas-nuo-kailio-slinkimo-400-ml\\\/#breadcrumb\"},\"inLanguage\":\"lt-LT\",\"potentialAction\":[{\"@type\":\"ReadAction\",\"target\":[\"https:\\\/\\\/anivet.lt\\\/elparduotuve\\\/produktas\\\/wilda-siberica-shed-control-sampunas-nuo-kailio-slinkimo-400-ml\\\/\"]}]},{\"@type\":\"ImageObject\",\"inLanguage\":\"lt-LT\",\"@id\":\"https:\\\/\\\/anivet.lt\\\/elparduotuve\\\/produktas\\\/wilda-siberica-shed-control-sampunas-nuo-kailio-slinkimo-400-ml\\\/#primaryimage\",\"url\":\"https:\\\/\\\/anivet.lt\\\/elparduotuve\\\/wp-content\\\/uploads\\\/2025\\\/07\\\/WILDA-SIBERICA-Shed-Control-sampunas-nuo-plauku-slinkimo-400ml.jpg\",\"contentUrl\":\"https:\\\/\\\/anivet.lt\\\/elparduotuve\\\/wp-content\\\/uploads\\\/2025\\\/07\\\/WILDA-SIBERICA-Shed-Control-sampunas-nuo-plauku-slinkimo-400ml.jpg\",\"width\":800,\"height\":800,\"caption\":\"Wilda Siberica Shed Control \u0161amp\u016bnas nuo kailio slinkimo 400 ml\"},{\"@type\":\"BreadcrumbList\",\"@id\":\"https:\\\/\\\/anivet.lt\\\/elparduotuve\\\/produktas\\\/wilda-siberica-shed-control-sampunas-nuo-kailio-slinkimo-400-ml\\\/#breadcrumb\",\"itemListElement\":[{\"@type\":\"ListItem\",\"position\":1,\"name\":\"Home\",\"item\":\"https:\\\/\\\/anivet.lt\\\/elparduotuve\\\/\"},{\"@type\":\"ListItem\",\"position\":2,\"name\":\"Produktai\",\"item\":\"https:\\\/\\\/anivet.lt\\\/elparduotuve\\\/produktai\\\/\"},{\"@type\":\"ListItem\",\"position\":3,\"name\":\"Wilda Siberica Shed Control \u0161amp\u016bnas nuo kailio slinkimo 400 ml\"}]},{\"@type\":\"WebSite\",\"@id\":\"https:\\\/\\\/anivet.lt\\\/elparduotuve\\\/#website\",\"url\":\"https:\\\/\\\/anivet.lt\\\/elparduotuve\\\/\",\"name\":\"anivet.lt\",\"description\":\"Viskas J\u016bs\u0173 \u0161uns, kat\u0117s prie\u017ei\u016brai\",\"publisher\":{\"@id\":\"https:\\\/\\\/anivet.lt\\\/elparduotuve\\\/#organization\"},\"alternateName\":\"Viskas J\u016bs\u0173 \u0161uns, kat\u0117s prie\u017ei\u016brai\",\"potentialAction\":[{\"@type\":\"SearchAction\",\"target\":{\"@type\":\"EntryPoint\",\"urlTemplate\":\"https:\\\/\\\/anivet.lt\\\/elparduotuve\\\/?s={search_term_string}\"},\"query-input\":{\"@type\":\"PropertyValueSpecification\",\"valueRequired\":true,\"valueName\":\"search_term_string\"}}],\"inLanguage\":\"lt-LT\"},{\"@type\":\"Organization\",\"@id\":\"https:\\\/\\\/anivet.lt\\\/elparduotuve\\\/#organization\",\"name\":\"Viskas J\u016bs\u0173 \u0161uns, kat\u0117s prie\u017ei\u016brai\",\"url\":\"https:\\\/\\\/anivet.lt\\\/elparduotuve\\\/\",\"logo\":{\"@type\":\"ImageObject\",\"inLanguage\":\"lt-LT\",\"@id\":\"https:\\\/\\\/anivet.lt\\\/elparduotuve\\\/#\\\/schema\\\/logo\\\/image\\\/\",\"url\":\"https:\\\/\\\/anivet.lt\\\/elparduotuve\\\/wp-content\\\/uploads\\\/2023\\\/06\\\/logo2.jpg\",\"contentUrl\":\"https:\\\/\\\/anivet.lt\\\/elparduotuve\\\/wp-content\\\/uploads\\\/2023\\\/06\\\/logo2.jpg\",\"width\":655,\"height\":194,\"caption\":\"Viskas J\u016bs\u0173 \u0161uns, kat\u0117s prie\u017ei\u016brai\"},\"image\":{\"@id\":\"https:\\\/\\\/anivet.lt\\\/elparduotuve\\\/#\\\/schema\\\/logo\\\/image\\\/\"}}]}<\/script>\n<!-- \/ Yoast SEO Premium plugin. -->","yoast_head_json":{"title":"Wilda Siberica Shed Control \u0161amp\u016bnas nuo kailio slinkimo 400 ml - anivet.lt","description":"Wilda Siberica Shed Control \u0161amp\u016bnas \u2013 tai specialiai sukurtas produktas \u0161unims ir kat\u0117ms, kurie susiduria su padid\u0117jusiu plauk\u0173 slinkimu. \u0160amp\u016bnas \u0161velniai valo od\u0105 ir padeda sustiprinti kail\u012f, kad jis tapt\u0173 elastingesnis ir atsparesnis slinkimui.","robots":{"index":"index","follow":"follow","max-snippet":"max-snippet:-1","max-image-preview":"max-image-preview:large","max-video-preview":"max-video-preview:-1"},"canonical":"https:\/\/anivet.lt\/elparduotuve\/produktas\/wilda-siberica-shed-control-sampunas-nuo-kailio-slinkimo-400-ml\/","og_locale":"lt_LT","og_type":"article","og_title":"Wilda Siberica Shed Control \u0161amp\u016bnas nuo kailio slinkimo 400 ml","og_description":"Wilda Siberica Shed Control \u0161amp\u016bnas \u2013 tai specialiai sukurtas produktas \u0161unims ir kat\u0117ms, kurie susiduria su padid\u0117jusiu plauk\u0173 slinkimu. \u0160amp\u016bnas \u0161velniai valo od\u0105 ir padeda sustiprinti kail\u012f, kad jis tapt\u0173 elastingesnis ir atsparesnis slinkimui.","og_url":"https:\/\/anivet.lt\/elparduotuve\/produktas\/wilda-siberica-shed-control-sampunas-nuo-kailio-slinkimo-400-ml\/","og_site_name":"anivet.lt","article_modified_time":"2026-01-01T19:32:24+00:00","og_image":[{"width":800,"height":800,"url":"https:\/\/anivet.lt\/elparduotuve\/wp-content\/uploads\/2025\/07\/WILDA-SIBERICA-Shed-Control-sampunas-nuo-plauku-slinkimo-400ml.jpg","type":"image\/jpeg"}],"twitter_card":"summary_large_image","twitter_misc":{"Est. reading time":"1 minut\u0117"},"schema":{"@context":"https:\/\/schema.org","@graph":[{"@type":"WebPage","@id":"https:\/\/anivet.lt\/elparduotuve\/produktas\/wilda-siberica-shed-control-sampunas-nuo-kailio-slinkimo-400-ml\/","url":"https:\/\/anivet.lt\/elparduotuve\/produktas\/wilda-siberica-shed-control-sampunas-nuo-kailio-slinkimo-400-ml\/","name":"Wilda Siberica Shed Control \u0161amp\u016bnas nuo kailio slinkimo 400 ml - anivet.lt","isPartOf":{"@id":"https:\/\/anivet.lt\/elparduotuve\/#website"},"primaryImageOfPage":{"@id":"https:\/\/anivet.lt\/elparduotuve\/produktas\/wilda-siberica-shed-control-sampunas-nuo-kailio-slinkimo-400-ml\/#primaryimage"},"image":{"@id":"https:\/\/anivet.lt\/elparduotuve\/produktas\/wilda-siberica-shed-control-sampunas-nuo-kailio-slinkimo-400-ml\/#primaryimage"},"thumbnailUrl":"https:\/\/anivet.lt\/elparduotuve\/wp-content\/uploads\/2025\/07\/WILDA-SIBERICA-Shed-Control-sampunas-nuo-plauku-slinkimo-400ml.jpg","datePublished":"2025-07-24T13:36:48+00:00","dateModified":"2026-01-01T19:32:24+00:00","description":"Wilda Siberica Shed Control \u0161amp\u016bnas \u2013 tai specialiai sukurtas produktas \u0161unims ir kat\u0117ms, kurie susiduria su padid\u0117jusiu plauk\u0173 slinkimu. \u0160amp\u016bnas \u0161velniai valo od\u0105 ir padeda sustiprinti kail\u012f, kad jis tapt\u0173 elastingesnis ir atsparesnis slinkimui.","breadcrumb":{"@id":"https:\/\/anivet.lt\/elparduotuve\/produktas\/wilda-siberica-shed-control-sampunas-nuo-kailio-slinkimo-400-ml\/#breadcrumb"},"inLanguage":"lt-LT","potentialAction":[{"@type":"ReadAction","target":["https:\/\/anivet.lt\/elparduotuve\/produktas\/wilda-siberica-shed-control-sampunas-nuo-kailio-slinkimo-400-ml\/"]}]},{"@type":"ImageObject","inLanguage":"lt-LT","@id":"https:\/\/anivet.lt\/elparduotuve\/produktas\/wilda-siberica-shed-control-sampunas-nuo-kailio-slinkimo-400-ml\/#primaryimage","url":"https:\/\/anivet.lt\/elparduotuve\/wp-content\/uploads\/2025\/07\/WILDA-SIBERICA-Shed-Control-sampunas-nuo-plauku-slinkimo-400ml.jpg","contentUrl":"https:\/\/anivet.lt\/elparduotuve\/wp-content\/uploads\/2025\/07\/WILDA-SIBERICA-Shed-Control-sampunas-nuo-plauku-slinkimo-400ml.jpg","width":800,"height":800,"caption":"Wilda Siberica Shed Control \u0161amp\u016bnas nuo kailio slinkimo 400 ml"},{"@type":"BreadcrumbList","@id":"https:\/\/anivet.lt\/elparduotuve\/produktas\/wilda-siberica-shed-control-sampunas-nuo-kailio-slinkimo-400-ml\/#breadcrumb","itemListElement":[{"@type":"ListItem","position":1,"name":"Home","item":"https:\/\/anivet.lt\/elparduotuve\/"},{"@type":"ListItem","position":2,"name":"Produktai","item":"https:\/\/anivet.lt\/elparduotuve\/produktai\/"},{"@type":"ListItem","position":3,"name":"Wilda Siberica Shed Control \u0161amp\u016bnas nuo kailio slinkimo 400 ml"}]},{"@type":"WebSite","@id":"https:\/\/anivet.lt\/elparduotuve\/#website","url":"https:\/\/anivet.lt\/elparduotuve\/","name":"anivet.lt","description":"Viskas J\u016bs\u0173 \u0161uns, kat\u0117s prie\u017ei\u016brai","publisher":{"@id":"https:\/\/anivet.lt\/elparduotuve\/#organization"},"alternateName":"Viskas J\u016bs\u0173 \u0161uns, kat\u0117s prie\u017ei\u016brai","potentialAction":[{"@type":"SearchAction","target":{"@type":"EntryPoint","urlTemplate":"https:\/\/anivet.lt\/elparduotuve\/?s={search_term_string}"},"query-input":{"@type":"PropertyValueSpecification","valueRequired":true,"valueName":"search_term_string"}}],"inLanguage":"lt-LT"},{"@type":"Organization","@id":"https:\/\/anivet.lt\/elparduotuve\/#organization","name":"Viskas J\u016bs\u0173 \u0161uns, kat\u0117s prie\u017ei\u016brai","url":"https:\/\/anivet.lt\/elparduotuve\/","logo":{"@type":"ImageObject","inLanguage":"lt-LT","@id":"https:\/\/anivet.lt\/elparduotuve\/#\/schema\/logo\/image\/","url":"https:\/\/anivet.lt\/elparduotuve\/wp-content\/uploads\/2023\/06\/logo2.jpg","contentUrl":"https:\/\/anivet.lt\/elparduotuve\/wp-content\/uploads\/2023\/06\/logo2.jpg","width":655,"height":194,"caption":"Viskas J\u016bs\u0173 \u0161uns, kat\u0117s prie\u017ei\u016brai"},"image":{"@id":"https:\/\/anivet.lt\/elparduotuve\/#\/schema\/logo\/image\/"}}]}},"_links":{"self":[{"href":"https:\/\/anivet.lt\/elparduotuve\/wp-json\/wp\/v2\/product\/18502","targetHints":{"allow":["GET"]}}],"collection":[{"href":"https:\/\/anivet.lt\/elparduotuve\/wp-json\/wp\/v2\/product"}],"about":[{"href":"https:\/\/anivet.lt\/elparduotuve\/wp-json\/wp\/v2\/types\/product"}],"wp:featuredmedia":[{"embeddable":true,"href":"https:\/\/anivet.lt\/elparduotuve\/wp-json\/wp\/v2\/media\/18503"}],"wp:attachment":[{"href":"https:\/\/anivet.lt\/elparduotuve\/wp-json\/wp\/v2\/media?parent=18502"}],"wp:term":[{"taxonomy":"product_brand","embeddable":true,"href":"https:\/\/anivet.lt\/elparduotuve\/wp-json\/wp\/v2\/product_brand?post=18502"},{"taxonomy":"product_cat","embeddable":true,"href":"https:\/\/anivet.lt\/elparduotuve\/wp-json\/wp\/v2\/product_cat?post=18502"},{"taxonomy":"product_tag","embeddable":true,"href":"https:\/\/anivet.lt\/elparduotuve\/wp-json\/wp\/v2\/product_tag?post=18502"}],"curies":[{"name":"wp","href":"https:\/\/api.w.org\/{rel}","templated":true}]}}