{"id":18506,"date":"2025-07-24T13:42:40","date_gmt":"2025-07-24T13:42:40","guid":{"rendered":"https:\/\/anivet.lt\/elparduotuve\/?post_type=product&#038;p=18506"},"modified":"2026-05-07T14:18:51","modified_gmt":"2026-05-07T14:18:51","slug":"wilda-siberica-whitening-sampunas-baltam-kailiui-sunims-ir-katems-400-ml","status":"publish","type":"product","link":"https:\/\/anivet.lt\/elparduotuve\/produktas\/wilda-siberica-whitening-sampunas-baltam-kailiui-sunims-ir-katems-400-ml\/","title":{"rendered":"Wilda Siberica Whitening \u0161amp\u016bnas baltam kailiui \u0161unims ir kat\u0117ms 400 ml"},"content":{"rendered":"<p>Wilda Siberica Whitening \u0161amp\u016bnas skirtas \u0161unims ir kat\u0117ms, turintiems balt\u0105 ar \u0161vies\u0173 kail\u012f. Jo sud\u0117tis praturtinta augalin\u0117mis r\u016bg\u0161timis ir vitaminu C i\u0161 poliarin\u0117s debesyl\u0117s, kurios padeda palaikyti \u0161vies\u0173 kailio atspalv\u012f bei ma\u017eina melanino gamyb\u0105. Reguliariai naudojant \u0161amp\u016bn\u0105, kailis i\u0161lieka skais\u010diai baltas, gaivus ir \u0161vytintis.<\/p>\n","protected":false},"excerpt":{"rendered":"<p>Pagrindini\u0173 ingredient\u0173 savyb\u0117s:<\/p>\n<ul>\n<li data-start=\"476\" data-end=\"774\">Poliarin\u0117 debesyl\u0117 \u2013 tai m\u0117gstamas arktini\u0173 lapi\u0173 maistas, sunokstantis ruden\u012f, kai j\u0173 kailis pradeda balti. Debesyl\u0117je gausu nat\u016brali\u0173 r\u016bg\u0161\u010di\u0173 ir vitamino C, kurie padeda ma\u017einti tamsi\u0173 pigment\u0173 susidarym\u0105 ir i\u0161laikyti balt\u0105, \u0161var\u0173 kailio atspalv\u012f. \u0160is augalas i\u0161gyvena net -50 \u00b0C temperat\u016br\u0105!<\/li>\n<li data-start=\"778\" data-end=\"1061\">Kladonija \u2013 kerp\u0117, turtinga tirpiomis augalin\u0117mis med\u017eiagomis, kerpi\u0173 r\u016bg\u0161timis (pvz., cetrarine, fumarprotocetrarine), mikroelementais (pvz., jodu), fermentais ir vitaminais A, B1, B12. D\u0117l \u0161i\u0173 savybi\u0173 pasi\u017eymi \u0161velniu antibakteriniu poveikiu ir stiprina kv\u0117pavimo tak\u0173 apsaug\u0105.<\/li>\n<li data-start=\"1065\" data-end=\"1198\">Kedr\u0173 aliejus \u2013 pasi\u017eymi valomuoju, antiseptiniu, prie\u0161grybeliniu ir atkuriamuoju poveikiu. Padeda palaikyti sveik\u0105 kail\u012f ir od\u0105.<\/li>\n<\/ul>\n","protected":false},"featured_media":18507,"template":"","meta":[],"product_brand":[],"product_cat":[101,109,120,102,108,119],"product_tag":[],"class_list":{"0":"post-18506","1":"product","2":"type-product","3":"status-publish","4":"has-post-thumbnail","6":"product_cat-sunims","7":"product_cat-sampunai-ir-kosmetika","8":"product_cat-sampunai-ir-kosmetika-prieziuros-priemones-katems","9":"product_cat-katems","10":"product_cat-prieziuros-priemones","11":"product_cat-prieziuros-priemones-katems","12":"pa_prekinis-zenklas-wilda-siberica","14":"first","15":"outofstock","16":"taxable","17":"shipping-taxable","18":"purchasable","19":"product-type-simple"},"yoast_head":"<!-- This site is optimized with the Yoast SEO Premium plugin v27.1 (Yoast SEO v27.5) - https:\/\/yoast.com\/product\/yoast-seo-premium-wordpress\/ -->\n<title>Wilda Siberica Whitening \u0161amp\u016bnas baltam kailiui \u0161unims ir kat\u0117ms 400 ml - anivet.lt<\/title>\n<meta name=\"description\" content=\"Pagrindini\u0173 ingredient\u0173 savyb\u0117s:   Poliarin\u0117 debesyl\u0117 \u2013 tai m\u0117gstamas arktini\u0173 lapi\u0173 maistas, sunokstantis ruden\u012f, kai j\u0173 kailis pradeda balti. Debesyl\u0117je gausu nat\u016brali\u0173 r\u016bg\u0161\u010di\u0173 ir vitamino C, kurie padeda ma\u017einti tamsi\u0173 pigment\u0173 susidarym\u0105 ir i\u0161laikyti balt\u0105, \u0161var\u0173 kailio atspalv\u012f. \u0160is augalas i\u0161gyvena net -50 \u00b0C temperat\u016br\u0105!  Kladonija \u2013 kerp\u0117, turtinga tirpiomis augalin\u0117mis med\u017eiagomis, kerpi\u0173 r\u016bg\u0161timis (pvz., cetrarine, fumarprotocetrarine), mikroelementais (pvz., jodu), fermentais ir vitaminais A, B1, B12. D\u0117l \u0161i\u0173 savybi\u0173 pasi\u017eymi \u0161velniu antibakteriniu poveikiu ir stiprina kv\u0117pavimo tak\u0173 apsaug\u0105.  Kedr\u0173 aliejus \u2013 pasi\u017eymi valomuoju, antiseptiniu, prie\u0161grybeliniu ir atkuriamuoju poveikiu. Padeda palaikyti sveik\u0105 kail\u012f ir od\u0105.\" \/>\n<meta name=\"robots\" content=\"index, follow, max-snippet:-1, max-image-preview:large, max-video-preview:-1\" \/>\n<link rel=\"canonical\" href=\"https:\/\/anivet.lt\/elparduotuve\/produktas\/wilda-siberica-whitening-sampunas-baltam-kailiui-sunims-ir-katems-400-ml\/\" \/>\n<meta property=\"og:locale\" content=\"lt_LT\" \/>\n<meta property=\"og:type\" content=\"article\" \/>\n<meta property=\"og:title\" content=\"Wilda Siberica Whitening \u0161amp\u016bnas baltam kailiui \u0161unims ir kat\u0117ms 400 ml\" \/>\n<meta property=\"og:description\" content=\"Pagrindini\u0173 ingredient\u0173 savyb\u0117s:   Poliarin\u0117 debesyl\u0117 \u2013 tai m\u0117gstamas arktini\u0173 lapi\u0173 maistas, sunokstantis ruden\u012f, kai j\u0173 kailis pradeda balti. Debesyl\u0117je gausu nat\u016brali\u0173 r\u016bg\u0161\u010di\u0173 ir vitamino C, kurie padeda ma\u017einti tamsi\u0173 pigment\u0173 susidarym\u0105 ir i\u0161laikyti balt\u0105, \u0161var\u0173 kailio atspalv\u012f. \u0160is augalas i\u0161gyvena net -50 \u00b0C temperat\u016br\u0105!  Kladonija \u2013 kerp\u0117, turtinga tirpiomis augalin\u0117mis med\u017eiagomis, kerpi\u0173 r\u016bg\u0161timis (pvz., cetrarine, fumarprotocetrarine), mikroelementais (pvz., jodu), fermentais ir vitaminais A, B1, B12. D\u0117l \u0161i\u0173 savybi\u0173 pasi\u017eymi \u0161velniu antibakteriniu poveikiu ir stiprina kv\u0117pavimo tak\u0173 apsaug\u0105.  Kedr\u0173 aliejus \u2013 pasi\u017eymi valomuoju, antiseptiniu, prie\u0161grybeliniu ir atkuriamuoju poveikiu. Padeda palaikyti sveik\u0105 kail\u012f ir od\u0105.\" \/>\n<meta property=\"og:url\" content=\"https:\/\/anivet.lt\/elparduotuve\/produktas\/wilda-siberica-whitening-sampunas-baltam-kailiui-sunims-ir-katems-400-ml\/\" \/>\n<meta property=\"og:site_name\" content=\"anivet.lt\" \/>\n<meta property=\"article:modified_time\" content=\"2026-05-07T14:18:51+00:00\" \/>\n<meta property=\"og:image\" content=\"https:\/\/anivet.lt\/elparduotuve\/wp-content\/uploads\/2025\/07\/WILDA-SIBERICA-Whitening-sampunas-baltam-kailiui-400ml.jpg\" \/>\n\t<meta property=\"og:image:width\" content=\"800\" \/>\n\t<meta property=\"og:image:height\" content=\"800\" \/>\n\t<meta property=\"og:image:type\" content=\"image\/jpeg\" \/>\n<meta name=\"twitter:card\" content=\"summary_large_image\" \/>\n<meta name=\"twitter:label1\" content=\"Est. reading time\" \/>\n\t<meta name=\"twitter:data1\" content=\"1 minut\u0117\" \/>\n<script type=\"application\/ld+json\" class=\"yoast-schema-graph\">{\"@context\":\"https:\\\/\\\/schema.org\",\"@graph\":[{\"@type\":\"WebPage\",\"@id\":\"https:\\\/\\\/anivet.lt\\\/elparduotuve\\\/produktas\\\/wilda-siberica-whitening-sampunas-baltam-kailiui-sunims-ir-katems-400-ml\\\/\",\"url\":\"https:\\\/\\\/anivet.lt\\\/elparduotuve\\\/produktas\\\/wilda-siberica-whitening-sampunas-baltam-kailiui-sunims-ir-katems-400-ml\\\/\",\"name\":\"Wilda Siberica Whitening \u0161amp\u016bnas baltam kailiui \u0161unims ir kat\u0117ms 400 ml - anivet.lt\",\"isPartOf\":{\"@id\":\"https:\\\/\\\/anivet.lt\\\/elparduotuve\\\/#website\"},\"primaryImageOfPage\":{\"@id\":\"https:\\\/\\\/anivet.lt\\\/elparduotuve\\\/produktas\\\/wilda-siberica-whitening-sampunas-baltam-kailiui-sunims-ir-katems-400-ml\\\/#primaryimage\"},\"image\":{\"@id\":\"https:\\\/\\\/anivet.lt\\\/elparduotuve\\\/produktas\\\/wilda-siberica-whitening-sampunas-baltam-kailiui-sunims-ir-katems-400-ml\\\/#primaryimage\"},\"thumbnailUrl\":\"https:\\\/\\\/anivet.lt\\\/elparduotuve\\\/wp-content\\\/uploads\\\/2025\\\/07\\\/WILDA-SIBERICA-Whitening-sampunas-baltam-kailiui-400ml.jpg\",\"datePublished\":\"2025-07-24T13:42:40+00:00\",\"dateModified\":\"2026-05-07T14:18:51+00:00\",\"description\":\"Pagrindini\u0173 ingredient\u0173 savyb\u0117s: Poliarin\u0117 debesyl\u0117 \u2013 tai m\u0117gstamas arktini\u0173 lapi\u0173 maistas, sunokstantis ruden\u012f, kai j\u0173 kailis pradeda balti. Debesyl\u0117je gausu nat\u016brali\u0173 r\u016bg\u0161\u010di\u0173 ir vitamino C, kurie padeda ma\u017einti tamsi\u0173 pigment\u0173 susidarym\u0105 ir i\u0161laikyti balt\u0105, \u0161var\u0173 kailio atspalv\u012f. \u0160is augalas i\u0161gyvena net -50 \u00b0C temperat\u016br\u0105! Kladonija \u2013 kerp\u0117, turtinga tirpiomis augalin\u0117mis med\u017eiagomis, kerpi\u0173 r\u016bg\u0161timis (pvz., cetrarine, fumarprotocetrarine), mikroelementais (pvz., jodu), fermentais ir vitaminais A, B1, B12. D\u0117l \u0161i\u0173 savybi\u0173 pasi\u017eymi \u0161velniu antibakteriniu poveikiu ir stiprina kv\u0117pavimo tak\u0173 apsaug\u0105. Kedr\u0173 aliejus \u2013 pasi\u017eymi valomuoju, antiseptiniu, prie\u0161grybeliniu ir atkuriamuoju poveikiu. Padeda palaikyti sveik\u0105 kail\u012f ir od\u0105.\",\"breadcrumb\":{\"@id\":\"https:\\\/\\\/anivet.lt\\\/elparduotuve\\\/produktas\\\/wilda-siberica-whitening-sampunas-baltam-kailiui-sunims-ir-katems-400-ml\\\/#breadcrumb\"},\"inLanguage\":\"lt-LT\",\"potentialAction\":[{\"@type\":\"ReadAction\",\"target\":[\"https:\\\/\\\/anivet.lt\\\/elparduotuve\\\/produktas\\\/wilda-siberica-whitening-sampunas-baltam-kailiui-sunims-ir-katems-400-ml\\\/\"]}]},{\"@type\":\"ImageObject\",\"inLanguage\":\"lt-LT\",\"@id\":\"https:\\\/\\\/anivet.lt\\\/elparduotuve\\\/produktas\\\/wilda-siberica-whitening-sampunas-baltam-kailiui-sunims-ir-katems-400-ml\\\/#primaryimage\",\"url\":\"https:\\\/\\\/anivet.lt\\\/elparduotuve\\\/wp-content\\\/uploads\\\/2025\\\/07\\\/WILDA-SIBERICA-Whitening-sampunas-baltam-kailiui-400ml.jpg\",\"contentUrl\":\"https:\\\/\\\/anivet.lt\\\/elparduotuve\\\/wp-content\\\/uploads\\\/2025\\\/07\\\/WILDA-SIBERICA-Whitening-sampunas-baltam-kailiui-400ml.jpg\",\"width\":800,\"height\":800,\"caption\":\"AUTO-DRAFT\"},{\"@type\":\"BreadcrumbList\",\"@id\":\"https:\\\/\\\/anivet.lt\\\/elparduotuve\\\/produktas\\\/wilda-siberica-whitening-sampunas-baltam-kailiui-sunims-ir-katems-400-ml\\\/#breadcrumb\",\"itemListElement\":[{\"@type\":\"ListItem\",\"position\":1,\"name\":\"Home\",\"item\":\"https:\\\/\\\/anivet.lt\\\/elparduotuve\\\/\"},{\"@type\":\"ListItem\",\"position\":2,\"name\":\"Produktai\",\"item\":\"https:\\\/\\\/anivet.lt\\\/elparduotuve\\\/produktai\\\/\"},{\"@type\":\"ListItem\",\"position\":3,\"name\":\"Wilda Siberica Whitening \u0161amp\u016bnas baltam kailiui \u0161unims ir kat\u0117ms 400 ml\"}]},{\"@type\":\"WebSite\",\"@id\":\"https:\\\/\\\/anivet.lt\\\/elparduotuve\\\/#website\",\"url\":\"https:\\\/\\\/anivet.lt\\\/elparduotuve\\\/\",\"name\":\"anivet.lt\",\"description\":\"Viskas J\u016bs\u0173 \u0161uns, kat\u0117s prie\u017ei\u016brai\",\"publisher\":{\"@id\":\"https:\\\/\\\/anivet.lt\\\/elparduotuve\\\/#organization\"},\"alternateName\":\"Viskas J\u016bs\u0173 \u0161uns, kat\u0117s prie\u017ei\u016brai\",\"potentialAction\":[{\"@type\":\"SearchAction\",\"target\":{\"@type\":\"EntryPoint\",\"urlTemplate\":\"https:\\\/\\\/anivet.lt\\\/elparduotuve\\\/?s={search_term_string}\"},\"query-input\":{\"@type\":\"PropertyValueSpecification\",\"valueRequired\":true,\"valueName\":\"search_term_string\"}}],\"inLanguage\":\"lt-LT\"},{\"@type\":\"Organization\",\"@id\":\"https:\\\/\\\/anivet.lt\\\/elparduotuve\\\/#organization\",\"name\":\"Viskas J\u016bs\u0173 \u0161uns, kat\u0117s prie\u017ei\u016brai\",\"url\":\"https:\\\/\\\/anivet.lt\\\/elparduotuve\\\/\",\"logo\":{\"@type\":\"ImageObject\",\"inLanguage\":\"lt-LT\",\"@id\":\"https:\\\/\\\/anivet.lt\\\/elparduotuve\\\/#\\\/schema\\\/logo\\\/image\\\/\",\"url\":\"https:\\\/\\\/anivet.lt\\\/elparduotuve\\\/wp-content\\\/uploads\\\/2023\\\/06\\\/logo2.jpg\",\"contentUrl\":\"https:\\\/\\\/anivet.lt\\\/elparduotuve\\\/wp-content\\\/uploads\\\/2023\\\/06\\\/logo2.jpg\",\"width\":655,\"height\":194,\"caption\":\"Viskas J\u016bs\u0173 \u0161uns, kat\u0117s prie\u017ei\u016brai\"},\"image\":{\"@id\":\"https:\\\/\\\/anivet.lt\\\/elparduotuve\\\/#\\\/schema\\\/logo\\\/image\\\/\"}}]}<\/script>\n<!-- \/ Yoast SEO Premium plugin. -->","yoast_head_json":{"title":"Wilda Siberica Whitening \u0161amp\u016bnas baltam kailiui \u0161unims ir kat\u0117ms 400 ml - anivet.lt","description":"Pagrindini\u0173 ingredient\u0173 savyb\u0117s:   Poliarin\u0117 debesyl\u0117 \u2013 tai m\u0117gstamas arktini\u0173 lapi\u0173 maistas, sunokstantis ruden\u012f, kai j\u0173 kailis pradeda balti. Debesyl\u0117je gausu nat\u016brali\u0173 r\u016bg\u0161\u010di\u0173 ir vitamino C, kurie padeda ma\u017einti tamsi\u0173 pigment\u0173 susidarym\u0105 ir i\u0161laikyti balt\u0105, \u0161var\u0173 kailio atspalv\u012f. \u0160is augalas i\u0161gyvena net -50 \u00b0C temperat\u016br\u0105!  Kladonija \u2013 kerp\u0117, turtinga tirpiomis augalin\u0117mis med\u017eiagomis, kerpi\u0173 r\u016bg\u0161timis (pvz., cetrarine, fumarprotocetrarine), mikroelementais (pvz., jodu), fermentais ir vitaminais A, B1, B12. D\u0117l \u0161i\u0173 savybi\u0173 pasi\u017eymi \u0161velniu antibakteriniu poveikiu ir stiprina kv\u0117pavimo tak\u0173 apsaug\u0105.  Kedr\u0173 aliejus \u2013 pasi\u017eymi valomuoju, antiseptiniu, prie\u0161grybeliniu ir atkuriamuoju poveikiu. Padeda palaikyti sveik\u0105 kail\u012f ir od\u0105.","robots":{"index":"index","follow":"follow","max-snippet":"max-snippet:-1","max-image-preview":"max-image-preview:large","max-video-preview":"max-video-preview:-1"},"canonical":"https:\/\/anivet.lt\/elparduotuve\/produktas\/wilda-siberica-whitening-sampunas-baltam-kailiui-sunims-ir-katems-400-ml\/","og_locale":"lt_LT","og_type":"article","og_title":"Wilda Siberica Whitening \u0161amp\u016bnas baltam kailiui \u0161unims ir kat\u0117ms 400 ml","og_description":"Pagrindini\u0173 ingredient\u0173 savyb\u0117s:   Poliarin\u0117 debesyl\u0117 \u2013 tai m\u0117gstamas arktini\u0173 lapi\u0173 maistas, sunokstantis ruden\u012f, kai j\u0173 kailis pradeda balti. Debesyl\u0117je gausu nat\u016brali\u0173 r\u016bg\u0161\u010di\u0173 ir vitamino C, kurie padeda ma\u017einti tamsi\u0173 pigment\u0173 susidarym\u0105 ir i\u0161laikyti balt\u0105, \u0161var\u0173 kailio atspalv\u012f. \u0160is augalas i\u0161gyvena net -50 \u00b0C temperat\u016br\u0105!  Kladonija \u2013 kerp\u0117, turtinga tirpiomis augalin\u0117mis med\u017eiagomis, kerpi\u0173 r\u016bg\u0161timis (pvz., cetrarine, fumarprotocetrarine), mikroelementais (pvz., jodu), fermentais ir vitaminais A, B1, B12. D\u0117l \u0161i\u0173 savybi\u0173 pasi\u017eymi \u0161velniu antibakteriniu poveikiu ir stiprina kv\u0117pavimo tak\u0173 apsaug\u0105.  Kedr\u0173 aliejus \u2013 pasi\u017eymi valomuoju, antiseptiniu, prie\u0161grybeliniu ir atkuriamuoju poveikiu. Padeda palaikyti sveik\u0105 kail\u012f ir od\u0105.","og_url":"https:\/\/anivet.lt\/elparduotuve\/produktas\/wilda-siberica-whitening-sampunas-baltam-kailiui-sunims-ir-katems-400-ml\/","og_site_name":"anivet.lt","article_modified_time":"2026-05-07T14:18:51+00:00","og_image":[{"width":800,"height":800,"url":"https:\/\/anivet.lt\/elparduotuve\/wp-content\/uploads\/2025\/07\/WILDA-SIBERICA-Whitening-sampunas-baltam-kailiui-400ml.jpg","type":"image\/jpeg"}],"twitter_card":"summary_large_image","twitter_misc":{"Est. reading time":"1 minut\u0117"},"schema":{"@context":"https:\/\/schema.org","@graph":[{"@type":"WebPage","@id":"https:\/\/anivet.lt\/elparduotuve\/produktas\/wilda-siberica-whitening-sampunas-baltam-kailiui-sunims-ir-katems-400-ml\/","url":"https:\/\/anivet.lt\/elparduotuve\/produktas\/wilda-siberica-whitening-sampunas-baltam-kailiui-sunims-ir-katems-400-ml\/","name":"Wilda Siberica Whitening \u0161amp\u016bnas baltam kailiui \u0161unims ir kat\u0117ms 400 ml - anivet.lt","isPartOf":{"@id":"https:\/\/anivet.lt\/elparduotuve\/#website"},"primaryImageOfPage":{"@id":"https:\/\/anivet.lt\/elparduotuve\/produktas\/wilda-siberica-whitening-sampunas-baltam-kailiui-sunims-ir-katems-400-ml\/#primaryimage"},"image":{"@id":"https:\/\/anivet.lt\/elparduotuve\/produktas\/wilda-siberica-whitening-sampunas-baltam-kailiui-sunims-ir-katems-400-ml\/#primaryimage"},"thumbnailUrl":"https:\/\/anivet.lt\/elparduotuve\/wp-content\/uploads\/2025\/07\/WILDA-SIBERICA-Whitening-sampunas-baltam-kailiui-400ml.jpg","datePublished":"2025-07-24T13:42:40+00:00","dateModified":"2026-05-07T14:18:51+00:00","description":"Pagrindini\u0173 ingredient\u0173 savyb\u0117s: Poliarin\u0117 debesyl\u0117 \u2013 tai m\u0117gstamas arktini\u0173 lapi\u0173 maistas, sunokstantis ruden\u012f, kai j\u0173 kailis pradeda balti. Debesyl\u0117je gausu nat\u016brali\u0173 r\u016bg\u0161\u010di\u0173 ir vitamino C, kurie padeda ma\u017einti tamsi\u0173 pigment\u0173 susidarym\u0105 ir i\u0161laikyti balt\u0105, \u0161var\u0173 kailio atspalv\u012f. \u0160is augalas i\u0161gyvena net -50 \u00b0C temperat\u016br\u0105! Kladonija \u2013 kerp\u0117, turtinga tirpiomis augalin\u0117mis med\u017eiagomis, kerpi\u0173 r\u016bg\u0161timis (pvz., cetrarine, fumarprotocetrarine), mikroelementais (pvz., jodu), fermentais ir vitaminais A, B1, B12. D\u0117l \u0161i\u0173 savybi\u0173 pasi\u017eymi \u0161velniu antibakteriniu poveikiu ir stiprina kv\u0117pavimo tak\u0173 apsaug\u0105. Kedr\u0173 aliejus \u2013 pasi\u017eymi valomuoju, antiseptiniu, prie\u0161grybeliniu ir atkuriamuoju poveikiu. Padeda palaikyti sveik\u0105 kail\u012f ir od\u0105.","breadcrumb":{"@id":"https:\/\/anivet.lt\/elparduotuve\/produktas\/wilda-siberica-whitening-sampunas-baltam-kailiui-sunims-ir-katems-400-ml\/#breadcrumb"},"inLanguage":"lt-LT","potentialAction":[{"@type":"ReadAction","target":["https:\/\/anivet.lt\/elparduotuve\/produktas\/wilda-siberica-whitening-sampunas-baltam-kailiui-sunims-ir-katems-400-ml\/"]}]},{"@type":"ImageObject","inLanguage":"lt-LT","@id":"https:\/\/anivet.lt\/elparduotuve\/produktas\/wilda-siberica-whitening-sampunas-baltam-kailiui-sunims-ir-katems-400-ml\/#primaryimage","url":"https:\/\/anivet.lt\/elparduotuve\/wp-content\/uploads\/2025\/07\/WILDA-SIBERICA-Whitening-sampunas-baltam-kailiui-400ml.jpg","contentUrl":"https:\/\/anivet.lt\/elparduotuve\/wp-content\/uploads\/2025\/07\/WILDA-SIBERICA-Whitening-sampunas-baltam-kailiui-400ml.jpg","width":800,"height":800,"caption":"AUTO-DRAFT"},{"@type":"BreadcrumbList","@id":"https:\/\/anivet.lt\/elparduotuve\/produktas\/wilda-siberica-whitening-sampunas-baltam-kailiui-sunims-ir-katems-400-ml\/#breadcrumb","itemListElement":[{"@type":"ListItem","position":1,"name":"Home","item":"https:\/\/anivet.lt\/elparduotuve\/"},{"@type":"ListItem","position":2,"name":"Produktai","item":"https:\/\/anivet.lt\/elparduotuve\/produktai\/"},{"@type":"ListItem","position":3,"name":"Wilda Siberica Whitening \u0161amp\u016bnas baltam kailiui \u0161unims ir kat\u0117ms 400 ml"}]},{"@type":"WebSite","@id":"https:\/\/anivet.lt\/elparduotuve\/#website","url":"https:\/\/anivet.lt\/elparduotuve\/","name":"anivet.lt","description":"Viskas J\u016bs\u0173 \u0161uns, kat\u0117s prie\u017ei\u016brai","publisher":{"@id":"https:\/\/anivet.lt\/elparduotuve\/#organization"},"alternateName":"Viskas J\u016bs\u0173 \u0161uns, kat\u0117s prie\u017ei\u016brai","potentialAction":[{"@type":"SearchAction","target":{"@type":"EntryPoint","urlTemplate":"https:\/\/anivet.lt\/elparduotuve\/?s={search_term_string}"},"query-input":{"@type":"PropertyValueSpecification","valueRequired":true,"valueName":"search_term_string"}}],"inLanguage":"lt-LT"},{"@type":"Organization","@id":"https:\/\/anivet.lt\/elparduotuve\/#organization","name":"Viskas J\u016bs\u0173 \u0161uns, kat\u0117s prie\u017ei\u016brai","url":"https:\/\/anivet.lt\/elparduotuve\/","logo":{"@type":"ImageObject","inLanguage":"lt-LT","@id":"https:\/\/anivet.lt\/elparduotuve\/#\/schema\/logo\/image\/","url":"https:\/\/anivet.lt\/elparduotuve\/wp-content\/uploads\/2023\/06\/logo2.jpg","contentUrl":"https:\/\/anivet.lt\/elparduotuve\/wp-content\/uploads\/2023\/06\/logo2.jpg","width":655,"height":194,"caption":"Viskas J\u016bs\u0173 \u0161uns, kat\u0117s prie\u017ei\u016brai"},"image":{"@id":"https:\/\/anivet.lt\/elparduotuve\/#\/schema\/logo\/image\/"}}]}},"_links":{"self":[{"href":"https:\/\/anivet.lt\/elparduotuve\/wp-json\/wp\/v2\/product\/18506","targetHints":{"allow":["GET"]}}],"collection":[{"href":"https:\/\/anivet.lt\/elparduotuve\/wp-json\/wp\/v2\/product"}],"about":[{"href":"https:\/\/anivet.lt\/elparduotuve\/wp-json\/wp\/v2\/types\/product"}],"wp:featuredmedia":[{"embeddable":true,"href":"https:\/\/anivet.lt\/elparduotuve\/wp-json\/wp\/v2\/media\/18507"}],"wp:attachment":[{"href":"https:\/\/anivet.lt\/elparduotuve\/wp-json\/wp\/v2\/media?parent=18506"}],"wp:term":[{"taxonomy":"product_brand","embeddable":true,"href":"https:\/\/anivet.lt\/elparduotuve\/wp-json\/wp\/v2\/product_brand?post=18506"},{"taxonomy":"product_cat","embeddable":true,"href":"https:\/\/anivet.lt\/elparduotuve\/wp-json\/wp\/v2\/product_cat?post=18506"},{"taxonomy":"product_tag","embeddable":true,"href":"https:\/\/anivet.lt\/elparduotuve\/wp-json\/wp\/v2\/product_tag?post=18506"}],"curies":[{"name":"wp","href":"https:\/\/api.w.org\/{rel}","templated":true}]}}