{"id":18650,"date":"2025-08-18T21:28:41","date_gmt":"2025-08-18T21:28:41","guid":{"rendered":"https:\/\/anivet.lt\/elparduotuve\/?post_type=product&#038;p=18650"},"modified":"2026-05-06T10:59:24","modified_gmt":"2026-05-06T10:59:24","slug":"monge-daily-line-mini-puppy-and-junior-jauniems-mazu-veisliu-suniukams-su-vistiena-3kg","status":"publish","type":"product","link":"https:\/\/anivet.lt\/elparduotuve\/produktas\/monge-daily-line-mini-puppy-and-junior-jauniems-mazu-veisliu-suniukams-su-vistiena-3kg\/","title":{"rendered":"Monge Daily Line Mini Puppy and Junior jauniems ma\u017e\u0173 veisli\u0173 \u0161uniukams su vi\u0161tiena 3kg"},"content":{"rendered":"<ul>\n<li><span lang=\"en-US\">D\u0117l auk\u0161tos kokyb\u0117s vi\u0161tienos baltym\u0173 ir lengvai vir\u0161kinam\u0173 ry\u017ei\u0173, pa\u0161aras padeda patenkinti didesn\u012f <\/span><span lang=\"en-US\">energijos poreik\u012f augimo laikotarpiu.<\/span><\/li>\n<li><span lang=\"en-US\">Sud\u0117tyje esantys prebiotikai (F.O.S.), d\u017eiovinti kiau\u0161iniai ir<\/span><span lang=\"lt-LT\"> \u017euvies <\/span><span lang=\"en-US\">miltai palaiko sveik\u0105 <\/span><span lang=\"en-US\">vir\u0161kinim\u0105 bei stiprina imunitet\u0105. <\/span><\/li>\n<li><span lang=\"en-US\">Gliukozaminas ir chondroitinas prisideda prie s\u0105nari\u0173 sveikatos ir kaul\u0173 vystymosi.<\/span><\/li>\n<li><span lang=\"en-US\">Optimalus Omega-3 ir Omega-6 r\u016bg\u0161\u010di\u0173 balansas u\u017etikrina sveik\u0105 od\u0105 ir blizgant\u012f kail\u012f, o <\/span><span lang=\"en-US\">ry\u017eiai suteikia energijos ir padeda palaikyti normali\u0105 cholesterolio koncentracij\u0105. <\/span><\/li>\n<\/ul>\n<p><span lang=\"en-US\">\u0160is maistingas \u0117dalas padeda u\u017eauginti stipr\u0173, sveik\u0105 ir aktyv\u0173 augintin\u012f.<\/span><\/p>\n","protected":false},"excerpt":{"rendered":"<p><span lang=\"lt-LT\">Visavertis<\/span><span lang=\"en-US\"> pa<\/span><span lang=\"lt-LT\">\u0161aras su vi\u0161tiena, skirtas<\/span><span lang=\"en-US\"> jauniems ma\u017e\u0173 veisli\u0173 \u0161unims iki 12 m\u0117nesi\u0173 <\/span><span lang=\"lt-LT\">am\u017eiaus.<\/span><\/p>\n","protected":false},"featured_media":18651,"template":"","meta":[],"product_brand":[],"product_cat":[101,103,104,318],"product_tag":[],"class_list":{"0":"post-18650","1":"product","2":"type-product","3":"status-publish","4":"has-post-thumbnail","6":"product_cat-sunims","7":"product_cat-sunu-maistas","8":"product_cat-sausas-maistas","9":"product_cat-monge-sunu-maistas","10":"pa_prekinis-zenklas-monge","12":"first","13":"instock","14":"sale","15":"taxable","16":"shipping-taxable","17":"purchasable","18":"product-type-simple"},"yoast_head":"<!-- This site is optimized with the Yoast SEO Premium plugin v27.1 (Yoast SEO v27.5) - https:\/\/yoast.com\/product\/yoast-seo-premium-wordpress\/ -->\n<title>Monge Daily Line Mini Puppy and Junior jauniems ma\u017e\u0173 veisli\u0173 \u0161uniukams su vi\u0161tiena 3kg - anivet.lt<\/title>\n<meta name=\"description\" content=\"Visavertis pa\u0161aras su vi\u0161tiena, skirtas jauniems ma\u017e\u0173 veisli\u0173 \u0161unims iki 12 m\u0117nesi\u0173 am\u017eiaus.\" \/>\n<meta name=\"robots\" content=\"index, follow, max-snippet:-1, max-image-preview:large, max-video-preview:-1\" \/>\n<link rel=\"canonical\" href=\"https:\/\/anivet.lt\/elparduotuve\/produktas\/monge-daily-line-mini-puppy-and-junior-jauniems-mazu-veisliu-suniukams-su-vistiena-3kg\/\" \/>\n<meta property=\"og:locale\" content=\"lt_LT\" \/>\n<meta property=\"og:type\" content=\"article\" \/>\n<meta property=\"og:title\" content=\"Monge Daily Line Mini Puppy and Junior jauniems ma\u017e\u0173 veisli\u0173 \u0161uniukams su vi\u0161tiena 3kg\" \/>\n<meta property=\"og:description\" content=\"Visavertis pa\u0161aras su vi\u0161tiena, skirtas jauniems ma\u017e\u0173 veisli\u0173 \u0161unims iki 12 m\u0117nesi\u0173 am\u017eiaus.\" \/>\n<meta property=\"og:url\" content=\"https:\/\/anivet.lt\/elparduotuve\/produktas\/monge-daily-line-mini-puppy-and-junior-jauniems-mazu-veisliu-suniukams-su-vistiena-3kg\/\" \/>\n<meta property=\"og:site_name\" content=\"anivet.lt\" \/>\n<meta property=\"article:modified_time\" content=\"2026-05-06T10:59:24+00:00\" \/>\n<meta property=\"og:image\" content=\"https:\/\/anivet.lt\/elparduotuve\/wp-content\/uploads\/2025\/08\/Monge-Daily-Line-Mini-Puppy-and-Junior-jauniems-mazu-veisliu-suniukams-su-vistiena-3kg.jpg\" \/>\n\t<meta property=\"og:image:width\" content=\"650\" \/>\n\t<meta property=\"og:image:height\" content=\"840\" \/>\n\t<meta property=\"og:image:type\" content=\"image\/jpeg\" \/>\n<meta name=\"twitter:card\" content=\"summary_large_image\" \/>\n<meta name=\"twitter:label1\" content=\"Est. reading time\" \/>\n\t<meta name=\"twitter:data1\" content=\"1 minut\u0117\" \/>\n<script type=\"application\/ld+json\" class=\"yoast-schema-graph\">{\"@context\":\"https:\\\/\\\/schema.org\",\"@graph\":[{\"@type\":\"WebPage\",\"@id\":\"https:\\\/\\\/anivet.lt\\\/elparduotuve\\\/produktas\\\/monge-daily-line-mini-puppy-and-junior-jauniems-mazu-veisliu-suniukams-su-vistiena-3kg\\\/\",\"url\":\"https:\\\/\\\/anivet.lt\\\/elparduotuve\\\/produktas\\\/monge-daily-line-mini-puppy-and-junior-jauniems-mazu-veisliu-suniukams-su-vistiena-3kg\\\/\",\"name\":\"Monge Daily Line Mini Puppy and Junior jauniems ma\u017e\u0173 veisli\u0173 \u0161uniukams su vi\u0161tiena 3kg - anivet.lt\",\"isPartOf\":{\"@id\":\"https:\\\/\\\/anivet.lt\\\/elparduotuve\\\/#website\"},\"primaryImageOfPage\":{\"@id\":\"https:\\\/\\\/anivet.lt\\\/elparduotuve\\\/produktas\\\/monge-daily-line-mini-puppy-and-junior-jauniems-mazu-veisliu-suniukams-su-vistiena-3kg\\\/#primaryimage\"},\"image\":{\"@id\":\"https:\\\/\\\/anivet.lt\\\/elparduotuve\\\/produktas\\\/monge-daily-line-mini-puppy-and-junior-jauniems-mazu-veisliu-suniukams-su-vistiena-3kg\\\/#primaryimage\"},\"thumbnailUrl\":\"https:\\\/\\\/anivet.lt\\\/elparduotuve\\\/wp-content\\\/uploads\\\/2025\\\/08\\\/Monge-Daily-Line-Mini-Puppy-and-Junior-jauniems-mazu-veisliu-suniukams-su-vistiena-3kg.jpg\",\"datePublished\":\"2025-08-18T21:28:41+00:00\",\"dateModified\":\"2026-05-06T10:59:24+00:00\",\"description\":\"Visavertis pa\u0161aras su vi\u0161tiena, skirtas jauniems ma\u017e\u0173 veisli\u0173 \u0161unims iki 12 m\u0117nesi\u0173 am\u017eiaus.\",\"breadcrumb\":{\"@id\":\"https:\\\/\\\/anivet.lt\\\/elparduotuve\\\/produktas\\\/monge-daily-line-mini-puppy-and-junior-jauniems-mazu-veisliu-suniukams-su-vistiena-3kg\\\/#breadcrumb\"},\"inLanguage\":\"lt-LT\",\"potentialAction\":[{\"@type\":\"ReadAction\",\"target\":[\"https:\\\/\\\/anivet.lt\\\/elparduotuve\\\/produktas\\\/monge-daily-line-mini-puppy-and-junior-jauniems-mazu-veisliu-suniukams-su-vistiena-3kg\\\/\"]}]},{\"@type\":\"ImageObject\",\"inLanguage\":\"lt-LT\",\"@id\":\"https:\\\/\\\/anivet.lt\\\/elparduotuve\\\/produktas\\\/monge-daily-line-mini-puppy-and-junior-jauniems-mazu-veisliu-suniukams-su-vistiena-3kg\\\/#primaryimage\",\"url\":\"https:\\\/\\\/anivet.lt\\\/elparduotuve\\\/wp-content\\\/uploads\\\/2025\\\/08\\\/Monge-Daily-Line-Mini-Puppy-and-Junior-jauniems-mazu-veisliu-suniukams-su-vistiena-3kg.jpg\",\"contentUrl\":\"https:\\\/\\\/anivet.lt\\\/elparduotuve\\\/wp-content\\\/uploads\\\/2025\\\/08\\\/Monge-Daily-Line-Mini-Puppy-and-Junior-jauniems-mazu-veisliu-suniukams-su-vistiena-3kg.jpg\",\"width\":650,\"height\":840,\"caption\":\"Monge Daily Line Mini Puppy and Junior jauniems ma\u017e\u0173 veisli\u0173 \u0161uniukams su vi\u0161tiena 3kg\"},{\"@type\":\"BreadcrumbList\",\"@id\":\"https:\\\/\\\/anivet.lt\\\/elparduotuve\\\/produktas\\\/monge-daily-line-mini-puppy-and-junior-jauniems-mazu-veisliu-suniukams-su-vistiena-3kg\\\/#breadcrumb\",\"itemListElement\":[{\"@type\":\"ListItem\",\"position\":1,\"name\":\"Home\",\"item\":\"https:\\\/\\\/anivet.lt\\\/elparduotuve\\\/\"},{\"@type\":\"ListItem\",\"position\":2,\"name\":\"Produktai\",\"item\":\"https:\\\/\\\/anivet.lt\\\/elparduotuve\\\/produktai\\\/\"},{\"@type\":\"ListItem\",\"position\":3,\"name\":\"Monge Daily Line Mini Puppy and Junior jauniems ma\u017e\u0173 veisli\u0173 \u0161uniukams su vi\u0161tiena 3kg\"}]},{\"@type\":\"WebSite\",\"@id\":\"https:\\\/\\\/anivet.lt\\\/elparduotuve\\\/#website\",\"url\":\"https:\\\/\\\/anivet.lt\\\/elparduotuve\\\/\",\"name\":\"anivet.lt\",\"description\":\"Viskas J\u016bs\u0173 \u0161uns, kat\u0117s prie\u017ei\u016brai\",\"publisher\":{\"@id\":\"https:\\\/\\\/anivet.lt\\\/elparduotuve\\\/#organization\"},\"alternateName\":\"Viskas J\u016bs\u0173 \u0161uns, kat\u0117s prie\u017ei\u016brai\",\"potentialAction\":[{\"@type\":\"SearchAction\",\"target\":{\"@type\":\"EntryPoint\",\"urlTemplate\":\"https:\\\/\\\/anivet.lt\\\/elparduotuve\\\/?s={search_term_string}\"},\"query-input\":{\"@type\":\"PropertyValueSpecification\",\"valueRequired\":true,\"valueName\":\"search_term_string\"}}],\"inLanguage\":\"lt-LT\"},{\"@type\":\"Organization\",\"@id\":\"https:\\\/\\\/anivet.lt\\\/elparduotuve\\\/#organization\",\"name\":\"Viskas J\u016bs\u0173 \u0161uns, kat\u0117s prie\u017ei\u016brai\",\"url\":\"https:\\\/\\\/anivet.lt\\\/elparduotuve\\\/\",\"logo\":{\"@type\":\"ImageObject\",\"inLanguage\":\"lt-LT\",\"@id\":\"https:\\\/\\\/anivet.lt\\\/elparduotuve\\\/#\\\/schema\\\/logo\\\/image\\\/\",\"url\":\"https:\\\/\\\/anivet.lt\\\/elparduotuve\\\/wp-content\\\/uploads\\\/2023\\\/06\\\/logo2.jpg\",\"contentUrl\":\"https:\\\/\\\/anivet.lt\\\/elparduotuve\\\/wp-content\\\/uploads\\\/2023\\\/06\\\/logo2.jpg\",\"width\":655,\"height\":194,\"caption\":\"Viskas J\u016bs\u0173 \u0161uns, kat\u0117s prie\u017ei\u016brai\"},\"image\":{\"@id\":\"https:\\\/\\\/anivet.lt\\\/elparduotuve\\\/#\\\/schema\\\/logo\\\/image\\\/\"}}]}<\/script>\n<!-- \/ Yoast SEO Premium plugin. -->","yoast_head_json":{"title":"Monge Daily Line Mini Puppy and Junior jauniems ma\u017e\u0173 veisli\u0173 \u0161uniukams su vi\u0161tiena 3kg - anivet.lt","description":"Visavertis pa\u0161aras su vi\u0161tiena, skirtas jauniems ma\u017e\u0173 veisli\u0173 \u0161unims iki 12 m\u0117nesi\u0173 am\u017eiaus.","robots":{"index":"index","follow":"follow","max-snippet":"max-snippet:-1","max-image-preview":"max-image-preview:large","max-video-preview":"max-video-preview:-1"},"canonical":"https:\/\/anivet.lt\/elparduotuve\/produktas\/monge-daily-line-mini-puppy-and-junior-jauniems-mazu-veisliu-suniukams-su-vistiena-3kg\/","og_locale":"lt_LT","og_type":"article","og_title":"Monge Daily Line Mini Puppy and Junior jauniems ma\u017e\u0173 veisli\u0173 \u0161uniukams su vi\u0161tiena 3kg","og_description":"Visavertis pa\u0161aras su vi\u0161tiena, skirtas jauniems ma\u017e\u0173 veisli\u0173 \u0161unims iki 12 m\u0117nesi\u0173 am\u017eiaus.","og_url":"https:\/\/anivet.lt\/elparduotuve\/produktas\/monge-daily-line-mini-puppy-and-junior-jauniems-mazu-veisliu-suniukams-su-vistiena-3kg\/","og_site_name":"anivet.lt","article_modified_time":"2026-05-06T10:59:24+00:00","og_image":[{"width":650,"height":840,"url":"https:\/\/anivet.lt\/elparduotuve\/wp-content\/uploads\/2025\/08\/Monge-Daily-Line-Mini-Puppy-and-Junior-jauniems-mazu-veisliu-suniukams-su-vistiena-3kg.jpg","type":"image\/jpeg"}],"twitter_card":"summary_large_image","twitter_misc":{"Est. reading time":"1 minut\u0117"},"schema":{"@context":"https:\/\/schema.org","@graph":[{"@type":"WebPage","@id":"https:\/\/anivet.lt\/elparduotuve\/produktas\/monge-daily-line-mini-puppy-and-junior-jauniems-mazu-veisliu-suniukams-su-vistiena-3kg\/","url":"https:\/\/anivet.lt\/elparduotuve\/produktas\/monge-daily-line-mini-puppy-and-junior-jauniems-mazu-veisliu-suniukams-su-vistiena-3kg\/","name":"Monge Daily Line Mini Puppy and Junior jauniems ma\u017e\u0173 veisli\u0173 \u0161uniukams su vi\u0161tiena 3kg - anivet.lt","isPartOf":{"@id":"https:\/\/anivet.lt\/elparduotuve\/#website"},"primaryImageOfPage":{"@id":"https:\/\/anivet.lt\/elparduotuve\/produktas\/monge-daily-line-mini-puppy-and-junior-jauniems-mazu-veisliu-suniukams-su-vistiena-3kg\/#primaryimage"},"image":{"@id":"https:\/\/anivet.lt\/elparduotuve\/produktas\/monge-daily-line-mini-puppy-and-junior-jauniems-mazu-veisliu-suniukams-su-vistiena-3kg\/#primaryimage"},"thumbnailUrl":"https:\/\/anivet.lt\/elparduotuve\/wp-content\/uploads\/2025\/08\/Monge-Daily-Line-Mini-Puppy-and-Junior-jauniems-mazu-veisliu-suniukams-su-vistiena-3kg.jpg","datePublished":"2025-08-18T21:28:41+00:00","dateModified":"2026-05-06T10:59:24+00:00","description":"Visavertis pa\u0161aras su vi\u0161tiena, skirtas jauniems ma\u017e\u0173 veisli\u0173 \u0161unims iki 12 m\u0117nesi\u0173 am\u017eiaus.","breadcrumb":{"@id":"https:\/\/anivet.lt\/elparduotuve\/produktas\/monge-daily-line-mini-puppy-and-junior-jauniems-mazu-veisliu-suniukams-su-vistiena-3kg\/#breadcrumb"},"inLanguage":"lt-LT","potentialAction":[{"@type":"ReadAction","target":["https:\/\/anivet.lt\/elparduotuve\/produktas\/monge-daily-line-mini-puppy-and-junior-jauniems-mazu-veisliu-suniukams-su-vistiena-3kg\/"]}]},{"@type":"ImageObject","inLanguage":"lt-LT","@id":"https:\/\/anivet.lt\/elparduotuve\/produktas\/monge-daily-line-mini-puppy-and-junior-jauniems-mazu-veisliu-suniukams-su-vistiena-3kg\/#primaryimage","url":"https:\/\/anivet.lt\/elparduotuve\/wp-content\/uploads\/2025\/08\/Monge-Daily-Line-Mini-Puppy-and-Junior-jauniems-mazu-veisliu-suniukams-su-vistiena-3kg.jpg","contentUrl":"https:\/\/anivet.lt\/elparduotuve\/wp-content\/uploads\/2025\/08\/Monge-Daily-Line-Mini-Puppy-and-Junior-jauniems-mazu-veisliu-suniukams-su-vistiena-3kg.jpg","width":650,"height":840,"caption":"Monge Daily Line Mini Puppy and Junior jauniems ma\u017e\u0173 veisli\u0173 \u0161uniukams su vi\u0161tiena 3kg"},{"@type":"BreadcrumbList","@id":"https:\/\/anivet.lt\/elparduotuve\/produktas\/monge-daily-line-mini-puppy-and-junior-jauniems-mazu-veisliu-suniukams-su-vistiena-3kg\/#breadcrumb","itemListElement":[{"@type":"ListItem","position":1,"name":"Home","item":"https:\/\/anivet.lt\/elparduotuve\/"},{"@type":"ListItem","position":2,"name":"Produktai","item":"https:\/\/anivet.lt\/elparduotuve\/produktai\/"},{"@type":"ListItem","position":3,"name":"Monge Daily Line Mini Puppy and Junior jauniems ma\u017e\u0173 veisli\u0173 \u0161uniukams su vi\u0161tiena 3kg"}]},{"@type":"WebSite","@id":"https:\/\/anivet.lt\/elparduotuve\/#website","url":"https:\/\/anivet.lt\/elparduotuve\/","name":"anivet.lt","description":"Viskas J\u016bs\u0173 \u0161uns, kat\u0117s prie\u017ei\u016brai","publisher":{"@id":"https:\/\/anivet.lt\/elparduotuve\/#organization"},"alternateName":"Viskas J\u016bs\u0173 \u0161uns, kat\u0117s prie\u017ei\u016brai","potentialAction":[{"@type":"SearchAction","target":{"@type":"EntryPoint","urlTemplate":"https:\/\/anivet.lt\/elparduotuve\/?s={search_term_string}"},"query-input":{"@type":"PropertyValueSpecification","valueRequired":true,"valueName":"search_term_string"}}],"inLanguage":"lt-LT"},{"@type":"Organization","@id":"https:\/\/anivet.lt\/elparduotuve\/#organization","name":"Viskas J\u016bs\u0173 \u0161uns, kat\u0117s prie\u017ei\u016brai","url":"https:\/\/anivet.lt\/elparduotuve\/","logo":{"@type":"ImageObject","inLanguage":"lt-LT","@id":"https:\/\/anivet.lt\/elparduotuve\/#\/schema\/logo\/image\/","url":"https:\/\/anivet.lt\/elparduotuve\/wp-content\/uploads\/2023\/06\/logo2.jpg","contentUrl":"https:\/\/anivet.lt\/elparduotuve\/wp-content\/uploads\/2023\/06\/logo2.jpg","width":655,"height":194,"caption":"Viskas J\u016bs\u0173 \u0161uns, kat\u0117s prie\u017ei\u016brai"},"image":{"@id":"https:\/\/anivet.lt\/elparduotuve\/#\/schema\/logo\/image\/"}}]}},"_links":{"self":[{"href":"https:\/\/anivet.lt\/elparduotuve\/wp-json\/wp\/v2\/product\/18650","targetHints":{"allow":["GET"]}}],"collection":[{"href":"https:\/\/anivet.lt\/elparduotuve\/wp-json\/wp\/v2\/product"}],"about":[{"href":"https:\/\/anivet.lt\/elparduotuve\/wp-json\/wp\/v2\/types\/product"}],"wp:featuredmedia":[{"embeddable":true,"href":"https:\/\/anivet.lt\/elparduotuve\/wp-json\/wp\/v2\/media\/18651"}],"wp:attachment":[{"href":"https:\/\/anivet.lt\/elparduotuve\/wp-json\/wp\/v2\/media?parent=18650"}],"wp:term":[{"taxonomy":"product_brand","embeddable":true,"href":"https:\/\/anivet.lt\/elparduotuve\/wp-json\/wp\/v2\/product_brand?post=18650"},{"taxonomy":"product_cat","embeddable":true,"href":"https:\/\/anivet.lt\/elparduotuve\/wp-json\/wp\/v2\/product_cat?post=18650"},{"taxonomy":"product_tag","embeddable":true,"href":"https:\/\/anivet.lt\/elparduotuve\/wp-json\/wp\/v2\/product_tag?post=18650"}],"curies":[{"name":"wp","href":"https:\/\/api.w.org\/{rel}","templated":true}]}}