{"id":18697,"date":"2025-08-26T13:10:13","date_gmt":"2025-08-26T13:10:13","guid":{"rendered":"https:\/\/anivet.lt\/elparduotuve\/?post_type=product&#038;p=18697"},"modified":"2026-01-01T19:29:50","modified_gmt":"2026-01-01T19:29:50","slug":"vetexpert-detox-care-vitalizing-kondicionierius-150ml","status":"publish","type":"product","link":"https:\/\/anivet.lt\/elparduotuve\/produktas\/vetexpert-detox-care-vitalizing-kondicionierius-150ml\/","title":{"rendered":"VetExpert DETOX CARE VITALIZING kondicionierius 150ml"},"content":{"rendered":"<ul>\n<li><span lang=\"en-US\">Padeda lengviau i\u0161\u0161ukuoti kail\u012f ir suma\u017eina v\u0117lim\u0105si. Kremin\u0117s tekst\u016bros kondicionierius sukurtas taip, kad tikt\u0173 vis\u0173 r\u016b\u0161i\u0173 \u0161un\u0173 ir ka\u010di\u0173 kailiui. <\/span><\/li>\n<li>Sud\u0117tyje esantis ANTIPOLLUTION COMPLEX kompleksas padeda apsaugoti gyv\u016bno od\u0105 ir kail\u012f nuo \u017ealing\u0173 aplinkos veiksni\u0173, toki\u0173 kaip oro tar\u0161a ar laisvieji radikalai.<\/li>\n<li>Formul\u0117je esantis keratinas stiprina plauk\u0105 i\u0161 vidaus \u2013 jis tampa tvirtesnis, atsparesnis pa\u017eeidimams, \u012fgauna nat\u016bral\u0173 spindes\u012f.<\/li>\n<li>Keratinas taip pat u\u017everia plauko pavir\u0161in\u0119 strukt\u016br\u0105 (kutikul\u0119), taip suma\u017eindamas dr\u0117gm\u0117s netekim\u0105.<\/li>\n<li>Soj\u0173 baltym\u0173 ekstraktas glotnina kail\u012f, padeda i\u0161vengti jo pasi\u0161iau\u0161imo ir elektrinimosi.<\/li>\n<\/ul>\n","protected":false},"excerpt":{"rendered":"<p><span lang=\"en-US\">Nuplaunamas kondicionierius, skirtas lengvesniam kailio i\u0161\u0161ukavimui. Tinka vis\u0173 veisli\u0173 \u0161unims ir kat\u0117ms, nepriklausomai nuo kailio tipo ar spalvos. <\/span><\/p>\n","protected":false},"featured_media":18698,"template":"","meta":[],"product_brand":[],"product_cat":[101,109,120,102,108,119],"product_tag":[],"class_list":{"0":"post-18697","1":"product","2":"type-product","3":"status-publish","4":"has-post-thumbnail","6":"product_cat-sunims","7":"product_cat-sampunai-ir-kosmetika","8":"product_cat-sampunai-ir-kosmetika-prieziuros-priemones-katems","9":"product_cat-katems","10":"product_cat-prieziuros-priemones","11":"product_cat-prieziuros-priemones-katems","12":"pa_prekinis-zenklas-vetexpert","14":"first","15":"instock","16":"taxable","17":"shipping-taxable","18":"purchasable","19":"product-type-simple"},"yoast_head":"<!-- This site is optimized with the Yoast SEO Premium plugin v27.1 (Yoast SEO v27.5) - https:\/\/yoast.com\/product\/yoast-seo-premium-wordpress\/ -->\n<title>VetExpert DETOX CARE VITALIZING kondicionierius 150ml - anivet.lt<\/title>\n<meta name=\"description\" content=\"Nuplaunamas kondicionierius, skirtas lengvesniam kailio i\u0161\u0161ukavimui. Tinka vis\u0173 veisli\u0173 \u0161unims ir kat\u0117ms, nepriklausomai nuo kailio tipo ar spalvos.\" \/>\n<meta name=\"robots\" content=\"index, follow, max-snippet:-1, max-image-preview:large, max-video-preview:-1\" \/>\n<link rel=\"canonical\" href=\"https:\/\/anivet.lt\/elparduotuve\/produktas\/vetexpert-detox-care-vitalizing-kondicionierius-150ml\/\" \/>\n<meta property=\"og:locale\" content=\"lt_LT\" \/>\n<meta property=\"og:type\" content=\"article\" \/>\n<meta property=\"og:title\" content=\"VetExpert DETOX CARE VITALIZING kondicionierius 150ml\" \/>\n<meta property=\"og:description\" content=\"Nuplaunamas kondicionierius, skirtas lengvesniam kailio i\u0161\u0161ukavimui. Tinka vis\u0173 veisli\u0173 \u0161unims ir kat\u0117ms, nepriklausomai nuo kailio tipo ar spalvos.\" \/>\n<meta property=\"og:url\" content=\"https:\/\/anivet.lt\/elparduotuve\/produktas\/vetexpert-detox-care-vitalizing-kondicionierius-150ml\/\" \/>\n<meta property=\"og:site_name\" content=\"anivet.lt\" \/>\n<meta property=\"article:modified_time\" content=\"2026-01-01T19:29:50+00:00\" \/>\n<meta property=\"og:image\" content=\"https:\/\/anivet.lt\/elparduotuve\/wp-content\/uploads\/2025\/08\/VetExpert-DETOX-CARE-VITALIZING-kondicionierius-150ml.jpg\" \/>\n\t<meta property=\"og:image:width\" content=\"650\" \/>\n\t<meta property=\"og:image:height\" content=\"650\" \/>\n\t<meta property=\"og:image:type\" content=\"image\/jpeg\" \/>\n<meta name=\"twitter:card\" content=\"summary_large_image\" \/>\n<meta name=\"twitter:label1\" content=\"Est. reading time\" \/>\n\t<meta name=\"twitter:data1\" content=\"1 minut\u0117\" \/>\n<script type=\"application\/ld+json\" class=\"yoast-schema-graph\">{\"@context\":\"https:\\\/\\\/schema.org\",\"@graph\":[{\"@type\":\"WebPage\",\"@id\":\"https:\\\/\\\/anivet.lt\\\/elparduotuve\\\/produktas\\\/vetexpert-detox-care-vitalizing-kondicionierius-150ml\\\/\",\"url\":\"https:\\\/\\\/anivet.lt\\\/elparduotuve\\\/produktas\\\/vetexpert-detox-care-vitalizing-kondicionierius-150ml\\\/\",\"name\":\"VetExpert DETOX CARE VITALIZING kondicionierius 150ml - anivet.lt\",\"isPartOf\":{\"@id\":\"https:\\\/\\\/anivet.lt\\\/elparduotuve\\\/#website\"},\"primaryImageOfPage\":{\"@id\":\"https:\\\/\\\/anivet.lt\\\/elparduotuve\\\/produktas\\\/vetexpert-detox-care-vitalizing-kondicionierius-150ml\\\/#primaryimage\"},\"image\":{\"@id\":\"https:\\\/\\\/anivet.lt\\\/elparduotuve\\\/produktas\\\/vetexpert-detox-care-vitalizing-kondicionierius-150ml\\\/#primaryimage\"},\"thumbnailUrl\":\"https:\\\/\\\/anivet.lt\\\/elparduotuve\\\/wp-content\\\/uploads\\\/2025\\\/08\\\/VetExpert-DETOX-CARE-VITALIZING-kondicionierius-150ml.jpg\",\"datePublished\":\"2025-08-26T13:10:13+00:00\",\"dateModified\":\"2026-01-01T19:29:50+00:00\",\"description\":\"Nuplaunamas kondicionierius, skirtas lengvesniam kailio i\u0161\u0161ukavimui. Tinka vis\u0173 veisli\u0173 \u0161unims ir kat\u0117ms, nepriklausomai nuo kailio tipo ar spalvos.\",\"breadcrumb\":{\"@id\":\"https:\\\/\\\/anivet.lt\\\/elparduotuve\\\/produktas\\\/vetexpert-detox-care-vitalizing-kondicionierius-150ml\\\/#breadcrumb\"},\"inLanguage\":\"lt-LT\",\"potentialAction\":[{\"@type\":\"ReadAction\",\"target\":[\"https:\\\/\\\/anivet.lt\\\/elparduotuve\\\/produktas\\\/vetexpert-detox-care-vitalizing-kondicionierius-150ml\\\/\"]}]},{\"@type\":\"ImageObject\",\"inLanguage\":\"lt-LT\",\"@id\":\"https:\\\/\\\/anivet.lt\\\/elparduotuve\\\/produktas\\\/vetexpert-detox-care-vitalizing-kondicionierius-150ml\\\/#primaryimage\",\"url\":\"https:\\\/\\\/anivet.lt\\\/elparduotuve\\\/wp-content\\\/uploads\\\/2025\\\/08\\\/VetExpert-DETOX-CARE-VITALIZING-kondicionierius-150ml.jpg\",\"contentUrl\":\"https:\\\/\\\/anivet.lt\\\/elparduotuve\\\/wp-content\\\/uploads\\\/2025\\\/08\\\/VetExpert-DETOX-CARE-VITALIZING-kondicionierius-150ml.jpg\",\"width\":650,\"height\":650,\"caption\":\"VetExpert DETOX CARE VITALIZING kondicionierius 150ml\"},{\"@type\":\"BreadcrumbList\",\"@id\":\"https:\\\/\\\/anivet.lt\\\/elparduotuve\\\/produktas\\\/vetexpert-detox-care-vitalizing-kondicionierius-150ml\\\/#breadcrumb\",\"itemListElement\":[{\"@type\":\"ListItem\",\"position\":1,\"name\":\"Home\",\"item\":\"https:\\\/\\\/anivet.lt\\\/elparduotuve\\\/\"},{\"@type\":\"ListItem\",\"position\":2,\"name\":\"Produktai\",\"item\":\"https:\\\/\\\/anivet.lt\\\/elparduotuve\\\/produktai\\\/\"},{\"@type\":\"ListItem\",\"position\":3,\"name\":\"VetExpert DETOX CARE VITALIZING kondicionierius 150ml\"}]},{\"@type\":\"WebSite\",\"@id\":\"https:\\\/\\\/anivet.lt\\\/elparduotuve\\\/#website\",\"url\":\"https:\\\/\\\/anivet.lt\\\/elparduotuve\\\/\",\"name\":\"anivet.lt\",\"description\":\"Viskas J\u016bs\u0173 \u0161uns, kat\u0117s prie\u017ei\u016brai\",\"publisher\":{\"@id\":\"https:\\\/\\\/anivet.lt\\\/elparduotuve\\\/#organization\"},\"alternateName\":\"Viskas J\u016bs\u0173 \u0161uns, kat\u0117s prie\u017ei\u016brai\",\"potentialAction\":[{\"@type\":\"SearchAction\",\"target\":{\"@type\":\"EntryPoint\",\"urlTemplate\":\"https:\\\/\\\/anivet.lt\\\/elparduotuve\\\/?s={search_term_string}\"},\"query-input\":{\"@type\":\"PropertyValueSpecification\",\"valueRequired\":true,\"valueName\":\"search_term_string\"}}],\"inLanguage\":\"lt-LT\"},{\"@type\":\"Organization\",\"@id\":\"https:\\\/\\\/anivet.lt\\\/elparduotuve\\\/#organization\",\"name\":\"Viskas J\u016bs\u0173 \u0161uns, kat\u0117s prie\u017ei\u016brai\",\"url\":\"https:\\\/\\\/anivet.lt\\\/elparduotuve\\\/\",\"logo\":{\"@type\":\"ImageObject\",\"inLanguage\":\"lt-LT\",\"@id\":\"https:\\\/\\\/anivet.lt\\\/elparduotuve\\\/#\\\/schema\\\/logo\\\/image\\\/\",\"url\":\"https:\\\/\\\/anivet.lt\\\/elparduotuve\\\/wp-content\\\/uploads\\\/2023\\\/06\\\/logo2.jpg\",\"contentUrl\":\"https:\\\/\\\/anivet.lt\\\/elparduotuve\\\/wp-content\\\/uploads\\\/2023\\\/06\\\/logo2.jpg\",\"width\":655,\"height\":194,\"caption\":\"Viskas J\u016bs\u0173 \u0161uns, kat\u0117s prie\u017ei\u016brai\"},\"image\":{\"@id\":\"https:\\\/\\\/anivet.lt\\\/elparduotuve\\\/#\\\/schema\\\/logo\\\/image\\\/\"}}]}<\/script>\n<!-- \/ Yoast SEO Premium plugin. -->","yoast_head_json":{"title":"VetExpert DETOX CARE VITALIZING kondicionierius 150ml - anivet.lt","description":"Nuplaunamas kondicionierius, skirtas lengvesniam kailio i\u0161\u0161ukavimui. Tinka vis\u0173 veisli\u0173 \u0161unims ir kat\u0117ms, nepriklausomai nuo kailio tipo ar spalvos.","robots":{"index":"index","follow":"follow","max-snippet":"max-snippet:-1","max-image-preview":"max-image-preview:large","max-video-preview":"max-video-preview:-1"},"canonical":"https:\/\/anivet.lt\/elparduotuve\/produktas\/vetexpert-detox-care-vitalizing-kondicionierius-150ml\/","og_locale":"lt_LT","og_type":"article","og_title":"VetExpert DETOX CARE VITALIZING kondicionierius 150ml","og_description":"Nuplaunamas kondicionierius, skirtas lengvesniam kailio i\u0161\u0161ukavimui. Tinka vis\u0173 veisli\u0173 \u0161unims ir kat\u0117ms, nepriklausomai nuo kailio tipo ar spalvos.","og_url":"https:\/\/anivet.lt\/elparduotuve\/produktas\/vetexpert-detox-care-vitalizing-kondicionierius-150ml\/","og_site_name":"anivet.lt","article_modified_time":"2026-01-01T19:29:50+00:00","og_image":[{"width":650,"height":650,"url":"https:\/\/anivet.lt\/elparduotuve\/wp-content\/uploads\/2025\/08\/VetExpert-DETOX-CARE-VITALIZING-kondicionierius-150ml.jpg","type":"image\/jpeg"}],"twitter_card":"summary_large_image","twitter_misc":{"Est. reading time":"1 minut\u0117"},"schema":{"@context":"https:\/\/schema.org","@graph":[{"@type":"WebPage","@id":"https:\/\/anivet.lt\/elparduotuve\/produktas\/vetexpert-detox-care-vitalizing-kondicionierius-150ml\/","url":"https:\/\/anivet.lt\/elparduotuve\/produktas\/vetexpert-detox-care-vitalizing-kondicionierius-150ml\/","name":"VetExpert DETOX CARE VITALIZING kondicionierius 150ml - anivet.lt","isPartOf":{"@id":"https:\/\/anivet.lt\/elparduotuve\/#website"},"primaryImageOfPage":{"@id":"https:\/\/anivet.lt\/elparduotuve\/produktas\/vetexpert-detox-care-vitalizing-kondicionierius-150ml\/#primaryimage"},"image":{"@id":"https:\/\/anivet.lt\/elparduotuve\/produktas\/vetexpert-detox-care-vitalizing-kondicionierius-150ml\/#primaryimage"},"thumbnailUrl":"https:\/\/anivet.lt\/elparduotuve\/wp-content\/uploads\/2025\/08\/VetExpert-DETOX-CARE-VITALIZING-kondicionierius-150ml.jpg","datePublished":"2025-08-26T13:10:13+00:00","dateModified":"2026-01-01T19:29:50+00:00","description":"Nuplaunamas kondicionierius, skirtas lengvesniam kailio i\u0161\u0161ukavimui. Tinka vis\u0173 veisli\u0173 \u0161unims ir kat\u0117ms, nepriklausomai nuo kailio tipo ar spalvos.","breadcrumb":{"@id":"https:\/\/anivet.lt\/elparduotuve\/produktas\/vetexpert-detox-care-vitalizing-kondicionierius-150ml\/#breadcrumb"},"inLanguage":"lt-LT","potentialAction":[{"@type":"ReadAction","target":["https:\/\/anivet.lt\/elparduotuve\/produktas\/vetexpert-detox-care-vitalizing-kondicionierius-150ml\/"]}]},{"@type":"ImageObject","inLanguage":"lt-LT","@id":"https:\/\/anivet.lt\/elparduotuve\/produktas\/vetexpert-detox-care-vitalizing-kondicionierius-150ml\/#primaryimage","url":"https:\/\/anivet.lt\/elparduotuve\/wp-content\/uploads\/2025\/08\/VetExpert-DETOX-CARE-VITALIZING-kondicionierius-150ml.jpg","contentUrl":"https:\/\/anivet.lt\/elparduotuve\/wp-content\/uploads\/2025\/08\/VetExpert-DETOX-CARE-VITALIZING-kondicionierius-150ml.jpg","width":650,"height":650,"caption":"VetExpert DETOX CARE VITALIZING kondicionierius 150ml"},{"@type":"BreadcrumbList","@id":"https:\/\/anivet.lt\/elparduotuve\/produktas\/vetexpert-detox-care-vitalizing-kondicionierius-150ml\/#breadcrumb","itemListElement":[{"@type":"ListItem","position":1,"name":"Home","item":"https:\/\/anivet.lt\/elparduotuve\/"},{"@type":"ListItem","position":2,"name":"Produktai","item":"https:\/\/anivet.lt\/elparduotuve\/produktai\/"},{"@type":"ListItem","position":3,"name":"VetExpert DETOX CARE VITALIZING kondicionierius 150ml"}]},{"@type":"WebSite","@id":"https:\/\/anivet.lt\/elparduotuve\/#website","url":"https:\/\/anivet.lt\/elparduotuve\/","name":"anivet.lt","description":"Viskas J\u016bs\u0173 \u0161uns, kat\u0117s prie\u017ei\u016brai","publisher":{"@id":"https:\/\/anivet.lt\/elparduotuve\/#organization"},"alternateName":"Viskas J\u016bs\u0173 \u0161uns, kat\u0117s prie\u017ei\u016brai","potentialAction":[{"@type":"SearchAction","target":{"@type":"EntryPoint","urlTemplate":"https:\/\/anivet.lt\/elparduotuve\/?s={search_term_string}"},"query-input":{"@type":"PropertyValueSpecification","valueRequired":true,"valueName":"search_term_string"}}],"inLanguage":"lt-LT"},{"@type":"Organization","@id":"https:\/\/anivet.lt\/elparduotuve\/#organization","name":"Viskas J\u016bs\u0173 \u0161uns, kat\u0117s prie\u017ei\u016brai","url":"https:\/\/anivet.lt\/elparduotuve\/","logo":{"@type":"ImageObject","inLanguage":"lt-LT","@id":"https:\/\/anivet.lt\/elparduotuve\/#\/schema\/logo\/image\/","url":"https:\/\/anivet.lt\/elparduotuve\/wp-content\/uploads\/2023\/06\/logo2.jpg","contentUrl":"https:\/\/anivet.lt\/elparduotuve\/wp-content\/uploads\/2023\/06\/logo2.jpg","width":655,"height":194,"caption":"Viskas J\u016bs\u0173 \u0161uns, kat\u0117s prie\u017ei\u016brai"},"image":{"@id":"https:\/\/anivet.lt\/elparduotuve\/#\/schema\/logo\/image\/"}}]}},"_links":{"self":[{"href":"https:\/\/anivet.lt\/elparduotuve\/wp-json\/wp\/v2\/product\/18697","targetHints":{"allow":["GET"]}}],"collection":[{"href":"https:\/\/anivet.lt\/elparduotuve\/wp-json\/wp\/v2\/product"}],"about":[{"href":"https:\/\/anivet.lt\/elparduotuve\/wp-json\/wp\/v2\/types\/product"}],"wp:featuredmedia":[{"embeddable":true,"href":"https:\/\/anivet.lt\/elparduotuve\/wp-json\/wp\/v2\/media\/18698"}],"wp:attachment":[{"href":"https:\/\/anivet.lt\/elparduotuve\/wp-json\/wp\/v2\/media?parent=18697"}],"wp:term":[{"taxonomy":"product_brand","embeddable":true,"href":"https:\/\/anivet.lt\/elparduotuve\/wp-json\/wp\/v2\/product_brand?post=18697"},{"taxonomy":"product_cat","embeddable":true,"href":"https:\/\/anivet.lt\/elparduotuve\/wp-json\/wp\/v2\/product_cat?post=18697"},{"taxonomy":"product_tag","embeddable":true,"href":"https:\/\/anivet.lt\/elparduotuve\/wp-json\/wp\/v2\/product_tag?post=18697"}],"curies":[{"name":"wp","href":"https:\/\/api.w.org\/{rel}","templated":true}]}}