{"id":18705,"date":"2025-08-26T20:21:12","date_gmt":"2025-08-26T20:21:12","guid":{"rendered":"https:\/\/anivet.lt\/elparduotuve\/?post_type=product&#038;p=18705"},"modified":"2026-01-01T19:28:47","modified_gmt":"2026-01-01T19:28:47","slug":"vetexpert-detox-care-vitalizing-sampunas-250ml","status":"publish","type":"product","link":"https:\/\/anivet.lt\/elparduotuve\/produktas\/vetexpert-detox-care-vitalizing-sampunas-250ml\/","title":{"rendered":"VetExpert DETOX CARE VITALIZING \u0161amp\u016bnas 250ml"},"content":{"rendered":"<ul>\n<li>Sud\u0117tyje esantys nat\u016bral\u016bs valikliai kruop\u0161\u010diai pa\u0161alina ne\u0161varumus nuo odos ir kailio, kartu u\u017etikrindami dr\u0117kinim\u0105 ir apsaug\u0105.<\/li>\n<li>Formul\u0117je esantis ANTIPOLLUTION COMPLEX \u2013 tai niacinamido, \u017ealiosios arbatos ir polisacharid\u0173 kompleksas, padedantis apsaugoti augintinio kail\u012f bei od\u0105 nuo \u017ealingo aplinkos poveikio: tar\u0161os, sunki\u0173j\u0173 metal\u0173 ir laisv\u0173j\u0173 radikal\u0173.<\/li>\n<li>Simondsij\u0173 aliejus maitina kail\u012f, suteikia jam sveiko \u017evilgesio ir elastingumo.<\/li>\n<li>Alavijo ekstraktas intensyviai dr\u0117kina, ramina od\u0105, glotnina plauko strukt\u016br\u0105 ir ma\u017eina kailio pasi\u0161iau\u0161im\u0105 bei v\u0117lim\u0105si.<\/li>\n<\/ul>\n","protected":false},"excerpt":{"rendered":"<p>\u0160amp\u016bnas, tinkantis vis\u0173 spalv\u0173 ir tip\u0173 \u0161un\u0173 bei ka\u010di\u0173 kailio prie\u017ei\u016brai, ypa\u010d rekomenduojamas esant nusilpusiam ar pa\u017eeistam kailiui.<\/p>\n","protected":false},"featured_media":18706,"template":"","meta":[],"product_brand":[],"product_cat":[109,120,101,102,108,119],"product_tag":[],"class_list":{"0":"post-18705","1":"product","2":"type-product","3":"status-publish","4":"has-post-thumbnail","6":"product_cat-sampunai-ir-kosmetika","7":"product_cat-sampunai-ir-kosmetika-prieziuros-priemones-katems","8":"product_cat-sunims","9":"product_cat-katems","10":"product_cat-prieziuros-priemones","11":"product_cat-prieziuros-priemones-katems","12":"pa_prekinis-zenklas-vetexpert","14":"first","15":"instock","16":"sale","17":"taxable","18":"shipping-taxable","19":"purchasable","20":"product-type-simple"},"yoast_head":"<!-- This site is optimized with the Yoast SEO Premium plugin v27.1 (Yoast SEO v27.5) - https:\/\/yoast.com\/product\/yoast-seo-premium-wordpress\/ -->\n<title>VetExpert DETOX CARE VITALIZING \u0161amp\u016bnas 250ml - anivet.lt<\/title>\n<meta name=\"description\" content=\"\u0160amp\u016bnas, tinkantis vis\u0173 spalv\u0173 ir tip\u0173 \u0161un\u0173 bei ka\u010di\u0173 kailio prie\u017ei\u016brai, ypa\u010d rekomenduojamas esant nusilpusiam ar pa\u017eeistam kailiui.\" \/>\n<meta name=\"robots\" content=\"index, follow, max-snippet:-1, max-image-preview:large, max-video-preview:-1\" \/>\n<link rel=\"canonical\" href=\"https:\/\/anivet.lt\/elparduotuve\/produktas\/vetexpert-detox-care-vitalizing-sampunas-250ml\/\" \/>\n<meta property=\"og:locale\" content=\"lt_LT\" \/>\n<meta property=\"og:type\" content=\"article\" \/>\n<meta property=\"og:title\" content=\"VetExpert DETOX CARE VITALIZING \u0161amp\u016bnas 250ml\" \/>\n<meta property=\"og:description\" content=\"\u0160amp\u016bnas, tinkantis vis\u0173 spalv\u0173 ir tip\u0173 \u0161un\u0173 bei ka\u010di\u0173 kailio prie\u017ei\u016brai, ypa\u010d rekomenduojamas esant nusilpusiam ar pa\u017eeistam kailiui.\" \/>\n<meta property=\"og:url\" content=\"https:\/\/anivet.lt\/elparduotuve\/produktas\/vetexpert-detox-care-vitalizing-sampunas-250ml\/\" \/>\n<meta property=\"og:site_name\" content=\"anivet.lt\" \/>\n<meta property=\"article:modified_time\" content=\"2026-01-01T19:28:47+00:00\" \/>\n<meta property=\"og:image\" content=\"https:\/\/anivet.lt\/elparduotuve\/wp-content\/uploads\/2025\/08\/VetExpert-DETOX-CARE-VITALIZING-sampunas-250ml.jpg\" \/>\n\t<meta property=\"og:image:width\" content=\"650\" \/>\n\t<meta property=\"og:image:height\" content=\"919\" \/>\n\t<meta property=\"og:image:type\" content=\"image\/jpeg\" \/>\n<meta name=\"twitter:card\" content=\"summary_large_image\" \/>\n<meta name=\"twitter:label1\" content=\"Est. reading time\" \/>\n\t<meta name=\"twitter:data1\" content=\"1 minut\u0117\" \/>\n<script type=\"application\/ld+json\" class=\"yoast-schema-graph\">{\"@context\":\"https:\\\/\\\/schema.org\",\"@graph\":[{\"@type\":\"WebPage\",\"@id\":\"https:\\\/\\\/anivet.lt\\\/elparduotuve\\\/produktas\\\/vetexpert-detox-care-vitalizing-sampunas-250ml\\\/\",\"url\":\"https:\\\/\\\/anivet.lt\\\/elparduotuve\\\/produktas\\\/vetexpert-detox-care-vitalizing-sampunas-250ml\\\/\",\"name\":\"VetExpert DETOX CARE VITALIZING \u0161amp\u016bnas 250ml - anivet.lt\",\"isPartOf\":{\"@id\":\"https:\\\/\\\/anivet.lt\\\/elparduotuve\\\/#website\"},\"primaryImageOfPage\":{\"@id\":\"https:\\\/\\\/anivet.lt\\\/elparduotuve\\\/produktas\\\/vetexpert-detox-care-vitalizing-sampunas-250ml\\\/#primaryimage\"},\"image\":{\"@id\":\"https:\\\/\\\/anivet.lt\\\/elparduotuve\\\/produktas\\\/vetexpert-detox-care-vitalizing-sampunas-250ml\\\/#primaryimage\"},\"thumbnailUrl\":\"https:\\\/\\\/anivet.lt\\\/elparduotuve\\\/wp-content\\\/uploads\\\/2025\\\/08\\\/VetExpert-DETOX-CARE-VITALIZING-sampunas-250ml.jpg\",\"datePublished\":\"2025-08-26T20:21:12+00:00\",\"dateModified\":\"2026-01-01T19:28:47+00:00\",\"description\":\"\u0160amp\u016bnas, tinkantis vis\u0173 spalv\u0173 ir tip\u0173 \u0161un\u0173 bei ka\u010di\u0173 kailio prie\u017ei\u016brai, ypa\u010d rekomenduojamas esant nusilpusiam ar pa\u017eeistam kailiui.\",\"breadcrumb\":{\"@id\":\"https:\\\/\\\/anivet.lt\\\/elparduotuve\\\/produktas\\\/vetexpert-detox-care-vitalizing-sampunas-250ml\\\/#breadcrumb\"},\"inLanguage\":\"lt-LT\",\"potentialAction\":[{\"@type\":\"ReadAction\",\"target\":[\"https:\\\/\\\/anivet.lt\\\/elparduotuve\\\/produktas\\\/vetexpert-detox-care-vitalizing-sampunas-250ml\\\/\"]}]},{\"@type\":\"ImageObject\",\"inLanguage\":\"lt-LT\",\"@id\":\"https:\\\/\\\/anivet.lt\\\/elparduotuve\\\/produktas\\\/vetexpert-detox-care-vitalizing-sampunas-250ml\\\/#primaryimage\",\"url\":\"https:\\\/\\\/anivet.lt\\\/elparduotuve\\\/wp-content\\\/uploads\\\/2025\\\/08\\\/VetExpert-DETOX-CARE-VITALIZING-sampunas-250ml.jpg\",\"contentUrl\":\"https:\\\/\\\/anivet.lt\\\/elparduotuve\\\/wp-content\\\/uploads\\\/2025\\\/08\\\/VetExpert-DETOX-CARE-VITALIZING-sampunas-250ml.jpg\",\"width\":650,\"height\":919,\"caption\":\"VetExpert DETOX CARE VITALIZING \u0161amp\u016bnas 250ml\"},{\"@type\":\"BreadcrumbList\",\"@id\":\"https:\\\/\\\/anivet.lt\\\/elparduotuve\\\/produktas\\\/vetexpert-detox-care-vitalizing-sampunas-250ml\\\/#breadcrumb\",\"itemListElement\":[{\"@type\":\"ListItem\",\"position\":1,\"name\":\"Home\",\"item\":\"https:\\\/\\\/anivet.lt\\\/elparduotuve\\\/\"},{\"@type\":\"ListItem\",\"position\":2,\"name\":\"Produktai\",\"item\":\"https:\\\/\\\/anivet.lt\\\/elparduotuve\\\/produktai\\\/\"},{\"@type\":\"ListItem\",\"position\":3,\"name\":\"VetExpert DETOX CARE VITALIZING \u0161amp\u016bnas 250ml\"}]},{\"@type\":\"WebSite\",\"@id\":\"https:\\\/\\\/anivet.lt\\\/elparduotuve\\\/#website\",\"url\":\"https:\\\/\\\/anivet.lt\\\/elparduotuve\\\/\",\"name\":\"anivet.lt\",\"description\":\"Viskas J\u016bs\u0173 \u0161uns, kat\u0117s prie\u017ei\u016brai\",\"publisher\":{\"@id\":\"https:\\\/\\\/anivet.lt\\\/elparduotuve\\\/#organization\"},\"alternateName\":\"Viskas J\u016bs\u0173 \u0161uns, kat\u0117s prie\u017ei\u016brai\",\"potentialAction\":[{\"@type\":\"SearchAction\",\"target\":{\"@type\":\"EntryPoint\",\"urlTemplate\":\"https:\\\/\\\/anivet.lt\\\/elparduotuve\\\/?s={search_term_string}\"},\"query-input\":{\"@type\":\"PropertyValueSpecification\",\"valueRequired\":true,\"valueName\":\"search_term_string\"}}],\"inLanguage\":\"lt-LT\"},{\"@type\":\"Organization\",\"@id\":\"https:\\\/\\\/anivet.lt\\\/elparduotuve\\\/#organization\",\"name\":\"Viskas J\u016bs\u0173 \u0161uns, kat\u0117s prie\u017ei\u016brai\",\"url\":\"https:\\\/\\\/anivet.lt\\\/elparduotuve\\\/\",\"logo\":{\"@type\":\"ImageObject\",\"inLanguage\":\"lt-LT\",\"@id\":\"https:\\\/\\\/anivet.lt\\\/elparduotuve\\\/#\\\/schema\\\/logo\\\/image\\\/\",\"url\":\"https:\\\/\\\/anivet.lt\\\/elparduotuve\\\/wp-content\\\/uploads\\\/2023\\\/06\\\/logo2.jpg\",\"contentUrl\":\"https:\\\/\\\/anivet.lt\\\/elparduotuve\\\/wp-content\\\/uploads\\\/2023\\\/06\\\/logo2.jpg\",\"width\":655,\"height\":194,\"caption\":\"Viskas J\u016bs\u0173 \u0161uns, kat\u0117s prie\u017ei\u016brai\"},\"image\":{\"@id\":\"https:\\\/\\\/anivet.lt\\\/elparduotuve\\\/#\\\/schema\\\/logo\\\/image\\\/\"}}]}<\/script>\n<!-- \/ Yoast SEO Premium plugin. -->","yoast_head_json":{"title":"VetExpert DETOX CARE VITALIZING \u0161amp\u016bnas 250ml - anivet.lt","description":"\u0160amp\u016bnas, tinkantis vis\u0173 spalv\u0173 ir tip\u0173 \u0161un\u0173 bei ka\u010di\u0173 kailio prie\u017ei\u016brai, ypa\u010d rekomenduojamas esant nusilpusiam ar pa\u017eeistam kailiui.","robots":{"index":"index","follow":"follow","max-snippet":"max-snippet:-1","max-image-preview":"max-image-preview:large","max-video-preview":"max-video-preview:-1"},"canonical":"https:\/\/anivet.lt\/elparduotuve\/produktas\/vetexpert-detox-care-vitalizing-sampunas-250ml\/","og_locale":"lt_LT","og_type":"article","og_title":"VetExpert DETOX CARE VITALIZING \u0161amp\u016bnas 250ml","og_description":"\u0160amp\u016bnas, tinkantis vis\u0173 spalv\u0173 ir tip\u0173 \u0161un\u0173 bei ka\u010di\u0173 kailio prie\u017ei\u016brai, ypa\u010d rekomenduojamas esant nusilpusiam ar pa\u017eeistam kailiui.","og_url":"https:\/\/anivet.lt\/elparduotuve\/produktas\/vetexpert-detox-care-vitalizing-sampunas-250ml\/","og_site_name":"anivet.lt","article_modified_time":"2026-01-01T19:28:47+00:00","og_image":[{"width":650,"height":919,"url":"https:\/\/anivet.lt\/elparduotuve\/wp-content\/uploads\/2025\/08\/VetExpert-DETOX-CARE-VITALIZING-sampunas-250ml.jpg","type":"image\/jpeg"}],"twitter_card":"summary_large_image","twitter_misc":{"Est. reading time":"1 minut\u0117"},"schema":{"@context":"https:\/\/schema.org","@graph":[{"@type":"WebPage","@id":"https:\/\/anivet.lt\/elparduotuve\/produktas\/vetexpert-detox-care-vitalizing-sampunas-250ml\/","url":"https:\/\/anivet.lt\/elparduotuve\/produktas\/vetexpert-detox-care-vitalizing-sampunas-250ml\/","name":"VetExpert DETOX CARE VITALIZING \u0161amp\u016bnas 250ml - anivet.lt","isPartOf":{"@id":"https:\/\/anivet.lt\/elparduotuve\/#website"},"primaryImageOfPage":{"@id":"https:\/\/anivet.lt\/elparduotuve\/produktas\/vetexpert-detox-care-vitalizing-sampunas-250ml\/#primaryimage"},"image":{"@id":"https:\/\/anivet.lt\/elparduotuve\/produktas\/vetexpert-detox-care-vitalizing-sampunas-250ml\/#primaryimage"},"thumbnailUrl":"https:\/\/anivet.lt\/elparduotuve\/wp-content\/uploads\/2025\/08\/VetExpert-DETOX-CARE-VITALIZING-sampunas-250ml.jpg","datePublished":"2025-08-26T20:21:12+00:00","dateModified":"2026-01-01T19:28:47+00:00","description":"\u0160amp\u016bnas, tinkantis vis\u0173 spalv\u0173 ir tip\u0173 \u0161un\u0173 bei ka\u010di\u0173 kailio prie\u017ei\u016brai, ypa\u010d rekomenduojamas esant nusilpusiam ar pa\u017eeistam kailiui.","breadcrumb":{"@id":"https:\/\/anivet.lt\/elparduotuve\/produktas\/vetexpert-detox-care-vitalizing-sampunas-250ml\/#breadcrumb"},"inLanguage":"lt-LT","potentialAction":[{"@type":"ReadAction","target":["https:\/\/anivet.lt\/elparduotuve\/produktas\/vetexpert-detox-care-vitalizing-sampunas-250ml\/"]}]},{"@type":"ImageObject","inLanguage":"lt-LT","@id":"https:\/\/anivet.lt\/elparduotuve\/produktas\/vetexpert-detox-care-vitalizing-sampunas-250ml\/#primaryimage","url":"https:\/\/anivet.lt\/elparduotuve\/wp-content\/uploads\/2025\/08\/VetExpert-DETOX-CARE-VITALIZING-sampunas-250ml.jpg","contentUrl":"https:\/\/anivet.lt\/elparduotuve\/wp-content\/uploads\/2025\/08\/VetExpert-DETOX-CARE-VITALIZING-sampunas-250ml.jpg","width":650,"height":919,"caption":"VetExpert DETOX CARE VITALIZING \u0161amp\u016bnas 250ml"},{"@type":"BreadcrumbList","@id":"https:\/\/anivet.lt\/elparduotuve\/produktas\/vetexpert-detox-care-vitalizing-sampunas-250ml\/#breadcrumb","itemListElement":[{"@type":"ListItem","position":1,"name":"Home","item":"https:\/\/anivet.lt\/elparduotuve\/"},{"@type":"ListItem","position":2,"name":"Produktai","item":"https:\/\/anivet.lt\/elparduotuve\/produktai\/"},{"@type":"ListItem","position":3,"name":"VetExpert DETOX CARE VITALIZING \u0161amp\u016bnas 250ml"}]},{"@type":"WebSite","@id":"https:\/\/anivet.lt\/elparduotuve\/#website","url":"https:\/\/anivet.lt\/elparduotuve\/","name":"anivet.lt","description":"Viskas J\u016bs\u0173 \u0161uns, kat\u0117s prie\u017ei\u016brai","publisher":{"@id":"https:\/\/anivet.lt\/elparduotuve\/#organization"},"alternateName":"Viskas J\u016bs\u0173 \u0161uns, kat\u0117s prie\u017ei\u016brai","potentialAction":[{"@type":"SearchAction","target":{"@type":"EntryPoint","urlTemplate":"https:\/\/anivet.lt\/elparduotuve\/?s={search_term_string}"},"query-input":{"@type":"PropertyValueSpecification","valueRequired":true,"valueName":"search_term_string"}}],"inLanguage":"lt-LT"},{"@type":"Organization","@id":"https:\/\/anivet.lt\/elparduotuve\/#organization","name":"Viskas J\u016bs\u0173 \u0161uns, kat\u0117s prie\u017ei\u016brai","url":"https:\/\/anivet.lt\/elparduotuve\/","logo":{"@type":"ImageObject","inLanguage":"lt-LT","@id":"https:\/\/anivet.lt\/elparduotuve\/#\/schema\/logo\/image\/","url":"https:\/\/anivet.lt\/elparduotuve\/wp-content\/uploads\/2023\/06\/logo2.jpg","contentUrl":"https:\/\/anivet.lt\/elparduotuve\/wp-content\/uploads\/2023\/06\/logo2.jpg","width":655,"height":194,"caption":"Viskas J\u016bs\u0173 \u0161uns, kat\u0117s prie\u017ei\u016brai"},"image":{"@id":"https:\/\/anivet.lt\/elparduotuve\/#\/schema\/logo\/image\/"}}]}},"_links":{"self":[{"href":"https:\/\/anivet.lt\/elparduotuve\/wp-json\/wp\/v2\/product\/18705","targetHints":{"allow":["GET"]}}],"collection":[{"href":"https:\/\/anivet.lt\/elparduotuve\/wp-json\/wp\/v2\/product"}],"about":[{"href":"https:\/\/anivet.lt\/elparduotuve\/wp-json\/wp\/v2\/types\/product"}],"wp:featuredmedia":[{"embeddable":true,"href":"https:\/\/anivet.lt\/elparduotuve\/wp-json\/wp\/v2\/media\/18706"}],"wp:attachment":[{"href":"https:\/\/anivet.lt\/elparduotuve\/wp-json\/wp\/v2\/media?parent=18705"}],"wp:term":[{"taxonomy":"product_brand","embeddable":true,"href":"https:\/\/anivet.lt\/elparduotuve\/wp-json\/wp\/v2\/product_brand?post=18705"},{"taxonomy":"product_cat","embeddable":true,"href":"https:\/\/anivet.lt\/elparduotuve\/wp-json\/wp\/v2\/product_cat?post=18705"},{"taxonomy":"product_tag","embeddable":true,"href":"https:\/\/anivet.lt\/elparduotuve\/wp-json\/wp\/v2\/product_tag?post=18705"}],"curies":[{"name":"wp","href":"https:\/\/api.w.org\/{rel}","templated":true}]}}