{"id":18707,"date":"2025-08-26T20:47:20","date_gmt":"2025-08-26T20:47:20","guid":{"rendered":"https:\/\/anivet.lt\/elparduotuve\/?post_type=product&#038;p=18707"},"modified":"2026-04-29T15:20:38","modified_gmt":"2026-04-29T15:20:38","slug":"vetexpert-4t-vet-diet-dermatosis-lamb-krill-alergiskiems-sunims","status":"publish","type":"product","link":"https:\/\/anivet.lt\/elparduotuve\/produktas\/vetexpert-4t-vet-diet-dermatosis-lamb-krill-alergiskiems-sunims\/","title":{"rendered":"VetExpert 4T Vet. diet Dermatosis Lamb &#038; Krill alergi\u0161kiems \u0161unims"},"content":{"rendered":"<ul>\n<li><span lang=\"en-US\">Pagrindinis baltym\u0173 \u0161altinis \u2013 \u0117riena, kuri padeda suma\u017einti alergini\u0173 reakcij\u0173 rizik\u0105.<\/span><\/li>\n<li>Pagrindiniai angliavandeni\u0173 \u0161altiniai yra bulv\u0117s ir sald\u017eiosios bulv\u0117s \u2013 tai alternatyva gr\u016bdams, kuri padeda i\u0161vengti gr\u016bd\u0173 netoleravimo.<\/li>\n<li>Papildomos riebal\u0173 r\u016bg\u0161tys padeda palaikyti sveik\u0105 od\u0105 ir pagerinti kailio b\u016bkl\u0119.<\/li>\n<li>Sud\u0117tyje esantis krili\u0173 papildas prisideda prie odos ir kailio sveikatos palaikymo, nes yra nat\u016bralus omega-3 r\u016bg\u0161\u010di\u0173 \u0161altinis.<\/li>\n<\/ul>\n","protected":false},"excerpt":{"rendered":"<p>Pa\u0161aras skirtas \u0161unims, turintiems \u012fvairi\u0173 odos problem\u0173 ar ken\u010diantiems nuo gausaus plauk\u0173 slinkimo. Jis tinka gyv\u016bnams, kuriems pasirei\u0161kia dermatologiniai sutrikimai, nepriklausomai nuo j\u0173 kilm\u0117s, taip pat tiems, kurie turi nepageidaujam\u0173 reakcij\u0173 \u012f maist\u0105, lydim\u0173 vir\u0161kinimo sistemos problem\u0173. Puikiai tinka naudoti kaip eliminacin\u0119 diet\u0105 esant \u012ftariamai maisto alergijai.<\/p>\n","protected":false},"featured_media":18711,"template":"","meta":[],"product_brand":[],"product_cat":[101,103,107,564],"product_tag":[],"class_list":{"0":"post-18707","1":"product","2":"type-product","3":"status-publish","4":"has-post-thumbnail","6":"product_cat-sunims","7":"product_cat-sunu-maistas","8":"product_cat-veterinarine-dieta","9":"product_cat-vet-expert-sunu-maistas","10":"pa_prekinis-zenklas-vetexpert","12":"first","13":"instock","14":"taxable","15":"shipping-taxable","16":"purchasable","17":"product-type-variable"},"yoast_head":"<!-- This site is optimized with the Yoast SEO Premium plugin v27.1 (Yoast SEO v27.5) - https:\/\/yoast.com\/product\/yoast-seo-premium-wordpress\/ -->\n<title>VetExpert 4T Vet. diet Dermatosis Lamb &amp; Krill alergi\u0161kiems \u0161unims - anivet.lt<\/title>\n<meta name=\"description\" content=\"Pa\u0161aras skirtas \u0161unims, turintiems \u012fvairi\u0173 odos problem\u0173 ar ken\u010diantiems nuo gausaus plauk\u0173 slinkimo. Jis tinka gyv\u016bnams, kuriems pasirei\u0161kia dermatologiniai sutrikimai, nepriklausomai nuo j\u0173 kilm\u0117s, taip pat tiems, kurie turi nepageidaujam\u0173 reakcij\u0173 \u012f maist\u0105, lydim\u0173 vir\u0161kinimo sistemos problem\u0173. Puikiai tinka naudoti kaip eliminacin\u0119 diet\u0105 esant \u012ftariamai maisto alergijai.\" \/>\n<meta name=\"robots\" content=\"index, follow, max-snippet:-1, max-image-preview:large, max-video-preview:-1\" \/>\n<link rel=\"canonical\" href=\"https:\/\/anivet.lt\/elparduotuve\/produktas\/vetexpert-4t-vet-diet-dermatosis-lamb-krill-alergiskiems-sunims\/\" \/>\n<meta property=\"og:locale\" content=\"lt_LT\" \/>\n<meta property=\"og:type\" content=\"article\" \/>\n<meta property=\"og:title\" content=\"VetExpert 4T Vet. diet Dermatosis Lamb &amp; Krill alergi\u0161kiems \u0161unims\" \/>\n<meta property=\"og:description\" content=\"Pa\u0161aras skirtas \u0161unims, turintiems \u012fvairi\u0173 odos problem\u0173 ar ken\u010diantiems nuo gausaus plauk\u0173 slinkimo. Jis tinka gyv\u016bnams, kuriems pasirei\u0161kia dermatologiniai sutrikimai, nepriklausomai nuo j\u0173 kilm\u0117s, taip pat tiems, kurie turi nepageidaujam\u0173 reakcij\u0173 \u012f maist\u0105, lydim\u0173 vir\u0161kinimo sistemos problem\u0173. Puikiai tinka naudoti kaip eliminacin\u0119 diet\u0105 esant \u012ftariamai maisto alergijai.\" \/>\n<meta property=\"og:url\" content=\"https:\/\/anivet.lt\/elparduotuve\/produktas\/vetexpert-4t-vet-diet-dermatosis-lamb-krill-alergiskiems-sunims\/\" \/>\n<meta property=\"og:site_name\" content=\"anivet.lt\" \/>\n<meta property=\"article:modified_time\" content=\"2026-04-29T15:20:38+00:00\" \/>\n<meta property=\"og:image\" content=\"https:\/\/anivet.lt\/elparduotuve\/wp-content\/uploads\/2025\/08\/VetExpert-4T-Vet.-diet-Dermatosis-Lamb-Krill-alergiskiems-sunims-2.jpg\" \/>\n\t<meta property=\"og:image:width\" content=\"850\" \/>\n\t<meta property=\"og:image:height\" content=\"1172\" \/>\n\t<meta property=\"og:image:type\" content=\"image\/jpeg\" \/>\n<meta name=\"twitter:card\" content=\"summary_large_image\" \/>\n<meta name=\"twitter:label1\" content=\"Est. reading time\" \/>\n\t<meta name=\"twitter:data1\" content=\"1 minut\u0117\" \/>\n<script type=\"application\/ld+json\" class=\"yoast-schema-graph\">{\"@context\":\"https:\\\/\\\/schema.org\",\"@graph\":[{\"@type\":\"WebPage\",\"@id\":\"https:\\\/\\\/anivet.lt\\\/elparduotuve\\\/produktas\\\/vetexpert-4t-vet-diet-dermatosis-lamb-krill-alergiskiems-sunims\\\/\",\"url\":\"https:\\\/\\\/anivet.lt\\\/elparduotuve\\\/produktas\\\/vetexpert-4t-vet-diet-dermatosis-lamb-krill-alergiskiems-sunims\\\/\",\"name\":\"VetExpert 4T Vet. diet Dermatosis Lamb & Krill alergi\u0161kiems \u0161unims - anivet.lt\",\"isPartOf\":{\"@id\":\"https:\\\/\\\/anivet.lt\\\/elparduotuve\\\/#website\"},\"primaryImageOfPage\":{\"@id\":\"https:\\\/\\\/anivet.lt\\\/elparduotuve\\\/produktas\\\/vetexpert-4t-vet-diet-dermatosis-lamb-krill-alergiskiems-sunims\\\/#primaryimage\"},\"image\":{\"@id\":\"https:\\\/\\\/anivet.lt\\\/elparduotuve\\\/produktas\\\/vetexpert-4t-vet-diet-dermatosis-lamb-krill-alergiskiems-sunims\\\/#primaryimage\"},\"thumbnailUrl\":\"https:\\\/\\\/anivet.lt\\\/elparduotuve\\\/wp-content\\\/uploads\\\/2025\\\/08\\\/VetExpert-4T-Vet.-diet-Dermatosis-Lamb-Krill-alergiskiems-sunims-2.jpg\",\"datePublished\":\"2025-08-26T20:47:20+00:00\",\"dateModified\":\"2026-04-29T15:20:38+00:00\",\"description\":\"Pa\u0161aras skirtas \u0161unims, turintiems \u012fvairi\u0173 odos problem\u0173 ar ken\u010diantiems nuo gausaus plauk\u0173 slinkimo. Jis tinka gyv\u016bnams, kuriems pasirei\u0161kia dermatologiniai sutrikimai, nepriklausomai nuo j\u0173 kilm\u0117s, taip pat tiems, kurie turi nepageidaujam\u0173 reakcij\u0173 \u012f maist\u0105, lydim\u0173 vir\u0161kinimo sistemos problem\u0173. Puikiai tinka naudoti kaip eliminacin\u0119 diet\u0105 esant \u012ftariamai maisto alergijai.\",\"breadcrumb\":{\"@id\":\"https:\\\/\\\/anivet.lt\\\/elparduotuve\\\/produktas\\\/vetexpert-4t-vet-diet-dermatosis-lamb-krill-alergiskiems-sunims\\\/#breadcrumb\"},\"inLanguage\":\"lt-LT\",\"potentialAction\":[{\"@type\":\"ReadAction\",\"target\":[\"https:\\\/\\\/anivet.lt\\\/elparduotuve\\\/produktas\\\/vetexpert-4t-vet-diet-dermatosis-lamb-krill-alergiskiems-sunims\\\/\"]}]},{\"@type\":\"ImageObject\",\"inLanguage\":\"lt-LT\",\"@id\":\"https:\\\/\\\/anivet.lt\\\/elparduotuve\\\/produktas\\\/vetexpert-4t-vet-diet-dermatosis-lamb-krill-alergiskiems-sunims\\\/#primaryimage\",\"url\":\"https:\\\/\\\/anivet.lt\\\/elparduotuve\\\/wp-content\\\/uploads\\\/2025\\\/08\\\/VetExpert-4T-Vet.-diet-Dermatosis-Lamb-Krill-alergiskiems-sunims-2.jpg\",\"contentUrl\":\"https:\\\/\\\/anivet.lt\\\/elparduotuve\\\/wp-content\\\/uploads\\\/2025\\\/08\\\/VetExpert-4T-Vet.-diet-Dermatosis-Lamb-Krill-alergiskiems-sunims-2.jpg\",\"width\":850,\"height\":1172,\"caption\":\"VetExpert 4T Vet. diet Dermatosis Lamb & Krill alergi\u0161kiems \u0161unims\"},{\"@type\":\"BreadcrumbList\",\"@id\":\"https:\\\/\\\/anivet.lt\\\/elparduotuve\\\/produktas\\\/vetexpert-4t-vet-diet-dermatosis-lamb-krill-alergiskiems-sunims\\\/#breadcrumb\",\"itemListElement\":[{\"@type\":\"ListItem\",\"position\":1,\"name\":\"Home\",\"item\":\"https:\\\/\\\/anivet.lt\\\/elparduotuve\\\/\"},{\"@type\":\"ListItem\",\"position\":2,\"name\":\"Produktai\",\"item\":\"https:\\\/\\\/anivet.lt\\\/elparduotuve\\\/produktai\\\/\"},{\"@type\":\"ListItem\",\"position\":3,\"name\":\"VetExpert 4T Vet. diet Dermatosis Lamb &#038; Krill alergi\u0161kiems \u0161unims\"}]},{\"@type\":\"WebSite\",\"@id\":\"https:\\\/\\\/anivet.lt\\\/elparduotuve\\\/#website\",\"url\":\"https:\\\/\\\/anivet.lt\\\/elparduotuve\\\/\",\"name\":\"anivet.lt\",\"description\":\"Viskas J\u016bs\u0173 \u0161uns, kat\u0117s prie\u017ei\u016brai\",\"publisher\":{\"@id\":\"https:\\\/\\\/anivet.lt\\\/elparduotuve\\\/#organization\"},\"alternateName\":\"Viskas J\u016bs\u0173 \u0161uns, kat\u0117s prie\u017ei\u016brai\",\"potentialAction\":[{\"@type\":\"SearchAction\",\"target\":{\"@type\":\"EntryPoint\",\"urlTemplate\":\"https:\\\/\\\/anivet.lt\\\/elparduotuve\\\/?s={search_term_string}\"},\"query-input\":{\"@type\":\"PropertyValueSpecification\",\"valueRequired\":true,\"valueName\":\"search_term_string\"}}],\"inLanguage\":\"lt-LT\"},{\"@type\":\"Organization\",\"@id\":\"https:\\\/\\\/anivet.lt\\\/elparduotuve\\\/#organization\",\"name\":\"Viskas J\u016bs\u0173 \u0161uns, kat\u0117s prie\u017ei\u016brai\",\"url\":\"https:\\\/\\\/anivet.lt\\\/elparduotuve\\\/\",\"logo\":{\"@type\":\"ImageObject\",\"inLanguage\":\"lt-LT\",\"@id\":\"https:\\\/\\\/anivet.lt\\\/elparduotuve\\\/#\\\/schema\\\/logo\\\/image\\\/\",\"url\":\"https:\\\/\\\/anivet.lt\\\/elparduotuve\\\/wp-content\\\/uploads\\\/2023\\\/06\\\/logo2.jpg\",\"contentUrl\":\"https:\\\/\\\/anivet.lt\\\/elparduotuve\\\/wp-content\\\/uploads\\\/2023\\\/06\\\/logo2.jpg\",\"width\":655,\"height\":194,\"caption\":\"Viskas J\u016bs\u0173 \u0161uns, kat\u0117s prie\u017ei\u016brai\"},\"image\":{\"@id\":\"https:\\\/\\\/anivet.lt\\\/elparduotuve\\\/#\\\/schema\\\/logo\\\/image\\\/\"}}]}<\/script>\n<!-- \/ Yoast SEO Premium plugin. -->","yoast_head_json":{"title":"VetExpert 4T Vet. diet Dermatosis Lamb & Krill alergi\u0161kiems \u0161unims - anivet.lt","description":"Pa\u0161aras skirtas \u0161unims, turintiems \u012fvairi\u0173 odos problem\u0173 ar ken\u010diantiems nuo gausaus plauk\u0173 slinkimo. Jis tinka gyv\u016bnams, kuriems pasirei\u0161kia dermatologiniai sutrikimai, nepriklausomai nuo j\u0173 kilm\u0117s, taip pat tiems, kurie turi nepageidaujam\u0173 reakcij\u0173 \u012f maist\u0105, lydim\u0173 vir\u0161kinimo sistemos problem\u0173. Puikiai tinka naudoti kaip eliminacin\u0119 diet\u0105 esant \u012ftariamai maisto alergijai.","robots":{"index":"index","follow":"follow","max-snippet":"max-snippet:-1","max-image-preview":"max-image-preview:large","max-video-preview":"max-video-preview:-1"},"canonical":"https:\/\/anivet.lt\/elparduotuve\/produktas\/vetexpert-4t-vet-diet-dermatosis-lamb-krill-alergiskiems-sunims\/","og_locale":"lt_LT","og_type":"article","og_title":"VetExpert 4T Vet. diet Dermatosis Lamb & Krill alergi\u0161kiems \u0161unims","og_description":"Pa\u0161aras skirtas \u0161unims, turintiems \u012fvairi\u0173 odos problem\u0173 ar ken\u010diantiems nuo gausaus plauk\u0173 slinkimo. Jis tinka gyv\u016bnams, kuriems pasirei\u0161kia dermatologiniai sutrikimai, nepriklausomai nuo j\u0173 kilm\u0117s, taip pat tiems, kurie turi nepageidaujam\u0173 reakcij\u0173 \u012f maist\u0105, lydim\u0173 vir\u0161kinimo sistemos problem\u0173. Puikiai tinka naudoti kaip eliminacin\u0119 diet\u0105 esant \u012ftariamai maisto alergijai.","og_url":"https:\/\/anivet.lt\/elparduotuve\/produktas\/vetexpert-4t-vet-diet-dermatosis-lamb-krill-alergiskiems-sunims\/","og_site_name":"anivet.lt","article_modified_time":"2026-04-29T15:20:38+00:00","og_image":[{"width":850,"height":1172,"url":"https:\/\/anivet.lt\/elparduotuve\/wp-content\/uploads\/2025\/08\/VetExpert-4T-Vet.-diet-Dermatosis-Lamb-Krill-alergiskiems-sunims-2.jpg","type":"image\/jpeg"}],"twitter_card":"summary_large_image","twitter_misc":{"Est. reading time":"1 minut\u0117"},"schema":{"@context":"https:\/\/schema.org","@graph":[{"@type":"WebPage","@id":"https:\/\/anivet.lt\/elparduotuve\/produktas\/vetexpert-4t-vet-diet-dermatosis-lamb-krill-alergiskiems-sunims\/","url":"https:\/\/anivet.lt\/elparduotuve\/produktas\/vetexpert-4t-vet-diet-dermatosis-lamb-krill-alergiskiems-sunims\/","name":"VetExpert 4T Vet. diet Dermatosis Lamb & Krill alergi\u0161kiems \u0161unims - anivet.lt","isPartOf":{"@id":"https:\/\/anivet.lt\/elparduotuve\/#website"},"primaryImageOfPage":{"@id":"https:\/\/anivet.lt\/elparduotuve\/produktas\/vetexpert-4t-vet-diet-dermatosis-lamb-krill-alergiskiems-sunims\/#primaryimage"},"image":{"@id":"https:\/\/anivet.lt\/elparduotuve\/produktas\/vetexpert-4t-vet-diet-dermatosis-lamb-krill-alergiskiems-sunims\/#primaryimage"},"thumbnailUrl":"https:\/\/anivet.lt\/elparduotuve\/wp-content\/uploads\/2025\/08\/VetExpert-4T-Vet.-diet-Dermatosis-Lamb-Krill-alergiskiems-sunims-2.jpg","datePublished":"2025-08-26T20:47:20+00:00","dateModified":"2026-04-29T15:20:38+00:00","description":"Pa\u0161aras skirtas \u0161unims, turintiems \u012fvairi\u0173 odos problem\u0173 ar ken\u010diantiems nuo gausaus plauk\u0173 slinkimo. Jis tinka gyv\u016bnams, kuriems pasirei\u0161kia dermatologiniai sutrikimai, nepriklausomai nuo j\u0173 kilm\u0117s, taip pat tiems, kurie turi nepageidaujam\u0173 reakcij\u0173 \u012f maist\u0105, lydim\u0173 vir\u0161kinimo sistemos problem\u0173. Puikiai tinka naudoti kaip eliminacin\u0119 diet\u0105 esant \u012ftariamai maisto alergijai.","breadcrumb":{"@id":"https:\/\/anivet.lt\/elparduotuve\/produktas\/vetexpert-4t-vet-diet-dermatosis-lamb-krill-alergiskiems-sunims\/#breadcrumb"},"inLanguage":"lt-LT","potentialAction":[{"@type":"ReadAction","target":["https:\/\/anivet.lt\/elparduotuve\/produktas\/vetexpert-4t-vet-diet-dermatosis-lamb-krill-alergiskiems-sunims\/"]}]},{"@type":"ImageObject","inLanguage":"lt-LT","@id":"https:\/\/anivet.lt\/elparduotuve\/produktas\/vetexpert-4t-vet-diet-dermatosis-lamb-krill-alergiskiems-sunims\/#primaryimage","url":"https:\/\/anivet.lt\/elparduotuve\/wp-content\/uploads\/2025\/08\/VetExpert-4T-Vet.-diet-Dermatosis-Lamb-Krill-alergiskiems-sunims-2.jpg","contentUrl":"https:\/\/anivet.lt\/elparduotuve\/wp-content\/uploads\/2025\/08\/VetExpert-4T-Vet.-diet-Dermatosis-Lamb-Krill-alergiskiems-sunims-2.jpg","width":850,"height":1172,"caption":"VetExpert 4T Vet. diet Dermatosis Lamb & Krill alergi\u0161kiems \u0161unims"},{"@type":"BreadcrumbList","@id":"https:\/\/anivet.lt\/elparduotuve\/produktas\/vetexpert-4t-vet-diet-dermatosis-lamb-krill-alergiskiems-sunims\/#breadcrumb","itemListElement":[{"@type":"ListItem","position":1,"name":"Home","item":"https:\/\/anivet.lt\/elparduotuve\/"},{"@type":"ListItem","position":2,"name":"Produktai","item":"https:\/\/anivet.lt\/elparduotuve\/produktai\/"},{"@type":"ListItem","position":3,"name":"VetExpert 4T Vet. diet Dermatosis Lamb &#038; Krill alergi\u0161kiems \u0161unims"}]},{"@type":"WebSite","@id":"https:\/\/anivet.lt\/elparduotuve\/#website","url":"https:\/\/anivet.lt\/elparduotuve\/","name":"anivet.lt","description":"Viskas J\u016bs\u0173 \u0161uns, kat\u0117s prie\u017ei\u016brai","publisher":{"@id":"https:\/\/anivet.lt\/elparduotuve\/#organization"},"alternateName":"Viskas J\u016bs\u0173 \u0161uns, kat\u0117s prie\u017ei\u016brai","potentialAction":[{"@type":"SearchAction","target":{"@type":"EntryPoint","urlTemplate":"https:\/\/anivet.lt\/elparduotuve\/?s={search_term_string}"},"query-input":{"@type":"PropertyValueSpecification","valueRequired":true,"valueName":"search_term_string"}}],"inLanguage":"lt-LT"},{"@type":"Organization","@id":"https:\/\/anivet.lt\/elparduotuve\/#organization","name":"Viskas J\u016bs\u0173 \u0161uns, kat\u0117s prie\u017ei\u016brai","url":"https:\/\/anivet.lt\/elparduotuve\/","logo":{"@type":"ImageObject","inLanguage":"lt-LT","@id":"https:\/\/anivet.lt\/elparduotuve\/#\/schema\/logo\/image\/","url":"https:\/\/anivet.lt\/elparduotuve\/wp-content\/uploads\/2023\/06\/logo2.jpg","contentUrl":"https:\/\/anivet.lt\/elparduotuve\/wp-content\/uploads\/2023\/06\/logo2.jpg","width":655,"height":194,"caption":"Viskas J\u016bs\u0173 \u0161uns, kat\u0117s prie\u017ei\u016brai"},"image":{"@id":"https:\/\/anivet.lt\/elparduotuve\/#\/schema\/logo\/image\/"}}]}},"_links":{"self":[{"href":"https:\/\/anivet.lt\/elparduotuve\/wp-json\/wp\/v2\/product\/18707","targetHints":{"allow":["GET"]}}],"collection":[{"href":"https:\/\/anivet.lt\/elparduotuve\/wp-json\/wp\/v2\/product"}],"about":[{"href":"https:\/\/anivet.lt\/elparduotuve\/wp-json\/wp\/v2\/types\/product"}],"wp:featuredmedia":[{"embeddable":true,"href":"https:\/\/anivet.lt\/elparduotuve\/wp-json\/wp\/v2\/media\/18711"}],"wp:attachment":[{"href":"https:\/\/anivet.lt\/elparduotuve\/wp-json\/wp\/v2\/media?parent=18707"}],"wp:term":[{"taxonomy":"product_brand","embeddable":true,"href":"https:\/\/anivet.lt\/elparduotuve\/wp-json\/wp\/v2\/product_brand?post=18707"},{"taxonomy":"product_cat","embeddable":true,"href":"https:\/\/anivet.lt\/elparduotuve\/wp-json\/wp\/v2\/product_cat?post=18707"},{"taxonomy":"product_tag","embeddable":true,"href":"https:\/\/anivet.lt\/elparduotuve\/wp-json\/wp\/v2\/product_tag?post=18707"}],"curies":[{"name":"wp","href":"https:\/\/api.w.org\/{rel}","templated":true}]}}