{"id":18806,"date":"2025-09-10T21:06:17","date_gmt":"2025-09-10T21:06:17","guid":{"rendered":"https:\/\/anivet.lt\/elparduotuve\/?post_type=product&#038;p=18806"},"modified":"2026-02-24T15:57:06","modified_gmt":"2026-02-24T15:57:06","slug":"healthy-meat-agnello-e-riso-pastetas-sunims-su-eriena-ir-ryziais-400g","status":"publish","type":"product","link":"https:\/\/anivet.lt\/elparduotuve\/produktas\/healthy-meat-agnello-e-riso-pastetas-sunims-su-eriena-ir-ryziais-400g\/","title":{"rendered":"Healthy Meat Agnello e Riso pa\u0161tetas \u0161unims su \u0117riena ir ry\u017eiais 400g"},"content":{"rendered":"<ul>\n<li><span lang=\"en-US\">Monoproteinin\u0117 formul\u0117 \u2013 tik \u0117riena kaip gyv\u016bnin\u0117s kilm\u0117s baltymas.<\/span><\/li>\n<li>Lengvai vir\u0161kinamas, be glitimo.<\/li>\n<li>Be dirbtini\u0173 pried\u0173 ir da\u017eikli\u0173.<\/li>\n<\/ul>\n<p>Sud\u0117tyje \u2013 tik vienas gyv\u016bnin\u0117s kilm\u0117s baltym\u0173 \u0161altinis (\u0117riena) ir vienas angliavandeni\u0173 \u0161altinis (ry\u017eiai). Puikiai tinka jautriems \u0161unims, turintiems polink\u012f \u012f maisto netoleravim\u0105 ar alergijas, ta\u010diau puikiai pritaikytas ir kasdieniam \u0161\u0117rimui.<\/p>\n","protected":false},"excerpt":{"rendered":"<p><span lang=\"en-US\">Visavertis dietinis konservuotas pa\u0161aras suaugusiems \u0161unims.<\/span><\/p>\n","protected":false},"featured_media":18807,"template":"","meta":[],"product_brand":[],"product_cat":[101,103,105],"product_tag":[],"class_list":{"0":"post-18806","1":"product","2":"type-product","3":"status-publish","4":"has-post-thumbnail","6":"product_cat-sunims","7":"product_cat-sunu-maistas","8":"product_cat-konservai","9":"pa_prekinis-zenklas-healthy-meat","11":"first","12":"instock","13":"taxable","14":"shipping-taxable","15":"purchasable","16":"product-type-simple"},"yoast_head":"<!-- This site is optimized with the Yoast SEO Premium plugin v27.1 (Yoast SEO v27.5) - https:\/\/yoast.com\/product\/yoast-seo-premium-wordpress\/ -->\n<title>Healthy Meat Agnello e Riso pa\u0161tetas \u0161unims su \u0117riena ir ry\u017eiais 400g - anivet.lt<\/title>\n<meta name=\"description\" content=\"Visavertis dietinis konservuotas pa\u0161aras suaugusiems \u0161unims.\" \/>\n<meta name=\"robots\" content=\"index, follow, max-snippet:-1, max-image-preview:large, max-video-preview:-1\" \/>\n<link rel=\"canonical\" href=\"https:\/\/anivet.lt\/elparduotuve\/produktas\/healthy-meat-agnello-e-riso-pastetas-sunims-su-eriena-ir-ryziais-400g\/\" \/>\n<meta property=\"og:locale\" content=\"lt_LT\" \/>\n<meta property=\"og:type\" content=\"article\" \/>\n<meta property=\"og:title\" content=\"Healthy Meat Agnello e Riso pa\u0161tetas \u0161unims su \u0117riena ir ry\u017eiais 400g\" \/>\n<meta property=\"og:description\" content=\"Visavertis dietinis konservuotas pa\u0161aras suaugusiems \u0161unims.\" \/>\n<meta property=\"og:url\" content=\"https:\/\/anivet.lt\/elparduotuve\/produktas\/healthy-meat-agnello-e-riso-pastetas-sunims-su-eriena-ir-ryziais-400g\/\" \/>\n<meta property=\"og:site_name\" content=\"anivet.lt\" \/>\n<meta property=\"article:modified_time\" content=\"2026-02-24T15:57:06+00:00\" \/>\n<meta property=\"og:image\" content=\"https:\/\/anivet.lt\/elparduotuve\/wp-content\/uploads\/2025\/09\/Healthy-Meat-Agnello-e-Riso-pastetas-sunims-su-eriena-ir-ryziais-400g.jpg\" \/>\n\t<meta property=\"og:image:width\" content=\"500\" \/>\n\t<meta property=\"og:image:height\" content=\"500\" \/>\n\t<meta property=\"og:image:type\" content=\"image\/jpeg\" \/>\n<meta name=\"twitter:card\" content=\"summary_large_image\" \/>\n<meta name=\"twitter:label1\" content=\"Est. reading time\" \/>\n\t<meta name=\"twitter:data1\" content=\"1 minut\u0117\" \/>\n<script type=\"application\/ld+json\" class=\"yoast-schema-graph\">{\"@context\":\"https:\\\/\\\/schema.org\",\"@graph\":[{\"@type\":\"WebPage\",\"@id\":\"https:\\\/\\\/anivet.lt\\\/elparduotuve\\\/produktas\\\/healthy-meat-agnello-e-riso-pastetas-sunims-su-eriena-ir-ryziais-400g\\\/\",\"url\":\"https:\\\/\\\/anivet.lt\\\/elparduotuve\\\/produktas\\\/healthy-meat-agnello-e-riso-pastetas-sunims-su-eriena-ir-ryziais-400g\\\/\",\"name\":\"Healthy Meat Agnello e Riso pa\u0161tetas \u0161unims su \u0117riena ir ry\u017eiais 400g - anivet.lt\",\"isPartOf\":{\"@id\":\"https:\\\/\\\/anivet.lt\\\/elparduotuve\\\/#website\"},\"primaryImageOfPage\":{\"@id\":\"https:\\\/\\\/anivet.lt\\\/elparduotuve\\\/produktas\\\/healthy-meat-agnello-e-riso-pastetas-sunims-su-eriena-ir-ryziais-400g\\\/#primaryimage\"},\"image\":{\"@id\":\"https:\\\/\\\/anivet.lt\\\/elparduotuve\\\/produktas\\\/healthy-meat-agnello-e-riso-pastetas-sunims-su-eriena-ir-ryziais-400g\\\/#primaryimage\"},\"thumbnailUrl\":\"https:\\\/\\\/anivet.lt\\\/elparduotuve\\\/wp-content\\\/uploads\\\/2025\\\/09\\\/Healthy-Meat-Agnello-e-Riso-pastetas-sunims-su-eriena-ir-ryziais-400g.jpg\",\"datePublished\":\"2025-09-10T21:06:17+00:00\",\"dateModified\":\"2026-02-24T15:57:06+00:00\",\"description\":\"Visavertis dietinis konservuotas pa\u0161aras suaugusiems \u0161unims.\",\"breadcrumb\":{\"@id\":\"https:\\\/\\\/anivet.lt\\\/elparduotuve\\\/produktas\\\/healthy-meat-agnello-e-riso-pastetas-sunims-su-eriena-ir-ryziais-400g\\\/#breadcrumb\"},\"inLanguage\":\"lt-LT\",\"potentialAction\":[{\"@type\":\"ReadAction\",\"target\":[\"https:\\\/\\\/anivet.lt\\\/elparduotuve\\\/produktas\\\/healthy-meat-agnello-e-riso-pastetas-sunims-su-eriena-ir-ryziais-400g\\\/\"]}]},{\"@type\":\"ImageObject\",\"inLanguage\":\"lt-LT\",\"@id\":\"https:\\\/\\\/anivet.lt\\\/elparduotuve\\\/produktas\\\/healthy-meat-agnello-e-riso-pastetas-sunims-su-eriena-ir-ryziais-400g\\\/#primaryimage\",\"url\":\"https:\\\/\\\/anivet.lt\\\/elparduotuve\\\/wp-content\\\/uploads\\\/2025\\\/09\\\/Healthy-Meat-Agnello-e-Riso-pastetas-sunims-su-eriena-ir-ryziais-400g.jpg\",\"contentUrl\":\"https:\\\/\\\/anivet.lt\\\/elparduotuve\\\/wp-content\\\/uploads\\\/2025\\\/09\\\/Healthy-Meat-Agnello-e-Riso-pastetas-sunims-su-eriena-ir-ryziais-400g.jpg\",\"width\":500,\"height\":500,\"caption\":\"Healthy Meat Agnello e Riso pa\u0161tetas \u0161unims su \u0117riena ir ry\u017eiais 400g\"},{\"@type\":\"BreadcrumbList\",\"@id\":\"https:\\\/\\\/anivet.lt\\\/elparduotuve\\\/produktas\\\/healthy-meat-agnello-e-riso-pastetas-sunims-su-eriena-ir-ryziais-400g\\\/#breadcrumb\",\"itemListElement\":[{\"@type\":\"ListItem\",\"position\":1,\"name\":\"Home\",\"item\":\"https:\\\/\\\/anivet.lt\\\/elparduotuve\\\/\"},{\"@type\":\"ListItem\",\"position\":2,\"name\":\"Produktai\",\"item\":\"https:\\\/\\\/anivet.lt\\\/elparduotuve\\\/produktai\\\/\"},{\"@type\":\"ListItem\",\"position\":3,\"name\":\"Healthy Meat Agnello e Riso pa\u0161tetas \u0161unims su \u0117riena ir ry\u017eiais 400g\"}]},{\"@type\":\"WebSite\",\"@id\":\"https:\\\/\\\/anivet.lt\\\/elparduotuve\\\/#website\",\"url\":\"https:\\\/\\\/anivet.lt\\\/elparduotuve\\\/\",\"name\":\"anivet.lt\",\"description\":\"Viskas J\u016bs\u0173 \u0161uns, kat\u0117s prie\u017ei\u016brai\",\"publisher\":{\"@id\":\"https:\\\/\\\/anivet.lt\\\/elparduotuve\\\/#organization\"},\"alternateName\":\"Viskas J\u016bs\u0173 \u0161uns, kat\u0117s prie\u017ei\u016brai\",\"potentialAction\":[{\"@type\":\"SearchAction\",\"target\":{\"@type\":\"EntryPoint\",\"urlTemplate\":\"https:\\\/\\\/anivet.lt\\\/elparduotuve\\\/?s={search_term_string}\"},\"query-input\":{\"@type\":\"PropertyValueSpecification\",\"valueRequired\":true,\"valueName\":\"search_term_string\"}}],\"inLanguage\":\"lt-LT\"},{\"@type\":\"Organization\",\"@id\":\"https:\\\/\\\/anivet.lt\\\/elparduotuve\\\/#organization\",\"name\":\"Viskas J\u016bs\u0173 \u0161uns, kat\u0117s prie\u017ei\u016brai\",\"url\":\"https:\\\/\\\/anivet.lt\\\/elparduotuve\\\/\",\"logo\":{\"@type\":\"ImageObject\",\"inLanguage\":\"lt-LT\",\"@id\":\"https:\\\/\\\/anivet.lt\\\/elparduotuve\\\/#\\\/schema\\\/logo\\\/image\\\/\",\"url\":\"https:\\\/\\\/anivet.lt\\\/elparduotuve\\\/wp-content\\\/uploads\\\/2023\\\/06\\\/logo2.jpg\",\"contentUrl\":\"https:\\\/\\\/anivet.lt\\\/elparduotuve\\\/wp-content\\\/uploads\\\/2023\\\/06\\\/logo2.jpg\",\"width\":655,\"height\":194,\"caption\":\"Viskas J\u016bs\u0173 \u0161uns, kat\u0117s prie\u017ei\u016brai\"},\"image\":{\"@id\":\"https:\\\/\\\/anivet.lt\\\/elparduotuve\\\/#\\\/schema\\\/logo\\\/image\\\/\"}}]}<\/script>\n<!-- \/ Yoast SEO Premium plugin. -->","yoast_head_json":{"title":"Healthy Meat Agnello e Riso pa\u0161tetas \u0161unims su \u0117riena ir ry\u017eiais 400g - anivet.lt","description":"Visavertis dietinis konservuotas pa\u0161aras suaugusiems \u0161unims.","robots":{"index":"index","follow":"follow","max-snippet":"max-snippet:-1","max-image-preview":"max-image-preview:large","max-video-preview":"max-video-preview:-1"},"canonical":"https:\/\/anivet.lt\/elparduotuve\/produktas\/healthy-meat-agnello-e-riso-pastetas-sunims-su-eriena-ir-ryziais-400g\/","og_locale":"lt_LT","og_type":"article","og_title":"Healthy Meat Agnello e Riso pa\u0161tetas \u0161unims su \u0117riena ir ry\u017eiais 400g","og_description":"Visavertis dietinis konservuotas pa\u0161aras suaugusiems \u0161unims.","og_url":"https:\/\/anivet.lt\/elparduotuve\/produktas\/healthy-meat-agnello-e-riso-pastetas-sunims-su-eriena-ir-ryziais-400g\/","og_site_name":"anivet.lt","article_modified_time":"2026-02-24T15:57:06+00:00","og_image":[{"width":500,"height":500,"url":"https:\/\/anivet.lt\/elparduotuve\/wp-content\/uploads\/2025\/09\/Healthy-Meat-Agnello-e-Riso-pastetas-sunims-su-eriena-ir-ryziais-400g.jpg","type":"image\/jpeg"}],"twitter_card":"summary_large_image","twitter_misc":{"Est. reading time":"1 minut\u0117"},"schema":{"@context":"https:\/\/schema.org","@graph":[{"@type":"WebPage","@id":"https:\/\/anivet.lt\/elparduotuve\/produktas\/healthy-meat-agnello-e-riso-pastetas-sunims-su-eriena-ir-ryziais-400g\/","url":"https:\/\/anivet.lt\/elparduotuve\/produktas\/healthy-meat-agnello-e-riso-pastetas-sunims-su-eriena-ir-ryziais-400g\/","name":"Healthy Meat Agnello e Riso pa\u0161tetas \u0161unims su \u0117riena ir ry\u017eiais 400g - anivet.lt","isPartOf":{"@id":"https:\/\/anivet.lt\/elparduotuve\/#website"},"primaryImageOfPage":{"@id":"https:\/\/anivet.lt\/elparduotuve\/produktas\/healthy-meat-agnello-e-riso-pastetas-sunims-su-eriena-ir-ryziais-400g\/#primaryimage"},"image":{"@id":"https:\/\/anivet.lt\/elparduotuve\/produktas\/healthy-meat-agnello-e-riso-pastetas-sunims-su-eriena-ir-ryziais-400g\/#primaryimage"},"thumbnailUrl":"https:\/\/anivet.lt\/elparduotuve\/wp-content\/uploads\/2025\/09\/Healthy-Meat-Agnello-e-Riso-pastetas-sunims-su-eriena-ir-ryziais-400g.jpg","datePublished":"2025-09-10T21:06:17+00:00","dateModified":"2026-02-24T15:57:06+00:00","description":"Visavertis dietinis konservuotas pa\u0161aras suaugusiems \u0161unims.","breadcrumb":{"@id":"https:\/\/anivet.lt\/elparduotuve\/produktas\/healthy-meat-agnello-e-riso-pastetas-sunims-su-eriena-ir-ryziais-400g\/#breadcrumb"},"inLanguage":"lt-LT","potentialAction":[{"@type":"ReadAction","target":["https:\/\/anivet.lt\/elparduotuve\/produktas\/healthy-meat-agnello-e-riso-pastetas-sunims-su-eriena-ir-ryziais-400g\/"]}]},{"@type":"ImageObject","inLanguage":"lt-LT","@id":"https:\/\/anivet.lt\/elparduotuve\/produktas\/healthy-meat-agnello-e-riso-pastetas-sunims-su-eriena-ir-ryziais-400g\/#primaryimage","url":"https:\/\/anivet.lt\/elparduotuve\/wp-content\/uploads\/2025\/09\/Healthy-Meat-Agnello-e-Riso-pastetas-sunims-su-eriena-ir-ryziais-400g.jpg","contentUrl":"https:\/\/anivet.lt\/elparduotuve\/wp-content\/uploads\/2025\/09\/Healthy-Meat-Agnello-e-Riso-pastetas-sunims-su-eriena-ir-ryziais-400g.jpg","width":500,"height":500,"caption":"Healthy Meat Agnello e Riso pa\u0161tetas \u0161unims su \u0117riena ir ry\u017eiais 400g"},{"@type":"BreadcrumbList","@id":"https:\/\/anivet.lt\/elparduotuve\/produktas\/healthy-meat-agnello-e-riso-pastetas-sunims-su-eriena-ir-ryziais-400g\/#breadcrumb","itemListElement":[{"@type":"ListItem","position":1,"name":"Home","item":"https:\/\/anivet.lt\/elparduotuve\/"},{"@type":"ListItem","position":2,"name":"Produktai","item":"https:\/\/anivet.lt\/elparduotuve\/produktai\/"},{"@type":"ListItem","position":3,"name":"Healthy Meat Agnello e Riso pa\u0161tetas \u0161unims su \u0117riena ir ry\u017eiais 400g"}]},{"@type":"WebSite","@id":"https:\/\/anivet.lt\/elparduotuve\/#website","url":"https:\/\/anivet.lt\/elparduotuve\/","name":"anivet.lt","description":"Viskas J\u016bs\u0173 \u0161uns, kat\u0117s prie\u017ei\u016brai","publisher":{"@id":"https:\/\/anivet.lt\/elparduotuve\/#organization"},"alternateName":"Viskas J\u016bs\u0173 \u0161uns, kat\u0117s prie\u017ei\u016brai","potentialAction":[{"@type":"SearchAction","target":{"@type":"EntryPoint","urlTemplate":"https:\/\/anivet.lt\/elparduotuve\/?s={search_term_string}"},"query-input":{"@type":"PropertyValueSpecification","valueRequired":true,"valueName":"search_term_string"}}],"inLanguage":"lt-LT"},{"@type":"Organization","@id":"https:\/\/anivet.lt\/elparduotuve\/#organization","name":"Viskas J\u016bs\u0173 \u0161uns, kat\u0117s prie\u017ei\u016brai","url":"https:\/\/anivet.lt\/elparduotuve\/","logo":{"@type":"ImageObject","inLanguage":"lt-LT","@id":"https:\/\/anivet.lt\/elparduotuve\/#\/schema\/logo\/image\/","url":"https:\/\/anivet.lt\/elparduotuve\/wp-content\/uploads\/2023\/06\/logo2.jpg","contentUrl":"https:\/\/anivet.lt\/elparduotuve\/wp-content\/uploads\/2023\/06\/logo2.jpg","width":655,"height":194,"caption":"Viskas J\u016bs\u0173 \u0161uns, kat\u0117s prie\u017ei\u016brai"},"image":{"@id":"https:\/\/anivet.lt\/elparduotuve\/#\/schema\/logo\/image\/"}}]}},"_links":{"self":[{"href":"https:\/\/anivet.lt\/elparduotuve\/wp-json\/wp\/v2\/product\/18806","targetHints":{"allow":["GET"]}}],"collection":[{"href":"https:\/\/anivet.lt\/elparduotuve\/wp-json\/wp\/v2\/product"}],"about":[{"href":"https:\/\/anivet.lt\/elparduotuve\/wp-json\/wp\/v2\/types\/product"}],"wp:featuredmedia":[{"embeddable":true,"href":"https:\/\/anivet.lt\/elparduotuve\/wp-json\/wp\/v2\/media\/18807"}],"wp:attachment":[{"href":"https:\/\/anivet.lt\/elparduotuve\/wp-json\/wp\/v2\/media?parent=18806"}],"wp:term":[{"taxonomy":"product_brand","embeddable":true,"href":"https:\/\/anivet.lt\/elparduotuve\/wp-json\/wp\/v2\/product_brand?post=18806"},{"taxonomy":"product_cat","embeddable":true,"href":"https:\/\/anivet.lt\/elparduotuve\/wp-json\/wp\/v2\/product_cat?post=18806"},{"taxonomy":"product_tag","embeddable":true,"href":"https:\/\/anivet.lt\/elparduotuve\/wp-json\/wp\/v2\/product_tag?post=18806"}],"curies":[{"name":"wp","href":"https:\/\/api.w.org\/{rel}","templated":true}]}}