{"id":18853,"date":"2025-09-13T21:17:08","date_gmt":"2025-09-13T21:17:08","guid":{"rendered":"https:\/\/anivet.lt\/elparduotuve\/?post_type=product&#038;p=18853"},"modified":"2025-09-13T21:17:09","modified_gmt":"2025-09-13T21:17:09","slug":"landfleisch-classic-konservai-sunims-su-pauksciu-sirdimis-menke-ir-darzovemis-800g","status":"publish","type":"product","link":"https:\/\/anivet.lt\/elparduotuve\/produktas\/landfleisch-classic-konservai-sunims-su-pauksciu-sirdimis-menke-ir-darzovemis-800g\/","title":{"rendered":"LandFleisch classic konservai \u0161unims su pauk\u0161\u010di\u0173 \u0161irdimis, menke ir dar\u017eov\u0117mis 800g"},"content":{"rendered":"<ul>\n<li><span lang=\"en-US\">Pagamintas i\u0161 kokybi\u0161kos m\u0117sos ir kruop\u0161\u010diai atrinkt\u0173, \u0161vie\u017ei\u0173 bei sertifikuot\u0173 dar\u017eovi\u0173 \u2013 tai nat\u016bralus vitamin\u0173 \u0161altinis, padedantis stiprinti augintinio imunitet\u0105. <\/span><\/li>\n<li>Sud\u0117tyje esan\u010dios vertingos amino r\u016bg\u0161tys ir auk\u0161tos kokyb\u0117s baltymai palaiko raumen\u0173 stiprum\u0105 bei ger\u0105 fizin\u0119 form\u0105.<\/li>\n<li>Papildytas omega-3 ir omega-6 riebal\u0173 r\u016bg\u0161timis, kurios padeda palaikyti sveik\u0105 od\u0105 ir gra\u017e\u0173, \u017evilgant\u012f kail\u012f.<\/li>\n<li>Be soj\u0173, dirbtini\u0173 da\u017eikli\u0173, skonio stiprikli\u0173 ir konservant\u0173 \u2013 tik nat\u016bral\u016bs, \u0161unims tinkami ingredientai.<\/li>\n<\/ul>\n","protected":false},"excerpt":{"rendered":"<p><span lang=\"en-US\">LandFleisch Classic su pauk\u0161tienos \u0161irdel\u0117mis, menk\u0117s m\u0117sa ir \u0161vie\u017eiomis dar\u017eov\u0117mis \u2013 pilnavertis dr\u0117gnas pa\u0161aras suaugusiems \u0161unims. Skirtas kasdieniam maitinimui vis\u0173 veisli\u0173 suaugusiems \u0161unims. <\/span><\/p>\n","protected":false},"featured_media":18854,"template":"","meta":[],"product_brand":[],"product_cat":[101,103,105],"product_tag":[],"class_list":{"0":"post-18853","1":"product","2":"type-product","3":"status-publish","4":"has-post-thumbnail","6":"product_cat-sunims","7":"product_cat-sunu-maistas","8":"product_cat-konservai","9":"pa_prekinis-zenklas-landfleisch","11":"first","12":"instock","13":"taxable","14":"shipping-taxable","15":"purchasable","16":"product-type-simple"},"yoast_head":"<!-- This site is optimized with the Yoast SEO Premium plugin v27.1 (Yoast SEO v27.5) - https:\/\/yoast.com\/product\/yoast-seo-premium-wordpress\/ -->\n<title>LandFleisch classic konservai \u0161unims su pauk\u0161\u010di\u0173 \u0161irdimis, menke ir dar\u017eov\u0117mis 800g - anivet.lt<\/title>\n<meta name=\"description\" content=\"LandFleisch Classic su pauk\u0161tienos \u0161irdel\u0117mis, menk\u0117s m\u0117sa ir \u0161vie\u017eiomis dar\u017eov\u0117mis \u2013 pilnavertis dr\u0117gnas pa\u0161aras suaugusiems \u0161unims. Skirtas kasdieniam maitinimui vis\u0173 veisli\u0173 suaugusiems \u0161unims.\" \/>\n<meta name=\"robots\" content=\"index, follow, max-snippet:-1, max-image-preview:large, max-video-preview:-1\" \/>\n<link rel=\"canonical\" href=\"https:\/\/anivet.lt\/elparduotuve\/produktas\/landfleisch-classic-konservai-sunims-su-pauksciu-sirdimis-menke-ir-darzovemis-800g\/\" \/>\n<meta property=\"og:locale\" content=\"lt_LT\" \/>\n<meta property=\"og:type\" content=\"article\" \/>\n<meta property=\"og:title\" content=\"LandFleisch classic konservai \u0161unims su pauk\u0161\u010di\u0173 \u0161irdimis, menke ir dar\u017eov\u0117mis 800g\" \/>\n<meta property=\"og:description\" content=\"LandFleisch Classic su pauk\u0161tienos \u0161irdel\u0117mis, menk\u0117s m\u0117sa ir \u0161vie\u017eiomis dar\u017eov\u0117mis \u2013 pilnavertis dr\u0117gnas pa\u0161aras suaugusiems \u0161unims. Skirtas kasdieniam maitinimui vis\u0173 veisli\u0173 suaugusiems \u0161unims.\" \/>\n<meta property=\"og:url\" content=\"https:\/\/anivet.lt\/elparduotuve\/produktas\/landfleisch-classic-konservai-sunims-su-pauksciu-sirdimis-menke-ir-darzovemis-800g\/\" \/>\n<meta property=\"og:site_name\" content=\"anivet.lt\" \/>\n<meta property=\"article:modified_time\" content=\"2025-09-13T21:17:09+00:00\" \/>\n<meta property=\"og:image\" content=\"https:\/\/anivet.lt\/elparduotuve\/wp-content\/uploads\/2025\/09\/LandFleisch-classic-konservai-sunims-su-pauksciu-sirdimis-menke-ir-darzovemis-800g.jpg\" \/>\n\t<meta property=\"og:image:width\" content=\"600\" \/>\n\t<meta property=\"og:image:height\" content=\"600\" \/>\n\t<meta property=\"og:image:type\" content=\"image\/jpeg\" \/>\n<meta name=\"twitter:card\" content=\"summary_large_image\" \/>\n<meta name=\"twitter:label1\" content=\"Est. reading time\" \/>\n\t<meta name=\"twitter:data1\" content=\"1 minut\u0117\" \/>\n<script type=\"application\/ld+json\" class=\"yoast-schema-graph\">{\"@context\":\"https:\\\/\\\/schema.org\",\"@graph\":[{\"@type\":\"WebPage\",\"@id\":\"https:\\\/\\\/anivet.lt\\\/elparduotuve\\\/produktas\\\/landfleisch-classic-konservai-sunims-su-pauksciu-sirdimis-menke-ir-darzovemis-800g\\\/\",\"url\":\"https:\\\/\\\/anivet.lt\\\/elparduotuve\\\/produktas\\\/landfleisch-classic-konservai-sunims-su-pauksciu-sirdimis-menke-ir-darzovemis-800g\\\/\",\"name\":\"LandFleisch classic konservai \u0161unims su pauk\u0161\u010di\u0173 \u0161irdimis, menke ir dar\u017eov\u0117mis 800g - anivet.lt\",\"isPartOf\":{\"@id\":\"https:\\\/\\\/anivet.lt\\\/elparduotuve\\\/#website\"},\"primaryImageOfPage\":{\"@id\":\"https:\\\/\\\/anivet.lt\\\/elparduotuve\\\/produktas\\\/landfleisch-classic-konservai-sunims-su-pauksciu-sirdimis-menke-ir-darzovemis-800g\\\/#primaryimage\"},\"image\":{\"@id\":\"https:\\\/\\\/anivet.lt\\\/elparduotuve\\\/produktas\\\/landfleisch-classic-konservai-sunims-su-pauksciu-sirdimis-menke-ir-darzovemis-800g\\\/#primaryimage\"},\"thumbnailUrl\":\"https:\\\/\\\/anivet.lt\\\/elparduotuve\\\/wp-content\\\/uploads\\\/2025\\\/09\\\/LandFleisch-classic-konservai-sunims-su-pauksciu-sirdimis-menke-ir-darzovemis-800g.jpg\",\"datePublished\":\"2025-09-13T21:17:08+00:00\",\"dateModified\":\"2025-09-13T21:17:09+00:00\",\"description\":\"LandFleisch Classic su pauk\u0161tienos \u0161irdel\u0117mis, menk\u0117s m\u0117sa ir \u0161vie\u017eiomis dar\u017eov\u0117mis \u2013 pilnavertis dr\u0117gnas pa\u0161aras suaugusiems \u0161unims. Skirtas kasdieniam maitinimui vis\u0173 veisli\u0173 suaugusiems \u0161unims.\",\"breadcrumb\":{\"@id\":\"https:\\\/\\\/anivet.lt\\\/elparduotuve\\\/produktas\\\/landfleisch-classic-konservai-sunims-su-pauksciu-sirdimis-menke-ir-darzovemis-800g\\\/#breadcrumb\"},\"inLanguage\":\"lt-LT\",\"potentialAction\":[{\"@type\":\"ReadAction\",\"target\":[\"https:\\\/\\\/anivet.lt\\\/elparduotuve\\\/produktas\\\/landfleisch-classic-konservai-sunims-su-pauksciu-sirdimis-menke-ir-darzovemis-800g\\\/\"]}]},{\"@type\":\"ImageObject\",\"inLanguage\":\"lt-LT\",\"@id\":\"https:\\\/\\\/anivet.lt\\\/elparduotuve\\\/produktas\\\/landfleisch-classic-konservai-sunims-su-pauksciu-sirdimis-menke-ir-darzovemis-800g\\\/#primaryimage\",\"url\":\"https:\\\/\\\/anivet.lt\\\/elparduotuve\\\/wp-content\\\/uploads\\\/2025\\\/09\\\/LandFleisch-classic-konservai-sunims-su-pauksciu-sirdimis-menke-ir-darzovemis-800g.jpg\",\"contentUrl\":\"https:\\\/\\\/anivet.lt\\\/elparduotuve\\\/wp-content\\\/uploads\\\/2025\\\/09\\\/LandFleisch-classic-konservai-sunims-su-pauksciu-sirdimis-menke-ir-darzovemis-800g.jpg\",\"width\":600,\"height\":600,\"caption\":\"LandFleisch classic konservai \u0161unims su pauk\u0161\u010di\u0173 \u0161irdimis, menke ir dar\u017eov\u0117mis 800g\"},{\"@type\":\"BreadcrumbList\",\"@id\":\"https:\\\/\\\/anivet.lt\\\/elparduotuve\\\/produktas\\\/landfleisch-classic-konservai-sunims-su-pauksciu-sirdimis-menke-ir-darzovemis-800g\\\/#breadcrumb\",\"itemListElement\":[{\"@type\":\"ListItem\",\"position\":1,\"name\":\"Home\",\"item\":\"https:\\\/\\\/anivet.lt\\\/elparduotuve\\\/\"},{\"@type\":\"ListItem\",\"position\":2,\"name\":\"Produktai\",\"item\":\"https:\\\/\\\/anivet.lt\\\/elparduotuve\\\/produktai\\\/\"},{\"@type\":\"ListItem\",\"position\":3,\"name\":\"LandFleisch classic konservai \u0161unims su pauk\u0161\u010di\u0173 \u0161irdimis, menke ir dar\u017eov\u0117mis 800g\"}]},{\"@type\":\"WebSite\",\"@id\":\"https:\\\/\\\/anivet.lt\\\/elparduotuve\\\/#website\",\"url\":\"https:\\\/\\\/anivet.lt\\\/elparduotuve\\\/\",\"name\":\"anivet.lt\",\"description\":\"Viskas J\u016bs\u0173 \u0161uns, kat\u0117s prie\u017ei\u016brai\",\"publisher\":{\"@id\":\"https:\\\/\\\/anivet.lt\\\/elparduotuve\\\/#organization\"},\"alternateName\":\"Viskas J\u016bs\u0173 \u0161uns, kat\u0117s prie\u017ei\u016brai\",\"potentialAction\":[{\"@type\":\"SearchAction\",\"target\":{\"@type\":\"EntryPoint\",\"urlTemplate\":\"https:\\\/\\\/anivet.lt\\\/elparduotuve\\\/?s={search_term_string}\"},\"query-input\":{\"@type\":\"PropertyValueSpecification\",\"valueRequired\":true,\"valueName\":\"search_term_string\"}}],\"inLanguage\":\"lt-LT\"},{\"@type\":\"Organization\",\"@id\":\"https:\\\/\\\/anivet.lt\\\/elparduotuve\\\/#organization\",\"name\":\"Viskas J\u016bs\u0173 \u0161uns, kat\u0117s prie\u017ei\u016brai\",\"url\":\"https:\\\/\\\/anivet.lt\\\/elparduotuve\\\/\",\"logo\":{\"@type\":\"ImageObject\",\"inLanguage\":\"lt-LT\",\"@id\":\"https:\\\/\\\/anivet.lt\\\/elparduotuve\\\/#\\\/schema\\\/logo\\\/image\\\/\",\"url\":\"https:\\\/\\\/anivet.lt\\\/elparduotuve\\\/wp-content\\\/uploads\\\/2023\\\/06\\\/logo2.jpg\",\"contentUrl\":\"https:\\\/\\\/anivet.lt\\\/elparduotuve\\\/wp-content\\\/uploads\\\/2023\\\/06\\\/logo2.jpg\",\"width\":655,\"height\":194,\"caption\":\"Viskas J\u016bs\u0173 \u0161uns, kat\u0117s prie\u017ei\u016brai\"},\"image\":{\"@id\":\"https:\\\/\\\/anivet.lt\\\/elparduotuve\\\/#\\\/schema\\\/logo\\\/image\\\/\"}}]}<\/script>\n<!-- \/ Yoast SEO Premium plugin. -->","yoast_head_json":{"title":"LandFleisch classic konservai \u0161unims su pauk\u0161\u010di\u0173 \u0161irdimis, menke ir dar\u017eov\u0117mis 800g - anivet.lt","description":"LandFleisch Classic su pauk\u0161tienos \u0161irdel\u0117mis, menk\u0117s m\u0117sa ir \u0161vie\u017eiomis dar\u017eov\u0117mis \u2013 pilnavertis dr\u0117gnas pa\u0161aras suaugusiems \u0161unims. Skirtas kasdieniam maitinimui vis\u0173 veisli\u0173 suaugusiems \u0161unims.","robots":{"index":"index","follow":"follow","max-snippet":"max-snippet:-1","max-image-preview":"max-image-preview:large","max-video-preview":"max-video-preview:-1"},"canonical":"https:\/\/anivet.lt\/elparduotuve\/produktas\/landfleisch-classic-konservai-sunims-su-pauksciu-sirdimis-menke-ir-darzovemis-800g\/","og_locale":"lt_LT","og_type":"article","og_title":"LandFleisch classic konservai \u0161unims su pauk\u0161\u010di\u0173 \u0161irdimis, menke ir dar\u017eov\u0117mis 800g","og_description":"LandFleisch Classic su pauk\u0161tienos \u0161irdel\u0117mis, menk\u0117s m\u0117sa ir \u0161vie\u017eiomis dar\u017eov\u0117mis \u2013 pilnavertis dr\u0117gnas pa\u0161aras suaugusiems \u0161unims. Skirtas kasdieniam maitinimui vis\u0173 veisli\u0173 suaugusiems \u0161unims.","og_url":"https:\/\/anivet.lt\/elparduotuve\/produktas\/landfleisch-classic-konservai-sunims-su-pauksciu-sirdimis-menke-ir-darzovemis-800g\/","og_site_name":"anivet.lt","article_modified_time":"2025-09-13T21:17:09+00:00","og_image":[{"width":600,"height":600,"url":"https:\/\/anivet.lt\/elparduotuve\/wp-content\/uploads\/2025\/09\/LandFleisch-classic-konservai-sunims-su-pauksciu-sirdimis-menke-ir-darzovemis-800g.jpg","type":"image\/jpeg"}],"twitter_card":"summary_large_image","twitter_misc":{"Est. reading time":"1 minut\u0117"},"schema":{"@context":"https:\/\/schema.org","@graph":[{"@type":"WebPage","@id":"https:\/\/anivet.lt\/elparduotuve\/produktas\/landfleisch-classic-konservai-sunims-su-pauksciu-sirdimis-menke-ir-darzovemis-800g\/","url":"https:\/\/anivet.lt\/elparduotuve\/produktas\/landfleisch-classic-konservai-sunims-su-pauksciu-sirdimis-menke-ir-darzovemis-800g\/","name":"LandFleisch classic konservai \u0161unims su pauk\u0161\u010di\u0173 \u0161irdimis, menke ir dar\u017eov\u0117mis 800g - anivet.lt","isPartOf":{"@id":"https:\/\/anivet.lt\/elparduotuve\/#website"},"primaryImageOfPage":{"@id":"https:\/\/anivet.lt\/elparduotuve\/produktas\/landfleisch-classic-konservai-sunims-su-pauksciu-sirdimis-menke-ir-darzovemis-800g\/#primaryimage"},"image":{"@id":"https:\/\/anivet.lt\/elparduotuve\/produktas\/landfleisch-classic-konservai-sunims-su-pauksciu-sirdimis-menke-ir-darzovemis-800g\/#primaryimage"},"thumbnailUrl":"https:\/\/anivet.lt\/elparduotuve\/wp-content\/uploads\/2025\/09\/LandFleisch-classic-konservai-sunims-su-pauksciu-sirdimis-menke-ir-darzovemis-800g.jpg","datePublished":"2025-09-13T21:17:08+00:00","dateModified":"2025-09-13T21:17:09+00:00","description":"LandFleisch Classic su pauk\u0161tienos \u0161irdel\u0117mis, menk\u0117s m\u0117sa ir \u0161vie\u017eiomis dar\u017eov\u0117mis \u2013 pilnavertis dr\u0117gnas pa\u0161aras suaugusiems \u0161unims. Skirtas kasdieniam maitinimui vis\u0173 veisli\u0173 suaugusiems \u0161unims.","breadcrumb":{"@id":"https:\/\/anivet.lt\/elparduotuve\/produktas\/landfleisch-classic-konservai-sunims-su-pauksciu-sirdimis-menke-ir-darzovemis-800g\/#breadcrumb"},"inLanguage":"lt-LT","potentialAction":[{"@type":"ReadAction","target":["https:\/\/anivet.lt\/elparduotuve\/produktas\/landfleisch-classic-konservai-sunims-su-pauksciu-sirdimis-menke-ir-darzovemis-800g\/"]}]},{"@type":"ImageObject","inLanguage":"lt-LT","@id":"https:\/\/anivet.lt\/elparduotuve\/produktas\/landfleisch-classic-konservai-sunims-su-pauksciu-sirdimis-menke-ir-darzovemis-800g\/#primaryimage","url":"https:\/\/anivet.lt\/elparduotuve\/wp-content\/uploads\/2025\/09\/LandFleisch-classic-konservai-sunims-su-pauksciu-sirdimis-menke-ir-darzovemis-800g.jpg","contentUrl":"https:\/\/anivet.lt\/elparduotuve\/wp-content\/uploads\/2025\/09\/LandFleisch-classic-konservai-sunims-su-pauksciu-sirdimis-menke-ir-darzovemis-800g.jpg","width":600,"height":600,"caption":"LandFleisch classic konservai \u0161unims su pauk\u0161\u010di\u0173 \u0161irdimis, menke ir dar\u017eov\u0117mis 800g"},{"@type":"BreadcrumbList","@id":"https:\/\/anivet.lt\/elparduotuve\/produktas\/landfleisch-classic-konservai-sunims-su-pauksciu-sirdimis-menke-ir-darzovemis-800g\/#breadcrumb","itemListElement":[{"@type":"ListItem","position":1,"name":"Home","item":"https:\/\/anivet.lt\/elparduotuve\/"},{"@type":"ListItem","position":2,"name":"Produktai","item":"https:\/\/anivet.lt\/elparduotuve\/produktai\/"},{"@type":"ListItem","position":3,"name":"LandFleisch classic konservai \u0161unims su pauk\u0161\u010di\u0173 \u0161irdimis, menke ir dar\u017eov\u0117mis 800g"}]},{"@type":"WebSite","@id":"https:\/\/anivet.lt\/elparduotuve\/#website","url":"https:\/\/anivet.lt\/elparduotuve\/","name":"anivet.lt","description":"Viskas J\u016bs\u0173 \u0161uns, kat\u0117s prie\u017ei\u016brai","publisher":{"@id":"https:\/\/anivet.lt\/elparduotuve\/#organization"},"alternateName":"Viskas J\u016bs\u0173 \u0161uns, kat\u0117s prie\u017ei\u016brai","potentialAction":[{"@type":"SearchAction","target":{"@type":"EntryPoint","urlTemplate":"https:\/\/anivet.lt\/elparduotuve\/?s={search_term_string}"},"query-input":{"@type":"PropertyValueSpecification","valueRequired":true,"valueName":"search_term_string"}}],"inLanguage":"lt-LT"},{"@type":"Organization","@id":"https:\/\/anivet.lt\/elparduotuve\/#organization","name":"Viskas J\u016bs\u0173 \u0161uns, kat\u0117s prie\u017ei\u016brai","url":"https:\/\/anivet.lt\/elparduotuve\/","logo":{"@type":"ImageObject","inLanguage":"lt-LT","@id":"https:\/\/anivet.lt\/elparduotuve\/#\/schema\/logo\/image\/","url":"https:\/\/anivet.lt\/elparduotuve\/wp-content\/uploads\/2023\/06\/logo2.jpg","contentUrl":"https:\/\/anivet.lt\/elparduotuve\/wp-content\/uploads\/2023\/06\/logo2.jpg","width":655,"height":194,"caption":"Viskas J\u016bs\u0173 \u0161uns, kat\u0117s prie\u017ei\u016brai"},"image":{"@id":"https:\/\/anivet.lt\/elparduotuve\/#\/schema\/logo\/image\/"}}]}},"_links":{"self":[{"href":"https:\/\/anivet.lt\/elparduotuve\/wp-json\/wp\/v2\/product\/18853","targetHints":{"allow":["GET"]}}],"collection":[{"href":"https:\/\/anivet.lt\/elparduotuve\/wp-json\/wp\/v2\/product"}],"about":[{"href":"https:\/\/anivet.lt\/elparduotuve\/wp-json\/wp\/v2\/types\/product"}],"wp:featuredmedia":[{"embeddable":true,"href":"https:\/\/anivet.lt\/elparduotuve\/wp-json\/wp\/v2\/media\/18854"}],"wp:attachment":[{"href":"https:\/\/anivet.lt\/elparduotuve\/wp-json\/wp\/v2\/media?parent=18853"}],"wp:term":[{"taxonomy":"product_brand","embeddable":true,"href":"https:\/\/anivet.lt\/elparduotuve\/wp-json\/wp\/v2\/product_brand?post=18853"},{"taxonomy":"product_cat","embeddable":true,"href":"https:\/\/anivet.lt\/elparduotuve\/wp-json\/wp\/v2\/product_cat?post=18853"},{"taxonomy":"product_tag","embeddable":true,"href":"https:\/\/anivet.lt\/elparduotuve\/wp-json\/wp\/v2\/product_tag?post=18853"}],"curies":[{"name":"wp","href":"https:\/\/api.w.org\/{rel}","templated":true}]}}