{"id":19000,"date":"2025-10-22T12:36:32","date_gmt":"2025-10-22T12:36:32","guid":{"rendered":"https:\/\/anivet.lt\/elparduotuve\/?post_type=product&#038;p=19000"},"modified":"2025-10-22T12:36:33","modified_gmt":"2025-10-22T12:36:33","slug":"virbac-dog-g1-digestive-support-wet-konservai-sunims","status":"publish","type":"product","link":"https:\/\/anivet.lt\/elparduotuve\/produktas\/virbac-dog-g1-digestive-support-wet-konservai-sunims\/","title":{"rendered":"Virbac Dog G1 Digestive Support Wet konservai \u0161unims"},"content":{"rendered":"<p><span lang=\"en-US\">\u0160is pa\u0161aras rekomenduojamas esant:<\/span><\/p>\n<ul>\n<li>Vir\u0161kinimo problemoms, kai sutrinka maisto pasisavinimas.<\/li>\n<li>\u016amiems \u017earnyno sutrikimams.<\/li>\n<li>L\u0117tiniam kasos funkcijos nepakankamumui.<\/li>\n<li>Atsistatymo laikotarpiu po lig\u0173 ar badavimo (anoreksijos).<\/li>\n<li>Gr\u012f\u017etant prie \u012fprastos mitybos.<\/li>\n<li>Esant skrand\u017eio, \u017earnyno u\u017edegimams (gastritas, enteritas, kolitas).<\/li>\n<li>Megakolonui.<\/li>\n<li>Po operacij\u0173, susijusi\u0173 su vir\u0161kinimo traktu.<\/li>\n<\/ul>\n<p>Nerekomenduojama naudoti:<\/p>\n<ul>\n<li>Jei \u0161uo serga l\u0117tin\u0117mis inkst\u0173 ligomis (l\u0117tinis inkst\u0173 nepakankamumas).<\/li>\n<\/ul>\n","protected":false},"excerpt":{"rendered":"<p><span lang=\"en-US\">Tai lengvai vir\u0161kinamas konservas, kuriame yra padidintas natrio ir kalio kiekis. Sud\u0117tyje yra daug energijos ir koncentruot\u0173 pagrindini\u0173 maistini\u0173 med\u017eiag\u0173 bei gerai pasisavinam\u0173 ingredient\u0173. Jis skirtas palaikyti \u0161un\u0173 vir\u0161kinimo sistemos veikl\u0105 \u012fvairi\u0173 sutrikim\u0173 metu. <\/span><\/p>\n","protected":false},"featured_media":19001,"template":"","meta":[],"product_brand":[],"product_cat":[101,103,107,337],"product_tag":[],"class_list":{"0":"post-19000","1":"product","2":"type-product","3":"status-publish","4":"has-post-thumbnail","6":"product_cat-sunims","7":"product_cat-sunu-maistas","8":"product_cat-veterinarine-dieta","9":"product_cat-virbac-sunu-maistas","10":"pa_prekinis-zenklas-virbac","12":"first","13":"instock","14":"taxable","15":"shipping-taxable","16":"purchasable","17":"product-type-variable"},"yoast_head":"<!-- This site is optimized with the Yoast SEO Premium plugin v27.1 (Yoast SEO v27.5) - https:\/\/yoast.com\/product\/yoast-seo-premium-wordpress\/ -->\n<title>Virbac Dog G1 Digestive Support Wet konservai \u0161unims - anivet.lt<\/title>\n<meta name=\"description\" content=\"Tai lengvai vir\u0161kinamas konservas, kuriame yra padidintas natrio ir kalio kiekis. Sud\u0117tyje yra daug energijos ir koncentruot\u0173 pagrindini\u0173 maistini\u0173 med\u017eiag\u0173 bei gerai pasisavinam\u0173 ingredient\u0173. Jis skirtas palaikyti \u0161un\u0173 vir\u0161kinimo sistemos veikl\u0105 \u012fvairi\u0173 sutrikim\u0173 metu.\" \/>\n<meta name=\"robots\" content=\"index, follow, max-snippet:-1, max-image-preview:large, max-video-preview:-1\" \/>\n<link rel=\"canonical\" href=\"https:\/\/anivet.lt\/elparduotuve\/produktas\/virbac-dog-g1-digestive-support-wet-konservai-sunims\/\" \/>\n<meta property=\"og:locale\" content=\"lt_LT\" \/>\n<meta property=\"og:type\" content=\"article\" \/>\n<meta property=\"og:title\" content=\"Virbac Dog G1 Digestive Support Wet konservai \u0161unims\" \/>\n<meta property=\"og:description\" content=\"Tai lengvai vir\u0161kinamas konservas, kuriame yra padidintas natrio ir kalio kiekis. Sud\u0117tyje yra daug energijos ir koncentruot\u0173 pagrindini\u0173 maistini\u0173 med\u017eiag\u0173 bei gerai pasisavinam\u0173 ingredient\u0173. Jis skirtas palaikyti \u0161un\u0173 vir\u0161kinimo sistemos veikl\u0105 \u012fvairi\u0173 sutrikim\u0173 metu.\" \/>\n<meta property=\"og:url\" content=\"https:\/\/anivet.lt\/elparduotuve\/produktas\/virbac-dog-g1-digestive-support-wet-konservai-sunims\/\" \/>\n<meta property=\"og:site_name\" content=\"anivet.lt\" \/>\n<meta property=\"article:modified_time\" content=\"2025-10-22T12:36:33+00:00\" \/>\n<meta property=\"og:image\" content=\"https:\/\/anivet.lt\/elparduotuve\/wp-content\/uploads\/2025\/10\/Virbac-Dog-G1-Digestive-Support-Wet-konservai-sunims.jpg\" \/>\n\t<meta property=\"og:image:width\" content=\"650\" \/>\n\t<meta property=\"og:image:height\" content=\"650\" \/>\n\t<meta property=\"og:image:type\" content=\"image\/jpeg\" \/>\n<meta name=\"twitter:card\" content=\"summary_large_image\" \/>\n<meta name=\"twitter:label1\" content=\"Est. reading time\" \/>\n\t<meta name=\"twitter:data1\" content=\"1 minut\u0117\" \/>\n<script type=\"application\/ld+json\" class=\"yoast-schema-graph\">{\"@context\":\"https:\\\/\\\/schema.org\",\"@graph\":[{\"@type\":\"WebPage\",\"@id\":\"https:\\\/\\\/anivet.lt\\\/elparduotuve\\\/produktas\\\/virbac-dog-g1-digestive-support-wet-konservai-sunims\\\/\",\"url\":\"https:\\\/\\\/anivet.lt\\\/elparduotuve\\\/produktas\\\/virbac-dog-g1-digestive-support-wet-konservai-sunims\\\/\",\"name\":\"Virbac Dog G1 Digestive Support Wet konservai \u0161unims - anivet.lt\",\"isPartOf\":{\"@id\":\"https:\\\/\\\/anivet.lt\\\/elparduotuve\\\/#website\"},\"primaryImageOfPage\":{\"@id\":\"https:\\\/\\\/anivet.lt\\\/elparduotuve\\\/produktas\\\/virbac-dog-g1-digestive-support-wet-konservai-sunims\\\/#primaryimage\"},\"image\":{\"@id\":\"https:\\\/\\\/anivet.lt\\\/elparduotuve\\\/produktas\\\/virbac-dog-g1-digestive-support-wet-konservai-sunims\\\/#primaryimage\"},\"thumbnailUrl\":\"https:\\\/\\\/anivet.lt\\\/elparduotuve\\\/wp-content\\\/uploads\\\/2025\\\/10\\\/Virbac-Dog-G1-Digestive-Support-Wet-konservai-sunims.jpg\",\"datePublished\":\"2025-10-22T12:36:32+00:00\",\"dateModified\":\"2025-10-22T12:36:33+00:00\",\"description\":\"Tai lengvai vir\u0161kinamas konservas, kuriame yra padidintas natrio ir kalio kiekis. Sud\u0117tyje yra daug energijos ir koncentruot\u0173 pagrindini\u0173 maistini\u0173 med\u017eiag\u0173 bei gerai pasisavinam\u0173 ingredient\u0173. Jis skirtas palaikyti \u0161un\u0173 vir\u0161kinimo sistemos veikl\u0105 \u012fvairi\u0173 sutrikim\u0173 metu.\",\"breadcrumb\":{\"@id\":\"https:\\\/\\\/anivet.lt\\\/elparduotuve\\\/produktas\\\/virbac-dog-g1-digestive-support-wet-konservai-sunims\\\/#breadcrumb\"},\"inLanguage\":\"lt-LT\",\"potentialAction\":[{\"@type\":\"ReadAction\",\"target\":[\"https:\\\/\\\/anivet.lt\\\/elparduotuve\\\/produktas\\\/virbac-dog-g1-digestive-support-wet-konservai-sunims\\\/\"]}]},{\"@type\":\"ImageObject\",\"inLanguage\":\"lt-LT\",\"@id\":\"https:\\\/\\\/anivet.lt\\\/elparduotuve\\\/produktas\\\/virbac-dog-g1-digestive-support-wet-konservai-sunims\\\/#primaryimage\",\"url\":\"https:\\\/\\\/anivet.lt\\\/elparduotuve\\\/wp-content\\\/uploads\\\/2025\\\/10\\\/Virbac-Dog-G1-Digestive-Support-Wet-konservai-sunims.jpg\",\"contentUrl\":\"https:\\\/\\\/anivet.lt\\\/elparduotuve\\\/wp-content\\\/uploads\\\/2025\\\/10\\\/Virbac-Dog-G1-Digestive-Support-Wet-konservai-sunims.jpg\",\"width\":650,\"height\":650,\"caption\":\"Virbac Dog G1 Digestive Support Wet konservai \u0161unims\"},{\"@type\":\"BreadcrumbList\",\"@id\":\"https:\\\/\\\/anivet.lt\\\/elparduotuve\\\/produktas\\\/virbac-dog-g1-digestive-support-wet-konservai-sunims\\\/#breadcrumb\",\"itemListElement\":[{\"@type\":\"ListItem\",\"position\":1,\"name\":\"Home\",\"item\":\"https:\\\/\\\/anivet.lt\\\/elparduotuve\\\/\"},{\"@type\":\"ListItem\",\"position\":2,\"name\":\"Produktai\",\"item\":\"https:\\\/\\\/anivet.lt\\\/elparduotuve\\\/produktai\\\/\"},{\"@type\":\"ListItem\",\"position\":3,\"name\":\"Virbac Dog G1 Digestive Support Wet konservai \u0161unims\"}]},{\"@type\":\"WebSite\",\"@id\":\"https:\\\/\\\/anivet.lt\\\/elparduotuve\\\/#website\",\"url\":\"https:\\\/\\\/anivet.lt\\\/elparduotuve\\\/\",\"name\":\"anivet.lt\",\"description\":\"Viskas J\u016bs\u0173 \u0161uns, kat\u0117s prie\u017ei\u016brai\",\"publisher\":{\"@id\":\"https:\\\/\\\/anivet.lt\\\/elparduotuve\\\/#organization\"},\"alternateName\":\"Viskas J\u016bs\u0173 \u0161uns, kat\u0117s prie\u017ei\u016brai\",\"potentialAction\":[{\"@type\":\"SearchAction\",\"target\":{\"@type\":\"EntryPoint\",\"urlTemplate\":\"https:\\\/\\\/anivet.lt\\\/elparduotuve\\\/?s={search_term_string}\"},\"query-input\":{\"@type\":\"PropertyValueSpecification\",\"valueRequired\":true,\"valueName\":\"search_term_string\"}}],\"inLanguage\":\"lt-LT\"},{\"@type\":\"Organization\",\"@id\":\"https:\\\/\\\/anivet.lt\\\/elparduotuve\\\/#organization\",\"name\":\"Viskas J\u016bs\u0173 \u0161uns, kat\u0117s prie\u017ei\u016brai\",\"url\":\"https:\\\/\\\/anivet.lt\\\/elparduotuve\\\/\",\"logo\":{\"@type\":\"ImageObject\",\"inLanguage\":\"lt-LT\",\"@id\":\"https:\\\/\\\/anivet.lt\\\/elparduotuve\\\/#\\\/schema\\\/logo\\\/image\\\/\",\"url\":\"https:\\\/\\\/anivet.lt\\\/elparduotuve\\\/wp-content\\\/uploads\\\/2023\\\/06\\\/logo2.jpg\",\"contentUrl\":\"https:\\\/\\\/anivet.lt\\\/elparduotuve\\\/wp-content\\\/uploads\\\/2023\\\/06\\\/logo2.jpg\",\"width\":655,\"height\":194,\"caption\":\"Viskas J\u016bs\u0173 \u0161uns, kat\u0117s prie\u017ei\u016brai\"},\"image\":{\"@id\":\"https:\\\/\\\/anivet.lt\\\/elparduotuve\\\/#\\\/schema\\\/logo\\\/image\\\/\"}}]}<\/script>\n<!-- \/ Yoast SEO Premium plugin. -->","yoast_head_json":{"title":"Virbac Dog G1 Digestive Support Wet konservai \u0161unims - anivet.lt","description":"Tai lengvai vir\u0161kinamas konservas, kuriame yra padidintas natrio ir kalio kiekis. Sud\u0117tyje yra daug energijos ir koncentruot\u0173 pagrindini\u0173 maistini\u0173 med\u017eiag\u0173 bei gerai pasisavinam\u0173 ingredient\u0173. Jis skirtas palaikyti \u0161un\u0173 vir\u0161kinimo sistemos veikl\u0105 \u012fvairi\u0173 sutrikim\u0173 metu.","robots":{"index":"index","follow":"follow","max-snippet":"max-snippet:-1","max-image-preview":"max-image-preview:large","max-video-preview":"max-video-preview:-1"},"canonical":"https:\/\/anivet.lt\/elparduotuve\/produktas\/virbac-dog-g1-digestive-support-wet-konservai-sunims\/","og_locale":"lt_LT","og_type":"article","og_title":"Virbac Dog G1 Digestive Support Wet konservai \u0161unims","og_description":"Tai lengvai vir\u0161kinamas konservas, kuriame yra padidintas natrio ir kalio kiekis. Sud\u0117tyje yra daug energijos ir koncentruot\u0173 pagrindini\u0173 maistini\u0173 med\u017eiag\u0173 bei gerai pasisavinam\u0173 ingredient\u0173. Jis skirtas palaikyti \u0161un\u0173 vir\u0161kinimo sistemos veikl\u0105 \u012fvairi\u0173 sutrikim\u0173 metu.","og_url":"https:\/\/anivet.lt\/elparduotuve\/produktas\/virbac-dog-g1-digestive-support-wet-konservai-sunims\/","og_site_name":"anivet.lt","article_modified_time":"2025-10-22T12:36:33+00:00","og_image":[{"width":650,"height":650,"url":"https:\/\/anivet.lt\/elparduotuve\/wp-content\/uploads\/2025\/10\/Virbac-Dog-G1-Digestive-Support-Wet-konservai-sunims.jpg","type":"image\/jpeg"}],"twitter_card":"summary_large_image","twitter_misc":{"Est. reading time":"1 minut\u0117"},"schema":{"@context":"https:\/\/schema.org","@graph":[{"@type":"WebPage","@id":"https:\/\/anivet.lt\/elparduotuve\/produktas\/virbac-dog-g1-digestive-support-wet-konservai-sunims\/","url":"https:\/\/anivet.lt\/elparduotuve\/produktas\/virbac-dog-g1-digestive-support-wet-konservai-sunims\/","name":"Virbac Dog G1 Digestive Support Wet konservai \u0161unims - anivet.lt","isPartOf":{"@id":"https:\/\/anivet.lt\/elparduotuve\/#website"},"primaryImageOfPage":{"@id":"https:\/\/anivet.lt\/elparduotuve\/produktas\/virbac-dog-g1-digestive-support-wet-konservai-sunims\/#primaryimage"},"image":{"@id":"https:\/\/anivet.lt\/elparduotuve\/produktas\/virbac-dog-g1-digestive-support-wet-konservai-sunims\/#primaryimage"},"thumbnailUrl":"https:\/\/anivet.lt\/elparduotuve\/wp-content\/uploads\/2025\/10\/Virbac-Dog-G1-Digestive-Support-Wet-konservai-sunims.jpg","datePublished":"2025-10-22T12:36:32+00:00","dateModified":"2025-10-22T12:36:33+00:00","description":"Tai lengvai vir\u0161kinamas konservas, kuriame yra padidintas natrio ir kalio kiekis. Sud\u0117tyje yra daug energijos ir koncentruot\u0173 pagrindini\u0173 maistini\u0173 med\u017eiag\u0173 bei gerai pasisavinam\u0173 ingredient\u0173. Jis skirtas palaikyti \u0161un\u0173 vir\u0161kinimo sistemos veikl\u0105 \u012fvairi\u0173 sutrikim\u0173 metu.","breadcrumb":{"@id":"https:\/\/anivet.lt\/elparduotuve\/produktas\/virbac-dog-g1-digestive-support-wet-konservai-sunims\/#breadcrumb"},"inLanguage":"lt-LT","potentialAction":[{"@type":"ReadAction","target":["https:\/\/anivet.lt\/elparduotuve\/produktas\/virbac-dog-g1-digestive-support-wet-konservai-sunims\/"]}]},{"@type":"ImageObject","inLanguage":"lt-LT","@id":"https:\/\/anivet.lt\/elparduotuve\/produktas\/virbac-dog-g1-digestive-support-wet-konservai-sunims\/#primaryimage","url":"https:\/\/anivet.lt\/elparduotuve\/wp-content\/uploads\/2025\/10\/Virbac-Dog-G1-Digestive-Support-Wet-konservai-sunims.jpg","contentUrl":"https:\/\/anivet.lt\/elparduotuve\/wp-content\/uploads\/2025\/10\/Virbac-Dog-G1-Digestive-Support-Wet-konservai-sunims.jpg","width":650,"height":650,"caption":"Virbac Dog G1 Digestive Support Wet konservai \u0161unims"},{"@type":"BreadcrumbList","@id":"https:\/\/anivet.lt\/elparduotuve\/produktas\/virbac-dog-g1-digestive-support-wet-konservai-sunims\/#breadcrumb","itemListElement":[{"@type":"ListItem","position":1,"name":"Home","item":"https:\/\/anivet.lt\/elparduotuve\/"},{"@type":"ListItem","position":2,"name":"Produktai","item":"https:\/\/anivet.lt\/elparduotuve\/produktai\/"},{"@type":"ListItem","position":3,"name":"Virbac Dog G1 Digestive Support Wet konservai \u0161unims"}]},{"@type":"WebSite","@id":"https:\/\/anivet.lt\/elparduotuve\/#website","url":"https:\/\/anivet.lt\/elparduotuve\/","name":"anivet.lt","description":"Viskas J\u016bs\u0173 \u0161uns, kat\u0117s prie\u017ei\u016brai","publisher":{"@id":"https:\/\/anivet.lt\/elparduotuve\/#organization"},"alternateName":"Viskas J\u016bs\u0173 \u0161uns, kat\u0117s prie\u017ei\u016brai","potentialAction":[{"@type":"SearchAction","target":{"@type":"EntryPoint","urlTemplate":"https:\/\/anivet.lt\/elparduotuve\/?s={search_term_string}"},"query-input":{"@type":"PropertyValueSpecification","valueRequired":true,"valueName":"search_term_string"}}],"inLanguage":"lt-LT"},{"@type":"Organization","@id":"https:\/\/anivet.lt\/elparduotuve\/#organization","name":"Viskas J\u016bs\u0173 \u0161uns, kat\u0117s prie\u017ei\u016brai","url":"https:\/\/anivet.lt\/elparduotuve\/","logo":{"@type":"ImageObject","inLanguage":"lt-LT","@id":"https:\/\/anivet.lt\/elparduotuve\/#\/schema\/logo\/image\/","url":"https:\/\/anivet.lt\/elparduotuve\/wp-content\/uploads\/2023\/06\/logo2.jpg","contentUrl":"https:\/\/anivet.lt\/elparduotuve\/wp-content\/uploads\/2023\/06\/logo2.jpg","width":655,"height":194,"caption":"Viskas J\u016bs\u0173 \u0161uns, kat\u0117s prie\u017ei\u016brai"},"image":{"@id":"https:\/\/anivet.lt\/elparduotuve\/#\/schema\/logo\/image\/"}}]}},"_links":{"self":[{"href":"https:\/\/anivet.lt\/elparduotuve\/wp-json\/wp\/v2\/product\/19000","targetHints":{"allow":["GET"]}}],"collection":[{"href":"https:\/\/anivet.lt\/elparduotuve\/wp-json\/wp\/v2\/product"}],"about":[{"href":"https:\/\/anivet.lt\/elparduotuve\/wp-json\/wp\/v2\/types\/product"}],"wp:featuredmedia":[{"embeddable":true,"href":"https:\/\/anivet.lt\/elparduotuve\/wp-json\/wp\/v2\/media\/19001"}],"wp:attachment":[{"href":"https:\/\/anivet.lt\/elparduotuve\/wp-json\/wp\/v2\/media?parent=19000"}],"wp:term":[{"taxonomy":"product_brand","embeddable":true,"href":"https:\/\/anivet.lt\/elparduotuve\/wp-json\/wp\/v2\/product_brand?post=19000"},{"taxonomy":"product_cat","embeddable":true,"href":"https:\/\/anivet.lt\/elparduotuve\/wp-json\/wp\/v2\/product_cat?post=19000"},{"taxonomy":"product_tag","embeddable":true,"href":"https:\/\/anivet.lt\/elparduotuve\/wp-json\/wp\/v2\/product_tag?post=19000"}],"curies":[{"name":"wp","href":"https:\/\/api.w.org\/{rel}","templated":true}]}}