{"id":19017,"date":"2025-10-22T21:13:58","date_gmt":"2025-10-22T21:13:58","guid":{"rendered":"https:\/\/anivet.lt\/elparduotuve\/?post_type=product&#038;p=19017"},"modified":"2026-03-05T13:32:24","modified_gmt":"2026-03-05T13:32:24","slug":"platinum-stars-iberico-skanestai-sunims-185g","status":"publish","type":"product","link":"https:\/\/anivet.lt\/elparduotuve\/produktas\/platinum-stars-iberico-skanestai-sunims-185g\/","title":{"rendered":"Platinum Stars Iberico skan\u0117stai \u0161unims 185g"},"content":{"rendered":"<ul>\n<li><span lang=\"en-US\">Pagaminti i\u0161 100 % \u0161vie\u017eios Iberico kiaulienos.<\/span><\/li>\n<li><span lang=\"en-US\">Mink\u0161ti, sultingi gabal\u0117liai \u2013 puikiai tinka kramtymui.<\/span><\/li>\n<li><span lang=\"en-US\">Itin gard\u016bs \u2013 \u0161unys juos dievina!<\/span><\/li>\n<li><span lang=\"en-US\">Sud\u0117tyje n\u0117ra gr\u016bd\u0173 ar prid\u0117tinio cukraus.<\/span><\/li>\n<li>Tik vienas baltym\u0173 \u0161altinis \u2013 tinka alergi\u0161kiems \u0161unims.<\/li>\n<\/ul>\n","protected":false},"excerpt":{"rendered":"<p><span lang=\"en-US\">\u0160ie skan\u0117stai pagaminti i\u0161 \u0161vie\u017eios Iberico kiaulienos ir sukurti naudojant unikali\u0105 FSG technologij\u0105, kuri i\u0161saugo nat\u016bral\u0173 skon\u012f bei maistin\u0119 vert\u0119. Iberico m\u0117sa \u2013 tai naujas, auk\u0161tos kokyb\u0117s baltym\u0173 \u0161altinis, ypa\u010d tinkamas jautresn\u0117s mitybos \u0161unims, nes yra lengvai vir\u0161kinama ir puikiai \u012fsisavinama. <\/span><\/p>\n","protected":false},"featured_media":19018,"template":"","meta":[],"product_brand":[],"product_cat":[101,103,106,319],"product_tag":[],"class_list":{"0":"post-19017","1":"product","2":"type-product","3":"status-publish","4":"has-post-thumbnail","6":"product_cat-sunims","7":"product_cat-sunu-maistas","8":"product_cat-skanestai","9":"product_cat-platinum-sunu-maistas","10":"pa_prekinis-zenklas-platinum","12":"first","13":"instock","14":"sale","15":"taxable","16":"shipping-taxable","17":"purchasable","18":"product-type-simple"},"yoast_head":"<!-- This site is optimized with the Yoast SEO Premium plugin v27.1 (Yoast SEO v27.5) - https:\/\/yoast.com\/product\/yoast-seo-premium-wordpress\/ -->\n<title>Platinum Stars Iberico skan\u0117stai \u0161unims 185g - anivet.lt<\/title>\n<meta name=\"description\" content=\"\u0160ie skan\u0117stai pagaminti i\u0161 \u0161vie\u017eios Iberico kiaulienos ir sukurti naudojant unikali\u0105 FSG technologij\u0105, kuri i\u0161saugo nat\u016bral\u0173 skon\u012f bei maistin\u0119 vert\u0119. Iberico m\u0117sa \u2013 tai naujas, auk\u0161tos kokyb\u0117s baltym\u0173 \u0161altinis, ypa\u010d tinkamas jautresn\u0117s mitybos \u0161unims, nes yra lengvai vir\u0161kinama ir puikiai \u012fsisavinama.\" \/>\n<meta name=\"robots\" content=\"index, follow, max-snippet:-1, max-image-preview:large, max-video-preview:-1\" \/>\n<link rel=\"canonical\" href=\"https:\/\/anivet.lt\/elparduotuve\/produktas\/platinum-stars-iberico-skanestai-sunims-185g\/\" \/>\n<meta property=\"og:locale\" content=\"lt_LT\" \/>\n<meta property=\"og:type\" content=\"article\" \/>\n<meta property=\"og:title\" content=\"Platinum Stars Iberico skan\u0117stai \u0161unims 185g\" \/>\n<meta property=\"og:description\" content=\"\u0160ie skan\u0117stai pagaminti i\u0161 \u0161vie\u017eios Iberico kiaulienos ir sukurti naudojant unikali\u0105 FSG technologij\u0105, kuri i\u0161saugo nat\u016bral\u0173 skon\u012f bei maistin\u0119 vert\u0119. Iberico m\u0117sa \u2013 tai naujas, auk\u0161tos kokyb\u0117s baltym\u0173 \u0161altinis, ypa\u010d tinkamas jautresn\u0117s mitybos \u0161unims, nes yra lengvai vir\u0161kinama ir puikiai \u012fsisavinama.\" \/>\n<meta property=\"og:url\" content=\"https:\/\/anivet.lt\/elparduotuve\/produktas\/platinum-stars-iberico-skanestai-sunims-185g\/\" \/>\n<meta property=\"og:site_name\" content=\"anivet.lt\" \/>\n<meta property=\"article:modified_time\" content=\"2026-03-05T13:32:24+00:00\" \/>\n<meta property=\"og:image\" content=\"https:\/\/anivet.lt\/elparduotuve\/wp-content\/uploads\/2025\/10\/Platinum-Stars-Iberico-skanestai-sunims-185g.jpg\" \/>\n\t<meta property=\"og:image:width\" content=\"400\" \/>\n\t<meta property=\"og:image:height\" content=\"689\" \/>\n\t<meta property=\"og:image:type\" content=\"image\/jpeg\" \/>\n<meta name=\"twitter:card\" content=\"summary_large_image\" \/>\n<meta name=\"twitter:label1\" content=\"Est. reading time\" \/>\n\t<meta name=\"twitter:data1\" content=\"1 minut\u0117\" \/>\n<script type=\"application\/ld+json\" class=\"yoast-schema-graph\">{\"@context\":\"https:\\\/\\\/schema.org\",\"@graph\":[{\"@type\":\"WebPage\",\"@id\":\"https:\\\/\\\/anivet.lt\\\/elparduotuve\\\/produktas\\\/platinum-stars-iberico-skanestai-sunims-185g\\\/\",\"url\":\"https:\\\/\\\/anivet.lt\\\/elparduotuve\\\/produktas\\\/platinum-stars-iberico-skanestai-sunims-185g\\\/\",\"name\":\"Platinum Stars Iberico skan\u0117stai \u0161unims 185g - anivet.lt\",\"isPartOf\":{\"@id\":\"https:\\\/\\\/anivet.lt\\\/elparduotuve\\\/#website\"},\"primaryImageOfPage\":{\"@id\":\"https:\\\/\\\/anivet.lt\\\/elparduotuve\\\/produktas\\\/platinum-stars-iberico-skanestai-sunims-185g\\\/#primaryimage\"},\"image\":{\"@id\":\"https:\\\/\\\/anivet.lt\\\/elparduotuve\\\/produktas\\\/platinum-stars-iberico-skanestai-sunims-185g\\\/#primaryimage\"},\"thumbnailUrl\":\"https:\\\/\\\/anivet.lt\\\/elparduotuve\\\/wp-content\\\/uploads\\\/2025\\\/10\\\/Platinum-Stars-Iberico-skanestai-sunims-185g.jpg\",\"datePublished\":\"2025-10-22T21:13:58+00:00\",\"dateModified\":\"2026-03-05T13:32:24+00:00\",\"description\":\"\u0160ie skan\u0117stai pagaminti i\u0161 \u0161vie\u017eios Iberico kiaulienos ir sukurti naudojant unikali\u0105 FSG technologij\u0105, kuri i\u0161saugo nat\u016bral\u0173 skon\u012f bei maistin\u0119 vert\u0119. Iberico m\u0117sa \u2013 tai naujas, auk\u0161tos kokyb\u0117s baltym\u0173 \u0161altinis, ypa\u010d tinkamas jautresn\u0117s mitybos \u0161unims, nes yra lengvai vir\u0161kinama ir puikiai \u012fsisavinama.\",\"breadcrumb\":{\"@id\":\"https:\\\/\\\/anivet.lt\\\/elparduotuve\\\/produktas\\\/platinum-stars-iberico-skanestai-sunims-185g\\\/#breadcrumb\"},\"inLanguage\":\"lt-LT\",\"potentialAction\":[{\"@type\":\"ReadAction\",\"target\":[\"https:\\\/\\\/anivet.lt\\\/elparduotuve\\\/produktas\\\/platinum-stars-iberico-skanestai-sunims-185g\\\/\"]}]},{\"@type\":\"ImageObject\",\"inLanguage\":\"lt-LT\",\"@id\":\"https:\\\/\\\/anivet.lt\\\/elparduotuve\\\/produktas\\\/platinum-stars-iberico-skanestai-sunims-185g\\\/#primaryimage\",\"url\":\"https:\\\/\\\/anivet.lt\\\/elparduotuve\\\/wp-content\\\/uploads\\\/2025\\\/10\\\/Platinum-Stars-Iberico-skanestai-sunims-185g.jpg\",\"contentUrl\":\"https:\\\/\\\/anivet.lt\\\/elparduotuve\\\/wp-content\\\/uploads\\\/2025\\\/10\\\/Platinum-Stars-Iberico-skanestai-sunims-185g.jpg\",\"width\":400,\"height\":689,\"caption\":\"Platinum Stars Iberico skan\u0117stai \u0161unims 185g\"},{\"@type\":\"BreadcrumbList\",\"@id\":\"https:\\\/\\\/anivet.lt\\\/elparduotuve\\\/produktas\\\/platinum-stars-iberico-skanestai-sunims-185g\\\/#breadcrumb\",\"itemListElement\":[{\"@type\":\"ListItem\",\"position\":1,\"name\":\"Home\",\"item\":\"https:\\\/\\\/anivet.lt\\\/elparduotuve\\\/\"},{\"@type\":\"ListItem\",\"position\":2,\"name\":\"Produktai\",\"item\":\"https:\\\/\\\/anivet.lt\\\/elparduotuve\\\/produktai\\\/\"},{\"@type\":\"ListItem\",\"position\":3,\"name\":\"Platinum Stars Iberico skan\u0117stai \u0161unims 185g\"}]},{\"@type\":\"WebSite\",\"@id\":\"https:\\\/\\\/anivet.lt\\\/elparduotuve\\\/#website\",\"url\":\"https:\\\/\\\/anivet.lt\\\/elparduotuve\\\/\",\"name\":\"anivet.lt\",\"description\":\"Viskas J\u016bs\u0173 \u0161uns, kat\u0117s prie\u017ei\u016brai\",\"publisher\":{\"@id\":\"https:\\\/\\\/anivet.lt\\\/elparduotuve\\\/#organization\"},\"alternateName\":\"Viskas J\u016bs\u0173 \u0161uns, kat\u0117s prie\u017ei\u016brai\",\"potentialAction\":[{\"@type\":\"SearchAction\",\"target\":{\"@type\":\"EntryPoint\",\"urlTemplate\":\"https:\\\/\\\/anivet.lt\\\/elparduotuve\\\/?s={search_term_string}\"},\"query-input\":{\"@type\":\"PropertyValueSpecification\",\"valueRequired\":true,\"valueName\":\"search_term_string\"}}],\"inLanguage\":\"lt-LT\"},{\"@type\":\"Organization\",\"@id\":\"https:\\\/\\\/anivet.lt\\\/elparduotuve\\\/#organization\",\"name\":\"Viskas J\u016bs\u0173 \u0161uns, kat\u0117s prie\u017ei\u016brai\",\"url\":\"https:\\\/\\\/anivet.lt\\\/elparduotuve\\\/\",\"logo\":{\"@type\":\"ImageObject\",\"inLanguage\":\"lt-LT\",\"@id\":\"https:\\\/\\\/anivet.lt\\\/elparduotuve\\\/#\\\/schema\\\/logo\\\/image\\\/\",\"url\":\"https:\\\/\\\/anivet.lt\\\/elparduotuve\\\/wp-content\\\/uploads\\\/2023\\\/06\\\/logo2.jpg\",\"contentUrl\":\"https:\\\/\\\/anivet.lt\\\/elparduotuve\\\/wp-content\\\/uploads\\\/2023\\\/06\\\/logo2.jpg\",\"width\":655,\"height\":194,\"caption\":\"Viskas J\u016bs\u0173 \u0161uns, kat\u0117s prie\u017ei\u016brai\"},\"image\":{\"@id\":\"https:\\\/\\\/anivet.lt\\\/elparduotuve\\\/#\\\/schema\\\/logo\\\/image\\\/\"}}]}<\/script>\n<!-- \/ Yoast SEO Premium plugin. -->","yoast_head_json":{"title":"Platinum Stars Iberico skan\u0117stai \u0161unims 185g - anivet.lt","description":"\u0160ie skan\u0117stai pagaminti i\u0161 \u0161vie\u017eios Iberico kiaulienos ir sukurti naudojant unikali\u0105 FSG technologij\u0105, kuri i\u0161saugo nat\u016bral\u0173 skon\u012f bei maistin\u0119 vert\u0119. Iberico m\u0117sa \u2013 tai naujas, auk\u0161tos kokyb\u0117s baltym\u0173 \u0161altinis, ypa\u010d tinkamas jautresn\u0117s mitybos \u0161unims, nes yra lengvai vir\u0161kinama ir puikiai \u012fsisavinama.","robots":{"index":"index","follow":"follow","max-snippet":"max-snippet:-1","max-image-preview":"max-image-preview:large","max-video-preview":"max-video-preview:-1"},"canonical":"https:\/\/anivet.lt\/elparduotuve\/produktas\/platinum-stars-iberico-skanestai-sunims-185g\/","og_locale":"lt_LT","og_type":"article","og_title":"Platinum Stars Iberico skan\u0117stai \u0161unims 185g","og_description":"\u0160ie skan\u0117stai pagaminti i\u0161 \u0161vie\u017eios Iberico kiaulienos ir sukurti naudojant unikali\u0105 FSG technologij\u0105, kuri i\u0161saugo nat\u016bral\u0173 skon\u012f bei maistin\u0119 vert\u0119. Iberico m\u0117sa \u2013 tai naujas, auk\u0161tos kokyb\u0117s baltym\u0173 \u0161altinis, ypa\u010d tinkamas jautresn\u0117s mitybos \u0161unims, nes yra lengvai vir\u0161kinama ir puikiai \u012fsisavinama.","og_url":"https:\/\/anivet.lt\/elparduotuve\/produktas\/platinum-stars-iberico-skanestai-sunims-185g\/","og_site_name":"anivet.lt","article_modified_time":"2026-03-05T13:32:24+00:00","og_image":[{"width":400,"height":689,"url":"https:\/\/anivet.lt\/elparduotuve\/wp-content\/uploads\/2025\/10\/Platinum-Stars-Iberico-skanestai-sunims-185g.jpg","type":"image\/jpeg"}],"twitter_card":"summary_large_image","twitter_misc":{"Est. reading time":"1 minut\u0117"},"schema":{"@context":"https:\/\/schema.org","@graph":[{"@type":"WebPage","@id":"https:\/\/anivet.lt\/elparduotuve\/produktas\/platinum-stars-iberico-skanestai-sunims-185g\/","url":"https:\/\/anivet.lt\/elparduotuve\/produktas\/platinum-stars-iberico-skanestai-sunims-185g\/","name":"Platinum Stars Iberico skan\u0117stai \u0161unims 185g - anivet.lt","isPartOf":{"@id":"https:\/\/anivet.lt\/elparduotuve\/#website"},"primaryImageOfPage":{"@id":"https:\/\/anivet.lt\/elparduotuve\/produktas\/platinum-stars-iberico-skanestai-sunims-185g\/#primaryimage"},"image":{"@id":"https:\/\/anivet.lt\/elparduotuve\/produktas\/platinum-stars-iberico-skanestai-sunims-185g\/#primaryimage"},"thumbnailUrl":"https:\/\/anivet.lt\/elparduotuve\/wp-content\/uploads\/2025\/10\/Platinum-Stars-Iberico-skanestai-sunims-185g.jpg","datePublished":"2025-10-22T21:13:58+00:00","dateModified":"2026-03-05T13:32:24+00:00","description":"\u0160ie skan\u0117stai pagaminti i\u0161 \u0161vie\u017eios Iberico kiaulienos ir sukurti naudojant unikali\u0105 FSG technologij\u0105, kuri i\u0161saugo nat\u016bral\u0173 skon\u012f bei maistin\u0119 vert\u0119. Iberico m\u0117sa \u2013 tai naujas, auk\u0161tos kokyb\u0117s baltym\u0173 \u0161altinis, ypa\u010d tinkamas jautresn\u0117s mitybos \u0161unims, nes yra lengvai vir\u0161kinama ir puikiai \u012fsisavinama.","breadcrumb":{"@id":"https:\/\/anivet.lt\/elparduotuve\/produktas\/platinum-stars-iberico-skanestai-sunims-185g\/#breadcrumb"},"inLanguage":"lt-LT","potentialAction":[{"@type":"ReadAction","target":["https:\/\/anivet.lt\/elparduotuve\/produktas\/platinum-stars-iberico-skanestai-sunims-185g\/"]}]},{"@type":"ImageObject","inLanguage":"lt-LT","@id":"https:\/\/anivet.lt\/elparduotuve\/produktas\/platinum-stars-iberico-skanestai-sunims-185g\/#primaryimage","url":"https:\/\/anivet.lt\/elparduotuve\/wp-content\/uploads\/2025\/10\/Platinum-Stars-Iberico-skanestai-sunims-185g.jpg","contentUrl":"https:\/\/anivet.lt\/elparduotuve\/wp-content\/uploads\/2025\/10\/Platinum-Stars-Iberico-skanestai-sunims-185g.jpg","width":400,"height":689,"caption":"Platinum Stars Iberico skan\u0117stai \u0161unims 185g"},{"@type":"BreadcrumbList","@id":"https:\/\/anivet.lt\/elparduotuve\/produktas\/platinum-stars-iberico-skanestai-sunims-185g\/#breadcrumb","itemListElement":[{"@type":"ListItem","position":1,"name":"Home","item":"https:\/\/anivet.lt\/elparduotuve\/"},{"@type":"ListItem","position":2,"name":"Produktai","item":"https:\/\/anivet.lt\/elparduotuve\/produktai\/"},{"@type":"ListItem","position":3,"name":"Platinum Stars Iberico skan\u0117stai \u0161unims 185g"}]},{"@type":"WebSite","@id":"https:\/\/anivet.lt\/elparduotuve\/#website","url":"https:\/\/anivet.lt\/elparduotuve\/","name":"anivet.lt","description":"Viskas J\u016bs\u0173 \u0161uns, kat\u0117s prie\u017ei\u016brai","publisher":{"@id":"https:\/\/anivet.lt\/elparduotuve\/#organization"},"alternateName":"Viskas J\u016bs\u0173 \u0161uns, kat\u0117s prie\u017ei\u016brai","potentialAction":[{"@type":"SearchAction","target":{"@type":"EntryPoint","urlTemplate":"https:\/\/anivet.lt\/elparduotuve\/?s={search_term_string}"},"query-input":{"@type":"PropertyValueSpecification","valueRequired":true,"valueName":"search_term_string"}}],"inLanguage":"lt-LT"},{"@type":"Organization","@id":"https:\/\/anivet.lt\/elparduotuve\/#organization","name":"Viskas J\u016bs\u0173 \u0161uns, kat\u0117s prie\u017ei\u016brai","url":"https:\/\/anivet.lt\/elparduotuve\/","logo":{"@type":"ImageObject","inLanguage":"lt-LT","@id":"https:\/\/anivet.lt\/elparduotuve\/#\/schema\/logo\/image\/","url":"https:\/\/anivet.lt\/elparduotuve\/wp-content\/uploads\/2023\/06\/logo2.jpg","contentUrl":"https:\/\/anivet.lt\/elparduotuve\/wp-content\/uploads\/2023\/06\/logo2.jpg","width":655,"height":194,"caption":"Viskas J\u016bs\u0173 \u0161uns, kat\u0117s prie\u017ei\u016brai"},"image":{"@id":"https:\/\/anivet.lt\/elparduotuve\/#\/schema\/logo\/image\/"}}]}},"_links":{"self":[{"href":"https:\/\/anivet.lt\/elparduotuve\/wp-json\/wp\/v2\/product\/19017","targetHints":{"allow":["GET"]}}],"collection":[{"href":"https:\/\/anivet.lt\/elparduotuve\/wp-json\/wp\/v2\/product"}],"about":[{"href":"https:\/\/anivet.lt\/elparduotuve\/wp-json\/wp\/v2\/types\/product"}],"wp:featuredmedia":[{"embeddable":true,"href":"https:\/\/anivet.lt\/elparduotuve\/wp-json\/wp\/v2\/media\/19018"}],"wp:attachment":[{"href":"https:\/\/anivet.lt\/elparduotuve\/wp-json\/wp\/v2\/media?parent=19017"}],"wp:term":[{"taxonomy":"product_brand","embeddable":true,"href":"https:\/\/anivet.lt\/elparduotuve\/wp-json\/wp\/v2\/product_brand?post=19017"},{"taxonomy":"product_cat","embeddable":true,"href":"https:\/\/anivet.lt\/elparduotuve\/wp-json\/wp\/v2\/product_cat?post=19017"},{"taxonomy":"product_tag","embeddable":true,"href":"https:\/\/anivet.lt\/elparduotuve\/wp-json\/wp\/v2\/product_tag?post=19017"}],"curies":[{"name":"wp","href":"https:\/\/api.w.org\/{rel}","templated":true}]}}