{"id":19021,"date":"2025-10-22T21:35:05","date_gmt":"2025-10-22T21:35:05","guid":{"rendered":"https:\/\/anivet.lt\/elparduotuve\/?post_type=product&#038;p=19021"},"modified":"2026-05-14T09:34:16","modified_gmt":"2026-05-14T09:34:16","slug":"platinum-stars-turkey-skanestai-sunims-185g","status":"publish","type":"product","link":"https:\/\/anivet.lt\/elparduotuve\/produktas\/platinum-stars-turkey-skanestai-sunims-185g\/","title":{"rendered":"Platinum Stars Turkey skan\u0117stai \u0161unims 185g"},"content":{"rendered":"<ul>\n<li><span lang=\"en-US\">Tik i\u0161 \u0161vie\u017eios kalakutienos \u2013 lengvas ir auk\u0161tos kokyb\u0117s baltym\u0173 \u0161altinis.<\/span><\/li>\n<li><span lang=\"en-US\">Mink\u0161ti, sultingi gabal\u0117liai \u2013 nat\u016braliai gard\u016bs.<\/span><\/li>\n<li><span lang=\"en-US\">Tinka net jautresniems \u0161unims \u2013 be gr\u016bd\u0173 ir prid\u0117tinio cukraus.<\/span><\/li>\n<li><span lang=\"en-US\">Vienas gyv\u016bninis baltym\u0173 \u0161altinis \u2013 ai\u0161ki sud\u0117tis, ma\u017eesn\u0117 alergij\u0173 rizika.<\/span><\/li>\n<li><span lang=\"en-US\">Puikiai tinka dres\u016brai ar kaip skanus dienos akcentas.<\/span><\/li>\n<\/ul>\n","protected":false},"excerpt":{"rendered":"<p><span lang=\"en-US\">Pagaminti i\u0161 \u0161vie\u017eios kalakutienos ir paruo\u0161ti pasitelkiant unikali\u0105 FSG technologij\u0105, \u0161ie u\u017ekand\u017eiai i\u0161siskiria puikiu skoniu, yra lengvai vir\u0161kinami ir nerieb\u016bs \u2013 puikus pasirinkimas kiekvienai apdovanojimo akimirkai, kai norisi d\u017eiaugsmo be joki\u0173 kompromis\u0173.<\/span><\/p>\n","protected":false},"featured_media":19022,"template":"","meta":[],"product_brand":[],"product_cat":[101,103,106,319],"product_tag":[],"class_list":{"0":"post-19021","1":"product","2":"type-product","3":"status-publish","4":"has-post-thumbnail","6":"product_cat-sunims","7":"product_cat-sunu-maistas","8":"product_cat-skanestai","9":"product_cat-platinum-sunu-maistas","10":"pa_prekinis-zenklas-platinum","12":"first","13":"instock","14":"sale","15":"taxable","16":"shipping-taxable","17":"purchasable","18":"product-type-simple"},"yoast_head":"<!-- This site is optimized with the Yoast SEO Premium plugin v27.1 (Yoast SEO v27.5) - https:\/\/yoast.com\/product\/yoast-seo-premium-wordpress\/ -->\n<title>Platinum Stars Turkey skan\u0117stai \u0161unims 185g - anivet.lt<\/title>\n<meta name=\"description\" content=\"Pagaminti i\u0161 \u0161vie\u017eios kalakutienos ir paruo\u0161ti pasitelkiant unikali\u0105 FSG technologij\u0105, \u0161ie u\u017ekand\u017eiai i\u0161siskiria puikiu skoniu, yra lengvai vir\u0161kinami ir nerieb\u016bs \u2013 puikus pasirinkimas kiekvienai apdovanojimo akimirkai, kai norisi d\u017eiaugsmo be joki\u0173 kompromis\u0173.\" \/>\n<meta name=\"robots\" content=\"index, follow, max-snippet:-1, max-image-preview:large, max-video-preview:-1\" \/>\n<link rel=\"canonical\" href=\"https:\/\/anivet.lt\/elparduotuve\/produktas\/platinum-stars-turkey-skanestai-sunims-185g\/\" \/>\n<meta property=\"og:locale\" content=\"lt_LT\" \/>\n<meta property=\"og:type\" content=\"article\" \/>\n<meta property=\"og:title\" content=\"Platinum Stars Turkey skan\u0117stai \u0161unims 185g\" \/>\n<meta property=\"og:description\" content=\"Pagaminti i\u0161 \u0161vie\u017eios kalakutienos ir paruo\u0161ti pasitelkiant unikali\u0105 FSG technologij\u0105, \u0161ie u\u017ekand\u017eiai i\u0161siskiria puikiu skoniu, yra lengvai vir\u0161kinami ir nerieb\u016bs \u2013 puikus pasirinkimas kiekvienai apdovanojimo akimirkai, kai norisi d\u017eiaugsmo be joki\u0173 kompromis\u0173.\" \/>\n<meta property=\"og:url\" content=\"https:\/\/anivet.lt\/elparduotuve\/produktas\/platinum-stars-turkey-skanestai-sunims-185g\/\" \/>\n<meta property=\"og:site_name\" content=\"anivet.lt\" \/>\n<meta property=\"article:modified_time\" content=\"2026-05-14T09:34:16+00:00\" \/>\n<meta property=\"og:image\" content=\"https:\/\/anivet.lt\/elparduotuve\/wp-content\/uploads\/2025\/10\/Platinum-Stars-Turkey-skanestai-sunims-185g.jpg\" \/>\n\t<meta property=\"og:image:width\" content=\"400\" \/>\n\t<meta property=\"og:image:height\" content=\"689\" \/>\n\t<meta property=\"og:image:type\" content=\"image\/jpeg\" \/>\n<meta name=\"twitter:card\" content=\"summary_large_image\" \/>\n<meta name=\"twitter:label1\" content=\"Est. reading time\" \/>\n\t<meta name=\"twitter:data1\" content=\"1 minut\u0117\" \/>\n<script type=\"application\/ld+json\" class=\"yoast-schema-graph\">{\"@context\":\"https:\\\/\\\/schema.org\",\"@graph\":[{\"@type\":\"WebPage\",\"@id\":\"https:\\\/\\\/anivet.lt\\\/elparduotuve\\\/produktas\\\/platinum-stars-turkey-skanestai-sunims-185g\\\/\",\"url\":\"https:\\\/\\\/anivet.lt\\\/elparduotuve\\\/produktas\\\/platinum-stars-turkey-skanestai-sunims-185g\\\/\",\"name\":\"Platinum Stars Turkey skan\u0117stai \u0161unims 185g - anivet.lt\",\"isPartOf\":{\"@id\":\"https:\\\/\\\/anivet.lt\\\/elparduotuve\\\/#website\"},\"primaryImageOfPage\":{\"@id\":\"https:\\\/\\\/anivet.lt\\\/elparduotuve\\\/produktas\\\/platinum-stars-turkey-skanestai-sunims-185g\\\/#primaryimage\"},\"image\":{\"@id\":\"https:\\\/\\\/anivet.lt\\\/elparduotuve\\\/produktas\\\/platinum-stars-turkey-skanestai-sunims-185g\\\/#primaryimage\"},\"thumbnailUrl\":\"https:\\\/\\\/anivet.lt\\\/elparduotuve\\\/wp-content\\\/uploads\\\/2025\\\/10\\\/Platinum-Stars-Turkey-skanestai-sunims-185g.jpg\",\"datePublished\":\"2025-10-22T21:35:05+00:00\",\"dateModified\":\"2026-05-14T09:34:16+00:00\",\"description\":\"Pagaminti i\u0161 \u0161vie\u017eios kalakutienos ir paruo\u0161ti pasitelkiant unikali\u0105 FSG technologij\u0105, \u0161ie u\u017ekand\u017eiai i\u0161siskiria puikiu skoniu, yra lengvai vir\u0161kinami ir nerieb\u016bs \u2013 puikus pasirinkimas kiekvienai apdovanojimo akimirkai, kai norisi d\u017eiaugsmo be joki\u0173 kompromis\u0173.\",\"breadcrumb\":{\"@id\":\"https:\\\/\\\/anivet.lt\\\/elparduotuve\\\/produktas\\\/platinum-stars-turkey-skanestai-sunims-185g\\\/#breadcrumb\"},\"inLanguage\":\"lt-LT\",\"potentialAction\":[{\"@type\":\"ReadAction\",\"target\":[\"https:\\\/\\\/anivet.lt\\\/elparduotuve\\\/produktas\\\/platinum-stars-turkey-skanestai-sunims-185g\\\/\"]}]},{\"@type\":\"ImageObject\",\"inLanguage\":\"lt-LT\",\"@id\":\"https:\\\/\\\/anivet.lt\\\/elparduotuve\\\/produktas\\\/platinum-stars-turkey-skanestai-sunims-185g\\\/#primaryimage\",\"url\":\"https:\\\/\\\/anivet.lt\\\/elparduotuve\\\/wp-content\\\/uploads\\\/2025\\\/10\\\/Platinum-Stars-Turkey-skanestai-sunims-185g.jpg\",\"contentUrl\":\"https:\\\/\\\/anivet.lt\\\/elparduotuve\\\/wp-content\\\/uploads\\\/2025\\\/10\\\/Platinum-Stars-Turkey-skanestai-sunims-185g.jpg\",\"width\":400,\"height\":689,\"caption\":\"Platinum Stars Turkey skan\u0117stai \u0161unims 185g\"},{\"@type\":\"BreadcrumbList\",\"@id\":\"https:\\\/\\\/anivet.lt\\\/elparduotuve\\\/produktas\\\/platinum-stars-turkey-skanestai-sunims-185g\\\/#breadcrumb\",\"itemListElement\":[{\"@type\":\"ListItem\",\"position\":1,\"name\":\"Home\",\"item\":\"https:\\\/\\\/anivet.lt\\\/elparduotuve\\\/\"},{\"@type\":\"ListItem\",\"position\":2,\"name\":\"Produktai\",\"item\":\"https:\\\/\\\/anivet.lt\\\/elparduotuve\\\/produktai\\\/\"},{\"@type\":\"ListItem\",\"position\":3,\"name\":\"Platinum Stars Turkey skan\u0117stai \u0161unims 185g\"}]},{\"@type\":\"WebSite\",\"@id\":\"https:\\\/\\\/anivet.lt\\\/elparduotuve\\\/#website\",\"url\":\"https:\\\/\\\/anivet.lt\\\/elparduotuve\\\/\",\"name\":\"anivet.lt\",\"description\":\"Viskas J\u016bs\u0173 \u0161uns, kat\u0117s prie\u017ei\u016brai\",\"publisher\":{\"@id\":\"https:\\\/\\\/anivet.lt\\\/elparduotuve\\\/#organization\"},\"alternateName\":\"Viskas J\u016bs\u0173 \u0161uns, kat\u0117s prie\u017ei\u016brai\",\"potentialAction\":[{\"@type\":\"SearchAction\",\"target\":{\"@type\":\"EntryPoint\",\"urlTemplate\":\"https:\\\/\\\/anivet.lt\\\/elparduotuve\\\/?s={search_term_string}\"},\"query-input\":{\"@type\":\"PropertyValueSpecification\",\"valueRequired\":true,\"valueName\":\"search_term_string\"}}],\"inLanguage\":\"lt-LT\"},{\"@type\":\"Organization\",\"@id\":\"https:\\\/\\\/anivet.lt\\\/elparduotuve\\\/#organization\",\"name\":\"Viskas J\u016bs\u0173 \u0161uns, kat\u0117s prie\u017ei\u016brai\",\"url\":\"https:\\\/\\\/anivet.lt\\\/elparduotuve\\\/\",\"logo\":{\"@type\":\"ImageObject\",\"inLanguage\":\"lt-LT\",\"@id\":\"https:\\\/\\\/anivet.lt\\\/elparduotuve\\\/#\\\/schema\\\/logo\\\/image\\\/\",\"url\":\"https:\\\/\\\/anivet.lt\\\/elparduotuve\\\/wp-content\\\/uploads\\\/2023\\\/06\\\/logo2.jpg\",\"contentUrl\":\"https:\\\/\\\/anivet.lt\\\/elparduotuve\\\/wp-content\\\/uploads\\\/2023\\\/06\\\/logo2.jpg\",\"width\":655,\"height\":194,\"caption\":\"Viskas J\u016bs\u0173 \u0161uns, kat\u0117s prie\u017ei\u016brai\"},\"image\":{\"@id\":\"https:\\\/\\\/anivet.lt\\\/elparduotuve\\\/#\\\/schema\\\/logo\\\/image\\\/\"}}]}<\/script>\n<!-- \/ Yoast SEO Premium plugin. -->","yoast_head_json":{"title":"Platinum Stars Turkey skan\u0117stai \u0161unims 185g - anivet.lt","description":"Pagaminti i\u0161 \u0161vie\u017eios kalakutienos ir paruo\u0161ti pasitelkiant unikali\u0105 FSG technologij\u0105, \u0161ie u\u017ekand\u017eiai i\u0161siskiria puikiu skoniu, yra lengvai vir\u0161kinami ir nerieb\u016bs \u2013 puikus pasirinkimas kiekvienai apdovanojimo akimirkai, kai norisi d\u017eiaugsmo be joki\u0173 kompromis\u0173.","robots":{"index":"index","follow":"follow","max-snippet":"max-snippet:-1","max-image-preview":"max-image-preview:large","max-video-preview":"max-video-preview:-1"},"canonical":"https:\/\/anivet.lt\/elparduotuve\/produktas\/platinum-stars-turkey-skanestai-sunims-185g\/","og_locale":"lt_LT","og_type":"article","og_title":"Platinum Stars Turkey skan\u0117stai \u0161unims 185g","og_description":"Pagaminti i\u0161 \u0161vie\u017eios kalakutienos ir paruo\u0161ti pasitelkiant unikali\u0105 FSG technologij\u0105, \u0161ie u\u017ekand\u017eiai i\u0161siskiria puikiu skoniu, yra lengvai vir\u0161kinami ir nerieb\u016bs \u2013 puikus pasirinkimas kiekvienai apdovanojimo akimirkai, kai norisi d\u017eiaugsmo be joki\u0173 kompromis\u0173.","og_url":"https:\/\/anivet.lt\/elparduotuve\/produktas\/platinum-stars-turkey-skanestai-sunims-185g\/","og_site_name":"anivet.lt","article_modified_time":"2026-05-14T09:34:16+00:00","og_image":[{"width":400,"height":689,"url":"https:\/\/anivet.lt\/elparduotuve\/wp-content\/uploads\/2025\/10\/Platinum-Stars-Turkey-skanestai-sunims-185g.jpg","type":"image\/jpeg"}],"twitter_card":"summary_large_image","twitter_misc":{"Est. reading time":"1 minut\u0117"},"schema":{"@context":"https:\/\/schema.org","@graph":[{"@type":"WebPage","@id":"https:\/\/anivet.lt\/elparduotuve\/produktas\/platinum-stars-turkey-skanestai-sunims-185g\/","url":"https:\/\/anivet.lt\/elparduotuve\/produktas\/platinum-stars-turkey-skanestai-sunims-185g\/","name":"Platinum Stars Turkey skan\u0117stai \u0161unims 185g - anivet.lt","isPartOf":{"@id":"https:\/\/anivet.lt\/elparduotuve\/#website"},"primaryImageOfPage":{"@id":"https:\/\/anivet.lt\/elparduotuve\/produktas\/platinum-stars-turkey-skanestai-sunims-185g\/#primaryimage"},"image":{"@id":"https:\/\/anivet.lt\/elparduotuve\/produktas\/platinum-stars-turkey-skanestai-sunims-185g\/#primaryimage"},"thumbnailUrl":"https:\/\/anivet.lt\/elparduotuve\/wp-content\/uploads\/2025\/10\/Platinum-Stars-Turkey-skanestai-sunims-185g.jpg","datePublished":"2025-10-22T21:35:05+00:00","dateModified":"2026-05-14T09:34:16+00:00","description":"Pagaminti i\u0161 \u0161vie\u017eios kalakutienos ir paruo\u0161ti pasitelkiant unikali\u0105 FSG technologij\u0105, \u0161ie u\u017ekand\u017eiai i\u0161siskiria puikiu skoniu, yra lengvai vir\u0161kinami ir nerieb\u016bs \u2013 puikus pasirinkimas kiekvienai apdovanojimo akimirkai, kai norisi d\u017eiaugsmo be joki\u0173 kompromis\u0173.","breadcrumb":{"@id":"https:\/\/anivet.lt\/elparduotuve\/produktas\/platinum-stars-turkey-skanestai-sunims-185g\/#breadcrumb"},"inLanguage":"lt-LT","potentialAction":[{"@type":"ReadAction","target":["https:\/\/anivet.lt\/elparduotuve\/produktas\/platinum-stars-turkey-skanestai-sunims-185g\/"]}]},{"@type":"ImageObject","inLanguage":"lt-LT","@id":"https:\/\/anivet.lt\/elparduotuve\/produktas\/platinum-stars-turkey-skanestai-sunims-185g\/#primaryimage","url":"https:\/\/anivet.lt\/elparduotuve\/wp-content\/uploads\/2025\/10\/Platinum-Stars-Turkey-skanestai-sunims-185g.jpg","contentUrl":"https:\/\/anivet.lt\/elparduotuve\/wp-content\/uploads\/2025\/10\/Platinum-Stars-Turkey-skanestai-sunims-185g.jpg","width":400,"height":689,"caption":"Platinum Stars Turkey skan\u0117stai \u0161unims 185g"},{"@type":"BreadcrumbList","@id":"https:\/\/anivet.lt\/elparduotuve\/produktas\/platinum-stars-turkey-skanestai-sunims-185g\/#breadcrumb","itemListElement":[{"@type":"ListItem","position":1,"name":"Home","item":"https:\/\/anivet.lt\/elparduotuve\/"},{"@type":"ListItem","position":2,"name":"Produktai","item":"https:\/\/anivet.lt\/elparduotuve\/produktai\/"},{"@type":"ListItem","position":3,"name":"Platinum Stars Turkey skan\u0117stai \u0161unims 185g"}]},{"@type":"WebSite","@id":"https:\/\/anivet.lt\/elparduotuve\/#website","url":"https:\/\/anivet.lt\/elparduotuve\/","name":"anivet.lt","description":"Viskas J\u016bs\u0173 \u0161uns, kat\u0117s prie\u017ei\u016brai","publisher":{"@id":"https:\/\/anivet.lt\/elparduotuve\/#organization"},"alternateName":"Viskas J\u016bs\u0173 \u0161uns, kat\u0117s prie\u017ei\u016brai","potentialAction":[{"@type":"SearchAction","target":{"@type":"EntryPoint","urlTemplate":"https:\/\/anivet.lt\/elparduotuve\/?s={search_term_string}"},"query-input":{"@type":"PropertyValueSpecification","valueRequired":true,"valueName":"search_term_string"}}],"inLanguage":"lt-LT"},{"@type":"Organization","@id":"https:\/\/anivet.lt\/elparduotuve\/#organization","name":"Viskas J\u016bs\u0173 \u0161uns, kat\u0117s prie\u017ei\u016brai","url":"https:\/\/anivet.lt\/elparduotuve\/","logo":{"@type":"ImageObject","inLanguage":"lt-LT","@id":"https:\/\/anivet.lt\/elparduotuve\/#\/schema\/logo\/image\/","url":"https:\/\/anivet.lt\/elparduotuve\/wp-content\/uploads\/2023\/06\/logo2.jpg","contentUrl":"https:\/\/anivet.lt\/elparduotuve\/wp-content\/uploads\/2023\/06\/logo2.jpg","width":655,"height":194,"caption":"Viskas J\u016bs\u0173 \u0161uns, kat\u0117s prie\u017ei\u016brai"},"image":{"@id":"https:\/\/anivet.lt\/elparduotuve\/#\/schema\/logo\/image\/"}}]}},"_links":{"self":[{"href":"https:\/\/anivet.lt\/elparduotuve\/wp-json\/wp\/v2\/product\/19021","targetHints":{"allow":["GET"]}}],"collection":[{"href":"https:\/\/anivet.lt\/elparduotuve\/wp-json\/wp\/v2\/product"}],"about":[{"href":"https:\/\/anivet.lt\/elparduotuve\/wp-json\/wp\/v2\/types\/product"}],"wp:featuredmedia":[{"embeddable":true,"href":"https:\/\/anivet.lt\/elparduotuve\/wp-json\/wp\/v2\/media\/19022"}],"wp:attachment":[{"href":"https:\/\/anivet.lt\/elparduotuve\/wp-json\/wp\/v2\/media?parent=19021"}],"wp:term":[{"taxonomy":"product_brand","embeddable":true,"href":"https:\/\/anivet.lt\/elparduotuve\/wp-json\/wp\/v2\/product_brand?post=19021"},{"taxonomy":"product_cat","embeddable":true,"href":"https:\/\/anivet.lt\/elparduotuve\/wp-json\/wp\/v2\/product_cat?post=19021"},{"taxonomy":"product_tag","embeddable":true,"href":"https:\/\/anivet.lt\/elparduotuve\/wp-json\/wp\/v2\/product_tag?post=19021"}],"curies":[{"name":"wp","href":"https:\/\/api.w.org\/{rel}","templated":true}]}}