{"id":19029,"date":"2025-10-23T13:09:50","date_gmt":"2025-10-23T13:09:50","guid":{"rendered":"https:\/\/anivet.lt\/elparduotuve\/?post_type=product&#038;p=19029"},"modified":"2025-10-23T13:09:52","modified_gmt":"2025-10-23T13:09:52","slug":"vetexpert-hypo-omega-clinic-care-kondicionierius-150ml","status":"publish","type":"product","link":"https:\/\/anivet.lt\/elparduotuve\/produktas\/vetexpert-hypo-omega-clinic-care-kondicionierius-150ml\/","title":{"rendered":"VetExpert HYPO &#038; OMEGA Clinic Care kondicionierius 150ml"},"content":{"rendered":"<ul>\n<li>\u201e<span lang=\"en-US\">ST COMPLEX\u201c \u2013 peptid\u0173 ir vitamin\u0173 mi\u0161inys<\/span><span lang=\"en-US\"> \u2013 maitina ir kondicionuoja tiek od\u0105, tiek kail\u012f, pad\u0117damas atkurti j\u0173 sveik\u0105 b\u016bkl\u0119.<\/span><\/li>\n<li><span lang=\"en-US\">Juod\u0173j\u0173 kmyn\u0173 aliejus, kuriame gausu Omega-3, 6, 9 riebal\u0173 r\u016bg\u0161\u010di\u0173 bei A ir E vitamin\u0173, intensyviai maitina od\u0105, ramina sudirgimus ir palaiko jos pusiausvyr\u0105.<\/span><\/li>\n<li><span lang=\"en-US\">Sudaro plon\u0105 apsaugin\u0119 pl\u0117vel\u0119, kuri padeda apsaugoti kail\u012f nuo susiv\u0117limo ir i\u0161saus\u0117jimo.<\/span><\/li>\n<li><span lang=\"en-US\">Hipoalergin\u0117, bekvap\u0117 formul\u0117 \u2013 tinkama net itin jautriai odai.<\/span><\/li>\n<li><span lang=\"en-US\">Padeda stiprinti kail\u012f ir atkurti odos nat\u016bral\u0173 dr\u0117gm\u0117s bei lipid\u0173 balans\u0105.<\/span><\/li>\n<\/ul>\n","protected":false},"excerpt":{"rendered":"<p><span lang=\"en-US\">\u0160is \u0161velnios sud\u0117ties kondicionierius skirtas \u0161unims bei kat\u0117ms. Sukurtas tam, kad pad\u0117t\u0173 atkurti ir sustiprinti nat\u016bral\u0173 odos apsaugin\u012f lipid\u0173 sluoksn\u012f, kuris veikia kaip kasdien\u0117 gynyba nuo i\u0161orini\u0173 dirgikli\u0173. Reguliariai naudojant, oda tampa labiau apsaugota, o kailis \u2013 sveikesnis ir lengviau pri\u017ei\u016brimas.<\/span><\/p>\n","protected":false},"featured_media":19030,"template":"","meta":[],"product_brand":[],"product_cat":[101,109,120,102,108,119],"product_tag":[],"class_list":{"0":"post-19029","1":"product","2":"type-product","3":"status-publish","4":"has-post-thumbnail","6":"product_cat-sunims","7":"product_cat-sampunai-ir-kosmetika","8":"product_cat-sampunai-ir-kosmetika-prieziuros-priemones-katems","9":"product_cat-katems","10":"product_cat-prieziuros-priemones","11":"product_cat-prieziuros-priemones-katems","12":"pa_prekinis-zenklas-vetexpert","14":"first","15":"instock","16":"taxable","17":"shipping-taxable","18":"purchasable","19":"product-type-simple"},"yoast_head":"<!-- This site is optimized with the Yoast SEO Premium plugin v27.1 (Yoast SEO v27.5) - https:\/\/yoast.com\/product\/yoast-seo-premium-wordpress\/ -->\n<title>VetExpert HYPO &amp; OMEGA Clinic Care kondicionierius 150ml - anivet.lt<\/title>\n<meta name=\"description\" content=\"\u0160is \u0161velnios sud\u0117ties kondicionierius skirtas \u0161unims bei kat\u0117ms. Sukurtas tam, kad pad\u0117t\u0173 atkurti ir sustiprinti nat\u016bral\u0173 odos apsaugin\u012f lipid\u0173 sluoksn\u012f, kuris veikia kaip kasdien\u0117 gynyba nuo i\u0161orini\u0173 dirgikli\u0173. Reguliariai naudojant, oda tampa labiau apsaugota, o kailis \u2013 sveikesnis ir lengviau pri\u017ei\u016brimas.\" \/>\n<meta name=\"robots\" content=\"index, follow, max-snippet:-1, max-image-preview:large, max-video-preview:-1\" \/>\n<link rel=\"canonical\" href=\"https:\/\/anivet.lt\/elparduotuve\/produktas\/vetexpert-hypo-omega-clinic-care-kondicionierius-150ml\/\" \/>\n<meta property=\"og:locale\" content=\"lt_LT\" \/>\n<meta property=\"og:type\" content=\"article\" \/>\n<meta property=\"og:title\" content=\"VetExpert HYPO &amp; OMEGA Clinic Care kondicionierius 150ml\" \/>\n<meta property=\"og:description\" content=\"\u0160is \u0161velnios sud\u0117ties kondicionierius skirtas \u0161unims bei kat\u0117ms. Sukurtas tam, kad pad\u0117t\u0173 atkurti ir sustiprinti nat\u016bral\u0173 odos apsaugin\u012f lipid\u0173 sluoksn\u012f, kuris veikia kaip kasdien\u0117 gynyba nuo i\u0161orini\u0173 dirgikli\u0173. Reguliariai naudojant, oda tampa labiau apsaugota, o kailis \u2013 sveikesnis ir lengviau pri\u017ei\u016brimas.\" \/>\n<meta property=\"og:url\" content=\"https:\/\/anivet.lt\/elparduotuve\/produktas\/vetexpert-hypo-omega-clinic-care-kondicionierius-150ml\/\" \/>\n<meta property=\"og:site_name\" content=\"anivet.lt\" \/>\n<meta property=\"article:modified_time\" content=\"2025-10-23T13:09:52+00:00\" \/>\n<meta property=\"og:image\" content=\"https:\/\/anivet.lt\/elparduotuve\/wp-content\/uploads\/2025\/10\/VetExpert-HYPO-OMEGA-Clinic-Care-kondicionierius-150ml.jpg\" \/>\n\t<meta property=\"og:image:width\" content=\"650\" \/>\n\t<meta property=\"og:image:height\" content=\"650\" \/>\n\t<meta property=\"og:image:type\" content=\"image\/jpeg\" \/>\n<meta name=\"twitter:card\" content=\"summary_large_image\" \/>\n<meta name=\"twitter:label1\" content=\"Est. reading time\" \/>\n\t<meta name=\"twitter:data1\" content=\"1 minut\u0117\" \/>\n<script type=\"application\/ld+json\" class=\"yoast-schema-graph\">{\"@context\":\"https:\\\/\\\/schema.org\",\"@graph\":[{\"@type\":\"WebPage\",\"@id\":\"https:\\\/\\\/anivet.lt\\\/elparduotuve\\\/produktas\\\/vetexpert-hypo-omega-clinic-care-kondicionierius-150ml\\\/\",\"url\":\"https:\\\/\\\/anivet.lt\\\/elparduotuve\\\/produktas\\\/vetexpert-hypo-omega-clinic-care-kondicionierius-150ml\\\/\",\"name\":\"VetExpert HYPO & OMEGA Clinic Care kondicionierius 150ml - anivet.lt\",\"isPartOf\":{\"@id\":\"https:\\\/\\\/anivet.lt\\\/elparduotuve\\\/#website\"},\"primaryImageOfPage\":{\"@id\":\"https:\\\/\\\/anivet.lt\\\/elparduotuve\\\/produktas\\\/vetexpert-hypo-omega-clinic-care-kondicionierius-150ml\\\/#primaryimage\"},\"image\":{\"@id\":\"https:\\\/\\\/anivet.lt\\\/elparduotuve\\\/produktas\\\/vetexpert-hypo-omega-clinic-care-kondicionierius-150ml\\\/#primaryimage\"},\"thumbnailUrl\":\"https:\\\/\\\/anivet.lt\\\/elparduotuve\\\/wp-content\\\/uploads\\\/2025\\\/10\\\/VetExpert-HYPO-OMEGA-Clinic-Care-kondicionierius-150ml.jpg\",\"datePublished\":\"2025-10-23T13:09:50+00:00\",\"dateModified\":\"2025-10-23T13:09:52+00:00\",\"description\":\"\u0160is \u0161velnios sud\u0117ties kondicionierius skirtas \u0161unims bei kat\u0117ms. Sukurtas tam, kad pad\u0117t\u0173 atkurti ir sustiprinti nat\u016bral\u0173 odos apsaugin\u012f lipid\u0173 sluoksn\u012f, kuris veikia kaip kasdien\u0117 gynyba nuo i\u0161orini\u0173 dirgikli\u0173. Reguliariai naudojant, oda tampa labiau apsaugota, o kailis \u2013 sveikesnis ir lengviau pri\u017ei\u016brimas.\",\"breadcrumb\":{\"@id\":\"https:\\\/\\\/anivet.lt\\\/elparduotuve\\\/produktas\\\/vetexpert-hypo-omega-clinic-care-kondicionierius-150ml\\\/#breadcrumb\"},\"inLanguage\":\"lt-LT\",\"potentialAction\":[{\"@type\":\"ReadAction\",\"target\":[\"https:\\\/\\\/anivet.lt\\\/elparduotuve\\\/produktas\\\/vetexpert-hypo-omega-clinic-care-kondicionierius-150ml\\\/\"]}]},{\"@type\":\"ImageObject\",\"inLanguage\":\"lt-LT\",\"@id\":\"https:\\\/\\\/anivet.lt\\\/elparduotuve\\\/produktas\\\/vetexpert-hypo-omega-clinic-care-kondicionierius-150ml\\\/#primaryimage\",\"url\":\"https:\\\/\\\/anivet.lt\\\/elparduotuve\\\/wp-content\\\/uploads\\\/2025\\\/10\\\/VetExpert-HYPO-OMEGA-Clinic-Care-kondicionierius-150ml.jpg\",\"contentUrl\":\"https:\\\/\\\/anivet.lt\\\/elparduotuve\\\/wp-content\\\/uploads\\\/2025\\\/10\\\/VetExpert-HYPO-OMEGA-Clinic-Care-kondicionierius-150ml.jpg\",\"width\":650,\"height\":650,\"caption\":\"VetExpert HYPO & OMEGA Clinic Care kondicionierius 150ml\"},{\"@type\":\"BreadcrumbList\",\"@id\":\"https:\\\/\\\/anivet.lt\\\/elparduotuve\\\/produktas\\\/vetexpert-hypo-omega-clinic-care-kondicionierius-150ml\\\/#breadcrumb\",\"itemListElement\":[{\"@type\":\"ListItem\",\"position\":1,\"name\":\"Home\",\"item\":\"https:\\\/\\\/anivet.lt\\\/elparduotuve\\\/\"},{\"@type\":\"ListItem\",\"position\":2,\"name\":\"Produktai\",\"item\":\"https:\\\/\\\/anivet.lt\\\/elparduotuve\\\/produktai\\\/\"},{\"@type\":\"ListItem\",\"position\":3,\"name\":\"VetExpert HYPO &#038; OMEGA Clinic Care kondicionierius 150ml\"}]},{\"@type\":\"WebSite\",\"@id\":\"https:\\\/\\\/anivet.lt\\\/elparduotuve\\\/#website\",\"url\":\"https:\\\/\\\/anivet.lt\\\/elparduotuve\\\/\",\"name\":\"anivet.lt\",\"description\":\"Viskas J\u016bs\u0173 \u0161uns, kat\u0117s prie\u017ei\u016brai\",\"publisher\":{\"@id\":\"https:\\\/\\\/anivet.lt\\\/elparduotuve\\\/#organization\"},\"alternateName\":\"Viskas J\u016bs\u0173 \u0161uns, kat\u0117s prie\u017ei\u016brai\",\"potentialAction\":[{\"@type\":\"SearchAction\",\"target\":{\"@type\":\"EntryPoint\",\"urlTemplate\":\"https:\\\/\\\/anivet.lt\\\/elparduotuve\\\/?s={search_term_string}\"},\"query-input\":{\"@type\":\"PropertyValueSpecification\",\"valueRequired\":true,\"valueName\":\"search_term_string\"}}],\"inLanguage\":\"lt-LT\"},{\"@type\":\"Organization\",\"@id\":\"https:\\\/\\\/anivet.lt\\\/elparduotuve\\\/#organization\",\"name\":\"Viskas J\u016bs\u0173 \u0161uns, kat\u0117s prie\u017ei\u016brai\",\"url\":\"https:\\\/\\\/anivet.lt\\\/elparduotuve\\\/\",\"logo\":{\"@type\":\"ImageObject\",\"inLanguage\":\"lt-LT\",\"@id\":\"https:\\\/\\\/anivet.lt\\\/elparduotuve\\\/#\\\/schema\\\/logo\\\/image\\\/\",\"url\":\"https:\\\/\\\/anivet.lt\\\/elparduotuve\\\/wp-content\\\/uploads\\\/2023\\\/06\\\/logo2.jpg\",\"contentUrl\":\"https:\\\/\\\/anivet.lt\\\/elparduotuve\\\/wp-content\\\/uploads\\\/2023\\\/06\\\/logo2.jpg\",\"width\":655,\"height\":194,\"caption\":\"Viskas J\u016bs\u0173 \u0161uns, kat\u0117s prie\u017ei\u016brai\"},\"image\":{\"@id\":\"https:\\\/\\\/anivet.lt\\\/elparduotuve\\\/#\\\/schema\\\/logo\\\/image\\\/\"}}]}<\/script>\n<!-- \/ Yoast SEO Premium plugin. -->","yoast_head_json":{"title":"VetExpert HYPO & OMEGA Clinic Care kondicionierius 150ml - anivet.lt","description":"\u0160is \u0161velnios sud\u0117ties kondicionierius skirtas \u0161unims bei kat\u0117ms. Sukurtas tam, kad pad\u0117t\u0173 atkurti ir sustiprinti nat\u016bral\u0173 odos apsaugin\u012f lipid\u0173 sluoksn\u012f, kuris veikia kaip kasdien\u0117 gynyba nuo i\u0161orini\u0173 dirgikli\u0173. Reguliariai naudojant, oda tampa labiau apsaugota, o kailis \u2013 sveikesnis ir lengviau pri\u017ei\u016brimas.","robots":{"index":"index","follow":"follow","max-snippet":"max-snippet:-1","max-image-preview":"max-image-preview:large","max-video-preview":"max-video-preview:-1"},"canonical":"https:\/\/anivet.lt\/elparduotuve\/produktas\/vetexpert-hypo-omega-clinic-care-kondicionierius-150ml\/","og_locale":"lt_LT","og_type":"article","og_title":"VetExpert HYPO & OMEGA Clinic Care kondicionierius 150ml","og_description":"\u0160is \u0161velnios sud\u0117ties kondicionierius skirtas \u0161unims bei kat\u0117ms. Sukurtas tam, kad pad\u0117t\u0173 atkurti ir sustiprinti nat\u016bral\u0173 odos apsaugin\u012f lipid\u0173 sluoksn\u012f, kuris veikia kaip kasdien\u0117 gynyba nuo i\u0161orini\u0173 dirgikli\u0173. Reguliariai naudojant, oda tampa labiau apsaugota, o kailis \u2013 sveikesnis ir lengviau pri\u017ei\u016brimas.","og_url":"https:\/\/anivet.lt\/elparduotuve\/produktas\/vetexpert-hypo-omega-clinic-care-kondicionierius-150ml\/","og_site_name":"anivet.lt","article_modified_time":"2025-10-23T13:09:52+00:00","og_image":[{"width":650,"height":650,"url":"https:\/\/anivet.lt\/elparduotuve\/wp-content\/uploads\/2025\/10\/VetExpert-HYPO-OMEGA-Clinic-Care-kondicionierius-150ml.jpg","type":"image\/jpeg"}],"twitter_card":"summary_large_image","twitter_misc":{"Est. reading time":"1 minut\u0117"},"schema":{"@context":"https:\/\/schema.org","@graph":[{"@type":"WebPage","@id":"https:\/\/anivet.lt\/elparduotuve\/produktas\/vetexpert-hypo-omega-clinic-care-kondicionierius-150ml\/","url":"https:\/\/anivet.lt\/elparduotuve\/produktas\/vetexpert-hypo-omega-clinic-care-kondicionierius-150ml\/","name":"VetExpert HYPO & OMEGA Clinic Care kondicionierius 150ml - anivet.lt","isPartOf":{"@id":"https:\/\/anivet.lt\/elparduotuve\/#website"},"primaryImageOfPage":{"@id":"https:\/\/anivet.lt\/elparduotuve\/produktas\/vetexpert-hypo-omega-clinic-care-kondicionierius-150ml\/#primaryimage"},"image":{"@id":"https:\/\/anivet.lt\/elparduotuve\/produktas\/vetexpert-hypo-omega-clinic-care-kondicionierius-150ml\/#primaryimage"},"thumbnailUrl":"https:\/\/anivet.lt\/elparduotuve\/wp-content\/uploads\/2025\/10\/VetExpert-HYPO-OMEGA-Clinic-Care-kondicionierius-150ml.jpg","datePublished":"2025-10-23T13:09:50+00:00","dateModified":"2025-10-23T13:09:52+00:00","description":"\u0160is \u0161velnios sud\u0117ties kondicionierius skirtas \u0161unims bei kat\u0117ms. Sukurtas tam, kad pad\u0117t\u0173 atkurti ir sustiprinti nat\u016bral\u0173 odos apsaugin\u012f lipid\u0173 sluoksn\u012f, kuris veikia kaip kasdien\u0117 gynyba nuo i\u0161orini\u0173 dirgikli\u0173. Reguliariai naudojant, oda tampa labiau apsaugota, o kailis \u2013 sveikesnis ir lengviau pri\u017ei\u016brimas.","breadcrumb":{"@id":"https:\/\/anivet.lt\/elparduotuve\/produktas\/vetexpert-hypo-omega-clinic-care-kondicionierius-150ml\/#breadcrumb"},"inLanguage":"lt-LT","potentialAction":[{"@type":"ReadAction","target":["https:\/\/anivet.lt\/elparduotuve\/produktas\/vetexpert-hypo-omega-clinic-care-kondicionierius-150ml\/"]}]},{"@type":"ImageObject","inLanguage":"lt-LT","@id":"https:\/\/anivet.lt\/elparduotuve\/produktas\/vetexpert-hypo-omega-clinic-care-kondicionierius-150ml\/#primaryimage","url":"https:\/\/anivet.lt\/elparduotuve\/wp-content\/uploads\/2025\/10\/VetExpert-HYPO-OMEGA-Clinic-Care-kondicionierius-150ml.jpg","contentUrl":"https:\/\/anivet.lt\/elparduotuve\/wp-content\/uploads\/2025\/10\/VetExpert-HYPO-OMEGA-Clinic-Care-kondicionierius-150ml.jpg","width":650,"height":650,"caption":"VetExpert HYPO & OMEGA Clinic Care kondicionierius 150ml"},{"@type":"BreadcrumbList","@id":"https:\/\/anivet.lt\/elparduotuve\/produktas\/vetexpert-hypo-omega-clinic-care-kondicionierius-150ml\/#breadcrumb","itemListElement":[{"@type":"ListItem","position":1,"name":"Home","item":"https:\/\/anivet.lt\/elparduotuve\/"},{"@type":"ListItem","position":2,"name":"Produktai","item":"https:\/\/anivet.lt\/elparduotuve\/produktai\/"},{"@type":"ListItem","position":3,"name":"VetExpert HYPO &#038; OMEGA Clinic Care kondicionierius 150ml"}]},{"@type":"WebSite","@id":"https:\/\/anivet.lt\/elparduotuve\/#website","url":"https:\/\/anivet.lt\/elparduotuve\/","name":"anivet.lt","description":"Viskas J\u016bs\u0173 \u0161uns, kat\u0117s prie\u017ei\u016brai","publisher":{"@id":"https:\/\/anivet.lt\/elparduotuve\/#organization"},"alternateName":"Viskas J\u016bs\u0173 \u0161uns, kat\u0117s prie\u017ei\u016brai","potentialAction":[{"@type":"SearchAction","target":{"@type":"EntryPoint","urlTemplate":"https:\/\/anivet.lt\/elparduotuve\/?s={search_term_string}"},"query-input":{"@type":"PropertyValueSpecification","valueRequired":true,"valueName":"search_term_string"}}],"inLanguage":"lt-LT"},{"@type":"Organization","@id":"https:\/\/anivet.lt\/elparduotuve\/#organization","name":"Viskas J\u016bs\u0173 \u0161uns, kat\u0117s prie\u017ei\u016brai","url":"https:\/\/anivet.lt\/elparduotuve\/","logo":{"@type":"ImageObject","inLanguage":"lt-LT","@id":"https:\/\/anivet.lt\/elparduotuve\/#\/schema\/logo\/image\/","url":"https:\/\/anivet.lt\/elparduotuve\/wp-content\/uploads\/2023\/06\/logo2.jpg","contentUrl":"https:\/\/anivet.lt\/elparduotuve\/wp-content\/uploads\/2023\/06\/logo2.jpg","width":655,"height":194,"caption":"Viskas J\u016bs\u0173 \u0161uns, kat\u0117s prie\u017ei\u016brai"},"image":{"@id":"https:\/\/anivet.lt\/elparduotuve\/#\/schema\/logo\/image\/"}}]}},"_links":{"self":[{"href":"https:\/\/anivet.lt\/elparduotuve\/wp-json\/wp\/v2\/product\/19029","targetHints":{"allow":["GET"]}}],"collection":[{"href":"https:\/\/anivet.lt\/elparduotuve\/wp-json\/wp\/v2\/product"}],"about":[{"href":"https:\/\/anivet.lt\/elparduotuve\/wp-json\/wp\/v2\/types\/product"}],"wp:featuredmedia":[{"embeddable":true,"href":"https:\/\/anivet.lt\/elparduotuve\/wp-json\/wp\/v2\/media\/19030"}],"wp:attachment":[{"href":"https:\/\/anivet.lt\/elparduotuve\/wp-json\/wp\/v2\/media?parent=19029"}],"wp:term":[{"taxonomy":"product_brand","embeddable":true,"href":"https:\/\/anivet.lt\/elparduotuve\/wp-json\/wp\/v2\/product_brand?post=19029"},{"taxonomy":"product_cat","embeddable":true,"href":"https:\/\/anivet.lt\/elparduotuve\/wp-json\/wp\/v2\/product_cat?post=19029"},{"taxonomy":"product_tag","embeddable":true,"href":"https:\/\/anivet.lt\/elparduotuve\/wp-json\/wp\/v2\/product_tag?post=19029"}],"curies":[{"name":"wp","href":"https:\/\/api.w.org\/{rel}","templated":true}]}}