{"id":19031,"date":"2025-10-23T13:51:38","date_gmt":"2025-10-23T13:51:38","guid":{"rendered":"https:\/\/anivet.lt\/elparduotuve\/?post_type=product&#038;p=19031"},"modified":"2025-10-23T13:51:39","modified_gmt":"2025-10-23T13:51:39","slug":"vetexpert-4t-vet-diet-hypoallergenic-insect-small-breed-alergiskiems-sunims-2kg","status":"publish","type":"product","link":"https:\/\/anivet.lt\/elparduotuve\/produktas\/vetexpert-4t-vet-diet-hypoallergenic-insect-small-breed-alergiskiems-sunims-2kg\/","title":{"rendered":"VetExpert 4T Vet. diet Hypoallergenic Insect Small Breed alergi\u0161kiems \u0161unims 2kg"},"content":{"rendered":"<ul>\n<li><span lang=\"en-US\">D\u0117l vienintelio baltym\u0173 \u0161altinio \u0161is hipoalerginis maistas ma\u017eiems \u0161unims puikiai tinka augintiniams, kurie gali b\u016bti alergi\u0161ki \u012fprastiems gyv\u016bniniams baltymams, tokiems kaip pauk\u0161tiena, jautiena ar \u017euvis. <\/span><\/li>\n<li><span lang=\"en-US\">Angliavandeni\u0173 \u0161altiniai \u2013 d\u017eiovintos sald\u017eiosios bulv\u0117s ir bulv\u0117s, tod\u0117l suma\u017e\u0117ja rizika susidurti su glitimo netoleravimu ir kitomis nepageidaujamomis reakcijomis \u012f augalin\u0117s kilm\u0117s baltymus. <\/span><\/li>\n<li><span lang=\"en-US\">Maistas praturtintas omega-3 ir omega-6 nepakei\u010diamosiomis riebal\u0173 r\u016bg\u0161timis, kurios palaiko sveik\u0105 odos b\u016bkl\u0119, gerina kailio kokyb\u0119 ir ma\u017eina jautrum\u0105 aplinkos alergenams.<\/span><\/li>\n<\/ul>\n","protected":false},"excerpt":{"rendered":"<p><span lang=\"en-US\">Specializuotas dietinis maistas su vabzd\u017ei\u0173 baltymais ir bulv\u0117mis suaugusiems ma\u017e\u0173 veisli\u0173 \u0161unims, kuriems b\u016bdinga maisto netoleravimas bei odos problemos. Baltym\u0173 \u0161altinis i\u0161 Hermetia illucens vabzd\u017ei\u0173, derinamas su gr\u016bd\u0173 neturin\u010dia formule, u\u017etikrinantis efektyvi\u0105 pagalb\u0105 ma\u017einant \u0161uns alergines reakcijas ir maisto netoleravim\u0105.<\/span><\/p>\n","protected":false},"featured_media":19032,"template":"","meta":[],"product_brand":[],"product_cat":[101,103,107,564],"product_tag":[],"class_list":{"0":"post-19031","1":"product","2":"type-product","3":"status-publish","4":"has-post-thumbnail","6":"product_cat-sunims","7":"product_cat-sunu-maistas","8":"product_cat-veterinarine-dieta","9":"product_cat-vet-expert-sunu-maistas","10":"pa_prekinis-zenklas-vetexpert","12":"first","13":"instock","14":"taxable","15":"shipping-taxable","16":"purchasable","17":"product-type-simple"},"yoast_head":"<!-- This site is optimized with the Yoast SEO Premium plugin v27.1 (Yoast SEO v27.5) - https:\/\/yoast.com\/product\/yoast-seo-premium-wordpress\/ -->\n<title>VetExpert 4T Vet. diet Hypoallergenic Insect Small Breed alergi\u0161kiems \u0161unims 2kg - anivet.lt<\/title>\n<meta name=\"description\" content=\"Specializuotas dietinis maistas su vabzd\u017ei\u0173 baltymais ir bulv\u0117mis suaugusiems ma\u017e\u0173 veisli\u0173 \u0161unims, kuriems b\u016bdinga maisto netoleravimas bei odos problemos. Baltym\u0173 \u0161altinis i\u0161 Hermetia illucens vabzd\u017ei\u0173, derinamas su gr\u016bd\u0173 neturin\u010dia formule, u\u017etikrinantis efektyvi\u0105 pagalb\u0105 ma\u017einant \u0161uns alergines reakcijas ir maisto netoleravim\u0105.\" \/>\n<meta name=\"robots\" content=\"index, follow, max-snippet:-1, max-image-preview:large, max-video-preview:-1\" \/>\n<link rel=\"canonical\" href=\"https:\/\/anivet.lt\/elparduotuve\/produktas\/vetexpert-4t-vet-diet-hypoallergenic-insect-small-breed-alergiskiems-sunims-2kg\/\" \/>\n<meta property=\"og:locale\" content=\"lt_LT\" \/>\n<meta property=\"og:type\" content=\"article\" \/>\n<meta property=\"og:title\" content=\"VetExpert 4T Vet. diet Hypoallergenic Insect Small Breed alergi\u0161kiems \u0161unims 2kg\" \/>\n<meta property=\"og:description\" content=\"Specializuotas dietinis maistas su vabzd\u017ei\u0173 baltymais ir bulv\u0117mis suaugusiems ma\u017e\u0173 veisli\u0173 \u0161unims, kuriems b\u016bdinga maisto netoleravimas bei odos problemos. Baltym\u0173 \u0161altinis i\u0161 Hermetia illucens vabzd\u017ei\u0173, derinamas su gr\u016bd\u0173 neturin\u010dia formule, u\u017etikrinantis efektyvi\u0105 pagalb\u0105 ma\u017einant \u0161uns alergines reakcijas ir maisto netoleravim\u0105.\" \/>\n<meta property=\"og:url\" content=\"https:\/\/anivet.lt\/elparduotuve\/produktas\/vetexpert-4t-vet-diet-hypoallergenic-insect-small-breed-alergiskiems-sunims-2kg\/\" \/>\n<meta property=\"og:site_name\" content=\"anivet.lt\" \/>\n<meta property=\"article:modified_time\" content=\"2025-10-23T13:51:39+00:00\" \/>\n<meta property=\"og:image\" content=\"https:\/\/anivet.lt\/elparduotuve\/wp-content\/uploads\/2025\/10\/VetExpert-4T-Vet.-diet-Hypoallergenic-Insect-Small-Breed-alergiskiems-sunims-2kg.jpg\" \/>\n\t<meta property=\"og:image:width\" content=\"650\" \/>\n\t<meta property=\"og:image:height\" content=\"896\" \/>\n\t<meta property=\"og:image:type\" content=\"image\/jpeg\" \/>\n<meta name=\"twitter:card\" content=\"summary_large_image\" \/>\n<meta name=\"twitter:label1\" content=\"Est. reading time\" \/>\n\t<meta name=\"twitter:data1\" content=\"1 minut\u0117\" \/>\n<script type=\"application\/ld+json\" class=\"yoast-schema-graph\">{\"@context\":\"https:\\\/\\\/schema.org\",\"@graph\":[{\"@type\":\"WebPage\",\"@id\":\"https:\\\/\\\/anivet.lt\\\/elparduotuve\\\/produktas\\\/vetexpert-4t-vet-diet-hypoallergenic-insect-small-breed-alergiskiems-sunims-2kg\\\/\",\"url\":\"https:\\\/\\\/anivet.lt\\\/elparduotuve\\\/produktas\\\/vetexpert-4t-vet-diet-hypoallergenic-insect-small-breed-alergiskiems-sunims-2kg\\\/\",\"name\":\"VetExpert 4T Vet. diet Hypoallergenic Insect Small Breed alergi\u0161kiems \u0161unims 2kg - anivet.lt\",\"isPartOf\":{\"@id\":\"https:\\\/\\\/anivet.lt\\\/elparduotuve\\\/#website\"},\"primaryImageOfPage\":{\"@id\":\"https:\\\/\\\/anivet.lt\\\/elparduotuve\\\/produktas\\\/vetexpert-4t-vet-diet-hypoallergenic-insect-small-breed-alergiskiems-sunims-2kg\\\/#primaryimage\"},\"image\":{\"@id\":\"https:\\\/\\\/anivet.lt\\\/elparduotuve\\\/produktas\\\/vetexpert-4t-vet-diet-hypoallergenic-insect-small-breed-alergiskiems-sunims-2kg\\\/#primaryimage\"},\"thumbnailUrl\":\"https:\\\/\\\/anivet.lt\\\/elparduotuve\\\/wp-content\\\/uploads\\\/2025\\\/10\\\/VetExpert-4T-Vet.-diet-Hypoallergenic-Insect-Small-Breed-alergiskiems-sunims-2kg.jpg\",\"datePublished\":\"2025-10-23T13:51:38+00:00\",\"dateModified\":\"2025-10-23T13:51:39+00:00\",\"description\":\"Specializuotas dietinis maistas su vabzd\u017ei\u0173 baltymais ir bulv\u0117mis suaugusiems ma\u017e\u0173 veisli\u0173 \u0161unims, kuriems b\u016bdinga maisto netoleravimas bei odos problemos. Baltym\u0173 \u0161altinis i\u0161 Hermetia illucens vabzd\u017ei\u0173, derinamas su gr\u016bd\u0173 neturin\u010dia formule, u\u017etikrinantis efektyvi\u0105 pagalb\u0105 ma\u017einant \u0161uns alergines reakcijas ir maisto netoleravim\u0105.\",\"breadcrumb\":{\"@id\":\"https:\\\/\\\/anivet.lt\\\/elparduotuve\\\/produktas\\\/vetexpert-4t-vet-diet-hypoallergenic-insect-small-breed-alergiskiems-sunims-2kg\\\/#breadcrumb\"},\"inLanguage\":\"lt-LT\",\"potentialAction\":[{\"@type\":\"ReadAction\",\"target\":[\"https:\\\/\\\/anivet.lt\\\/elparduotuve\\\/produktas\\\/vetexpert-4t-vet-diet-hypoallergenic-insect-small-breed-alergiskiems-sunims-2kg\\\/\"]}]},{\"@type\":\"ImageObject\",\"inLanguage\":\"lt-LT\",\"@id\":\"https:\\\/\\\/anivet.lt\\\/elparduotuve\\\/produktas\\\/vetexpert-4t-vet-diet-hypoallergenic-insect-small-breed-alergiskiems-sunims-2kg\\\/#primaryimage\",\"url\":\"https:\\\/\\\/anivet.lt\\\/elparduotuve\\\/wp-content\\\/uploads\\\/2025\\\/10\\\/VetExpert-4T-Vet.-diet-Hypoallergenic-Insect-Small-Breed-alergiskiems-sunims-2kg.jpg\",\"contentUrl\":\"https:\\\/\\\/anivet.lt\\\/elparduotuve\\\/wp-content\\\/uploads\\\/2025\\\/10\\\/VetExpert-4T-Vet.-diet-Hypoallergenic-Insect-Small-Breed-alergiskiems-sunims-2kg.jpg\",\"width\":650,\"height\":896,\"caption\":\"VetExpert 4T Vet. diet Hypoallergenic Insect Small Breed alergi\u0161kiems \u0161unims 2kg\"},{\"@type\":\"BreadcrumbList\",\"@id\":\"https:\\\/\\\/anivet.lt\\\/elparduotuve\\\/produktas\\\/vetexpert-4t-vet-diet-hypoallergenic-insect-small-breed-alergiskiems-sunims-2kg\\\/#breadcrumb\",\"itemListElement\":[{\"@type\":\"ListItem\",\"position\":1,\"name\":\"Home\",\"item\":\"https:\\\/\\\/anivet.lt\\\/elparduotuve\\\/\"},{\"@type\":\"ListItem\",\"position\":2,\"name\":\"Produktai\",\"item\":\"https:\\\/\\\/anivet.lt\\\/elparduotuve\\\/produktai\\\/\"},{\"@type\":\"ListItem\",\"position\":3,\"name\":\"VetExpert 4T Vet. diet Hypoallergenic Insect Small Breed alergi\u0161kiems \u0161unims 2kg\"}]},{\"@type\":\"WebSite\",\"@id\":\"https:\\\/\\\/anivet.lt\\\/elparduotuve\\\/#website\",\"url\":\"https:\\\/\\\/anivet.lt\\\/elparduotuve\\\/\",\"name\":\"anivet.lt\",\"description\":\"Viskas J\u016bs\u0173 \u0161uns, kat\u0117s prie\u017ei\u016brai\",\"publisher\":{\"@id\":\"https:\\\/\\\/anivet.lt\\\/elparduotuve\\\/#organization\"},\"alternateName\":\"Viskas J\u016bs\u0173 \u0161uns, kat\u0117s prie\u017ei\u016brai\",\"potentialAction\":[{\"@type\":\"SearchAction\",\"target\":{\"@type\":\"EntryPoint\",\"urlTemplate\":\"https:\\\/\\\/anivet.lt\\\/elparduotuve\\\/?s={search_term_string}\"},\"query-input\":{\"@type\":\"PropertyValueSpecification\",\"valueRequired\":true,\"valueName\":\"search_term_string\"}}],\"inLanguage\":\"lt-LT\"},{\"@type\":\"Organization\",\"@id\":\"https:\\\/\\\/anivet.lt\\\/elparduotuve\\\/#organization\",\"name\":\"Viskas J\u016bs\u0173 \u0161uns, kat\u0117s prie\u017ei\u016brai\",\"url\":\"https:\\\/\\\/anivet.lt\\\/elparduotuve\\\/\",\"logo\":{\"@type\":\"ImageObject\",\"inLanguage\":\"lt-LT\",\"@id\":\"https:\\\/\\\/anivet.lt\\\/elparduotuve\\\/#\\\/schema\\\/logo\\\/image\\\/\",\"url\":\"https:\\\/\\\/anivet.lt\\\/elparduotuve\\\/wp-content\\\/uploads\\\/2023\\\/06\\\/logo2.jpg\",\"contentUrl\":\"https:\\\/\\\/anivet.lt\\\/elparduotuve\\\/wp-content\\\/uploads\\\/2023\\\/06\\\/logo2.jpg\",\"width\":655,\"height\":194,\"caption\":\"Viskas J\u016bs\u0173 \u0161uns, kat\u0117s prie\u017ei\u016brai\"},\"image\":{\"@id\":\"https:\\\/\\\/anivet.lt\\\/elparduotuve\\\/#\\\/schema\\\/logo\\\/image\\\/\"}}]}<\/script>\n<!-- \/ Yoast SEO Premium plugin. -->","yoast_head_json":{"title":"VetExpert 4T Vet. diet Hypoallergenic Insect Small Breed alergi\u0161kiems \u0161unims 2kg - anivet.lt","description":"Specializuotas dietinis maistas su vabzd\u017ei\u0173 baltymais ir bulv\u0117mis suaugusiems ma\u017e\u0173 veisli\u0173 \u0161unims, kuriems b\u016bdinga maisto netoleravimas bei odos problemos. Baltym\u0173 \u0161altinis i\u0161 Hermetia illucens vabzd\u017ei\u0173, derinamas su gr\u016bd\u0173 neturin\u010dia formule, u\u017etikrinantis efektyvi\u0105 pagalb\u0105 ma\u017einant \u0161uns alergines reakcijas ir maisto netoleravim\u0105.","robots":{"index":"index","follow":"follow","max-snippet":"max-snippet:-1","max-image-preview":"max-image-preview:large","max-video-preview":"max-video-preview:-1"},"canonical":"https:\/\/anivet.lt\/elparduotuve\/produktas\/vetexpert-4t-vet-diet-hypoallergenic-insect-small-breed-alergiskiems-sunims-2kg\/","og_locale":"lt_LT","og_type":"article","og_title":"VetExpert 4T Vet. diet Hypoallergenic Insect Small Breed alergi\u0161kiems \u0161unims 2kg","og_description":"Specializuotas dietinis maistas su vabzd\u017ei\u0173 baltymais ir bulv\u0117mis suaugusiems ma\u017e\u0173 veisli\u0173 \u0161unims, kuriems b\u016bdinga maisto netoleravimas bei odos problemos. Baltym\u0173 \u0161altinis i\u0161 Hermetia illucens vabzd\u017ei\u0173, derinamas su gr\u016bd\u0173 neturin\u010dia formule, u\u017etikrinantis efektyvi\u0105 pagalb\u0105 ma\u017einant \u0161uns alergines reakcijas ir maisto netoleravim\u0105.","og_url":"https:\/\/anivet.lt\/elparduotuve\/produktas\/vetexpert-4t-vet-diet-hypoallergenic-insect-small-breed-alergiskiems-sunims-2kg\/","og_site_name":"anivet.lt","article_modified_time":"2025-10-23T13:51:39+00:00","og_image":[{"width":650,"height":896,"url":"https:\/\/anivet.lt\/elparduotuve\/wp-content\/uploads\/2025\/10\/VetExpert-4T-Vet.-diet-Hypoallergenic-Insect-Small-Breed-alergiskiems-sunims-2kg.jpg","type":"image\/jpeg"}],"twitter_card":"summary_large_image","twitter_misc":{"Est. reading time":"1 minut\u0117"},"schema":{"@context":"https:\/\/schema.org","@graph":[{"@type":"WebPage","@id":"https:\/\/anivet.lt\/elparduotuve\/produktas\/vetexpert-4t-vet-diet-hypoallergenic-insect-small-breed-alergiskiems-sunims-2kg\/","url":"https:\/\/anivet.lt\/elparduotuve\/produktas\/vetexpert-4t-vet-diet-hypoallergenic-insect-small-breed-alergiskiems-sunims-2kg\/","name":"VetExpert 4T Vet. diet Hypoallergenic Insect Small Breed alergi\u0161kiems \u0161unims 2kg - anivet.lt","isPartOf":{"@id":"https:\/\/anivet.lt\/elparduotuve\/#website"},"primaryImageOfPage":{"@id":"https:\/\/anivet.lt\/elparduotuve\/produktas\/vetexpert-4t-vet-diet-hypoallergenic-insect-small-breed-alergiskiems-sunims-2kg\/#primaryimage"},"image":{"@id":"https:\/\/anivet.lt\/elparduotuve\/produktas\/vetexpert-4t-vet-diet-hypoallergenic-insect-small-breed-alergiskiems-sunims-2kg\/#primaryimage"},"thumbnailUrl":"https:\/\/anivet.lt\/elparduotuve\/wp-content\/uploads\/2025\/10\/VetExpert-4T-Vet.-diet-Hypoallergenic-Insect-Small-Breed-alergiskiems-sunims-2kg.jpg","datePublished":"2025-10-23T13:51:38+00:00","dateModified":"2025-10-23T13:51:39+00:00","description":"Specializuotas dietinis maistas su vabzd\u017ei\u0173 baltymais ir bulv\u0117mis suaugusiems ma\u017e\u0173 veisli\u0173 \u0161unims, kuriems b\u016bdinga maisto netoleravimas bei odos problemos. Baltym\u0173 \u0161altinis i\u0161 Hermetia illucens vabzd\u017ei\u0173, derinamas su gr\u016bd\u0173 neturin\u010dia formule, u\u017etikrinantis efektyvi\u0105 pagalb\u0105 ma\u017einant \u0161uns alergines reakcijas ir maisto netoleravim\u0105.","breadcrumb":{"@id":"https:\/\/anivet.lt\/elparduotuve\/produktas\/vetexpert-4t-vet-diet-hypoallergenic-insect-small-breed-alergiskiems-sunims-2kg\/#breadcrumb"},"inLanguage":"lt-LT","potentialAction":[{"@type":"ReadAction","target":["https:\/\/anivet.lt\/elparduotuve\/produktas\/vetexpert-4t-vet-diet-hypoallergenic-insect-small-breed-alergiskiems-sunims-2kg\/"]}]},{"@type":"ImageObject","inLanguage":"lt-LT","@id":"https:\/\/anivet.lt\/elparduotuve\/produktas\/vetexpert-4t-vet-diet-hypoallergenic-insect-small-breed-alergiskiems-sunims-2kg\/#primaryimage","url":"https:\/\/anivet.lt\/elparduotuve\/wp-content\/uploads\/2025\/10\/VetExpert-4T-Vet.-diet-Hypoallergenic-Insect-Small-Breed-alergiskiems-sunims-2kg.jpg","contentUrl":"https:\/\/anivet.lt\/elparduotuve\/wp-content\/uploads\/2025\/10\/VetExpert-4T-Vet.-diet-Hypoallergenic-Insect-Small-Breed-alergiskiems-sunims-2kg.jpg","width":650,"height":896,"caption":"VetExpert 4T Vet. diet Hypoallergenic Insect Small Breed alergi\u0161kiems \u0161unims 2kg"},{"@type":"BreadcrumbList","@id":"https:\/\/anivet.lt\/elparduotuve\/produktas\/vetexpert-4t-vet-diet-hypoallergenic-insect-small-breed-alergiskiems-sunims-2kg\/#breadcrumb","itemListElement":[{"@type":"ListItem","position":1,"name":"Home","item":"https:\/\/anivet.lt\/elparduotuve\/"},{"@type":"ListItem","position":2,"name":"Produktai","item":"https:\/\/anivet.lt\/elparduotuve\/produktai\/"},{"@type":"ListItem","position":3,"name":"VetExpert 4T Vet. diet Hypoallergenic Insect Small Breed alergi\u0161kiems \u0161unims 2kg"}]},{"@type":"WebSite","@id":"https:\/\/anivet.lt\/elparduotuve\/#website","url":"https:\/\/anivet.lt\/elparduotuve\/","name":"anivet.lt","description":"Viskas J\u016bs\u0173 \u0161uns, kat\u0117s prie\u017ei\u016brai","publisher":{"@id":"https:\/\/anivet.lt\/elparduotuve\/#organization"},"alternateName":"Viskas J\u016bs\u0173 \u0161uns, kat\u0117s prie\u017ei\u016brai","potentialAction":[{"@type":"SearchAction","target":{"@type":"EntryPoint","urlTemplate":"https:\/\/anivet.lt\/elparduotuve\/?s={search_term_string}"},"query-input":{"@type":"PropertyValueSpecification","valueRequired":true,"valueName":"search_term_string"}}],"inLanguage":"lt-LT"},{"@type":"Organization","@id":"https:\/\/anivet.lt\/elparduotuve\/#organization","name":"Viskas J\u016bs\u0173 \u0161uns, kat\u0117s prie\u017ei\u016brai","url":"https:\/\/anivet.lt\/elparduotuve\/","logo":{"@type":"ImageObject","inLanguage":"lt-LT","@id":"https:\/\/anivet.lt\/elparduotuve\/#\/schema\/logo\/image\/","url":"https:\/\/anivet.lt\/elparduotuve\/wp-content\/uploads\/2023\/06\/logo2.jpg","contentUrl":"https:\/\/anivet.lt\/elparduotuve\/wp-content\/uploads\/2023\/06\/logo2.jpg","width":655,"height":194,"caption":"Viskas J\u016bs\u0173 \u0161uns, kat\u0117s prie\u017ei\u016brai"},"image":{"@id":"https:\/\/anivet.lt\/elparduotuve\/#\/schema\/logo\/image\/"}}]}},"_links":{"self":[{"href":"https:\/\/anivet.lt\/elparduotuve\/wp-json\/wp\/v2\/product\/19031","targetHints":{"allow":["GET"]}}],"collection":[{"href":"https:\/\/anivet.lt\/elparduotuve\/wp-json\/wp\/v2\/product"}],"about":[{"href":"https:\/\/anivet.lt\/elparduotuve\/wp-json\/wp\/v2\/types\/product"}],"wp:featuredmedia":[{"embeddable":true,"href":"https:\/\/anivet.lt\/elparduotuve\/wp-json\/wp\/v2\/media\/19032"}],"wp:attachment":[{"href":"https:\/\/anivet.lt\/elparduotuve\/wp-json\/wp\/v2\/media?parent=19031"}],"wp:term":[{"taxonomy":"product_brand","embeddable":true,"href":"https:\/\/anivet.lt\/elparduotuve\/wp-json\/wp\/v2\/product_brand?post=19031"},{"taxonomy":"product_cat","embeddable":true,"href":"https:\/\/anivet.lt\/elparduotuve\/wp-json\/wp\/v2\/product_cat?post=19031"},{"taxonomy":"product_tag","embeddable":true,"href":"https:\/\/anivet.lt\/elparduotuve\/wp-json\/wp\/v2\/product_tag?post=19031"}],"curies":[{"name":"wp","href":"https:\/\/api.w.org\/{rel}","templated":true}]}}