{"id":19215,"date":"2025-12-01T21:04:21","date_gmt":"2025-12-01T21:04:21","guid":{"rendered":"https:\/\/anivet.lt\/elparduotuve\/?post_type=product&#038;p=19215"},"modified":"2026-04-06T08:21:18","modified_gmt":"2026-04-06T08:21:18","slug":"lab-v-auri-vet-ausu-valiklis-sunims-75ml","status":"publish","type":"product","link":"https:\/\/anivet.lt\/elparduotuve\/produktas\/lab-v-auri-vet-ausu-valiklis-sunims-75ml\/","title":{"rendered":"Lab-V Auri Vet aus\u0173 valiklis \u0161unims 75ml"},"content":{"rendered":"<ul>\n<li><span lang=\"en-US\">D\u0117l specialiai sukurtos formul\u0117s su sidabru ir koloidiniu variu priemon\u0117 pasi\u017eymi antibakteriniu ir prie\u0161grybeliniu poveikiu. Skystis veiksmingai pa\u0161alina ne\u0161varumus ir perteklin\u0119 sier\u0105, suteikdamas \u0161uniui daugiau komforto ir pad\u0117damas i\u0161laikyti sveikas ausis.<\/span><\/li>\n<li>Efektyvi prie\u017ei\u016bra \u2013 \u0161velniai i\u0161valo aus\u0173 kanal\u0105, pa\u0161alina susikaupusi\u0105 sier\u0105, ne\u0161varumus ir dr\u0117gm\u0117s pertekli\u0173.<\/li>\n<li>Raminamasis poveikis \u2013 padeda suma\u017einti diskomfort\u0105, nuramina sudirgim\u0105 ir prisideda prie geresn\u0117s aus\u0173 b\u016bkl\u0117s.<\/li>\n<li>Saugus naudojimas \u2013 sud\u0117tyje esantys \u0161veln\u016bs valomieji komponentai nedirgina odos ir tinka net jautresniems augintiniams.<\/li>\n<\/ul>\n","protected":false},"excerpt":{"rendered":"<p>\u201e<span lang=\"en-US\">Auri Vet\u201c<\/span><span lang=\"en-US\"> \u2013 patikima aus\u0173 prie\u017ei\u016bros priemon\u0117 \u0161unims, skirta palaikyti tinkam\u0105 ausies kanalo \u0161var\u0105 ir suma\u017einti infekcij\u0173 bei u\u017edegim\u0173 tikimyb\u0119.<\/span><\/p>\n","protected":false},"featured_media":19216,"template":"","meta":[],"product_brand":[],"product_cat":[101,108,110],"product_tag":[],"class_list":{"0":"post-19215","1":"product","2":"type-product","3":"status-publish","4":"has-post-thumbnail","6":"product_cat-sunims","7":"product_cat-prieziuros-priemones","8":"product_cat-ausu-akiu-nosyciu-prieziura","10":"first","11":"instock","12":"sale","13":"taxable","14":"shipping-taxable","15":"purchasable","16":"product-type-simple"},"yoast_head":"<!-- This site is optimized with the Yoast SEO Premium plugin v27.1 (Yoast SEO v27.5) - https:\/\/yoast.com\/product\/yoast-seo-premium-wordpress\/ -->\n<title>Lab-V Auri Vet aus\u0173 valiklis \u0161unims 75ml - anivet.lt<\/title>\n<meta name=\"description\" content=\"\u201eAuri Vet\u201c \u2013 patikima aus\u0173 prie\u017ei\u016bros priemon\u0117 \u0161unims, skirta palaikyti tinkam\u0105 ausies kanalo \u0161var\u0105 ir suma\u017einti infekcij\u0173 bei u\u017edegim\u0173 tikimyb\u0119.\" \/>\n<meta name=\"robots\" content=\"index, follow, max-snippet:-1, max-image-preview:large, max-video-preview:-1\" \/>\n<link rel=\"canonical\" href=\"https:\/\/anivet.lt\/elparduotuve\/produktas\/lab-v-auri-vet-ausu-valiklis-sunims-75ml\/\" \/>\n<meta property=\"og:locale\" content=\"lt_LT\" \/>\n<meta property=\"og:type\" content=\"article\" \/>\n<meta property=\"og:title\" content=\"Lab-V Auri Vet aus\u0173 valiklis \u0161unims 75ml\" \/>\n<meta property=\"og:description\" content=\"\u201eAuri Vet\u201c \u2013 patikima aus\u0173 prie\u017ei\u016bros priemon\u0117 \u0161unims, skirta palaikyti tinkam\u0105 ausies kanalo \u0161var\u0105 ir suma\u017einti infekcij\u0173 bei u\u017edegim\u0173 tikimyb\u0119.\" \/>\n<meta property=\"og:url\" content=\"https:\/\/anivet.lt\/elparduotuve\/produktas\/lab-v-auri-vet-ausu-valiklis-sunims-75ml\/\" \/>\n<meta property=\"og:site_name\" content=\"anivet.lt\" \/>\n<meta property=\"article:modified_time\" content=\"2026-04-06T08:21:18+00:00\" \/>\n<meta property=\"og:image\" content=\"https:\/\/anivet.lt\/elparduotuve\/wp-content\/uploads\/2025\/12\/Lab-V-Auri-Vet-ausu-valiklis-sunims-75ml.jpg\" \/>\n\t<meta property=\"og:image:width\" content=\"650\" \/>\n\t<meta property=\"og:image:height\" content=\"650\" \/>\n\t<meta property=\"og:image:type\" content=\"image\/jpeg\" \/>\n<meta name=\"twitter:card\" content=\"summary_large_image\" \/>\n<meta name=\"twitter:label1\" content=\"Est. reading time\" \/>\n\t<meta name=\"twitter:data1\" content=\"1 minut\u0117\" \/>\n<script type=\"application\/ld+json\" class=\"yoast-schema-graph\">{\"@context\":\"https:\\\/\\\/schema.org\",\"@graph\":[{\"@type\":\"WebPage\",\"@id\":\"https:\\\/\\\/anivet.lt\\\/elparduotuve\\\/produktas\\\/lab-v-auri-vet-ausu-valiklis-sunims-75ml\\\/\",\"url\":\"https:\\\/\\\/anivet.lt\\\/elparduotuve\\\/produktas\\\/lab-v-auri-vet-ausu-valiklis-sunims-75ml\\\/\",\"name\":\"Lab-V Auri Vet aus\u0173 valiklis \u0161unims 75ml - anivet.lt\",\"isPartOf\":{\"@id\":\"https:\\\/\\\/anivet.lt\\\/elparduotuve\\\/#website\"},\"primaryImageOfPage\":{\"@id\":\"https:\\\/\\\/anivet.lt\\\/elparduotuve\\\/produktas\\\/lab-v-auri-vet-ausu-valiklis-sunims-75ml\\\/#primaryimage\"},\"image\":{\"@id\":\"https:\\\/\\\/anivet.lt\\\/elparduotuve\\\/produktas\\\/lab-v-auri-vet-ausu-valiklis-sunims-75ml\\\/#primaryimage\"},\"thumbnailUrl\":\"https:\\\/\\\/anivet.lt\\\/elparduotuve\\\/wp-content\\\/uploads\\\/2025\\\/12\\\/Lab-V-Auri-Vet-ausu-valiklis-sunims-75ml.jpg\",\"datePublished\":\"2025-12-01T21:04:21+00:00\",\"dateModified\":\"2026-04-06T08:21:18+00:00\",\"description\":\"\u201eAuri Vet\u201c \u2013 patikima aus\u0173 prie\u017ei\u016bros priemon\u0117 \u0161unims, skirta palaikyti tinkam\u0105 ausies kanalo \u0161var\u0105 ir suma\u017einti infekcij\u0173 bei u\u017edegim\u0173 tikimyb\u0119.\",\"breadcrumb\":{\"@id\":\"https:\\\/\\\/anivet.lt\\\/elparduotuve\\\/produktas\\\/lab-v-auri-vet-ausu-valiklis-sunims-75ml\\\/#breadcrumb\"},\"inLanguage\":\"lt-LT\",\"potentialAction\":[{\"@type\":\"ReadAction\",\"target\":[\"https:\\\/\\\/anivet.lt\\\/elparduotuve\\\/produktas\\\/lab-v-auri-vet-ausu-valiklis-sunims-75ml\\\/\"]}]},{\"@type\":\"ImageObject\",\"inLanguage\":\"lt-LT\",\"@id\":\"https:\\\/\\\/anivet.lt\\\/elparduotuve\\\/produktas\\\/lab-v-auri-vet-ausu-valiklis-sunims-75ml\\\/#primaryimage\",\"url\":\"https:\\\/\\\/anivet.lt\\\/elparduotuve\\\/wp-content\\\/uploads\\\/2025\\\/12\\\/Lab-V-Auri-Vet-ausu-valiklis-sunims-75ml.jpg\",\"contentUrl\":\"https:\\\/\\\/anivet.lt\\\/elparduotuve\\\/wp-content\\\/uploads\\\/2025\\\/12\\\/Lab-V-Auri-Vet-ausu-valiklis-sunims-75ml.jpg\",\"width\":650,\"height\":650,\"caption\":\"Lab-V Auri Vet aus\u0173 valiklis \u0161unims 75ml\"},{\"@type\":\"BreadcrumbList\",\"@id\":\"https:\\\/\\\/anivet.lt\\\/elparduotuve\\\/produktas\\\/lab-v-auri-vet-ausu-valiklis-sunims-75ml\\\/#breadcrumb\",\"itemListElement\":[{\"@type\":\"ListItem\",\"position\":1,\"name\":\"Home\",\"item\":\"https:\\\/\\\/anivet.lt\\\/elparduotuve\\\/\"},{\"@type\":\"ListItem\",\"position\":2,\"name\":\"Produktai\",\"item\":\"https:\\\/\\\/anivet.lt\\\/elparduotuve\\\/produktai\\\/\"},{\"@type\":\"ListItem\",\"position\":3,\"name\":\"Lab-V Auri Vet aus\u0173 valiklis \u0161unims 75ml\"}]},{\"@type\":\"WebSite\",\"@id\":\"https:\\\/\\\/anivet.lt\\\/elparduotuve\\\/#website\",\"url\":\"https:\\\/\\\/anivet.lt\\\/elparduotuve\\\/\",\"name\":\"anivet.lt\",\"description\":\"Viskas J\u016bs\u0173 \u0161uns, kat\u0117s prie\u017ei\u016brai\",\"publisher\":{\"@id\":\"https:\\\/\\\/anivet.lt\\\/elparduotuve\\\/#organization\"},\"alternateName\":\"Viskas J\u016bs\u0173 \u0161uns, kat\u0117s prie\u017ei\u016brai\",\"potentialAction\":[{\"@type\":\"SearchAction\",\"target\":{\"@type\":\"EntryPoint\",\"urlTemplate\":\"https:\\\/\\\/anivet.lt\\\/elparduotuve\\\/?s={search_term_string}\"},\"query-input\":{\"@type\":\"PropertyValueSpecification\",\"valueRequired\":true,\"valueName\":\"search_term_string\"}}],\"inLanguage\":\"lt-LT\"},{\"@type\":\"Organization\",\"@id\":\"https:\\\/\\\/anivet.lt\\\/elparduotuve\\\/#organization\",\"name\":\"Viskas J\u016bs\u0173 \u0161uns, kat\u0117s prie\u017ei\u016brai\",\"url\":\"https:\\\/\\\/anivet.lt\\\/elparduotuve\\\/\",\"logo\":{\"@type\":\"ImageObject\",\"inLanguage\":\"lt-LT\",\"@id\":\"https:\\\/\\\/anivet.lt\\\/elparduotuve\\\/#\\\/schema\\\/logo\\\/image\\\/\",\"url\":\"https:\\\/\\\/anivet.lt\\\/elparduotuve\\\/wp-content\\\/uploads\\\/2023\\\/06\\\/logo2.jpg\",\"contentUrl\":\"https:\\\/\\\/anivet.lt\\\/elparduotuve\\\/wp-content\\\/uploads\\\/2023\\\/06\\\/logo2.jpg\",\"width\":655,\"height\":194,\"caption\":\"Viskas J\u016bs\u0173 \u0161uns, kat\u0117s prie\u017ei\u016brai\"},\"image\":{\"@id\":\"https:\\\/\\\/anivet.lt\\\/elparduotuve\\\/#\\\/schema\\\/logo\\\/image\\\/\"}}]}<\/script>\n<!-- \/ Yoast SEO Premium plugin. -->","yoast_head_json":{"title":"Lab-V Auri Vet aus\u0173 valiklis \u0161unims 75ml - anivet.lt","description":"\u201eAuri Vet\u201c \u2013 patikima aus\u0173 prie\u017ei\u016bros priemon\u0117 \u0161unims, skirta palaikyti tinkam\u0105 ausies kanalo \u0161var\u0105 ir suma\u017einti infekcij\u0173 bei u\u017edegim\u0173 tikimyb\u0119.","robots":{"index":"index","follow":"follow","max-snippet":"max-snippet:-1","max-image-preview":"max-image-preview:large","max-video-preview":"max-video-preview:-1"},"canonical":"https:\/\/anivet.lt\/elparduotuve\/produktas\/lab-v-auri-vet-ausu-valiklis-sunims-75ml\/","og_locale":"lt_LT","og_type":"article","og_title":"Lab-V Auri Vet aus\u0173 valiklis \u0161unims 75ml","og_description":"\u201eAuri Vet\u201c \u2013 patikima aus\u0173 prie\u017ei\u016bros priemon\u0117 \u0161unims, skirta palaikyti tinkam\u0105 ausies kanalo \u0161var\u0105 ir suma\u017einti infekcij\u0173 bei u\u017edegim\u0173 tikimyb\u0119.","og_url":"https:\/\/anivet.lt\/elparduotuve\/produktas\/lab-v-auri-vet-ausu-valiklis-sunims-75ml\/","og_site_name":"anivet.lt","article_modified_time":"2026-04-06T08:21:18+00:00","og_image":[{"width":650,"height":650,"url":"https:\/\/anivet.lt\/elparduotuve\/wp-content\/uploads\/2025\/12\/Lab-V-Auri-Vet-ausu-valiklis-sunims-75ml.jpg","type":"image\/jpeg"}],"twitter_card":"summary_large_image","twitter_misc":{"Est. reading time":"1 minut\u0117"},"schema":{"@context":"https:\/\/schema.org","@graph":[{"@type":"WebPage","@id":"https:\/\/anivet.lt\/elparduotuve\/produktas\/lab-v-auri-vet-ausu-valiklis-sunims-75ml\/","url":"https:\/\/anivet.lt\/elparduotuve\/produktas\/lab-v-auri-vet-ausu-valiklis-sunims-75ml\/","name":"Lab-V Auri Vet aus\u0173 valiklis \u0161unims 75ml - anivet.lt","isPartOf":{"@id":"https:\/\/anivet.lt\/elparduotuve\/#website"},"primaryImageOfPage":{"@id":"https:\/\/anivet.lt\/elparduotuve\/produktas\/lab-v-auri-vet-ausu-valiklis-sunims-75ml\/#primaryimage"},"image":{"@id":"https:\/\/anivet.lt\/elparduotuve\/produktas\/lab-v-auri-vet-ausu-valiklis-sunims-75ml\/#primaryimage"},"thumbnailUrl":"https:\/\/anivet.lt\/elparduotuve\/wp-content\/uploads\/2025\/12\/Lab-V-Auri-Vet-ausu-valiklis-sunims-75ml.jpg","datePublished":"2025-12-01T21:04:21+00:00","dateModified":"2026-04-06T08:21:18+00:00","description":"\u201eAuri Vet\u201c \u2013 patikima aus\u0173 prie\u017ei\u016bros priemon\u0117 \u0161unims, skirta palaikyti tinkam\u0105 ausies kanalo \u0161var\u0105 ir suma\u017einti infekcij\u0173 bei u\u017edegim\u0173 tikimyb\u0119.","breadcrumb":{"@id":"https:\/\/anivet.lt\/elparduotuve\/produktas\/lab-v-auri-vet-ausu-valiklis-sunims-75ml\/#breadcrumb"},"inLanguage":"lt-LT","potentialAction":[{"@type":"ReadAction","target":["https:\/\/anivet.lt\/elparduotuve\/produktas\/lab-v-auri-vet-ausu-valiklis-sunims-75ml\/"]}]},{"@type":"ImageObject","inLanguage":"lt-LT","@id":"https:\/\/anivet.lt\/elparduotuve\/produktas\/lab-v-auri-vet-ausu-valiklis-sunims-75ml\/#primaryimage","url":"https:\/\/anivet.lt\/elparduotuve\/wp-content\/uploads\/2025\/12\/Lab-V-Auri-Vet-ausu-valiklis-sunims-75ml.jpg","contentUrl":"https:\/\/anivet.lt\/elparduotuve\/wp-content\/uploads\/2025\/12\/Lab-V-Auri-Vet-ausu-valiklis-sunims-75ml.jpg","width":650,"height":650,"caption":"Lab-V Auri Vet aus\u0173 valiklis \u0161unims 75ml"},{"@type":"BreadcrumbList","@id":"https:\/\/anivet.lt\/elparduotuve\/produktas\/lab-v-auri-vet-ausu-valiklis-sunims-75ml\/#breadcrumb","itemListElement":[{"@type":"ListItem","position":1,"name":"Home","item":"https:\/\/anivet.lt\/elparduotuve\/"},{"@type":"ListItem","position":2,"name":"Produktai","item":"https:\/\/anivet.lt\/elparduotuve\/produktai\/"},{"@type":"ListItem","position":3,"name":"Lab-V Auri Vet aus\u0173 valiklis \u0161unims 75ml"}]},{"@type":"WebSite","@id":"https:\/\/anivet.lt\/elparduotuve\/#website","url":"https:\/\/anivet.lt\/elparduotuve\/","name":"anivet.lt","description":"Viskas J\u016bs\u0173 \u0161uns, kat\u0117s prie\u017ei\u016brai","publisher":{"@id":"https:\/\/anivet.lt\/elparduotuve\/#organization"},"alternateName":"Viskas J\u016bs\u0173 \u0161uns, kat\u0117s prie\u017ei\u016brai","potentialAction":[{"@type":"SearchAction","target":{"@type":"EntryPoint","urlTemplate":"https:\/\/anivet.lt\/elparduotuve\/?s={search_term_string}"},"query-input":{"@type":"PropertyValueSpecification","valueRequired":true,"valueName":"search_term_string"}}],"inLanguage":"lt-LT"},{"@type":"Organization","@id":"https:\/\/anivet.lt\/elparduotuve\/#organization","name":"Viskas J\u016bs\u0173 \u0161uns, kat\u0117s prie\u017ei\u016brai","url":"https:\/\/anivet.lt\/elparduotuve\/","logo":{"@type":"ImageObject","inLanguage":"lt-LT","@id":"https:\/\/anivet.lt\/elparduotuve\/#\/schema\/logo\/image\/","url":"https:\/\/anivet.lt\/elparduotuve\/wp-content\/uploads\/2023\/06\/logo2.jpg","contentUrl":"https:\/\/anivet.lt\/elparduotuve\/wp-content\/uploads\/2023\/06\/logo2.jpg","width":655,"height":194,"caption":"Viskas J\u016bs\u0173 \u0161uns, kat\u0117s prie\u017ei\u016brai"},"image":{"@id":"https:\/\/anivet.lt\/elparduotuve\/#\/schema\/logo\/image\/"}}]}},"_links":{"self":[{"href":"https:\/\/anivet.lt\/elparduotuve\/wp-json\/wp\/v2\/product\/19215","targetHints":{"allow":["GET"]}}],"collection":[{"href":"https:\/\/anivet.lt\/elparduotuve\/wp-json\/wp\/v2\/product"}],"about":[{"href":"https:\/\/anivet.lt\/elparduotuve\/wp-json\/wp\/v2\/types\/product"}],"wp:featuredmedia":[{"embeddable":true,"href":"https:\/\/anivet.lt\/elparduotuve\/wp-json\/wp\/v2\/media\/19216"}],"wp:attachment":[{"href":"https:\/\/anivet.lt\/elparduotuve\/wp-json\/wp\/v2\/media?parent=19215"}],"wp:term":[{"taxonomy":"product_brand","embeddable":true,"href":"https:\/\/anivet.lt\/elparduotuve\/wp-json\/wp\/v2\/product_brand?post=19215"},{"taxonomy":"product_cat","embeddable":true,"href":"https:\/\/anivet.lt\/elparduotuve\/wp-json\/wp\/v2\/product_cat?post=19215"},{"taxonomy":"product_tag","embeddable":true,"href":"https:\/\/anivet.lt\/elparduotuve\/wp-json\/wp\/v2\/product_tag?post=19215"}],"curies":[{"name":"wp","href":"https:\/\/api.w.org\/{rel}","templated":true}]}}