{"id":19218,"date":"2025-12-01T21:25:10","date_gmt":"2025-12-01T21:25:10","guid":{"rendered":"https:\/\/anivet.lt\/elparduotuve\/?post_type=product&#038;p=19218"},"modified":"2025-12-01T21:25:12","modified_gmt":"2025-12-01T21:25:12","slug":"lab-v-derma-twist-odos-ir-kailio-veiklai-sunims-ir-katems-60-kaps","status":"publish","type":"product","link":"https:\/\/anivet.lt\/elparduotuve\/produktas\/lab-v-derma-twist-odos-ir-kailio-veiklai-sunims-ir-katems-60-kaps\/","title":{"rendered":"Lab-V Derma Twist odos ir kailio veiklai \u0161unims ir kat\u0117ms 60 kaps."},"content":{"rendered":"<ul>\n<li><span lang=\"en-US\">Oda \u2013 tai did\u017eiausias augintinio organas ir svarbiausia apsaugos linija nuo i\u0161orini\u0173 veiksni\u0173. Norint i\u0161laikyti jos sveikat\u0105, b\u016btinas nuolatinis riebal\u0173 r\u016bg\u0161\u010di\u0173, mineral\u0173 ir antioksidant\u0173 tiekimas. <\/span><\/li>\n<li>\u201eDerma Twist\u201c jungia GLA i\u0161 agurkli\u0173 aliejaus ir EPA\/DHA i\u0161 \u017euv\u0173 tauk\u0173, kurie stiprina hidrolipidin\u0119 pl\u0117vel\u0119, padeda suma\u017einti transepidermin\u012f vandens netekim\u0105 (TEWL) ir palaiko odos mink\u0161tum\u0105.<\/li>\n<li>Natrio hialuronatas i\u0161laiko dr\u0117gm\u0119 audiniuose, o cinkas ir biotinas skatina sveik\u0105 epidermio regeneracij\u0105 ir plauk\u0173 keratinizacij\u0105, tod\u0117l kailis tampa lygesnis, glotnesnis ir labiau \u017evilgantis.<\/li>\n<\/ul>\n<p>Privalumai:<\/p>\n<ul>\n<li>Stiprina odos apsaugin\u012f sluoksn\u012f ir kasdien suteikia kailiui nat\u016bralaus spindesio.<\/li>\n<li>Padeda palaikyti tinkam\u0105 odos dr\u0117gm\u0119 ir elastingum\u0105.<\/li>\n<li>Patogi vartojimo forma \u2013 kapsul\u0117 lengvai atsukama.<\/li>\n<\/ul>\n","protected":false},"excerpt":{"rendered":"<p>\u201e<span lang=\"en-US\">Derma Twist\u201c<\/span><span lang=\"en-US\"> \u2013 tai <\/span><span lang=\"en-US\">papildai<\/span><span lang=\"en-US\"> \u0161unims ir kat\u0117ms, sukurt<\/span><span lang=\"en-US\">i<\/span><span lang=\"en-US\"> siekiant pagerinti odos b\u016bkl\u0119 ir palaikyti sveik\u0105, blizgant\u012f kail\u012f.<\/span><\/p>\n","protected":false},"featured_media":19219,"template":"","meta":[],"product_brand":[],"product_cat":[101,102,113,124],"product_tag":[],"class_list":{"0":"post-19218","1":"product","2":"type-product","3":"status-publish","4":"has-post-thumbnail","6":"product_cat-sunims","7":"product_cat-katems","8":"product_cat-vitaminai-ir-papildai","9":"product_cat-vitaminai-ir-papildai-katems","10":"pa_prekinis-zenklas-lab-v","12":"first","13":"instock","14":"taxable","15":"shipping-taxable","16":"purchasable","17":"product-type-simple"},"yoast_head":"<!-- This site is optimized with the Yoast SEO Premium plugin v27.1 (Yoast SEO v27.5) - https:\/\/yoast.com\/product\/yoast-seo-premium-wordpress\/ -->\n<title>Lab-V Derma Twist odos ir kailio veiklai \u0161unims ir kat\u0117ms 60 kaps. - anivet.lt<\/title>\n<meta name=\"description\" content=\"\u201eDerma Twist\u201c \u2013 tai papildai \u0161unims ir kat\u0117ms, sukurti siekiant pagerinti odos b\u016bkl\u0119 ir palaikyti sveik\u0105, blizgant\u012f kail\u012f.\" \/>\n<meta name=\"robots\" content=\"index, follow, max-snippet:-1, max-image-preview:large, max-video-preview:-1\" \/>\n<link rel=\"canonical\" href=\"https:\/\/anivet.lt\/elparduotuve\/produktas\/lab-v-derma-twist-odos-ir-kailio-veiklai-sunims-ir-katems-60-kaps\/\" \/>\n<meta property=\"og:locale\" content=\"lt_LT\" \/>\n<meta property=\"og:type\" content=\"article\" \/>\n<meta property=\"og:title\" content=\"Lab-V Derma Twist odos ir kailio veiklai \u0161unims ir kat\u0117ms 60 kaps.\" \/>\n<meta property=\"og:description\" content=\"\u201eDerma Twist\u201c \u2013 tai papildai \u0161unims ir kat\u0117ms, sukurti siekiant pagerinti odos b\u016bkl\u0119 ir palaikyti sveik\u0105, blizgant\u012f kail\u012f.\" \/>\n<meta property=\"og:url\" content=\"https:\/\/anivet.lt\/elparduotuve\/produktas\/lab-v-derma-twist-odos-ir-kailio-veiklai-sunims-ir-katems-60-kaps\/\" \/>\n<meta property=\"og:site_name\" content=\"anivet.lt\" \/>\n<meta property=\"article:modified_time\" content=\"2025-12-01T21:25:12+00:00\" \/>\n<meta property=\"og:image\" content=\"https:\/\/anivet.lt\/elparduotuve\/wp-content\/uploads\/2025\/12\/Lab-V-Derma-Twist-odos-ir-kailio-veiklai-sunims-ir-katems-60-kaps.jpg\" \/>\n\t<meta property=\"og:image:width\" content=\"650\" \/>\n\t<meta property=\"og:image:height\" content=\"650\" \/>\n\t<meta property=\"og:image:type\" content=\"image\/jpeg\" \/>\n<meta name=\"twitter:card\" content=\"summary_large_image\" \/>\n<meta name=\"twitter:label1\" content=\"Est. reading time\" \/>\n\t<meta name=\"twitter:data1\" content=\"1 minut\u0117\" \/>\n<script type=\"application\/ld+json\" class=\"yoast-schema-graph\">{\"@context\":\"https:\\\/\\\/schema.org\",\"@graph\":[{\"@type\":\"WebPage\",\"@id\":\"https:\\\/\\\/anivet.lt\\\/elparduotuve\\\/produktas\\\/lab-v-derma-twist-odos-ir-kailio-veiklai-sunims-ir-katems-60-kaps\\\/\",\"url\":\"https:\\\/\\\/anivet.lt\\\/elparduotuve\\\/produktas\\\/lab-v-derma-twist-odos-ir-kailio-veiklai-sunims-ir-katems-60-kaps\\\/\",\"name\":\"Lab-V Derma Twist odos ir kailio veiklai \u0161unims ir kat\u0117ms 60 kaps. - anivet.lt\",\"isPartOf\":{\"@id\":\"https:\\\/\\\/anivet.lt\\\/elparduotuve\\\/#website\"},\"primaryImageOfPage\":{\"@id\":\"https:\\\/\\\/anivet.lt\\\/elparduotuve\\\/produktas\\\/lab-v-derma-twist-odos-ir-kailio-veiklai-sunims-ir-katems-60-kaps\\\/#primaryimage\"},\"image\":{\"@id\":\"https:\\\/\\\/anivet.lt\\\/elparduotuve\\\/produktas\\\/lab-v-derma-twist-odos-ir-kailio-veiklai-sunims-ir-katems-60-kaps\\\/#primaryimage\"},\"thumbnailUrl\":\"https:\\\/\\\/anivet.lt\\\/elparduotuve\\\/wp-content\\\/uploads\\\/2025\\\/12\\\/Lab-V-Derma-Twist-odos-ir-kailio-veiklai-sunims-ir-katems-60-kaps.jpg\",\"datePublished\":\"2025-12-01T21:25:10+00:00\",\"dateModified\":\"2025-12-01T21:25:12+00:00\",\"description\":\"\u201eDerma Twist\u201c \u2013 tai papildai \u0161unims ir kat\u0117ms, sukurti siekiant pagerinti odos b\u016bkl\u0119 ir palaikyti sveik\u0105, blizgant\u012f kail\u012f.\",\"breadcrumb\":{\"@id\":\"https:\\\/\\\/anivet.lt\\\/elparduotuve\\\/produktas\\\/lab-v-derma-twist-odos-ir-kailio-veiklai-sunims-ir-katems-60-kaps\\\/#breadcrumb\"},\"inLanguage\":\"lt-LT\",\"potentialAction\":[{\"@type\":\"ReadAction\",\"target\":[\"https:\\\/\\\/anivet.lt\\\/elparduotuve\\\/produktas\\\/lab-v-derma-twist-odos-ir-kailio-veiklai-sunims-ir-katems-60-kaps\\\/\"]}]},{\"@type\":\"ImageObject\",\"inLanguage\":\"lt-LT\",\"@id\":\"https:\\\/\\\/anivet.lt\\\/elparduotuve\\\/produktas\\\/lab-v-derma-twist-odos-ir-kailio-veiklai-sunims-ir-katems-60-kaps\\\/#primaryimage\",\"url\":\"https:\\\/\\\/anivet.lt\\\/elparduotuve\\\/wp-content\\\/uploads\\\/2025\\\/12\\\/Lab-V-Derma-Twist-odos-ir-kailio-veiklai-sunims-ir-katems-60-kaps.jpg\",\"contentUrl\":\"https:\\\/\\\/anivet.lt\\\/elparduotuve\\\/wp-content\\\/uploads\\\/2025\\\/12\\\/Lab-V-Derma-Twist-odos-ir-kailio-veiklai-sunims-ir-katems-60-kaps.jpg\",\"width\":650,\"height\":650,\"caption\":\"Lab-V Derma Twist odos ir kailio veiklai \u0161unims ir kat\u0117ms 60 kaps.\"},{\"@type\":\"BreadcrumbList\",\"@id\":\"https:\\\/\\\/anivet.lt\\\/elparduotuve\\\/produktas\\\/lab-v-derma-twist-odos-ir-kailio-veiklai-sunims-ir-katems-60-kaps\\\/#breadcrumb\",\"itemListElement\":[{\"@type\":\"ListItem\",\"position\":1,\"name\":\"Home\",\"item\":\"https:\\\/\\\/anivet.lt\\\/elparduotuve\\\/\"},{\"@type\":\"ListItem\",\"position\":2,\"name\":\"Produktai\",\"item\":\"https:\\\/\\\/anivet.lt\\\/elparduotuve\\\/produktai\\\/\"},{\"@type\":\"ListItem\",\"position\":3,\"name\":\"Lab-V Derma Twist odos ir kailio veiklai \u0161unims ir kat\u0117ms 60 kaps.\"}]},{\"@type\":\"WebSite\",\"@id\":\"https:\\\/\\\/anivet.lt\\\/elparduotuve\\\/#website\",\"url\":\"https:\\\/\\\/anivet.lt\\\/elparduotuve\\\/\",\"name\":\"anivet.lt\",\"description\":\"Viskas J\u016bs\u0173 \u0161uns, kat\u0117s prie\u017ei\u016brai\",\"publisher\":{\"@id\":\"https:\\\/\\\/anivet.lt\\\/elparduotuve\\\/#organization\"},\"alternateName\":\"Viskas J\u016bs\u0173 \u0161uns, kat\u0117s prie\u017ei\u016brai\",\"potentialAction\":[{\"@type\":\"SearchAction\",\"target\":{\"@type\":\"EntryPoint\",\"urlTemplate\":\"https:\\\/\\\/anivet.lt\\\/elparduotuve\\\/?s={search_term_string}\"},\"query-input\":{\"@type\":\"PropertyValueSpecification\",\"valueRequired\":true,\"valueName\":\"search_term_string\"}}],\"inLanguage\":\"lt-LT\"},{\"@type\":\"Organization\",\"@id\":\"https:\\\/\\\/anivet.lt\\\/elparduotuve\\\/#organization\",\"name\":\"Viskas J\u016bs\u0173 \u0161uns, kat\u0117s prie\u017ei\u016brai\",\"url\":\"https:\\\/\\\/anivet.lt\\\/elparduotuve\\\/\",\"logo\":{\"@type\":\"ImageObject\",\"inLanguage\":\"lt-LT\",\"@id\":\"https:\\\/\\\/anivet.lt\\\/elparduotuve\\\/#\\\/schema\\\/logo\\\/image\\\/\",\"url\":\"https:\\\/\\\/anivet.lt\\\/elparduotuve\\\/wp-content\\\/uploads\\\/2023\\\/06\\\/logo2.jpg\",\"contentUrl\":\"https:\\\/\\\/anivet.lt\\\/elparduotuve\\\/wp-content\\\/uploads\\\/2023\\\/06\\\/logo2.jpg\",\"width\":655,\"height\":194,\"caption\":\"Viskas J\u016bs\u0173 \u0161uns, kat\u0117s prie\u017ei\u016brai\"},\"image\":{\"@id\":\"https:\\\/\\\/anivet.lt\\\/elparduotuve\\\/#\\\/schema\\\/logo\\\/image\\\/\"}}]}<\/script>\n<!-- \/ Yoast SEO Premium plugin. -->","yoast_head_json":{"title":"Lab-V Derma Twist odos ir kailio veiklai \u0161unims ir kat\u0117ms 60 kaps. - anivet.lt","description":"\u201eDerma Twist\u201c \u2013 tai papildai \u0161unims ir kat\u0117ms, sukurti siekiant pagerinti odos b\u016bkl\u0119 ir palaikyti sveik\u0105, blizgant\u012f kail\u012f.","robots":{"index":"index","follow":"follow","max-snippet":"max-snippet:-1","max-image-preview":"max-image-preview:large","max-video-preview":"max-video-preview:-1"},"canonical":"https:\/\/anivet.lt\/elparduotuve\/produktas\/lab-v-derma-twist-odos-ir-kailio-veiklai-sunims-ir-katems-60-kaps\/","og_locale":"lt_LT","og_type":"article","og_title":"Lab-V Derma Twist odos ir kailio veiklai \u0161unims ir kat\u0117ms 60 kaps.","og_description":"\u201eDerma Twist\u201c \u2013 tai papildai \u0161unims ir kat\u0117ms, sukurti siekiant pagerinti odos b\u016bkl\u0119 ir palaikyti sveik\u0105, blizgant\u012f kail\u012f.","og_url":"https:\/\/anivet.lt\/elparduotuve\/produktas\/lab-v-derma-twist-odos-ir-kailio-veiklai-sunims-ir-katems-60-kaps\/","og_site_name":"anivet.lt","article_modified_time":"2025-12-01T21:25:12+00:00","og_image":[{"width":650,"height":650,"url":"https:\/\/anivet.lt\/elparduotuve\/wp-content\/uploads\/2025\/12\/Lab-V-Derma-Twist-odos-ir-kailio-veiklai-sunims-ir-katems-60-kaps.jpg","type":"image\/jpeg"}],"twitter_card":"summary_large_image","twitter_misc":{"Est. reading time":"1 minut\u0117"},"schema":{"@context":"https:\/\/schema.org","@graph":[{"@type":"WebPage","@id":"https:\/\/anivet.lt\/elparduotuve\/produktas\/lab-v-derma-twist-odos-ir-kailio-veiklai-sunims-ir-katems-60-kaps\/","url":"https:\/\/anivet.lt\/elparduotuve\/produktas\/lab-v-derma-twist-odos-ir-kailio-veiklai-sunims-ir-katems-60-kaps\/","name":"Lab-V Derma Twist odos ir kailio veiklai \u0161unims ir kat\u0117ms 60 kaps. - anivet.lt","isPartOf":{"@id":"https:\/\/anivet.lt\/elparduotuve\/#website"},"primaryImageOfPage":{"@id":"https:\/\/anivet.lt\/elparduotuve\/produktas\/lab-v-derma-twist-odos-ir-kailio-veiklai-sunims-ir-katems-60-kaps\/#primaryimage"},"image":{"@id":"https:\/\/anivet.lt\/elparduotuve\/produktas\/lab-v-derma-twist-odos-ir-kailio-veiklai-sunims-ir-katems-60-kaps\/#primaryimage"},"thumbnailUrl":"https:\/\/anivet.lt\/elparduotuve\/wp-content\/uploads\/2025\/12\/Lab-V-Derma-Twist-odos-ir-kailio-veiklai-sunims-ir-katems-60-kaps.jpg","datePublished":"2025-12-01T21:25:10+00:00","dateModified":"2025-12-01T21:25:12+00:00","description":"\u201eDerma Twist\u201c \u2013 tai papildai \u0161unims ir kat\u0117ms, sukurti siekiant pagerinti odos b\u016bkl\u0119 ir palaikyti sveik\u0105, blizgant\u012f kail\u012f.","breadcrumb":{"@id":"https:\/\/anivet.lt\/elparduotuve\/produktas\/lab-v-derma-twist-odos-ir-kailio-veiklai-sunims-ir-katems-60-kaps\/#breadcrumb"},"inLanguage":"lt-LT","potentialAction":[{"@type":"ReadAction","target":["https:\/\/anivet.lt\/elparduotuve\/produktas\/lab-v-derma-twist-odos-ir-kailio-veiklai-sunims-ir-katems-60-kaps\/"]}]},{"@type":"ImageObject","inLanguage":"lt-LT","@id":"https:\/\/anivet.lt\/elparduotuve\/produktas\/lab-v-derma-twist-odos-ir-kailio-veiklai-sunims-ir-katems-60-kaps\/#primaryimage","url":"https:\/\/anivet.lt\/elparduotuve\/wp-content\/uploads\/2025\/12\/Lab-V-Derma-Twist-odos-ir-kailio-veiklai-sunims-ir-katems-60-kaps.jpg","contentUrl":"https:\/\/anivet.lt\/elparduotuve\/wp-content\/uploads\/2025\/12\/Lab-V-Derma-Twist-odos-ir-kailio-veiklai-sunims-ir-katems-60-kaps.jpg","width":650,"height":650,"caption":"Lab-V Derma Twist odos ir kailio veiklai \u0161unims ir kat\u0117ms 60 kaps."},{"@type":"BreadcrumbList","@id":"https:\/\/anivet.lt\/elparduotuve\/produktas\/lab-v-derma-twist-odos-ir-kailio-veiklai-sunims-ir-katems-60-kaps\/#breadcrumb","itemListElement":[{"@type":"ListItem","position":1,"name":"Home","item":"https:\/\/anivet.lt\/elparduotuve\/"},{"@type":"ListItem","position":2,"name":"Produktai","item":"https:\/\/anivet.lt\/elparduotuve\/produktai\/"},{"@type":"ListItem","position":3,"name":"Lab-V Derma Twist odos ir kailio veiklai \u0161unims ir kat\u0117ms 60 kaps."}]},{"@type":"WebSite","@id":"https:\/\/anivet.lt\/elparduotuve\/#website","url":"https:\/\/anivet.lt\/elparduotuve\/","name":"anivet.lt","description":"Viskas J\u016bs\u0173 \u0161uns, kat\u0117s prie\u017ei\u016brai","publisher":{"@id":"https:\/\/anivet.lt\/elparduotuve\/#organization"},"alternateName":"Viskas J\u016bs\u0173 \u0161uns, kat\u0117s prie\u017ei\u016brai","potentialAction":[{"@type":"SearchAction","target":{"@type":"EntryPoint","urlTemplate":"https:\/\/anivet.lt\/elparduotuve\/?s={search_term_string}"},"query-input":{"@type":"PropertyValueSpecification","valueRequired":true,"valueName":"search_term_string"}}],"inLanguage":"lt-LT"},{"@type":"Organization","@id":"https:\/\/anivet.lt\/elparduotuve\/#organization","name":"Viskas J\u016bs\u0173 \u0161uns, kat\u0117s prie\u017ei\u016brai","url":"https:\/\/anivet.lt\/elparduotuve\/","logo":{"@type":"ImageObject","inLanguage":"lt-LT","@id":"https:\/\/anivet.lt\/elparduotuve\/#\/schema\/logo\/image\/","url":"https:\/\/anivet.lt\/elparduotuve\/wp-content\/uploads\/2023\/06\/logo2.jpg","contentUrl":"https:\/\/anivet.lt\/elparduotuve\/wp-content\/uploads\/2023\/06\/logo2.jpg","width":655,"height":194,"caption":"Viskas J\u016bs\u0173 \u0161uns, kat\u0117s prie\u017ei\u016brai"},"image":{"@id":"https:\/\/anivet.lt\/elparduotuve\/#\/schema\/logo\/image\/"}}]}},"_links":{"self":[{"href":"https:\/\/anivet.lt\/elparduotuve\/wp-json\/wp\/v2\/product\/19218","targetHints":{"allow":["GET"]}}],"collection":[{"href":"https:\/\/anivet.lt\/elparduotuve\/wp-json\/wp\/v2\/product"}],"about":[{"href":"https:\/\/anivet.lt\/elparduotuve\/wp-json\/wp\/v2\/types\/product"}],"wp:featuredmedia":[{"embeddable":true,"href":"https:\/\/anivet.lt\/elparduotuve\/wp-json\/wp\/v2\/media\/19219"}],"wp:attachment":[{"href":"https:\/\/anivet.lt\/elparduotuve\/wp-json\/wp\/v2\/media?parent=19218"}],"wp:term":[{"taxonomy":"product_brand","embeddable":true,"href":"https:\/\/anivet.lt\/elparduotuve\/wp-json\/wp\/v2\/product_brand?post=19218"},{"taxonomy":"product_cat","embeddable":true,"href":"https:\/\/anivet.lt\/elparduotuve\/wp-json\/wp\/v2\/product_cat?post=19218"},{"taxonomy":"product_tag","embeddable":true,"href":"https:\/\/anivet.lt\/elparduotuve\/wp-json\/wp\/v2\/product_tag?post=19218"}],"curies":[{"name":"wp","href":"https:\/\/api.w.org\/{rel}","templated":true}]}}