{"id":19220,"date":"2025-12-01T21:49:38","date_gmt":"2025-12-01T21:49:38","guid":{"rendered":"https:\/\/anivet.lt\/elparduotuve\/?post_type=product&#038;p=19220"},"modified":"2026-05-08T06:38:25","modified_gmt":"2026-05-08T06:38:25","slug":"lab-v-immuno-twist-imuniteto-ir-gyvybingumo-palaikymui-sunims-ir-katems-60kaps","status":"publish","type":"product","link":"https:\/\/anivet.lt\/elparduotuve\/produktas\/lab-v-immuno-twist-imuniteto-ir-gyvybingumo-palaikymui-sunims-ir-katems-60kaps\/","title":{"rendered":"Lab-V Immuno Twist imuniteto ir gyvybingumo palaikymui \u0161unims ir kat\u0117ms 60kaps."},"content":{"rendered":"<ul>\n<li><span lang=\"en-US\">Ypa\u010d naudinga nusilpimo ar sveikimo periodais \u2013 po ligos, operacijos, patiriant stres\u0105, didesn\u012f fizin\u012f kr\u016bv\u012f ar besikei\u010diant sezonams. <\/span><\/li>\n<li>Vitamino C ir cinko derinys prisideda prie normalios imunin\u0117s funkcijos bei padeda apsaugoti l\u0105steles nuo oksidacin\u0117s \u017ealos. HMB \u2013 leucino metabolitas \u2013 remia atsinaujinimo procesus ir baltym\u0173 sintez\u0119. Saccharomyces cerevisiae mieli\u0173 beta gliukanai padeda palaikyti nat\u016bral\u0173 imunin\u012f atsak\u0105 ir sveik\u0105 vir\u0161kinamojo trakto veikl\u0105.<\/li>\n<li>Silpnesnis imunitetas gyv\u016bnams gali pasireik\u0161ti po ligos, chirurgini\u0173 proced\u016br\u0173, streso ar aplinkos poky\u010di\u0173. Tokiais laikotarpiais organizmui reikalingas papildomas mikroelement\u0173 palaikymas.<\/li>\n<li>\u201eImmuno Twist\u201c suteikia vitamino C ir cinko, reikaling\u0173 normaliai imunin\u0117s sistemos veiklai, taip pat HMB, kuris padeda palaikyti baltym\u0173 apykait\u0105 ir audini\u0173 atsistatym\u0105.<\/li>\n<li>Mink\u0161ta atsukama kapsul\u0117 leid\u017eia patogiai duoti papild\u0105 kasdien ir lengvai priderinti j\u012f prie \u012fprastos gyv\u016bno mitybos.<\/li>\n<\/ul>\n","protected":false},"excerpt":{"rendered":"<p>\u201e<span lang=\"en-US\">Immuno Twist\u201c \u2013 papildas skirtas nuolatinei imunin\u0117s sistemos funkcijai palaikyti. Sud\u0117tyje esan\u010dios med\u017eiagos padeda kasdien stiprinti organizmo gynybinius mechanizmus. <\/span><\/p>\n","protected":false},"featured_media":19221,"template":"","meta":[],"product_brand":[],"product_cat":[101,102,113,124],"product_tag":[],"class_list":{"0":"post-19220","1":"product","2":"type-product","3":"status-publish","4":"has-post-thumbnail","6":"product_cat-sunims","7":"product_cat-katems","8":"product_cat-vitaminai-ir-papildai","9":"product_cat-vitaminai-ir-papildai-katems","10":"pa_prekinis-zenklas-lab-v","12":"first","13":"instock","14":"taxable","15":"shipping-taxable","16":"purchasable","17":"product-type-simple"},"yoast_head":"<!-- This site is optimized with the Yoast SEO Premium plugin v27.1 (Yoast SEO v27.5) - https:\/\/yoast.com\/product\/yoast-seo-premium-wordpress\/ -->\n<title>Lab-V Immuno Twist imuniteto ir gyvybingumo palaikymui \u0161unims ir kat\u0117ms 60kaps. - anivet.lt<\/title>\n<meta name=\"description\" content=\"\u201eImmuno Twist\u201c \u2013 papildas skirtas nuolatinei imunin\u0117s sistemos funkcijai palaikyti. Sud\u0117tyje esan\u010dios med\u017eiagos padeda kasdien stiprinti organizmo gynybinius mechanizmus.\" \/>\n<meta name=\"robots\" content=\"index, follow, max-snippet:-1, max-image-preview:large, max-video-preview:-1\" \/>\n<link rel=\"canonical\" href=\"https:\/\/anivet.lt\/elparduotuve\/produktas\/lab-v-immuno-twist-imuniteto-ir-gyvybingumo-palaikymui-sunims-ir-katems-60kaps\/\" \/>\n<meta property=\"og:locale\" content=\"lt_LT\" \/>\n<meta property=\"og:type\" content=\"article\" \/>\n<meta property=\"og:title\" content=\"Lab-V Immuno Twist imuniteto ir gyvybingumo palaikymui \u0161unims ir kat\u0117ms 60kaps.\" \/>\n<meta property=\"og:description\" content=\"\u201eImmuno Twist\u201c \u2013 papildas skirtas nuolatinei imunin\u0117s sistemos funkcijai palaikyti. Sud\u0117tyje esan\u010dios med\u017eiagos padeda kasdien stiprinti organizmo gynybinius mechanizmus.\" \/>\n<meta property=\"og:url\" content=\"https:\/\/anivet.lt\/elparduotuve\/produktas\/lab-v-immuno-twist-imuniteto-ir-gyvybingumo-palaikymui-sunims-ir-katems-60kaps\/\" \/>\n<meta property=\"og:site_name\" content=\"anivet.lt\" \/>\n<meta property=\"article:modified_time\" content=\"2026-05-08T06:38:25+00:00\" \/>\n<meta property=\"og:image\" content=\"https:\/\/anivet.lt\/elparduotuve\/wp-content\/uploads\/2025\/12\/Lab-V-Immuno-Twist-imuniteto-ir-gyvybingumo-palaikymui-sunims-ir-katems-60kaps.jpg\" \/>\n\t<meta property=\"og:image:width\" content=\"650\" \/>\n\t<meta property=\"og:image:height\" content=\"650\" \/>\n\t<meta property=\"og:image:type\" content=\"image\/jpeg\" \/>\n<meta name=\"twitter:card\" content=\"summary_large_image\" \/>\n<meta name=\"twitter:label1\" content=\"Est. reading time\" \/>\n\t<meta name=\"twitter:data1\" content=\"1 minut\u0117\" \/>\n<script type=\"application\/ld+json\" class=\"yoast-schema-graph\">{\"@context\":\"https:\\\/\\\/schema.org\",\"@graph\":[{\"@type\":\"WebPage\",\"@id\":\"https:\\\/\\\/anivet.lt\\\/elparduotuve\\\/produktas\\\/lab-v-immuno-twist-imuniteto-ir-gyvybingumo-palaikymui-sunims-ir-katems-60kaps\\\/\",\"url\":\"https:\\\/\\\/anivet.lt\\\/elparduotuve\\\/produktas\\\/lab-v-immuno-twist-imuniteto-ir-gyvybingumo-palaikymui-sunims-ir-katems-60kaps\\\/\",\"name\":\"Lab-V Immuno Twist imuniteto ir gyvybingumo palaikymui \u0161unims ir kat\u0117ms 60kaps. - anivet.lt\",\"isPartOf\":{\"@id\":\"https:\\\/\\\/anivet.lt\\\/elparduotuve\\\/#website\"},\"primaryImageOfPage\":{\"@id\":\"https:\\\/\\\/anivet.lt\\\/elparduotuve\\\/produktas\\\/lab-v-immuno-twist-imuniteto-ir-gyvybingumo-palaikymui-sunims-ir-katems-60kaps\\\/#primaryimage\"},\"image\":{\"@id\":\"https:\\\/\\\/anivet.lt\\\/elparduotuve\\\/produktas\\\/lab-v-immuno-twist-imuniteto-ir-gyvybingumo-palaikymui-sunims-ir-katems-60kaps\\\/#primaryimage\"},\"thumbnailUrl\":\"https:\\\/\\\/anivet.lt\\\/elparduotuve\\\/wp-content\\\/uploads\\\/2025\\\/12\\\/Lab-V-Immuno-Twist-imuniteto-ir-gyvybingumo-palaikymui-sunims-ir-katems-60kaps.jpg\",\"datePublished\":\"2025-12-01T21:49:38+00:00\",\"dateModified\":\"2026-05-08T06:38:25+00:00\",\"description\":\"\u201eImmuno Twist\u201c \u2013 papildas skirtas nuolatinei imunin\u0117s sistemos funkcijai palaikyti. Sud\u0117tyje esan\u010dios med\u017eiagos padeda kasdien stiprinti organizmo gynybinius mechanizmus.\",\"breadcrumb\":{\"@id\":\"https:\\\/\\\/anivet.lt\\\/elparduotuve\\\/produktas\\\/lab-v-immuno-twist-imuniteto-ir-gyvybingumo-palaikymui-sunims-ir-katems-60kaps\\\/#breadcrumb\"},\"inLanguage\":\"lt-LT\",\"potentialAction\":[{\"@type\":\"ReadAction\",\"target\":[\"https:\\\/\\\/anivet.lt\\\/elparduotuve\\\/produktas\\\/lab-v-immuno-twist-imuniteto-ir-gyvybingumo-palaikymui-sunims-ir-katems-60kaps\\\/\"]}]},{\"@type\":\"ImageObject\",\"inLanguage\":\"lt-LT\",\"@id\":\"https:\\\/\\\/anivet.lt\\\/elparduotuve\\\/produktas\\\/lab-v-immuno-twist-imuniteto-ir-gyvybingumo-palaikymui-sunims-ir-katems-60kaps\\\/#primaryimage\",\"url\":\"https:\\\/\\\/anivet.lt\\\/elparduotuve\\\/wp-content\\\/uploads\\\/2025\\\/12\\\/Lab-V-Immuno-Twist-imuniteto-ir-gyvybingumo-palaikymui-sunims-ir-katems-60kaps.jpg\",\"contentUrl\":\"https:\\\/\\\/anivet.lt\\\/elparduotuve\\\/wp-content\\\/uploads\\\/2025\\\/12\\\/Lab-V-Immuno-Twist-imuniteto-ir-gyvybingumo-palaikymui-sunims-ir-katems-60kaps.jpg\",\"width\":650,\"height\":650,\"caption\":\"Lab-V Immuno Twist imuniteto ir gyvybingumo palaikymui \u0161unims ir kat\u0117ms 60kaps.\"},{\"@type\":\"BreadcrumbList\",\"@id\":\"https:\\\/\\\/anivet.lt\\\/elparduotuve\\\/produktas\\\/lab-v-immuno-twist-imuniteto-ir-gyvybingumo-palaikymui-sunims-ir-katems-60kaps\\\/#breadcrumb\",\"itemListElement\":[{\"@type\":\"ListItem\",\"position\":1,\"name\":\"Home\",\"item\":\"https:\\\/\\\/anivet.lt\\\/elparduotuve\\\/\"},{\"@type\":\"ListItem\",\"position\":2,\"name\":\"Produktai\",\"item\":\"https:\\\/\\\/anivet.lt\\\/elparduotuve\\\/produktai\\\/\"},{\"@type\":\"ListItem\",\"position\":3,\"name\":\"Lab-V Immuno Twist imuniteto ir gyvybingumo palaikymui \u0161unims ir kat\u0117ms 60kaps.\"}]},{\"@type\":\"WebSite\",\"@id\":\"https:\\\/\\\/anivet.lt\\\/elparduotuve\\\/#website\",\"url\":\"https:\\\/\\\/anivet.lt\\\/elparduotuve\\\/\",\"name\":\"anivet.lt\",\"description\":\"Viskas J\u016bs\u0173 \u0161uns, kat\u0117s prie\u017ei\u016brai\",\"publisher\":{\"@id\":\"https:\\\/\\\/anivet.lt\\\/elparduotuve\\\/#organization\"},\"alternateName\":\"Viskas J\u016bs\u0173 \u0161uns, kat\u0117s prie\u017ei\u016brai\",\"potentialAction\":[{\"@type\":\"SearchAction\",\"target\":{\"@type\":\"EntryPoint\",\"urlTemplate\":\"https:\\\/\\\/anivet.lt\\\/elparduotuve\\\/?s={search_term_string}\"},\"query-input\":{\"@type\":\"PropertyValueSpecification\",\"valueRequired\":true,\"valueName\":\"search_term_string\"}}],\"inLanguage\":\"lt-LT\"},{\"@type\":\"Organization\",\"@id\":\"https:\\\/\\\/anivet.lt\\\/elparduotuve\\\/#organization\",\"name\":\"Viskas J\u016bs\u0173 \u0161uns, kat\u0117s prie\u017ei\u016brai\",\"url\":\"https:\\\/\\\/anivet.lt\\\/elparduotuve\\\/\",\"logo\":{\"@type\":\"ImageObject\",\"inLanguage\":\"lt-LT\",\"@id\":\"https:\\\/\\\/anivet.lt\\\/elparduotuve\\\/#\\\/schema\\\/logo\\\/image\\\/\",\"url\":\"https:\\\/\\\/anivet.lt\\\/elparduotuve\\\/wp-content\\\/uploads\\\/2023\\\/06\\\/logo2.jpg\",\"contentUrl\":\"https:\\\/\\\/anivet.lt\\\/elparduotuve\\\/wp-content\\\/uploads\\\/2023\\\/06\\\/logo2.jpg\",\"width\":655,\"height\":194,\"caption\":\"Viskas J\u016bs\u0173 \u0161uns, kat\u0117s prie\u017ei\u016brai\"},\"image\":{\"@id\":\"https:\\\/\\\/anivet.lt\\\/elparduotuve\\\/#\\\/schema\\\/logo\\\/image\\\/\"}}]}<\/script>\n<!-- \/ Yoast SEO Premium plugin. -->","yoast_head_json":{"title":"Lab-V Immuno Twist imuniteto ir gyvybingumo palaikymui \u0161unims ir kat\u0117ms 60kaps. - anivet.lt","description":"\u201eImmuno Twist\u201c \u2013 papildas skirtas nuolatinei imunin\u0117s sistemos funkcijai palaikyti. Sud\u0117tyje esan\u010dios med\u017eiagos padeda kasdien stiprinti organizmo gynybinius mechanizmus.","robots":{"index":"index","follow":"follow","max-snippet":"max-snippet:-1","max-image-preview":"max-image-preview:large","max-video-preview":"max-video-preview:-1"},"canonical":"https:\/\/anivet.lt\/elparduotuve\/produktas\/lab-v-immuno-twist-imuniteto-ir-gyvybingumo-palaikymui-sunims-ir-katems-60kaps\/","og_locale":"lt_LT","og_type":"article","og_title":"Lab-V Immuno Twist imuniteto ir gyvybingumo palaikymui \u0161unims ir kat\u0117ms 60kaps.","og_description":"\u201eImmuno Twist\u201c \u2013 papildas skirtas nuolatinei imunin\u0117s sistemos funkcijai palaikyti. Sud\u0117tyje esan\u010dios med\u017eiagos padeda kasdien stiprinti organizmo gynybinius mechanizmus.","og_url":"https:\/\/anivet.lt\/elparduotuve\/produktas\/lab-v-immuno-twist-imuniteto-ir-gyvybingumo-palaikymui-sunims-ir-katems-60kaps\/","og_site_name":"anivet.lt","article_modified_time":"2026-05-08T06:38:25+00:00","og_image":[{"width":650,"height":650,"url":"https:\/\/anivet.lt\/elparduotuve\/wp-content\/uploads\/2025\/12\/Lab-V-Immuno-Twist-imuniteto-ir-gyvybingumo-palaikymui-sunims-ir-katems-60kaps.jpg","type":"image\/jpeg"}],"twitter_card":"summary_large_image","twitter_misc":{"Est. reading time":"1 minut\u0117"},"schema":{"@context":"https:\/\/schema.org","@graph":[{"@type":"WebPage","@id":"https:\/\/anivet.lt\/elparduotuve\/produktas\/lab-v-immuno-twist-imuniteto-ir-gyvybingumo-palaikymui-sunims-ir-katems-60kaps\/","url":"https:\/\/anivet.lt\/elparduotuve\/produktas\/lab-v-immuno-twist-imuniteto-ir-gyvybingumo-palaikymui-sunims-ir-katems-60kaps\/","name":"Lab-V Immuno Twist imuniteto ir gyvybingumo palaikymui \u0161unims ir kat\u0117ms 60kaps. - anivet.lt","isPartOf":{"@id":"https:\/\/anivet.lt\/elparduotuve\/#website"},"primaryImageOfPage":{"@id":"https:\/\/anivet.lt\/elparduotuve\/produktas\/lab-v-immuno-twist-imuniteto-ir-gyvybingumo-palaikymui-sunims-ir-katems-60kaps\/#primaryimage"},"image":{"@id":"https:\/\/anivet.lt\/elparduotuve\/produktas\/lab-v-immuno-twist-imuniteto-ir-gyvybingumo-palaikymui-sunims-ir-katems-60kaps\/#primaryimage"},"thumbnailUrl":"https:\/\/anivet.lt\/elparduotuve\/wp-content\/uploads\/2025\/12\/Lab-V-Immuno-Twist-imuniteto-ir-gyvybingumo-palaikymui-sunims-ir-katems-60kaps.jpg","datePublished":"2025-12-01T21:49:38+00:00","dateModified":"2026-05-08T06:38:25+00:00","description":"\u201eImmuno Twist\u201c \u2013 papildas skirtas nuolatinei imunin\u0117s sistemos funkcijai palaikyti. Sud\u0117tyje esan\u010dios med\u017eiagos padeda kasdien stiprinti organizmo gynybinius mechanizmus.","breadcrumb":{"@id":"https:\/\/anivet.lt\/elparduotuve\/produktas\/lab-v-immuno-twist-imuniteto-ir-gyvybingumo-palaikymui-sunims-ir-katems-60kaps\/#breadcrumb"},"inLanguage":"lt-LT","potentialAction":[{"@type":"ReadAction","target":["https:\/\/anivet.lt\/elparduotuve\/produktas\/lab-v-immuno-twist-imuniteto-ir-gyvybingumo-palaikymui-sunims-ir-katems-60kaps\/"]}]},{"@type":"ImageObject","inLanguage":"lt-LT","@id":"https:\/\/anivet.lt\/elparduotuve\/produktas\/lab-v-immuno-twist-imuniteto-ir-gyvybingumo-palaikymui-sunims-ir-katems-60kaps\/#primaryimage","url":"https:\/\/anivet.lt\/elparduotuve\/wp-content\/uploads\/2025\/12\/Lab-V-Immuno-Twist-imuniteto-ir-gyvybingumo-palaikymui-sunims-ir-katems-60kaps.jpg","contentUrl":"https:\/\/anivet.lt\/elparduotuve\/wp-content\/uploads\/2025\/12\/Lab-V-Immuno-Twist-imuniteto-ir-gyvybingumo-palaikymui-sunims-ir-katems-60kaps.jpg","width":650,"height":650,"caption":"Lab-V Immuno Twist imuniteto ir gyvybingumo palaikymui \u0161unims ir kat\u0117ms 60kaps."},{"@type":"BreadcrumbList","@id":"https:\/\/anivet.lt\/elparduotuve\/produktas\/lab-v-immuno-twist-imuniteto-ir-gyvybingumo-palaikymui-sunims-ir-katems-60kaps\/#breadcrumb","itemListElement":[{"@type":"ListItem","position":1,"name":"Home","item":"https:\/\/anivet.lt\/elparduotuve\/"},{"@type":"ListItem","position":2,"name":"Produktai","item":"https:\/\/anivet.lt\/elparduotuve\/produktai\/"},{"@type":"ListItem","position":3,"name":"Lab-V Immuno Twist imuniteto ir gyvybingumo palaikymui \u0161unims ir kat\u0117ms 60kaps."}]},{"@type":"WebSite","@id":"https:\/\/anivet.lt\/elparduotuve\/#website","url":"https:\/\/anivet.lt\/elparduotuve\/","name":"anivet.lt","description":"Viskas J\u016bs\u0173 \u0161uns, kat\u0117s prie\u017ei\u016brai","publisher":{"@id":"https:\/\/anivet.lt\/elparduotuve\/#organization"},"alternateName":"Viskas J\u016bs\u0173 \u0161uns, kat\u0117s prie\u017ei\u016brai","potentialAction":[{"@type":"SearchAction","target":{"@type":"EntryPoint","urlTemplate":"https:\/\/anivet.lt\/elparduotuve\/?s={search_term_string}"},"query-input":{"@type":"PropertyValueSpecification","valueRequired":true,"valueName":"search_term_string"}}],"inLanguage":"lt-LT"},{"@type":"Organization","@id":"https:\/\/anivet.lt\/elparduotuve\/#organization","name":"Viskas J\u016bs\u0173 \u0161uns, kat\u0117s prie\u017ei\u016brai","url":"https:\/\/anivet.lt\/elparduotuve\/","logo":{"@type":"ImageObject","inLanguage":"lt-LT","@id":"https:\/\/anivet.lt\/elparduotuve\/#\/schema\/logo\/image\/","url":"https:\/\/anivet.lt\/elparduotuve\/wp-content\/uploads\/2023\/06\/logo2.jpg","contentUrl":"https:\/\/anivet.lt\/elparduotuve\/wp-content\/uploads\/2023\/06\/logo2.jpg","width":655,"height":194,"caption":"Viskas J\u016bs\u0173 \u0161uns, kat\u0117s prie\u017ei\u016brai"},"image":{"@id":"https:\/\/anivet.lt\/elparduotuve\/#\/schema\/logo\/image\/"}}]}},"_links":{"self":[{"href":"https:\/\/anivet.lt\/elparduotuve\/wp-json\/wp\/v2\/product\/19220","targetHints":{"allow":["GET"]}}],"collection":[{"href":"https:\/\/anivet.lt\/elparduotuve\/wp-json\/wp\/v2\/product"}],"about":[{"href":"https:\/\/anivet.lt\/elparduotuve\/wp-json\/wp\/v2\/types\/product"}],"wp:featuredmedia":[{"embeddable":true,"href":"https:\/\/anivet.lt\/elparduotuve\/wp-json\/wp\/v2\/media\/19221"}],"wp:attachment":[{"href":"https:\/\/anivet.lt\/elparduotuve\/wp-json\/wp\/v2\/media?parent=19220"}],"wp:term":[{"taxonomy":"product_brand","embeddable":true,"href":"https:\/\/anivet.lt\/elparduotuve\/wp-json\/wp\/v2\/product_brand?post=19220"},{"taxonomy":"product_cat","embeddable":true,"href":"https:\/\/anivet.lt\/elparduotuve\/wp-json\/wp\/v2\/product_cat?post=19220"},{"taxonomy":"product_tag","embeddable":true,"href":"https:\/\/anivet.lt\/elparduotuve\/wp-json\/wp\/v2\/product_tag?post=19220"}],"curies":[{"name":"wp","href":"https:\/\/api.w.org\/{rel}","templated":true}]}}