{"id":19337,"date":"2025-12-13T11:21:59","date_gmt":"2025-12-13T11:21:59","guid":{"rendered":"https:\/\/anivet.lt\/elparduotuve\/?post_type=product&#038;p=19337"},"modified":"2026-04-25T08:00:08","modified_gmt":"2026-04-25T08:00:08","slug":"advance-wet-adult-chicken-konservai-katems-su-vistiena-85g-x-12","status":"publish","type":"product","link":"https:\/\/anivet.lt\/elparduotuve\/produktas\/advance-wet-adult-chicken-konservai-katems-su-vistiena-85g-x-12\/","title":{"rendered":"Advance Wet Adult Chicken konservai kat\u0117ms su vi\u0161tiena 85g x 12"},"content":{"rendered":"<ul>\n<li><span lang=\"en-US\">Omega-6 ir omega-3 riebal\u0173 r\u016bg\u0161tys bei cinkas padeda palaikyti sveik\u0105 od\u0105 ir blizgant\u012f kail\u012f.<\/span><\/li>\n<li>Didelis baltym\u0173 kiekis prisideda prie raumen\u0173 mas\u0117s i\u0161laikymo.<\/li>\n<li>Gaminamas i\u0161 auk\u0161tos kokyb\u0117s garuose apdorot\u0173 ingredient\u0173, patiekiam\u0173 kaip skan\u016bs gabal\u0117liai pada\u017ee, kuris taip pat padeda palaikyti tinkam\u0105 kat\u0117s hidratacij\u0105.<\/li>\n<\/ul>\n","protected":false},"excerpt":{"rendered":"<p><span lang=\"en-US\">Advance Wet Adult Cat <\/span><span lang=\"en-US\">k<\/span><span lang=\"en-US\">onservai gali b\u016bti derinami su kasdieniu sausu pa\u0161aru, siekiant suteikti \u012fvairov\u0117s, arba gali b\u016bti duodami vieni. \u0160is pa\u0161aras ypa\u010d rekomenduojamas kat\u0117ms nuo 1 met\u0173 am\u017eiaus.<\/span><\/p>\n","protected":false},"featured_media":19338,"template":"","meta":[],"product_brand":[],"product_cat":[114,102,116,325],"product_tag":[],"class_list":{"0":"post-19337","1":"product","2":"type-product","3":"status-publish","4":"has-post-thumbnail","6":"product_cat-kaciu-maistas","7":"product_cat-katems","8":"product_cat-konservai-katems","9":"product_cat-advance-kaciu-maistas","10":"pa_prekinis-zenklas-advance","12":"first","13":"instock","14":"taxable","15":"shipping-taxable","16":"purchasable","17":"product-type-simple"},"yoast_head":"<!-- This site is optimized with the Yoast SEO Premium plugin v27.1 (Yoast SEO v27.5) - https:\/\/yoast.com\/product\/yoast-seo-premium-wordpress\/ -->\n<title>Advance Wet Adult Chicken konservai kat\u0117ms su vi\u0161tiena 85g x 12 - anivet.lt<\/title>\n<meta name=\"description\" content=\"Advance Wet Adult Cat konservai gali b\u016bti derinami su kasdieniu sausu pa\u0161aru, siekiant suteikti \u012fvairov\u0117s, arba gali b\u016bti duodami vieni. \u0160is pa\u0161aras ypa\u010d rekomenduojamas kat\u0117ms nuo 1 met\u0173 am\u017eiaus.\" \/>\n<meta name=\"robots\" content=\"index, follow, max-snippet:-1, max-image-preview:large, max-video-preview:-1\" \/>\n<link rel=\"canonical\" href=\"https:\/\/anivet.lt\/elparduotuve\/produktas\/advance-wet-adult-chicken-konservai-katems-su-vistiena-85g-x-12\/\" \/>\n<meta property=\"og:locale\" content=\"lt_LT\" \/>\n<meta property=\"og:type\" content=\"article\" \/>\n<meta property=\"og:title\" content=\"Advance Wet Adult Chicken konservai kat\u0117ms su vi\u0161tiena 85g x 12\" \/>\n<meta property=\"og:description\" content=\"Advance Wet Adult Cat konservai gali b\u016bti derinami su kasdieniu sausu pa\u0161aru, siekiant suteikti \u012fvairov\u0117s, arba gali b\u016bti duodami vieni. \u0160is pa\u0161aras ypa\u010d rekomenduojamas kat\u0117ms nuo 1 met\u0173 am\u017eiaus.\" \/>\n<meta property=\"og:url\" content=\"https:\/\/anivet.lt\/elparduotuve\/produktas\/advance-wet-adult-chicken-konservai-katems-su-vistiena-85g-x-12\/\" \/>\n<meta property=\"og:site_name\" content=\"anivet.lt\" \/>\n<meta property=\"article:modified_time\" content=\"2026-04-25T08:00:08+00:00\" \/>\n<meta property=\"og:image\" content=\"https:\/\/anivet.lt\/elparduotuve\/wp-content\/uploads\/2025\/12\/Advance-Wet-Adult-Chicken-konservai-katems-su-vistiena-85g-x-12.jpg\" \/>\n\t<meta property=\"og:image:width\" content=\"650\" \/>\n\t<meta property=\"og:image:height\" content=\"650\" \/>\n\t<meta property=\"og:image:type\" content=\"image\/jpeg\" \/>\n<meta name=\"twitter:card\" content=\"summary_large_image\" \/>\n<meta name=\"twitter:label1\" content=\"Est. reading time\" \/>\n\t<meta name=\"twitter:data1\" content=\"1 minut\u0117\" \/>\n<script type=\"application\/ld+json\" class=\"yoast-schema-graph\">{\"@context\":\"https:\\\/\\\/schema.org\",\"@graph\":[{\"@type\":\"WebPage\",\"@id\":\"https:\\\/\\\/anivet.lt\\\/elparduotuve\\\/produktas\\\/advance-wet-adult-chicken-konservai-katems-su-vistiena-85g-x-12\\\/\",\"url\":\"https:\\\/\\\/anivet.lt\\\/elparduotuve\\\/produktas\\\/advance-wet-adult-chicken-konservai-katems-su-vistiena-85g-x-12\\\/\",\"name\":\"Advance Wet Adult Chicken konservai kat\u0117ms su vi\u0161tiena 85g x 12 - anivet.lt\",\"isPartOf\":{\"@id\":\"https:\\\/\\\/anivet.lt\\\/elparduotuve\\\/#website\"},\"primaryImageOfPage\":{\"@id\":\"https:\\\/\\\/anivet.lt\\\/elparduotuve\\\/produktas\\\/advance-wet-adult-chicken-konservai-katems-su-vistiena-85g-x-12\\\/#primaryimage\"},\"image\":{\"@id\":\"https:\\\/\\\/anivet.lt\\\/elparduotuve\\\/produktas\\\/advance-wet-adult-chicken-konservai-katems-su-vistiena-85g-x-12\\\/#primaryimage\"},\"thumbnailUrl\":\"https:\\\/\\\/anivet.lt\\\/elparduotuve\\\/wp-content\\\/uploads\\\/2025\\\/12\\\/Advance-Wet-Adult-Chicken-konservai-katems-su-vistiena-85g-x-12.jpg\",\"datePublished\":\"2025-12-13T11:21:59+00:00\",\"dateModified\":\"2026-04-25T08:00:08+00:00\",\"description\":\"Advance Wet Adult Cat konservai gali b\u016bti derinami su kasdieniu sausu pa\u0161aru, siekiant suteikti \u012fvairov\u0117s, arba gali b\u016bti duodami vieni. \u0160is pa\u0161aras ypa\u010d rekomenduojamas kat\u0117ms nuo 1 met\u0173 am\u017eiaus.\",\"breadcrumb\":{\"@id\":\"https:\\\/\\\/anivet.lt\\\/elparduotuve\\\/produktas\\\/advance-wet-adult-chicken-konservai-katems-su-vistiena-85g-x-12\\\/#breadcrumb\"},\"inLanguage\":\"lt-LT\",\"potentialAction\":[{\"@type\":\"ReadAction\",\"target\":[\"https:\\\/\\\/anivet.lt\\\/elparduotuve\\\/produktas\\\/advance-wet-adult-chicken-konservai-katems-su-vistiena-85g-x-12\\\/\"]}]},{\"@type\":\"ImageObject\",\"inLanguage\":\"lt-LT\",\"@id\":\"https:\\\/\\\/anivet.lt\\\/elparduotuve\\\/produktas\\\/advance-wet-adult-chicken-konservai-katems-su-vistiena-85g-x-12\\\/#primaryimage\",\"url\":\"https:\\\/\\\/anivet.lt\\\/elparduotuve\\\/wp-content\\\/uploads\\\/2025\\\/12\\\/Advance-Wet-Adult-Chicken-konservai-katems-su-vistiena-85g-x-12.jpg\",\"contentUrl\":\"https:\\\/\\\/anivet.lt\\\/elparduotuve\\\/wp-content\\\/uploads\\\/2025\\\/12\\\/Advance-Wet-Adult-Chicken-konservai-katems-su-vistiena-85g-x-12.jpg\",\"width\":650,\"height\":650,\"caption\":\"Advance Wet Adult Chicken konservai kat\u0117ms su vi\u0161tiena 85g x 12\"},{\"@type\":\"BreadcrumbList\",\"@id\":\"https:\\\/\\\/anivet.lt\\\/elparduotuve\\\/produktas\\\/advance-wet-adult-chicken-konservai-katems-su-vistiena-85g-x-12\\\/#breadcrumb\",\"itemListElement\":[{\"@type\":\"ListItem\",\"position\":1,\"name\":\"Home\",\"item\":\"https:\\\/\\\/anivet.lt\\\/elparduotuve\\\/\"},{\"@type\":\"ListItem\",\"position\":2,\"name\":\"Produktai\",\"item\":\"https:\\\/\\\/anivet.lt\\\/elparduotuve\\\/produktai\\\/\"},{\"@type\":\"ListItem\",\"position\":3,\"name\":\"Advance Wet Adult Chicken konservai kat\u0117ms su vi\u0161tiena 85g x 12\"}]},{\"@type\":\"WebSite\",\"@id\":\"https:\\\/\\\/anivet.lt\\\/elparduotuve\\\/#website\",\"url\":\"https:\\\/\\\/anivet.lt\\\/elparduotuve\\\/\",\"name\":\"anivet.lt\",\"description\":\"Viskas J\u016bs\u0173 \u0161uns, kat\u0117s prie\u017ei\u016brai\",\"publisher\":{\"@id\":\"https:\\\/\\\/anivet.lt\\\/elparduotuve\\\/#organization\"},\"alternateName\":\"Viskas J\u016bs\u0173 \u0161uns, kat\u0117s prie\u017ei\u016brai\",\"potentialAction\":[{\"@type\":\"SearchAction\",\"target\":{\"@type\":\"EntryPoint\",\"urlTemplate\":\"https:\\\/\\\/anivet.lt\\\/elparduotuve\\\/?s={search_term_string}\"},\"query-input\":{\"@type\":\"PropertyValueSpecification\",\"valueRequired\":true,\"valueName\":\"search_term_string\"}}],\"inLanguage\":\"lt-LT\"},{\"@type\":\"Organization\",\"@id\":\"https:\\\/\\\/anivet.lt\\\/elparduotuve\\\/#organization\",\"name\":\"Viskas J\u016bs\u0173 \u0161uns, kat\u0117s prie\u017ei\u016brai\",\"url\":\"https:\\\/\\\/anivet.lt\\\/elparduotuve\\\/\",\"logo\":{\"@type\":\"ImageObject\",\"inLanguage\":\"lt-LT\",\"@id\":\"https:\\\/\\\/anivet.lt\\\/elparduotuve\\\/#\\\/schema\\\/logo\\\/image\\\/\",\"url\":\"https:\\\/\\\/anivet.lt\\\/elparduotuve\\\/wp-content\\\/uploads\\\/2023\\\/06\\\/logo2.jpg\",\"contentUrl\":\"https:\\\/\\\/anivet.lt\\\/elparduotuve\\\/wp-content\\\/uploads\\\/2023\\\/06\\\/logo2.jpg\",\"width\":655,\"height\":194,\"caption\":\"Viskas J\u016bs\u0173 \u0161uns, kat\u0117s prie\u017ei\u016brai\"},\"image\":{\"@id\":\"https:\\\/\\\/anivet.lt\\\/elparduotuve\\\/#\\\/schema\\\/logo\\\/image\\\/\"}}]}<\/script>\n<!-- \/ Yoast SEO Premium plugin. -->","yoast_head_json":{"title":"Advance Wet Adult Chicken konservai kat\u0117ms su vi\u0161tiena 85g x 12 - anivet.lt","description":"Advance Wet Adult Cat konservai gali b\u016bti derinami su kasdieniu sausu pa\u0161aru, siekiant suteikti \u012fvairov\u0117s, arba gali b\u016bti duodami vieni. \u0160is pa\u0161aras ypa\u010d rekomenduojamas kat\u0117ms nuo 1 met\u0173 am\u017eiaus.","robots":{"index":"index","follow":"follow","max-snippet":"max-snippet:-1","max-image-preview":"max-image-preview:large","max-video-preview":"max-video-preview:-1"},"canonical":"https:\/\/anivet.lt\/elparduotuve\/produktas\/advance-wet-adult-chicken-konservai-katems-su-vistiena-85g-x-12\/","og_locale":"lt_LT","og_type":"article","og_title":"Advance Wet Adult Chicken konservai kat\u0117ms su vi\u0161tiena 85g x 12","og_description":"Advance Wet Adult Cat konservai gali b\u016bti derinami su kasdieniu sausu pa\u0161aru, siekiant suteikti \u012fvairov\u0117s, arba gali b\u016bti duodami vieni. \u0160is pa\u0161aras ypa\u010d rekomenduojamas kat\u0117ms nuo 1 met\u0173 am\u017eiaus.","og_url":"https:\/\/anivet.lt\/elparduotuve\/produktas\/advance-wet-adult-chicken-konservai-katems-su-vistiena-85g-x-12\/","og_site_name":"anivet.lt","article_modified_time":"2026-04-25T08:00:08+00:00","og_image":[{"width":650,"height":650,"url":"https:\/\/anivet.lt\/elparduotuve\/wp-content\/uploads\/2025\/12\/Advance-Wet-Adult-Chicken-konservai-katems-su-vistiena-85g-x-12.jpg","type":"image\/jpeg"}],"twitter_card":"summary_large_image","twitter_misc":{"Est. reading time":"1 minut\u0117"},"schema":{"@context":"https:\/\/schema.org","@graph":[{"@type":"WebPage","@id":"https:\/\/anivet.lt\/elparduotuve\/produktas\/advance-wet-adult-chicken-konservai-katems-su-vistiena-85g-x-12\/","url":"https:\/\/anivet.lt\/elparduotuve\/produktas\/advance-wet-adult-chicken-konservai-katems-su-vistiena-85g-x-12\/","name":"Advance Wet Adult Chicken konservai kat\u0117ms su vi\u0161tiena 85g x 12 - anivet.lt","isPartOf":{"@id":"https:\/\/anivet.lt\/elparduotuve\/#website"},"primaryImageOfPage":{"@id":"https:\/\/anivet.lt\/elparduotuve\/produktas\/advance-wet-adult-chicken-konservai-katems-su-vistiena-85g-x-12\/#primaryimage"},"image":{"@id":"https:\/\/anivet.lt\/elparduotuve\/produktas\/advance-wet-adult-chicken-konservai-katems-su-vistiena-85g-x-12\/#primaryimage"},"thumbnailUrl":"https:\/\/anivet.lt\/elparduotuve\/wp-content\/uploads\/2025\/12\/Advance-Wet-Adult-Chicken-konservai-katems-su-vistiena-85g-x-12.jpg","datePublished":"2025-12-13T11:21:59+00:00","dateModified":"2026-04-25T08:00:08+00:00","description":"Advance Wet Adult Cat konservai gali b\u016bti derinami su kasdieniu sausu pa\u0161aru, siekiant suteikti \u012fvairov\u0117s, arba gali b\u016bti duodami vieni. \u0160is pa\u0161aras ypa\u010d rekomenduojamas kat\u0117ms nuo 1 met\u0173 am\u017eiaus.","breadcrumb":{"@id":"https:\/\/anivet.lt\/elparduotuve\/produktas\/advance-wet-adult-chicken-konservai-katems-su-vistiena-85g-x-12\/#breadcrumb"},"inLanguage":"lt-LT","potentialAction":[{"@type":"ReadAction","target":["https:\/\/anivet.lt\/elparduotuve\/produktas\/advance-wet-adult-chicken-konservai-katems-su-vistiena-85g-x-12\/"]}]},{"@type":"ImageObject","inLanguage":"lt-LT","@id":"https:\/\/anivet.lt\/elparduotuve\/produktas\/advance-wet-adult-chicken-konservai-katems-su-vistiena-85g-x-12\/#primaryimage","url":"https:\/\/anivet.lt\/elparduotuve\/wp-content\/uploads\/2025\/12\/Advance-Wet-Adult-Chicken-konservai-katems-su-vistiena-85g-x-12.jpg","contentUrl":"https:\/\/anivet.lt\/elparduotuve\/wp-content\/uploads\/2025\/12\/Advance-Wet-Adult-Chicken-konservai-katems-su-vistiena-85g-x-12.jpg","width":650,"height":650,"caption":"Advance Wet Adult Chicken konservai kat\u0117ms su vi\u0161tiena 85g x 12"},{"@type":"BreadcrumbList","@id":"https:\/\/anivet.lt\/elparduotuve\/produktas\/advance-wet-adult-chicken-konservai-katems-su-vistiena-85g-x-12\/#breadcrumb","itemListElement":[{"@type":"ListItem","position":1,"name":"Home","item":"https:\/\/anivet.lt\/elparduotuve\/"},{"@type":"ListItem","position":2,"name":"Produktai","item":"https:\/\/anivet.lt\/elparduotuve\/produktai\/"},{"@type":"ListItem","position":3,"name":"Advance Wet Adult Chicken konservai kat\u0117ms su vi\u0161tiena 85g x 12"}]},{"@type":"WebSite","@id":"https:\/\/anivet.lt\/elparduotuve\/#website","url":"https:\/\/anivet.lt\/elparduotuve\/","name":"anivet.lt","description":"Viskas J\u016bs\u0173 \u0161uns, kat\u0117s prie\u017ei\u016brai","publisher":{"@id":"https:\/\/anivet.lt\/elparduotuve\/#organization"},"alternateName":"Viskas J\u016bs\u0173 \u0161uns, kat\u0117s prie\u017ei\u016brai","potentialAction":[{"@type":"SearchAction","target":{"@type":"EntryPoint","urlTemplate":"https:\/\/anivet.lt\/elparduotuve\/?s={search_term_string}"},"query-input":{"@type":"PropertyValueSpecification","valueRequired":true,"valueName":"search_term_string"}}],"inLanguage":"lt-LT"},{"@type":"Organization","@id":"https:\/\/anivet.lt\/elparduotuve\/#organization","name":"Viskas J\u016bs\u0173 \u0161uns, kat\u0117s prie\u017ei\u016brai","url":"https:\/\/anivet.lt\/elparduotuve\/","logo":{"@type":"ImageObject","inLanguage":"lt-LT","@id":"https:\/\/anivet.lt\/elparduotuve\/#\/schema\/logo\/image\/","url":"https:\/\/anivet.lt\/elparduotuve\/wp-content\/uploads\/2023\/06\/logo2.jpg","contentUrl":"https:\/\/anivet.lt\/elparduotuve\/wp-content\/uploads\/2023\/06\/logo2.jpg","width":655,"height":194,"caption":"Viskas J\u016bs\u0173 \u0161uns, kat\u0117s prie\u017ei\u016brai"},"image":{"@id":"https:\/\/anivet.lt\/elparduotuve\/#\/schema\/logo\/image\/"}}]}},"_links":{"self":[{"href":"https:\/\/anivet.lt\/elparduotuve\/wp-json\/wp\/v2\/product\/19337","targetHints":{"allow":["GET"]}}],"collection":[{"href":"https:\/\/anivet.lt\/elparduotuve\/wp-json\/wp\/v2\/product"}],"about":[{"href":"https:\/\/anivet.lt\/elparduotuve\/wp-json\/wp\/v2\/types\/product"}],"wp:featuredmedia":[{"embeddable":true,"href":"https:\/\/anivet.lt\/elparduotuve\/wp-json\/wp\/v2\/media\/19338"}],"wp:attachment":[{"href":"https:\/\/anivet.lt\/elparduotuve\/wp-json\/wp\/v2\/media?parent=19337"}],"wp:term":[{"taxonomy":"product_brand","embeddable":true,"href":"https:\/\/anivet.lt\/elparduotuve\/wp-json\/wp\/v2\/product_brand?post=19337"},{"taxonomy":"product_cat","embeddable":true,"href":"https:\/\/anivet.lt\/elparduotuve\/wp-json\/wp\/v2\/product_cat?post=19337"},{"taxonomy":"product_tag","embeddable":true,"href":"https:\/\/anivet.lt\/elparduotuve\/wp-json\/wp\/v2\/product_tag?post=19337"}],"curies":[{"name":"wp","href":"https:\/\/api.w.org\/{rel}","templated":true}]}}