{"id":19504,"date":"2025-12-20T22:17:42","date_gmt":"2025-12-20T22:17:42","guid":{"rendered":"https:\/\/anivet.lt\/elparduotuve\/?post_type=product&#038;p=19504"},"modified":"2025-12-20T22:17:43","modified_gmt":"2025-12-20T22:17:43","slug":"hills-sp-puppy-mother-mousse-chicken-suniukams-ir-zindancioms-patelems-su-vistiena-200g","status":"publish","type":"product","link":"https:\/\/anivet.lt\/elparduotuve\/produktas\/hills-sp-puppy-mother-mousse-chicken-suniukams-ir-zindancioms-patelems-su-vistiena-200g\/","title":{"rendered":"Hill\u2019s SP Puppy &#038; Mother Mousse Chicken \u0161uniukams ir \u017eindan\u010dioms patel\u0117ms su vi\u0161tiena 200g"},"content":{"rendered":"<ul>\n<li><span lang=\"en-US\">Sukurtas taip, kad atitikt\u0173 padid\u0117jusius augan\u010di\u0173 \u0161uniuk\u0173 ir motin\u0173 mitybos poreikius. <\/span><\/li>\n<li>\u0160is mink\u0161tos tekst\u016bros bei \u0161velnaus skonio pa\u0161aras nat\u016braliai patinka augintiniui ir palengvina per\u0117jim\u0105 prie kieto pa\u0161aro.<\/li>\n<li>Sud\u0117tis subalansuota siekiant u\u017etikrinti reikiam\u0105 energijos kiek\u012f.<\/li>\n<li>Sud\u0117tyje yra DHR, kuri skatina sveik\u0105 \u0161uniuk\u0173 smegen\u0173 ir aki\u0173 vystym\u0105si, bei \u017earnyno sveikat\u0105 gerinan\u010di\u0173 skaidul\u0173.<\/li>\n<\/ul>\n","protected":false},"excerpt":{"rendered":"<p><span lang=\"en-US\">Mink\u0161tos tekst\u016bros pa\u0161tetas \u0161unims su vi\u0161tiena \u2013 tai pilnavertis ir subalansuotas maistas, skirtas \u0161uniukams nuo nujunkymo laikotarpio iki 1 met\u0173 am\u017eiaus, taip pat n\u0117\u0161\u010dioms ir \u017eindan\u010dioms kal\u0117ms.<\/span><\/p>\n","protected":false},"featured_media":19505,"template":"","meta":[],"product_brand":[],"product_cat":[101,103,105,333],"product_tag":[],"class_list":{"0":"post-19504","1":"product","2":"type-product","3":"status-publish","4":"has-post-thumbnail","6":"product_cat-sunims","7":"product_cat-sunu-maistas","8":"product_cat-konservai","9":"product_cat-hills-sunu-maistas","10":"pa_prekinis-zenklas-hills","12":"first","13":"instock","14":"taxable","15":"shipping-taxable","16":"purchasable","17":"product-type-simple"},"yoast_head":"<!-- This site is optimized with the Yoast SEO Premium plugin v27.1 (Yoast SEO v27.5) - https:\/\/yoast.com\/product\/yoast-seo-premium-wordpress\/ -->\n<title>Hill\u2019s SP Puppy &amp; Mother Mousse Chicken \u0161uniukams ir \u017eindan\u010dioms patel\u0117ms su vi\u0161tiena 200g - anivet.lt<\/title>\n<meta name=\"description\" content=\"Mink\u0161tos tekst\u016bros pa\u0161tetas \u0161unims su vi\u0161tiena \u2013 tai pilnavertis ir subalansuotas maistas, skirtas \u0161uniukams nuo nujunkymo laikotarpio iki 1 met\u0173 am\u017eiaus, taip pat n\u0117\u0161\u010dioms ir \u017eindan\u010dioms kal\u0117ms.\" \/>\n<meta name=\"robots\" content=\"index, follow, max-snippet:-1, max-image-preview:large, max-video-preview:-1\" \/>\n<link rel=\"canonical\" href=\"https:\/\/anivet.lt\/elparduotuve\/produktas\/hills-sp-puppy-mother-mousse-chicken-suniukams-ir-zindancioms-patelems-su-vistiena-200g\/\" \/>\n<meta property=\"og:locale\" content=\"lt_LT\" \/>\n<meta property=\"og:type\" content=\"article\" \/>\n<meta property=\"og:title\" content=\"Hill\u2019s SP Puppy &amp; Mother Mousse Chicken \u0161uniukams ir \u017eindan\u010dioms patel\u0117ms su vi\u0161tiena 200g\" \/>\n<meta property=\"og:description\" content=\"Mink\u0161tos tekst\u016bros pa\u0161tetas \u0161unims su vi\u0161tiena \u2013 tai pilnavertis ir subalansuotas maistas, skirtas \u0161uniukams nuo nujunkymo laikotarpio iki 1 met\u0173 am\u017eiaus, taip pat n\u0117\u0161\u010dioms ir \u017eindan\u010dioms kal\u0117ms.\" \/>\n<meta property=\"og:url\" content=\"https:\/\/anivet.lt\/elparduotuve\/produktas\/hills-sp-puppy-mother-mousse-chicken-suniukams-ir-zindancioms-patelems-su-vistiena-200g\/\" \/>\n<meta property=\"og:site_name\" content=\"anivet.lt\" \/>\n<meta property=\"article:modified_time\" content=\"2025-12-20T22:17:43+00:00\" \/>\n<meta property=\"og:image\" content=\"https:\/\/anivet.lt\/elparduotuve\/wp-content\/uploads\/2025\/12\/Hills-SP-Puppy-Mother-Mousse-Chicken-suniukams-ir-zindancioms-patelems-su-vistiena-200g.jpg\" \/>\n\t<meta property=\"og:image:width\" content=\"650\" \/>\n\t<meta property=\"og:image:height\" content=\"650\" \/>\n\t<meta property=\"og:image:type\" content=\"image\/jpeg\" \/>\n<meta name=\"twitter:card\" content=\"summary_large_image\" \/>\n<meta name=\"twitter:label1\" content=\"Est. reading time\" \/>\n\t<meta name=\"twitter:data1\" content=\"1 minut\u0117\" \/>\n<script type=\"application\/ld+json\" class=\"yoast-schema-graph\">{\"@context\":\"https:\\\/\\\/schema.org\",\"@graph\":[{\"@type\":\"WebPage\",\"@id\":\"https:\\\/\\\/anivet.lt\\\/elparduotuve\\\/produktas\\\/hills-sp-puppy-mother-mousse-chicken-suniukams-ir-zindancioms-patelems-su-vistiena-200g\\\/\",\"url\":\"https:\\\/\\\/anivet.lt\\\/elparduotuve\\\/produktas\\\/hills-sp-puppy-mother-mousse-chicken-suniukams-ir-zindancioms-patelems-su-vistiena-200g\\\/\",\"name\":\"Hill\u2019s SP Puppy & Mother Mousse Chicken \u0161uniukams ir \u017eindan\u010dioms patel\u0117ms su vi\u0161tiena 200g - anivet.lt\",\"isPartOf\":{\"@id\":\"https:\\\/\\\/anivet.lt\\\/elparduotuve\\\/#website\"},\"primaryImageOfPage\":{\"@id\":\"https:\\\/\\\/anivet.lt\\\/elparduotuve\\\/produktas\\\/hills-sp-puppy-mother-mousse-chicken-suniukams-ir-zindancioms-patelems-su-vistiena-200g\\\/#primaryimage\"},\"image\":{\"@id\":\"https:\\\/\\\/anivet.lt\\\/elparduotuve\\\/produktas\\\/hills-sp-puppy-mother-mousse-chicken-suniukams-ir-zindancioms-patelems-su-vistiena-200g\\\/#primaryimage\"},\"thumbnailUrl\":\"https:\\\/\\\/anivet.lt\\\/elparduotuve\\\/wp-content\\\/uploads\\\/2025\\\/12\\\/Hills-SP-Puppy-Mother-Mousse-Chicken-suniukams-ir-zindancioms-patelems-su-vistiena-200g.jpg\",\"datePublished\":\"2025-12-20T22:17:42+00:00\",\"dateModified\":\"2025-12-20T22:17:43+00:00\",\"description\":\"Mink\u0161tos tekst\u016bros pa\u0161tetas \u0161unims su vi\u0161tiena \u2013 tai pilnavertis ir subalansuotas maistas, skirtas \u0161uniukams nuo nujunkymo laikotarpio iki 1 met\u0173 am\u017eiaus, taip pat n\u0117\u0161\u010dioms ir \u017eindan\u010dioms kal\u0117ms.\",\"breadcrumb\":{\"@id\":\"https:\\\/\\\/anivet.lt\\\/elparduotuve\\\/produktas\\\/hills-sp-puppy-mother-mousse-chicken-suniukams-ir-zindancioms-patelems-su-vistiena-200g\\\/#breadcrumb\"},\"inLanguage\":\"lt-LT\",\"potentialAction\":[{\"@type\":\"ReadAction\",\"target\":[\"https:\\\/\\\/anivet.lt\\\/elparduotuve\\\/produktas\\\/hills-sp-puppy-mother-mousse-chicken-suniukams-ir-zindancioms-patelems-su-vistiena-200g\\\/\"]}]},{\"@type\":\"ImageObject\",\"inLanguage\":\"lt-LT\",\"@id\":\"https:\\\/\\\/anivet.lt\\\/elparduotuve\\\/produktas\\\/hills-sp-puppy-mother-mousse-chicken-suniukams-ir-zindancioms-patelems-su-vistiena-200g\\\/#primaryimage\",\"url\":\"https:\\\/\\\/anivet.lt\\\/elparduotuve\\\/wp-content\\\/uploads\\\/2025\\\/12\\\/Hills-SP-Puppy-Mother-Mousse-Chicken-suniukams-ir-zindancioms-patelems-su-vistiena-200g.jpg\",\"contentUrl\":\"https:\\\/\\\/anivet.lt\\\/elparduotuve\\\/wp-content\\\/uploads\\\/2025\\\/12\\\/Hills-SP-Puppy-Mother-Mousse-Chicken-suniukams-ir-zindancioms-patelems-su-vistiena-200g.jpg\",\"width\":650,\"height\":650,\"caption\":\"Hill\u2019s SP Puppy & Mother Mousse Chicken \u0161uniukams ir \u017eindan\u010dioms patel\u0117ms su vi\u0161tiena 200g\"},{\"@type\":\"BreadcrumbList\",\"@id\":\"https:\\\/\\\/anivet.lt\\\/elparduotuve\\\/produktas\\\/hills-sp-puppy-mother-mousse-chicken-suniukams-ir-zindancioms-patelems-su-vistiena-200g\\\/#breadcrumb\",\"itemListElement\":[{\"@type\":\"ListItem\",\"position\":1,\"name\":\"Home\",\"item\":\"https:\\\/\\\/anivet.lt\\\/elparduotuve\\\/\"},{\"@type\":\"ListItem\",\"position\":2,\"name\":\"Produktai\",\"item\":\"https:\\\/\\\/anivet.lt\\\/elparduotuve\\\/produktai\\\/\"},{\"@type\":\"ListItem\",\"position\":3,\"name\":\"Hill\u2019s SP Puppy &#038; Mother Mousse Chicken \u0161uniukams ir \u017eindan\u010dioms patel\u0117ms su vi\u0161tiena 200g\"}]},{\"@type\":\"WebSite\",\"@id\":\"https:\\\/\\\/anivet.lt\\\/elparduotuve\\\/#website\",\"url\":\"https:\\\/\\\/anivet.lt\\\/elparduotuve\\\/\",\"name\":\"anivet.lt\",\"description\":\"Viskas J\u016bs\u0173 \u0161uns, kat\u0117s prie\u017ei\u016brai\",\"publisher\":{\"@id\":\"https:\\\/\\\/anivet.lt\\\/elparduotuve\\\/#organization\"},\"alternateName\":\"Viskas J\u016bs\u0173 \u0161uns, kat\u0117s prie\u017ei\u016brai\",\"potentialAction\":[{\"@type\":\"SearchAction\",\"target\":{\"@type\":\"EntryPoint\",\"urlTemplate\":\"https:\\\/\\\/anivet.lt\\\/elparduotuve\\\/?s={search_term_string}\"},\"query-input\":{\"@type\":\"PropertyValueSpecification\",\"valueRequired\":true,\"valueName\":\"search_term_string\"}}],\"inLanguage\":\"lt-LT\"},{\"@type\":\"Organization\",\"@id\":\"https:\\\/\\\/anivet.lt\\\/elparduotuve\\\/#organization\",\"name\":\"Viskas J\u016bs\u0173 \u0161uns, kat\u0117s prie\u017ei\u016brai\",\"url\":\"https:\\\/\\\/anivet.lt\\\/elparduotuve\\\/\",\"logo\":{\"@type\":\"ImageObject\",\"inLanguage\":\"lt-LT\",\"@id\":\"https:\\\/\\\/anivet.lt\\\/elparduotuve\\\/#\\\/schema\\\/logo\\\/image\\\/\",\"url\":\"https:\\\/\\\/anivet.lt\\\/elparduotuve\\\/wp-content\\\/uploads\\\/2023\\\/06\\\/logo2.jpg\",\"contentUrl\":\"https:\\\/\\\/anivet.lt\\\/elparduotuve\\\/wp-content\\\/uploads\\\/2023\\\/06\\\/logo2.jpg\",\"width\":655,\"height\":194,\"caption\":\"Viskas J\u016bs\u0173 \u0161uns, kat\u0117s prie\u017ei\u016brai\"},\"image\":{\"@id\":\"https:\\\/\\\/anivet.lt\\\/elparduotuve\\\/#\\\/schema\\\/logo\\\/image\\\/\"}}]}<\/script>\n<!-- \/ Yoast SEO Premium plugin. -->","yoast_head_json":{"title":"Hill\u2019s SP Puppy & Mother Mousse Chicken \u0161uniukams ir \u017eindan\u010dioms patel\u0117ms su vi\u0161tiena 200g - anivet.lt","description":"Mink\u0161tos tekst\u016bros pa\u0161tetas \u0161unims su vi\u0161tiena \u2013 tai pilnavertis ir subalansuotas maistas, skirtas \u0161uniukams nuo nujunkymo laikotarpio iki 1 met\u0173 am\u017eiaus, taip pat n\u0117\u0161\u010dioms ir \u017eindan\u010dioms kal\u0117ms.","robots":{"index":"index","follow":"follow","max-snippet":"max-snippet:-1","max-image-preview":"max-image-preview:large","max-video-preview":"max-video-preview:-1"},"canonical":"https:\/\/anivet.lt\/elparduotuve\/produktas\/hills-sp-puppy-mother-mousse-chicken-suniukams-ir-zindancioms-patelems-su-vistiena-200g\/","og_locale":"lt_LT","og_type":"article","og_title":"Hill\u2019s SP Puppy & Mother Mousse Chicken \u0161uniukams ir \u017eindan\u010dioms patel\u0117ms su vi\u0161tiena 200g","og_description":"Mink\u0161tos tekst\u016bros pa\u0161tetas \u0161unims su vi\u0161tiena \u2013 tai pilnavertis ir subalansuotas maistas, skirtas \u0161uniukams nuo nujunkymo laikotarpio iki 1 met\u0173 am\u017eiaus, taip pat n\u0117\u0161\u010dioms ir \u017eindan\u010dioms kal\u0117ms.","og_url":"https:\/\/anivet.lt\/elparduotuve\/produktas\/hills-sp-puppy-mother-mousse-chicken-suniukams-ir-zindancioms-patelems-su-vistiena-200g\/","og_site_name":"anivet.lt","article_modified_time":"2025-12-20T22:17:43+00:00","og_image":[{"width":650,"height":650,"url":"https:\/\/anivet.lt\/elparduotuve\/wp-content\/uploads\/2025\/12\/Hills-SP-Puppy-Mother-Mousse-Chicken-suniukams-ir-zindancioms-patelems-su-vistiena-200g.jpg","type":"image\/jpeg"}],"twitter_card":"summary_large_image","twitter_misc":{"Est. reading time":"1 minut\u0117"},"schema":{"@context":"https:\/\/schema.org","@graph":[{"@type":"WebPage","@id":"https:\/\/anivet.lt\/elparduotuve\/produktas\/hills-sp-puppy-mother-mousse-chicken-suniukams-ir-zindancioms-patelems-su-vistiena-200g\/","url":"https:\/\/anivet.lt\/elparduotuve\/produktas\/hills-sp-puppy-mother-mousse-chicken-suniukams-ir-zindancioms-patelems-su-vistiena-200g\/","name":"Hill\u2019s SP Puppy & Mother Mousse Chicken \u0161uniukams ir \u017eindan\u010dioms patel\u0117ms su vi\u0161tiena 200g - anivet.lt","isPartOf":{"@id":"https:\/\/anivet.lt\/elparduotuve\/#website"},"primaryImageOfPage":{"@id":"https:\/\/anivet.lt\/elparduotuve\/produktas\/hills-sp-puppy-mother-mousse-chicken-suniukams-ir-zindancioms-patelems-su-vistiena-200g\/#primaryimage"},"image":{"@id":"https:\/\/anivet.lt\/elparduotuve\/produktas\/hills-sp-puppy-mother-mousse-chicken-suniukams-ir-zindancioms-patelems-su-vistiena-200g\/#primaryimage"},"thumbnailUrl":"https:\/\/anivet.lt\/elparduotuve\/wp-content\/uploads\/2025\/12\/Hills-SP-Puppy-Mother-Mousse-Chicken-suniukams-ir-zindancioms-patelems-su-vistiena-200g.jpg","datePublished":"2025-12-20T22:17:42+00:00","dateModified":"2025-12-20T22:17:43+00:00","description":"Mink\u0161tos tekst\u016bros pa\u0161tetas \u0161unims su vi\u0161tiena \u2013 tai pilnavertis ir subalansuotas maistas, skirtas \u0161uniukams nuo nujunkymo laikotarpio iki 1 met\u0173 am\u017eiaus, taip pat n\u0117\u0161\u010dioms ir \u017eindan\u010dioms kal\u0117ms.","breadcrumb":{"@id":"https:\/\/anivet.lt\/elparduotuve\/produktas\/hills-sp-puppy-mother-mousse-chicken-suniukams-ir-zindancioms-patelems-su-vistiena-200g\/#breadcrumb"},"inLanguage":"lt-LT","potentialAction":[{"@type":"ReadAction","target":["https:\/\/anivet.lt\/elparduotuve\/produktas\/hills-sp-puppy-mother-mousse-chicken-suniukams-ir-zindancioms-patelems-su-vistiena-200g\/"]}]},{"@type":"ImageObject","inLanguage":"lt-LT","@id":"https:\/\/anivet.lt\/elparduotuve\/produktas\/hills-sp-puppy-mother-mousse-chicken-suniukams-ir-zindancioms-patelems-su-vistiena-200g\/#primaryimage","url":"https:\/\/anivet.lt\/elparduotuve\/wp-content\/uploads\/2025\/12\/Hills-SP-Puppy-Mother-Mousse-Chicken-suniukams-ir-zindancioms-patelems-su-vistiena-200g.jpg","contentUrl":"https:\/\/anivet.lt\/elparduotuve\/wp-content\/uploads\/2025\/12\/Hills-SP-Puppy-Mother-Mousse-Chicken-suniukams-ir-zindancioms-patelems-su-vistiena-200g.jpg","width":650,"height":650,"caption":"Hill\u2019s SP Puppy & Mother Mousse Chicken \u0161uniukams ir \u017eindan\u010dioms patel\u0117ms su vi\u0161tiena 200g"},{"@type":"BreadcrumbList","@id":"https:\/\/anivet.lt\/elparduotuve\/produktas\/hills-sp-puppy-mother-mousse-chicken-suniukams-ir-zindancioms-patelems-su-vistiena-200g\/#breadcrumb","itemListElement":[{"@type":"ListItem","position":1,"name":"Home","item":"https:\/\/anivet.lt\/elparduotuve\/"},{"@type":"ListItem","position":2,"name":"Produktai","item":"https:\/\/anivet.lt\/elparduotuve\/produktai\/"},{"@type":"ListItem","position":3,"name":"Hill\u2019s SP Puppy &#038; Mother Mousse Chicken \u0161uniukams ir \u017eindan\u010dioms patel\u0117ms su vi\u0161tiena 200g"}]},{"@type":"WebSite","@id":"https:\/\/anivet.lt\/elparduotuve\/#website","url":"https:\/\/anivet.lt\/elparduotuve\/","name":"anivet.lt","description":"Viskas J\u016bs\u0173 \u0161uns, kat\u0117s prie\u017ei\u016brai","publisher":{"@id":"https:\/\/anivet.lt\/elparduotuve\/#organization"},"alternateName":"Viskas J\u016bs\u0173 \u0161uns, kat\u0117s prie\u017ei\u016brai","potentialAction":[{"@type":"SearchAction","target":{"@type":"EntryPoint","urlTemplate":"https:\/\/anivet.lt\/elparduotuve\/?s={search_term_string}"},"query-input":{"@type":"PropertyValueSpecification","valueRequired":true,"valueName":"search_term_string"}}],"inLanguage":"lt-LT"},{"@type":"Organization","@id":"https:\/\/anivet.lt\/elparduotuve\/#organization","name":"Viskas J\u016bs\u0173 \u0161uns, kat\u0117s prie\u017ei\u016brai","url":"https:\/\/anivet.lt\/elparduotuve\/","logo":{"@type":"ImageObject","inLanguage":"lt-LT","@id":"https:\/\/anivet.lt\/elparduotuve\/#\/schema\/logo\/image\/","url":"https:\/\/anivet.lt\/elparduotuve\/wp-content\/uploads\/2023\/06\/logo2.jpg","contentUrl":"https:\/\/anivet.lt\/elparduotuve\/wp-content\/uploads\/2023\/06\/logo2.jpg","width":655,"height":194,"caption":"Viskas J\u016bs\u0173 \u0161uns, kat\u0117s prie\u017ei\u016brai"},"image":{"@id":"https:\/\/anivet.lt\/elparduotuve\/#\/schema\/logo\/image\/"}}]}},"_links":{"self":[{"href":"https:\/\/anivet.lt\/elparduotuve\/wp-json\/wp\/v2\/product\/19504","targetHints":{"allow":["GET"]}}],"collection":[{"href":"https:\/\/anivet.lt\/elparduotuve\/wp-json\/wp\/v2\/product"}],"about":[{"href":"https:\/\/anivet.lt\/elparduotuve\/wp-json\/wp\/v2\/types\/product"}],"wp:featuredmedia":[{"embeddable":true,"href":"https:\/\/anivet.lt\/elparduotuve\/wp-json\/wp\/v2\/media\/19505"}],"wp:attachment":[{"href":"https:\/\/anivet.lt\/elparduotuve\/wp-json\/wp\/v2\/media?parent=19504"}],"wp:term":[{"taxonomy":"product_brand","embeddable":true,"href":"https:\/\/anivet.lt\/elparduotuve\/wp-json\/wp\/v2\/product_brand?post=19504"},{"taxonomy":"product_cat","embeddable":true,"href":"https:\/\/anivet.lt\/elparduotuve\/wp-json\/wp\/v2\/product_cat?post=19504"},{"taxonomy":"product_tag","embeddable":true,"href":"https:\/\/anivet.lt\/elparduotuve\/wp-json\/wp\/v2\/product_tag?post=19504"}],"curies":[{"name":"wp","href":"https:\/\/api.w.org\/{rel}","templated":true}]}}