{"id":19598,"date":"2026-01-10T11:10:13","date_gmt":"2026-01-10T11:10:13","guid":{"rendered":"https:\/\/anivet.lt\/elparduotuve\/?post_type=product&#038;p=19598"},"modified":"2026-04-01T19:55:57","modified_gmt":"2026-04-01T19:55:57","slug":"karoo-wild-skanestai-sunims-su-antilope-ir-rozmarinais-113g","status":"publish","type":"product","link":"https:\/\/anivet.lt\/elparduotuve\/produktas\/karoo-wild-skanestai-sunims-su-antilope-ir-rozmarinais-113g\/","title":{"rendered":"Karoo Wild skan\u0117stai \u0161unims su antilope ir rozmarinais 113g"},"content":{"rendered":"<ul>\n<li><span lang=\"en-US\">Rozmarinai yra nat\u016bralus antioksidant\u0173 \u0161altinis, padedantis kovoti su laisvaisiais radikalais ir saugoti l\u0105steles nuo pa\u017eeidim\u0173. <\/span><\/li>\n<li>Pagaminti i\u0161 tvariai auginamos, laisvai laikom\u0173 afrikini\u0173 antilopi\u0173 m\u0117sos.<\/li>\n<li>Ma\u017eas riebal\u0173 kiekis ir didel\u0117 baltym\u0173 koncentracija u\u017etikrina subalansuot\u0105 sud\u0117t\u012f.<\/li>\n<li>Mink\u0161ti, lengvai kramtomi skan\u0117stai. Be gr\u016bd\u0173, glitimo, sojos, dirbtini\u0173 da\u017eikli\u0173 ir kvapi\u0173j\u0173 med\u017eiag\u0173.<\/li>\n<\/ul>\n","protected":false},"excerpt":{"rendered":"<p><span lang=\"en-US\">Karoo Wild<\/span><span lang=\"en-US\"> \u2013 auk\u0161tos kokyb\u0117s skan\u0117stai \u0161unims, gaminami i\u0161 liesos, baltym\u0173 gausios afrikin\u0117s antilop\u0117s m\u0117sos, pasi\u017eymin\u010dios sodriu ir nat\u016braliu \u017ev\u0117rienos skoniu. Skan\u0117stai praturtinti aromatingais rozmarinais, vertinamais d\u0117l savo nauding\u0173 savybi\u0173. Puikiai tinka vidutinio dyd\u017eio ir dideliems, suaugusiems \u0161unims.<\/span><\/p>\n","protected":false},"featured_media":19599,"template":"","meta":[],"product_brand":[],"product_cat":[101,103,106],"product_tag":[],"class_list":{"0":"post-19598","1":"product","2":"type-product","3":"status-publish","4":"has-post-thumbnail","6":"product_cat-sunims","7":"product_cat-sunu-maistas","8":"product_cat-skanestai","9":"pa_prekinis-zenklas-karoo-wild","11":"first","12":"instock","13":"sale","14":"taxable","15":"shipping-taxable","16":"purchasable","17":"product-type-simple"},"yoast_head":"<!-- This site is optimized with the Yoast SEO Premium plugin v27.1 (Yoast SEO v27.5) - https:\/\/yoast.com\/product\/yoast-seo-premium-wordpress\/ -->\n<title>Karoo Wild skan\u0117stai \u0161unims su antilope ir rozmarinais 113g - anivet.lt<\/title>\n<meta name=\"description\" content=\"Karoo Wild \u2013 auk\u0161tos kokyb\u0117s skan\u0117stai \u0161unims, gaminami i\u0161 liesos, baltym\u0173 gausios afrikin\u0117s antilop\u0117s m\u0117sos, pasi\u017eymin\u010dios sodriu ir nat\u016braliu \u017ev\u0117rienos skoniu. Skan\u0117stai praturtinti aromatingais rozmarinais, vertinamais d\u0117l savo nauding\u0173 savybi\u0173. Puikiai tinka vidutinio dyd\u017eio ir dideliems, suaugusiems \u0161unims.\" \/>\n<meta name=\"robots\" content=\"index, follow, max-snippet:-1, max-image-preview:large, max-video-preview:-1\" \/>\n<link rel=\"canonical\" href=\"https:\/\/anivet.lt\/elparduotuve\/produktas\/karoo-wild-skanestai-sunims-su-antilope-ir-rozmarinais-113g\/\" \/>\n<meta property=\"og:locale\" content=\"lt_LT\" \/>\n<meta property=\"og:type\" content=\"article\" \/>\n<meta property=\"og:title\" content=\"Karoo Wild skan\u0117stai \u0161unims su antilope ir rozmarinais 113g\" \/>\n<meta property=\"og:description\" content=\"Karoo Wild \u2013 auk\u0161tos kokyb\u0117s skan\u0117stai \u0161unims, gaminami i\u0161 liesos, baltym\u0173 gausios afrikin\u0117s antilop\u0117s m\u0117sos, pasi\u017eymin\u010dios sodriu ir nat\u016braliu \u017ev\u0117rienos skoniu. Skan\u0117stai praturtinti aromatingais rozmarinais, vertinamais d\u0117l savo nauding\u0173 savybi\u0173. Puikiai tinka vidutinio dyd\u017eio ir dideliems, suaugusiems \u0161unims.\" \/>\n<meta property=\"og:url\" content=\"https:\/\/anivet.lt\/elparduotuve\/produktas\/karoo-wild-skanestai-sunims-su-antilope-ir-rozmarinais-113g\/\" \/>\n<meta property=\"og:site_name\" content=\"anivet.lt\" \/>\n<meta property=\"article:modified_time\" content=\"2026-04-01T19:55:57+00:00\" \/>\n<meta property=\"og:image\" content=\"https:\/\/anivet.lt\/elparduotuve\/wp-content\/uploads\/2026\/01\/Karoo-Wild-skanestai-sunims-su-antilope-ir-rozmarinais-113g.jpg\" \/>\n\t<meta property=\"og:image:width\" content=\"600\" \/>\n\t<meta property=\"og:image:height\" content=\"600\" \/>\n\t<meta property=\"og:image:type\" content=\"image\/jpeg\" \/>\n<meta name=\"twitter:card\" content=\"summary_large_image\" \/>\n<meta name=\"twitter:label1\" content=\"Est. reading time\" \/>\n\t<meta name=\"twitter:data1\" content=\"1 minut\u0117\" \/>\n<script type=\"application\/ld+json\" class=\"yoast-schema-graph\">{\"@context\":\"https:\\\/\\\/schema.org\",\"@graph\":[{\"@type\":\"WebPage\",\"@id\":\"https:\\\/\\\/anivet.lt\\\/elparduotuve\\\/produktas\\\/karoo-wild-skanestai-sunims-su-antilope-ir-rozmarinais-113g\\\/\",\"url\":\"https:\\\/\\\/anivet.lt\\\/elparduotuve\\\/produktas\\\/karoo-wild-skanestai-sunims-su-antilope-ir-rozmarinais-113g\\\/\",\"name\":\"Karoo Wild skan\u0117stai \u0161unims su antilope ir rozmarinais 113g - anivet.lt\",\"isPartOf\":{\"@id\":\"https:\\\/\\\/anivet.lt\\\/elparduotuve\\\/#website\"},\"primaryImageOfPage\":{\"@id\":\"https:\\\/\\\/anivet.lt\\\/elparduotuve\\\/produktas\\\/karoo-wild-skanestai-sunims-su-antilope-ir-rozmarinais-113g\\\/#primaryimage\"},\"image\":{\"@id\":\"https:\\\/\\\/anivet.lt\\\/elparduotuve\\\/produktas\\\/karoo-wild-skanestai-sunims-su-antilope-ir-rozmarinais-113g\\\/#primaryimage\"},\"thumbnailUrl\":\"https:\\\/\\\/anivet.lt\\\/elparduotuve\\\/wp-content\\\/uploads\\\/2026\\\/01\\\/Karoo-Wild-skanestai-sunims-su-antilope-ir-rozmarinais-113g.jpg\",\"datePublished\":\"2026-01-10T11:10:13+00:00\",\"dateModified\":\"2026-04-01T19:55:57+00:00\",\"description\":\"Karoo Wild \u2013 auk\u0161tos kokyb\u0117s skan\u0117stai \u0161unims, gaminami i\u0161 liesos, baltym\u0173 gausios afrikin\u0117s antilop\u0117s m\u0117sos, pasi\u017eymin\u010dios sodriu ir nat\u016braliu \u017ev\u0117rienos skoniu. Skan\u0117stai praturtinti aromatingais rozmarinais, vertinamais d\u0117l savo nauding\u0173 savybi\u0173. Puikiai tinka vidutinio dyd\u017eio ir dideliems, suaugusiems \u0161unims.\",\"breadcrumb\":{\"@id\":\"https:\\\/\\\/anivet.lt\\\/elparduotuve\\\/produktas\\\/karoo-wild-skanestai-sunims-su-antilope-ir-rozmarinais-113g\\\/#breadcrumb\"},\"inLanguage\":\"lt-LT\",\"potentialAction\":[{\"@type\":\"ReadAction\",\"target\":[\"https:\\\/\\\/anivet.lt\\\/elparduotuve\\\/produktas\\\/karoo-wild-skanestai-sunims-su-antilope-ir-rozmarinais-113g\\\/\"]}]},{\"@type\":\"ImageObject\",\"inLanguage\":\"lt-LT\",\"@id\":\"https:\\\/\\\/anivet.lt\\\/elparduotuve\\\/produktas\\\/karoo-wild-skanestai-sunims-su-antilope-ir-rozmarinais-113g\\\/#primaryimage\",\"url\":\"https:\\\/\\\/anivet.lt\\\/elparduotuve\\\/wp-content\\\/uploads\\\/2026\\\/01\\\/Karoo-Wild-skanestai-sunims-su-antilope-ir-rozmarinais-113g.jpg\",\"contentUrl\":\"https:\\\/\\\/anivet.lt\\\/elparduotuve\\\/wp-content\\\/uploads\\\/2026\\\/01\\\/Karoo-Wild-skanestai-sunims-su-antilope-ir-rozmarinais-113g.jpg\",\"width\":600,\"height\":600,\"caption\":\"Karoo Wild skan\u0117stai \u0161unims su antilope ir rozmarinais 113g\"},{\"@type\":\"BreadcrumbList\",\"@id\":\"https:\\\/\\\/anivet.lt\\\/elparduotuve\\\/produktas\\\/karoo-wild-skanestai-sunims-su-antilope-ir-rozmarinais-113g\\\/#breadcrumb\",\"itemListElement\":[{\"@type\":\"ListItem\",\"position\":1,\"name\":\"Home\",\"item\":\"https:\\\/\\\/anivet.lt\\\/elparduotuve\\\/\"},{\"@type\":\"ListItem\",\"position\":2,\"name\":\"Produktai\",\"item\":\"https:\\\/\\\/anivet.lt\\\/elparduotuve\\\/produktai\\\/\"},{\"@type\":\"ListItem\",\"position\":3,\"name\":\"Karoo Wild skan\u0117stai \u0161unims su antilope ir rozmarinais 113g\"}]},{\"@type\":\"WebSite\",\"@id\":\"https:\\\/\\\/anivet.lt\\\/elparduotuve\\\/#website\",\"url\":\"https:\\\/\\\/anivet.lt\\\/elparduotuve\\\/\",\"name\":\"anivet.lt\",\"description\":\"Viskas J\u016bs\u0173 \u0161uns, kat\u0117s prie\u017ei\u016brai\",\"publisher\":{\"@id\":\"https:\\\/\\\/anivet.lt\\\/elparduotuve\\\/#organization\"},\"alternateName\":\"Viskas J\u016bs\u0173 \u0161uns, kat\u0117s prie\u017ei\u016brai\",\"potentialAction\":[{\"@type\":\"SearchAction\",\"target\":{\"@type\":\"EntryPoint\",\"urlTemplate\":\"https:\\\/\\\/anivet.lt\\\/elparduotuve\\\/?s={search_term_string}\"},\"query-input\":{\"@type\":\"PropertyValueSpecification\",\"valueRequired\":true,\"valueName\":\"search_term_string\"}}],\"inLanguage\":\"lt-LT\"},{\"@type\":\"Organization\",\"@id\":\"https:\\\/\\\/anivet.lt\\\/elparduotuve\\\/#organization\",\"name\":\"Viskas J\u016bs\u0173 \u0161uns, kat\u0117s prie\u017ei\u016brai\",\"url\":\"https:\\\/\\\/anivet.lt\\\/elparduotuve\\\/\",\"logo\":{\"@type\":\"ImageObject\",\"inLanguage\":\"lt-LT\",\"@id\":\"https:\\\/\\\/anivet.lt\\\/elparduotuve\\\/#\\\/schema\\\/logo\\\/image\\\/\",\"url\":\"https:\\\/\\\/anivet.lt\\\/elparduotuve\\\/wp-content\\\/uploads\\\/2023\\\/06\\\/logo2.jpg\",\"contentUrl\":\"https:\\\/\\\/anivet.lt\\\/elparduotuve\\\/wp-content\\\/uploads\\\/2023\\\/06\\\/logo2.jpg\",\"width\":655,\"height\":194,\"caption\":\"Viskas J\u016bs\u0173 \u0161uns, kat\u0117s prie\u017ei\u016brai\"},\"image\":{\"@id\":\"https:\\\/\\\/anivet.lt\\\/elparduotuve\\\/#\\\/schema\\\/logo\\\/image\\\/\"}}]}<\/script>\n<!-- \/ Yoast SEO Premium plugin. -->","yoast_head_json":{"title":"Karoo Wild skan\u0117stai \u0161unims su antilope ir rozmarinais 113g - anivet.lt","description":"Karoo Wild \u2013 auk\u0161tos kokyb\u0117s skan\u0117stai \u0161unims, gaminami i\u0161 liesos, baltym\u0173 gausios afrikin\u0117s antilop\u0117s m\u0117sos, pasi\u017eymin\u010dios sodriu ir nat\u016braliu \u017ev\u0117rienos skoniu. Skan\u0117stai praturtinti aromatingais rozmarinais, vertinamais d\u0117l savo nauding\u0173 savybi\u0173. Puikiai tinka vidutinio dyd\u017eio ir dideliems, suaugusiems \u0161unims.","robots":{"index":"index","follow":"follow","max-snippet":"max-snippet:-1","max-image-preview":"max-image-preview:large","max-video-preview":"max-video-preview:-1"},"canonical":"https:\/\/anivet.lt\/elparduotuve\/produktas\/karoo-wild-skanestai-sunims-su-antilope-ir-rozmarinais-113g\/","og_locale":"lt_LT","og_type":"article","og_title":"Karoo Wild skan\u0117stai \u0161unims su antilope ir rozmarinais 113g","og_description":"Karoo Wild \u2013 auk\u0161tos kokyb\u0117s skan\u0117stai \u0161unims, gaminami i\u0161 liesos, baltym\u0173 gausios afrikin\u0117s antilop\u0117s m\u0117sos, pasi\u017eymin\u010dios sodriu ir nat\u016braliu \u017ev\u0117rienos skoniu. Skan\u0117stai praturtinti aromatingais rozmarinais, vertinamais d\u0117l savo nauding\u0173 savybi\u0173. Puikiai tinka vidutinio dyd\u017eio ir dideliems, suaugusiems \u0161unims.","og_url":"https:\/\/anivet.lt\/elparduotuve\/produktas\/karoo-wild-skanestai-sunims-su-antilope-ir-rozmarinais-113g\/","og_site_name":"anivet.lt","article_modified_time":"2026-04-01T19:55:57+00:00","og_image":[{"width":600,"height":600,"url":"https:\/\/anivet.lt\/elparduotuve\/wp-content\/uploads\/2026\/01\/Karoo-Wild-skanestai-sunims-su-antilope-ir-rozmarinais-113g.jpg","type":"image\/jpeg"}],"twitter_card":"summary_large_image","twitter_misc":{"Est. reading time":"1 minut\u0117"},"schema":{"@context":"https:\/\/schema.org","@graph":[{"@type":"WebPage","@id":"https:\/\/anivet.lt\/elparduotuve\/produktas\/karoo-wild-skanestai-sunims-su-antilope-ir-rozmarinais-113g\/","url":"https:\/\/anivet.lt\/elparduotuve\/produktas\/karoo-wild-skanestai-sunims-su-antilope-ir-rozmarinais-113g\/","name":"Karoo Wild skan\u0117stai \u0161unims su antilope ir rozmarinais 113g - anivet.lt","isPartOf":{"@id":"https:\/\/anivet.lt\/elparduotuve\/#website"},"primaryImageOfPage":{"@id":"https:\/\/anivet.lt\/elparduotuve\/produktas\/karoo-wild-skanestai-sunims-su-antilope-ir-rozmarinais-113g\/#primaryimage"},"image":{"@id":"https:\/\/anivet.lt\/elparduotuve\/produktas\/karoo-wild-skanestai-sunims-su-antilope-ir-rozmarinais-113g\/#primaryimage"},"thumbnailUrl":"https:\/\/anivet.lt\/elparduotuve\/wp-content\/uploads\/2026\/01\/Karoo-Wild-skanestai-sunims-su-antilope-ir-rozmarinais-113g.jpg","datePublished":"2026-01-10T11:10:13+00:00","dateModified":"2026-04-01T19:55:57+00:00","description":"Karoo Wild \u2013 auk\u0161tos kokyb\u0117s skan\u0117stai \u0161unims, gaminami i\u0161 liesos, baltym\u0173 gausios afrikin\u0117s antilop\u0117s m\u0117sos, pasi\u017eymin\u010dios sodriu ir nat\u016braliu \u017ev\u0117rienos skoniu. Skan\u0117stai praturtinti aromatingais rozmarinais, vertinamais d\u0117l savo nauding\u0173 savybi\u0173. Puikiai tinka vidutinio dyd\u017eio ir dideliems, suaugusiems \u0161unims.","breadcrumb":{"@id":"https:\/\/anivet.lt\/elparduotuve\/produktas\/karoo-wild-skanestai-sunims-su-antilope-ir-rozmarinais-113g\/#breadcrumb"},"inLanguage":"lt-LT","potentialAction":[{"@type":"ReadAction","target":["https:\/\/anivet.lt\/elparduotuve\/produktas\/karoo-wild-skanestai-sunims-su-antilope-ir-rozmarinais-113g\/"]}]},{"@type":"ImageObject","inLanguage":"lt-LT","@id":"https:\/\/anivet.lt\/elparduotuve\/produktas\/karoo-wild-skanestai-sunims-su-antilope-ir-rozmarinais-113g\/#primaryimage","url":"https:\/\/anivet.lt\/elparduotuve\/wp-content\/uploads\/2026\/01\/Karoo-Wild-skanestai-sunims-su-antilope-ir-rozmarinais-113g.jpg","contentUrl":"https:\/\/anivet.lt\/elparduotuve\/wp-content\/uploads\/2026\/01\/Karoo-Wild-skanestai-sunims-su-antilope-ir-rozmarinais-113g.jpg","width":600,"height":600,"caption":"Karoo Wild skan\u0117stai \u0161unims su antilope ir rozmarinais 113g"},{"@type":"BreadcrumbList","@id":"https:\/\/anivet.lt\/elparduotuve\/produktas\/karoo-wild-skanestai-sunims-su-antilope-ir-rozmarinais-113g\/#breadcrumb","itemListElement":[{"@type":"ListItem","position":1,"name":"Home","item":"https:\/\/anivet.lt\/elparduotuve\/"},{"@type":"ListItem","position":2,"name":"Produktai","item":"https:\/\/anivet.lt\/elparduotuve\/produktai\/"},{"@type":"ListItem","position":3,"name":"Karoo Wild skan\u0117stai \u0161unims su antilope ir rozmarinais 113g"}]},{"@type":"WebSite","@id":"https:\/\/anivet.lt\/elparduotuve\/#website","url":"https:\/\/anivet.lt\/elparduotuve\/","name":"anivet.lt","description":"Viskas J\u016bs\u0173 \u0161uns, kat\u0117s prie\u017ei\u016brai","publisher":{"@id":"https:\/\/anivet.lt\/elparduotuve\/#organization"},"alternateName":"Viskas J\u016bs\u0173 \u0161uns, kat\u0117s prie\u017ei\u016brai","potentialAction":[{"@type":"SearchAction","target":{"@type":"EntryPoint","urlTemplate":"https:\/\/anivet.lt\/elparduotuve\/?s={search_term_string}"},"query-input":{"@type":"PropertyValueSpecification","valueRequired":true,"valueName":"search_term_string"}}],"inLanguage":"lt-LT"},{"@type":"Organization","@id":"https:\/\/anivet.lt\/elparduotuve\/#organization","name":"Viskas J\u016bs\u0173 \u0161uns, kat\u0117s prie\u017ei\u016brai","url":"https:\/\/anivet.lt\/elparduotuve\/","logo":{"@type":"ImageObject","inLanguage":"lt-LT","@id":"https:\/\/anivet.lt\/elparduotuve\/#\/schema\/logo\/image\/","url":"https:\/\/anivet.lt\/elparduotuve\/wp-content\/uploads\/2023\/06\/logo2.jpg","contentUrl":"https:\/\/anivet.lt\/elparduotuve\/wp-content\/uploads\/2023\/06\/logo2.jpg","width":655,"height":194,"caption":"Viskas J\u016bs\u0173 \u0161uns, kat\u0117s prie\u017ei\u016brai"},"image":{"@id":"https:\/\/anivet.lt\/elparduotuve\/#\/schema\/logo\/image\/"}}]}},"_links":{"self":[{"href":"https:\/\/anivet.lt\/elparduotuve\/wp-json\/wp\/v2\/product\/19598","targetHints":{"allow":["GET"]}}],"collection":[{"href":"https:\/\/anivet.lt\/elparduotuve\/wp-json\/wp\/v2\/product"}],"about":[{"href":"https:\/\/anivet.lt\/elparduotuve\/wp-json\/wp\/v2\/types\/product"}],"wp:featuredmedia":[{"embeddable":true,"href":"https:\/\/anivet.lt\/elparduotuve\/wp-json\/wp\/v2\/media\/19599"}],"wp:attachment":[{"href":"https:\/\/anivet.lt\/elparduotuve\/wp-json\/wp\/v2\/media?parent=19598"}],"wp:term":[{"taxonomy":"product_brand","embeddable":true,"href":"https:\/\/anivet.lt\/elparduotuve\/wp-json\/wp\/v2\/product_brand?post=19598"},{"taxonomy":"product_cat","embeddable":true,"href":"https:\/\/anivet.lt\/elparduotuve\/wp-json\/wp\/v2\/product_cat?post=19598"},{"taxonomy":"product_tag","embeddable":true,"href":"https:\/\/anivet.lt\/elparduotuve\/wp-json\/wp\/v2\/product_tag?post=19598"}],"curies":[{"name":"wp","href":"https:\/\/api.w.org\/{rel}","templated":true}]}}