{"id":19666,"date":"2026-01-20T11:50:57","date_gmt":"2026-01-20T11:50:57","guid":{"rendered":"https:\/\/anivet.lt\/elparduotuve\/?post_type=product&#038;p=19666"},"modified":"2026-01-20T11:50:58","modified_gmt":"2026-01-20T11:50:58","slug":"hills-sp-canine-adult-light-large-breed-chicken-dideliu-veisliu-sunims-14kg","status":"publish","type":"product","link":"https:\/\/anivet.lt\/elparduotuve\/produktas\/hills-sp-canine-adult-light-large-breed-chicken-dideliu-veisliu-sunims-14kg\/","title":{"rendered":"Hill\u2019s SP Canine Adult Light Large Breed Chicken dideli\u0173 veisli\u0173 \u0161unims 14kg"},"content":{"rendered":"<ul>\n<li>Speciali sotumo palaikymo formul\u0117 padeda augintiniui jaustis so\u010diam tarp maitinim\u0173.<\/li>\n<li>Vitaminas E ir omega-6 riebal\u0173 r\u016bg\u0161tys prisideda prie sveikos odos ir blizgaus kailio.<\/li>\n<li>Ma\u017eesnis kalorij\u0173 kiekis kartu su L-karnitinu padeda kontroliuoti svor\u012f ir i\u0161laikyti optimali\u0105 k\u016bno form\u0105.<\/li>\n<\/ul>\n","protected":false},"excerpt":{"rendered":"<p>\u201eHill\u2019s Science Plan Light Large Breed Adult\u201c sausas \u0161un\u0173 maistas su vi\u0161tiena sukurtas dideli\u0173 veisli\u0173, ma\u017eiau aktyviems \u0161unims, kuriems reikalingas suma\u017einto kaloringumo racionas sveikam k\u016bno svoriui ir gerai savijautai palaikyti.<\/p>\n","protected":false},"featured_media":19667,"template":"","meta":[],"product_brand":[],"product_cat":[101,103,104,333],"product_tag":[],"class_list":{"0":"post-19666","1":"product","2":"type-product","3":"status-publish","4":"has-post-thumbnail","6":"product_cat-sunims","7":"product_cat-sunu-maistas","8":"product_cat-sausas-maistas","9":"product_cat-hills-sunu-maistas","10":"pa_prekinis-zenklas-hills","12":"first","13":"instock","14":"taxable","15":"shipping-taxable","16":"purchasable","17":"product-type-simple"},"yoast_head":"<!-- This site is optimized with the Yoast SEO Premium plugin v27.1 (Yoast SEO v27.5) - https:\/\/yoast.com\/product\/yoast-seo-premium-wordpress\/ -->\n<title>Hill\u2019s SP Canine Adult Light Large Breed Chicken dideli\u0173 veisli\u0173 \u0161unims 14kg - anivet.lt<\/title>\n<meta name=\"description\" content=\"\u201eHill\u2019s Science Plan Light Large Breed Adult\u201c sausas \u0161un\u0173 maistas su vi\u0161tiena sukurtas dideli\u0173 veisli\u0173, ma\u017eiau aktyviems \u0161unims, kuriems reikalingas suma\u017einto kaloringumo racionas sveikam k\u016bno svoriui ir gerai savijautai palaikyti.\" \/>\n<meta name=\"robots\" content=\"index, follow, max-snippet:-1, max-image-preview:large, max-video-preview:-1\" \/>\n<link rel=\"canonical\" href=\"https:\/\/anivet.lt\/elparduotuve\/produktas\/hills-sp-canine-adult-light-large-breed-chicken-dideliu-veisliu-sunims-14kg\/\" \/>\n<meta property=\"og:locale\" content=\"lt_LT\" \/>\n<meta property=\"og:type\" content=\"article\" \/>\n<meta property=\"og:title\" content=\"Hill\u2019s SP Canine Adult Light Large Breed Chicken dideli\u0173 veisli\u0173 \u0161unims 14kg\" \/>\n<meta property=\"og:description\" content=\"\u201eHill\u2019s Science Plan Light Large Breed Adult\u201c sausas \u0161un\u0173 maistas su vi\u0161tiena sukurtas dideli\u0173 veisli\u0173, ma\u017eiau aktyviems \u0161unims, kuriems reikalingas suma\u017einto kaloringumo racionas sveikam k\u016bno svoriui ir gerai savijautai palaikyti.\" \/>\n<meta property=\"og:url\" content=\"https:\/\/anivet.lt\/elparduotuve\/produktas\/hills-sp-canine-adult-light-large-breed-chicken-dideliu-veisliu-sunims-14kg\/\" \/>\n<meta property=\"og:site_name\" content=\"anivet.lt\" \/>\n<meta property=\"article:modified_time\" content=\"2026-01-20T11:50:58+00:00\" \/>\n<meta property=\"og:image\" content=\"https:\/\/anivet.lt\/elparduotuve\/wp-content\/uploads\/2026\/01\/Hills-SP-Canine-Adult-Light-Large-Breed-Chicken-dideliu-veisliu-sunims.jpg\" \/>\n\t<meta property=\"og:image:width\" content=\"650\" \/>\n\t<meta property=\"og:image:height\" content=\"650\" \/>\n\t<meta property=\"og:image:type\" content=\"image\/jpeg\" \/>\n<meta name=\"twitter:card\" content=\"summary_large_image\" \/>\n<meta name=\"twitter:label1\" content=\"Est. reading time\" \/>\n\t<meta name=\"twitter:data1\" content=\"1 minut\u0117\" \/>\n<script type=\"application\/ld+json\" class=\"yoast-schema-graph\">{\"@context\":\"https:\\\/\\\/schema.org\",\"@graph\":[{\"@type\":\"WebPage\",\"@id\":\"https:\\\/\\\/anivet.lt\\\/elparduotuve\\\/produktas\\\/hills-sp-canine-adult-light-large-breed-chicken-dideliu-veisliu-sunims-14kg\\\/\",\"url\":\"https:\\\/\\\/anivet.lt\\\/elparduotuve\\\/produktas\\\/hills-sp-canine-adult-light-large-breed-chicken-dideliu-veisliu-sunims-14kg\\\/\",\"name\":\"Hill\u2019s SP Canine Adult Light Large Breed Chicken dideli\u0173 veisli\u0173 \u0161unims 14kg - anivet.lt\",\"isPartOf\":{\"@id\":\"https:\\\/\\\/anivet.lt\\\/elparduotuve\\\/#website\"},\"primaryImageOfPage\":{\"@id\":\"https:\\\/\\\/anivet.lt\\\/elparduotuve\\\/produktas\\\/hills-sp-canine-adult-light-large-breed-chicken-dideliu-veisliu-sunims-14kg\\\/#primaryimage\"},\"image\":{\"@id\":\"https:\\\/\\\/anivet.lt\\\/elparduotuve\\\/produktas\\\/hills-sp-canine-adult-light-large-breed-chicken-dideliu-veisliu-sunims-14kg\\\/#primaryimage\"},\"thumbnailUrl\":\"https:\\\/\\\/anivet.lt\\\/elparduotuve\\\/wp-content\\\/uploads\\\/2026\\\/01\\\/Hills-SP-Canine-Adult-Light-Large-Breed-Chicken-dideliu-veisliu-sunims.jpg\",\"datePublished\":\"2026-01-20T11:50:57+00:00\",\"dateModified\":\"2026-01-20T11:50:58+00:00\",\"description\":\"\u201eHill\u2019s Science Plan Light Large Breed Adult\u201c sausas \u0161un\u0173 maistas su vi\u0161tiena sukurtas dideli\u0173 veisli\u0173, ma\u017eiau aktyviems \u0161unims, kuriems reikalingas suma\u017einto kaloringumo racionas sveikam k\u016bno svoriui ir gerai savijautai palaikyti.\",\"breadcrumb\":{\"@id\":\"https:\\\/\\\/anivet.lt\\\/elparduotuve\\\/produktas\\\/hills-sp-canine-adult-light-large-breed-chicken-dideliu-veisliu-sunims-14kg\\\/#breadcrumb\"},\"inLanguage\":\"lt-LT\",\"potentialAction\":[{\"@type\":\"ReadAction\",\"target\":[\"https:\\\/\\\/anivet.lt\\\/elparduotuve\\\/produktas\\\/hills-sp-canine-adult-light-large-breed-chicken-dideliu-veisliu-sunims-14kg\\\/\"]}]},{\"@type\":\"ImageObject\",\"inLanguage\":\"lt-LT\",\"@id\":\"https:\\\/\\\/anivet.lt\\\/elparduotuve\\\/produktas\\\/hills-sp-canine-adult-light-large-breed-chicken-dideliu-veisliu-sunims-14kg\\\/#primaryimage\",\"url\":\"https:\\\/\\\/anivet.lt\\\/elparduotuve\\\/wp-content\\\/uploads\\\/2026\\\/01\\\/Hills-SP-Canine-Adult-Light-Large-Breed-Chicken-dideliu-veisliu-sunims.jpg\",\"contentUrl\":\"https:\\\/\\\/anivet.lt\\\/elparduotuve\\\/wp-content\\\/uploads\\\/2026\\\/01\\\/Hills-SP-Canine-Adult-Light-Large-Breed-Chicken-dideliu-veisliu-sunims.jpg\",\"width\":650,\"height\":650,\"caption\":\"Hill\u2019s SP Canine Adult Light Large Breed Chicken dideli\u0173 veisli\u0173 \u0161unims 14kg\"},{\"@type\":\"BreadcrumbList\",\"@id\":\"https:\\\/\\\/anivet.lt\\\/elparduotuve\\\/produktas\\\/hills-sp-canine-adult-light-large-breed-chicken-dideliu-veisliu-sunims-14kg\\\/#breadcrumb\",\"itemListElement\":[{\"@type\":\"ListItem\",\"position\":1,\"name\":\"Home\",\"item\":\"https:\\\/\\\/anivet.lt\\\/elparduotuve\\\/\"},{\"@type\":\"ListItem\",\"position\":2,\"name\":\"Produktai\",\"item\":\"https:\\\/\\\/anivet.lt\\\/elparduotuve\\\/produktai\\\/\"},{\"@type\":\"ListItem\",\"position\":3,\"name\":\"Hill\u2019s SP Canine Adult Light Large Breed Chicken dideli\u0173 veisli\u0173 \u0161unims 14kg\"}]},{\"@type\":\"WebSite\",\"@id\":\"https:\\\/\\\/anivet.lt\\\/elparduotuve\\\/#website\",\"url\":\"https:\\\/\\\/anivet.lt\\\/elparduotuve\\\/\",\"name\":\"anivet.lt\",\"description\":\"Viskas J\u016bs\u0173 \u0161uns, kat\u0117s prie\u017ei\u016brai\",\"publisher\":{\"@id\":\"https:\\\/\\\/anivet.lt\\\/elparduotuve\\\/#organization\"},\"alternateName\":\"Viskas J\u016bs\u0173 \u0161uns, kat\u0117s prie\u017ei\u016brai\",\"potentialAction\":[{\"@type\":\"SearchAction\",\"target\":{\"@type\":\"EntryPoint\",\"urlTemplate\":\"https:\\\/\\\/anivet.lt\\\/elparduotuve\\\/?s={search_term_string}\"},\"query-input\":{\"@type\":\"PropertyValueSpecification\",\"valueRequired\":true,\"valueName\":\"search_term_string\"}}],\"inLanguage\":\"lt-LT\"},{\"@type\":\"Organization\",\"@id\":\"https:\\\/\\\/anivet.lt\\\/elparduotuve\\\/#organization\",\"name\":\"Viskas J\u016bs\u0173 \u0161uns, kat\u0117s prie\u017ei\u016brai\",\"url\":\"https:\\\/\\\/anivet.lt\\\/elparduotuve\\\/\",\"logo\":{\"@type\":\"ImageObject\",\"inLanguage\":\"lt-LT\",\"@id\":\"https:\\\/\\\/anivet.lt\\\/elparduotuve\\\/#\\\/schema\\\/logo\\\/image\\\/\",\"url\":\"https:\\\/\\\/anivet.lt\\\/elparduotuve\\\/wp-content\\\/uploads\\\/2023\\\/06\\\/logo2.jpg\",\"contentUrl\":\"https:\\\/\\\/anivet.lt\\\/elparduotuve\\\/wp-content\\\/uploads\\\/2023\\\/06\\\/logo2.jpg\",\"width\":655,\"height\":194,\"caption\":\"Viskas J\u016bs\u0173 \u0161uns, kat\u0117s prie\u017ei\u016brai\"},\"image\":{\"@id\":\"https:\\\/\\\/anivet.lt\\\/elparduotuve\\\/#\\\/schema\\\/logo\\\/image\\\/\"}}]}<\/script>\n<!-- \/ Yoast SEO Premium plugin. -->","yoast_head_json":{"title":"Hill\u2019s SP Canine Adult Light Large Breed Chicken dideli\u0173 veisli\u0173 \u0161unims 14kg - anivet.lt","description":"\u201eHill\u2019s Science Plan Light Large Breed Adult\u201c sausas \u0161un\u0173 maistas su vi\u0161tiena sukurtas dideli\u0173 veisli\u0173, ma\u017eiau aktyviems \u0161unims, kuriems reikalingas suma\u017einto kaloringumo racionas sveikam k\u016bno svoriui ir gerai savijautai palaikyti.","robots":{"index":"index","follow":"follow","max-snippet":"max-snippet:-1","max-image-preview":"max-image-preview:large","max-video-preview":"max-video-preview:-1"},"canonical":"https:\/\/anivet.lt\/elparduotuve\/produktas\/hills-sp-canine-adult-light-large-breed-chicken-dideliu-veisliu-sunims-14kg\/","og_locale":"lt_LT","og_type":"article","og_title":"Hill\u2019s SP Canine Adult Light Large Breed Chicken dideli\u0173 veisli\u0173 \u0161unims 14kg","og_description":"\u201eHill\u2019s Science Plan Light Large Breed Adult\u201c sausas \u0161un\u0173 maistas su vi\u0161tiena sukurtas dideli\u0173 veisli\u0173, ma\u017eiau aktyviems \u0161unims, kuriems reikalingas suma\u017einto kaloringumo racionas sveikam k\u016bno svoriui ir gerai savijautai palaikyti.","og_url":"https:\/\/anivet.lt\/elparduotuve\/produktas\/hills-sp-canine-adult-light-large-breed-chicken-dideliu-veisliu-sunims-14kg\/","og_site_name":"anivet.lt","article_modified_time":"2026-01-20T11:50:58+00:00","og_image":[{"width":650,"height":650,"url":"https:\/\/anivet.lt\/elparduotuve\/wp-content\/uploads\/2026\/01\/Hills-SP-Canine-Adult-Light-Large-Breed-Chicken-dideliu-veisliu-sunims.jpg","type":"image\/jpeg"}],"twitter_card":"summary_large_image","twitter_misc":{"Est. reading time":"1 minut\u0117"},"schema":{"@context":"https:\/\/schema.org","@graph":[{"@type":"WebPage","@id":"https:\/\/anivet.lt\/elparduotuve\/produktas\/hills-sp-canine-adult-light-large-breed-chicken-dideliu-veisliu-sunims-14kg\/","url":"https:\/\/anivet.lt\/elparduotuve\/produktas\/hills-sp-canine-adult-light-large-breed-chicken-dideliu-veisliu-sunims-14kg\/","name":"Hill\u2019s SP Canine Adult Light Large Breed Chicken dideli\u0173 veisli\u0173 \u0161unims 14kg - anivet.lt","isPartOf":{"@id":"https:\/\/anivet.lt\/elparduotuve\/#website"},"primaryImageOfPage":{"@id":"https:\/\/anivet.lt\/elparduotuve\/produktas\/hills-sp-canine-adult-light-large-breed-chicken-dideliu-veisliu-sunims-14kg\/#primaryimage"},"image":{"@id":"https:\/\/anivet.lt\/elparduotuve\/produktas\/hills-sp-canine-adult-light-large-breed-chicken-dideliu-veisliu-sunims-14kg\/#primaryimage"},"thumbnailUrl":"https:\/\/anivet.lt\/elparduotuve\/wp-content\/uploads\/2026\/01\/Hills-SP-Canine-Adult-Light-Large-Breed-Chicken-dideliu-veisliu-sunims.jpg","datePublished":"2026-01-20T11:50:57+00:00","dateModified":"2026-01-20T11:50:58+00:00","description":"\u201eHill\u2019s Science Plan Light Large Breed Adult\u201c sausas \u0161un\u0173 maistas su vi\u0161tiena sukurtas dideli\u0173 veisli\u0173, ma\u017eiau aktyviems \u0161unims, kuriems reikalingas suma\u017einto kaloringumo racionas sveikam k\u016bno svoriui ir gerai savijautai palaikyti.","breadcrumb":{"@id":"https:\/\/anivet.lt\/elparduotuve\/produktas\/hills-sp-canine-adult-light-large-breed-chicken-dideliu-veisliu-sunims-14kg\/#breadcrumb"},"inLanguage":"lt-LT","potentialAction":[{"@type":"ReadAction","target":["https:\/\/anivet.lt\/elparduotuve\/produktas\/hills-sp-canine-adult-light-large-breed-chicken-dideliu-veisliu-sunims-14kg\/"]}]},{"@type":"ImageObject","inLanguage":"lt-LT","@id":"https:\/\/anivet.lt\/elparduotuve\/produktas\/hills-sp-canine-adult-light-large-breed-chicken-dideliu-veisliu-sunims-14kg\/#primaryimage","url":"https:\/\/anivet.lt\/elparduotuve\/wp-content\/uploads\/2026\/01\/Hills-SP-Canine-Adult-Light-Large-Breed-Chicken-dideliu-veisliu-sunims.jpg","contentUrl":"https:\/\/anivet.lt\/elparduotuve\/wp-content\/uploads\/2026\/01\/Hills-SP-Canine-Adult-Light-Large-Breed-Chicken-dideliu-veisliu-sunims.jpg","width":650,"height":650,"caption":"Hill\u2019s SP Canine Adult Light Large Breed Chicken dideli\u0173 veisli\u0173 \u0161unims 14kg"},{"@type":"BreadcrumbList","@id":"https:\/\/anivet.lt\/elparduotuve\/produktas\/hills-sp-canine-adult-light-large-breed-chicken-dideliu-veisliu-sunims-14kg\/#breadcrumb","itemListElement":[{"@type":"ListItem","position":1,"name":"Home","item":"https:\/\/anivet.lt\/elparduotuve\/"},{"@type":"ListItem","position":2,"name":"Produktai","item":"https:\/\/anivet.lt\/elparduotuve\/produktai\/"},{"@type":"ListItem","position":3,"name":"Hill\u2019s SP Canine Adult Light Large Breed Chicken dideli\u0173 veisli\u0173 \u0161unims 14kg"}]},{"@type":"WebSite","@id":"https:\/\/anivet.lt\/elparduotuve\/#website","url":"https:\/\/anivet.lt\/elparduotuve\/","name":"anivet.lt","description":"Viskas J\u016bs\u0173 \u0161uns, kat\u0117s prie\u017ei\u016brai","publisher":{"@id":"https:\/\/anivet.lt\/elparduotuve\/#organization"},"alternateName":"Viskas J\u016bs\u0173 \u0161uns, kat\u0117s prie\u017ei\u016brai","potentialAction":[{"@type":"SearchAction","target":{"@type":"EntryPoint","urlTemplate":"https:\/\/anivet.lt\/elparduotuve\/?s={search_term_string}"},"query-input":{"@type":"PropertyValueSpecification","valueRequired":true,"valueName":"search_term_string"}}],"inLanguage":"lt-LT"},{"@type":"Organization","@id":"https:\/\/anivet.lt\/elparduotuve\/#organization","name":"Viskas J\u016bs\u0173 \u0161uns, kat\u0117s prie\u017ei\u016brai","url":"https:\/\/anivet.lt\/elparduotuve\/","logo":{"@type":"ImageObject","inLanguage":"lt-LT","@id":"https:\/\/anivet.lt\/elparduotuve\/#\/schema\/logo\/image\/","url":"https:\/\/anivet.lt\/elparduotuve\/wp-content\/uploads\/2023\/06\/logo2.jpg","contentUrl":"https:\/\/anivet.lt\/elparduotuve\/wp-content\/uploads\/2023\/06\/logo2.jpg","width":655,"height":194,"caption":"Viskas J\u016bs\u0173 \u0161uns, kat\u0117s prie\u017ei\u016brai"},"image":{"@id":"https:\/\/anivet.lt\/elparduotuve\/#\/schema\/logo\/image\/"}}]}},"_links":{"self":[{"href":"https:\/\/anivet.lt\/elparduotuve\/wp-json\/wp\/v2\/product\/19666","targetHints":{"allow":["GET"]}}],"collection":[{"href":"https:\/\/anivet.lt\/elparduotuve\/wp-json\/wp\/v2\/product"}],"about":[{"href":"https:\/\/anivet.lt\/elparduotuve\/wp-json\/wp\/v2\/types\/product"}],"wp:featuredmedia":[{"embeddable":true,"href":"https:\/\/anivet.lt\/elparduotuve\/wp-json\/wp\/v2\/media\/19667"}],"wp:attachment":[{"href":"https:\/\/anivet.lt\/elparduotuve\/wp-json\/wp\/v2\/media?parent=19666"}],"wp:term":[{"taxonomy":"product_brand","embeddable":true,"href":"https:\/\/anivet.lt\/elparduotuve\/wp-json\/wp\/v2\/product_brand?post=19666"},{"taxonomy":"product_cat","embeddable":true,"href":"https:\/\/anivet.lt\/elparduotuve\/wp-json\/wp\/v2\/product_cat?post=19666"},{"taxonomy":"product_tag","embeddable":true,"href":"https:\/\/anivet.lt\/elparduotuve\/wp-json\/wp\/v2\/product_tag?post=19666"}],"curies":[{"name":"wp","href":"https:\/\/api.w.org\/{rel}","templated":true}]}}