{"id":19716,"date":"2026-01-20T15:48:45","date_gmt":"2026-01-20T15:48:45","guid":{"rendered":"https:\/\/anivet.lt\/elparduotuve\/?post_type=product&#038;p=19716"},"modified":"2026-01-20T15:48:46","modified_gmt":"2026-01-20T15:48:46","slug":"hills-sp-canine-senior-large-breed-chicken-dideliu-veisliu-vyresnio-amziaus-sunims-14kg","status":"publish","type":"product","link":"https:\/\/anivet.lt\/elparduotuve\/produktas\/hills-sp-canine-senior-large-breed-chicken-dideliu-veisliu-vyresnio-amziaus-sunims-14kg\/","title":{"rendered":"Hill\u2019s SP Canine Senior Large Breed Chicken dideli\u0173 veisli\u0173 vyresnio am\u017eiaus \u0161unims 14kg"},"content":{"rendered":"<ul>\n<li>Hill\u2019s Science Plan Canine Mature Large Breed Chicken \u2013 pilnavertis sausas maistas, sukurtas specialiai senstan\u010di\u0173 dideli\u0173 veisli\u0173 \u0161un\u0173 poreikiams.<\/li>\n<li>Padeda palaikyti judrum\u0105, lies\u0105 raumen\u0173 mas\u0119 ir sveikus organus.<\/li>\n<li>Sud\u0117tyje yra klini\u0161kai patikrint\u0173 antioksidant\u0173 bei L-karnitino, kurie skatina energingum\u0105 ir bendr\u0105 ger\u0105 savijaut\u0105.<\/li>\n<li>Lengvai vir\u0161kinami ingredientai suderinti taip, kad augintinis jaust\u0173si \u017evalus ir aktyvus kasdien.<\/li>\n<li>Gliukozaminas ir chondroitinas padeda stiprinti s\u0105narius.<\/li>\n<li>Subalansuoti mineralai palaiko \u0161irdies ir inkst\u0173 sveikat\u0105.<\/li>\n<li>Vitaminas E ir omega-6 riebal\u0173 r\u016bg\u0161tys prisideda prie sveikos odos ir blizgan\u010dio kailio.<\/li>\n<\/ul>\n","protected":false},"excerpt":{"rendered":"<p>Visavertis sausas maistas, skirtas vyresnio am\u017eiaus (nuo 7 met\u0173) dideli\u0173 veisli\u0173 \u0161unims su vi\u0161tiena.<\/p>\n","protected":false},"featured_media":19717,"template":"","meta":[],"product_brand":[],"product_cat":[101,103,104,333],"product_tag":[],"class_list":{"0":"post-19716","1":"product","2":"type-product","3":"status-publish","4":"has-post-thumbnail","6":"product_cat-sunims","7":"product_cat-sunu-maistas","8":"product_cat-sausas-maistas","9":"product_cat-hills-sunu-maistas","10":"pa_prekinis-zenklas-hills","12":"first","13":"instock","14":"taxable","15":"shipping-taxable","16":"purchasable","17":"product-type-simple"},"yoast_head":"<!-- This site is optimized with the Yoast SEO Premium plugin v27.1 (Yoast SEO v27.5) - https:\/\/yoast.com\/product\/yoast-seo-premium-wordpress\/ -->\n<title>Hill\u2019s SP Canine Senior Large Breed Chicken dideli\u0173 veisli\u0173 vyresnio am\u017eiaus \u0161unims 14kg - anivet.lt<\/title>\n<meta name=\"description\" content=\"Visavertis sausas maistas, skirtas vyresnio am\u017eiaus (nuo 7 met\u0173) dideli\u0173 veisli\u0173 \u0161unims su vi\u0161tiena.\" \/>\n<meta name=\"robots\" content=\"index, follow, max-snippet:-1, max-image-preview:large, max-video-preview:-1\" \/>\n<link rel=\"canonical\" href=\"https:\/\/anivet.lt\/elparduotuve\/produktas\/hills-sp-canine-senior-large-breed-chicken-dideliu-veisliu-vyresnio-amziaus-sunims-14kg\/\" \/>\n<meta property=\"og:locale\" content=\"lt_LT\" \/>\n<meta property=\"og:type\" content=\"article\" \/>\n<meta property=\"og:title\" content=\"Hill\u2019s SP Canine Senior Large Breed Chicken dideli\u0173 veisli\u0173 vyresnio am\u017eiaus \u0161unims 14kg\" \/>\n<meta property=\"og:description\" content=\"Visavertis sausas maistas, skirtas vyresnio am\u017eiaus (nuo 7 met\u0173) dideli\u0173 veisli\u0173 \u0161unims su vi\u0161tiena.\" \/>\n<meta property=\"og:url\" content=\"https:\/\/anivet.lt\/elparduotuve\/produktas\/hills-sp-canine-senior-large-breed-chicken-dideliu-veisliu-vyresnio-amziaus-sunims-14kg\/\" \/>\n<meta property=\"og:site_name\" content=\"anivet.lt\" \/>\n<meta property=\"article:modified_time\" content=\"2026-01-20T15:48:46+00:00\" \/>\n<meta property=\"og:image\" content=\"https:\/\/anivet.lt\/elparduotuve\/wp-content\/uploads\/2026\/01\/Hills-SP-Canine-Senior-Large-Breed-Chicken-dideliu-veisliu-vyresnio-amziaus-sunims.jpg\" \/>\n\t<meta property=\"og:image:width\" content=\"605\" \/>\n\t<meta property=\"og:image:height\" content=\"605\" \/>\n\t<meta property=\"og:image:type\" content=\"image\/jpeg\" \/>\n<meta name=\"twitter:card\" content=\"summary_large_image\" \/>\n<meta name=\"twitter:label1\" content=\"Est. reading time\" \/>\n\t<meta name=\"twitter:data1\" content=\"1 minut\u0117\" \/>\n<script type=\"application\/ld+json\" class=\"yoast-schema-graph\">{\"@context\":\"https:\\\/\\\/schema.org\",\"@graph\":[{\"@type\":\"WebPage\",\"@id\":\"https:\\\/\\\/anivet.lt\\\/elparduotuve\\\/produktas\\\/hills-sp-canine-senior-large-breed-chicken-dideliu-veisliu-vyresnio-amziaus-sunims-14kg\\\/\",\"url\":\"https:\\\/\\\/anivet.lt\\\/elparduotuve\\\/produktas\\\/hills-sp-canine-senior-large-breed-chicken-dideliu-veisliu-vyresnio-amziaus-sunims-14kg\\\/\",\"name\":\"Hill\u2019s SP Canine Senior Large Breed Chicken dideli\u0173 veisli\u0173 vyresnio am\u017eiaus \u0161unims 14kg - anivet.lt\",\"isPartOf\":{\"@id\":\"https:\\\/\\\/anivet.lt\\\/elparduotuve\\\/#website\"},\"primaryImageOfPage\":{\"@id\":\"https:\\\/\\\/anivet.lt\\\/elparduotuve\\\/produktas\\\/hills-sp-canine-senior-large-breed-chicken-dideliu-veisliu-vyresnio-amziaus-sunims-14kg\\\/#primaryimage\"},\"image\":{\"@id\":\"https:\\\/\\\/anivet.lt\\\/elparduotuve\\\/produktas\\\/hills-sp-canine-senior-large-breed-chicken-dideliu-veisliu-vyresnio-amziaus-sunims-14kg\\\/#primaryimage\"},\"thumbnailUrl\":\"https:\\\/\\\/anivet.lt\\\/elparduotuve\\\/wp-content\\\/uploads\\\/2026\\\/01\\\/Hills-SP-Canine-Senior-Large-Breed-Chicken-dideliu-veisliu-vyresnio-amziaus-sunims.jpg\",\"datePublished\":\"2026-01-20T15:48:45+00:00\",\"dateModified\":\"2026-01-20T15:48:46+00:00\",\"description\":\"Visavertis sausas maistas, skirtas vyresnio am\u017eiaus (nuo 7 met\u0173) dideli\u0173 veisli\u0173 \u0161unims su vi\u0161tiena.\",\"breadcrumb\":{\"@id\":\"https:\\\/\\\/anivet.lt\\\/elparduotuve\\\/produktas\\\/hills-sp-canine-senior-large-breed-chicken-dideliu-veisliu-vyresnio-amziaus-sunims-14kg\\\/#breadcrumb\"},\"inLanguage\":\"lt-LT\",\"potentialAction\":[{\"@type\":\"ReadAction\",\"target\":[\"https:\\\/\\\/anivet.lt\\\/elparduotuve\\\/produktas\\\/hills-sp-canine-senior-large-breed-chicken-dideliu-veisliu-vyresnio-amziaus-sunims-14kg\\\/\"]}]},{\"@type\":\"ImageObject\",\"inLanguage\":\"lt-LT\",\"@id\":\"https:\\\/\\\/anivet.lt\\\/elparduotuve\\\/produktas\\\/hills-sp-canine-senior-large-breed-chicken-dideliu-veisliu-vyresnio-amziaus-sunims-14kg\\\/#primaryimage\",\"url\":\"https:\\\/\\\/anivet.lt\\\/elparduotuve\\\/wp-content\\\/uploads\\\/2026\\\/01\\\/Hills-SP-Canine-Senior-Large-Breed-Chicken-dideliu-veisliu-vyresnio-amziaus-sunims.jpg\",\"contentUrl\":\"https:\\\/\\\/anivet.lt\\\/elparduotuve\\\/wp-content\\\/uploads\\\/2026\\\/01\\\/Hills-SP-Canine-Senior-Large-Breed-Chicken-dideliu-veisliu-vyresnio-amziaus-sunims.jpg\",\"width\":605,\"height\":605,\"caption\":\"AUTO-DRAFT\"},{\"@type\":\"BreadcrumbList\",\"@id\":\"https:\\\/\\\/anivet.lt\\\/elparduotuve\\\/produktas\\\/hills-sp-canine-senior-large-breed-chicken-dideliu-veisliu-vyresnio-amziaus-sunims-14kg\\\/#breadcrumb\",\"itemListElement\":[{\"@type\":\"ListItem\",\"position\":1,\"name\":\"Home\",\"item\":\"https:\\\/\\\/anivet.lt\\\/elparduotuve\\\/\"},{\"@type\":\"ListItem\",\"position\":2,\"name\":\"Produktai\",\"item\":\"https:\\\/\\\/anivet.lt\\\/elparduotuve\\\/produktai\\\/\"},{\"@type\":\"ListItem\",\"position\":3,\"name\":\"Hill\u2019s SP Canine Senior Large Breed Chicken dideli\u0173 veisli\u0173 vyresnio am\u017eiaus \u0161unims 14kg\"}]},{\"@type\":\"WebSite\",\"@id\":\"https:\\\/\\\/anivet.lt\\\/elparduotuve\\\/#website\",\"url\":\"https:\\\/\\\/anivet.lt\\\/elparduotuve\\\/\",\"name\":\"anivet.lt\",\"description\":\"Viskas J\u016bs\u0173 \u0161uns, kat\u0117s prie\u017ei\u016brai\",\"publisher\":{\"@id\":\"https:\\\/\\\/anivet.lt\\\/elparduotuve\\\/#organization\"},\"alternateName\":\"Viskas J\u016bs\u0173 \u0161uns, kat\u0117s prie\u017ei\u016brai\",\"potentialAction\":[{\"@type\":\"SearchAction\",\"target\":{\"@type\":\"EntryPoint\",\"urlTemplate\":\"https:\\\/\\\/anivet.lt\\\/elparduotuve\\\/?s={search_term_string}\"},\"query-input\":{\"@type\":\"PropertyValueSpecification\",\"valueRequired\":true,\"valueName\":\"search_term_string\"}}],\"inLanguage\":\"lt-LT\"},{\"@type\":\"Organization\",\"@id\":\"https:\\\/\\\/anivet.lt\\\/elparduotuve\\\/#organization\",\"name\":\"Viskas J\u016bs\u0173 \u0161uns, kat\u0117s prie\u017ei\u016brai\",\"url\":\"https:\\\/\\\/anivet.lt\\\/elparduotuve\\\/\",\"logo\":{\"@type\":\"ImageObject\",\"inLanguage\":\"lt-LT\",\"@id\":\"https:\\\/\\\/anivet.lt\\\/elparduotuve\\\/#\\\/schema\\\/logo\\\/image\\\/\",\"url\":\"https:\\\/\\\/anivet.lt\\\/elparduotuve\\\/wp-content\\\/uploads\\\/2023\\\/06\\\/logo2.jpg\",\"contentUrl\":\"https:\\\/\\\/anivet.lt\\\/elparduotuve\\\/wp-content\\\/uploads\\\/2023\\\/06\\\/logo2.jpg\",\"width\":655,\"height\":194,\"caption\":\"Viskas J\u016bs\u0173 \u0161uns, kat\u0117s prie\u017ei\u016brai\"},\"image\":{\"@id\":\"https:\\\/\\\/anivet.lt\\\/elparduotuve\\\/#\\\/schema\\\/logo\\\/image\\\/\"}}]}<\/script>\n<!-- \/ Yoast SEO Premium plugin. -->","yoast_head_json":{"title":"Hill\u2019s SP Canine Senior Large Breed Chicken dideli\u0173 veisli\u0173 vyresnio am\u017eiaus \u0161unims 14kg - anivet.lt","description":"Visavertis sausas maistas, skirtas vyresnio am\u017eiaus (nuo 7 met\u0173) dideli\u0173 veisli\u0173 \u0161unims su vi\u0161tiena.","robots":{"index":"index","follow":"follow","max-snippet":"max-snippet:-1","max-image-preview":"max-image-preview:large","max-video-preview":"max-video-preview:-1"},"canonical":"https:\/\/anivet.lt\/elparduotuve\/produktas\/hills-sp-canine-senior-large-breed-chicken-dideliu-veisliu-vyresnio-amziaus-sunims-14kg\/","og_locale":"lt_LT","og_type":"article","og_title":"Hill\u2019s SP Canine Senior Large Breed Chicken dideli\u0173 veisli\u0173 vyresnio am\u017eiaus \u0161unims 14kg","og_description":"Visavertis sausas maistas, skirtas vyresnio am\u017eiaus (nuo 7 met\u0173) dideli\u0173 veisli\u0173 \u0161unims su vi\u0161tiena.","og_url":"https:\/\/anivet.lt\/elparduotuve\/produktas\/hills-sp-canine-senior-large-breed-chicken-dideliu-veisliu-vyresnio-amziaus-sunims-14kg\/","og_site_name":"anivet.lt","article_modified_time":"2026-01-20T15:48:46+00:00","og_image":[{"width":605,"height":605,"url":"https:\/\/anivet.lt\/elparduotuve\/wp-content\/uploads\/2026\/01\/Hills-SP-Canine-Senior-Large-Breed-Chicken-dideliu-veisliu-vyresnio-amziaus-sunims.jpg","type":"image\/jpeg"}],"twitter_card":"summary_large_image","twitter_misc":{"Est. reading time":"1 minut\u0117"},"schema":{"@context":"https:\/\/schema.org","@graph":[{"@type":"WebPage","@id":"https:\/\/anivet.lt\/elparduotuve\/produktas\/hills-sp-canine-senior-large-breed-chicken-dideliu-veisliu-vyresnio-amziaus-sunims-14kg\/","url":"https:\/\/anivet.lt\/elparduotuve\/produktas\/hills-sp-canine-senior-large-breed-chicken-dideliu-veisliu-vyresnio-amziaus-sunims-14kg\/","name":"Hill\u2019s SP Canine Senior Large Breed Chicken dideli\u0173 veisli\u0173 vyresnio am\u017eiaus \u0161unims 14kg - anivet.lt","isPartOf":{"@id":"https:\/\/anivet.lt\/elparduotuve\/#website"},"primaryImageOfPage":{"@id":"https:\/\/anivet.lt\/elparduotuve\/produktas\/hills-sp-canine-senior-large-breed-chicken-dideliu-veisliu-vyresnio-amziaus-sunims-14kg\/#primaryimage"},"image":{"@id":"https:\/\/anivet.lt\/elparduotuve\/produktas\/hills-sp-canine-senior-large-breed-chicken-dideliu-veisliu-vyresnio-amziaus-sunims-14kg\/#primaryimage"},"thumbnailUrl":"https:\/\/anivet.lt\/elparduotuve\/wp-content\/uploads\/2026\/01\/Hills-SP-Canine-Senior-Large-Breed-Chicken-dideliu-veisliu-vyresnio-amziaus-sunims.jpg","datePublished":"2026-01-20T15:48:45+00:00","dateModified":"2026-01-20T15:48:46+00:00","description":"Visavertis sausas maistas, skirtas vyresnio am\u017eiaus (nuo 7 met\u0173) dideli\u0173 veisli\u0173 \u0161unims su vi\u0161tiena.","breadcrumb":{"@id":"https:\/\/anivet.lt\/elparduotuve\/produktas\/hills-sp-canine-senior-large-breed-chicken-dideliu-veisliu-vyresnio-amziaus-sunims-14kg\/#breadcrumb"},"inLanguage":"lt-LT","potentialAction":[{"@type":"ReadAction","target":["https:\/\/anivet.lt\/elparduotuve\/produktas\/hills-sp-canine-senior-large-breed-chicken-dideliu-veisliu-vyresnio-amziaus-sunims-14kg\/"]}]},{"@type":"ImageObject","inLanguage":"lt-LT","@id":"https:\/\/anivet.lt\/elparduotuve\/produktas\/hills-sp-canine-senior-large-breed-chicken-dideliu-veisliu-vyresnio-amziaus-sunims-14kg\/#primaryimage","url":"https:\/\/anivet.lt\/elparduotuve\/wp-content\/uploads\/2026\/01\/Hills-SP-Canine-Senior-Large-Breed-Chicken-dideliu-veisliu-vyresnio-amziaus-sunims.jpg","contentUrl":"https:\/\/anivet.lt\/elparduotuve\/wp-content\/uploads\/2026\/01\/Hills-SP-Canine-Senior-Large-Breed-Chicken-dideliu-veisliu-vyresnio-amziaus-sunims.jpg","width":605,"height":605,"caption":"AUTO-DRAFT"},{"@type":"BreadcrumbList","@id":"https:\/\/anivet.lt\/elparduotuve\/produktas\/hills-sp-canine-senior-large-breed-chicken-dideliu-veisliu-vyresnio-amziaus-sunims-14kg\/#breadcrumb","itemListElement":[{"@type":"ListItem","position":1,"name":"Home","item":"https:\/\/anivet.lt\/elparduotuve\/"},{"@type":"ListItem","position":2,"name":"Produktai","item":"https:\/\/anivet.lt\/elparduotuve\/produktai\/"},{"@type":"ListItem","position":3,"name":"Hill\u2019s SP Canine Senior Large Breed Chicken dideli\u0173 veisli\u0173 vyresnio am\u017eiaus \u0161unims 14kg"}]},{"@type":"WebSite","@id":"https:\/\/anivet.lt\/elparduotuve\/#website","url":"https:\/\/anivet.lt\/elparduotuve\/","name":"anivet.lt","description":"Viskas J\u016bs\u0173 \u0161uns, kat\u0117s prie\u017ei\u016brai","publisher":{"@id":"https:\/\/anivet.lt\/elparduotuve\/#organization"},"alternateName":"Viskas J\u016bs\u0173 \u0161uns, kat\u0117s prie\u017ei\u016brai","potentialAction":[{"@type":"SearchAction","target":{"@type":"EntryPoint","urlTemplate":"https:\/\/anivet.lt\/elparduotuve\/?s={search_term_string}"},"query-input":{"@type":"PropertyValueSpecification","valueRequired":true,"valueName":"search_term_string"}}],"inLanguage":"lt-LT"},{"@type":"Organization","@id":"https:\/\/anivet.lt\/elparduotuve\/#organization","name":"Viskas J\u016bs\u0173 \u0161uns, kat\u0117s prie\u017ei\u016brai","url":"https:\/\/anivet.lt\/elparduotuve\/","logo":{"@type":"ImageObject","inLanguage":"lt-LT","@id":"https:\/\/anivet.lt\/elparduotuve\/#\/schema\/logo\/image\/","url":"https:\/\/anivet.lt\/elparduotuve\/wp-content\/uploads\/2023\/06\/logo2.jpg","contentUrl":"https:\/\/anivet.lt\/elparduotuve\/wp-content\/uploads\/2023\/06\/logo2.jpg","width":655,"height":194,"caption":"Viskas J\u016bs\u0173 \u0161uns, kat\u0117s prie\u017ei\u016brai"},"image":{"@id":"https:\/\/anivet.lt\/elparduotuve\/#\/schema\/logo\/image\/"}}]}},"_links":{"self":[{"href":"https:\/\/anivet.lt\/elparduotuve\/wp-json\/wp\/v2\/product\/19716","targetHints":{"allow":["GET"]}}],"collection":[{"href":"https:\/\/anivet.lt\/elparduotuve\/wp-json\/wp\/v2\/product"}],"about":[{"href":"https:\/\/anivet.lt\/elparduotuve\/wp-json\/wp\/v2\/types\/product"}],"wp:featuredmedia":[{"embeddable":true,"href":"https:\/\/anivet.lt\/elparduotuve\/wp-json\/wp\/v2\/media\/19717"}],"wp:attachment":[{"href":"https:\/\/anivet.lt\/elparduotuve\/wp-json\/wp\/v2\/media?parent=19716"}],"wp:term":[{"taxonomy":"product_brand","embeddable":true,"href":"https:\/\/anivet.lt\/elparduotuve\/wp-json\/wp\/v2\/product_brand?post=19716"},{"taxonomy":"product_cat","embeddable":true,"href":"https:\/\/anivet.lt\/elparduotuve\/wp-json\/wp\/v2\/product_cat?post=19716"},{"taxonomy":"product_tag","embeddable":true,"href":"https:\/\/anivet.lt\/elparduotuve\/wp-json\/wp\/v2\/product_tag?post=19716"}],"curies":[{"name":"wp","href":"https:\/\/api.w.org\/{rel}","templated":true}]}}