{"id":19720,"date":"2026-01-20T16:02:37","date_gmt":"2026-01-20T16:02:37","guid":{"rendered":"https:\/\/anivet.lt\/elparduotuve\/?post_type=product&#038;p=19720"},"modified":"2026-05-02T12:03:23","modified_gmt":"2026-05-02T12:03:23","slug":"hills-sp-canine-adult-sm-light-chicken-mazu-veisliu-svorio-kontrolei-15kg","status":"publish","type":"product","link":"https:\/\/anivet.lt\/elparduotuve\/produktas\/hills-sp-canine-adult-sm-light-chicken-mazu-veisliu-svorio-kontrolei-15kg\/","title":{"rendered":"Hill\u2019s SP Canine Adult S&#038;M Light Chicken ma\u017e\u0173 veisli\u0173 svorio kontrolei 1,5kg"},"content":{"rendered":"<ul>\n<li>Sukurtas ne itin aktyviems ma\u017e\u0173 ir miniati\u016brini\u0173 veisli\u0173 \u0161unims, kuriems reikia ma\u017eiau kalorij\u0173, kad i\u0161laikyt\u0173 sveik\u0105 k\u016bno svor\u012f ir energing\u0105 gyvenimo b\u016bd\u0105.<\/li>\n<li>Ma\u017eiausios, specialiai pritaikytos granul\u0117s lengvam kramtymui.<\/li>\n<li>Ma\u017eiau kalorij\u0173 ir L-karnitinas padeda palaikyti ideal\u0173 svor\u012f.<\/li>\n<li>Kontroliuojamas apetitas \u2013 \u0161uo nesijau\u010dia alkanas tarp \u0161\u0117rim\u0173.<\/li>\n<li>Omega-6 riebal\u0173 r\u016bg\u0161tys ir vitaminas E padeda i\u0161laikyti sveik\u0105 od\u0105 ir blizgant\u012f kail\u012f.<\/li>\n<li>Specialus antioksidant\u0173 kompleksas stiprina imunitet\u0105 vis\u0105 gyvenim\u0105.<\/li>\n<\/ul>\n","protected":false},"excerpt":{"rendered":"<p>Hill\u2019s Science Plan Canine Adult Light Small &amp; Mini Chicken &amp; Turkey \u2013 pilnavertis sausas maistas su vi\u0161tiena ir kalakutiena suaugusiems ma\u017e\u0173 ir miniati\u016brini\u0173 veisli\u0173 \u0161unims, linkusiems priaugti svorio.<\/p>\n","protected":false},"featured_media":19721,"template":"","meta":[],"product_brand":[],"product_cat":[101,103,104,333],"product_tag":[],"class_list":{"0":"post-19720","1":"product","2":"type-product","3":"status-publish","4":"has-post-thumbnail","6":"product_cat-sunims","7":"product_cat-sunu-maistas","8":"product_cat-sausas-maistas","9":"product_cat-hills-sunu-maistas","10":"pa_prekinis-zenklas-hills","12":"first","13":"instock","14":"taxable","15":"shipping-taxable","16":"purchasable","17":"product-type-simple"},"yoast_head":"<!-- This site is optimized with the Yoast SEO Premium plugin v27.1 (Yoast SEO v27.5) - https:\/\/yoast.com\/product\/yoast-seo-premium-wordpress\/ -->\n<title>Hill\u2019s SP Canine Adult S&amp;M Light Chicken ma\u017e\u0173 veisli\u0173 svorio kontrolei 1,5kg - anivet.lt<\/title>\n<meta name=\"description\" content=\"Hill\u2019s Science Plan Canine Adult Light Small &amp; Mini Chicken &amp; Turkey \u2013 pilnavertis sausas maistas su vi\u0161tiena ir kalakutiena suaugusiems ma\u017e\u0173 ir miniati\u016brini\u0173 veisli\u0173 \u0161unims, linkusiems priaugti svorio.\" \/>\n<meta name=\"robots\" content=\"index, follow, max-snippet:-1, max-image-preview:large, max-video-preview:-1\" \/>\n<link rel=\"canonical\" href=\"https:\/\/anivet.lt\/elparduotuve\/produktas\/hills-sp-canine-adult-sm-light-chicken-mazu-veisliu-svorio-kontrolei-15kg\/\" \/>\n<meta property=\"og:locale\" content=\"lt_LT\" \/>\n<meta property=\"og:type\" content=\"article\" \/>\n<meta property=\"og:title\" content=\"Hill\u2019s SP Canine Adult S&amp;M Light Chicken ma\u017e\u0173 veisli\u0173 svorio kontrolei 1,5kg\" \/>\n<meta property=\"og:description\" content=\"Hill\u2019s Science Plan Canine Adult Light Small &amp; Mini Chicken &amp; Turkey \u2013 pilnavertis sausas maistas su vi\u0161tiena ir kalakutiena suaugusiems ma\u017e\u0173 ir miniati\u016brini\u0173 veisli\u0173 \u0161unims, linkusiems priaugti svorio.\" \/>\n<meta property=\"og:url\" content=\"https:\/\/anivet.lt\/elparduotuve\/produktas\/hills-sp-canine-adult-sm-light-chicken-mazu-veisliu-svorio-kontrolei-15kg\/\" \/>\n<meta property=\"og:site_name\" content=\"anivet.lt\" \/>\n<meta property=\"article:modified_time\" content=\"2026-05-02T12:03:23+00:00\" \/>\n<meta property=\"og:image\" content=\"https:\/\/anivet.lt\/elparduotuve\/wp-content\/uploads\/2026\/01\/Hills-SP-Canine-Adult-SM-Light-Chicken-mazu-veisliu-svorio-kontrolei-15kg.jpg\" \/>\n\t<meta property=\"og:image:width\" content=\"650\" \/>\n\t<meta property=\"og:image:height\" content=\"650\" \/>\n\t<meta property=\"og:image:type\" content=\"image\/jpeg\" \/>\n<meta name=\"twitter:card\" content=\"summary_large_image\" \/>\n<meta name=\"twitter:label1\" content=\"Est. reading time\" \/>\n\t<meta name=\"twitter:data1\" content=\"1 minut\u0117\" \/>\n<script type=\"application\/ld+json\" class=\"yoast-schema-graph\">{\"@context\":\"https:\\\/\\\/schema.org\",\"@graph\":[{\"@type\":\"WebPage\",\"@id\":\"https:\\\/\\\/anivet.lt\\\/elparduotuve\\\/produktas\\\/hills-sp-canine-adult-sm-light-chicken-mazu-veisliu-svorio-kontrolei-15kg\\\/\",\"url\":\"https:\\\/\\\/anivet.lt\\\/elparduotuve\\\/produktas\\\/hills-sp-canine-adult-sm-light-chicken-mazu-veisliu-svorio-kontrolei-15kg\\\/\",\"name\":\"Hill\u2019s SP Canine Adult S&M Light Chicken ma\u017e\u0173 veisli\u0173 svorio kontrolei 1,5kg - anivet.lt\",\"isPartOf\":{\"@id\":\"https:\\\/\\\/anivet.lt\\\/elparduotuve\\\/#website\"},\"primaryImageOfPage\":{\"@id\":\"https:\\\/\\\/anivet.lt\\\/elparduotuve\\\/produktas\\\/hills-sp-canine-adult-sm-light-chicken-mazu-veisliu-svorio-kontrolei-15kg\\\/#primaryimage\"},\"image\":{\"@id\":\"https:\\\/\\\/anivet.lt\\\/elparduotuve\\\/produktas\\\/hills-sp-canine-adult-sm-light-chicken-mazu-veisliu-svorio-kontrolei-15kg\\\/#primaryimage\"},\"thumbnailUrl\":\"https:\\\/\\\/anivet.lt\\\/elparduotuve\\\/wp-content\\\/uploads\\\/2026\\\/01\\\/Hills-SP-Canine-Adult-SM-Light-Chicken-mazu-veisliu-svorio-kontrolei-15kg.jpg\",\"datePublished\":\"2026-01-20T16:02:37+00:00\",\"dateModified\":\"2026-05-02T12:03:23+00:00\",\"description\":\"Hill\u2019s Science Plan Canine Adult Light Small &amp; Mini Chicken &amp; Turkey \u2013 pilnavertis sausas maistas su vi\u0161tiena ir kalakutiena suaugusiems ma\u017e\u0173 ir miniati\u016brini\u0173 veisli\u0173 \u0161unims, linkusiems priaugti svorio.\",\"breadcrumb\":{\"@id\":\"https:\\\/\\\/anivet.lt\\\/elparduotuve\\\/produktas\\\/hills-sp-canine-adult-sm-light-chicken-mazu-veisliu-svorio-kontrolei-15kg\\\/#breadcrumb\"},\"inLanguage\":\"lt-LT\",\"potentialAction\":[{\"@type\":\"ReadAction\",\"target\":[\"https:\\\/\\\/anivet.lt\\\/elparduotuve\\\/produktas\\\/hills-sp-canine-adult-sm-light-chicken-mazu-veisliu-svorio-kontrolei-15kg\\\/\"]}]},{\"@type\":\"ImageObject\",\"inLanguage\":\"lt-LT\",\"@id\":\"https:\\\/\\\/anivet.lt\\\/elparduotuve\\\/produktas\\\/hills-sp-canine-adult-sm-light-chicken-mazu-veisliu-svorio-kontrolei-15kg\\\/#primaryimage\",\"url\":\"https:\\\/\\\/anivet.lt\\\/elparduotuve\\\/wp-content\\\/uploads\\\/2026\\\/01\\\/Hills-SP-Canine-Adult-SM-Light-Chicken-mazu-veisliu-svorio-kontrolei-15kg.jpg\",\"contentUrl\":\"https:\\\/\\\/anivet.lt\\\/elparduotuve\\\/wp-content\\\/uploads\\\/2026\\\/01\\\/Hills-SP-Canine-Adult-SM-Light-Chicken-mazu-veisliu-svorio-kontrolei-15kg.jpg\",\"width\":650,\"height\":650,\"caption\":\"Hill\u2019s SP Canine Adult S&M Light Chicken ma\u017e\u0173 veisli\u0173 svorio kontrolei 1,5kg\"},{\"@type\":\"BreadcrumbList\",\"@id\":\"https:\\\/\\\/anivet.lt\\\/elparduotuve\\\/produktas\\\/hills-sp-canine-adult-sm-light-chicken-mazu-veisliu-svorio-kontrolei-15kg\\\/#breadcrumb\",\"itemListElement\":[{\"@type\":\"ListItem\",\"position\":1,\"name\":\"Home\",\"item\":\"https:\\\/\\\/anivet.lt\\\/elparduotuve\\\/\"},{\"@type\":\"ListItem\",\"position\":2,\"name\":\"Produktai\",\"item\":\"https:\\\/\\\/anivet.lt\\\/elparduotuve\\\/produktai\\\/\"},{\"@type\":\"ListItem\",\"position\":3,\"name\":\"Hill\u2019s SP Canine Adult S&#038;M Light Chicken ma\u017e\u0173 veisli\u0173 svorio kontrolei 1,5kg\"}]},{\"@type\":\"WebSite\",\"@id\":\"https:\\\/\\\/anivet.lt\\\/elparduotuve\\\/#website\",\"url\":\"https:\\\/\\\/anivet.lt\\\/elparduotuve\\\/\",\"name\":\"anivet.lt\",\"description\":\"Viskas J\u016bs\u0173 \u0161uns, kat\u0117s prie\u017ei\u016brai\",\"publisher\":{\"@id\":\"https:\\\/\\\/anivet.lt\\\/elparduotuve\\\/#organization\"},\"alternateName\":\"Viskas J\u016bs\u0173 \u0161uns, kat\u0117s prie\u017ei\u016brai\",\"potentialAction\":[{\"@type\":\"SearchAction\",\"target\":{\"@type\":\"EntryPoint\",\"urlTemplate\":\"https:\\\/\\\/anivet.lt\\\/elparduotuve\\\/?s={search_term_string}\"},\"query-input\":{\"@type\":\"PropertyValueSpecification\",\"valueRequired\":true,\"valueName\":\"search_term_string\"}}],\"inLanguage\":\"lt-LT\"},{\"@type\":\"Organization\",\"@id\":\"https:\\\/\\\/anivet.lt\\\/elparduotuve\\\/#organization\",\"name\":\"Viskas J\u016bs\u0173 \u0161uns, kat\u0117s prie\u017ei\u016brai\",\"url\":\"https:\\\/\\\/anivet.lt\\\/elparduotuve\\\/\",\"logo\":{\"@type\":\"ImageObject\",\"inLanguage\":\"lt-LT\",\"@id\":\"https:\\\/\\\/anivet.lt\\\/elparduotuve\\\/#\\\/schema\\\/logo\\\/image\\\/\",\"url\":\"https:\\\/\\\/anivet.lt\\\/elparduotuve\\\/wp-content\\\/uploads\\\/2023\\\/06\\\/logo2.jpg\",\"contentUrl\":\"https:\\\/\\\/anivet.lt\\\/elparduotuve\\\/wp-content\\\/uploads\\\/2023\\\/06\\\/logo2.jpg\",\"width\":655,\"height\":194,\"caption\":\"Viskas J\u016bs\u0173 \u0161uns, kat\u0117s prie\u017ei\u016brai\"},\"image\":{\"@id\":\"https:\\\/\\\/anivet.lt\\\/elparduotuve\\\/#\\\/schema\\\/logo\\\/image\\\/\"}}]}<\/script>\n<!-- \/ Yoast SEO Premium plugin. -->","yoast_head_json":{"title":"Hill\u2019s SP Canine Adult S&M Light Chicken ma\u017e\u0173 veisli\u0173 svorio kontrolei 1,5kg - anivet.lt","description":"Hill\u2019s Science Plan Canine Adult Light Small &amp; Mini Chicken &amp; Turkey \u2013 pilnavertis sausas maistas su vi\u0161tiena ir kalakutiena suaugusiems ma\u017e\u0173 ir miniati\u016brini\u0173 veisli\u0173 \u0161unims, linkusiems priaugti svorio.","robots":{"index":"index","follow":"follow","max-snippet":"max-snippet:-1","max-image-preview":"max-image-preview:large","max-video-preview":"max-video-preview:-1"},"canonical":"https:\/\/anivet.lt\/elparduotuve\/produktas\/hills-sp-canine-adult-sm-light-chicken-mazu-veisliu-svorio-kontrolei-15kg\/","og_locale":"lt_LT","og_type":"article","og_title":"Hill\u2019s SP Canine Adult S&M Light Chicken ma\u017e\u0173 veisli\u0173 svorio kontrolei 1,5kg","og_description":"Hill\u2019s Science Plan Canine Adult Light Small &amp; Mini Chicken &amp; Turkey \u2013 pilnavertis sausas maistas su vi\u0161tiena ir kalakutiena suaugusiems ma\u017e\u0173 ir miniati\u016brini\u0173 veisli\u0173 \u0161unims, linkusiems priaugti svorio.","og_url":"https:\/\/anivet.lt\/elparduotuve\/produktas\/hills-sp-canine-adult-sm-light-chicken-mazu-veisliu-svorio-kontrolei-15kg\/","og_site_name":"anivet.lt","article_modified_time":"2026-05-02T12:03:23+00:00","og_image":[{"width":650,"height":650,"url":"https:\/\/anivet.lt\/elparduotuve\/wp-content\/uploads\/2026\/01\/Hills-SP-Canine-Adult-SM-Light-Chicken-mazu-veisliu-svorio-kontrolei-15kg.jpg","type":"image\/jpeg"}],"twitter_card":"summary_large_image","twitter_misc":{"Est. reading time":"1 minut\u0117"},"schema":{"@context":"https:\/\/schema.org","@graph":[{"@type":"WebPage","@id":"https:\/\/anivet.lt\/elparduotuve\/produktas\/hills-sp-canine-adult-sm-light-chicken-mazu-veisliu-svorio-kontrolei-15kg\/","url":"https:\/\/anivet.lt\/elparduotuve\/produktas\/hills-sp-canine-adult-sm-light-chicken-mazu-veisliu-svorio-kontrolei-15kg\/","name":"Hill\u2019s SP Canine Adult S&M Light Chicken ma\u017e\u0173 veisli\u0173 svorio kontrolei 1,5kg - anivet.lt","isPartOf":{"@id":"https:\/\/anivet.lt\/elparduotuve\/#website"},"primaryImageOfPage":{"@id":"https:\/\/anivet.lt\/elparduotuve\/produktas\/hills-sp-canine-adult-sm-light-chicken-mazu-veisliu-svorio-kontrolei-15kg\/#primaryimage"},"image":{"@id":"https:\/\/anivet.lt\/elparduotuve\/produktas\/hills-sp-canine-adult-sm-light-chicken-mazu-veisliu-svorio-kontrolei-15kg\/#primaryimage"},"thumbnailUrl":"https:\/\/anivet.lt\/elparduotuve\/wp-content\/uploads\/2026\/01\/Hills-SP-Canine-Adult-SM-Light-Chicken-mazu-veisliu-svorio-kontrolei-15kg.jpg","datePublished":"2026-01-20T16:02:37+00:00","dateModified":"2026-05-02T12:03:23+00:00","description":"Hill\u2019s Science Plan Canine Adult Light Small &amp; Mini Chicken &amp; Turkey \u2013 pilnavertis sausas maistas su vi\u0161tiena ir kalakutiena suaugusiems ma\u017e\u0173 ir miniati\u016brini\u0173 veisli\u0173 \u0161unims, linkusiems priaugti svorio.","breadcrumb":{"@id":"https:\/\/anivet.lt\/elparduotuve\/produktas\/hills-sp-canine-adult-sm-light-chicken-mazu-veisliu-svorio-kontrolei-15kg\/#breadcrumb"},"inLanguage":"lt-LT","potentialAction":[{"@type":"ReadAction","target":["https:\/\/anivet.lt\/elparduotuve\/produktas\/hills-sp-canine-adult-sm-light-chicken-mazu-veisliu-svorio-kontrolei-15kg\/"]}]},{"@type":"ImageObject","inLanguage":"lt-LT","@id":"https:\/\/anivet.lt\/elparduotuve\/produktas\/hills-sp-canine-adult-sm-light-chicken-mazu-veisliu-svorio-kontrolei-15kg\/#primaryimage","url":"https:\/\/anivet.lt\/elparduotuve\/wp-content\/uploads\/2026\/01\/Hills-SP-Canine-Adult-SM-Light-Chicken-mazu-veisliu-svorio-kontrolei-15kg.jpg","contentUrl":"https:\/\/anivet.lt\/elparduotuve\/wp-content\/uploads\/2026\/01\/Hills-SP-Canine-Adult-SM-Light-Chicken-mazu-veisliu-svorio-kontrolei-15kg.jpg","width":650,"height":650,"caption":"Hill\u2019s SP Canine Adult S&M Light Chicken ma\u017e\u0173 veisli\u0173 svorio kontrolei 1,5kg"},{"@type":"BreadcrumbList","@id":"https:\/\/anivet.lt\/elparduotuve\/produktas\/hills-sp-canine-adult-sm-light-chicken-mazu-veisliu-svorio-kontrolei-15kg\/#breadcrumb","itemListElement":[{"@type":"ListItem","position":1,"name":"Home","item":"https:\/\/anivet.lt\/elparduotuve\/"},{"@type":"ListItem","position":2,"name":"Produktai","item":"https:\/\/anivet.lt\/elparduotuve\/produktai\/"},{"@type":"ListItem","position":3,"name":"Hill\u2019s SP Canine Adult S&#038;M Light Chicken ma\u017e\u0173 veisli\u0173 svorio kontrolei 1,5kg"}]},{"@type":"WebSite","@id":"https:\/\/anivet.lt\/elparduotuve\/#website","url":"https:\/\/anivet.lt\/elparduotuve\/","name":"anivet.lt","description":"Viskas J\u016bs\u0173 \u0161uns, kat\u0117s prie\u017ei\u016brai","publisher":{"@id":"https:\/\/anivet.lt\/elparduotuve\/#organization"},"alternateName":"Viskas J\u016bs\u0173 \u0161uns, kat\u0117s prie\u017ei\u016brai","potentialAction":[{"@type":"SearchAction","target":{"@type":"EntryPoint","urlTemplate":"https:\/\/anivet.lt\/elparduotuve\/?s={search_term_string}"},"query-input":{"@type":"PropertyValueSpecification","valueRequired":true,"valueName":"search_term_string"}}],"inLanguage":"lt-LT"},{"@type":"Organization","@id":"https:\/\/anivet.lt\/elparduotuve\/#organization","name":"Viskas J\u016bs\u0173 \u0161uns, kat\u0117s prie\u017ei\u016brai","url":"https:\/\/anivet.lt\/elparduotuve\/","logo":{"@type":"ImageObject","inLanguage":"lt-LT","@id":"https:\/\/anivet.lt\/elparduotuve\/#\/schema\/logo\/image\/","url":"https:\/\/anivet.lt\/elparduotuve\/wp-content\/uploads\/2023\/06\/logo2.jpg","contentUrl":"https:\/\/anivet.lt\/elparduotuve\/wp-content\/uploads\/2023\/06\/logo2.jpg","width":655,"height":194,"caption":"Viskas J\u016bs\u0173 \u0161uns, kat\u0117s prie\u017ei\u016brai"},"image":{"@id":"https:\/\/anivet.lt\/elparduotuve\/#\/schema\/logo\/image\/"}}]}},"_links":{"self":[{"href":"https:\/\/anivet.lt\/elparduotuve\/wp-json\/wp\/v2\/product\/19720","targetHints":{"allow":["GET"]}}],"collection":[{"href":"https:\/\/anivet.lt\/elparduotuve\/wp-json\/wp\/v2\/product"}],"about":[{"href":"https:\/\/anivet.lt\/elparduotuve\/wp-json\/wp\/v2\/types\/product"}],"wp:featuredmedia":[{"embeddable":true,"href":"https:\/\/anivet.lt\/elparduotuve\/wp-json\/wp\/v2\/media\/19721"}],"wp:attachment":[{"href":"https:\/\/anivet.lt\/elparduotuve\/wp-json\/wp\/v2\/media?parent=19720"}],"wp:term":[{"taxonomy":"product_brand","embeddable":true,"href":"https:\/\/anivet.lt\/elparduotuve\/wp-json\/wp\/v2\/product_brand?post=19720"},{"taxonomy":"product_cat","embeddable":true,"href":"https:\/\/anivet.lt\/elparduotuve\/wp-json\/wp\/v2\/product_cat?post=19720"},{"taxonomy":"product_tag","embeddable":true,"href":"https:\/\/anivet.lt\/elparduotuve\/wp-json\/wp\/v2\/product_tag?post=19720"}],"curies":[{"name":"wp","href":"https:\/\/api.w.org\/{rel}","templated":true}]}}