{"id":19798,"date":"2026-01-23T14:42:38","date_gmt":"2026-01-23T14:42:38","guid":{"rendered":"https:\/\/anivet.lt\/elparduotuve\/?post_type=product&#038;p=19798"},"modified":"2026-01-23T14:42:39","modified_gmt":"2026-01-23T14:42:39","slug":"hills-sp-feline-adult-salmon-carrrots-suaugusioms-katems-su-lasisa-ir-morkomis-15kg","status":"publish","type":"product","link":"https:\/\/anivet.lt\/elparduotuve\/produktas\/hills-sp-feline-adult-salmon-carrrots-suaugusioms-katems-su-lasisa-ir-morkomis-15kg\/","title":{"rendered":"Hill\u2019s SP Feline Adult Salmon &#038; Carrrots suaugusioms kat\u0117ms su la\u0161i\u0161a ir morkomis 1,5kg"},"content":{"rendered":"<p>\u0160is maistas su auk\u0161tos kokyb\u0117s la\u0161i\u0161os baltymais suteikia kat\u0117ms b\u016btin\u0105 taurino kiek\u012f \u0161irdies sveikatai bei subalansuotus mineralus, padedan\u010dius palaikyti inkst\u0173 ir \u0161lapimo tak\u0173 veikl\u0105. Pilnavert\u0117 sud\u0117tis u\u017etikrina visas reikalingas maistines med\u017eiagas sveikam ir aktyviam kasdieniam ka\u010di\u0173 gyvenimui.<\/p>\n","protected":false},"excerpt":{"rendered":"<p>Suaugusi\u0173 ka\u010di\u0173 maistas su la\u0161i\u0161a ir morkomis sukurtas taip, kad kat\u0117s gal\u0117t\u0173 m\u0117gautis jo puikiu skoniu.<\/p>\n","protected":false},"featured_media":19799,"template":"","meta":[],"product_brand":[],"product_cat":[114,115,102,441],"product_tag":[],"class_list":{"0":"post-19798","1":"product","2":"type-product","3":"status-publish","4":"has-post-thumbnail","6":"product_cat-kaciu-maistas","7":"product_cat-sausas-maistas-ir-skanestai-katems","8":"product_cat-katems","9":"product_cat-hills-kaciu-maistas","10":"pa_prekinis-zenklas-hills","12":"first","13":"outofstock","14":"taxable","15":"shipping-taxable","16":"purchasable","17":"product-type-simple"},"yoast_head":"<!-- This site is optimized with the Yoast SEO Premium plugin v27.1 (Yoast SEO v27.5) - https:\/\/yoast.com\/product\/yoast-seo-premium-wordpress\/ -->\n<title>Hill\u2019s SP Feline Adult Salmon &amp; Carrrots suaugusioms kat\u0117ms su la\u0161i\u0161a ir morkomis 1,5kg - anivet.lt<\/title>\n<meta name=\"description\" content=\"Suaugusi\u0173 ka\u010di\u0173 maistas su la\u0161i\u0161a ir morkomis sukurtas taip, kad kat\u0117s gal\u0117t\u0173 m\u0117gautis jo puikiu skoniu.\" \/>\n<meta name=\"robots\" content=\"index, follow, max-snippet:-1, max-image-preview:large, max-video-preview:-1\" \/>\n<link rel=\"canonical\" href=\"https:\/\/anivet.lt\/elparduotuve\/produktas\/hills-sp-feline-adult-salmon-carrrots-suaugusioms-katems-su-lasisa-ir-morkomis-15kg\/\" \/>\n<meta property=\"og:locale\" content=\"lt_LT\" \/>\n<meta property=\"og:type\" content=\"article\" \/>\n<meta property=\"og:title\" content=\"Hill\u2019s SP Feline Adult Salmon &amp; Carrrots suaugusioms kat\u0117ms su la\u0161i\u0161a ir morkomis 1,5kg\" \/>\n<meta property=\"og:description\" content=\"Suaugusi\u0173 ka\u010di\u0173 maistas su la\u0161i\u0161a ir morkomis sukurtas taip, kad kat\u0117s gal\u0117t\u0173 m\u0117gautis jo puikiu skoniu.\" \/>\n<meta property=\"og:url\" content=\"https:\/\/anivet.lt\/elparduotuve\/produktas\/hills-sp-feline-adult-salmon-carrrots-suaugusioms-katems-su-lasisa-ir-morkomis-15kg\/\" \/>\n<meta property=\"og:site_name\" content=\"anivet.lt\" \/>\n<meta property=\"article:modified_time\" content=\"2026-01-23T14:42:39+00:00\" \/>\n<meta property=\"og:image\" content=\"https:\/\/anivet.lt\/elparduotuve\/wp-content\/uploads\/2026\/01\/Hills-SP-Feline-Adult-Salmon-Carrrots-suaugusioms-katems-su-lasisa-ir-morkomis.jpg\" \/>\n\t<meta property=\"og:image:width\" content=\"650\" \/>\n\t<meta property=\"og:image:height\" content=\"650\" \/>\n\t<meta property=\"og:image:type\" content=\"image\/jpeg\" \/>\n<meta name=\"twitter:card\" content=\"summary_large_image\" \/>\n<meta name=\"twitter:label1\" content=\"Est. reading time\" \/>\n\t<meta name=\"twitter:data1\" content=\"1 minut\u0117\" \/>\n<script type=\"application\/ld+json\" class=\"yoast-schema-graph\">{\"@context\":\"https:\\\/\\\/schema.org\",\"@graph\":[{\"@type\":\"WebPage\",\"@id\":\"https:\\\/\\\/anivet.lt\\\/elparduotuve\\\/produktas\\\/hills-sp-feline-adult-salmon-carrrots-suaugusioms-katems-su-lasisa-ir-morkomis-15kg\\\/\",\"url\":\"https:\\\/\\\/anivet.lt\\\/elparduotuve\\\/produktas\\\/hills-sp-feline-adult-salmon-carrrots-suaugusioms-katems-su-lasisa-ir-morkomis-15kg\\\/\",\"name\":\"Hill\u2019s SP Feline Adult Salmon & Carrrots suaugusioms kat\u0117ms su la\u0161i\u0161a ir morkomis 1,5kg - anivet.lt\",\"isPartOf\":{\"@id\":\"https:\\\/\\\/anivet.lt\\\/elparduotuve\\\/#website\"},\"primaryImageOfPage\":{\"@id\":\"https:\\\/\\\/anivet.lt\\\/elparduotuve\\\/produktas\\\/hills-sp-feline-adult-salmon-carrrots-suaugusioms-katems-su-lasisa-ir-morkomis-15kg\\\/#primaryimage\"},\"image\":{\"@id\":\"https:\\\/\\\/anivet.lt\\\/elparduotuve\\\/produktas\\\/hills-sp-feline-adult-salmon-carrrots-suaugusioms-katems-su-lasisa-ir-morkomis-15kg\\\/#primaryimage\"},\"thumbnailUrl\":\"https:\\\/\\\/anivet.lt\\\/elparduotuve\\\/wp-content\\\/uploads\\\/2026\\\/01\\\/Hills-SP-Feline-Adult-Salmon-Carrrots-suaugusioms-katems-su-lasisa-ir-morkomis.jpg\",\"datePublished\":\"2026-01-23T14:42:38+00:00\",\"dateModified\":\"2026-01-23T14:42:39+00:00\",\"description\":\"Suaugusi\u0173 ka\u010di\u0173 maistas su la\u0161i\u0161a ir morkomis sukurtas taip, kad kat\u0117s gal\u0117t\u0173 m\u0117gautis jo puikiu skoniu.\",\"breadcrumb\":{\"@id\":\"https:\\\/\\\/anivet.lt\\\/elparduotuve\\\/produktas\\\/hills-sp-feline-adult-salmon-carrrots-suaugusioms-katems-su-lasisa-ir-morkomis-15kg\\\/#breadcrumb\"},\"inLanguage\":\"lt-LT\",\"potentialAction\":[{\"@type\":\"ReadAction\",\"target\":[\"https:\\\/\\\/anivet.lt\\\/elparduotuve\\\/produktas\\\/hills-sp-feline-adult-salmon-carrrots-suaugusioms-katems-su-lasisa-ir-morkomis-15kg\\\/\"]}]},{\"@type\":\"ImageObject\",\"inLanguage\":\"lt-LT\",\"@id\":\"https:\\\/\\\/anivet.lt\\\/elparduotuve\\\/produktas\\\/hills-sp-feline-adult-salmon-carrrots-suaugusioms-katems-su-lasisa-ir-morkomis-15kg\\\/#primaryimage\",\"url\":\"https:\\\/\\\/anivet.lt\\\/elparduotuve\\\/wp-content\\\/uploads\\\/2026\\\/01\\\/Hills-SP-Feline-Adult-Salmon-Carrrots-suaugusioms-katems-su-lasisa-ir-morkomis.jpg\",\"contentUrl\":\"https:\\\/\\\/anivet.lt\\\/elparduotuve\\\/wp-content\\\/uploads\\\/2026\\\/01\\\/Hills-SP-Feline-Adult-Salmon-Carrrots-suaugusioms-katems-su-lasisa-ir-morkomis.jpg\",\"width\":650,\"height\":650},{\"@type\":\"BreadcrumbList\",\"@id\":\"https:\\\/\\\/anivet.lt\\\/elparduotuve\\\/produktas\\\/hills-sp-feline-adult-salmon-carrrots-suaugusioms-katems-su-lasisa-ir-morkomis-15kg\\\/#breadcrumb\",\"itemListElement\":[{\"@type\":\"ListItem\",\"position\":1,\"name\":\"Home\",\"item\":\"https:\\\/\\\/anivet.lt\\\/elparduotuve\\\/\"},{\"@type\":\"ListItem\",\"position\":2,\"name\":\"Produktai\",\"item\":\"https:\\\/\\\/anivet.lt\\\/elparduotuve\\\/produktai\\\/\"},{\"@type\":\"ListItem\",\"position\":3,\"name\":\"Hill\u2019s SP Feline Adult Salmon &#038; Carrrots suaugusioms kat\u0117ms su la\u0161i\u0161a ir morkomis 1,5kg\"}]},{\"@type\":\"WebSite\",\"@id\":\"https:\\\/\\\/anivet.lt\\\/elparduotuve\\\/#website\",\"url\":\"https:\\\/\\\/anivet.lt\\\/elparduotuve\\\/\",\"name\":\"anivet.lt\",\"description\":\"Viskas J\u016bs\u0173 \u0161uns, kat\u0117s prie\u017ei\u016brai\",\"publisher\":{\"@id\":\"https:\\\/\\\/anivet.lt\\\/elparduotuve\\\/#organization\"},\"alternateName\":\"Viskas J\u016bs\u0173 \u0161uns, kat\u0117s prie\u017ei\u016brai\",\"potentialAction\":[{\"@type\":\"SearchAction\",\"target\":{\"@type\":\"EntryPoint\",\"urlTemplate\":\"https:\\\/\\\/anivet.lt\\\/elparduotuve\\\/?s={search_term_string}\"},\"query-input\":{\"@type\":\"PropertyValueSpecification\",\"valueRequired\":true,\"valueName\":\"search_term_string\"}}],\"inLanguage\":\"lt-LT\"},{\"@type\":\"Organization\",\"@id\":\"https:\\\/\\\/anivet.lt\\\/elparduotuve\\\/#organization\",\"name\":\"Viskas J\u016bs\u0173 \u0161uns, kat\u0117s prie\u017ei\u016brai\",\"url\":\"https:\\\/\\\/anivet.lt\\\/elparduotuve\\\/\",\"logo\":{\"@type\":\"ImageObject\",\"inLanguage\":\"lt-LT\",\"@id\":\"https:\\\/\\\/anivet.lt\\\/elparduotuve\\\/#\\\/schema\\\/logo\\\/image\\\/\",\"url\":\"https:\\\/\\\/anivet.lt\\\/elparduotuve\\\/wp-content\\\/uploads\\\/2023\\\/06\\\/logo2.jpg\",\"contentUrl\":\"https:\\\/\\\/anivet.lt\\\/elparduotuve\\\/wp-content\\\/uploads\\\/2023\\\/06\\\/logo2.jpg\",\"width\":655,\"height\":194,\"caption\":\"Viskas J\u016bs\u0173 \u0161uns, kat\u0117s prie\u017ei\u016brai\"},\"image\":{\"@id\":\"https:\\\/\\\/anivet.lt\\\/elparduotuve\\\/#\\\/schema\\\/logo\\\/image\\\/\"}}]}<\/script>\n<!-- \/ Yoast SEO Premium plugin. -->","yoast_head_json":{"title":"Hill\u2019s SP Feline Adult Salmon & Carrrots suaugusioms kat\u0117ms su la\u0161i\u0161a ir morkomis 1,5kg - anivet.lt","description":"Suaugusi\u0173 ka\u010di\u0173 maistas su la\u0161i\u0161a ir morkomis sukurtas taip, kad kat\u0117s gal\u0117t\u0173 m\u0117gautis jo puikiu skoniu.","robots":{"index":"index","follow":"follow","max-snippet":"max-snippet:-1","max-image-preview":"max-image-preview:large","max-video-preview":"max-video-preview:-1"},"canonical":"https:\/\/anivet.lt\/elparduotuve\/produktas\/hills-sp-feline-adult-salmon-carrrots-suaugusioms-katems-su-lasisa-ir-morkomis-15kg\/","og_locale":"lt_LT","og_type":"article","og_title":"Hill\u2019s SP Feline Adult Salmon & Carrrots suaugusioms kat\u0117ms su la\u0161i\u0161a ir morkomis 1,5kg","og_description":"Suaugusi\u0173 ka\u010di\u0173 maistas su la\u0161i\u0161a ir morkomis sukurtas taip, kad kat\u0117s gal\u0117t\u0173 m\u0117gautis jo puikiu skoniu.","og_url":"https:\/\/anivet.lt\/elparduotuve\/produktas\/hills-sp-feline-adult-salmon-carrrots-suaugusioms-katems-su-lasisa-ir-morkomis-15kg\/","og_site_name":"anivet.lt","article_modified_time":"2026-01-23T14:42:39+00:00","og_image":[{"width":650,"height":650,"url":"https:\/\/anivet.lt\/elparduotuve\/wp-content\/uploads\/2026\/01\/Hills-SP-Feline-Adult-Salmon-Carrrots-suaugusioms-katems-su-lasisa-ir-morkomis.jpg","type":"image\/jpeg"}],"twitter_card":"summary_large_image","twitter_misc":{"Est. reading time":"1 minut\u0117"},"schema":{"@context":"https:\/\/schema.org","@graph":[{"@type":"WebPage","@id":"https:\/\/anivet.lt\/elparduotuve\/produktas\/hills-sp-feline-adult-salmon-carrrots-suaugusioms-katems-su-lasisa-ir-morkomis-15kg\/","url":"https:\/\/anivet.lt\/elparduotuve\/produktas\/hills-sp-feline-adult-salmon-carrrots-suaugusioms-katems-su-lasisa-ir-morkomis-15kg\/","name":"Hill\u2019s SP Feline Adult Salmon & Carrrots suaugusioms kat\u0117ms su la\u0161i\u0161a ir morkomis 1,5kg - anivet.lt","isPartOf":{"@id":"https:\/\/anivet.lt\/elparduotuve\/#website"},"primaryImageOfPage":{"@id":"https:\/\/anivet.lt\/elparduotuve\/produktas\/hills-sp-feline-adult-salmon-carrrots-suaugusioms-katems-su-lasisa-ir-morkomis-15kg\/#primaryimage"},"image":{"@id":"https:\/\/anivet.lt\/elparduotuve\/produktas\/hills-sp-feline-adult-salmon-carrrots-suaugusioms-katems-su-lasisa-ir-morkomis-15kg\/#primaryimage"},"thumbnailUrl":"https:\/\/anivet.lt\/elparduotuve\/wp-content\/uploads\/2026\/01\/Hills-SP-Feline-Adult-Salmon-Carrrots-suaugusioms-katems-su-lasisa-ir-morkomis.jpg","datePublished":"2026-01-23T14:42:38+00:00","dateModified":"2026-01-23T14:42:39+00:00","description":"Suaugusi\u0173 ka\u010di\u0173 maistas su la\u0161i\u0161a ir morkomis sukurtas taip, kad kat\u0117s gal\u0117t\u0173 m\u0117gautis jo puikiu skoniu.","breadcrumb":{"@id":"https:\/\/anivet.lt\/elparduotuve\/produktas\/hills-sp-feline-adult-salmon-carrrots-suaugusioms-katems-su-lasisa-ir-morkomis-15kg\/#breadcrumb"},"inLanguage":"lt-LT","potentialAction":[{"@type":"ReadAction","target":["https:\/\/anivet.lt\/elparduotuve\/produktas\/hills-sp-feline-adult-salmon-carrrots-suaugusioms-katems-su-lasisa-ir-morkomis-15kg\/"]}]},{"@type":"ImageObject","inLanguage":"lt-LT","@id":"https:\/\/anivet.lt\/elparduotuve\/produktas\/hills-sp-feline-adult-salmon-carrrots-suaugusioms-katems-su-lasisa-ir-morkomis-15kg\/#primaryimage","url":"https:\/\/anivet.lt\/elparduotuve\/wp-content\/uploads\/2026\/01\/Hills-SP-Feline-Adult-Salmon-Carrrots-suaugusioms-katems-su-lasisa-ir-morkomis.jpg","contentUrl":"https:\/\/anivet.lt\/elparduotuve\/wp-content\/uploads\/2026\/01\/Hills-SP-Feline-Adult-Salmon-Carrrots-suaugusioms-katems-su-lasisa-ir-morkomis.jpg","width":650,"height":650},{"@type":"BreadcrumbList","@id":"https:\/\/anivet.lt\/elparduotuve\/produktas\/hills-sp-feline-adult-salmon-carrrots-suaugusioms-katems-su-lasisa-ir-morkomis-15kg\/#breadcrumb","itemListElement":[{"@type":"ListItem","position":1,"name":"Home","item":"https:\/\/anivet.lt\/elparduotuve\/"},{"@type":"ListItem","position":2,"name":"Produktai","item":"https:\/\/anivet.lt\/elparduotuve\/produktai\/"},{"@type":"ListItem","position":3,"name":"Hill\u2019s SP Feline Adult Salmon &#038; Carrrots suaugusioms kat\u0117ms su la\u0161i\u0161a ir morkomis 1,5kg"}]},{"@type":"WebSite","@id":"https:\/\/anivet.lt\/elparduotuve\/#website","url":"https:\/\/anivet.lt\/elparduotuve\/","name":"anivet.lt","description":"Viskas J\u016bs\u0173 \u0161uns, kat\u0117s prie\u017ei\u016brai","publisher":{"@id":"https:\/\/anivet.lt\/elparduotuve\/#organization"},"alternateName":"Viskas J\u016bs\u0173 \u0161uns, kat\u0117s prie\u017ei\u016brai","potentialAction":[{"@type":"SearchAction","target":{"@type":"EntryPoint","urlTemplate":"https:\/\/anivet.lt\/elparduotuve\/?s={search_term_string}"},"query-input":{"@type":"PropertyValueSpecification","valueRequired":true,"valueName":"search_term_string"}}],"inLanguage":"lt-LT"},{"@type":"Organization","@id":"https:\/\/anivet.lt\/elparduotuve\/#organization","name":"Viskas J\u016bs\u0173 \u0161uns, kat\u0117s prie\u017ei\u016brai","url":"https:\/\/anivet.lt\/elparduotuve\/","logo":{"@type":"ImageObject","inLanguage":"lt-LT","@id":"https:\/\/anivet.lt\/elparduotuve\/#\/schema\/logo\/image\/","url":"https:\/\/anivet.lt\/elparduotuve\/wp-content\/uploads\/2023\/06\/logo2.jpg","contentUrl":"https:\/\/anivet.lt\/elparduotuve\/wp-content\/uploads\/2023\/06\/logo2.jpg","width":655,"height":194,"caption":"Viskas J\u016bs\u0173 \u0161uns, kat\u0117s prie\u017ei\u016brai"},"image":{"@id":"https:\/\/anivet.lt\/elparduotuve\/#\/schema\/logo\/image\/"}}]}},"_links":{"self":[{"href":"https:\/\/anivet.lt\/elparduotuve\/wp-json\/wp\/v2\/product\/19798","targetHints":{"allow":["GET"]}}],"collection":[{"href":"https:\/\/anivet.lt\/elparduotuve\/wp-json\/wp\/v2\/product"}],"about":[{"href":"https:\/\/anivet.lt\/elparduotuve\/wp-json\/wp\/v2\/types\/product"}],"wp:featuredmedia":[{"embeddable":true,"href":"https:\/\/anivet.lt\/elparduotuve\/wp-json\/wp\/v2\/media\/19799"}],"wp:attachment":[{"href":"https:\/\/anivet.lt\/elparduotuve\/wp-json\/wp\/v2\/media?parent=19798"}],"wp:term":[{"taxonomy":"product_brand","embeddable":true,"href":"https:\/\/anivet.lt\/elparduotuve\/wp-json\/wp\/v2\/product_brand?post=19798"},{"taxonomy":"product_cat","embeddable":true,"href":"https:\/\/anivet.lt\/elparduotuve\/wp-json\/wp\/v2\/product_cat?post=19798"},{"taxonomy":"product_tag","embeddable":true,"href":"https:\/\/anivet.lt\/elparduotuve\/wp-json\/wp\/v2\/product_tag?post=19798"}],"curies":[{"name":"wp","href":"https:\/\/api.w.org\/{rel}","templated":true}]}}