{"id":19823,"date":"2026-01-24T08:51:44","date_gmt":"2026-01-24T08:51:44","guid":{"rendered":"https:\/\/anivet.lt\/elparduotuve\/?post_type=product&#038;p=19823"},"modified":"2026-04-01T04:48:48","modified_gmt":"2026-04-01T04:48:48","slug":"hills-sp-feline-adult-sterilised-salmon-sterilizuotoms-katems-su-lasisa","status":"publish","type":"product","link":"https:\/\/anivet.lt\/elparduotuve\/produktas\/hills-sp-feline-adult-sterilised-salmon-sterilizuotoms-katems-su-lasisa\/","title":{"rendered":"Hill\u2019s SP Feline Adult Sterilised Salmon sterilizuotoms kat\u0117ms su la\u0161i\u0161a"},"content":{"rendered":"<ul>\n<li>Formul\u0117, skirta svorio kontrolei, padeda deginti perteklinius riebalus, palaiko raumen\u0173 mas\u0119 ir padeda sterilizuotoms kat\u0117ms i\u0161laikyti optimal\u0173 k\u016bno svor\u012f.<\/li>\n<li>Pagamintas i\u0161 auk\u0161tos kokyb\u0117s, lengvai vir\u0161kinam\u0173 ingredient\u0173.<\/li>\n<li>Papildytas L-karnitinu, kuris, pagal klinikinius tyrimus, padeda kat\u0117ms i\u0161likti lieknoms ir aktyvioms.<\/li>\n<li>Subalansuotas mineral\u0173 kiekis prisideda prie sveikos \u0161lapimo sistemos funkcijos.<\/li>\n<li>Ma\u017eesnis riebal\u0173 kiekis ir padidintas L-lizino kiekis padeda palaikyti energingum\u0105 ir gyvybingum\u0105.<\/li>\n<\/ul>\n","protected":false},"excerpt":{"rendered":"<p>Visavertis maistas suaugusioms sterilizuotoms kat\u0117ms Hill&#8217;s Science Plan Sterilised su la\u0161i\u0161a \u2013 tai specialiai subalansuotas maistas, sukurtas sterilizuot\u0173 ka\u010di\u0173 poreikiams.<\/p>\n","protected":false},"featured_media":19824,"template":"","meta":[],"product_brand":[],"product_cat":[114,115,102,441],"product_tag":[],"class_list":{"0":"post-19823","1":"product","2":"type-product","3":"status-publish","4":"has-post-thumbnail","6":"product_cat-kaciu-maistas","7":"product_cat-sausas-maistas-ir-skanestai-katems","8":"product_cat-katems","9":"product_cat-hills-kaciu-maistas","10":"pa_prekinis-zenklas-hills","12":"first","13":"instock","14":"taxable","15":"shipping-taxable","16":"purchasable","17":"product-type-variable"},"yoast_head":"<!-- This site is optimized with the Yoast SEO Premium plugin v27.1 (Yoast SEO v27.5) - https:\/\/yoast.com\/product\/yoast-seo-premium-wordpress\/ -->\n<title>Hill\u2019s SP Feline Adult Sterilised Salmon sterilizuotoms kat\u0117ms su la\u0161i\u0161a - anivet.lt<\/title>\n<meta name=\"description\" content=\"Visavertis maistas suaugusioms sterilizuotoms kat\u0117ms Hill&#039;s Science Plan Sterilised su la\u0161i\u0161a \u2013 tai specialiai subalansuotas maistas, sukurtas sterilizuot\u0173 ka\u010di\u0173 poreikiams.\" \/>\n<meta name=\"robots\" content=\"index, follow, max-snippet:-1, max-image-preview:large, max-video-preview:-1\" \/>\n<link rel=\"canonical\" href=\"https:\/\/anivet.lt\/elparduotuve\/produktas\/hills-sp-feline-adult-sterilised-salmon-sterilizuotoms-katems-su-lasisa\/\" \/>\n<meta property=\"og:locale\" content=\"lt_LT\" \/>\n<meta property=\"og:type\" content=\"article\" \/>\n<meta property=\"og:title\" content=\"Hill\u2019s SP Feline Adult Sterilised Salmon sterilizuotoms kat\u0117ms su la\u0161i\u0161a\" \/>\n<meta property=\"og:description\" content=\"Visavertis maistas suaugusioms sterilizuotoms kat\u0117ms Hill&#039;s Science Plan Sterilised su la\u0161i\u0161a \u2013 tai specialiai subalansuotas maistas, sukurtas sterilizuot\u0173 ka\u010di\u0173 poreikiams.\" \/>\n<meta property=\"og:url\" content=\"https:\/\/anivet.lt\/elparduotuve\/produktas\/hills-sp-feline-adult-sterilised-salmon-sterilizuotoms-katems-su-lasisa\/\" \/>\n<meta property=\"og:site_name\" content=\"anivet.lt\" \/>\n<meta property=\"article:modified_time\" content=\"2026-04-01T04:48:48+00:00\" \/>\n<meta property=\"og:image\" content=\"https:\/\/anivet.lt\/elparduotuve\/wp-content\/uploads\/2026\/01\/Hills-SP-Feline-Adult-Sterilised-Salmon-sterilizuotoms-katems-su-lasisa.jpg\" \/>\n\t<meta property=\"og:image:width\" content=\"600\" \/>\n\t<meta property=\"og:image:height\" content=\"600\" \/>\n\t<meta property=\"og:image:type\" content=\"image\/jpeg\" \/>\n<meta name=\"twitter:card\" content=\"summary_large_image\" \/>\n<meta name=\"twitter:label1\" content=\"Est. reading time\" \/>\n\t<meta name=\"twitter:data1\" content=\"1 minut\u0117\" \/>\n<script type=\"application\/ld+json\" class=\"yoast-schema-graph\">{\"@context\":\"https:\\\/\\\/schema.org\",\"@graph\":[{\"@type\":\"WebPage\",\"@id\":\"https:\\\/\\\/anivet.lt\\\/elparduotuve\\\/produktas\\\/hills-sp-feline-adult-sterilised-salmon-sterilizuotoms-katems-su-lasisa\\\/\",\"url\":\"https:\\\/\\\/anivet.lt\\\/elparduotuve\\\/produktas\\\/hills-sp-feline-adult-sterilised-salmon-sterilizuotoms-katems-su-lasisa\\\/\",\"name\":\"Hill\u2019s SP Feline Adult Sterilised Salmon sterilizuotoms kat\u0117ms su la\u0161i\u0161a - anivet.lt\",\"isPartOf\":{\"@id\":\"https:\\\/\\\/anivet.lt\\\/elparduotuve\\\/#website\"},\"primaryImageOfPage\":{\"@id\":\"https:\\\/\\\/anivet.lt\\\/elparduotuve\\\/produktas\\\/hills-sp-feline-adult-sterilised-salmon-sterilizuotoms-katems-su-lasisa\\\/#primaryimage\"},\"image\":{\"@id\":\"https:\\\/\\\/anivet.lt\\\/elparduotuve\\\/produktas\\\/hills-sp-feline-adult-sterilised-salmon-sterilizuotoms-katems-su-lasisa\\\/#primaryimage\"},\"thumbnailUrl\":\"https:\\\/\\\/anivet.lt\\\/elparduotuve\\\/wp-content\\\/uploads\\\/2026\\\/01\\\/Hills-SP-Feline-Adult-Sterilised-Salmon-sterilizuotoms-katems-su-lasisa.jpg\",\"datePublished\":\"2026-01-24T08:51:44+00:00\",\"dateModified\":\"2026-04-01T04:48:48+00:00\",\"description\":\"Visavertis maistas suaugusioms sterilizuotoms kat\u0117ms Hill's Science Plan Sterilised su la\u0161i\u0161a \u2013 tai specialiai subalansuotas maistas, sukurtas sterilizuot\u0173 ka\u010di\u0173 poreikiams.\",\"breadcrumb\":{\"@id\":\"https:\\\/\\\/anivet.lt\\\/elparduotuve\\\/produktas\\\/hills-sp-feline-adult-sterilised-salmon-sterilizuotoms-katems-su-lasisa\\\/#breadcrumb\"},\"inLanguage\":\"lt-LT\",\"potentialAction\":[{\"@type\":\"ReadAction\",\"target\":[\"https:\\\/\\\/anivet.lt\\\/elparduotuve\\\/produktas\\\/hills-sp-feline-adult-sterilised-salmon-sterilizuotoms-katems-su-lasisa\\\/\"]}]},{\"@type\":\"ImageObject\",\"inLanguage\":\"lt-LT\",\"@id\":\"https:\\\/\\\/anivet.lt\\\/elparduotuve\\\/produktas\\\/hills-sp-feline-adult-sterilised-salmon-sterilizuotoms-katems-su-lasisa\\\/#primaryimage\",\"url\":\"https:\\\/\\\/anivet.lt\\\/elparduotuve\\\/wp-content\\\/uploads\\\/2026\\\/01\\\/Hills-SP-Feline-Adult-Sterilised-Salmon-sterilizuotoms-katems-su-lasisa.jpg\",\"contentUrl\":\"https:\\\/\\\/anivet.lt\\\/elparduotuve\\\/wp-content\\\/uploads\\\/2026\\\/01\\\/Hills-SP-Feline-Adult-Sterilised-Salmon-sterilizuotoms-katems-su-lasisa.jpg\",\"width\":600,\"height\":600},{\"@type\":\"BreadcrumbList\",\"@id\":\"https:\\\/\\\/anivet.lt\\\/elparduotuve\\\/produktas\\\/hills-sp-feline-adult-sterilised-salmon-sterilizuotoms-katems-su-lasisa\\\/#breadcrumb\",\"itemListElement\":[{\"@type\":\"ListItem\",\"position\":1,\"name\":\"Home\",\"item\":\"https:\\\/\\\/anivet.lt\\\/elparduotuve\\\/\"},{\"@type\":\"ListItem\",\"position\":2,\"name\":\"Produktai\",\"item\":\"https:\\\/\\\/anivet.lt\\\/elparduotuve\\\/produktai\\\/\"},{\"@type\":\"ListItem\",\"position\":3,\"name\":\"Hill\u2019s SP Feline Adult Sterilised Salmon sterilizuotoms kat\u0117ms su la\u0161i\u0161a\"}]},{\"@type\":\"WebSite\",\"@id\":\"https:\\\/\\\/anivet.lt\\\/elparduotuve\\\/#website\",\"url\":\"https:\\\/\\\/anivet.lt\\\/elparduotuve\\\/\",\"name\":\"anivet.lt\",\"description\":\"Viskas J\u016bs\u0173 \u0161uns, kat\u0117s prie\u017ei\u016brai\",\"publisher\":{\"@id\":\"https:\\\/\\\/anivet.lt\\\/elparduotuve\\\/#organization\"},\"alternateName\":\"Viskas J\u016bs\u0173 \u0161uns, kat\u0117s prie\u017ei\u016brai\",\"potentialAction\":[{\"@type\":\"SearchAction\",\"target\":{\"@type\":\"EntryPoint\",\"urlTemplate\":\"https:\\\/\\\/anivet.lt\\\/elparduotuve\\\/?s={search_term_string}\"},\"query-input\":{\"@type\":\"PropertyValueSpecification\",\"valueRequired\":true,\"valueName\":\"search_term_string\"}}],\"inLanguage\":\"lt-LT\"},{\"@type\":\"Organization\",\"@id\":\"https:\\\/\\\/anivet.lt\\\/elparduotuve\\\/#organization\",\"name\":\"Viskas J\u016bs\u0173 \u0161uns, kat\u0117s prie\u017ei\u016brai\",\"url\":\"https:\\\/\\\/anivet.lt\\\/elparduotuve\\\/\",\"logo\":{\"@type\":\"ImageObject\",\"inLanguage\":\"lt-LT\",\"@id\":\"https:\\\/\\\/anivet.lt\\\/elparduotuve\\\/#\\\/schema\\\/logo\\\/image\\\/\",\"url\":\"https:\\\/\\\/anivet.lt\\\/elparduotuve\\\/wp-content\\\/uploads\\\/2023\\\/06\\\/logo2.jpg\",\"contentUrl\":\"https:\\\/\\\/anivet.lt\\\/elparduotuve\\\/wp-content\\\/uploads\\\/2023\\\/06\\\/logo2.jpg\",\"width\":655,\"height\":194,\"caption\":\"Viskas J\u016bs\u0173 \u0161uns, kat\u0117s prie\u017ei\u016brai\"},\"image\":{\"@id\":\"https:\\\/\\\/anivet.lt\\\/elparduotuve\\\/#\\\/schema\\\/logo\\\/image\\\/\"}}]}<\/script>\n<!-- \/ Yoast SEO Premium plugin. -->","yoast_head_json":{"title":"Hill\u2019s SP Feline Adult Sterilised Salmon sterilizuotoms kat\u0117ms su la\u0161i\u0161a - anivet.lt","description":"Visavertis maistas suaugusioms sterilizuotoms kat\u0117ms Hill's Science Plan Sterilised su la\u0161i\u0161a \u2013 tai specialiai subalansuotas maistas, sukurtas sterilizuot\u0173 ka\u010di\u0173 poreikiams.","robots":{"index":"index","follow":"follow","max-snippet":"max-snippet:-1","max-image-preview":"max-image-preview:large","max-video-preview":"max-video-preview:-1"},"canonical":"https:\/\/anivet.lt\/elparduotuve\/produktas\/hills-sp-feline-adult-sterilised-salmon-sterilizuotoms-katems-su-lasisa\/","og_locale":"lt_LT","og_type":"article","og_title":"Hill\u2019s SP Feline Adult Sterilised Salmon sterilizuotoms kat\u0117ms su la\u0161i\u0161a","og_description":"Visavertis maistas suaugusioms sterilizuotoms kat\u0117ms Hill's Science Plan Sterilised su la\u0161i\u0161a \u2013 tai specialiai subalansuotas maistas, sukurtas sterilizuot\u0173 ka\u010di\u0173 poreikiams.","og_url":"https:\/\/anivet.lt\/elparduotuve\/produktas\/hills-sp-feline-adult-sterilised-salmon-sterilizuotoms-katems-su-lasisa\/","og_site_name":"anivet.lt","article_modified_time":"2026-04-01T04:48:48+00:00","og_image":[{"width":600,"height":600,"url":"https:\/\/anivet.lt\/elparduotuve\/wp-content\/uploads\/2026\/01\/Hills-SP-Feline-Adult-Sterilised-Salmon-sterilizuotoms-katems-su-lasisa.jpg","type":"image\/jpeg"}],"twitter_card":"summary_large_image","twitter_misc":{"Est. reading time":"1 minut\u0117"},"schema":{"@context":"https:\/\/schema.org","@graph":[{"@type":"WebPage","@id":"https:\/\/anivet.lt\/elparduotuve\/produktas\/hills-sp-feline-adult-sterilised-salmon-sterilizuotoms-katems-su-lasisa\/","url":"https:\/\/anivet.lt\/elparduotuve\/produktas\/hills-sp-feline-adult-sterilised-salmon-sterilizuotoms-katems-su-lasisa\/","name":"Hill\u2019s SP Feline Adult Sterilised Salmon sterilizuotoms kat\u0117ms su la\u0161i\u0161a - anivet.lt","isPartOf":{"@id":"https:\/\/anivet.lt\/elparduotuve\/#website"},"primaryImageOfPage":{"@id":"https:\/\/anivet.lt\/elparduotuve\/produktas\/hills-sp-feline-adult-sterilised-salmon-sterilizuotoms-katems-su-lasisa\/#primaryimage"},"image":{"@id":"https:\/\/anivet.lt\/elparduotuve\/produktas\/hills-sp-feline-adult-sterilised-salmon-sterilizuotoms-katems-su-lasisa\/#primaryimage"},"thumbnailUrl":"https:\/\/anivet.lt\/elparduotuve\/wp-content\/uploads\/2026\/01\/Hills-SP-Feline-Adult-Sterilised-Salmon-sterilizuotoms-katems-su-lasisa.jpg","datePublished":"2026-01-24T08:51:44+00:00","dateModified":"2026-04-01T04:48:48+00:00","description":"Visavertis maistas suaugusioms sterilizuotoms kat\u0117ms Hill's Science Plan Sterilised su la\u0161i\u0161a \u2013 tai specialiai subalansuotas maistas, sukurtas sterilizuot\u0173 ka\u010di\u0173 poreikiams.","breadcrumb":{"@id":"https:\/\/anivet.lt\/elparduotuve\/produktas\/hills-sp-feline-adult-sterilised-salmon-sterilizuotoms-katems-su-lasisa\/#breadcrumb"},"inLanguage":"lt-LT","potentialAction":[{"@type":"ReadAction","target":["https:\/\/anivet.lt\/elparduotuve\/produktas\/hills-sp-feline-adult-sterilised-salmon-sterilizuotoms-katems-su-lasisa\/"]}]},{"@type":"ImageObject","inLanguage":"lt-LT","@id":"https:\/\/anivet.lt\/elparduotuve\/produktas\/hills-sp-feline-adult-sterilised-salmon-sterilizuotoms-katems-su-lasisa\/#primaryimage","url":"https:\/\/anivet.lt\/elparduotuve\/wp-content\/uploads\/2026\/01\/Hills-SP-Feline-Adult-Sterilised-Salmon-sterilizuotoms-katems-su-lasisa.jpg","contentUrl":"https:\/\/anivet.lt\/elparduotuve\/wp-content\/uploads\/2026\/01\/Hills-SP-Feline-Adult-Sterilised-Salmon-sterilizuotoms-katems-su-lasisa.jpg","width":600,"height":600},{"@type":"BreadcrumbList","@id":"https:\/\/anivet.lt\/elparduotuve\/produktas\/hills-sp-feline-adult-sterilised-salmon-sterilizuotoms-katems-su-lasisa\/#breadcrumb","itemListElement":[{"@type":"ListItem","position":1,"name":"Home","item":"https:\/\/anivet.lt\/elparduotuve\/"},{"@type":"ListItem","position":2,"name":"Produktai","item":"https:\/\/anivet.lt\/elparduotuve\/produktai\/"},{"@type":"ListItem","position":3,"name":"Hill\u2019s SP Feline Adult Sterilised Salmon sterilizuotoms kat\u0117ms su la\u0161i\u0161a"}]},{"@type":"WebSite","@id":"https:\/\/anivet.lt\/elparduotuve\/#website","url":"https:\/\/anivet.lt\/elparduotuve\/","name":"anivet.lt","description":"Viskas J\u016bs\u0173 \u0161uns, kat\u0117s prie\u017ei\u016brai","publisher":{"@id":"https:\/\/anivet.lt\/elparduotuve\/#organization"},"alternateName":"Viskas J\u016bs\u0173 \u0161uns, kat\u0117s prie\u017ei\u016brai","potentialAction":[{"@type":"SearchAction","target":{"@type":"EntryPoint","urlTemplate":"https:\/\/anivet.lt\/elparduotuve\/?s={search_term_string}"},"query-input":{"@type":"PropertyValueSpecification","valueRequired":true,"valueName":"search_term_string"}}],"inLanguage":"lt-LT"},{"@type":"Organization","@id":"https:\/\/anivet.lt\/elparduotuve\/#organization","name":"Viskas J\u016bs\u0173 \u0161uns, kat\u0117s prie\u017ei\u016brai","url":"https:\/\/anivet.lt\/elparduotuve\/","logo":{"@type":"ImageObject","inLanguage":"lt-LT","@id":"https:\/\/anivet.lt\/elparduotuve\/#\/schema\/logo\/image\/","url":"https:\/\/anivet.lt\/elparduotuve\/wp-content\/uploads\/2023\/06\/logo2.jpg","contentUrl":"https:\/\/anivet.lt\/elparduotuve\/wp-content\/uploads\/2023\/06\/logo2.jpg","width":655,"height":194,"caption":"Viskas J\u016bs\u0173 \u0161uns, kat\u0117s prie\u017ei\u016brai"},"image":{"@id":"https:\/\/anivet.lt\/elparduotuve\/#\/schema\/logo\/image\/"}}]}},"_links":{"self":[{"href":"https:\/\/anivet.lt\/elparduotuve\/wp-json\/wp\/v2\/product\/19823","targetHints":{"allow":["GET"]}}],"collection":[{"href":"https:\/\/anivet.lt\/elparduotuve\/wp-json\/wp\/v2\/product"}],"about":[{"href":"https:\/\/anivet.lt\/elparduotuve\/wp-json\/wp\/v2\/types\/product"}],"wp:featuredmedia":[{"embeddable":true,"href":"https:\/\/anivet.lt\/elparduotuve\/wp-json\/wp\/v2\/media\/19824"}],"wp:attachment":[{"href":"https:\/\/anivet.lt\/elparduotuve\/wp-json\/wp\/v2\/media?parent=19823"}],"wp:term":[{"taxonomy":"product_brand","embeddable":true,"href":"https:\/\/anivet.lt\/elparduotuve\/wp-json\/wp\/v2\/product_brand?post=19823"},{"taxonomy":"product_cat","embeddable":true,"href":"https:\/\/anivet.lt\/elparduotuve\/wp-json\/wp\/v2\/product_cat?post=19823"},{"taxonomy":"product_tag","embeddable":true,"href":"https:\/\/anivet.lt\/elparduotuve\/wp-json\/wp\/v2\/product_tag?post=19823"}],"curies":[{"name":"wp","href":"https:\/\/api.w.org\/{rel}","templated":true}]}}