{"id":19831,"date":"2026-01-24T09:07:46","date_gmt":"2026-01-24T09:07:46","guid":{"rendered":"https:\/\/anivet.lt\/elparduotuve\/?post_type=product&#038;p=19831"},"modified":"2026-01-24T09:07:47","modified_gmt":"2026-01-24T09:07:47","slug":"hills-sp-feline-adult-uri-health-chicken-kaciu-slapimo-sistemos-veiklai-15kg","status":"publish","type":"product","link":"https:\/\/anivet.lt\/elparduotuve\/produktas\/hills-sp-feline-adult-uri-health-chicken-kaciu-slapimo-sistemos-veiklai-15kg\/","title":{"rendered":"Hill\u2019s SP Feline Adult Uri Health Chicken ka\u010di\u0173 \u0161lapimo sistemos veiklai 1,5kg"},"content":{"rendered":"<p>Pagrindiniai privalumai:<\/p>\n<ul>\n<li>Subalansuotas mineral\u0173 kiekis, padedantis u\u017etikrinti \u0161lapimo sistemos sveikat\u0105.<\/li>\n<li>Vitaminai E ir omega-6 riebal\u0173 r\u016bg\u0161tys, stiprinan\u010dios od\u0105 ir kail\u012f.<\/li>\n<li>Kokybi\u0161ki vi\u0161tienos baltymai, suteikiantys pa\u0161arui puik\u0173 skon\u012f ir maistingum\u0105.<\/li>\n<li>Tinka 1\u20136 met\u0173 am\u017eiaus suaugusioms kat\u0117ms, taip pat po sterilizacijos.<\/li>\n<\/ul>\n","protected":false},"excerpt":{"rendered":"<p>Tai subalansuotas sausas maistas suaugusioms kat\u0117ms, kuris padeda palaikyti sveik\u0105 \u0161lapimo tak\u0173 veikl\u0105. Speciali svorio kontrol\u0117s formul\u0117 padeda sterilizuotoms kat\u0117ms i\u0161saugoti ger\u0105 bendr\u0105 savijaut\u0105.<\/p>\n","protected":false},"featured_media":19832,"template":"","meta":[],"product_brand":[],"product_cat":[114,115,102,441],"product_tag":[],"class_list":{"0":"post-19831","1":"product","2":"type-product","3":"status-publish","4":"has-post-thumbnail","6":"product_cat-kaciu-maistas","7":"product_cat-sausas-maistas-ir-skanestai-katems","8":"product_cat-katems","9":"product_cat-hills-kaciu-maistas","10":"pa_prekinis-zenklas-hills","12":"first","13":"instock","14":"taxable","15":"shipping-taxable","16":"purchasable","17":"product-type-simple"},"yoast_head":"<!-- This site is optimized with the Yoast SEO Premium plugin v27.1 (Yoast SEO v27.5) - https:\/\/yoast.com\/product\/yoast-seo-premium-wordpress\/ -->\n<title>Hill\u2019s SP Feline Adult Uri Health Chicken ka\u010di\u0173 \u0161lapimo sistemos veiklai 1,5kg - anivet.lt<\/title>\n<meta name=\"description\" content=\"Tai subalansuotas sausas maistas suaugusioms kat\u0117ms, kuris padeda palaikyti sveik\u0105 \u0161lapimo tak\u0173 veikl\u0105. Speciali svorio kontrol\u0117s formul\u0117 padeda sterilizuotoms kat\u0117ms i\u0161saugoti ger\u0105 bendr\u0105 savijaut\u0105.\" \/>\n<meta name=\"robots\" content=\"index, follow, max-snippet:-1, max-image-preview:large, max-video-preview:-1\" \/>\n<link rel=\"canonical\" href=\"https:\/\/anivet.lt\/elparduotuve\/produktas\/hills-sp-feline-adult-uri-health-chicken-kaciu-slapimo-sistemos-veiklai-15kg\/\" \/>\n<meta property=\"og:locale\" content=\"lt_LT\" \/>\n<meta property=\"og:type\" content=\"article\" \/>\n<meta property=\"og:title\" content=\"Hill\u2019s SP Feline Adult Uri Health Chicken ka\u010di\u0173 \u0161lapimo sistemos veiklai 1,5kg\" \/>\n<meta property=\"og:description\" content=\"Tai subalansuotas sausas maistas suaugusioms kat\u0117ms, kuris padeda palaikyti sveik\u0105 \u0161lapimo tak\u0173 veikl\u0105. Speciali svorio kontrol\u0117s formul\u0117 padeda sterilizuotoms kat\u0117ms i\u0161saugoti ger\u0105 bendr\u0105 savijaut\u0105.\" \/>\n<meta property=\"og:url\" content=\"https:\/\/anivet.lt\/elparduotuve\/produktas\/hills-sp-feline-adult-uri-health-chicken-kaciu-slapimo-sistemos-veiklai-15kg\/\" \/>\n<meta property=\"og:site_name\" content=\"anivet.lt\" \/>\n<meta property=\"article:modified_time\" content=\"2026-01-24T09:07:47+00:00\" \/>\n<meta property=\"og:image\" content=\"https:\/\/anivet.lt\/elparduotuve\/wp-content\/uploads\/2026\/01\/Hills-SP-Feline-Adult-Uri-Health-Chicken-kaciu-slapimo-sistemos-veiklai.jpg\" \/>\n\t<meta property=\"og:image:width\" content=\"650\" \/>\n\t<meta property=\"og:image:height\" content=\"650\" \/>\n\t<meta property=\"og:image:type\" content=\"image\/jpeg\" \/>\n<meta name=\"twitter:card\" content=\"summary_large_image\" \/>\n<meta name=\"twitter:label1\" content=\"Est. reading time\" \/>\n\t<meta name=\"twitter:data1\" content=\"1 minut\u0117\" \/>\n<script type=\"application\/ld+json\" class=\"yoast-schema-graph\">{\"@context\":\"https:\\\/\\\/schema.org\",\"@graph\":[{\"@type\":\"WebPage\",\"@id\":\"https:\\\/\\\/anivet.lt\\\/elparduotuve\\\/produktas\\\/hills-sp-feline-adult-uri-health-chicken-kaciu-slapimo-sistemos-veiklai-15kg\\\/\",\"url\":\"https:\\\/\\\/anivet.lt\\\/elparduotuve\\\/produktas\\\/hills-sp-feline-adult-uri-health-chicken-kaciu-slapimo-sistemos-veiklai-15kg\\\/\",\"name\":\"Hill\u2019s SP Feline Adult Uri Health Chicken ka\u010di\u0173 \u0161lapimo sistemos veiklai 1,5kg - anivet.lt\",\"isPartOf\":{\"@id\":\"https:\\\/\\\/anivet.lt\\\/elparduotuve\\\/#website\"},\"primaryImageOfPage\":{\"@id\":\"https:\\\/\\\/anivet.lt\\\/elparduotuve\\\/produktas\\\/hills-sp-feline-adult-uri-health-chicken-kaciu-slapimo-sistemos-veiklai-15kg\\\/#primaryimage\"},\"image\":{\"@id\":\"https:\\\/\\\/anivet.lt\\\/elparduotuve\\\/produktas\\\/hills-sp-feline-adult-uri-health-chicken-kaciu-slapimo-sistemos-veiklai-15kg\\\/#primaryimage\"},\"thumbnailUrl\":\"https:\\\/\\\/anivet.lt\\\/elparduotuve\\\/wp-content\\\/uploads\\\/2026\\\/01\\\/Hills-SP-Feline-Adult-Uri-Health-Chicken-kaciu-slapimo-sistemos-veiklai.jpg\",\"datePublished\":\"2026-01-24T09:07:46+00:00\",\"dateModified\":\"2026-01-24T09:07:47+00:00\",\"description\":\"Tai subalansuotas sausas maistas suaugusioms kat\u0117ms, kuris padeda palaikyti sveik\u0105 \u0161lapimo tak\u0173 veikl\u0105. Speciali svorio kontrol\u0117s formul\u0117 padeda sterilizuotoms kat\u0117ms i\u0161saugoti ger\u0105 bendr\u0105 savijaut\u0105.\",\"breadcrumb\":{\"@id\":\"https:\\\/\\\/anivet.lt\\\/elparduotuve\\\/produktas\\\/hills-sp-feline-adult-uri-health-chicken-kaciu-slapimo-sistemos-veiklai-15kg\\\/#breadcrumb\"},\"inLanguage\":\"lt-LT\",\"potentialAction\":[{\"@type\":\"ReadAction\",\"target\":[\"https:\\\/\\\/anivet.lt\\\/elparduotuve\\\/produktas\\\/hills-sp-feline-adult-uri-health-chicken-kaciu-slapimo-sistemos-veiklai-15kg\\\/\"]}]},{\"@type\":\"ImageObject\",\"inLanguage\":\"lt-LT\",\"@id\":\"https:\\\/\\\/anivet.lt\\\/elparduotuve\\\/produktas\\\/hills-sp-feline-adult-uri-health-chicken-kaciu-slapimo-sistemos-veiklai-15kg\\\/#primaryimage\",\"url\":\"https:\\\/\\\/anivet.lt\\\/elparduotuve\\\/wp-content\\\/uploads\\\/2026\\\/01\\\/Hills-SP-Feline-Adult-Uri-Health-Chicken-kaciu-slapimo-sistemos-veiklai.jpg\",\"contentUrl\":\"https:\\\/\\\/anivet.lt\\\/elparduotuve\\\/wp-content\\\/uploads\\\/2026\\\/01\\\/Hills-SP-Feline-Adult-Uri-Health-Chicken-kaciu-slapimo-sistemos-veiklai.jpg\",\"width\":650,\"height\":650,\"caption\":\"Hill\u2019s SP Feline Adult Uri Health Chicken ka\u010di\u0173 \u0161lapimo sistemos veiklai 1,5kg\"},{\"@type\":\"BreadcrumbList\",\"@id\":\"https:\\\/\\\/anivet.lt\\\/elparduotuve\\\/produktas\\\/hills-sp-feline-adult-uri-health-chicken-kaciu-slapimo-sistemos-veiklai-15kg\\\/#breadcrumb\",\"itemListElement\":[{\"@type\":\"ListItem\",\"position\":1,\"name\":\"Home\",\"item\":\"https:\\\/\\\/anivet.lt\\\/elparduotuve\\\/\"},{\"@type\":\"ListItem\",\"position\":2,\"name\":\"Produktai\",\"item\":\"https:\\\/\\\/anivet.lt\\\/elparduotuve\\\/produktai\\\/\"},{\"@type\":\"ListItem\",\"position\":3,\"name\":\"Hill\u2019s SP Feline Adult Uri Health Chicken ka\u010di\u0173 \u0161lapimo sistemos veiklai 1,5kg\"}]},{\"@type\":\"WebSite\",\"@id\":\"https:\\\/\\\/anivet.lt\\\/elparduotuve\\\/#website\",\"url\":\"https:\\\/\\\/anivet.lt\\\/elparduotuve\\\/\",\"name\":\"anivet.lt\",\"description\":\"Viskas J\u016bs\u0173 \u0161uns, kat\u0117s prie\u017ei\u016brai\",\"publisher\":{\"@id\":\"https:\\\/\\\/anivet.lt\\\/elparduotuve\\\/#organization\"},\"alternateName\":\"Viskas J\u016bs\u0173 \u0161uns, kat\u0117s prie\u017ei\u016brai\",\"potentialAction\":[{\"@type\":\"SearchAction\",\"target\":{\"@type\":\"EntryPoint\",\"urlTemplate\":\"https:\\\/\\\/anivet.lt\\\/elparduotuve\\\/?s={search_term_string}\"},\"query-input\":{\"@type\":\"PropertyValueSpecification\",\"valueRequired\":true,\"valueName\":\"search_term_string\"}}],\"inLanguage\":\"lt-LT\"},{\"@type\":\"Organization\",\"@id\":\"https:\\\/\\\/anivet.lt\\\/elparduotuve\\\/#organization\",\"name\":\"Viskas J\u016bs\u0173 \u0161uns, kat\u0117s prie\u017ei\u016brai\",\"url\":\"https:\\\/\\\/anivet.lt\\\/elparduotuve\\\/\",\"logo\":{\"@type\":\"ImageObject\",\"inLanguage\":\"lt-LT\",\"@id\":\"https:\\\/\\\/anivet.lt\\\/elparduotuve\\\/#\\\/schema\\\/logo\\\/image\\\/\",\"url\":\"https:\\\/\\\/anivet.lt\\\/elparduotuve\\\/wp-content\\\/uploads\\\/2023\\\/06\\\/logo2.jpg\",\"contentUrl\":\"https:\\\/\\\/anivet.lt\\\/elparduotuve\\\/wp-content\\\/uploads\\\/2023\\\/06\\\/logo2.jpg\",\"width\":655,\"height\":194,\"caption\":\"Viskas J\u016bs\u0173 \u0161uns, kat\u0117s prie\u017ei\u016brai\"},\"image\":{\"@id\":\"https:\\\/\\\/anivet.lt\\\/elparduotuve\\\/#\\\/schema\\\/logo\\\/image\\\/\"}}]}<\/script>\n<!-- \/ Yoast SEO Premium plugin. -->","yoast_head_json":{"title":"Hill\u2019s SP Feline Adult Uri Health Chicken ka\u010di\u0173 \u0161lapimo sistemos veiklai 1,5kg - anivet.lt","description":"Tai subalansuotas sausas maistas suaugusioms kat\u0117ms, kuris padeda palaikyti sveik\u0105 \u0161lapimo tak\u0173 veikl\u0105. Speciali svorio kontrol\u0117s formul\u0117 padeda sterilizuotoms kat\u0117ms i\u0161saugoti ger\u0105 bendr\u0105 savijaut\u0105.","robots":{"index":"index","follow":"follow","max-snippet":"max-snippet:-1","max-image-preview":"max-image-preview:large","max-video-preview":"max-video-preview:-1"},"canonical":"https:\/\/anivet.lt\/elparduotuve\/produktas\/hills-sp-feline-adult-uri-health-chicken-kaciu-slapimo-sistemos-veiklai-15kg\/","og_locale":"lt_LT","og_type":"article","og_title":"Hill\u2019s SP Feline Adult Uri Health Chicken ka\u010di\u0173 \u0161lapimo sistemos veiklai 1,5kg","og_description":"Tai subalansuotas sausas maistas suaugusioms kat\u0117ms, kuris padeda palaikyti sveik\u0105 \u0161lapimo tak\u0173 veikl\u0105. Speciali svorio kontrol\u0117s formul\u0117 padeda sterilizuotoms kat\u0117ms i\u0161saugoti ger\u0105 bendr\u0105 savijaut\u0105.","og_url":"https:\/\/anivet.lt\/elparduotuve\/produktas\/hills-sp-feline-adult-uri-health-chicken-kaciu-slapimo-sistemos-veiklai-15kg\/","og_site_name":"anivet.lt","article_modified_time":"2026-01-24T09:07:47+00:00","og_image":[{"width":650,"height":650,"url":"https:\/\/anivet.lt\/elparduotuve\/wp-content\/uploads\/2026\/01\/Hills-SP-Feline-Adult-Uri-Health-Chicken-kaciu-slapimo-sistemos-veiklai.jpg","type":"image\/jpeg"}],"twitter_card":"summary_large_image","twitter_misc":{"Est. reading time":"1 minut\u0117"},"schema":{"@context":"https:\/\/schema.org","@graph":[{"@type":"WebPage","@id":"https:\/\/anivet.lt\/elparduotuve\/produktas\/hills-sp-feline-adult-uri-health-chicken-kaciu-slapimo-sistemos-veiklai-15kg\/","url":"https:\/\/anivet.lt\/elparduotuve\/produktas\/hills-sp-feline-adult-uri-health-chicken-kaciu-slapimo-sistemos-veiklai-15kg\/","name":"Hill\u2019s SP Feline Adult Uri Health Chicken ka\u010di\u0173 \u0161lapimo sistemos veiklai 1,5kg - anivet.lt","isPartOf":{"@id":"https:\/\/anivet.lt\/elparduotuve\/#website"},"primaryImageOfPage":{"@id":"https:\/\/anivet.lt\/elparduotuve\/produktas\/hills-sp-feline-adult-uri-health-chicken-kaciu-slapimo-sistemos-veiklai-15kg\/#primaryimage"},"image":{"@id":"https:\/\/anivet.lt\/elparduotuve\/produktas\/hills-sp-feline-adult-uri-health-chicken-kaciu-slapimo-sistemos-veiklai-15kg\/#primaryimage"},"thumbnailUrl":"https:\/\/anivet.lt\/elparduotuve\/wp-content\/uploads\/2026\/01\/Hills-SP-Feline-Adult-Uri-Health-Chicken-kaciu-slapimo-sistemos-veiklai.jpg","datePublished":"2026-01-24T09:07:46+00:00","dateModified":"2026-01-24T09:07:47+00:00","description":"Tai subalansuotas sausas maistas suaugusioms kat\u0117ms, kuris padeda palaikyti sveik\u0105 \u0161lapimo tak\u0173 veikl\u0105. Speciali svorio kontrol\u0117s formul\u0117 padeda sterilizuotoms kat\u0117ms i\u0161saugoti ger\u0105 bendr\u0105 savijaut\u0105.","breadcrumb":{"@id":"https:\/\/anivet.lt\/elparduotuve\/produktas\/hills-sp-feline-adult-uri-health-chicken-kaciu-slapimo-sistemos-veiklai-15kg\/#breadcrumb"},"inLanguage":"lt-LT","potentialAction":[{"@type":"ReadAction","target":["https:\/\/anivet.lt\/elparduotuve\/produktas\/hills-sp-feline-adult-uri-health-chicken-kaciu-slapimo-sistemos-veiklai-15kg\/"]}]},{"@type":"ImageObject","inLanguage":"lt-LT","@id":"https:\/\/anivet.lt\/elparduotuve\/produktas\/hills-sp-feline-adult-uri-health-chicken-kaciu-slapimo-sistemos-veiklai-15kg\/#primaryimage","url":"https:\/\/anivet.lt\/elparduotuve\/wp-content\/uploads\/2026\/01\/Hills-SP-Feline-Adult-Uri-Health-Chicken-kaciu-slapimo-sistemos-veiklai.jpg","contentUrl":"https:\/\/anivet.lt\/elparduotuve\/wp-content\/uploads\/2026\/01\/Hills-SP-Feline-Adult-Uri-Health-Chicken-kaciu-slapimo-sistemos-veiklai.jpg","width":650,"height":650,"caption":"Hill\u2019s SP Feline Adult Uri Health Chicken ka\u010di\u0173 \u0161lapimo sistemos veiklai 1,5kg"},{"@type":"BreadcrumbList","@id":"https:\/\/anivet.lt\/elparduotuve\/produktas\/hills-sp-feline-adult-uri-health-chicken-kaciu-slapimo-sistemos-veiklai-15kg\/#breadcrumb","itemListElement":[{"@type":"ListItem","position":1,"name":"Home","item":"https:\/\/anivet.lt\/elparduotuve\/"},{"@type":"ListItem","position":2,"name":"Produktai","item":"https:\/\/anivet.lt\/elparduotuve\/produktai\/"},{"@type":"ListItem","position":3,"name":"Hill\u2019s SP Feline Adult Uri Health Chicken ka\u010di\u0173 \u0161lapimo sistemos veiklai 1,5kg"}]},{"@type":"WebSite","@id":"https:\/\/anivet.lt\/elparduotuve\/#website","url":"https:\/\/anivet.lt\/elparduotuve\/","name":"anivet.lt","description":"Viskas J\u016bs\u0173 \u0161uns, kat\u0117s prie\u017ei\u016brai","publisher":{"@id":"https:\/\/anivet.lt\/elparduotuve\/#organization"},"alternateName":"Viskas J\u016bs\u0173 \u0161uns, kat\u0117s prie\u017ei\u016brai","potentialAction":[{"@type":"SearchAction","target":{"@type":"EntryPoint","urlTemplate":"https:\/\/anivet.lt\/elparduotuve\/?s={search_term_string}"},"query-input":{"@type":"PropertyValueSpecification","valueRequired":true,"valueName":"search_term_string"}}],"inLanguage":"lt-LT"},{"@type":"Organization","@id":"https:\/\/anivet.lt\/elparduotuve\/#organization","name":"Viskas J\u016bs\u0173 \u0161uns, kat\u0117s prie\u017ei\u016brai","url":"https:\/\/anivet.lt\/elparduotuve\/","logo":{"@type":"ImageObject","inLanguage":"lt-LT","@id":"https:\/\/anivet.lt\/elparduotuve\/#\/schema\/logo\/image\/","url":"https:\/\/anivet.lt\/elparduotuve\/wp-content\/uploads\/2023\/06\/logo2.jpg","contentUrl":"https:\/\/anivet.lt\/elparduotuve\/wp-content\/uploads\/2023\/06\/logo2.jpg","width":655,"height":194,"caption":"Viskas J\u016bs\u0173 \u0161uns, kat\u0117s prie\u017ei\u016brai"},"image":{"@id":"https:\/\/anivet.lt\/elparduotuve\/#\/schema\/logo\/image\/"}}]}},"_links":{"self":[{"href":"https:\/\/anivet.lt\/elparduotuve\/wp-json\/wp\/v2\/product\/19831","targetHints":{"allow":["GET"]}}],"collection":[{"href":"https:\/\/anivet.lt\/elparduotuve\/wp-json\/wp\/v2\/product"}],"about":[{"href":"https:\/\/anivet.lt\/elparduotuve\/wp-json\/wp\/v2\/types\/product"}],"wp:featuredmedia":[{"embeddable":true,"href":"https:\/\/anivet.lt\/elparduotuve\/wp-json\/wp\/v2\/media\/19832"}],"wp:attachment":[{"href":"https:\/\/anivet.lt\/elparduotuve\/wp-json\/wp\/v2\/media?parent=19831"}],"wp:term":[{"taxonomy":"product_brand","embeddable":true,"href":"https:\/\/anivet.lt\/elparduotuve\/wp-json\/wp\/v2\/product_brand?post=19831"},{"taxonomy":"product_cat","embeddable":true,"href":"https:\/\/anivet.lt\/elparduotuve\/wp-json\/wp\/v2\/product_cat?post=19831"},{"taxonomy":"product_tag","embeddable":true,"href":"https:\/\/anivet.lt\/elparduotuve\/wp-json\/wp\/v2\/product_tag?post=19831"}],"curies":[{"name":"wp","href":"https:\/\/api.w.org\/{rel}","templated":true}]}}