{"id":19998,"date":"2026-02-02T13:12:53","date_gmt":"2026-02-02T13:12:53","guid":{"rendered":"https:\/\/anivet.lt\/elparduotuve\/?post_type=product&#038;p=19998"},"modified":"2026-05-04T15:19:45","modified_gmt":"2026-05-04T15:19:45","slug":"hap-skanestai-sunims-erienos-ir-menkes-kubeliai-100g","status":"publish","type":"product","link":"https:\/\/anivet.lt\/elparduotuve\/produktas\/hap-skanestai-sunims-erienos-ir-menkes-kubeliai-100g\/","title":{"rendered":"HAP skan\u0117stai \u0161unims \u0117rienos ir menk\u0117s kubeliai 100g"},"content":{"rendered":"<ul>\n<li>Tinka vis\u0173 veisli\u0173 ir dyd\u017ei\u0173 \u0161unims.<\/li>\n<li>Nat\u016bral\u016bs ir maistingi skan\u0117stai, kuriuose yra net iki 48 % \u0117rienos ir 42 % menki\u0173 m\u0117sos.<\/li>\n<li>Ma\u017eai kaloringi, ta\u010diau gausus baltym\u0173 \u0161altinis.<\/li>\n<li>Be glitimo, prid\u0117tin\u0117s druskos ar cukraus.<\/li>\n<\/ul>\n","protected":false},"excerpt":{"rendered":"<p>HAP \u0117rienos ir menki\u0173 skan\u0117stai \u0161unims \u2013 puikus pasirinkimas apdovanoti augintin\u012f ar paskatinti j\u012f dres\u016bros metu.<\/p>\n","protected":false},"featured_media":19999,"template":"","meta":[],"product_brand":[],"product_cat":[101,103,106],"product_tag":[],"class_list":{"0":"post-19998","1":"product","2":"type-product","3":"status-publish","4":"has-post-thumbnail","6":"product_cat-sunims","7":"product_cat-sunu-maistas","8":"product_cat-skanestai","9":"pa_prekinis-zenklas-hap","11":"first","12":"instock","13":"taxable","14":"shipping-taxable","15":"purchasable","16":"product-type-simple"},"yoast_head":"<!-- This site is optimized with the Yoast SEO Premium plugin v27.1 (Yoast SEO v27.5) - https:\/\/yoast.com\/product\/yoast-seo-premium-wordpress\/ -->\n<title>HAP skan\u0117stai \u0161unims \u0117rienos ir menk\u0117s kubeliai 100g - anivet.lt<\/title>\n<meta name=\"description\" content=\"HAP \u0117rienos ir menki\u0173 skan\u0117stai \u0161unims \u2013 puikus pasirinkimas apdovanoti augintin\u012f ar paskatinti j\u012f dres\u016bros metu.\" \/>\n<meta name=\"robots\" content=\"index, follow, max-snippet:-1, max-image-preview:large, max-video-preview:-1\" \/>\n<link rel=\"canonical\" href=\"https:\/\/anivet.lt\/elparduotuve\/produktas\/hap-skanestai-sunims-erienos-ir-menkes-kubeliai-100g\/\" \/>\n<meta property=\"og:locale\" content=\"lt_LT\" \/>\n<meta property=\"og:type\" content=\"article\" \/>\n<meta property=\"og:title\" content=\"HAP skan\u0117stai \u0161unims \u0117rienos ir menk\u0117s kubeliai 100g\" \/>\n<meta property=\"og:description\" content=\"HAP \u0117rienos ir menki\u0173 skan\u0117stai \u0161unims \u2013 puikus pasirinkimas apdovanoti augintin\u012f ar paskatinti j\u012f dres\u016bros metu.\" \/>\n<meta property=\"og:url\" content=\"https:\/\/anivet.lt\/elparduotuve\/produktas\/hap-skanestai-sunims-erienos-ir-menkes-kubeliai-100g\/\" \/>\n<meta property=\"og:site_name\" content=\"anivet.lt\" \/>\n<meta property=\"article:modified_time\" content=\"2026-05-04T15:19:45+00:00\" \/>\n<meta property=\"og:image\" content=\"https:\/\/anivet.lt\/elparduotuve\/wp-content\/uploads\/2026\/02\/HAP-skanestai-sunims-erienos-ir-menkes-kubeliai-100g.jpg\" \/>\n\t<meta property=\"og:image:width\" content=\"550\" \/>\n\t<meta property=\"og:image:height\" content=\"550\" \/>\n\t<meta property=\"og:image:type\" content=\"image\/jpeg\" \/>\n<meta name=\"twitter:card\" content=\"summary_large_image\" \/>\n<meta name=\"twitter:label1\" content=\"Est. reading time\" \/>\n\t<meta name=\"twitter:data1\" content=\"1 minut\u0117\" \/>\n<script type=\"application\/ld+json\" class=\"yoast-schema-graph\">{\"@context\":\"https:\\\/\\\/schema.org\",\"@graph\":[{\"@type\":\"WebPage\",\"@id\":\"https:\\\/\\\/anivet.lt\\\/elparduotuve\\\/produktas\\\/hap-skanestai-sunims-erienos-ir-menkes-kubeliai-100g\\\/\",\"url\":\"https:\\\/\\\/anivet.lt\\\/elparduotuve\\\/produktas\\\/hap-skanestai-sunims-erienos-ir-menkes-kubeliai-100g\\\/\",\"name\":\"HAP skan\u0117stai \u0161unims \u0117rienos ir menk\u0117s kubeliai 100g - anivet.lt\",\"isPartOf\":{\"@id\":\"https:\\\/\\\/anivet.lt\\\/elparduotuve\\\/#website\"},\"primaryImageOfPage\":{\"@id\":\"https:\\\/\\\/anivet.lt\\\/elparduotuve\\\/produktas\\\/hap-skanestai-sunims-erienos-ir-menkes-kubeliai-100g\\\/#primaryimage\"},\"image\":{\"@id\":\"https:\\\/\\\/anivet.lt\\\/elparduotuve\\\/produktas\\\/hap-skanestai-sunims-erienos-ir-menkes-kubeliai-100g\\\/#primaryimage\"},\"thumbnailUrl\":\"https:\\\/\\\/anivet.lt\\\/elparduotuve\\\/wp-content\\\/uploads\\\/2026\\\/02\\\/HAP-skanestai-sunims-erienos-ir-menkes-kubeliai-100g.jpg\",\"datePublished\":\"2026-02-02T13:12:53+00:00\",\"dateModified\":\"2026-05-04T15:19:45+00:00\",\"description\":\"HAP \u0117rienos ir menki\u0173 skan\u0117stai \u0161unims \u2013 puikus pasirinkimas apdovanoti augintin\u012f ar paskatinti j\u012f dres\u016bros metu.\",\"breadcrumb\":{\"@id\":\"https:\\\/\\\/anivet.lt\\\/elparduotuve\\\/produktas\\\/hap-skanestai-sunims-erienos-ir-menkes-kubeliai-100g\\\/#breadcrumb\"},\"inLanguage\":\"lt-LT\",\"potentialAction\":[{\"@type\":\"ReadAction\",\"target\":[\"https:\\\/\\\/anivet.lt\\\/elparduotuve\\\/produktas\\\/hap-skanestai-sunims-erienos-ir-menkes-kubeliai-100g\\\/\"]}]},{\"@type\":\"ImageObject\",\"inLanguage\":\"lt-LT\",\"@id\":\"https:\\\/\\\/anivet.lt\\\/elparduotuve\\\/produktas\\\/hap-skanestai-sunims-erienos-ir-menkes-kubeliai-100g\\\/#primaryimage\",\"url\":\"https:\\\/\\\/anivet.lt\\\/elparduotuve\\\/wp-content\\\/uploads\\\/2026\\\/02\\\/HAP-skanestai-sunims-erienos-ir-menkes-kubeliai-100g.jpg\",\"contentUrl\":\"https:\\\/\\\/anivet.lt\\\/elparduotuve\\\/wp-content\\\/uploads\\\/2026\\\/02\\\/HAP-skanestai-sunims-erienos-ir-menkes-kubeliai-100g.jpg\",\"width\":550,\"height\":550},{\"@type\":\"BreadcrumbList\",\"@id\":\"https:\\\/\\\/anivet.lt\\\/elparduotuve\\\/produktas\\\/hap-skanestai-sunims-erienos-ir-menkes-kubeliai-100g\\\/#breadcrumb\",\"itemListElement\":[{\"@type\":\"ListItem\",\"position\":1,\"name\":\"Home\",\"item\":\"https:\\\/\\\/anivet.lt\\\/elparduotuve\\\/\"},{\"@type\":\"ListItem\",\"position\":2,\"name\":\"Produktai\",\"item\":\"https:\\\/\\\/anivet.lt\\\/elparduotuve\\\/produktai\\\/\"},{\"@type\":\"ListItem\",\"position\":3,\"name\":\"HAP skan\u0117stai \u0161unims \u0117rienos ir menk\u0117s kubeliai 100g\"}]},{\"@type\":\"WebSite\",\"@id\":\"https:\\\/\\\/anivet.lt\\\/elparduotuve\\\/#website\",\"url\":\"https:\\\/\\\/anivet.lt\\\/elparduotuve\\\/\",\"name\":\"anivet.lt\",\"description\":\"Viskas J\u016bs\u0173 \u0161uns, kat\u0117s prie\u017ei\u016brai\",\"publisher\":{\"@id\":\"https:\\\/\\\/anivet.lt\\\/elparduotuve\\\/#organization\"},\"alternateName\":\"Viskas J\u016bs\u0173 \u0161uns, kat\u0117s prie\u017ei\u016brai\",\"potentialAction\":[{\"@type\":\"SearchAction\",\"target\":{\"@type\":\"EntryPoint\",\"urlTemplate\":\"https:\\\/\\\/anivet.lt\\\/elparduotuve\\\/?s={search_term_string}\"},\"query-input\":{\"@type\":\"PropertyValueSpecification\",\"valueRequired\":true,\"valueName\":\"search_term_string\"}}],\"inLanguage\":\"lt-LT\"},{\"@type\":\"Organization\",\"@id\":\"https:\\\/\\\/anivet.lt\\\/elparduotuve\\\/#organization\",\"name\":\"Viskas J\u016bs\u0173 \u0161uns, kat\u0117s prie\u017ei\u016brai\",\"url\":\"https:\\\/\\\/anivet.lt\\\/elparduotuve\\\/\",\"logo\":{\"@type\":\"ImageObject\",\"inLanguage\":\"lt-LT\",\"@id\":\"https:\\\/\\\/anivet.lt\\\/elparduotuve\\\/#\\\/schema\\\/logo\\\/image\\\/\",\"url\":\"https:\\\/\\\/anivet.lt\\\/elparduotuve\\\/wp-content\\\/uploads\\\/2023\\\/06\\\/logo2.jpg\",\"contentUrl\":\"https:\\\/\\\/anivet.lt\\\/elparduotuve\\\/wp-content\\\/uploads\\\/2023\\\/06\\\/logo2.jpg\",\"width\":655,\"height\":194,\"caption\":\"Viskas J\u016bs\u0173 \u0161uns, kat\u0117s prie\u017ei\u016brai\"},\"image\":{\"@id\":\"https:\\\/\\\/anivet.lt\\\/elparduotuve\\\/#\\\/schema\\\/logo\\\/image\\\/\"}}]}<\/script>\n<!-- \/ Yoast SEO Premium plugin. -->","yoast_head_json":{"title":"HAP skan\u0117stai \u0161unims \u0117rienos ir menk\u0117s kubeliai 100g - anivet.lt","description":"HAP \u0117rienos ir menki\u0173 skan\u0117stai \u0161unims \u2013 puikus pasirinkimas apdovanoti augintin\u012f ar paskatinti j\u012f dres\u016bros metu.","robots":{"index":"index","follow":"follow","max-snippet":"max-snippet:-1","max-image-preview":"max-image-preview:large","max-video-preview":"max-video-preview:-1"},"canonical":"https:\/\/anivet.lt\/elparduotuve\/produktas\/hap-skanestai-sunims-erienos-ir-menkes-kubeliai-100g\/","og_locale":"lt_LT","og_type":"article","og_title":"HAP skan\u0117stai \u0161unims \u0117rienos ir menk\u0117s kubeliai 100g","og_description":"HAP \u0117rienos ir menki\u0173 skan\u0117stai \u0161unims \u2013 puikus pasirinkimas apdovanoti augintin\u012f ar paskatinti j\u012f dres\u016bros metu.","og_url":"https:\/\/anivet.lt\/elparduotuve\/produktas\/hap-skanestai-sunims-erienos-ir-menkes-kubeliai-100g\/","og_site_name":"anivet.lt","article_modified_time":"2026-05-04T15:19:45+00:00","og_image":[{"width":550,"height":550,"url":"https:\/\/anivet.lt\/elparduotuve\/wp-content\/uploads\/2026\/02\/HAP-skanestai-sunims-erienos-ir-menkes-kubeliai-100g.jpg","type":"image\/jpeg"}],"twitter_card":"summary_large_image","twitter_misc":{"Est. reading time":"1 minut\u0117"},"schema":{"@context":"https:\/\/schema.org","@graph":[{"@type":"WebPage","@id":"https:\/\/anivet.lt\/elparduotuve\/produktas\/hap-skanestai-sunims-erienos-ir-menkes-kubeliai-100g\/","url":"https:\/\/anivet.lt\/elparduotuve\/produktas\/hap-skanestai-sunims-erienos-ir-menkes-kubeliai-100g\/","name":"HAP skan\u0117stai \u0161unims \u0117rienos ir menk\u0117s kubeliai 100g - anivet.lt","isPartOf":{"@id":"https:\/\/anivet.lt\/elparduotuve\/#website"},"primaryImageOfPage":{"@id":"https:\/\/anivet.lt\/elparduotuve\/produktas\/hap-skanestai-sunims-erienos-ir-menkes-kubeliai-100g\/#primaryimage"},"image":{"@id":"https:\/\/anivet.lt\/elparduotuve\/produktas\/hap-skanestai-sunims-erienos-ir-menkes-kubeliai-100g\/#primaryimage"},"thumbnailUrl":"https:\/\/anivet.lt\/elparduotuve\/wp-content\/uploads\/2026\/02\/HAP-skanestai-sunims-erienos-ir-menkes-kubeliai-100g.jpg","datePublished":"2026-02-02T13:12:53+00:00","dateModified":"2026-05-04T15:19:45+00:00","description":"HAP \u0117rienos ir menki\u0173 skan\u0117stai \u0161unims \u2013 puikus pasirinkimas apdovanoti augintin\u012f ar paskatinti j\u012f dres\u016bros metu.","breadcrumb":{"@id":"https:\/\/anivet.lt\/elparduotuve\/produktas\/hap-skanestai-sunims-erienos-ir-menkes-kubeliai-100g\/#breadcrumb"},"inLanguage":"lt-LT","potentialAction":[{"@type":"ReadAction","target":["https:\/\/anivet.lt\/elparduotuve\/produktas\/hap-skanestai-sunims-erienos-ir-menkes-kubeliai-100g\/"]}]},{"@type":"ImageObject","inLanguage":"lt-LT","@id":"https:\/\/anivet.lt\/elparduotuve\/produktas\/hap-skanestai-sunims-erienos-ir-menkes-kubeliai-100g\/#primaryimage","url":"https:\/\/anivet.lt\/elparduotuve\/wp-content\/uploads\/2026\/02\/HAP-skanestai-sunims-erienos-ir-menkes-kubeliai-100g.jpg","contentUrl":"https:\/\/anivet.lt\/elparduotuve\/wp-content\/uploads\/2026\/02\/HAP-skanestai-sunims-erienos-ir-menkes-kubeliai-100g.jpg","width":550,"height":550},{"@type":"BreadcrumbList","@id":"https:\/\/anivet.lt\/elparduotuve\/produktas\/hap-skanestai-sunims-erienos-ir-menkes-kubeliai-100g\/#breadcrumb","itemListElement":[{"@type":"ListItem","position":1,"name":"Home","item":"https:\/\/anivet.lt\/elparduotuve\/"},{"@type":"ListItem","position":2,"name":"Produktai","item":"https:\/\/anivet.lt\/elparduotuve\/produktai\/"},{"@type":"ListItem","position":3,"name":"HAP skan\u0117stai \u0161unims \u0117rienos ir menk\u0117s kubeliai 100g"}]},{"@type":"WebSite","@id":"https:\/\/anivet.lt\/elparduotuve\/#website","url":"https:\/\/anivet.lt\/elparduotuve\/","name":"anivet.lt","description":"Viskas J\u016bs\u0173 \u0161uns, kat\u0117s prie\u017ei\u016brai","publisher":{"@id":"https:\/\/anivet.lt\/elparduotuve\/#organization"},"alternateName":"Viskas J\u016bs\u0173 \u0161uns, kat\u0117s prie\u017ei\u016brai","potentialAction":[{"@type":"SearchAction","target":{"@type":"EntryPoint","urlTemplate":"https:\/\/anivet.lt\/elparduotuve\/?s={search_term_string}"},"query-input":{"@type":"PropertyValueSpecification","valueRequired":true,"valueName":"search_term_string"}}],"inLanguage":"lt-LT"},{"@type":"Organization","@id":"https:\/\/anivet.lt\/elparduotuve\/#organization","name":"Viskas J\u016bs\u0173 \u0161uns, kat\u0117s prie\u017ei\u016brai","url":"https:\/\/anivet.lt\/elparduotuve\/","logo":{"@type":"ImageObject","inLanguage":"lt-LT","@id":"https:\/\/anivet.lt\/elparduotuve\/#\/schema\/logo\/image\/","url":"https:\/\/anivet.lt\/elparduotuve\/wp-content\/uploads\/2023\/06\/logo2.jpg","contentUrl":"https:\/\/anivet.lt\/elparduotuve\/wp-content\/uploads\/2023\/06\/logo2.jpg","width":655,"height":194,"caption":"Viskas J\u016bs\u0173 \u0161uns, kat\u0117s prie\u017ei\u016brai"},"image":{"@id":"https:\/\/anivet.lt\/elparduotuve\/#\/schema\/logo\/image\/"}}]}},"_links":{"self":[{"href":"https:\/\/anivet.lt\/elparduotuve\/wp-json\/wp\/v2\/product\/19998","targetHints":{"allow":["GET"]}}],"collection":[{"href":"https:\/\/anivet.lt\/elparduotuve\/wp-json\/wp\/v2\/product"}],"about":[{"href":"https:\/\/anivet.lt\/elparduotuve\/wp-json\/wp\/v2\/types\/product"}],"wp:featuredmedia":[{"embeddable":true,"href":"https:\/\/anivet.lt\/elparduotuve\/wp-json\/wp\/v2\/media\/19999"}],"wp:attachment":[{"href":"https:\/\/anivet.lt\/elparduotuve\/wp-json\/wp\/v2\/media?parent=19998"}],"wp:term":[{"taxonomy":"product_brand","embeddable":true,"href":"https:\/\/anivet.lt\/elparduotuve\/wp-json\/wp\/v2\/product_brand?post=19998"},{"taxonomy":"product_cat","embeddable":true,"href":"https:\/\/anivet.lt\/elparduotuve\/wp-json\/wp\/v2\/product_cat?post=19998"},{"taxonomy":"product_tag","embeddable":true,"href":"https:\/\/anivet.lt\/elparduotuve\/wp-json\/wp\/v2\/product_tag?post=19998"}],"curies":[{"name":"wp","href":"https:\/\/api.w.org\/{rel}","templated":true}]}}