{"id":20075,"date":"2026-02-04T14:34:30","date_gmt":"2026-02-04T14:34:30","guid":{"rendered":"https:\/\/anivet.lt\/elparduotuve\/?post_type=product&#038;p=20075"},"modified":"2026-04-01T19:58:08","modified_gmt":"2026-04-01T19:58:08","slug":"truly-skanestai-katems-tuno-lazdeles-50g","status":"publish","type":"product","link":"https:\/\/anivet.lt\/elparduotuve\/produktas\/truly-skanestai-katems-tuno-lazdeles-50g\/","title":{"rendered":"Truly skan\u0117stai kat\u0117ms tuno lazdel\u0117s 50g"},"content":{"rendered":"<ul>\n<li>Ma\u017eo riebumo, tinkami sveikam kasdieniam palepinimui.<\/li>\n<li>Sud\u0117tyje esantis taurinas palaiko \u0161irdies, kraujotakos ir reg\u0117jimo funkcijas.<\/li>\n<li>Lengvai vir\u0161kinami, nesukelia alergini\u0173 reakcij\u0173.<\/li>\n<li>Be dirbtini\u0173 da\u017eikli\u0173 ir konservant\u0173.<\/li>\n<\/ul>\n","protected":false},"excerpt":{"rendered":"<p>Truly ka\u010di\u0173 skan\u0117stai su tunu, praturtinti taurinu, kuris padeda palaikyti ger\u0105 \u0161irdies veikl\u0105, kraujotak\u0105 ir reg\u0117jim\u0105.<\/p>\n<p>Pagaminti i\u0161 kruop\u0161\u010diai atrinkt\u0173 nat\u016brali\u0173 ingredient\u0173, tod\u0117l yra lengvai vir\u0161kinami ir tinkami net jautrioms kat\u0117ms.<\/p>\n","protected":false},"featured_media":20076,"template":"","meta":[],"product_brand":[],"product_cat":[114,102,117],"product_tag":[],"class_list":{"0":"post-20075","1":"product","2":"type-product","3":"status-publish","4":"has-post-thumbnail","6":"product_cat-kaciu-maistas","7":"product_cat-katems","8":"product_cat-skanestai-katems","9":"pa_prekinis-zenklas-truly","11":"first","12":"instock","13":"sale","14":"taxable","15":"shipping-taxable","16":"purchasable","17":"product-type-simple"},"yoast_head":"<!-- This site is optimized with the Yoast SEO Premium plugin v27.1 (Yoast SEO v27.5) - https:\/\/yoast.com\/product\/yoast-seo-premium-wordpress\/ -->\n<title>Truly skan\u0117stai kat\u0117ms tuno lazdel\u0117s 50g - anivet.lt<\/title>\n<meta name=\"description\" content=\"Truly ka\u010di\u0173 skan\u0117stai su tunu, praturtinti taurinu, kuris padeda palaikyti ger\u0105 \u0161irdies veikl\u0105, kraujotak\u0105 ir reg\u0117jim\u0105.  Pagaminti i\u0161 kruop\u0161\u010diai atrinkt\u0173 nat\u016brali\u0173 ingredient\u0173, tod\u0117l yra lengvai vir\u0161kinami ir tinkami net jautrioms kat\u0117ms.\" \/>\n<meta name=\"robots\" content=\"index, follow, max-snippet:-1, max-image-preview:large, max-video-preview:-1\" \/>\n<link rel=\"canonical\" href=\"https:\/\/anivet.lt\/elparduotuve\/produktas\/truly-skanestai-katems-tuno-lazdeles-50g\/\" \/>\n<meta property=\"og:locale\" content=\"lt_LT\" \/>\n<meta property=\"og:type\" content=\"article\" \/>\n<meta property=\"og:title\" content=\"Truly skan\u0117stai kat\u0117ms tuno lazdel\u0117s 50g\" \/>\n<meta property=\"og:description\" content=\"Truly ka\u010di\u0173 skan\u0117stai su tunu, praturtinti taurinu, kuris padeda palaikyti ger\u0105 \u0161irdies veikl\u0105, kraujotak\u0105 ir reg\u0117jim\u0105.  Pagaminti i\u0161 kruop\u0161\u010diai atrinkt\u0173 nat\u016brali\u0173 ingredient\u0173, tod\u0117l yra lengvai vir\u0161kinami ir tinkami net jautrioms kat\u0117ms.\" \/>\n<meta property=\"og:url\" content=\"https:\/\/anivet.lt\/elparduotuve\/produktas\/truly-skanestai-katems-tuno-lazdeles-50g\/\" \/>\n<meta property=\"og:site_name\" content=\"anivet.lt\" \/>\n<meta property=\"article:modified_time\" content=\"2026-04-01T19:58:08+00:00\" \/>\n<meta property=\"og:image\" content=\"https:\/\/anivet.lt\/elparduotuve\/wp-content\/uploads\/2026\/02\/Truly-skanestai-katems-tuno-lazdeles-50g.jpg\" \/>\n\t<meta property=\"og:image:width\" content=\"550\" \/>\n\t<meta property=\"og:image:height\" content=\"550\" \/>\n\t<meta property=\"og:image:type\" content=\"image\/jpeg\" \/>\n<meta name=\"twitter:card\" content=\"summary_large_image\" \/>\n<meta name=\"twitter:label1\" content=\"Est. reading time\" \/>\n\t<meta name=\"twitter:data1\" content=\"1 minut\u0117\" \/>\n<script type=\"application\/ld+json\" class=\"yoast-schema-graph\">{\"@context\":\"https:\\\/\\\/schema.org\",\"@graph\":[{\"@type\":\"WebPage\",\"@id\":\"https:\\\/\\\/anivet.lt\\\/elparduotuve\\\/produktas\\\/truly-skanestai-katems-tuno-lazdeles-50g\\\/\",\"url\":\"https:\\\/\\\/anivet.lt\\\/elparduotuve\\\/produktas\\\/truly-skanestai-katems-tuno-lazdeles-50g\\\/\",\"name\":\"Truly skan\u0117stai kat\u0117ms tuno lazdel\u0117s 50g - anivet.lt\",\"isPartOf\":{\"@id\":\"https:\\\/\\\/anivet.lt\\\/elparduotuve\\\/#website\"},\"primaryImageOfPage\":{\"@id\":\"https:\\\/\\\/anivet.lt\\\/elparduotuve\\\/produktas\\\/truly-skanestai-katems-tuno-lazdeles-50g\\\/#primaryimage\"},\"image\":{\"@id\":\"https:\\\/\\\/anivet.lt\\\/elparduotuve\\\/produktas\\\/truly-skanestai-katems-tuno-lazdeles-50g\\\/#primaryimage\"},\"thumbnailUrl\":\"https:\\\/\\\/anivet.lt\\\/elparduotuve\\\/wp-content\\\/uploads\\\/2026\\\/02\\\/Truly-skanestai-katems-tuno-lazdeles-50g.jpg\",\"datePublished\":\"2026-02-04T14:34:30+00:00\",\"dateModified\":\"2026-04-01T19:58:08+00:00\",\"description\":\"Truly ka\u010di\u0173 skan\u0117stai su tunu, praturtinti taurinu, kuris padeda palaikyti ger\u0105 \u0161irdies veikl\u0105, kraujotak\u0105 ir reg\u0117jim\u0105. Pagaminti i\u0161 kruop\u0161\u010diai atrinkt\u0173 nat\u016brali\u0173 ingredient\u0173, tod\u0117l yra lengvai vir\u0161kinami ir tinkami net jautrioms kat\u0117ms.\",\"breadcrumb\":{\"@id\":\"https:\\\/\\\/anivet.lt\\\/elparduotuve\\\/produktas\\\/truly-skanestai-katems-tuno-lazdeles-50g\\\/#breadcrumb\"},\"inLanguage\":\"lt-LT\",\"potentialAction\":[{\"@type\":\"ReadAction\",\"target\":[\"https:\\\/\\\/anivet.lt\\\/elparduotuve\\\/produktas\\\/truly-skanestai-katems-tuno-lazdeles-50g\\\/\"]}]},{\"@type\":\"ImageObject\",\"inLanguage\":\"lt-LT\",\"@id\":\"https:\\\/\\\/anivet.lt\\\/elparduotuve\\\/produktas\\\/truly-skanestai-katems-tuno-lazdeles-50g\\\/#primaryimage\",\"url\":\"https:\\\/\\\/anivet.lt\\\/elparduotuve\\\/wp-content\\\/uploads\\\/2026\\\/02\\\/Truly-skanestai-katems-tuno-lazdeles-50g.jpg\",\"contentUrl\":\"https:\\\/\\\/anivet.lt\\\/elparduotuve\\\/wp-content\\\/uploads\\\/2026\\\/02\\\/Truly-skanestai-katems-tuno-lazdeles-50g.jpg\",\"width\":550,\"height\":550},{\"@type\":\"BreadcrumbList\",\"@id\":\"https:\\\/\\\/anivet.lt\\\/elparduotuve\\\/produktas\\\/truly-skanestai-katems-tuno-lazdeles-50g\\\/#breadcrumb\",\"itemListElement\":[{\"@type\":\"ListItem\",\"position\":1,\"name\":\"Home\",\"item\":\"https:\\\/\\\/anivet.lt\\\/elparduotuve\\\/\"},{\"@type\":\"ListItem\",\"position\":2,\"name\":\"Produktai\",\"item\":\"https:\\\/\\\/anivet.lt\\\/elparduotuve\\\/produktai\\\/\"},{\"@type\":\"ListItem\",\"position\":3,\"name\":\"Truly skan\u0117stai kat\u0117ms tuno lazdel\u0117s 50g\"}]},{\"@type\":\"WebSite\",\"@id\":\"https:\\\/\\\/anivet.lt\\\/elparduotuve\\\/#website\",\"url\":\"https:\\\/\\\/anivet.lt\\\/elparduotuve\\\/\",\"name\":\"anivet.lt\",\"description\":\"Viskas J\u016bs\u0173 \u0161uns, kat\u0117s prie\u017ei\u016brai\",\"publisher\":{\"@id\":\"https:\\\/\\\/anivet.lt\\\/elparduotuve\\\/#organization\"},\"alternateName\":\"Viskas J\u016bs\u0173 \u0161uns, kat\u0117s prie\u017ei\u016brai\",\"potentialAction\":[{\"@type\":\"SearchAction\",\"target\":{\"@type\":\"EntryPoint\",\"urlTemplate\":\"https:\\\/\\\/anivet.lt\\\/elparduotuve\\\/?s={search_term_string}\"},\"query-input\":{\"@type\":\"PropertyValueSpecification\",\"valueRequired\":true,\"valueName\":\"search_term_string\"}}],\"inLanguage\":\"lt-LT\"},{\"@type\":\"Organization\",\"@id\":\"https:\\\/\\\/anivet.lt\\\/elparduotuve\\\/#organization\",\"name\":\"Viskas J\u016bs\u0173 \u0161uns, kat\u0117s prie\u017ei\u016brai\",\"url\":\"https:\\\/\\\/anivet.lt\\\/elparduotuve\\\/\",\"logo\":{\"@type\":\"ImageObject\",\"inLanguage\":\"lt-LT\",\"@id\":\"https:\\\/\\\/anivet.lt\\\/elparduotuve\\\/#\\\/schema\\\/logo\\\/image\\\/\",\"url\":\"https:\\\/\\\/anivet.lt\\\/elparduotuve\\\/wp-content\\\/uploads\\\/2023\\\/06\\\/logo2.jpg\",\"contentUrl\":\"https:\\\/\\\/anivet.lt\\\/elparduotuve\\\/wp-content\\\/uploads\\\/2023\\\/06\\\/logo2.jpg\",\"width\":655,\"height\":194,\"caption\":\"Viskas J\u016bs\u0173 \u0161uns, kat\u0117s prie\u017ei\u016brai\"},\"image\":{\"@id\":\"https:\\\/\\\/anivet.lt\\\/elparduotuve\\\/#\\\/schema\\\/logo\\\/image\\\/\"}}]}<\/script>\n<!-- \/ Yoast SEO Premium plugin. -->","yoast_head_json":{"title":"Truly skan\u0117stai kat\u0117ms tuno lazdel\u0117s 50g - anivet.lt","description":"Truly ka\u010di\u0173 skan\u0117stai su tunu, praturtinti taurinu, kuris padeda palaikyti ger\u0105 \u0161irdies veikl\u0105, kraujotak\u0105 ir reg\u0117jim\u0105.  Pagaminti i\u0161 kruop\u0161\u010diai atrinkt\u0173 nat\u016brali\u0173 ingredient\u0173, tod\u0117l yra lengvai vir\u0161kinami ir tinkami net jautrioms kat\u0117ms.","robots":{"index":"index","follow":"follow","max-snippet":"max-snippet:-1","max-image-preview":"max-image-preview:large","max-video-preview":"max-video-preview:-1"},"canonical":"https:\/\/anivet.lt\/elparduotuve\/produktas\/truly-skanestai-katems-tuno-lazdeles-50g\/","og_locale":"lt_LT","og_type":"article","og_title":"Truly skan\u0117stai kat\u0117ms tuno lazdel\u0117s 50g","og_description":"Truly ka\u010di\u0173 skan\u0117stai su tunu, praturtinti taurinu, kuris padeda palaikyti ger\u0105 \u0161irdies veikl\u0105, kraujotak\u0105 ir reg\u0117jim\u0105.  Pagaminti i\u0161 kruop\u0161\u010diai atrinkt\u0173 nat\u016brali\u0173 ingredient\u0173, tod\u0117l yra lengvai vir\u0161kinami ir tinkami net jautrioms kat\u0117ms.","og_url":"https:\/\/anivet.lt\/elparduotuve\/produktas\/truly-skanestai-katems-tuno-lazdeles-50g\/","og_site_name":"anivet.lt","article_modified_time":"2026-04-01T19:58:08+00:00","og_image":[{"width":550,"height":550,"url":"https:\/\/anivet.lt\/elparduotuve\/wp-content\/uploads\/2026\/02\/Truly-skanestai-katems-tuno-lazdeles-50g.jpg","type":"image\/jpeg"}],"twitter_card":"summary_large_image","twitter_misc":{"Est. reading time":"1 minut\u0117"},"schema":{"@context":"https:\/\/schema.org","@graph":[{"@type":"WebPage","@id":"https:\/\/anivet.lt\/elparduotuve\/produktas\/truly-skanestai-katems-tuno-lazdeles-50g\/","url":"https:\/\/anivet.lt\/elparduotuve\/produktas\/truly-skanestai-katems-tuno-lazdeles-50g\/","name":"Truly skan\u0117stai kat\u0117ms tuno lazdel\u0117s 50g - anivet.lt","isPartOf":{"@id":"https:\/\/anivet.lt\/elparduotuve\/#website"},"primaryImageOfPage":{"@id":"https:\/\/anivet.lt\/elparduotuve\/produktas\/truly-skanestai-katems-tuno-lazdeles-50g\/#primaryimage"},"image":{"@id":"https:\/\/anivet.lt\/elparduotuve\/produktas\/truly-skanestai-katems-tuno-lazdeles-50g\/#primaryimage"},"thumbnailUrl":"https:\/\/anivet.lt\/elparduotuve\/wp-content\/uploads\/2026\/02\/Truly-skanestai-katems-tuno-lazdeles-50g.jpg","datePublished":"2026-02-04T14:34:30+00:00","dateModified":"2026-04-01T19:58:08+00:00","description":"Truly ka\u010di\u0173 skan\u0117stai su tunu, praturtinti taurinu, kuris padeda palaikyti ger\u0105 \u0161irdies veikl\u0105, kraujotak\u0105 ir reg\u0117jim\u0105. Pagaminti i\u0161 kruop\u0161\u010diai atrinkt\u0173 nat\u016brali\u0173 ingredient\u0173, tod\u0117l yra lengvai vir\u0161kinami ir tinkami net jautrioms kat\u0117ms.","breadcrumb":{"@id":"https:\/\/anivet.lt\/elparduotuve\/produktas\/truly-skanestai-katems-tuno-lazdeles-50g\/#breadcrumb"},"inLanguage":"lt-LT","potentialAction":[{"@type":"ReadAction","target":["https:\/\/anivet.lt\/elparduotuve\/produktas\/truly-skanestai-katems-tuno-lazdeles-50g\/"]}]},{"@type":"ImageObject","inLanguage":"lt-LT","@id":"https:\/\/anivet.lt\/elparduotuve\/produktas\/truly-skanestai-katems-tuno-lazdeles-50g\/#primaryimage","url":"https:\/\/anivet.lt\/elparduotuve\/wp-content\/uploads\/2026\/02\/Truly-skanestai-katems-tuno-lazdeles-50g.jpg","contentUrl":"https:\/\/anivet.lt\/elparduotuve\/wp-content\/uploads\/2026\/02\/Truly-skanestai-katems-tuno-lazdeles-50g.jpg","width":550,"height":550},{"@type":"BreadcrumbList","@id":"https:\/\/anivet.lt\/elparduotuve\/produktas\/truly-skanestai-katems-tuno-lazdeles-50g\/#breadcrumb","itemListElement":[{"@type":"ListItem","position":1,"name":"Home","item":"https:\/\/anivet.lt\/elparduotuve\/"},{"@type":"ListItem","position":2,"name":"Produktai","item":"https:\/\/anivet.lt\/elparduotuve\/produktai\/"},{"@type":"ListItem","position":3,"name":"Truly skan\u0117stai kat\u0117ms tuno lazdel\u0117s 50g"}]},{"@type":"WebSite","@id":"https:\/\/anivet.lt\/elparduotuve\/#website","url":"https:\/\/anivet.lt\/elparduotuve\/","name":"anivet.lt","description":"Viskas J\u016bs\u0173 \u0161uns, kat\u0117s prie\u017ei\u016brai","publisher":{"@id":"https:\/\/anivet.lt\/elparduotuve\/#organization"},"alternateName":"Viskas J\u016bs\u0173 \u0161uns, kat\u0117s prie\u017ei\u016brai","potentialAction":[{"@type":"SearchAction","target":{"@type":"EntryPoint","urlTemplate":"https:\/\/anivet.lt\/elparduotuve\/?s={search_term_string}"},"query-input":{"@type":"PropertyValueSpecification","valueRequired":true,"valueName":"search_term_string"}}],"inLanguage":"lt-LT"},{"@type":"Organization","@id":"https:\/\/anivet.lt\/elparduotuve\/#organization","name":"Viskas J\u016bs\u0173 \u0161uns, kat\u0117s prie\u017ei\u016brai","url":"https:\/\/anivet.lt\/elparduotuve\/","logo":{"@type":"ImageObject","inLanguage":"lt-LT","@id":"https:\/\/anivet.lt\/elparduotuve\/#\/schema\/logo\/image\/","url":"https:\/\/anivet.lt\/elparduotuve\/wp-content\/uploads\/2023\/06\/logo2.jpg","contentUrl":"https:\/\/anivet.lt\/elparduotuve\/wp-content\/uploads\/2023\/06\/logo2.jpg","width":655,"height":194,"caption":"Viskas J\u016bs\u0173 \u0161uns, kat\u0117s prie\u017ei\u016brai"},"image":{"@id":"https:\/\/anivet.lt\/elparduotuve\/#\/schema\/logo\/image\/"}}]}},"_links":{"self":[{"href":"https:\/\/anivet.lt\/elparduotuve\/wp-json\/wp\/v2\/product\/20075","targetHints":{"allow":["GET"]}}],"collection":[{"href":"https:\/\/anivet.lt\/elparduotuve\/wp-json\/wp\/v2\/product"}],"about":[{"href":"https:\/\/anivet.lt\/elparduotuve\/wp-json\/wp\/v2\/types\/product"}],"wp:featuredmedia":[{"embeddable":true,"href":"https:\/\/anivet.lt\/elparduotuve\/wp-json\/wp\/v2\/media\/20076"}],"wp:attachment":[{"href":"https:\/\/anivet.lt\/elparduotuve\/wp-json\/wp\/v2\/media?parent=20075"}],"wp:term":[{"taxonomy":"product_brand","embeddable":true,"href":"https:\/\/anivet.lt\/elparduotuve\/wp-json\/wp\/v2\/product_brand?post=20075"},{"taxonomy":"product_cat","embeddable":true,"href":"https:\/\/anivet.lt\/elparduotuve\/wp-json\/wp\/v2\/product_cat?post=20075"},{"taxonomy":"product_tag","embeddable":true,"href":"https:\/\/anivet.lt\/elparduotuve\/wp-json\/wp\/v2\/product_tag?post=20075"}],"curies":[{"name":"wp","href":"https:\/\/api.w.org\/{rel}","templated":true}]}}