{"id":20129,"date":"2026-02-06T10:24:33","date_gmt":"2026-02-06T10:24:33","guid":{"rendered":"https:\/\/anivet.lt\/elparduotuve\/?post_type=product&#038;p=20129"},"modified":"2026-02-06T10:24:34","modified_gmt":"2026-02-06T10:24:34","slug":"bazyl-ag-compact-bentonitinis-kraikas-katems-10l","status":"publish","type":"product","link":"https:\/\/anivet.lt\/elparduotuve\/produktas\/bazyl-ag-compact-bentonitinis-kraikas-katems-10l\/","title":{"rendered":"Bazyl Ag+ Compact bentonitinis kraikas kat\u0117ms 10L"},"content":{"rendered":"<ul>\n<li>Kraikas efektyviai sugeria dr\u0117gm\u0119 ir nemalonius kvapus bei padedantis naikinti bakterijas.<\/li>\n<li>Kraikas tinka kat\u0117ms ir smulkiems naminiams grau\u017eikams. Pagamintas i\u0161 100 % nat\u016bralaus bentonito, jis greitai su\u0161oka \u012f tvirtus gumul\u0117lius, kuriuos paprasta pa\u0161alinti.<\/li>\n<li>Nanosidabras aktyviai neutralizuoja bakterijas, mikroorganizmus, grybel\u012f ir virusus, tod\u0117l kraikas yra itin higieni\u0161kas.<\/li>\n<li>Bekvapis, saugus naudoti ir tinkamas alergi\u0161kiems \u017emon\u0117ms.<\/li>\n<\/ul>\n","protected":false},"excerpt":{"rendered":"<p>Bazyl Ag Compact \u2013 tai pa\u017eangus bentonitinis kraikas kat\u0117ms, praturtintas nat\u016braliu antibakteriniu priedu \u2013 nanosidabru, kuris pasi\u017eymi antiseptiniu poveikiu ir padeda palaikyti auk\u0161t\u0105 higienos lyg\u012f.<\/p>\n","protected":false},"featured_media":20130,"template":"","meta":[],"product_brand":[],"product_cat":[102,119,228],"product_tag":[],"class_list":{"0":"post-20129","1":"product","2":"type-product","3":"status-publish","4":"has-post-thumbnail","6":"product_cat-katems","7":"product_cat-prieziuros-priemones-katems","8":"product_cat-kraikas","9":"pa_prekinis-zenklas-bazyl","11":"first","12":"instock","13":"taxable","14":"shipping-taxable","15":"purchasable","16":"product-type-simple"},"yoast_head":"<!-- This site is optimized with the Yoast SEO Premium plugin v27.1 (Yoast SEO v27.5) - https:\/\/yoast.com\/product\/yoast-seo-premium-wordpress\/ -->\n<title>Bazyl Ag+ Compact bentonitinis kraikas kat\u0117ms 10L - anivet.lt<\/title>\n<meta name=\"description\" content=\"Bazyl Ag Compact \u2013 tai pa\u017eangus bentonitinis kraikas kat\u0117ms, praturtintas nat\u016braliu antibakteriniu priedu \u2013 nanosidabru, kuris pasi\u017eymi antiseptiniu poveikiu ir padeda palaikyti auk\u0161t\u0105 higienos lyg\u012f.\" \/>\n<meta name=\"robots\" content=\"index, follow, max-snippet:-1, max-image-preview:large, max-video-preview:-1\" \/>\n<link rel=\"canonical\" href=\"https:\/\/anivet.lt\/elparduotuve\/produktas\/bazyl-ag-compact-bentonitinis-kraikas-katems-10l\/\" \/>\n<meta property=\"og:locale\" content=\"lt_LT\" \/>\n<meta property=\"og:type\" content=\"article\" \/>\n<meta property=\"og:title\" content=\"Bazyl Ag+ Compact bentonitinis kraikas kat\u0117ms 10L\" \/>\n<meta property=\"og:description\" content=\"Bazyl Ag Compact \u2013 tai pa\u017eangus bentonitinis kraikas kat\u0117ms, praturtintas nat\u016braliu antibakteriniu priedu \u2013 nanosidabru, kuris pasi\u017eymi antiseptiniu poveikiu ir padeda palaikyti auk\u0161t\u0105 higienos lyg\u012f.\" \/>\n<meta property=\"og:url\" content=\"https:\/\/anivet.lt\/elparduotuve\/produktas\/bazyl-ag-compact-bentonitinis-kraikas-katems-10l\/\" \/>\n<meta property=\"og:site_name\" content=\"anivet.lt\" \/>\n<meta property=\"article:modified_time\" content=\"2026-02-06T10:24:34+00:00\" \/>\n<meta property=\"og:image\" content=\"https:\/\/anivet.lt\/elparduotuve\/wp-content\/uploads\/2026\/02\/Bazyl-Ag-Compact-bentonitinis-kraikas-katems-10L.jpg\" \/>\n\t<meta property=\"og:image:width\" content=\"600\" \/>\n\t<meta property=\"og:image:height\" content=\"600\" \/>\n\t<meta property=\"og:image:type\" content=\"image\/jpeg\" \/>\n<meta name=\"twitter:card\" content=\"summary_large_image\" \/>\n<meta name=\"twitter:label1\" content=\"Est. reading time\" \/>\n\t<meta name=\"twitter:data1\" content=\"1 minut\u0117\" \/>\n<script type=\"application\/ld+json\" class=\"yoast-schema-graph\">{\"@context\":\"https:\\\/\\\/schema.org\",\"@graph\":[{\"@type\":\"WebPage\",\"@id\":\"https:\\\/\\\/anivet.lt\\\/elparduotuve\\\/produktas\\\/bazyl-ag-compact-bentonitinis-kraikas-katems-10l\\\/\",\"url\":\"https:\\\/\\\/anivet.lt\\\/elparduotuve\\\/produktas\\\/bazyl-ag-compact-bentonitinis-kraikas-katems-10l\\\/\",\"name\":\"Bazyl Ag+ Compact bentonitinis kraikas kat\u0117ms 10L - anivet.lt\",\"isPartOf\":{\"@id\":\"https:\\\/\\\/anivet.lt\\\/elparduotuve\\\/#website\"},\"primaryImageOfPage\":{\"@id\":\"https:\\\/\\\/anivet.lt\\\/elparduotuve\\\/produktas\\\/bazyl-ag-compact-bentonitinis-kraikas-katems-10l\\\/#primaryimage\"},\"image\":{\"@id\":\"https:\\\/\\\/anivet.lt\\\/elparduotuve\\\/produktas\\\/bazyl-ag-compact-bentonitinis-kraikas-katems-10l\\\/#primaryimage\"},\"thumbnailUrl\":\"https:\\\/\\\/anivet.lt\\\/elparduotuve\\\/wp-content\\\/uploads\\\/2026\\\/02\\\/Bazyl-Ag-Compact-bentonitinis-kraikas-katems-10L.jpg\",\"datePublished\":\"2026-02-06T10:24:33+00:00\",\"dateModified\":\"2026-02-06T10:24:34+00:00\",\"description\":\"Bazyl Ag Compact \u2013 tai pa\u017eangus bentonitinis kraikas kat\u0117ms, praturtintas nat\u016braliu antibakteriniu priedu \u2013 nanosidabru, kuris pasi\u017eymi antiseptiniu poveikiu ir padeda palaikyti auk\u0161t\u0105 higienos lyg\u012f.\",\"breadcrumb\":{\"@id\":\"https:\\\/\\\/anivet.lt\\\/elparduotuve\\\/produktas\\\/bazyl-ag-compact-bentonitinis-kraikas-katems-10l\\\/#breadcrumb\"},\"inLanguage\":\"lt-LT\",\"potentialAction\":[{\"@type\":\"ReadAction\",\"target\":[\"https:\\\/\\\/anivet.lt\\\/elparduotuve\\\/produktas\\\/bazyl-ag-compact-bentonitinis-kraikas-katems-10l\\\/\"]}]},{\"@type\":\"ImageObject\",\"inLanguage\":\"lt-LT\",\"@id\":\"https:\\\/\\\/anivet.lt\\\/elparduotuve\\\/produktas\\\/bazyl-ag-compact-bentonitinis-kraikas-katems-10l\\\/#primaryimage\",\"url\":\"https:\\\/\\\/anivet.lt\\\/elparduotuve\\\/wp-content\\\/uploads\\\/2026\\\/02\\\/Bazyl-Ag-Compact-bentonitinis-kraikas-katems-10L.jpg\",\"contentUrl\":\"https:\\\/\\\/anivet.lt\\\/elparduotuve\\\/wp-content\\\/uploads\\\/2026\\\/02\\\/Bazyl-Ag-Compact-bentonitinis-kraikas-katems-10L.jpg\",\"width\":600,\"height\":600,\"caption\":\"Bazyl Ag+ Compact bentonitinis kraikas kat\u0117ms 10L\"},{\"@type\":\"BreadcrumbList\",\"@id\":\"https:\\\/\\\/anivet.lt\\\/elparduotuve\\\/produktas\\\/bazyl-ag-compact-bentonitinis-kraikas-katems-10l\\\/#breadcrumb\",\"itemListElement\":[{\"@type\":\"ListItem\",\"position\":1,\"name\":\"Home\",\"item\":\"https:\\\/\\\/anivet.lt\\\/elparduotuve\\\/\"},{\"@type\":\"ListItem\",\"position\":2,\"name\":\"Produktai\",\"item\":\"https:\\\/\\\/anivet.lt\\\/elparduotuve\\\/produktai\\\/\"},{\"@type\":\"ListItem\",\"position\":3,\"name\":\"Bazyl Ag+ Compact bentonitinis kraikas kat\u0117ms 10L\"}]},{\"@type\":\"WebSite\",\"@id\":\"https:\\\/\\\/anivet.lt\\\/elparduotuve\\\/#website\",\"url\":\"https:\\\/\\\/anivet.lt\\\/elparduotuve\\\/\",\"name\":\"anivet.lt\",\"description\":\"Viskas J\u016bs\u0173 \u0161uns, kat\u0117s prie\u017ei\u016brai\",\"publisher\":{\"@id\":\"https:\\\/\\\/anivet.lt\\\/elparduotuve\\\/#organization\"},\"alternateName\":\"Viskas J\u016bs\u0173 \u0161uns, kat\u0117s prie\u017ei\u016brai\",\"potentialAction\":[{\"@type\":\"SearchAction\",\"target\":{\"@type\":\"EntryPoint\",\"urlTemplate\":\"https:\\\/\\\/anivet.lt\\\/elparduotuve\\\/?s={search_term_string}\"},\"query-input\":{\"@type\":\"PropertyValueSpecification\",\"valueRequired\":true,\"valueName\":\"search_term_string\"}}],\"inLanguage\":\"lt-LT\"},{\"@type\":\"Organization\",\"@id\":\"https:\\\/\\\/anivet.lt\\\/elparduotuve\\\/#organization\",\"name\":\"Viskas J\u016bs\u0173 \u0161uns, kat\u0117s prie\u017ei\u016brai\",\"url\":\"https:\\\/\\\/anivet.lt\\\/elparduotuve\\\/\",\"logo\":{\"@type\":\"ImageObject\",\"inLanguage\":\"lt-LT\",\"@id\":\"https:\\\/\\\/anivet.lt\\\/elparduotuve\\\/#\\\/schema\\\/logo\\\/image\\\/\",\"url\":\"https:\\\/\\\/anivet.lt\\\/elparduotuve\\\/wp-content\\\/uploads\\\/2023\\\/06\\\/logo2.jpg\",\"contentUrl\":\"https:\\\/\\\/anivet.lt\\\/elparduotuve\\\/wp-content\\\/uploads\\\/2023\\\/06\\\/logo2.jpg\",\"width\":655,\"height\":194,\"caption\":\"Viskas J\u016bs\u0173 \u0161uns, kat\u0117s prie\u017ei\u016brai\"},\"image\":{\"@id\":\"https:\\\/\\\/anivet.lt\\\/elparduotuve\\\/#\\\/schema\\\/logo\\\/image\\\/\"}}]}<\/script>\n<!-- \/ Yoast SEO Premium plugin. -->","yoast_head_json":{"title":"Bazyl Ag+ Compact bentonitinis kraikas kat\u0117ms 10L - anivet.lt","description":"Bazyl Ag Compact \u2013 tai pa\u017eangus bentonitinis kraikas kat\u0117ms, praturtintas nat\u016braliu antibakteriniu priedu \u2013 nanosidabru, kuris pasi\u017eymi antiseptiniu poveikiu ir padeda palaikyti auk\u0161t\u0105 higienos lyg\u012f.","robots":{"index":"index","follow":"follow","max-snippet":"max-snippet:-1","max-image-preview":"max-image-preview:large","max-video-preview":"max-video-preview:-1"},"canonical":"https:\/\/anivet.lt\/elparduotuve\/produktas\/bazyl-ag-compact-bentonitinis-kraikas-katems-10l\/","og_locale":"lt_LT","og_type":"article","og_title":"Bazyl Ag+ Compact bentonitinis kraikas kat\u0117ms 10L","og_description":"Bazyl Ag Compact \u2013 tai pa\u017eangus bentonitinis kraikas kat\u0117ms, praturtintas nat\u016braliu antibakteriniu priedu \u2013 nanosidabru, kuris pasi\u017eymi antiseptiniu poveikiu ir padeda palaikyti auk\u0161t\u0105 higienos lyg\u012f.","og_url":"https:\/\/anivet.lt\/elparduotuve\/produktas\/bazyl-ag-compact-bentonitinis-kraikas-katems-10l\/","og_site_name":"anivet.lt","article_modified_time":"2026-02-06T10:24:34+00:00","og_image":[{"width":600,"height":600,"url":"https:\/\/anivet.lt\/elparduotuve\/wp-content\/uploads\/2026\/02\/Bazyl-Ag-Compact-bentonitinis-kraikas-katems-10L.jpg","type":"image\/jpeg"}],"twitter_card":"summary_large_image","twitter_misc":{"Est. reading time":"1 minut\u0117"},"schema":{"@context":"https:\/\/schema.org","@graph":[{"@type":"WebPage","@id":"https:\/\/anivet.lt\/elparduotuve\/produktas\/bazyl-ag-compact-bentonitinis-kraikas-katems-10l\/","url":"https:\/\/anivet.lt\/elparduotuve\/produktas\/bazyl-ag-compact-bentonitinis-kraikas-katems-10l\/","name":"Bazyl Ag+ Compact bentonitinis kraikas kat\u0117ms 10L - anivet.lt","isPartOf":{"@id":"https:\/\/anivet.lt\/elparduotuve\/#website"},"primaryImageOfPage":{"@id":"https:\/\/anivet.lt\/elparduotuve\/produktas\/bazyl-ag-compact-bentonitinis-kraikas-katems-10l\/#primaryimage"},"image":{"@id":"https:\/\/anivet.lt\/elparduotuve\/produktas\/bazyl-ag-compact-bentonitinis-kraikas-katems-10l\/#primaryimage"},"thumbnailUrl":"https:\/\/anivet.lt\/elparduotuve\/wp-content\/uploads\/2026\/02\/Bazyl-Ag-Compact-bentonitinis-kraikas-katems-10L.jpg","datePublished":"2026-02-06T10:24:33+00:00","dateModified":"2026-02-06T10:24:34+00:00","description":"Bazyl Ag Compact \u2013 tai pa\u017eangus bentonitinis kraikas kat\u0117ms, praturtintas nat\u016braliu antibakteriniu priedu \u2013 nanosidabru, kuris pasi\u017eymi antiseptiniu poveikiu ir padeda palaikyti auk\u0161t\u0105 higienos lyg\u012f.","breadcrumb":{"@id":"https:\/\/anivet.lt\/elparduotuve\/produktas\/bazyl-ag-compact-bentonitinis-kraikas-katems-10l\/#breadcrumb"},"inLanguage":"lt-LT","potentialAction":[{"@type":"ReadAction","target":["https:\/\/anivet.lt\/elparduotuve\/produktas\/bazyl-ag-compact-bentonitinis-kraikas-katems-10l\/"]}]},{"@type":"ImageObject","inLanguage":"lt-LT","@id":"https:\/\/anivet.lt\/elparduotuve\/produktas\/bazyl-ag-compact-bentonitinis-kraikas-katems-10l\/#primaryimage","url":"https:\/\/anivet.lt\/elparduotuve\/wp-content\/uploads\/2026\/02\/Bazyl-Ag-Compact-bentonitinis-kraikas-katems-10L.jpg","contentUrl":"https:\/\/anivet.lt\/elparduotuve\/wp-content\/uploads\/2026\/02\/Bazyl-Ag-Compact-bentonitinis-kraikas-katems-10L.jpg","width":600,"height":600,"caption":"Bazyl Ag+ Compact bentonitinis kraikas kat\u0117ms 10L"},{"@type":"BreadcrumbList","@id":"https:\/\/anivet.lt\/elparduotuve\/produktas\/bazyl-ag-compact-bentonitinis-kraikas-katems-10l\/#breadcrumb","itemListElement":[{"@type":"ListItem","position":1,"name":"Home","item":"https:\/\/anivet.lt\/elparduotuve\/"},{"@type":"ListItem","position":2,"name":"Produktai","item":"https:\/\/anivet.lt\/elparduotuve\/produktai\/"},{"@type":"ListItem","position":3,"name":"Bazyl Ag+ Compact bentonitinis kraikas kat\u0117ms 10L"}]},{"@type":"WebSite","@id":"https:\/\/anivet.lt\/elparduotuve\/#website","url":"https:\/\/anivet.lt\/elparduotuve\/","name":"anivet.lt","description":"Viskas J\u016bs\u0173 \u0161uns, kat\u0117s prie\u017ei\u016brai","publisher":{"@id":"https:\/\/anivet.lt\/elparduotuve\/#organization"},"alternateName":"Viskas J\u016bs\u0173 \u0161uns, kat\u0117s prie\u017ei\u016brai","potentialAction":[{"@type":"SearchAction","target":{"@type":"EntryPoint","urlTemplate":"https:\/\/anivet.lt\/elparduotuve\/?s={search_term_string}"},"query-input":{"@type":"PropertyValueSpecification","valueRequired":true,"valueName":"search_term_string"}}],"inLanguage":"lt-LT"},{"@type":"Organization","@id":"https:\/\/anivet.lt\/elparduotuve\/#organization","name":"Viskas J\u016bs\u0173 \u0161uns, kat\u0117s prie\u017ei\u016brai","url":"https:\/\/anivet.lt\/elparduotuve\/","logo":{"@type":"ImageObject","inLanguage":"lt-LT","@id":"https:\/\/anivet.lt\/elparduotuve\/#\/schema\/logo\/image\/","url":"https:\/\/anivet.lt\/elparduotuve\/wp-content\/uploads\/2023\/06\/logo2.jpg","contentUrl":"https:\/\/anivet.lt\/elparduotuve\/wp-content\/uploads\/2023\/06\/logo2.jpg","width":655,"height":194,"caption":"Viskas J\u016bs\u0173 \u0161uns, kat\u0117s prie\u017ei\u016brai"},"image":{"@id":"https:\/\/anivet.lt\/elparduotuve\/#\/schema\/logo\/image\/"}}]}},"_links":{"self":[{"href":"https:\/\/anivet.lt\/elparduotuve\/wp-json\/wp\/v2\/product\/20129","targetHints":{"allow":["GET"]}}],"collection":[{"href":"https:\/\/anivet.lt\/elparduotuve\/wp-json\/wp\/v2\/product"}],"about":[{"href":"https:\/\/anivet.lt\/elparduotuve\/wp-json\/wp\/v2\/types\/product"}],"wp:featuredmedia":[{"embeddable":true,"href":"https:\/\/anivet.lt\/elparduotuve\/wp-json\/wp\/v2\/media\/20130"}],"wp:attachment":[{"href":"https:\/\/anivet.lt\/elparduotuve\/wp-json\/wp\/v2\/media?parent=20129"}],"wp:term":[{"taxonomy":"product_brand","embeddable":true,"href":"https:\/\/anivet.lt\/elparduotuve\/wp-json\/wp\/v2\/product_brand?post=20129"},{"taxonomy":"product_cat","embeddable":true,"href":"https:\/\/anivet.lt\/elparduotuve\/wp-json\/wp\/v2\/product_cat?post=20129"},{"taxonomy":"product_tag","embeddable":true,"href":"https:\/\/anivet.lt\/elparduotuve\/wp-json\/wp\/v2\/product_tag?post=20129"}],"curies":[{"name":"wp","href":"https:\/\/api.w.org\/{rel}","templated":true}]}}