{"id":20163,"date":"2026-02-06T13:39:01","date_gmt":"2026-02-06T13:39:01","guid":{"rendered":"https:\/\/anivet.lt\/elparduotuve\/?post_type=product&#038;p=20163"},"modified":"2026-02-06T13:39:01","modified_gmt":"2026-02-06T13:39:01","slug":"cats-best-smart-pellets-medzio-drozliu-kraikas-katems","status":"publish","type":"product","link":"https:\/\/anivet.lt\/elparduotuve\/produktas\/cats-best-smart-pellets-medzio-drozliu-kraikas-katems\/","title":{"rendered":"Cat&#8217;s Best Smart Pellets med\u017eio dro\u017eli\u0173 kraikas kat\u0117ms"},"content":{"rendered":"<ul>\n<li>Cats Best Smart Pellets \u2013 kraikas, sukurtas patogiam kasdieniam naudojimui.<\/li>\n<li>Speciali granuli\u0173 forma neleid\u017eia kraikui prikibti prie kat\u0117s kailio ar p\u0117du\u010di\u0173, tod\u0117l aplinka lieka \u0161vari.<\/li>\n<li>Pagamintas i\u0161 antrini\u0173 medienos \u017ealiav\u0173, be chemini\u0173 pried\u0173, greitai sugeria skys\u010dius ir efektyviai neutralizuoja kvapus.<\/li>\n<li>Kraikas yra biologi\u0161kai suyrantis ir saugus nuleisti \u012f tualet\u0105. J\u012f galima naudoti kraiko d\u0117\u017e\u0117je iki 5 savai\u010di\u0173 prie\u0161 visi\u0161k\u0105 keitim\u0105.<\/li>\n<li>Ekologi\u0161kas ir tvarus \u2013 pagamintas i\u0161 PEFC sertifikuot\u0173 mi\u0161k\u0173 i\u0161tekli\u0173.<\/li>\n<\/ul>\n","protected":false},"excerpt":{"rendered":"<p>Cat&#8217;s Best Smart Pellets \u2013 nat\u016bralus, su\u0161okantis kraikas kat\u0117ms, nelimpantis prie kailio ir p\u0117du\u010di\u0173.<\/p>\n","protected":false},"featured_media":20164,"template":"","meta":[],"product_brand":[],"product_cat":[102,119,228],"product_tag":[],"class_list":{"0":"post-20163","1":"product","2":"type-product","3":"status-publish","4":"has-post-thumbnail","6":"product_cat-katems","7":"product_cat-prieziuros-priemones-katems","8":"product_cat-kraikas","9":"pa_prekinis-zenklas-cats-best","11":"first","12":"instock","13":"taxable","14":"shipping-taxable","15":"purchasable","16":"product-type-variable"},"yoast_head":"<!-- This site is optimized with the Yoast SEO Premium plugin v27.1 (Yoast SEO v27.5) - https:\/\/yoast.com\/product\/yoast-seo-premium-wordpress\/ -->\n<title>Cat&#039;s Best Smart Pellets med\u017eio dro\u017eli\u0173 kraikas kat\u0117ms - anivet.lt<\/title>\n<meta name=\"description\" content=\"Cat&#039;s Best Smart Pellets \u2013 nat\u016bralus, su\u0161okantis kraikas kat\u0117ms, nelimpantis prie kailio ir p\u0117du\u010di\u0173.\" \/>\n<meta name=\"robots\" content=\"index, follow, max-snippet:-1, max-image-preview:large, max-video-preview:-1\" \/>\n<link rel=\"canonical\" href=\"https:\/\/anivet.lt\/elparduotuve\/produktas\/cats-best-smart-pellets-medzio-drozliu-kraikas-katems\/\" \/>\n<meta property=\"og:locale\" content=\"lt_LT\" \/>\n<meta property=\"og:type\" content=\"article\" \/>\n<meta property=\"og:title\" content=\"Cat&#039;s Best Smart Pellets med\u017eio dro\u017eli\u0173 kraikas kat\u0117ms\" \/>\n<meta property=\"og:description\" content=\"Cat&#039;s Best Smart Pellets \u2013 nat\u016bralus, su\u0161okantis kraikas kat\u0117ms, nelimpantis prie kailio ir p\u0117du\u010di\u0173.\" \/>\n<meta property=\"og:url\" content=\"https:\/\/anivet.lt\/elparduotuve\/produktas\/cats-best-smart-pellets-medzio-drozliu-kraikas-katems\/\" \/>\n<meta property=\"og:site_name\" content=\"anivet.lt\" \/>\n<meta property=\"og:image\" content=\"https:\/\/anivet.lt\/elparduotuve\/wp-content\/uploads\/2026\/02\/Cats-Best-Smart-Pellets-medzio-drozliu-kraikas-katems.jpg\" \/>\n\t<meta property=\"og:image:width\" content=\"600\" \/>\n\t<meta property=\"og:image:height\" content=\"600\" \/>\n\t<meta property=\"og:image:type\" content=\"image\/jpeg\" \/>\n<meta name=\"twitter:card\" content=\"summary_large_image\" \/>\n<meta name=\"twitter:label1\" content=\"Est. reading time\" \/>\n\t<meta name=\"twitter:data1\" content=\"1 minut\u0117\" \/>\n<script type=\"application\/ld+json\" class=\"yoast-schema-graph\">{\"@context\":\"https:\\\/\\\/schema.org\",\"@graph\":[{\"@type\":\"WebPage\",\"@id\":\"https:\\\/\\\/anivet.lt\\\/elparduotuve\\\/produktas\\\/cats-best-smart-pellets-medzio-drozliu-kraikas-katems\\\/\",\"url\":\"https:\\\/\\\/anivet.lt\\\/elparduotuve\\\/produktas\\\/cats-best-smart-pellets-medzio-drozliu-kraikas-katems\\\/\",\"name\":\"Cat's Best Smart Pellets med\u017eio dro\u017eli\u0173 kraikas kat\u0117ms - anivet.lt\",\"isPartOf\":{\"@id\":\"https:\\\/\\\/anivet.lt\\\/elparduotuve\\\/#website\"},\"primaryImageOfPage\":{\"@id\":\"https:\\\/\\\/anivet.lt\\\/elparduotuve\\\/produktas\\\/cats-best-smart-pellets-medzio-drozliu-kraikas-katems\\\/#primaryimage\"},\"image\":{\"@id\":\"https:\\\/\\\/anivet.lt\\\/elparduotuve\\\/produktas\\\/cats-best-smart-pellets-medzio-drozliu-kraikas-katems\\\/#primaryimage\"},\"thumbnailUrl\":\"https:\\\/\\\/anivet.lt\\\/elparduotuve\\\/wp-content\\\/uploads\\\/2026\\\/02\\\/Cats-Best-Smart-Pellets-medzio-drozliu-kraikas-katems.jpg\",\"datePublished\":\"2026-02-06T13:39:01+00:00\",\"description\":\"Cat's Best Smart Pellets \u2013 nat\u016bralus, su\u0161okantis kraikas kat\u0117ms, nelimpantis prie kailio ir p\u0117du\u010di\u0173.\",\"breadcrumb\":{\"@id\":\"https:\\\/\\\/anivet.lt\\\/elparduotuve\\\/produktas\\\/cats-best-smart-pellets-medzio-drozliu-kraikas-katems\\\/#breadcrumb\"},\"inLanguage\":\"lt-LT\",\"potentialAction\":[{\"@type\":\"ReadAction\",\"target\":[\"https:\\\/\\\/anivet.lt\\\/elparduotuve\\\/produktas\\\/cats-best-smart-pellets-medzio-drozliu-kraikas-katems\\\/\"]}]},{\"@type\":\"ImageObject\",\"inLanguage\":\"lt-LT\",\"@id\":\"https:\\\/\\\/anivet.lt\\\/elparduotuve\\\/produktas\\\/cats-best-smart-pellets-medzio-drozliu-kraikas-katems\\\/#primaryimage\",\"url\":\"https:\\\/\\\/anivet.lt\\\/elparduotuve\\\/wp-content\\\/uploads\\\/2026\\\/02\\\/Cats-Best-Smart-Pellets-medzio-drozliu-kraikas-katems.jpg\",\"contentUrl\":\"https:\\\/\\\/anivet.lt\\\/elparduotuve\\\/wp-content\\\/uploads\\\/2026\\\/02\\\/Cats-Best-Smart-Pellets-medzio-drozliu-kraikas-katems.jpg\",\"width\":600,\"height\":600,\"caption\":\"Cat's Best Smart Pellets med\u017eio dro\u017eli\u0173 kraikas kat\u0117ms\"},{\"@type\":\"BreadcrumbList\",\"@id\":\"https:\\\/\\\/anivet.lt\\\/elparduotuve\\\/produktas\\\/cats-best-smart-pellets-medzio-drozliu-kraikas-katems\\\/#breadcrumb\",\"itemListElement\":[{\"@type\":\"ListItem\",\"position\":1,\"name\":\"Home\",\"item\":\"https:\\\/\\\/anivet.lt\\\/elparduotuve\\\/\"},{\"@type\":\"ListItem\",\"position\":2,\"name\":\"Produktai\",\"item\":\"https:\\\/\\\/anivet.lt\\\/elparduotuve\\\/produktai\\\/\"},{\"@type\":\"ListItem\",\"position\":3,\"name\":\"Cat&#8217;s Best Smart Pellets med\u017eio dro\u017eli\u0173 kraikas kat\u0117ms\"}]},{\"@type\":\"WebSite\",\"@id\":\"https:\\\/\\\/anivet.lt\\\/elparduotuve\\\/#website\",\"url\":\"https:\\\/\\\/anivet.lt\\\/elparduotuve\\\/\",\"name\":\"anivet.lt\",\"description\":\"Viskas J\u016bs\u0173 \u0161uns, kat\u0117s prie\u017ei\u016brai\",\"publisher\":{\"@id\":\"https:\\\/\\\/anivet.lt\\\/elparduotuve\\\/#organization\"},\"alternateName\":\"Viskas J\u016bs\u0173 \u0161uns, kat\u0117s prie\u017ei\u016brai\",\"potentialAction\":[{\"@type\":\"SearchAction\",\"target\":{\"@type\":\"EntryPoint\",\"urlTemplate\":\"https:\\\/\\\/anivet.lt\\\/elparduotuve\\\/?s={search_term_string}\"},\"query-input\":{\"@type\":\"PropertyValueSpecification\",\"valueRequired\":true,\"valueName\":\"search_term_string\"}}],\"inLanguage\":\"lt-LT\"},{\"@type\":\"Organization\",\"@id\":\"https:\\\/\\\/anivet.lt\\\/elparduotuve\\\/#organization\",\"name\":\"Viskas J\u016bs\u0173 \u0161uns, kat\u0117s prie\u017ei\u016brai\",\"url\":\"https:\\\/\\\/anivet.lt\\\/elparduotuve\\\/\",\"logo\":{\"@type\":\"ImageObject\",\"inLanguage\":\"lt-LT\",\"@id\":\"https:\\\/\\\/anivet.lt\\\/elparduotuve\\\/#\\\/schema\\\/logo\\\/image\\\/\",\"url\":\"https:\\\/\\\/anivet.lt\\\/elparduotuve\\\/wp-content\\\/uploads\\\/2023\\\/06\\\/logo2.jpg\",\"contentUrl\":\"https:\\\/\\\/anivet.lt\\\/elparduotuve\\\/wp-content\\\/uploads\\\/2023\\\/06\\\/logo2.jpg\",\"width\":655,\"height\":194,\"caption\":\"Viskas J\u016bs\u0173 \u0161uns, kat\u0117s prie\u017ei\u016brai\"},\"image\":{\"@id\":\"https:\\\/\\\/anivet.lt\\\/elparduotuve\\\/#\\\/schema\\\/logo\\\/image\\\/\"}}]}<\/script>\n<!-- \/ Yoast SEO Premium plugin. -->","yoast_head_json":{"title":"Cat's Best Smart Pellets med\u017eio dro\u017eli\u0173 kraikas kat\u0117ms - anivet.lt","description":"Cat's Best Smart Pellets \u2013 nat\u016bralus, su\u0161okantis kraikas kat\u0117ms, nelimpantis prie kailio ir p\u0117du\u010di\u0173.","robots":{"index":"index","follow":"follow","max-snippet":"max-snippet:-1","max-image-preview":"max-image-preview:large","max-video-preview":"max-video-preview:-1"},"canonical":"https:\/\/anivet.lt\/elparduotuve\/produktas\/cats-best-smart-pellets-medzio-drozliu-kraikas-katems\/","og_locale":"lt_LT","og_type":"article","og_title":"Cat's Best Smart Pellets med\u017eio dro\u017eli\u0173 kraikas kat\u0117ms","og_description":"Cat's Best Smart Pellets \u2013 nat\u016bralus, su\u0161okantis kraikas kat\u0117ms, nelimpantis prie kailio ir p\u0117du\u010di\u0173.","og_url":"https:\/\/anivet.lt\/elparduotuve\/produktas\/cats-best-smart-pellets-medzio-drozliu-kraikas-katems\/","og_site_name":"anivet.lt","og_image":[{"width":600,"height":600,"url":"https:\/\/anivet.lt\/elparduotuve\/wp-content\/uploads\/2026\/02\/Cats-Best-Smart-Pellets-medzio-drozliu-kraikas-katems.jpg","type":"image\/jpeg"}],"twitter_card":"summary_large_image","twitter_misc":{"Est. reading time":"1 minut\u0117"},"schema":{"@context":"https:\/\/schema.org","@graph":[{"@type":"WebPage","@id":"https:\/\/anivet.lt\/elparduotuve\/produktas\/cats-best-smart-pellets-medzio-drozliu-kraikas-katems\/","url":"https:\/\/anivet.lt\/elparduotuve\/produktas\/cats-best-smart-pellets-medzio-drozliu-kraikas-katems\/","name":"Cat's Best Smart Pellets med\u017eio dro\u017eli\u0173 kraikas kat\u0117ms - anivet.lt","isPartOf":{"@id":"https:\/\/anivet.lt\/elparduotuve\/#website"},"primaryImageOfPage":{"@id":"https:\/\/anivet.lt\/elparduotuve\/produktas\/cats-best-smart-pellets-medzio-drozliu-kraikas-katems\/#primaryimage"},"image":{"@id":"https:\/\/anivet.lt\/elparduotuve\/produktas\/cats-best-smart-pellets-medzio-drozliu-kraikas-katems\/#primaryimage"},"thumbnailUrl":"https:\/\/anivet.lt\/elparduotuve\/wp-content\/uploads\/2026\/02\/Cats-Best-Smart-Pellets-medzio-drozliu-kraikas-katems.jpg","datePublished":"2026-02-06T13:39:01+00:00","description":"Cat's Best Smart Pellets \u2013 nat\u016bralus, su\u0161okantis kraikas kat\u0117ms, nelimpantis prie kailio ir p\u0117du\u010di\u0173.","breadcrumb":{"@id":"https:\/\/anivet.lt\/elparduotuve\/produktas\/cats-best-smart-pellets-medzio-drozliu-kraikas-katems\/#breadcrumb"},"inLanguage":"lt-LT","potentialAction":[{"@type":"ReadAction","target":["https:\/\/anivet.lt\/elparduotuve\/produktas\/cats-best-smart-pellets-medzio-drozliu-kraikas-katems\/"]}]},{"@type":"ImageObject","inLanguage":"lt-LT","@id":"https:\/\/anivet.lt\/elparduotuve\/produktas\/cats-best-smart-pellets-medzio-drozliu-kraikas-katems\/#primaryimage","url":"https:\/\/anivet.lt\/elparduotuve\/wp-content\/uploads\/2026\/02\/Cats-Best-Smart-Pellets-medzio-drozliu-kraikas-katems.jpg","contentUrl":"https:\/\/anivet.lt\/elparduotuve\/wp-content\/uploads\/2026\/02\/Cats-Best-Smart-Pellets-medzio-drozliu-kraikas-katems.jpg","width":600,"height":600,"caption":"Cat's Best Smart Pellets med\u017eio dro\u017eli\u0173 kraikas kat\u0117ms"},{"@type":"BreadcrumbList","@id":"https:\/\/anivet.lt\/elparduotuve\/produktas\/cats-best-smart-pellets-medzio-drozliu-kraikas-katems\/#breadcrumb","itemListElement":[{"@type":"ListItem","position":1,"name":"Home","item":"https:\/\/anivet.lt\/elparduotuve\/"},{"@type":"ListItem","position":2,"name":"Produktai","item":"https:\/\/anivet.lt\/elparduotuve\/produktai\/"},{"@type":"ListItem","position":3,"name":"Cat&#8217;s Best Smart Pellets med\u017eio dro\u017eli\u0173 kraikas kat\u0117ms"}]},{"@type":"WebSite","@id":"https:\/\/anivet.lt\/elparduotuve\/#website","url":"https:\/\/anivet.lt\/elparduotuve\/","name":"anivet.lt","description":"Viskas J\u016bs\u0173 \u0161uns, kat\u0117s prie\u017ei\u016brai","publisher":{"@id":"https:\/\/anivet.lt\/elparduotuve\/#organization"},"alternateName":"Viskas J\u016bs\u0173 \u0161uns, kat\u0117s prie\u017ei\u016brai","potentialAction":[{"@type":"SearchAction","target":{"@type":"EntryPoint","urlTemplate":"https:\/\/anivet.lt\/elparduotuve\/?s={search_term_string}"},"query-input":{"@type":"PropertyValueSpecification","valueRequired":true,"valueName":"search_term_string"}}],"inLanguage":"lt-LT"},{"@type":"Organization","@id":"https:\/\/anivet.lt\/elparduotuve\/#organization","name":"Viskas J\u016bs\u0173 \u0161uns, kat\u0117s prie\u017ei\u016brai","url":"https:\/\/anivet.lt\/elparduotuve\/","logo":{"@type":"ImageObject","inLanguage":"lt-LT","@id":"https:\/\/anivet.lt\/elparduotuve\/#\/schema\/logo\/image\/","url":"https:\/\/anivet.lt\/elparduotuve\/wp-content\/uploads\/2023\/06\/logo2.jpg","contentUrl":"https:\/\/anivet.lt\/elparduotuve\/wp-content\/uploads\/2023\/06\/logo2.jpg","width":655,"height":194,"caption":"Viskas J\u016bs\u0173 \u0161uns, kat\u0117s prie\u017ei\u016brai"},"image":{"@id":"https:\/\/anivet.lt\/elparduotuve\/#\/schema\/logo\/image\/"}}]}},"_links":{"self":[{"href":"https:\/\/anivet.lt\/elparduotuve\/wp-json\/wp\/v2\/product\/20163","targetHints":{"allow":["GET"]}}],"collection":[{"href":"https:\/\/anivet.lt\/elparduotuve\/wp-json\/wp\/v2\/product"}],"about":[{"href":"https:\/\/anivet.lt\/elparduotuve\/wp-json\/wp\/v2\/types\/product"}],"wp:featuredmedia":[{"embeddable":true,"href":"https:\/\/anivet.lt\/elparduotuve\/wp-json\/wp\/v2\/media\/20164"}],"wp:attachment":[{"href":"https:\/\/anivet.lt\/elparduotuve\/wp-json\/wp\/v2\/media?parent=20163"}],"wp:term":[{"taxonomy":"product_brand","embeddable":true,"href":"https:\/\/anivet.lt\/elparduotuve\/wp-json\/wp\/v2\/product_brand?post=20163"},{"taxonomy":"product_cat","embeddable":true,"href":"https:\/\/anivet.lt\/elparduotuve\/wp-json\/wp\/v2\/product_cat?post=20163"},{"taxonomy":"product_tag","embeddable":true,"href":"https:\/\/anivet.lt\/elparduotuve\/wp-json\/wp\/v2\/product_tag?post=20163"}],"curies":[{"name":"wp","href":"https:\/\/api.w.org\/{rel}","templated":true}]}}