{"id":20178,"date":"2026-02-06T14:32:57","date_gmt":"2026-02-06T14:32:57","guid":{"rendered":"https:\/\/anivet.lt\/elparduotuve\/?post_type=product&#038;p=20178"},"modified":"2026-04-01T19:33:47","modified_gmt":"2026-04-01T19:33:47","slug":"vetexpert-odor-solution-dog-odor-eliminator-sunu-kvapu-salintojas-500ml","status":"publish","type":"product","link":"https:\/\/anivet.lt\/elparduotuve\/produktas\/vetexpert-odor-solution-dog-odor-eliminator-sunu-kvapu-salintojas-500ml\/","title":{"rendered":"VetExpert Odor Solution Dog Odor Eliminator \u0161un\u0173 kvap\u0173 \u0161alintojas 500ml"},"content":{"rendered":"<ul>\n<li>Specialiai sukurta sud\u0117tis padeda panaikinti kvapus, atsirandan\u010dius d\u0117l \u0161un\u0173 perianalini\u0173 liauk\u0173 i\u0161skyr\u0173, \u0161lapimo, i\u0161mat\u0173 bei bendro k\u016bno kvapo.<\/li>\n<li>Produktas tinkamas naudoti veterinarijos klinikose, gyv\u016bn\u0173 prieglaudose, \u0161un\u0173 gro\u017eio salonuose, veislynuose ir nam\u0173 aplinkoje.<\/li>\n<\/ul>\n","protected":false},"excerpt":{"rendered":"<p>Tai efektyvi kvap\u0173 neutralizavimo priemon\u0117, skirta pa\u0161alinti nemalonius \u0161un\u0173 skleid\u017eiamus kvapus.<\/p>\n","protected":false},"featured_media":20179,"template":"","meta":[],"product_brand":[],"product_cat":[101,108,312],"product_tag":[],"class_list":{"0":"post-20178","1":"product","2":"type-product","3":"status-publish","4":"has-post-thumbnail","6":"product_cat-sunims","7":"product_cat-prieziuros-priemones","8":"product_cat-kitos-priemones-prieziuros-priemones","9":"pa_prekinis-zenklas-vetexpert","11":"first","12":"instock","13":"sale","14":"taxable","15":"shipping-taxable","16":"purchasable","17":"product-type-simple"},"yoast_head":"<!-- This site is optimized with the Yoast SEO Premium plugin v27.1 (Yoast SEO v27.5) - https:\/\/yoast.com\/product\/yoast-seo-premium-wordpress\/ -->\n<title>VetExpert Odor Solution Dog Odor Eliminator \u0161un\u0173 kvap\u0173 \u0161alintojas 500ml - anivet.lt<\/title>\n<meta name=\"description\" content=\"Tai efektyvi kvap\u0173 neutralizavimo priemon\u0117, skirta pa\u0161alinti nemalonius \u0161un\u0173 skleid\u017eiamus kvapus.\" \/>\n<meta name=\"robots\" content=\"index, follow, max-snippet:-1, max-image-preview:large, max-video-preview:-1\" \/>\n<link rel=\"canonical\" href=\"https:\/\/anivet.lt\/elparduotuve\/produktas\/vetexpert-odor-solution-dog-odor-eliminator-sunu-kvapu-salintojas-500ml\/\" \/>\n<meta property=\"og:locale\" content=\"lt_LT\" \/>\n<meta property=\"og:type\" content=\"article\" \/>\n<meta property=\"og:title\" content=\"VetExpert Odor Solution Dog Odor Eliminator \u0161un\u0173 kvap\u0173 \u0161alintojas 500ml\" \/>\n<meta property=\"og:description\" content=\"Tai efektyvi kvap\u0173 neutralizavimo priemon\u0117, skirta pa\u0161alinti nemalonius \u0161un\u0173 skleid\u017eiamus kvapus.\" \/>\n<meta property=\"og:url\" content=\"https:\/\/anivet.lt\/elparduotuve\/produktas\/vetexpert-odor-solution-dog-odor-eliminator-sunu-kvapu-salintojas-500ml\/\" \/>\n<meta property=\"og:site_name\" content=\"anivet.lt\" \/>\n<meta property=\"article:modified_time\" content=\"2026-04-01T19:33:47+00:00\" \/>\n<meta property=\"og:image\" content=\"https:\/\/anivet.lt\/elparduotuve\/wp-content\/uploads\/2026\/02\/VetExpert-Odor-Solution-Dog-Odor-Eliminator-sunu-kvapu-salintojas-500ml.jpg\" \/>\n\t<meta property=\"og:image:width\" content=\"650\" \/>\n\t<meta property=\"og:image:height\" content=\"787\" \/>\n\t<meta property=\"og:image:type\" content=\"image\/jpeg\" \/>\n<meta name=\"twitter:card\" content=\"summary_large_image\" \/>\n<meta name=\"twitter:label1\" content=\"Est. reading time\" \/>\n\t<meta name=\"twitter:data1\" content=\"1 minut\u0117\" \/>\n<script type=\"application\/ld+json\" class=\"yoast-schema-graph\">{\"@context\":\"https:\\\/\\\/schema.org\",\"@graph\":[{\"@type\":\"WebPage\",\"@id\":\"https:\\\/\\\/anivet.lt\\\/elparduotuve\\\/produktas\\\/vetexpert-odor-solution-dog-odor-eliminator-sunu-kvapu-salintojas-500ml\\\/\",\"url\":\"https:\\\/\\\/anivet.lt\\\/elparduotuve\\\/produktas\\\/vetexpert-odor-solution-dog-odor-eliminator-sunu-kvapu-salintojas-500ml\\\/\",\"name\":\"VetExpert Odor Solution Dog Odor Eliminator \u0161un\u0173 kvap\u0173 \u0161alintojas 500ml - anivet.lt\",\"isPartOf\":{\"@id\":\"https:\\\/\\\/anivet.lt\\\/elparduotuve\\\/#website\"},\"primaryImageOfPage\":{\"@id\":\"https:\\\/\\\/anivet.lt\\\/elparduotuve\\\/produktas\\\/vetexpert-odor-solution-dog-odor-eliminator-sunu-kvapu-salintojas-500ml\\\/#primaryimage\"},\"image\":{\"@id\":\"https:\\\/\\\/anivet.lt\\\/elparduotuve\\\/produktas\\\/vetexpert-odor-solution-dog-odor-eliminator-sunu-kvapu-salintojas-500ml\\\/#primaryimage\"},\"thumbnailUrl\":\"https:\\\/\\\/anivet.lt\\\/elparduotuve\\\/wp-content\\\/uploads\\\/2026\\\/02\\\/VetExpert-Odor-Solution-Dog-Odor-Eliminator-sunu-kvapu-salintojas-500ml.jpg\",\"datePublished\":\"2026-02-06T14:32:57+00:00\",\"dateModified\":\"2026-04-01T19:33:47+00:00\",\"description\":\"Tai efektyvi kvap\u0173 neutralizavimo priemon\u0117, skirta pa\u0161alinti nemalonius \u0161un\u0173 skleid\u017eiamus kvapus.\",\"breadcrumb\":{\"@id\":\"https:\\\/\\\/anivet.lt\\\/elparduotuve\\\/produktas\\\/vetexpert-odor-solution-dog-odor-eliminator-sunu-kvapu-salintojas-500ml\\\/#breadcrumb\"},\"inLanguage\":\"lt-LT\",\"potentialAction\":[{\"@type\":\"ReadAction\",\"target\":[\"https:\\\/\\\/anivet.lt\\\/elparduotuve\\\/produktas\\\/vetexpert-odor-solution-dog-odor-eliminator-sunu-kvapu-salintojas-500ml\\\/\"]}]},{\"@type\":\"ImageObject\",\"inLanguage\":\"lt-LT\",\"@id\":\"https:\\\/\\\/anivet.lt\\\/elparduotuve\\\/produktas\\\/vetexpert-odor-solution-dog-odor-eliminator-sunu-kvapu-salintojas-500ml\\\/#primaryimage\",\"url\":\"https:\\\/\\\/anivet.lt\\\/elparduotuve\\\/wp-content\\\/uploads\\\/2026\\\/02\\\/VetExpert-Odor-Solution-Dog-Odor-Eliminator-sunu-kvapu-salintojas-500ml.jpg\",\"contentUrl\":\"https:\\\/\\\/anivet.lt\\\/elparduotuve\\\/wp-content\\\/uploads\\\/2026\\\/02\\\/VetExpert-Odor-Solution-Dog-Odor-Eliminator-sunu-kvapu-salintojas-500ml.jpg\",\"width\":650,\"height\":787,\"caption\":\"VetExpert Odor Solution Dog Odor Eliminator \u0161un\u0173 kvap\u0173 \u0161alintojas 500ml\"},{\"@type\":\"BreadcrumbList\",\"@id\":\"https:\\\/\\\/anivet.lt\\\/elparduotuve\\\/produktas\\\/vetexpert-odor-solution-dog-odor-eliminator-sunu-kvapu-salintojas-500ml\\\/#breadcrumb\",\"itemListElement\":[{\"@type\":\"ListItem\",\"position\":1,\"name\":\"Home\",\"item\":\"https:\\\/\\\/anivet.lt\\\/elparduotuve\\\/\"},{\"@type\":\"ListItem\",\"position\":2,\"name\":\"Produktai\",\"item\":\"https:\\\/\\\/anivet.lt\\\/elparduotuve\\\/produktai\\\/\"},{\"@type\":\"ListItem\",\"position\":3,\"name\":\"VetExpert Odor Solution Dog Odor Eliminator \u0161un\u0173 kvap\u0173 \u0161alintojas 500ml\"}]},{\"@type\":\"WebSite\",\"@id\":\"https:\\\/\\\/anivet.lt\\\/elparduotuve\\\/#website\",\"url\":\"https:\\\/\\\/anivet.lt\\\/elparduotuve\\\/\",\"name\":\"anivet.lt\",\"description\":\"Viskas J\u016bs\u0173 \u0161uns, kat\u0117s prie\u017ei\u016brai\",\"publisher\":{\"@id\":\"https:\\\/\\\/anivet.lt\\\/elparduotuve\\\/#organization\"},\"alternateName\":\"Viskas J\u016bs\u0173 \u0161uns, kat\u0117s prie\u017ei\u016brai\",\"potentialAction\":[{\"@type\":\"SearchAction\",\"target\":{\"@type\":\"EntryPoint\",\"urlTemplate\":\"https:\\\/\\\/anivet.lt\\\/elparduotuve\\\/?s={search_term_string}\"},\"query-input\":{\"@type\":\"PropertyValueSpecification\",\"valueRequired\":true,\"valueName\":\"search_term_string\"}}],\"inLanguage\":\"lt-LT\"},{\"@type\":\"Organization\",\"@id\":\"https:\\\/\\\/anivet.lt\\\/elparduotuve\\\/#organization\",\"name\":\"Viskas J\u016bs\u0173 \u0161uns, kat\u0117s prie\u017ei\u016brai\",\"url\":\"https:\\\/\\\/anivet.lt\\\/elparduotuve\\\/\",\"logo\":{\"@type\":\"ImageObject\",\"inLanguage\":\"lt-LT\",\"@id\":\"https:\\\/\\\/anivet.lt\\\/elparduotuve\\\/#\\\/schema\\\/logo\\\/image\\\/\",\"url\":\"https:\\\/\\\/anivet.lt\\\/elparduotuve\\\/wp-content\\\/uploads\\\/2023\\\/06\\\/logo2.jpg\",\"contentUrl\":\"https:\\\/\\\/anivet.lt\\\/elparduotuve\\\/wp-content\\\/uploads\\\/2023\\\/06\\\/logo2.jpg\",\"width\":655,\"height\":194,\"caption\":\"Viskas J\u016bs\u0173 \u0161uns, kat\u0117s prie\u017ei\u016brai\"},\"image\":{\"@id\":\"https:\\\/\\\/anivet.lt\\\/elparduotuve\\\/#\\\/schema\\\/logo\\\/image\\\/\"}}]}<\/script>\n<!-- \/ Yoast SEO Premium plugin. -->","yoast_head_json":{"title":"VetExpert Odor Solution Dog Odor Eliminator \u0161un\u0173 kvap\u0173 \u0161alintojas 500ml - anivet.lt","description":"Tai efektyvi kvap\u0173 neutralizavimo priemon\u0117, skirta pa\u0161alinti nemalonius \u0161un\u0173 skleid\u017eiamus kvapus.","robots":{"index":"index","follow":"follow","max-snippet":"max-snippet:-1","max-image-preview":"max-image-preview:large","max-video-preview":"max-video-preview:-1"},"canonical":"https:\/\/anivet.lt\/elparduotuve\/produktas\/vetexpert-odor-solution-dog-odor-eliminator-sunu-kvapu-salintojas-500ml\/","og_locale":"lt_LT","og_type":"article","og_title":"VetExpert Odor Solution Dog Odor Eliminator \u0161un\u0173 kvap\u0173 \u0161alintojas 500ml","og_description":"Tai efektyvi kvap\u0173 neutralizavimo priemon\u0117, skirta pa\u0161alinti nemalonius \u0161un\u0173 skleid\u017eiamus kvapus.","og_url":"https:\/\/anivet.lt\/elparduotuve\/produktas\/vetexpert-odor-solution-dog-odor-eliminator-sunu-kvapu-salintojas-500ml\/","og_site_name":"anivet.lt","article_modified_time":"2026-04-01T19:33:47+00:00","og_image":[{"width":650,"height":787,"url":"https:\/\/anivet.lt\/elparduotuve\/wp-content\/uploads\/2026\/02\/VetExpert-Odor-Solution-Dog-Odor-Eliminator-sunu-kvapu-salintojas-500ml.jpg","type":"image\/jpeg"}],"twitter_card":"summary_large_image","twitter_misc":{"Est. reading time":"1 minut\u0117"},"schema":{"@context":"https:\/\/schema.org","@graph":[{"@type":"WebPage","@id":"https:\/\/anivet.lt\/elparduotuve\/produktas\/vetexpert-odor-solution-dog-odor-eliminator-sunu-kvapu-salintojas-500ml\/","url":"https:\/\/anivet.lt\/elparduotuve\/produktas\/vetexpert-odor-solution-dog-odor-eliminator-sunu-kvapu-salintojas-500ml\/","name":"VetExpert Odor Solution Dog Odor Eliminator \u0161un\u0173 kvap\u0173 \u0161alintojas 500ml - anivet.lt","isPartOf":{"@id":"https:\/\/anivet.lt\/elparduotuve\/#website"},"primaryImageOfPage":{"@id":"https:\/\/anivet.lt\/elparduotuve\/produktas\/vetexpert-odor-solution-dog-odor-eliminator-sunu-kvapu-salintojas-500ml\/#primaryimage"},"image":{"@id":"https:\/\/anivet.lt\/elparduotuve\/produktas\/vetexpert-odor-solution-dog-odor-eliminator-sunu-kvapu-salintojas-500ml\/#primaryimage"},"thumbnailUrl":"https:\/\/anivet.lt\/elparduotuve\/wp-content\/uploads\/2026\/02\/VetExpert-Odor-Solution-Dog-Odor-Eliminator-sunu-kvapu-salintojas-500ml.jpg","datePublished":"2026-02-06T14:32:57+00:00","dateModified":"2026-04-01T19:33:47+00:00","description":"Tai efektyvi kvap\u0173 neutralizavimo priemon\u0117, skirta pa\u0161alinti nemalonius \u0161un\u0173 skleid\u017eiamus kvapus.","breadcrumb":{"@id":"https:\/\/anivet.lt\/elparduotuve\/produktas\/vetexpert-odor-solution-dog-odor-eliminator-sunu-kvapu-salintojas-500ml\/#breadcrumb"},"inLanguage":"lt-LT","potentialAction":[{"@type":"ReadAction","target":["https:\/\/anivet.lt\/elparduotuve\/produktas\/vetexpert-odor-solution-dog-odor-eliminator-sunu-kvapu-salintojas-500ml\/"]}]},{"@type":"ImageObject","inLanguage":"lt-LT","@id":"https:\/\/anivet.lt\/elparduotuve\/produktas\/vetexpert-odor-solution-dog-odor-eliminator-sunu-kvapu-salintojas-500ml\/#primaryimage","url":"https:\/\/anivet.lt\/elparduotuve\/wp-content\/uploads\/2026\/02\/VetExpert-Odor-Solution-Dog-Odor-Eliminator-sunu-kvapu-salintojas-500ml.jpg","contentUrl":"https:\/\/anivet.lt\/elparduotuve\/wp-content\/uploads\/2026\/02\/VetExpert-Odor-Solution-Dog-Odor-Eliminator-sunu-kvapu-salintojas-500ml.jpg","width":650,"height":787,"caption":"VetExpert Odor Solution Dog Odor Eliminator \u0161un\u0173 kvap\u0173 \u0161alintojas 500ml"},{"@type":"BreadcrumbList","@id":"https:\/\/anivet.lt\/elparduotuve\/produktas\/vetexpert-odor-solution-dog-odor-eliminator-sunu-kvapu-salintojas-500ml\/#breadcrumb","itemListElement":[{"@type":"ListItem","position":1,"name":"Home","item":"https:\/\/anivet.lt\/elparduotuve\/"},{"@type":"ListItem","position":2,"name":"Produktai","item":"https:\/\/anivet.lt\/elparduotuve\/produktai\/"},{"@type":"ListItem","position":3,"name":"VetExpert Odor Solution Dog Odor Eliminator \u0161un\u0173 kvap\u0173 \u0161alintojas 500ml"}]},{"@type":"WebSite","@id":"https:\/\/anivet.lt\/elparduotuve\/#website","url":"https:\/\/anivet.lt\/elparduotuve\/","name":"anivet.lt","description":"Viskas J\u016bs\u0173 \u0161uns, kat\u0117s prie\u017ei\u016brai","publisher":{"@id":"https:\/\/anivet.lt\/elparduotuve\/#organization"},"alternateName":"Viskas J\u016bs\u0173 \u0161uns, kat\u0117s prie\u017ei\u016brai","potentialAction":[{"@type":"SearchAction","target":{"@type":"EntryPoint","urlTemplate":"https:\/\/anivet.lt\/elparduotuve\/?s={search_term_string}"},"query-input":{"@type":"PropertyValueSpecification","valueRequired":true,"valueName":"search_term_string"}}],"inLanguage":"lt-LT"},{"@type":"Organization","@id":"https:\/\/anivet.lt\/elparduotuve\/#organization","name":"Viskas J\u016bs\u0173 \u0161uns, kat\u0117s prie\u017ei\u016brai","url":"https:\/\/anivet.lt\/elparduotuve\/","logo":{"@type":"ImageObject","inLanguage":"lt-LT","@id":"https:\/\/anivet.lt\/elparduotuve\/#\/schema\/logo\/image\/","url":"https:\/\/anivet.lt\/elparduotuve\/wp-content\/uploads\/2023\/06\/logo2.jpg","contentUrl":"https:\/\/anivet.lt\/elparduotuve\/wp-content\/uploads\/2023\/06\/logo2.jpg","width":655,"height":194,"caption":"Viskas J\u016bs\u0173 \u0161uns, kat\u0117s prie\u017ei\u016brai"},"image":{"@id":"https:\/\/anivet.lt\/elparduotuve\/#\/schema\/logo\/image\/"}}]}},"_links":{"self":[{"href":"https:\/\/anivet.lt\/elparduotuve\/wp-json\/wp\/v2\/product\/20178","targetHints":{"allow":["GET"]}}],"collection":[{"href":"https:\/\/anivet.lt\/elparduotuve\/wp-json\/wp\/v2\/product"}],"about":[{"href":"https:\/\/anivet.lt\/elparduotuve\/wp-json\/wp\/v2\/types\/product"}],"wp:featuredmedia":[{"embeddable":true,"href":"https:\/\/anivet.lt\/elparduotuve\/wp-json\/wp\/v2\/media\/20179"}],"wp:attachment":[{"href":"https:\/\/anivet.lt\/elparduotuve\/wp-json\/wp\/v2\/media?parent=20178"}],"wp:term":[{"taxonomy":"product_brand","embeddable":true,"href":"https:\/\/anivet.lt\/elparduotuve\/wp-json\/wp\/v2\/product_brand?post=20178"},{"taxonomy":"product_cat","embeddable":true,"href":"https:\/\/anivet.lt\/elparduotuve\/wp-json\/wp\/v2\/product_cat?post=20178"},{"taxonomy":"product_tag","embeddable":true,"href":"https:\/\/anivet.lt\/elparduotuve\/wp-json\/wp\/v2\/product_tag?post=20178"}],"curies":[{"name":"wp","href":"https:\/\/api.w.org\/{rel}","templated":true}]}}