{"id":20184,"date":"2026-02-07T09:10:05","date_gmt":"2026-02-07T09:10:05","guid":{"rendered":"https:\/\/anivet.lt\/elparduotuve\/?post_type=product&#038;p=20184"},"modified":"2026-02-07T09:10:06","modified_gmt":"2026-02-07T09:10:06","slug":"candioli-bolo-via-plauku-savelas-salinanti-pasta-katems-50g","status":"publish","type":"product","link":"https:\/\/anivet.lt\/elparduotuve\/produktas\/candioli-bolo-via-plauku-savelas-salinanti-pasta-katems-50g\/","title":{"rendered":"Candioli Bolo Via plauk\u0173 s\u0105v\u0117las \u0161alinanti pasta kat\u0117ms 50g"},"content":{"rendered":"<ul>\n<li>Padeda lengviau pa\u0161alinti sukibusius plaukus i\u0161 kat\u0117s skrand\u017eio, mink\u0161tindama i\u0161matas.<\/li>\n<li>Ma\u017eina rizik\u0105, kad kat\u0117s skrandyje susidarys nauji plauk\u0173 kamuoliukai.<\/li>\n<\/ul>\n","protected":false},"excerpt":{"rendered":"<p>Candioli Bolo Via &#8211; skani pasta kat\u0117ms nuo plauk\u0173 kamuoliuk\u0173.<\/p>\n","protected":false},"featured_media":20185,"template":"","meta":[],"product_brand":[],"product_cat":[102,124],"product_tag":[],"class_list":{"0":"post-20184","1":"product","2":"type-product","3":"status-publish","4":"has-post-thumbnail","6":"product_cat-katems","7":"product_cat-vitaminai-ir-papildai-katems","8":"pa_prekinis-zenklas-candioli","10":"first","11":"instock","12":"taxable","13":"shipping-taxable","14":"purchasable","15":"product-type-simple"},"yoast_head":"<!-- This site is optimized with the Yoast SEO Premium plugin v27.1 (Yoast SEO v27.5) - https:\/\/yoast.com\/product\/yoast-seo-premium-wordpress\/ -->\n<title>Candioli Bolo Via plauk\u0173 s\u0105v\u0117las \u0161alinanti pasta kat\u0117ms 50g - anivet.lt<\/title>\n<meta name=\"description\" content=\"Candioli Bolo Via - skani pasta kat\u0117ms nuo plauk\u0173 kamuoliuk\u0173.\" \/>\n<meta name=\"robots\" content=\"index, follow, max-snippet:-1, max-image-preview:large, max-video-preview:-1\" \/>\n<link rel=\"canonical\" href=\"https:\/\/anivet.lt\/elparduotuve\/produktas\/candioli-bolo-via-plauku-savelas-salinanti-pasta-katems-50g\/\" \/>\n<meta property=\"og:locale\" content=\"lt_LT\" \/>\n<meta property=\"og:type\" content=\"article\" \/>\n<meta property=\"og:title\" content=\"Candioli Bolo Via plauk\u0173 s\u0105v\u0117las \u0161alinanti pasta kat\u0117ms 50g\" \/>\n<meta property=\"og:description\" content=\"Candioli Bolo Via - skani pasta kat\u0117ms nuo plauk\u0173 kamuoliuk\u0173.\" \/>\n<meta property=\"og:url\" content=\"https:\/\/anivet.lt\/elparduotuve\/produktas\/candioli-bolo-via-plauku-savelas-salinanti-pasta-katems-50g\/\" \/>\n<meta property=\"og:site_name\" content=\"anivet.lt\" \/>\n<meta property=\"article:modified_time\" content=\"2026-02-07T09:10:06+00:00\" \/>\n<meta property=\"og:image\" content=\"https:\/\/anivet.lt\/elparduotuve\/wp-content\/uploads\/2026\/02\/Candioli-Bolo-Via-plauku-savelas-salinanti-pasta-katems-50g.jpg\" \/>\n\t<meta property=\"og:image:width\" content=\"600\" \/>\n\t<meta property=\"og:image:height\" content=\"600\" \/>\n\t<meta property=\"og:image:type\" content=\"image\/jpeg\" \/>\n<meta name=\"twitter:card\" content=\"summary_large_image\" \/>\n<meta name=\"twitter:label1\" content=\"Est. reading time\" \/>\n\t<meta name=\"twitter:data1\" content=\"1 minut\u0117\" \/>\n<script type=\"application\/ld+json\" class=\"yoast-schema-graph\">{\"@context\":\"https:\\\/\\\/schema.org\",\"@graph\":[{\"@type\":\"WebPage\",\"@id\":\"https:\\\/\\\/anivet.lt\\\/elparduotuve\\\/produktas\\\/candioli-bolo-via-plauku-savelas-salinanti-pasta-katems-50g\\\/\",\"url\":\"https:\\\/\\\/anivet.lt\\\/elparduotuve\\\/produktas\\\/candioli-bolo-via-plauku-savelas-salinanti-pasta-katems-50g\\\/\",\"name\":\"Candioli Bolo Via plauk\u0173 s\u0105v\u0117las \u0161alinanti pasta kat\u0117ms 50g - anivet.lt\",\"isPartOf\":{\"@id\":\"https:\\\/\\\/anivet.lt\\\/elparduotuve\\\/#website\"},\"primaryImageOfPage\":{\"@id\":\"https:\\\/\\\/anivet.lt\\\/elparduotuve\\\/produktas\\\/candioli-bolo-via-plauku-savelas-salinanti-pasta-katems-50g\\\/#primaryimage\"},\"image\":{\"@id\":\"https:\\\/\\\/anivet.lt\\\/elparduotuve\\\/produktas\\\/candioli-bolo-via-plauku-savelas-salinanti-pasta-katems-50g\\\/#primaryimage\"},\"thumbnailUrl\":\"https:\\\/\\\/anivet.lt\\\/elparduotuve\\\/wp-content\\\/uploads\\\/2026\\\/02\\\/Candioli-Bolo-Via-plauku-savelas-salinanti-pasta-katems-50g.jpg\",\"datePublished\":\"2026-02-07T09:10:05+00:00\",\"dateModified\":\"2026-02-07T09:10:06+00:00\",\"description\":\"Candioli Bolo Via - skani pasta kat\u0117ms nuo plauk\u0173 kamuoliuk\u0173.\",\"breadcrumb\":{\"@id\":\"https:\\\/\\\/anivet.lt\\\/elparduotuve\\\/produktas\\\/candioli-bolo-via-plauku-savelas-salinanti-pasta-katems-50g\\\/#breadcrumb\"},\"inLanguage\":\"lt-LT\",\"potentialAction\":[{\"@type\":\"ReadAction\",\"target\":[\"https:\\\/\\\/anivet.lt\\\/elparduotuve\\\/produktas\\\/candioli-bolo-via-plauku-savelas-salinanti-pasta-katems-50g\\\/\"]}]},{\"@type\":\"ImageObject\",\"inLanguage\":\"lt-LT\",\"@id\":\"https:\\\/\\\/anivet.lt\\\/elparduotuve\\\/produktas\\\/candioli-bolo-via-plauku-savelas-salinanti-pasta-katems-50g\\\/#primaryimage\",\"url\":\"https:\\\/\\\/anivet.lt\\\/elparduotuve\\\/wp-content\\\/uploads\\\/2026\\\/02\\\/Candioli-Bolo-Via-plauku-savelas-salinanti-pasta-katems-50g.jpg\",\"contentUrl\":\"https:\\\/\\\/anivet.lt\\\/elparduotuve\\\/wp-content\\\/uploads\\\/2026\\\/02\\\/Candioli-Bolo-Via-plauku-savelas-salinanti-pasta-katems-50g.jpg\",\"width\":600,\"height\":600,\"caption\":\"Candioli Bolo Via plauk\u0173 s\u0105v\u0117las \u0161alinanti pasta kat\u0117ms 50g\"},{\"@type\":\"BreadcrumbList\",\"@id\":\"https:\\\/\\\/anivet.lt\\\/elparduotuve\\\/produktas\\\/candioli-bolo-via-plauku-savelas-salinanti-pasta-katems-50g\\\/#breadcrumb\",\"itemListElement\":[{\"@type\":\"ListItem\",\"position\":1,\"name\":\"Home\",\"item\":\"https:\\\/\\\/anivet.lt\\\/elparduotuve\\\/\"},{\"@type\":\"ListItem\",\"position\":2,\"name\":\"Produktai\",\"item\":\"https:\\\/\\\/anivet.lt\\\/elparduotuve\\\/produktai\\\/\"},{\"@type\":\"ListItem\",\"position\":3,\"name\":\"Candioli Bolo Via plauk\u0173 s\u0105v\u0117las \u0161alinanti pasta kat\u0117ms 50g\"}]},{\"@type\":\"WebSite\",\"@id\":\"https:\\\/\\\/anivet.lt\\\/elparduotuve\\\/#website\",\"url\":\"https:\\\/\\\/anivet.lt\\\/elparduotuve\\\/\",\"name\":\"anivet.lt\",\"description\":\"Viskas J\u016bs\u0173 \u0161uns, kat\u0117s prie\u017ei\u016brai\",\"publisher\":{\"@id\":\"https:\\\/\\\/anivet.lt\\\/elparduotuve\\\/#organization\"},\"alternateName\":\"Viskas J\u016bs\u0173 \u0161uns, kat\u0117s prie\u017ei\u016brai\",\"potentialAction\":[{\"@type\":\"SearchAction\",\"target\":{\"@type\":\"EntryPoint\",\"urlTemplate\":\"https:\\\/\\\/anivet.lt\\\/elparduotuve\\\/?s={search_term_string}\"},\"query-input\":{\"@type\":\"PropertyValueSpecification\",\"valueRequired\":true,\"valueName\":\"search_term_string\"}}],\"inLanguage\":\"lt-LT\"},{\"@type\":\"Organization\",\"@id\":\"https:\\\/\\\/anivet.lt\\\/elparduotuve\\\/#organization\",\"name\":\"Viskas J\u016bs\u0173 \u0161uns, kat\u0117s prie\u017ei\u016brai\",\"url\":\"https:\\\/\\\/anivet.lt\\\/elparduotuve\\\/\",\"logo\":{\"@type\":\"ImageObject\",\"inLanguage\":\"lt-LT\",\"@id\":\"https:\\\/\\\/anivet.lt\\\/elparduotuve\\\/#\\\/schema\\\/logo\\\/image\\\/\",\"url\":\"https:\\\/\\\/anivet.lt\\\/elparduotuve\\\/wp-content\\\/uploads\\\/2023\\\/06\\\/logo2.jpg\",\"contentUrl\":\"https:\\\/\\\/anivet.lt\\\/elparduotuve\\\/wp-content\\\/uploads\\\/2023\\\/06\\\/logo2.jpg\",\"width\":655,\"height\":194,\"caption\":\"Viskas J\u016bs\u0173 \u0161uns, kat\u0117s prie\u017ei\u016brai\"},\"image\":{\"@id\":\"https:\\\/\\\/anivet.lt\\\/elparduotuve\\\/#\\\/schema\\\/logo\\\/image\\\/\"}}]}<\/script>\n<!-- \/ Yoast SEO Premium plugin. -->","yoast_head_json":{"title":"Candioli Bolo Via plauk\u0173 s\u0105v\u0117las \u0161alinanti pasta kat\u0117ms 50g - anivet.lt","description":"Candioli Bolo Via - skani pasta kat\u0117ms nuo plauk\u0173 kamuoliuk\u0173.","robots":{"index":"index","follow":"follow","max-snippet":"max-snippet:-1","max-image-preview":"max-image-preview:large","max-video-preview":"max-video-preview:-1"},"canonical":"https:\/\/anivet.lt\/elparduotuve\/produktas\/candioli-bolo-via-plauku-savelas-salinanti-pasta-katems-50g\/","og_locale":"lt_LT","og_type":"article","og_title":"Candioli Bolo Via plauk\u0173 s\u0105v\u0117las \u0161alinanti pasta kat\u0117ms 50g","og_description":"Candioli Bolo Via - skani pasta kat\u0117ms nuo plauk\u0173 kamuoliuk\u0173.","og_url":"https:\/\/anivet.lt\/elparduotuve\/produktas\/candioli-bolo-via-plauku-savelas-salinanti-pasta-katems-50g\/","og_site_name":"anivet.lt","article_modified_time":"2026-02-07T09:10:06+00:00","og_image":[{"width":600,"height":600,"url":"https:\/\/anivet.lt\/elparduotuve\/wp-content\/uploads\/2026\/02\/Candioli-Bolo-Via-plauku-savelas-salinanti-pasta-katems-50g.jpg","type":"image\/jpeg"}],"twitter_card":"summary_large_image","twitter_misc":{"Est. reading time":"1 minut\u0117"},"schema":{"@context":"https:\/\/schema.org","@graph":[{"@type":"WebPage","@id":"https:\/\/anivet.lt\/elparduotuve\/produktas\/candioli-bolo-via-plauku-savelas-salinanti-pasta-katems-50g\/","url":"https:\/\/anivet.lt\/elparduotuve\/produktas\/candioli-bolo-via-plauku-savelas-salinanti-pasta-katems-50g\/","name":"Candioli Bolo Via plauk\u0173 s\u0105v\u0117las \u0161alinanti pasta kat\u0117ms 50g - anivet.lt","isPartOf":{"@id":"https:\/\/anivet.lt\/elparduotuve\/#website"},"primaryImageOfPage":{"@id":"https:\/\/anivet.lt\/elparduotuve\/produktas\/candioli-bolo-via-plauku-savelas-salinanti-pasta-katems-50g\/#primaryimage"},"image":{"@id":"https:\/\/anivet.lt\/elparduotuve\/produktas\/candioli-bolo-via-plauku-savelas-salinanti-pasta-katems-50g\/#primaryimage"},"thumbnailUrl":"https:\/\/anivet.lt\/elparduotuve\/wp-content\/uploads\/2026\/02\/Candioli-Bolo-Via-plauku-savelas-salinanti-pasta-katems-50g.jpg","datePublished":"2026-02-07T09:10:05+00:00","dateModified":"2026-02-07T09:10:06+00:00","description":"Candioli Bolo Via - skani pasta kat\u0117ms nuo plauk\u0173 kamuoliuk\u0173.","breadcrumb":{"@id":"https:\/\/anivet.lt\/elparduotuve\/produktas\/candioli-bolo-via-plauku-savelas-salinanti-pasta-katems-50g\/#breadcrumb"},"inLanguage":"lt-LT","potentialAction":[{"@type":"ReadAction","target":["https:\/\/anivet.lt\/elparduotuve\/produktas\/candioli-bolo-via-plauku-savelas-salinanti-pasta-katems-50g\/"]}]},{"@type":"ImageObject","inLanguage":"lt-LT","@id":"https:\/\/anivet.lt\/elparduotuve\/produktas\/candioli-bolo-via-plauku-savelas-salinanti-pasta-katems-50g\/#primaryimage","url":"https:\/\/anivet.lt\/elparduotuve\/wp-content\/uploads\/2026\/02\/Candioli-Bolo-Via-plauku-savelas-salinanti-pasta-katems-50g.jpg","contentUrl":"https:\/\/anivet.lt\/elparduotuve\/wp-content\/uploads\/2026\/02\/Candioli-Bolo-Via-plauku-savelas-salinanti-pasta-katems-50g.jpg","width":600,"height":600,"caption":"Candioli Bolo Via plauk\u0173 s\u0105v\u0117las \u0161alinanti pasta kat\u0117ms 50g"},{"@type":"BreadcrumbList","@id":"https:\/\/anivet.lt\/elparduotuve\/produktas\/candioli-bolo-via-plauku-savelas-salinanti-pasta-katems-50g\/#breadcrumb","itemListElement":[{"@type":"ListItem","position":1,"name":"Home","item":"https:\/\/anivet.lt\/elparduotuve\/"},{"@type":"ListItem","position":2,"name":"Produktai","item":"https:\/\/anivet.lt\/elparduotuve\/produktai\/"},{"@type":"ListItem","position":3,"name":"Candioli Bolo Via plauk\u0173 s\u0105v\u0117las \u0161alinanti pasta kat\u0117ms 50g"}]},{"@type":"WebSite","@id":"https:\/\/anivet.lt\/elparduotuve\/#website","url":"https:\/\/anivet.lt\/elparduotuve\/","name":"anivet.lt","description":"Viskas J\u016bs\u0173 \u0161uns, kat\u0117s prie\u017ei\u016brai","publisher":{"@id":"https:\/\/anivet.lt\/elparduotuve\/#organization"},"alternateName":"Viskas J\u016bs\u0173 \u0161uns, kat\u0117s prie\u017ei\u016brai","potentialAction":[{"@type":"SearchAction","target":{"@type":"EntryPoint","urlTemplate":"https:\/\/anivet.lt\/elparduotuve\/?s={search_term_string}"},"query-input":{"@type":"PropertyValueSpecification","valueRequired":true,"valueName":"search_term_string"}}],"inLanguage":"lt-LT"},{"@type":"Organization","@id":"https:\/\/anivet.lt\/elparduotuve\/#organization","name":"Viskas J\u016bs\u0173 \u0161uns, kat\u0117s prie\u017ei\u016brai","url":"https:\/\/anivet.lt\/elparduotuve\/","logo":{"@type":"ImageObject","inLanguage":"lt-LT","@id":"https:\/\/anivet.lt\/elparduotuve\/#\/schema\/logo\/image\/","url":"https:\/\/anivet.lt\/elparduotuve\/wp-content\/uploads\/2023\/06\/logo2.jpg","contentUrl":"https:\/\/anivet.lt\/elparduotuve\/wp-content\/uploads\/2023\/06\/logo2.jpg","width":655,"height":194,"caption":"Viskas J\u016bs\u0173 \u0161uns, kat\u0117s prie\u017ei\u016brai"},"image":{"@id":"https:\/\/anivet.lt\/elparduotuve\/#\/schema\/logo\/image\/"}}]}},"_links":{"self":[{"href":"https:\/\/anivet.lt\/elparduotuve\/wp-json\/wp\/v2\/product\/20184","targetHints":{"allow":["GET"]}}],"collection":[{"href":"https:\/\/anivet.lt\/elparduotuve\/wp-json\/wp\/v2\/product"}],"about":[{"href":"https:\/\/anivet.lt\/elparduotuve\/wp-json\/wp\/v2\/types\/product"}],"wp:featuredmedia":[{"embeddable":true,"href":"https:\/\/anivet.lt\/elparduotuve\/wp-json\/wp\/v2\/media\/20185"}],"wp:attachment":[{"href":"https:\/\/anivet.lt\/elparduotuve\/wp-json\/wp\/v2\/media?parent=20184"}],"wp:term":[{"taxonomy":"product_brand","embeddable":true,"href":"https:\/\/anivet.lt\/elparduotuve\/wp-json\/wp\/v2\/product_brand?post=20184"},{"taxonomy":"product_cat","embeddable":true,"href":"https:\/\/anivet.lt\/elparduotuve\/wp-json\/wp\/v2\/product_cat?post=20184"},{"taxonomy":"product_tag","embeddable":true,"href":"https:\/\/anivet.lt\/elparduotuve\/wp-json\/wp\/v2\/product_tag?post=20184"}],"curies":[{"name":"wp","href":"https:\/\/api.w.org\/{rel}","templated":true}]}}