{"id":20200,"date":"2026-02-07T10:49:24","date_gmt":"2026-02-07T10:49:24","guid":{"rendered":"https:\/\/anivet.lt\/elparduotuve\/?post_type=product&#038;p=20200"},"modified":"2026-04-06T08:17:37","modified_gmt":"2026-04-06T08:17:37","slug":"candioli-dentalpet-dantu-pasta-sunims-ir-katems-50ml","status":"publish","type":"product","link":"https:\/\/anivet.lt\/elparduotuve\/produktas\/candioli-dentalpet-dantu-pasta-sunims-ir-katems-50ml\/","title":{"rendered":"Candioli DentalPet dant\u0173 pasta \u0161unims ir kat\u0117ms 50ml"},"content":{"rendered":"<ul>\n<li>Candioli Dentalpet dant\u0173 pasta pritaikyta kasdienei \u0161un\u0173 ir ka\u010di\u0173 dant\u0173 prie\u017ei\u016brai bei burnos higienai.<\/li>\n<li>Reguliarus naudojimas padeda palaikyti dant\u0173 \u0161var\u0105, suma\u017einti nemalon\u0173 kvap\u0105 i\u0161 nasr\u0173 ir prisideda prie bendros burnos ertm\u0117s sveikatos.<\/li>\n<li>\u0160velni, augintiniams pritaikyta sud\u0117tis ramina ir mink\u0161tina dantenas, stiprina dant\u0173 emal\u012f bei padeda palaikyti nat\u016bralius burnos apsauginius mechanizmus, tod\u0117l dant\u0173 pasta tinka ilgalaikiam ir saugiam naudojimui.<\/li>\n<\/ul>\n","protected":false},"excerpt":{"rendered":"<p><span style=\"font-family: 'Aptos',sans-serif;\">Candioli Dentalpet dant\u0173 pasta \u0161unims ir kat\u0117ms &#8211; tai efektyvi burnos prie\u017ei\u016bros priemon\u0117, skirta danten\u0173 prie\u017ei\u016brai, dant\u0173 emalio stiprinimui ir nat\u016bralios burnos ertm\u0117s apsaugos palaikymui.<\/span><\/p>\n","protected":false},"featured_media":20201,"template":"","meta":[],"product_brand":[],"product_cat":[101,102,108,119,112,123],"product_tag":[],"class_list":{"0":"post-20200","1":"product","2":"type-product","3":"status-publish","4":"has-post-thumbnail","6":"product_cat-sunims","7":"product_cat-katems","8":"product_cat-prieziuros-priemones","9":"product_cat-prieziuros-priemones-katems","10":"product_cat-dantu-ir-burnos-higiena","11":"product_cat-dantu-ir-burnos-higiena-prieziuros-priemones-katems","12":"pa_prekinis-zenklas-candioli","14":"first","15":"instock","16":"sale","17":"taxable","18":"shipping-taxable","19":"purchasable","20":"product-type-simple"},"yoast_head":"<!-- This site is optimized with the Yoast SEO Premium plugin v27.1 (Yoast SEO v27.5) - https:\/\/yoast.com\/product\/yoast-seo-premium-wordpress\/ -->\n<title>Candioli DentalPet dant\u0173 pasta \u0161unims ir kat\u0117ms 50ml - anivet.lt<\/title>\n<meta name=\"description\" content=\"Candioli Dentalpet dant\u0173 pasta \u0161unims ir kat\u0117ms - tai efektyvi burnos prie\u017ei\u016bros priemon\u0117, skirta danten\u0173 prie\u017ei\u016brai, dant\u0173 emalio stiprinimui ir nat\u016bralios burnos ertm\u0117s apsaugos palaikymui.\" \/>\n<meta name=\"robots\" content=\"index, follow, max-snippet:-1, max-image-preview:large, max-video-preview:-1\" \/>\n<link rel=\"canonical\" href=\"https:\/\/anivet.lt\/elparduotuve\/produktas\/candioli-dentalpet-dantu-pasta-sunims-ir-katems-50ml\/\" \/>\n<meta property=\"og:locale\" content=\"lt_LT\" \/>\n<meta property=\"og:type\" content=\"article\" \/>\n<meta property=\"og:title\" content=\"Candioli DentalPet dant\u0173 pasta \u0161unims ir kat\u0117ms 50ml\" \/>\n<meta property=\"og:description\" content=\"Candioli Dentalpet dant\u0173 pasta \u0161unims ir kat\u0117ms - tai efektyvi burnos prie\u017ei\u016bros priemon\u0117, skirta danten\u0173 prie\u017ei\u016brai, dant\u0173 emalio stiprinimui ir nat\u016bralios burnos ertm\u0117s apsaugos palaikymui.\" \/>\n<meta property=\"og:url\" content=\"https:\/\/anivet.lt\/elparduotuve\/produktas\/candioli-dentalpet-dantu-pasta-sunims-ir-katems-50ml\/\" \/>\n<meta property=\"og:site_name\" content=\"anivet.lt\" \/>\n<meta property=\"article:modified_time\" content=\"2026-04-06T08:17:37+00:00\" \/>\n<meta property=\"og:image\" content=\"https:\/\/anivet.lt\/elparduotuve\/wp-content\/uploads\/2026\/02\/Candioli-DentalPet-dantu-pasta-sunims-ir-katems-50ml.jpg\" \/>\n\t<meta property=\"og:image:width\" content=\"600\" \/>\n\t<meta property=\"og:image:height\" content=\"600\" \/>\n\t<meta property=\"og:image:type\" content=\"image\/jpeg\" \/>\n<meta name=\"twitter:card\" content=\"summary_large_image\" \/>\n<meta name=\"twitter:label1\" content=\"Est. reading time\" \/>\n\t<meta name=\"twitter:data1\" content=\"1 minut\u0117\" \/>\n<script type=\"application\/ld+json\" class=\"yoast-schema-graph\">{\"@context\":\"https:\\\/\\\/schema.org\",\"@graph\":[{\"@type\":\"WebPage\",\"@id\":\"https:\\\/\\\/anivet.lt\\\/elparduotuve\\\/produktas\\\/candioli-dentalpet-dantu-pasta-sunims-ir-katems-50ml\\\/\",\"url\":\"https:\\\/\\\/anivet.lt\\\/elparduotuve\\\/produktas\\\/candioli-dentalpet-dantu-pasta-sunims-ir-katems-50ml\\\/\",\"name\":\"Candioli DentalPet dant\u0173 pasta \u0161unims ir kat\u0117ms 50ml - anivet.lt\",\"isPartOf\":{\"@id\":\"https:\\\/\\\/anivet.lt\\\/elparduotuve\\\/#website\"},\"primaryImageOfPage\":{\"@id\":\"https:\\\/\\\/anivet.lt\\\/elparduotuve\\\/produktas\\\/candioli-dentalpet-dantu-pasta-sunims-ir-katems-50ml\\\/#primaryimage\"},\"image\":{\"@id\":\"https:\\\/\\\/anivet.lt\\\/elparduotuve\\\/produktas\\\/candioli-dentalpet-dantu-pasta-sunims-ir-katems-50ml\\\/#primaryimage\"},\"thumbnailUrl\":\"https:\\\/\\\/anivet.lt\\\/elparduotuve\\\/wp-content\\\/uploads\\\/2026\\\/02\\\/Candioli-DentalPet-dantu-pasta-sunims-ir-katems-50ml.jpg\",\"datePublished\":\"2026-02-07T10:49:24+00:00\",\"dateModified\":\"2026-04-06T08:17:37+00:00\",\"description\":\"Candioli Dentalpet dant\u0173 pasta \u0161unims ir kat\u0117ms - tai efektyvi burnos prie\u017ei\u016bros priemon\u0117, skirta danten\u0173 prie\u017ei\u016brai, dant\u0173 emalio stiprinimui ir nat\u016bralios burnos ertm\u0117s apsaugos palaikymui.\",\"breadcrumb\":{\"@id\":\"https:\\\/\\\/anivet.lt\\\/elparduotuve\\\/produktas\\\/candioli-dentalpet-dantu-pasta-sunims-ir-katems-50ml\\\/#breadcrumb\"},\"inLanguage\":\"lt-LT\",\"potentialAction\":[{\"@type\":\"ReadAction\",\"target\":[\"https:\\\/\\\/anivet.lt\\\/elparduotuve\\\/produktas\\\/candioli-dentalpet-dantu-pasta-sunims-ir-katems-50ml\\\/\"]}]},{\"@type\":\"ImageObject\",\"inLanguage\":\"lt-LT\",\"@id\":\"https:\\\/\\\/anivet.lt\\\/elparduotuve\\\/produktas\\\/candioli-dentalpet-dantu-pasta-sunims-ir-katems-50ml\\\/#primaryimage\",\"url\":\"https:\\\/\\\/anivet.lt\\\/elparduotuve\\\/wp-content\\\/uploads\\\/2026\\\/02\\\/Candioli-DentalPet-dantu-pasta-sunims-ir-katems-50ml.jpg\",\"contentUrl\":\"https:\\\/\\\/anivet.lt\\\/elparduotuve\\\/wp-content\\\/uploads\\\/2026\\\/02\\\/Candioli-DentalPet-dantu-pasta-sunims-ir-katems-50ml.jpg\",\"width\":600,\"height\":600,\"caption\":\"Candioli DentalPet dant\u0173 pasta \u0161unims ir kat\u0117ms 50ml\"},{\"@type\":\"BreadcrumbList\",\"@id\":\"https:\\\/\\\/anivet.lt\\\/elparduotuve\\\/produktas\\\/candioli-dentalpet-dantu-pasta-sunims-ir-katems-50ml\\\/#breadcrumb\",\"itemListElement\":[{\"@type\":\"ListItem\",\"position\":1,\"name\":\"Home\",\"item\":\"https:\\\/\\\/anivet.lt\\\/elparduotuve\\\/\"},{\"@type\":\"ListItem\",\"position\":2,\"name\":\"Produktai\",\"item\":\"https:\\\/\\\/anivet.lt\\\/elparduotuve\\\/produktai\\\/\"},{\"@type\":\"ListItem\",\"position\":3,\"name\":\"Candioli DentalPet dant\u0173 pasta \u0161unims ir kat\u0117ms 50ml\"}]},{\"@type\":\"WebSite\",\"@id\":\"https:\\\/\\\/anivet.lt\\\/elparduotuve\\\/#website\",\"url\":\"https:\\\/\\\/anivet.lt\\\/elparduotuve\\\/\",\"name\":\"anivet.lt\",\"description\":\"Viskas J\u016bs\u0173 \u0161uns, kat\u0117s prie\u017ei\u016brai\",\"publisher\":{\"@id\":\"https:\\\/\\\/anivet.lt\\\/elparduotuve\\\/#organization\"},\"alternateName\":\"Viskas J\u016bs\u0173 \u0161uns, kat\u0117s prie\u017ei\u016brai\",\"potentialAction\":[{\"@type\":\"SearchAction\",\"target\":{\"@type\":\"EntryPoint\",\"urlTemplate\":\"https:\\\/\\\/anivet.lt\\\/elparduotuve\\\/?s={search_term_string}\"},\"query-input\":{\"@type\":\"PropertyValueSpecification\",\"valueRequired\":true,\"valueName\":\"search_term_string\"}}],\"inLanguage\":\"lt-LT\"},{\"@type\":\"Organization\",\"@id\":\"https:\\\/\\\/anivet.lt\\\/elparduotuve\\\/#organization\",\"name\":\"Viskas J\u016bs\u0173 \u0161uns, kat\u0117s prie\u017ei\u016brai\",\"url\":\"https:\\\/\\\/anivet.lt\\\/elparduotuve\\\/\",\"logo\":{\"@type\":\"ImageObject\",\"inLanguage\":\"lt-LT\",\"@id\":\"https:\\\/\\\/anivet.lt\\\/elparduotuve\\\/#\\\/schema\\\/logo\\\/image\\\/\",\"url\":\"https:\\\/\\\/anivet.lt\\\/elparduotuve\\\/wp-content\\\/uploads\\\/2023\\\/06\\\/logo2.jpg\",\"contentUrl\":\"https:\\\/\\\/anivet.lt\\\/elparduotuve\\\/wp-content\\\/uploads\\\/2023\\\/06\\\/logo2.jpg\",\"width\":655,\"height\":194,\"caption\":\"Viskas J\u016bs\u0173 \u0161uns, kat\u0117s prie\u017ei\u016brai\"},\"image\":{\"@id\":\"https:\\\/\\\/anivet.lt\\\/elparduotuve\\\/#\\\/schema\\\/logo\\\/image\\\/\"}}]}<\/script>\n<!-- \/ Yoast SEO Premium plugin. -->","yoast_head_json":{"title":"Candioli DentalPet dant\u0173 pasta \u0161unims ir kat\u0117ms 50ml - anivet.lt","description":"Candioli Dentalpet dant\u0173 pasta \u0161unims ir kat\u0117ms - tai efektyvi burnos prie\u017ei\u016bros priemon\u0117, skirta danten\u0173 prie\u017ei\u016brai, dant\u0173 emalio stiprinimui ir nat\u016bralios burnos ertm\u0117s apsaugos palaikymui.","robots":{"index":"index","follow":"follow","max-snippet":"max-snippet:-1","max-image-preview":"max-image-preview:large","max-video-preview":"max-video-preview:-1"},"canonical":"https:\/\/anivet.lt\/elparduotuve\/produktas\/candioli-dentalpet-dantu-pasta-sunims-ir-katems-50ml\/","og_locale":"lt_LT","og_type":"article","og_title":"Candioli DentalPet dant\u0173 pasta \u0161unims ir kat\u0117ms 50ml","og_description":"Candioli Dentalpet dant\u0173 pasta \u0161unims ir kat\u0117ms - tai efektyvi burnos prie\u017ei\u016bros priemon\u0117, skirta danten\u0173 prie\u017ei\u016brai, dant\u0173 emalio stiprinimui ir nat\u016bralios burnos ertm\u0117s apsaugos palaikymui.","og_url":"https:\/\/anivet.lt\/elparduotuve\/produktas\/candioli-dentalpet-dantu-pasta-sunims-ir-katems-50ml\/","og_site_name":"anivet.lt","article_modified_time":"2026-04-06T08:17:37+00:00","og_image":[{"width":600,"height":600,"url":"https:\/\/anivet.lt\/elparduotuve\/wp-content\/uploads\/2026\/02\/Candioli-DentalPet-dantu-pasta-sunims-ir-katems-50ml.jpg","type":"image\/jpeg"}],"twitter_card":"summary_large_image","twitter_misc":{"Est. reading time":"1 minut\u0117"},"schema":{"@context":"https:\/\/schema.org","@graph":[{"@type":"WebPage","@id":"https:\/\/anivet.lt\/elparduotuve\/produktas\/candioli-dentalpet-dantu-pasta-sunims-ir-katems-50ml\/","url":"https:\/\/anivet.lt\/elparduotuve\/produktas\/candioli-dentalpet-dantu-pasta-sunims-ir-katems-50ml\/","name":"Candioli DentalPet dant\u0173 pasta \u0161unims ir kat\u0117ms 50ml - anivet.lt","isPartOf":{"@id":"https:\/\/anivet.lt\/elparduotuve\/#website"},"primaryImageOfPage":{"@id":"https:\/\/anivet.lt\/elparduotuve\/produktas\/candioli-dentalpet-dantu-pasta-sunims-ir-katems-50ml\/#primaryimage"},"image":{"@id":"https:\/\/anivet.lt\/elparduotuve\/produktas\/candioli-dentalpet-dantu-pasta-sunims-ir-katems-50ml\/#primaryimage"},"thumbnailUrl":"https:\/\/anivet.lt\/elparduotuve\/wp-content\/uploads\/2026\/02\/Candioli-DentalPet-dantu-pasta-sunims-ir-katems-50ml.jpg","datePublished":"2026-02-07T10:49:24+00:00","dateModified":"2026-04-06T08:17:37+00:00","description":"Candioli Dentalpet dant\u0173 pasta \u0161unims ir kat\u0117ms - tai efektyvi burnos prie\u017ei\u016bros priemon\u0117, skirta danten\u0173 prie\u017ei\u016brai, dant\u0173 emalio stiprinimui ir nat\u016bralios burnos ertm\u0117s apsaugos palaikymui.","breadcrumb":{"@id":"https:\/\/anivet.lt\/elparduotuve\/produktas\/candioli-dentalpet-dantu-pasta-sunims-ir-katems-50ml\/#breadcrumb"},"inLanguage":"lt-LT","potentialAction":[{"@type":"ReadAction","target":["https:\/\/anivet.lt\/elparduotuve\/produktas\/candioli-dentalpet-dantu-pasta-sunims-ir-katems-50ml\/"]}]},{"@type":"ImageObject","inLanguage":"lt-LT","@id":"https:\/\/anivet.lt\/elparduotuve\/produktas\/candioli-dentalpet-dantu-pasta-sunims-ir-katems-50ml\/#primaryimage","url":"https:\/\/anivet.lt\/elparduotuve\/wp-content\/uploads\/2026\/02\/Candioli-DentalPet-dantu-pasta-sunims-ir-katems-50ml.jpg","contentUrl":"https:\/\/anivet.lt\/elparduotuve\/wp-content\/uploads\/2026\/02\/Candioli-DentalPet-dantu-pasta-sunims-ir-katems-50ml.jpg","width":600,"height":600,"caption":"Candioli DentalPet dant\u0173 pasta \u0161unims ir kat\u0117ms 50ml"},{"@type":"BreadcrumbList","@id":"https:\/\/anivet.lt\/elparduotuve\/produktas\/candioli-dentalpet-dantu-pasta-sunims-ir-katems-50ml\/#breadcrumb","itemListElement":[{"@type":"ListItem","position":1,"name":"Home","item":"https:\/\/anivet.lt\/elparduotuve\/"},{"@type":"ListItem","position":2,"name":"Produktai","item":"https:\/\/anivet.lt\/elparduotuve\/produktai\/"},{"@type":"ListItem","position":3,"name":"Candioli DentalPet dant\u0173 pasta \u0161unims ir kat\u0117ms 50ml"}]},{"@type":"WebSite","@id":"https:\/\/anivet.lt\/elparduotuve\/#website","url":"https:\/\/anivet.lt\/elparduotuve\/","name":"anivet.lt","description":"Viskas J\u016bs\u0173 \u0161uns, kat\u0117s prie\u017ei\u016brai","publisher":{"@id":"https:\/\/anivet.lt\/elparduotuve\/#organization"},"alternateName":"Viskas J\u016bs\u0173 \u0161uns, kat\u0117s prie\u017ei\u016brai","potentialAction":[{"@type":"SearchAction","target":{"@type":"EntryPoint","urlTemplate":"https:\/\/anivet.lt\/elparduotuve\/?s={search_term_string}"},"query-input":{"@type":"PropertyValueSpecification","valueRequired":true,"valueName":"search_term_string"}}],"inLanguage":"lt-LT"},{"@type":"Organization","@id":"https:\/\/anivet.lt\/elparduotuve\/#organization","name":"Viskas J\u016bs\u0173 \u0161uns, kat\u0117s prie\u017ei\u016brai","url":"https:\/\/anivet.lt\/elparduotuve\/","logo":{"@type":"ImageObject","inLanguage":"lt-LT","@id":"https:\/\/anivet.lt\/elparduotuve\/#\/schema\/logo\/image\/","url":"https:\/\/anivet.lt\/elparduotuve\/wp-content\/uploads\/2023\/06\/logo2.jpg","contentUrl":"https:\/\/anivet.lt\/elparduotuve\/wp-content\/uploads\/2023\/06\/logo2.jpg","width":655,"height":194,"caption":"Viskas J\u016bs\u0173 \u0161uns, kat\u0117s prie\u017ei\u016brai"},"image":{"@id":"https:\/\/anivet.lt\/elparduotuve\/#\/schema\/logo\/image\/"}}]}},"_links":{"self":[{"href":"https:\/\/anivet.lt\/elparduotuve\/wp-json\/wp\/v2\/product\/20200","targetHints":{"allow":["GET"]}}],"collection":[{"href":"https:\/\/anivet.lt\/elparduotuve\/wp-json\/wp\/v2\/product"}],"about":[{"href":"https:\/\/anivet.lt\/elparduotuve\/wp-json\/wp\/v2\/types\/product"}],"wp:featuredmedia":[{"embeddable":true,"href":"https:\/\/anivet.lt\/elparduotuve\/wp-json\/wp\/v2\/media\/20201"}],"wp:attachment":[{"href":"https:\/\/anivet.lt\/elparduotuve\/wp-json\/wp\/v2\/media?parent=20200"}],"wp:term":[{"taxonomy":"product_brand","embeddable":true,"href":"https:\/\/anivet.lt\/elparduotuve\/wp-json\/wp\/v2\/product_brand?post=20200"},{"taxonomy":"product_cat","embeddable":true,"href":"https:\/\/anivet.lt\/elparduotuve\/wp-json\/wp\/v2\/product_cat?post=20200"},{"taxonomy":"product_tag","embeddable":true,"href":"https:\/\/anivet.lt\/elparduotuve\/wp-json\/wp\/v2\/product_tag?post=20200"}],"curies":[{"name":"wp","href":"https:\/\/api.w.org\/{rel}","templated":true}]}}