{"id":20218,"date":"2026-02-10T13:15:53","date_gmt":"2026-02-10T13:15:53","guid":{"rendered":"https:\/\/anivet.lt\/elparduotuve\/?post_type=product&#038;p=20218"},"modified":"2026-03-03T18:59:31","modified_gmt":"2026-03-03T18:59:31","slug":"happet-kavamedzio-lazdele-sunims-18x2-8x3-7cm","status":"publish","type":"product","link":"https:\/\/anivet.lt\/elparduotuve\/produktas\/happet-kavamedzio-lazdele-sunims-18x2-8x3-7cm\/","title":{"rendered":"Happet kavamed\u017eio lazdel\u0117 \u0161unims 18&#215;2.8&#215;3.7cm"},"content":{"rendered":"<ul>\n<li>Padeda valyti \u0161uns dantis, ma\u017eina apna\u0161as, ramina dantenas ir suteikia augintiniui ilgalaik\u0117s veiklos.<\/li>\n<li>Kramtant atsiskiriantys kavamed\u017eio pluo\u0161tai nat\u016braliai i\u0161valo tarpdan\u010dius, o seil\u0117mis sudr\u0117kinta mediena tampa mink\u0161tesn\u0117 ir saugi dantenoms.<\/li>\n<li>Nat\u016bralus kavamed\u017eio kramtalas mal\u0161ina danten\u0173 skausm\u0105, padeda \u0161uniui nusiraminti ir patenkina nat\u016bral\u0173 grau\u017eimo poreik\u012f.<\/li>\n<li>Kavamed\u017eio medienoje n\u0117ra kofeino ir teobromino, tod\u0117l kramtalas yra visi\u0161kai saugus \u0161unims.<\/li>\n<li>Puikus pasirinkimas ie\u0161kantiems nat\u016bralaus \u017eaislo \u0161uniui, kramtomojo \u017eaislo \u0161uniukams ar ekologi\u0161ko \u0161un\u0173 dant\u0173 valymo sprendimo.<\/li>\n<\/ul>\n","protected":false},"excerpt":{"rendered":"<p>Happet kavamed\u017eio kramtalas \u0161unims \u2013 nat\u016bralus kramtomasis \u017eaislas, pagamintas i\u0161 100 % kavamed\u017eio medienos, be konservant\u0173, da\u017eikli\u0173 ar dirbtini\u0173 pried\u0173.<\/p>\n","protected":false},"featured_media":20219,"template":"","meta":[],"product_brand":[],"product_cat":[101,108,311],"product_tag":[],"class_list":{"0":"post-20218","1":"product","2":"type-product","3":"status-publish","4":"has-post-thumbnail","6":"product_cat-sunims","7":"product_cat-prieziuros-priemones","8":"product_cat-zaislai-prieziuros-priemones","9":"pa_prekinis-zenklas-happet","11":"first","12":"instock","13":"taxable","14":"shipping-taxable","15":"purchasable","16":"product-type-simple"},"yoast_head":"<!-- This site is optimized with the Yoast SEO Premium plugin v27.1 (Yoast SEO v27.3) - https:\/\/yoast.com\/product\/yoast-seo-premium-wordpress\/ -->\n<title>Happet kavamed\u017eio lazdel\u0117 \u0161unims 18x2.8x3.7cm - anivet.lt<\/title>\n<meta name=\"description\" content=\"Happet kavamed\u017eio kramtalas \u0161unims \u2013 nat\u016bralus kramtomasis \u017eaislas, pagamintas i\u0161 100 % kavamed\u017eio medienos, be konservant\u0173, da\u017eikli\u0173 ar dirbtini\u0173 pried\u0173.\" \/>\n<meta name=\"robots\" content=\"index, follow, max-snippet:-1, max-image-preview:large, max-video-preview:-1\" \/>\n<link rel=\"canonical\" href=\"https:\/\/anivet.lt\/elparduotuve\/produktas\/happet-kavamedzio-lazdele-sunims-18x2-8x3-7cm\/\" \/>\n<meta property=\"og:locale\" content=\"lt_LT\" \/>\n<meta property=\"og:type\" content=\"article\" \/>\n<meta property=\"og:title\" content=\"Happet kavamed\u017eio lazdel\u0117 \u0161unims 18x2.8x3.7cm\" \/>\n<meta property=\"og:description\" content=\"Happet kavamed\u017eio kramtalas \u0161unims \u2013 nat\u016bralus kramtomasis \u017eaislas, pagamintas i\u0161 100 % kavamed\u017eio medienos, be konservant\u0173, da\u017eikli\u0173 ar dirbtini\u0173 pried\u0173.\" \/>\n<meta property=\"og:url\" content=\"https:\/\/anivet.lt\/elparduotuve\/produktas\/happet-kavamedzio-lazdele-sunims-18x2-8x3-7cm\/\" \/>\n<meta property=\"og:site_name\" content=\"anivet.lt\" \/>\n<meta property=\"article:modified_time\" content=\"2026-03-03T18:59:31+00:00\" \/>\n<meta property=\"og:image\" content=\"https:\/\/anivet.lt\/elparduotuve\/wp-content\/uploads\/2026\/02\/Happet-kavamedzio-lazdele-sunims-18x2.8x3.7cm.jpg\" \/>\n\t<meta property=\"og:image:width\" content=\"600\" \/>\n\t<meta property=\"og:image:height\" content=\"600\" \/>\n\t<meta property=\"og:image:type\" content=\"image\/jpeg\" \/>\n<meta name=\"twitter:card\" content=\"summary_large_image\" \/>\n<meta name=\"twitter:label1\" content=\"Est. reading time\" \/>\n\t<meta name=\"twitter:data1\" content=\"1 minut\u0117\" \/>\n<script type=\"application\/ld+json\" class=\"yoast-schema-graph\">{\"@context\":\"https:\\\/\\\/schema.org\",\"@graph\":[{\"@type\":\"WebPage\",\"@id\":\"https:\\\/\\\/anivet.lt\\\/elparduotuve\\\/produktas\\\/happet-kavamedzio-lazdele-sunims-18x2-8x3-7cm\\\/\",\"url\":\"https:\\\/\\\/anivet.lt\\\/elparduotuve\\\/produktas\\\/happet-kavamedzio-lazdele-sunims-18x2-8x3-7cm\\\/\",\"name\":\"Happet kavamed\u017eio lazdel\u0117 \u0161unims 18x2.8x3.7cm - anivet.lt\",\"isPartOf\":{\"@id\":\"https:\\\/\\\/anivet.lt\\\/elparduotuve\\\/#website\"},\"primaryImageOfPage\":{\"@id\":\"https:\\\/\\\/anivet.lt\\\/elparduotuve\\\/produktas\\\/happet-kavamedzio-lazdele-sunims-18x2-8x3-7cm\\\/#primaryimage\"},\"image\":{\"@id\":\"https:\\\/\\\/anivet.lt\\\/elparduotuve\\\/produktas\\\/happet-kavamedzio-lazdele-sunims-18x2-8x3-7cm\\\/#primaryimage\"},\"thumbnailUrl\":\"https:\\\/\\\/anivet.lt\\\/elparduotuve\\\/wp-content\\\/uploads\\\/2026\\\/02\\\/Happet-kavamedzio-lazdele-sunims-18x2.8x3.7cm.jpg\",\"datePublished\":\"2026-02-10T13:15:53+00:00\",\"dateModified\":\"2026-03-03T18:59:31+00:00\",\"description\":\"Happet kavamed\u017eio kramtalas \u0161unims \u2013 nat\u016bralus kramtomasis \u017eaislas, pagamintas i\u0161 100 % kavamed\u017eio medienos, be konservant\u0173, da\u017eikli\u0173 ar dirbtini\u0173 pried\u0173.\",\"breadcrumb\":{\"@id\":\"https:\\\/\\\/anivet.lt\\\/elparduotuve\\\/produktas\\\/happet-kavamedzio-lazdele-sunims-18x2-8x3-7cm\\\/#breadcrumb\"},\"inLanguage\":\"lt-LT\",\"potentialAction\":[{\"@type\":\"ReadAction\",\"target\":[\"https:\\\/\\\/anivet.lt\\\/elparduotuve\\\/produktas\\\/happet-kavamedzio-lazdele-sunims-18x2-8x3-7cm\\\/\"]}]},{\"@type\":\"ImageObject\",\"inLanguage\":\"lt-LT\",\"@id\":\"https:\\\/\\\/anivet.lt\\\/elparduotuve\\\/produktas\\\/happet-kavamedzio-lazdele-sunims-18x2-8x3-7cm\\\/#primaryimage\",\"url\":\"https:\\\/\\\/anivet.lt\\\/elparduotuve\\\/wp-content\\\/uploads\\\/2026\\\/02\\\/Happet-kavamedzio-lazdele-sunims-18x2.8x3.7cm.jpg\",\"contentUrl\":\"https:\\\/\\\/anivet.lt\\\/elparduotuve\\\/wp-content\\\/uploads\\\/2026\\\/02\\\/Happet-kavamedzio-lazdele-sunims-18x2.8x3.7cm.jpg\",\"width\":600,\"height\":600,\"caption\":\"AUTO-DRAFT\"},{\"@type\":\"BreadcrumbList\",\"@id\":\"https:\\\/\\\/anivet.lt\\\/elparduotuve\\\/produktas\\\/happet-kavamedzio-lazdele-sunims-18x2-8x3-7cm\\\/#breadcrumb\",\"itemListElement\":[{\"@type\":\"ListItem\",\"position\":1,\"name\":\"Home\",\"item\":\"https:\\\/\\\/anivet.lt\\\/elparduotuve\\\/\"},{\"@type\":\"ListItem\",\"position\":2,\"name\":\"Produktai\",\"item\":\"https:\\\/\\\/anivet.lt\\\/elparduotuve\\\/produktai\\\/\"},{\"@type\":\"ListItem\",\"position\":3,\"name\":\"Happet kavamed\u017eio lazdel\u0117 \u0161unims 18&#215;2.8&#215;3.7cm\"}]},{\"@type\":\"WebSite\",\"@id\":\"https:\\\/\\\/anivet.lt\\\/elparduotuve\\\/#website\",\"url\":\"https:\\\/\\\/anivet.lt\\\/elparduotuve\\\/\",\"name\":\"anivet.lt\",\"description\":\"Viskas J\u016bs\u0173 \u0161uns, kat\u0117s prie\u017ei\u016brai\",\"publisher\":{\"@id\":\"https:\\\/\\\/anivet.lt\\\/elparduotuve\\\/#organization\"},\"alternateName\":\"Viskas J\u016bs\u0173 \u0161uns, kat\u0117s prie\u017ei\u016brai\",\"potentialAction\":[{\"@type\":\"SearchAction\",\"target\":{\"@type\":\"EntryPoint\",\"urlTemplate\":\"https:\\\/\\\/anivet.lt\\\/elparduotuve\\\/?s={search_term_string}\"},\"query-input\":{\"@type\":\"PropertyValueSpecification\",\"valueRequired\":true,\"valueName\":\"search_term_string\"}}],\"inLanguage\":\"lt-LT\"},{\"@type\":\"Organization\",\"@id\":\"https:\\\/\\\/anivet.lt\\\/elparduotuve\\\/#organization\",\"name\":\"Viskas J\u016bs\u0173 \u0161uns, kat\u0117s prie\u017ei\u016brai\",\"url\":\"https:\\\/\\\/anivet.lt\\\/elparduotuve\\\/\",\"logo\":{\"@type\":\"ImageObject\",\"inLanguage\":\"lt-LT\",\"@id\":\"https:\\\/\\\/anivet.lt\\\/elparduotuve\\\/#\\\/schema\\\/logo\\\/image\\\/\",\"url\":\"https:\\\/\\\/anivet.lt\\\/elparduotuve\\\/wp-content\\\/uploads\\\/2023\\\/06\\\/logo2.jpg\",\"contentUrl\":\"https:\\\/\\\/anivet.lt\\\/elparduotuve\\\/wp-content\\\/uploads\\\/2023\\\/06\\\/logo2.jpg\",\"width\":655,\"height\":194,\"caption\":\"Viskas J\u016bs\u0173 \u0161uns, kat\u0117s prie\u017ei\u016brai\"},\"image\":{\"@id\":\"https:\\\/\\\/anivet.lt\\\/elparduotuve\\\/#\\\/schema\\\/logo\\\/image\\\/\"}}]}<\/script>\n<!-- \/ Yoast SEO Premium plugin. -->","yoast_head_json":{"title":"Happet kavamed\u017eio lazdel\u0117 \u0161unims 18x2.8x3.7cm - anivet.lt","description":"Happet kavamed\u017eio kramtalas \u0161unims \u2013 nat\u016bralus kramtomasis \u017eaislas, pagamintas i\u0161 100 % kavamed\u017eio medienos, be konservant\u0173, da\u017eikli\u0173 ar dirbtini\u0173 pried\u0173.","robots":{"index":"index","follow":"follow","max-snippet":"max-snippet:-1","max-image-preview":"max-image-preview:large","max-video-preview":"max-video-preview:-1"},"canonical":"https:\/\/anivet.lt\/elparduotuve\/produktas\/happet-kavamedzio-lazdele-sunims-18x2-8x3-7cm\/","og_locale":"lt_LT","og_type":"article","og_title":"Happet kavamed\u017eio lazdel\u0117 \u0161unims 18x2.8x3.7cm","og_description":"Happet kavamed\u017eio kramtalas \u0161unims \u2013 nat\u016bralus kramtomasis \u017eaislas, pagamintas i\u0161 100 % kavamed\u017eio medienos, be konservant\u0173, da\u017eikli\u0173 ar dirbtini\u0173 pried\u0173.","og_url":"https:\/\/anivet.lt\/elparduotuve\/produktas\/happet-kavamedzio-lazdele-sunims-18x2-8x3-7cm\/","og_site_name":"anivet.lt","article_modified_time":"2026-03-03T18:59:31+00:00","og_image":[{"width":600,"height":600,"url":"https:\/\/anivet.lt\/elparduotuve\/wp-content\/uploads\/2026\/02\/Happet-kavamedzio-lazdele-sunims-18x2.8x3.7cm.jpg","type":"image\/jpeg"}],"twitter_card":"summary_large_image","twitter_misc":{"Est. reading time":"1 minut\u0117"},"schema":{"@context":"https:\/\/schema.org","@graph":[{"@type":"WebPage","@id":"https:\/\/anivet.lt\/elparduotuve\/produktas\/happet-kavamedzio-lazdele-sunims-18x2-8x3-7cm\/","url":"https:\/\/anivet.lt\/elparduotuve\/produktas\/happet-kavamedzio-lazdele-sunims-18x2-8x3-7cm\/","name":"Happet kavamed\u017eio lazdel\u0117 \u0161unims 18x2.8x3.7cm - anivet.lt","isPartOf":{"@id":"https:\/\/anivet.lt\/elparduotuve\/#website"},"primaryImageOfPage":{"@id":"https:\/\/anivet.lt\/elparduotuve\/produktas\/happet-kavamedzio-lazdele-sunims-18x2-8x3-7cm\/#primaryimage"},"image":{"@id":"https:\/\/anivet.lt\/elparduotuve\/produktas\/happet-kavamedzio-lazdele-sunims-18x2-8x3-7cm\/#primaryimage"},"thumbnailUrl":"https:\/\/anivet.lt\/elparduotuve\/wp-content\/uploads\/2026\/02\/Happet-kavamedzio-lazdele-sunims-18x2.8x3.7cm.jpg","datePublished":"2026-02-10T13:15:53+00:00","dateModified":"2026-03-03T18:59:31+00:00","description":"Happet kavamed\u017eio kramtalas \u0161unims \u2013 nat\u016bralus kramtomasis \u017eaislas, pagamintas i\u0161 100 % kavamed\u017eio medienos, be konservant\u0173, da\u017eikli\u0173 ar dirbtini\u0173 pried\u0173.","breadcrumb":{"@id":"https:\/\/anivet.lt\/elparduotuve\/produktas\/happet-kavamedzio-lazdele-sunims-18x2-8x3-7cm\/#breadcrumb"},"inLanguage":"lt-LT","potentialAction":[{"@type":"ReadAction","target":["https:\/\/anivet.lt\/elparduotuve\/produktas\/happet-kavamedzio-lazdele-sunims-18x2-8x3-7cm\/"]}]},{"@type":"ImageObject","inLanguage":"lt-LT","@id":"https:\/\/anivet.lt\/elparduotuve\/produktas\/happet-kavamedzio-lazdele-sunims-18x2-8x3-7cm\/#primaryimage","url":"https:\/\/anivet.lt\/elparduotuve\/wp-content\/uploads\/2026\/02\/Happet-kavamedzio-lazdele-sunims-18x2.8x3.7cm.jpg","contentUrl":"https:\/\/anivet.lt\/elparduotuve\/wp-content\/uploads\/2026\/02\/Happet-kavamedzio-lazdele-sunims-18x2.8x3.7cm.jpg","width":600,"height":600,"caption":"AUTO-DRAFT"},{"@type":"BreadcrumbList","@id":"https:\/\/anivet.lt\/elparduotuve\/produktas\/happet-kavamedzio-lazdele-sunims-18x2-8x3-7cm\/#breadcrumb","itemListElement":[{"@type":"ListItem","position":1,"name":"Home","item":"https:\/\/anivet.lt\/elparduotuve\/"},{"@type":"ListItem","position":2,"name":"Produktai","item":"https:\/\/anivet.lt\/elparduotuve\/produktai\/"},{"@type":"ListItem","position":3,"name":"Happet kavamed\u017eio lazdel\u0117 \u0161unims 18&#215;2.8&#215;3.7cm"}]},{"@type":"WebSite","@id":"https:\/\/anivet.lt\/elparduotuve\/#website","url":"https:\/\/anivet.lt\/elparduotuve\/","name":"anivet.lt","description":"Viskas J\u016bs\u0173 \u0161uns, kat\u0117s prie\u017ei\u016brai","publisher":{"@id":"https:\/\/anivet.lt\/elparduotuve\/#organization"},"alternateName":"Viskas J\u016bs\u0173 \u0161uns, kat\u0117s prie\u017ei\u016brai","potentialAction":[{"@type":"SearchAction","target":{"@type":"EntryPoint","urlTemplate":"https:\/\/anivet.lt\/elparduotuve\/?s={search_term_string}"},"query-input":{"@type":"PropertyValueSpecification","valueRequired":true,"valueName":"search_term_string"}}],"inLanguage":"lt-LT"},{"@type":"Organization","@id":"https:\/\/anivet.lt\/elparduotuve\/#organization","name":"Viskas J\u016bs\u0173 \u0161uns, kat\u0117s prie\u017ei\u016brai","url":"https:\/\/anivet.lt\/elparduotuve\/","logo":{"@type":"ImageObject","inLanguage":"lt-LT","@id":"https:\/\/anivet.lt\/elparduotuve\/#\/schema\/logo\/image\/","url":"https:\/\/anivet.lt\/elparduotuve\/wp-content\/uploads\/2023\/06\/logo2.jpg","contentUrl":"https:\/\/anivet.lt\/elparduotuve\/wp-content\/uploads\/2023\/06\/logo2.jpg","width":655,"height":194,"caption":"Viskas J\u016bs\u0173 \u0161uns, kat\u0117s prie\u017ei\u016brai"},"image":{"@id":"https:\/\/anivet.lt\/elparduotuve\/#\/schema\/logo\/image\/"}}]}},"_links":{"self":[{"href":"https:\/\/anivet.lt\/elparduotuve\/wp-json\/wp\/v2\/product\/20218","targetHints":{"allow":["GET"]}}],"collection":[{"href":"https:\/\/anivet.lt\/elparduotuve\/wp-json\/wp\/v2\/product"}],"about":[{"href":"https:\/\/anivet.lt\/elparduotuve\/wp-json\/wp\/v2\/types\/product"}],"wp:featuredmedia":[{"embeddable":true,"href":"https:\/\/anivet.lt\/elparduotuve\/wp-json\/wp\/v2\/media\/20219"}],"wp:attachment":[{"href":"https:\/\/anivet.lt\/elparduotuve\/wp-json\/wp\/v2\/media?parent=20218"}],"wp:term":[{"taxonomy":"product_brand","embeddable":true,"href":"https:\/\/anivet.lt\/elparduotuve\/wp-json\/wp\/v2\/product_brand?post=20218"},{"taxonomy":"product_cat","embeddable":true,"href":"https:\/\/anivet.lt\/elparduotuve\/wp-json\/wp\/v2\/product_cat?post=20218"},{"taxonomy":"product_tag","embeddable":true,"href":"https:\/\/anivet.lt\/elparduotuve\/wp-json\/wp\/v2\/product_tag?post=20218"}],"curies":[{"name":"wp","href":"https:\/\/api.w.org\/{rel}","templated":true}]}}