{"id":20222,"date":"2026-02-10T13:24:52","date_gmt":"2026-02-10T13:24:52","guid":{"rendered":"https:\/\/anivet.lt\/elparduotuve\/?post_type=product&#038;p=20222"},"modified":"2026-02-10T13:24:53","modified_gmt":"2026-02-10T13:24:53","slug":"hap-zaislas-sunims-rudas-suniukas-30cm","status":"publish","type":"product","link":"https:\/\/anivet.lt\/elparduotuve\/produktas\/hap-zaislas-sunims-rudas-suniukas-30cm\/","title":{"rendered":"HAP \u017eaislas \u0161unims &#8211; rudas \u0161uniukas 30cm"},"content":{"rendered":"<ul>\n<li>Integruotas cypiantis mechanizmas padeda i\u0161laikyti ilgalaik\u012f \u0161uns d\u0117mes\u012f ir skatina nor\u0105 \u017eaisti.<\/li>\n<li>Cypiantis \u017eaislas \u0161unims pagamintas i\u0161 \u0161velnaus, bet atsparaus audinio su mink\u0161tais \u012fsiuvais, tod\u0117l yra malonus kramtyti ir saugus dantims.<\/li>\n<li>\u017daislas padeda patenkinti nat\u016bral\u0173 grau\u017eimo instinkt\u0105 ir suteikia augintiniui fizin\u0117s bei protin\u0117s veiklos.<\/li>\n<li>D\u0117l ergonomi\u0161kos formos ir apgalvoto dizaino \u017eaisl\u0105 \u0161uniui lengva sugriebti, ne\u0161ioti, tampyti ar pagauti \u017eaid\u017eiant kartu su \u0161eimininku.<\/li>\n<\/ul>\n","protected":false},"excerpt":{"rendered":"<p>Hap \u017eaislas \u0161unims \u2013 mink\u0161tas, ta\u010diau patvarus \u017eaislas i\u0161 audinio, sukurtas aktyviems \u017eaidimams ir kasdieniam naudojimui.<\/p>\n","protected":false},"featured_media":20223,"template":"","meta":[],"product_brand":[],"product_cat":[101,108,311],"product_tag":[],"class_list":{"0":"post-20222","1":"product","2":"type-product","3":"status-publish","4":"has-post-thumbnail","6":"product_cat-sunims","7":"product_cat-prieziuros-priemones","8":"product_cat-zaislai-prieziuros-priemones","9":"pa_prekinis-zenklas-hap","11":"first","12":"instock","13":"taxable","14":"shipping-taxable","15":"purchasable","16":"product-type-simple"},"yoast_head":"<!-- This site is optimized with the Yoast SEO Premium plugin v27.1 (Yoast SEO v27.3) - https:\/\/yoast.com\/product\/yoast-seo-premium-wordpress\/ -->\n<title>HAP \u017eaislas \u0161unims - rudas \u0161uniukas 30cm - anivet.lt<\/title>\n<meta name=\"description\" content=\"Hap \u017eaislas \u0161unims \u2013 mink\u0161tas, ta\u010diau patvarus \u017eaislas i\u0161 audinio, sukurtas aktyviems \u017eaidimams ir kasdieniam naudojimui.\" \/>\n<meta name=\"robots\" content=\"index, follow, max-snippet:-1, max-image-preview:large, max-video-preview:-1\" \/>\n<link rel=\"canonical\" href=\"https:\/\/anivet.lt\/elparduotuve\/produktas\/hap-zaislas-sunims-rudas-suniukas-30cm\/\" \/>\n<meta property=\"og:locale\" content=\"lt_LT\" \/>\n<meta property=\"og:type\" content=\"article\" \/>\n<meta property=\"og:title\" content=\"HAP \u017eaislas \u0161unims - rudas \u0161uniukas 30cm\" \/>\n<meta property=\"og:description\" content=\"Hap \u017eaislas \u0161unims \u2013 mink\u0161tas, ta\u010diau patvarus \u017eaislas i\u0161 audinio, sukurtas aktyviems \u017eaidimams ir kasdieniam naudojimui.\" \/>\n<meta property=\"og:url\" content=\"https:\/\/anivet.lt\/elparduotuve\/produktas\/hap-zaislas-sunims-rudas-suniukas-30cm\/\" \/>\n<meta property=\"og:site_name\" content=\"anivet.lt\" \/>\n<meta property=\"article:modified_time\" content=\"2026-02-10T13:24:53+00:00\" \/>\n<meta property=\"og:image\" content=\"https:\/\/anivet.lt\/elparduotuve\/wp-content\/uploads\/2026\/02\/HAP-zaislas-sunims-rudas-suniukas-30cm.jpg\" \/>\n\t<meta property=\"og:image:width\" content=\"600\" \/>\n\t<meta property=\"og:image:height\" content=\"600\" \/>\n\t<meta property=\"og:image:type\" content=\"image\/jpeg\" \/>\n<meta name=\"twitter:card\" content=\"summary_large_image\" \/>\n<meta name=\"twitter:label1\" content=\"Est. reading time\" \/>\n\t<meta name=\"twitter:data1\" content=\"1 minut\u0117\" \/>\n<script type=\"application\/ld+json\" class=\"yoast-schema-graph\">{\"@context\":\"https:\\\/\\\/schema.org\",\"@graph\":[{\"@type\":\"WebPage\",\"@id\":\"https:\\\/\\\/anivet.lt\\\/elparduotuve\\\/produktas\\\/hap-zaislas-sunims-rudas-suniukas-30cm\\\/\",\"url\":\"https:\\\/\\\/anivet.lt\\\/elparduotuve\\\/produktas\\\/hap-zaislas-sunims-rudas-suniukas-30cm\\\/\",\"name\":\"HAP \u017eaislas \u0161unims - rudas \u0161uniukas 30cm - anivet.lt\",\"isPartOf\":{\"@id\":\"https:\\\/\\\/anivet.lt\\\/elparduotuve\\\/#website\"},\"primaryImageOfPage\":{\"@id\":\"https:\\\/\\\/anivet.lt\\\/elparduotuve\\\/produktas\\\/hap-zaislas-sunims-rudas-suniukas-30cm\\\/#primaryimage\"},\"image\":{\"@id\":\"https:\\\/\\\/anivet.lt\\\/elparduotuve\\\/produktas\\\/hap-zaislas-sunims-rudas-suniukas-30cm\\\/#primaryimage\"},\"thumbnailUrl\":\"https:\\\/\\\/anivet.lt\\\/elparduotuve\\\/wp-content\\\/uploads\\\/2026\\\/02\\\/HAP-zaislas-sunims-rudas-suniukas-30cm.jpg\",\"datePublished\":\"2026-02-10T13:24:52+00:00\",\"dateModified\":\"2026-02-10T13:24:53+00:00\",\"description\":\"Hap \u017eaislas \u0161unims \u2013 mink\u0161tas, ta\u010diau patvarus \u017eaislas i\u0161 audinio, sukurtas aktyviems \u017eaidimams ir kasdieniam naudojimui.\",\"breadcrumb\":{\"@id\":\"https:\\\/\\\/anivet.lt\\\/elparduotuve\\\/produktas\\\/hap-zaislas-sunims-rudas-suniukas-30cm\\\/#breadcrumb\"},\"inLanguage\":\"lt-LT\",\"potentialAction\":[{\"@type\":\"ReadAction\",\"target\":[\"https:\\\/\\\/anivet.lt\\\/elparduotuve\\\/produktas\\\/hap-zaislas-sunims-rudas-suniukas-30cm\\\/\"]}]},{\"@type\":\"ImageObject\",\"inLanguage\":\"lt-LT\",\"@id\":\"https:\\\/\\\/anivet.lt\\\/elparduotuve\\\/produktas\\\/hap-zaislas-sunims-rudas-suniukas-30cm\\\/#primaryimage\",\"url\":\"https:\\\/\\\/anivet.lt\\\/elparduotuve\\\/wp-content\\\/uploads\\\/2026\\\/02\\\/HAP-zaislas-sunims-rudas-suniukas-30cm.jpg\",\"contentUrl\":\"https:\\\/\\\/anivet.lt\\\/elparduotuve\\\/wp-content\\\/uploads\\\/2026\\\/02\\\/HAP-zaislas-sunims-rudas-suniukas-30cm.jpg\",\"width\":600,\"height\":600},{\"@type\":\"BreadcrumbList\",\"@id\":\"https:\\\/\\\/anivet.lt\\\/elparduotuve\\\/produktas\\\/hap-zaislas-sunims-rudas-suniukas-30cm\\\/#breadcrumb\",\"itemListElement\":[{\"@type\":\"ListItem\",\"position\":1,\"name\":\"Home\",\"item\":\"https:\\\/\\\/anivet.lt\\\/elparduotuve\\\/\"},{\"@type\":\"ListItem\",\"position\":2,\"name\":\"Produktai\",\"item\":\"https:\\\/\\\/anivet.lt\\\/elparduotuve\\\/produktai\\\/\"},{\"@type\":\"ListItem\",\"position\":3,\"name\":\"HAP \u017eaislas \u0161unims &#8211; rudas \u0161uniukas 30cm\"}]},{\"@type\":\"WebSite\",\"@id\":\"https:\\\/\\\/anivet.lt\\\/elparduotuve\\\/#website\",\"url\":\"https:\\\/\\\/anivet.lt\\\/elparduotuve\\\/\",\"name\":\"anivet.lt\",\"description\":\"Viskas J\u016bs\u0173 \u0161uns, kat\u0117s prie\u017ei\u016brai\",\"publisher\":{\"@id\":\"https:\\\/\\\/anivet.lt\\\/elparduotuve\\\/#organization\"},\"alternateName\":\"Viskas J\u016bs\u0173 \u0161uns, kat\u0117s prie\u017ei\u016brai\",\"potentialAction\":[{\"@type\":\"SearchAction\",\"target\":{\"@type\":\"EntryPoint\",\"urlTemplate\":\"https:\\\/\\\/anivet.lt\\\/elparduotuve\\\/?s={search_term_string}\"},\"query-input\":{\"@type\":\"PropertyValueSpecification\",\"valueRequired\":true,\"valueName\":\"search_term_string\"}}],\"inLanguage\":\"lt-LT\"},{\"@type\":\"Organization\",\"@id\":\"https:\\\/\\\/anivet.lt\\\/elparduotuve\\\/#organization\",\"name\":\"Viskas J\u016bs\u0173 \u0161uns, kat\u0117s prie\u017ei\u016brai\",\"url\":\"https:\\\/\\\/anivet.lt\\\/elparduotuve\\\/\",\"logo\":{\"@type\":\"ImageObject\",\"inLanguage\":\"lt-LT\",\"@id\":\"https:\\\/\\\/anivet.lt\\\/elparduotuve\\\/#\\\/schema\\\/logo\\\/image\\\/\",\"url\":\"https:\\\/\\\/anivet.lt\\\/elparduotuve\\\/wp-content\\\/uploads\\\/2023\\\/06\\\/logo2.jpg\",\"contentUrl\":\"https:\\\/\\\/anivet.lt\\\/elparduotuve\\\/wp-content\\\/uploads\\\/2023\\\/06\\\/logo2.jpg\",\"width\":655,\"height\":194,\"caption\":\"Viskas J\u016bs\u0173 \u0161uns, kat\u0117s prie\u017ei\u016brai\"},\"image\":{\"@id\":\"https:\\\/\\\/anivet.lt\\\/elparduotuve\\\/#\\\/schema\\\/logo\\\/image\\\/\"}}]}<\/script>\n<!-- \/ Yoast SEO Premium plugin. -->","yoast_head_json":{"title":"HAP \u017eaislas \u0161unims - rudas \u0161uniukas 30cm - anivet.lt","description":"Hap \u017eaislas \u0161unims \u2013 mink\u0161tas, ta\u010diau patvarus \u017eaislas i\u0161 audinio, sukurtas aktyviems \u017eaidimams ir kasdieniam naudojimui.","robots":{"index":"index","follow":"follow","max-snippet":"max-snippet:-1","max-image-preview":"max-image-preview:large","max-video-preview":"max-video-preview:-1"},"canonical":"https:\/\/anivet.lt\/elparduotuve\/produktas\/hap-zaislas-sunims-rudas-suniukas-30cm\/","og_locale":"lt_LT","og_type":"article","og_title":"HAP \u017eaislas \u0161unims - rudas \u0161uniukas 30cm","og_description":"Hap \u017eaislas \u0161unims \u2013 mink\u0161tas, ta\u010diau patvarus \u017eaislas i\u0161 audinio, sukurtas aktyviems \u017eaidimams ir kasdieniam naudojimui.","og_url":"https:\/\/anivet.lt\/elparduotuve\/produktas\/hap-zaislas-sunims-rudas-suniukas-30cm\/","og_site_name":"anivet.lt","article_modified_time":"2026-02-10T13:24:53+00:00","og_image":[{"width":600,"height":600,"url":"https:\/\/anivet.lt\/elparduotuve\/wp-content\/uploads\/2026\/02\/HAP-zaislas-sunims-rudas-suniukas-30cm.jpg","type":"image\/jpeg"}],"twitter_card":"summary_large_image","twitter_misc":{"Est. reading time":"1 minut\u0117"},"schema":{"@context":"https:\/\/schema.org","@graph":[{"@type":"WebPage","@id":"https:\/\/anivet.lt\/elparduotuve\/produktas\/hap-zaislas-sunims-rudas-suniukas-30cm\/","url":"https:\/\/anivet.lt\/elparduotuve\/produktas\/hap-zaislas-sunims-rudas-suniukas-30cm\/","name":"HAP \u017eaislas \u0161unims - rudas \u0161uniukas 30cm - anivet.lt","isPartOf":{"@id":"https:\/\/anivet.lt\/elparduotuve\/#website"},"primaryImageOfPage":{"@id":"https:\/\/anivet.lt\/elparduotuve\/produktas\/hap-zaislas-sunims-rudas-suniukas-30cm\/#primaryimage"},"image":{"@id":"https:\/\/anivet.lt\/elparduotuve\/produktas\/hap-zaislas-sunims-rudas-suniukas-30cm\/#primaryimage"},"thumbnailUrl":"https:\/\/anivet.lt\/elparduotuve\/wp-content\/uploads\/2026\/02\/HAP-zaislas-sunims-rudas-suniukas-30cm.jpg","datePublished":"2026-02-10T13:24:52+00:00","dateModified":"2026-02-10T13:24:53+00:00","description":"Hap \u017eaislas \u0161unims \u2013 mink\u0161tas, ta\u010diau patvarus \u017eaislas i\u0161 audinio, sukurtas aktyviems \u017eaidimams ir kasdieniam naudojimui.","breadcrumb":{"@id":"https:\/\/anivet.lt\/elparduotuve\/produktas\/hap-zaislas-sunims-rudas-suniukas-30cm\/#breadcrumb"},"inLanguage":"lt-LT","potentialAction":[{"@type":"ReadAction","target":["https:\/\/anivet.lt\/elparduotuve\/produktas\/hap-zaislas-sunims-rudas-suniukas-30cm\/"]}]},{"@type":"ImageObject","inLanguage":"lt-LT","@id":"https:\/\/anivet.lt\/elparduotuve\/produktas\/hap-zaislas-sunims-rudas-suniukas-30cm\/#primaryimage","url":"https:\/\/anivet.lt\/elparduotuve\/wp-content\/uploads\/2026\/02\/HAP-zaislas-sunims-rudas-suniukas-30cm.jpg","contentUrl":"https:\/\/anivet.lt\/elparduotuve\/wp-content\/uploads\/2026\/02\/HAP-zaislas-sunims-rudas-suniukas-30cm.jpg","width":600,"height":600},{"@type":"BreadcrumbList","@id":"https:\/\/anivet.lt\/elparduotuve\/produktas\/hap-zaislas-sunims-rudas-suniukas-30cm\/#breadcrumb","itemListElement":[{"@type":"ListItem","position":1,"name":"Home","item":"https:\/\/anivet.lt\/elparduotuve\/"},{"@type":"ListItem","position":2,"name":"Produktai","item":"https:\/\/anivet.lt\/elparduotuve\/produktai\/"},{"@type":"ListItem","position":3,"name":"HAP \u017eaislas \u0161unims &#8211; rudas \u0161uniukas 30cm"}]},{"@type":"WebSite","@id":"https:\/\/anivet.lt\/elparduotuve\/#website","url":"https:\/\/anivet.lt\/elparduotuve\/","name":"anivet.lt","description":"Viskas J\u016bs\u0173 \u0161uns, kat\u0117s prie\u017ei\u016brai","publisher":{"@id":"https:\/\/anivet.lt\/elparduotuve\/#organization"},"alternateName":"Viskas J\u016bs\u0173 \u0161uns, kat\u0117s prie\u017ei\u016brai","potentialAction":[{"@type":"SearchAction","target":{"@type":"EntryPoint","urlTemplate":"https:\/\/anivet.lt\/elparduotuve\/?s={search_term_string}"},"query-input":{"@type":"PropertyValueSpecification","valueRequired":true,"valueName":"search_term_string"}}],"inLanguage":"lt-LT"},{"@type":"Organization","@id":"https:\/\/anivet.lt\/elparduotuve\/#organization","name":"Viskas J\u016bs\u0173 \u0161uns, kat\u0117s prie\u017ei\u016brai","url":"https:\/\/anivet.lt\/elparduotuve\/","logo":{"@type":"ImageObject","inLanguage":"lt-LT","@id":"https:\/\/anivet.lt\/elparduotuve\/#\/schema\/logo\/image\/","url":"https:\/\/anivet.lt\/elparduotuve\/wp-content\/uploads\/2023\/06\/logo2.jpg","contentUrl":"https:\/\/anivet.lt\/elparduotuve\/wp-content\/uploads\/2023\/06\/logo2.jpg","width":655,"height":194,"caption":"Viskas J\u016bs\u0173 \u0161uns, kat\u0117s prie\u017ei\u016brai"},"image":{"@id":"https:\/\/anivet.lt\/elparduotuve\/#\/schema\/logo\/image\/"}}]}},"_links":{"self":[{"href":"https:\/\/anivet.lt\/elparduotuve\/wp-json\/wp\/v2\/product\/20222","targetHints":{"allow":["GET"]}}],"collection":[{"href":"https:\/\/anivet.lt\/elparduotuve\/wp-json\/wp\/v2\/product"}],"about":[{"href":"https:\/\/anivet.lt\/elparduotuve\/wp-json\/wp\/v2\/types\/product"}],"wp:featuredmedia":[{"embeddable":true,"href":"https:\/\/anivet.lt\/elparduotuve\/wp-json\/wp\/v2\/media\/20223"}],"wp:attachment":[{"href":"https:\/\/anivet.lt\/elparduotuve\/wp-json\/wp\/v2\/media?parent=20222"}],"wp:term":[{"taxonomy":"product_brand","embeddable":true,"href":"https:\/\/anivet.lt\/elparduotuve\/wp-json\/wp\/v2\/product_brand?post=20222"},{"taxonomy":"product_cat","embeddable":true,"href":"https:\/\/anivet.lt\/elparduotuve\/wp-json\/wp\/v2\/product_cat?post=20222"},{"taxonomy":"product_tag","embeddable":true,"href":"https:\/\/anivet.lt\/elparduotuve\/wp-json\/wp\/v2\/product_tag?post=20222"}],"curies":[{"name":"wp","href":"https:\/\/api.w.org\/{rel}","templated":true}]}}