{"id":20236,"date":"2026-02-10T13:50:42","date_gmt":"2026-02-10T13:50:42","guid":{"rendered":"https:\/\/anivet.lt\/elparduotuve\/?post_type=product&#038;p=20236"},"modified":"2026-03-17T16:15:03","modified_gmt":"2026-03-17T16:15:03","slug":"ecomfy-zaislas-lazdele-su-kamuoliuku-ir-plunksnomis-katems-50cm","status":"publish","type":"product","link":"https:\/\/anivet.lt\/elparduotuve\/produktas\/ecomfy-zaislas-lazdele-su-kamuoliuku-ir-plunksnomis-katems-50cm\/","title":{"rendered":"Ecomfy \u017eaislas &#8211; lazdel\u0117 su kamuoliuku ir plunksnomis kat\u0117ms 50cm"},"content":{"rendered":"<ul>\n<li>Interaktyvus \u017eaislas kat\u0117ms su ratano kamuoliuku, karoliukais ir plunksnomis ant pagaliuko.<\/li>\n<li>Pagamintas i\u0161 nat\u016brali\u0173 med\u017eiag\u0173, tvarus ir visi\u0161kai saugus augintiniams.<\/li>\n<li>Rank\u0173 darbo gaminys, kuris tinka kat\u0117ms bet kokio am\u017eiaus.<\/li>\n<li>Skatina smalsum\u0105, med\u017eiokl\u0117s instinkt\u0105 ir aktyv\u0173 \u017eaidim\u0105, suteikdamas linksm\u0173 akimirk\u0173 kartu su \u0161eimininku.<\/li>\n<\/ul>\n","protected":false},"excerpt":{"rendered":"<p>\u017daislas kat\u0117ms \u2013 lazdel\u0117 su plunksnomis, pagaminta i\u0161 nat\u016brali\u0173 ir gyv\u016bnams saugi\u0173 med\u017eiag\u0173.<\/p>\n","protected":false},"featured_media":20237,"template":"","meta":[],"product_brand":[],"product_cat":[102,119,309],"product_tag":[],"class_list":{"0":"post-20236","1":"product","2":"type-product","3":"status-publish","4":"has-post-thumbnail","6":"product_cat-katems","7":"product_cat-prieziuros-priemones-katems","8":"product_cat-zaislai","9":"pa_prekinis-zenklas-ecomfy","11":"first","12":"instock","13":"taxable","14":"shipping-taxable","15":"purchasable","16":"product-type-simple"},"yoast_head":"<!-- This site is optimized with the Yoast SEO Premium plugin v27.1 (Yoast SEO v27.3) - https:\/\/yoast.com\/product\/yoast-seo-premium-wordpress\/ -->\n<title>Ecomfy \u017eaislas - lazdel\u0117 su kamuoliuku ir plunksnomis kat\u0117ms 50cm - anivet.lt<\/title>\n<meta name=\"description\" content=\"\u017daislas kat\u0117ms \u2013 lazdel\u0117 su plunksnomis, pagaminta i\u0161 nat\u016brali\u0173 ir gyv\u016bnams saugi\u0173 med\u017eiag\u0173.\" \/>\n<meta name=\"robots\" content=\"index, follow, max-snippet:-1, max-image-preview:large, max-video-preview:-1\" \/>\n<link rel=\"canonical\" href=\"https:\/\/anivet.lt\/elparduotuve\/produktas\/ecomfy-zaislas-lazdele-su-kamuoliuku-ir-plunksnomis-katems-50cm\/\" \/>\n<meta property=\"og:locale\" content=\"lt_LT\" \/>\n<meta property=\"og:type\" content=\"article\" \/>\n<meta property=\"og:title\" content=\"Ecomfy \u017eaislas - lazdel\u0117 su kamuoliuku ir plunksnomis kat\u0117ms 50cm\" \/>\n<meta property=\"og:description\" content=\"\u017daislas kat\u0117ms \u2013 lazdel\u0117 su plunksnomis, pagaminta i\u0161 nat\u016brali\u0173 ir gyv\u016bnams saugi\u0173 med\u017eiag\u0173.\" \/>\n<meta property=\"og:url\" content=\"https:\/\/anivet.lt\/elparduotuve\/produktas\/ecomfy-zaislas-lazdele-su-kamuoliuku-ir-plunksnomis-katems-50cm\/\" \/>\n<meta property=\"og:site_name\" content=\"anivet.lt\" \/>\n<meta property=\"article:modified_time\" content=\"2026-03-17T16:15:03+00:00\" \/>\n<meta property=\"og:image\" content=\"https:\/\/anivet.lt\/elparduotuve\/wp-content\/uploads\/2026\/02\/Ecomfy-zaislas-lazdele-su-kamuoliuku-ir-plunksnomis-katems-50cm.jpg\" \/>\n\t<meta property=\"og:image:width\" content=\"600\" \/>\n\t<meta property=\"og:image:height\" content=\"600\" \/>\n\t<meta property=\"og:image:type\" content=\"image\/jpeg\" \/>\n<meta name=\"twitter:card\" content=\"summary_large_image\" \/>\n<meta name=\"twitter:label1\" content=\"Est. reading time\" \/>\n\t<meta name=\"twitter:data1\" content=\"1 minut\u0117\" \/>\n<script type=\"application\/ld+json\" class=\"yoast-schema-graph\">{\"@context\":\"https:\\\/\\\/schema.org\",\"@graph\":[{\"@type\":\"WebPage\",\"@id\":\"https:\\\/\\\/anivet.lt\\\/elparduotuve\\\/produktas\\\/ecomfy-zaislas-lazdele-su-kamuoliuku-ir-plunksnomis-katems-50cm\\\/\",\"url\":\"https:\\\/\\\/anivet.lt\\\/elparduotuve\\\/produktas\\\/ecomfy-zaislas-lazdele-su-kamuoliuku-ir-plunksnomis-katems-50cm\\\/\",\"name\":\"Ecomfy \u017eaislas - lazdel\u0117 su kamuoliuku ir plunksnomis kat\u0117ms 50cm - anivet.lt\",\"isPartOf\":{\"@id\":\"https:\\\/\\\/anivet.lt\\\/elparduotuve\\\/#website\"},\"primaryImageOfPage\":{\"@id\":\"https:\\\/\\\/anivet.lt\\\/elparduotuve\\\/produktas\\\/ecomfy-zaislas-lazdele-su-kamuoliuku-ir-plunksnomis-katems-50cm\\\/#primaryimage\"},\"image\":{\"@id\":\"https:\\\/\\\/anivet.lt\\\/elparduotuve\\\/produktas\\\/ecomfy-zaislas-lazdele-su-kamuoliuku-ir-plunksnomis-katems-50cm\\\/#primaryimage\"},\"thumbnailUrl\":\"https:\\\/\\\/anivet.lt\\\/elparduotuve\\\/wp-content\\\/uploads\\\/2026\\\/02\\\/Ecomfy-zaislas-lazdele-su-kamuoliuku-ir-plunksnomis-katems-50cm.jpg\",\"datePublished\":\"2026-02-10T13:50:42+00:00\",\"dateModified\":\"2026-03-17T16:15:03+00:00\",\"description\":\"\u017daislas kat\u0117ms \u2013 lazdel\u0117 su plunksnomis, pagaminta i\u0161 nat\u016brali\u0173 ir gyv\u016bnams saugi\u0173 med\u017eiag\u0173.\",\"breadcrumb\":{\"@id\":\"https:\\\/\\\/anivet.lt\\\/elparduotuve\\\/produktas\\\/ecomfy-zaislas-lazdele-su-kamuoliuku-ir-plunksnomis-katems-50cm\\\/#breadcrumb\"},\"inLanguage\":\"lt-LT\",\"potentialAction\":[{\"@type\":\"ReadAction\",\"target\":[\"https:\\\/\\\/anivet.lt\\\/elparduotuve\\\/produktas\\\/ecomfy-zaislas-lazdele-su-kamuoliuku-ir-plunksnomis-katems-50cm\\\/\"]}]},{\"@type\":\"ImageObject\",\"inLanguage\":\"lt-LT\",\"@id\":\"https:\\\/\\\/anivet.lt\\\/elparduotuve\\\/produktas\\\/ecomfy-zaislas-lazdele-su-kamuoliuku-ir-plunksnomis-katems-50cm\\\/#primaryimage\",\"url\":\"https:\\\/\\\/anivet.lt\\\/elparduotuve\\\/wp-content\\\/uploads\\\/2026\\\/02\\\/Ecomfy-zaislas-lazdele-su-kamuoliuku-ir-plunksnomis-katems-50cm.jpg\",\"contentUrl\":\"https:\\\/\\\/anivet.lt\\\/elparduotuve\\\/wp-content\\\/uploads\\\/2026\\\/02\\\/Ecomfy-zaislas-lazdele-su-kamuoliuku-ir-plunksnomis-katems-50cm.jpg\",\"width\":600,\"height\":600,\"caption\":\"Ecomfy \u017eaislas - lazdel\u0117 su kamuoliuku ir plunksnomis kat\u0117ms 50cm\"},{\"@type\":\"BreadcrumbList\",\"@id\":\"https:\\\/\\\/anivet.lt\\\/elparduotuve\\\/produktas\\\/ecomfy-zaislas-lazdele-su-kamuoliuku-ir-plunksnomis-katems-50cm\\\/#breadcrumb\",\"itemListElement\":[{\"@type\":\"ListItem\",\"position\":1,\"name\":\"Home\",\"item\":\"https:\\\/\\\/anivet.lt\\\/elparduotuve\\\/\"},{\"@type\":\"ListItem\",\"position\":2,\"name\":\"Produktai\",\"item\":\"https:\\\/\\\/anivet.lt\\\/elparduotuve\\\/produktai\\\/\"},{\"@type\":\"ListItem\",\"position\":3,\"name\":\"Ecomfy \u017eaislas &#8211; lazdel\u0117 su kamuoliuku ir plunksnomis kat\u0117ms 50cm\"}]},{\"@type\":\"WebSite\",\"@id\":\"https:\\\/\\\/anivet.lt\\\/elparduotuve\\\/#website\",\"url\":\"https:\\\/\\\/anivet.lt\\\/elparduotuve\\\/\",\"name\":\"anivet.lt\",\"description\":\"Viskas J\u016bs\u0173 \u0161uns, kat\u0117s prie\u017ei\u016brai\",\"publisher\":{\"@id\":\"https:\\\/\\\/anivet.lt\\\/elparduotuve\\\/#organization\"},\"alternateName\":\"Viskas J\u016bs\u0173 \u0161uns, kat\u0117s prie\u017ei\u016brai\",\"potentialAction\":[{\"@type\":\"SearchAction\",\"target\":{\"@type\":\"EntryPoint\",\"urlTemplate\":\"https:\\\/\\\/anivet.lt\\\/elparduotuve\\\/?s={search_term_string}\"},\"query-input\":{\"@type\":\"PropertyValueSpecification\",\"valueRequired\":true,\"valueName\":\"search_term_string\"}}],\"inLanguage\":\"lt-LT\"},{\"@type\":\"Organization\",\"@id\":\"https:\\\/\\\/anivet.lt\\\/elparduotuve\\\/#organization\",\"name\":\"Viskas J\u016bs\u0173 \u0161uns, kat\u0117s prie\u017ei\u016brai\",\"url\":\"https:\\\/\\\/anivet.lt\\\/elparduotuve\\\/\",\"logo\":{\"@type\":\"ImageObject\",\"inLanguage\":\"lt-LT\",\"@id\":\"https:\\\/\\\/anivet.lt\\\/elparduotuve\\\/#\\\/schema\\\/logo\\\/image\\\/\",\"url\":\"https:\\\/\\\/anivet.lt\\\/elparduotuve\\\/wp-content\\\/uploads\\\/2023\\\/06\\\/logo2.jpg\",\"contentUrl\":\"https:\\\/\\\/anivet.lt\\\/elparduotuve\\\/wp-content\\\/uploads\\\/2023\\\/06\\\/logo2.jpg\",\"width\":655,\"height\":194,\"caption\":\"Viskas J\u016bs\u0173 \u0161uns, kat\u0117s prie\u017ei\u016brai\"},\"image\":{\"@id\":\"https:\\\/\\\/anivet.lt\\\/elparduotuve\\\/#\\\/schema\\\/logo\\\/image\\\/\"}}]}<\/script>\n<!-- \/ Yoast SEO Premium plugin. -->","yoast_head_json":{"title":"Ecomfy \u017eaislas - lazdel\u0117 su kamuoliuku ir plunksnomis kat\u0117ms 50cm - anivet.lt","description":"\u017daislas kat\u0117ms \u2013 lazdel\u0117 su plunksnomis, pagaminta i\u0161 nat\u016brali\u0173 ir gyv\u016bnams saugi\u0173 med\u017eiag\u0173.","robots":{"index":"index","follow":"follow","max-snippet":"max-snippet:-1","max-image-preview":"max-image-preview:large","max-video-preview":"max-video-preview:-1"},"canonical":"https:\/\/anivet.lt\/elparduotuve\/produktas\/ecomfy-zaislas-lazdele-su-kamuoliuku-ir-plunksnomis-katems-50cm\/","og_locale":"lt_LT","og_type":"article","og_title":"Ecomfy \u017eaislas - lazdel\u0117 su kamuoliuku ir plunksnomis kat\u0117ms 50cm","og_description":"\u017daislas kat\u0117ms \u2013 lazdel\u0117 su plunksnomis, pagaminta i\u0161 nat\u016brali\u0173 ir gyv\u016bnams saugi\u0173 med\u017eiag\u0173.","og_url":"https:\/\/anivet.lt\/elparduotuve\/produktas\/ecomfy-zaislas-lazdele-su-kamuoliuku-ir-plunksnomis-katems-50cm\/","og_site_name":"anivet.lt","article_modified_time":"2026-03-17T16:15:03+00:00","og_image":[{"width":600,"height":600,"url":"https:\/\/anivet.lt\/elparduotuve\/wp-content\/uploads\/2026\/02\/Ecomfy-zaislas-lazdele-su-kamuoliuku-ir-plunksnomis-katems-50cm.jpg","type":"image\/jpeg"}],"twitter_card":"summary_large_image","twitter_misc":{"Est. reading time":"1 minut\u0117"},"schema":{"@context":"https:\/\/schema.org","@graph":[{"@type":"WebPage","@id":"https:\/\/anivet.lt\/elparduotuve\/produktas\/ecomfy-zaislas-lazdele-su-kamuoliuku-ir-plunksnomis-katems-50cm\/","url":"https:\/\/anivet.lt\/elparduotuve\/produktas\/ecomfy-zaislas-lazdele-su-kamuoliuku-ir-plunksnomis-katems-50cm\/","name":"Ecomfy \u017eaislas - lazdel\u0117 su kamuoliuku ir plunksnomis kat\u0117ms 50cm - anivet.lt","isPartOf":{"@id":"https:\/\/anivet.lt\/elparduotuve\/#website"},"primaryImageOfPage":{"@id":"https:\/\/anivet.lt\/elparduotuve\/produktas\/ecomfy-zaislas-lazdele-su-kamuoliuku-ir-plunksnomis-katems-50cm\/#primaryimage"},"image":{"@id":"https:\/\/anivet.lt\/elparduotuve\/produktas\/ecomfy-zaislas-lazdele-su-kamuoliuku-ir-plunksnomis-katems-50cm\/#primaryimage"},"thumbnailUrl":"https:\/\/anivet.lt\/elparduotuve\/wp-content\/uploads\/2026\/02\/Ecomfy-zaislas-lazdele-su-kamuoliuku-ir-plunksnomis-katems-50cm.jpg","datePublished":"2026-02-10T13:50:42+00:00","dateModified":"2026-03-17T16:15:03+00:00","description":"\u017daislas kat\u0117ms \u2013 lazdel\u0117 su plunksnomis, pagaminta i\u0161 nat\u016brali\u0173 ir gyv\u016bnams saugi\u0173 med\u017eiag\u0173.","breadcrumb":{"@id":"https:\/\/anivet.lt\/elparduotuve\/produktas\/ecomfy-zaislas-lazdele-su-kamuoliuku-ir-plunksnomis-katems-50cm\/#breadcrumb"},"inLanguage":"lt-LT","potentialAction":[{"@type":"ReadAction","target":["https:\/\/anivet.lt\/elparduotuve\/produktas\/ecomfy-zaislas-lazdele-su-kamuoliuku-ir-plunksnomis-katems-50cm\/"]}]},{"@type":"ImageObject","inLanguage":"lt-LT","@id":"https:\/\/anivet.lt\/elparduotuve\/produktas\/ecomfy-zaislas-lazdele-su-kamuoliuku-ir-plunksnomis-katems-50cm\/#primaryimage","url":"https:\/\/anivet.lt\/elparduotuve\/wp-content\/uploads\/2026\/02\/Ecomfy-zaislas-lazdele-su-kamuoliuku-ir-plunksnomis-katems-50cm.jpg","contentUrl":"https:\/\/anivet.lt\/elparduotuve\/wp-content\/uploads\/2026\/02\/Ecomfy-zaislas-lazdele-su-kamuoliuku-ir-plunksnomis-katems-50cm.jpg","width":600,"height":600,"caption":"Ecomfy \u017eaislas - lazdel\u0117 su kamuoliuku ir plunksnomis kat\u0117ms 50cm"},{"@type":"BreadcrumbList","@id":"https:\/\/anivet.lt\/elparduotuve\/produktas\/ecomfy-zaislas-lazdele-su-kamuoliuku-ir-plunksnomis-katems-50cm\/#breadcrumb","itemListElement":[{"@type":"ListItem","position":1,"name":"Home","item":"https:\/\/anivet.lt\/elparduotuve\/"},{"@type":"ListItem","position":2,"name":"Produktai","item":"https:\/\/anivet.lt\/elparduotuve\/produktai\/"},{"@type":"ListItem","position":3,"name":"Ecomfy \u017eaislas &#8211; lazdel\u0117 su kamuoliuku ir plunksnomis kat\u0117ms 50cm"}]},{"@type":"WebSite","@id":"https:\/\/anivet.lt\/elparduotuve\/#website","url":"https:\/\/anivet.lt\/elparduotuve\/","name":"anivet.lt","description":"Viskas J\u016bs\u0173 \u0161uns, kat\u0117s prie\u017ei\u016brai","publisher":{"@id":"https:\/\/anivet.lt\/elparduotuve\/#organization"},"alternateName":"Viskas J\u016bs\u0173 \u0161uns, kat\u0117s prie\u017ei\u016brai","potentialAction":[{"@type":"SearchAction","target":{"@type":"EntryPoint","urlTemplate":"https:\/\/anivet.lt\/elparduotuve\/?s={search_term_string}"},"query-input":{"@type":"PropertyValueSpecification","valueRequired":true,"valueName":"search_term_string"}}],"inLanguage":"lt-LT"},{"@type":"Organization","@id":"https:\/\/anivet.lt\/elparduotuve\/#organization","name":"Viskas J\u016bs\u0173 \u0161uns, kat\u0117s prie\u017ei\u016brai","url":"https:\/\/anivet.lt\/elparduotuve\/","logo":{"@type":"ImageObject","inLanguage":"lt-LT","@id":"https:\/\/anivet.lt\/elparduotuve\/#\/schema\/logo\/image\/","url":"https:\/\/anivet.lt\/elparduotuve\/wp-content\/uploads\/2023\/06\/logo2.jpg","contentUrl":"https:\/\/anivet.lt\/elparduotuve\/wp-content\/uploads\/2023\/06\/logo2.jpg","width":655,"height":194,"caption":"Viskas J\u016bs\u0173 \u0161uns, kat\u0117s prie\u017ei\u016brai"},"image":{"@id":"https:\/\/anivet.lt\/elparduotuve\/#\/schema\/logo\/image\/"}}]}},"_links":{"self":[{"href":"https:\/\/anivet.lt\/elparduotuve\/wp-json\/wp\/v2\/product\/20236","targetHints":{"allow":["GET"]}}],"collection":[{"href":"https:\/\/anivet.lt\/elparduotuve\/wp-json\/wp\/v2\/product"}],"about":[{"href":"https:\/\/anivet.lt\/elparduotuve\/wp-json\/wp\/v2\/types\/product"}],"wp:featuredmedia":[{"embeddable":true,"href":"https:\/\/anivet.lt\/elparduotuve\/wp-json\/wp\/v2\/media\/20237"}],"wp:attachment":[{"href":"https:\/\/anivet.lt\/elparduotuve\/wp-json\/wp\/v2\/media?parent=20236"}],"wp:term":[{"taxonomy":"product_brand","embeddable":true,"href":"https:\/\/anivet.lt\/elparduotuve\/wp-json\/wp\/v2\/product_brand?post=20236"},{"taxonomy":"product_cat","embeddable":true,"href":"https:\/\/anivet.lt\/elparduotuve\/wp-json\/wp\/v2\/product_cat?post=20236"},{"taxonomy":"product_tag","embeddable":true,"href":"https:\/\/anivet.lt\/elparduotuve\/wp-json\/wp\/v2\/product_tag?post=20236"}],"curies":[{"name":"wp","href":"https:\/\/api.w.org\/{rel}","templated":true}]}}