{"id":20250,"date":"2026-02-12T09:30:16","date_gmt":"2026-02-12T09:30:16","guid":{"rendered":"https:\/\/anivet.lt\/elparduotuve\/?post_type=product&#038;p=20250"},"modified":"2026-02-12T09:30:18","modified_gmt":"2026-02-12T09:30:18","slug":"gimdog-oval-brush-ovalios-gumines-sukos-ant-delno","status":"publish","type":"product","link":"https:\/\/anivet.lt\/elparduotuve\/produktas\/gimdog-oval-brush-ovalios-gumines-sukos-ant-delno\/","title":{"rendered":"Gimdog Oval Brush ovalios gumin\u0117s \u0161ukos ant delno"},"content":{"rendered":"<ul>\n<li>Patogios ir efektyvios \u2013 tai paprastas b\u016bdas pasir\u016bpinti savo augintinio kailiu kasdien.<\/li>\n<li>Mink\u0161ti guminiai dantukai \u0161velniai pa\u0161alina i\u0161kritusius plaukus, ne\u0161varumus ir negyvas odos l\u0105steles, tuo pa\u010diu masa\u017euodami od\u0105 ir gerindami kraujotak\u0105.<\/li>\n<\/ul>\n","protected":false},"excerpt":{"rendered":"<p>Ovalios gumin\u0117s \u0161ukos ant delno augintini\u0173 kailio prie\u017ei\u016brai.<\/p>\n","protected":false},"featured_media":20251,"template":"","meta":[],"product_brand":[],"product_cat":[101,102,108,119,312,310],"product_tag":[],"class_list":{"0":"post-20250","1":"product","2":"type-product","3":"status-publish","4":"has-post-thumbnail","6":"product_cat-sunims","7":"product_cat-katems","8":"product_cat-prieziuros-priemones","9":"product_cat-prieziuros-priemones-katems","10":"product_cat-kitos-priemones-prieziuros-priemones","11":"product_cat-kitos-priemones","12":"pa_prekinis-zenklas-gimdog","14":"first","15":"instock","16":"taxable","17":"shipping-taxable","18":"purchasable","19":"product-type-simple"},"yoast_head":"<!-- This site is optimized with the Yoast SEO Premium plugin v27.1 (Yoast SEO v27.3) - https:\/\/yoast.com\/product\/yoast-seo-premium-wordpress\/ -->\n<title>Gimdog Oval Brush ovalios gumin\u0117s \u0161ukos ant delno - anivet.lt<\/title>\n<meta name=\"description\" content=\"Ovalios gumin\u0117s \u0161ukos ant delno augintini\u0173 kailio prie\u017ei\u016brai.\" \/>\n<meta name=\"robots\" content=\"index, follow, max-snippet:-1, max-image-preview:large, max-video-preview:-1\" \/>\n<link rel=\"canonical\" href=\"https:\/\/anivet.lt\/elparduotuve\/produktas\/gimdog-oval-brush-ovalios-gumines-sukos-ant-delno\/\" \/>\n<meta property=\"og:locale\" content=\"lt_LT\" \/>\n<meta property=\"og:type\" content=\"article\" \/>\n<meta property=\"og:title\" content=\"Gimdog Oval Brush ovalios gumin\u0117s \u0161ukos ant delno\" \/>\n<meta property=\"og:description\" content=\"Ovalios gumin\u0117s \u0161ukos ant delno augintini\u0173 kailio prie\u017ei\u016brai.\" \/>\n<meta property=\"og:url\" content=\"https:\/\/anivet.lt\/elparduotuve\/produktas\/gimdog-oval-brush-ovalios-gumines-sukos-ant-delno\/\" \/>\n<meta property=\"og:site_name\" content=\"anivet.lt\" \/>\n<meta property=\"article:modified_time\" content=\"2026-02-12T09:30:18+00:00\" \/>\n<meta property=\"og:image\" content=\"https:\/\/anivet.lt\/elparduotuve\/wp-content\/uploads\/2026\/02\/Gimdog-Oval-Brush-ovalios-gumines-sukos-ant-delno.jpg\" \/>\n\t<meta property=\"og:image:width\" content=\"580\" \/>\n\t<meta property=\"og:image:height\" content=\"387\" \/>\n\t<meta property=\"og:image:type\" content=\"image\/jpeg\" \/>\n<meta name=\"twitter:card\" content=\"summary_large_image\" \/>\n<meta name=\"twitter:label1\" content=\"Est. reading time\" \/>\n\t<meta name=\"twitter:data1\" content=\"1 minut\u0117\" \/>\n<script type=\"application\/ld+json\" class=\"yoast-schema-graph\">{\"@context\":\"https:\\\/\\\/schema.org\",\"@graph\":[{\"@type\":\"WebPage\",\"@id\":\"https:\\\/\\\/anivet.lt\\\/elparduotuve\\\/produktas\\\/gimdog-oval-brush-ovalios-gumines-sukos-ant-delno\\\/\",\"url\":\"https:\\\/\\\/anivet.lt\\\/elparduotuve\\\/produktas\\\/gimdog-oval-brush-ovalios-gumines-sukos-ant-delno\\\/\",\"name\":\"Gimdog Oval Brush ovalios gumin\u0117s \u0161ukos ant delno - anivet.lt\",\"isPartOf\":{\"@id\":\"https:\\\/\\\/anivet.lt\\\/elparduotuve\\\/#website\"},\"primaryImageOfPage\":{\"@id\":\"https:\\\/\\\/anivet.lt\\\/elparduotuve\\\/produktas\\\/gimdog-oval-brush-ovalios-gumines-sukos-ant-delno\\\/#primaryimage\"},\"image\":{\"@id\":\"https:\\\/\\\/anivet.lt\\\/elparduotuve\\\/produktas\\\/gimdog-oval-brush-ovalios-gumines-sukos-ant-delno\\\/#primaryimage\"},\"thumbnailUrl\":\"https:\\\/\\\/anivet.lt\\\/elparduotuve\\\/wp-content\\\/uploads\\\/2026\\\/02\\\/Gimdog-Oval-Brush-ovalios-gumines-sukos-ant-delno.jpg\",\"datePublished\":\"2026-02-12T09:30:16+00:00\",\"dateModified\":\"2026-02-12T09:30:18+00:00\",\"description\":\"Ovalios gumin\u0117s \u0161ukos ant delno augintini\u0173 kailio prie\u017ei\u016brai.\",\"breadcrumb\":{\"@id\":\"https:\\\/\\\/anivet.lt\\\/elparduotuve\\\/produktas\\\/gimdog-oval-brush-ovalios-gumines-sukos-ant-delno\\\/#breadcrumb\"},\"inLanguage\":\"lt-LT\",\"potentialAction\":[{\"@type\":\"ReadAction\",\"target\":[\"https:\\\/\\\/anivet.lt\\\/elparduotuve\\\/produktas\\\/gimdog-oval-brush-ovalios-gumines-sukos-ant-delno\\\/\"]}]},{\"@type\":\"ImageObject\",\"inLanguage\":\"lt-LT\",\"@id\":\"https:\\\/\\\/anivet.lt\\\/elparduotuve\\\/produktas\\\/gimdog-oval-brush-ovalios-gumines-sukos-ant-delno\\\/#primaryimage\",\"url\":\"https:\\\/\\\/anivet.lt\\\/elparduotuve\\\/wp-content\\\/uploads\\\/2026\\\/02\\\/Gimdog-Oval-Brush-ovalios-gumines-sukos-ant-delno.jpg\",\"contentUrl\":\"https:\\\/\\\/anivet.lt\\\/elparduotuve\\\/wp-content\\\/uploads\\\/2026\\\/02\\\/Gimdog-Oval-Brush-ovalios-gumines-sukos-ant-delno.jpg\",\"width\":580,\"height\":387,\"caption\":\"Gimdog Oval Brush ovalios gumin\u0117s \u0161ukos ant delno\"},{\"@type\":\"BreadcrumbList\",\"@id\":\"https:\\\/\\\/anivet.lt\\\/elparduotuve\\\/produktas\\\/gimdog-oval-brush-ovalios-gumines-sukos-ant-delno\\\/#breadcrumb\",\"itemListElement\":[{\"@type\":\"ListItem\",\"position\":1,\"name\":\"Home\",\"item\":\"https:\\\/\\\/anivet.lt\\\/elparduotuve\\\/\"},{\"@type\":\"ListItem\",\"position\":2,\"name\":\"Produktai\",\"item\":\"https:\\\/\\\/anivet.lt\\\/elparduotuve\\\/produktai\\\/\"},{\"@type\":\"ListItem\",\"position\":3,\"name\":\"Gimdog Oval Brush ovalios gumin\u0117s \u0161ukos ant delno\"}]},{\"@type\":\"WebSite\",\"@id\":\"https:\\\/\\\/anivet.lt\\\/elparduotuve\\\/#website\",\"url\":\"https:\\\/\\\/anivet.lt\\\/elparduotuve\\\/\",\"name\":\"anivet.lt\",\"description\":\"Viskas J\u016bs\u0173 \u0161uns, kat\u0117s prie\u017ei\u016brai\",\"publisher\":{\"@id\":\"https:\\\/\\\/anivet.lt\\\/elparduotuve\\\/#organization\"},\"alternateName\":\"Viskas J\u016bs\u0173 \u0161uns, kat\u0117s prie\u017ei\u016brai\",\"potentialAction\":[{\"@type\":\"SearchAction\",\"target\":{\"@type\":\"EntryPoint\",\"urlTemplate\":\"https:\\\/\\\/anivet.lt\\\/elparduotuve\\\/?s={search_term_string}\"},\"query-input\":{\"@type\":\"PropertyValueSpecification\",\"valueRequired\":true,\"valueName\":\"search_term_string\"}}],\"inLanguage\":\"lt-LT\"},{\"@type\":\"Organization\",\"@id\":\"https:\\\/\\\/anivet.lt\\\/elparduotuve\\\/#organization\",\"name\":\"Viskas J\u016bs\u0173 \u0161uns, kat\u0117s prie\u017ei\u016brai\",\"url\":\"https:\\\/\\\/anivet.lt\\\/elparduotuve\\\/\",\"logo\":{\"@type\":\"ImageObject\",\"inLanguage\":\"lt-LT\",\"@id\":\"https:\\\/\\\/anivet.lt\\\/elparduotuve\\\/#\\\/schema\\\/logo\\\/image\\\/\",\"url\":\"https:\\\/\\\/anivet.lt\\\/elparduotuve\\\/wp-content\\\/uploads\\\/2023\\\/06\\\/logo2.jpg\",\"contentUrl\":\"https:\\\/\\\/anivet.lt\\\/elparduotuve\\\/wp-content\\\/uploads\\\/2023\\\/06\\\/logo2.jpg\",\"width\":655,\"height\":194,\"caption\":\"Viskas J\u016bs\u0173 \u0161uns, kat\u0117s prie\u017ei\u016brai\"},\"image\":{\"@id\":\"https:\\\/\\\/anivet.lt\\\/elparduotuve\\\/#\\\/schema\\\/logo\\\/image\\\/\"}}]}<\/script>\n<!-- \/ Yoast SEO Premium plugin. -->","yoast_head_json":{"title":"Gimdog Oval Brush ovalios gumin\u0117s \u0161ukos ant delno - anivet.lt","description":"Ovalios gumin\u0117s \u0161ukos ant delno augintini\u0173 kailio prie\u017ei\u016brai.","robots":{"index":"index","follow":"follow","max-snippet":"max-snippet:-1","max-image-preview":"max-image-preview:large","max-video-preview":"max-video-preview:-1"},"canonical":"https:\/\/anivet.lt\/elparduotuve\/produktas\/gimdog-oval-brush-ovalios-gumines-sukos-ant-delno\/","og_locale":"lt_LT","og_type":"article","og_title":"Gimdog Oval Brush ovalios gumin\u0117s \u0161ukos ant delno","og_description":"Ovalios gumin\u0117s \u0161ukos ant delno augintini\u0173 kailio prie\u017ei\u016brai.","og_url":"https:\/\/anivet.lt\/elparduotuve\/produktas\/gimdog-oval-brush-ovalios-gumines-sukos-ant-delno\/","og_site_name":"anivet.lt","article_modified_time":"2026-02-12T09:30:18+00:00","og_image":[{"width":580,"height":387,"url":"https:\/\/anivet.lt\/elparduotuve\/wp-content\/uploads\/2026\/02\/Gimdog-Oval-Brush-ovalios-gumines-sukos-ant-delno.jpg","type":"image\/jpeg"}],"twitter_card":"summary_large_image","twitter_misc":{"Est. reading time":"1 minut\u0117"},"schema":{"@context":"https:\/\/schema.org","@graph":[{"@type":"WebPage","@id":"https:\/\/anivet.lt\/elparduotuve\/produktas\/gimdog-oval-brush-ovalios-gumines-sukos-ant-delno\/","url":"https:\/\/anivet.lt\/elparduotuve\/produktas\/gimdog-oval-brush-ovalios-gumines-sukos-ant-delno\/","name":"Gimdog Oval Brush ovalios gumin\u0117s \u0161ukos ant delno - anivet.lt","isPartOf":{"@id":"https:\/\/anivet.lt\/elparduotuve\/#website"},"primaryImageOfPage":{"@id":"https:\/\/anivet.lt\/elparduotuve\/produktas\/gimdog-oval-brush-ovalios-gumines-sukos-ant-delno\/#primaryimage"},"image":{"@id":"https:\/\/anivet.lt\/elparduotuve\/produktas\/gimdog-oval-brush-ovalios-gumines-sukos-ant-delno\/#primaryimage"},"thumbnailUrl":"https:\/\/anivet.lt\/elparduotuve\/wp-content\/uploads\/2026\/02\/Gimdog-Oval-Brush-ovalios-gumines-sukos-ant-delno.jpg","datePublished":"2026-02-12T09:30:16+00:00","dateModified":"2026-02-12T09:30:18+00:00","description":"Ovalios gumin\u0117s \u0161ukos ant delno augintini\u0173 kailio prie\u017ei\u016brai.","breadcrumb":{"@id":"https:\/\/anivet.lt\/elparduotuve\/produktas\/gimdog-oval-brush-ovalios-gumines-sukos-ant-delno\/#breadcrumb"},"inLanguage":"lt-LT","potentialAction":[{"@type":"ReadAction","target":["https:\/\/anivet.lt\/elparduotuve\/produktas\/gimdog-oval-brush-ovalios-gumines-sukos-ant-delno\/"]}]},{"@type":"ImageObject","inLanguage":"lt-LT","@id":"https:\/\/anivet.lt\/elparduotuve\/produktas\/gimdog-oval-brush-ovalios-gumines-sukos-ant-delno\/#primaryimage","url":"https:\/\/anivet.lt\/elparduotuve\/wp-content\/uploads\/2026\/02\/Gimdog-Oval-Brush-ovalios-gumines-sukos-ant-delno.jpg","contentUrl":"https:\/\/anivet.lt\/elparduotuve\/wp-content\/uploads\/2026\/02\/Gimdog-Oval-Brush-ovalios-gumines-sukos-ant-delno.jpg","width":580,"height":387,"caption":"Gimdog Oval Brush ovalios gumin\u0117s \u0161ukos ant delno"},{"@type":"BreadcrumbList","@id":"https:\/\/anivet.lt\/elparduotuve\/produktas\/gimdog-oval-brush-ovalios-gumines-sukos-ant-delno\/#breadcrumb","itemListElement":[{"@type":"ListItem","position":1,"name":"Home","item":"https:\/\/anivet.lt\/elparduotuve\/"},{"@type":"ListItem","position":2,"name":"Produktai","item":"https:\/\/anivet.lt\/elparduotuve\/produktai\/"},{"@type":"ListItem","position":3,"name":"Gimdog Oval Brush ovalios gumin\u0117s \u0161ukos ant delno"}]},{"@type":"WebSite","@id":"https:\/\/anivet.lt\/elparduotuve\/#website","url":"https:\/\/anivet.lt\/elparduotuve\/","name":"anivet.lt","description":"Viskas J\u016bs\u0173 \u0161uns, kat\u0117s prie\u017ei\u016brai","publisher":{"@id":"https:\/\/anivet.lt\/elparduotuve\/#organization"},"alternateName":"Viskas J\u016bs\u0173 \u0161uns, kat\u0117s prie\u017ei\u016brai","potentialAction":[{"@type":"SearchAction","target":{"@type":"EntryPoint","urlTemplate":"https:\/\/anivet.lt\/elparduotuve\/?s={search_term_string}"},"query-input":{"@type":"PropertyValueSpecification","valueRequired":true,"valueName":"search_term_string"}}],"inLanguage":"lt-LT"},{"@type":"Organization","@id":"https:\/\/anivet.lt\/elparduotuve\/#organization","name":"Viskas J\u016bs\u0173 \u0161uns, kat\u0117s prie\u017ei\u016brai","url":"https:\/\/anivet.lt\/elparduotuve\/","logo":{"@type":"ImageObject","inLanguage":"lt-LT","@id":"https:\/\/anivet.lt\/elparduotuve\/#\/schema\/logo\/image\/","url":"https:\/\/anivet.lt\/elparduotuve\/wp-content\/uploads\/2023\/06\/logo2.jpg","contentUrl":"https:\/\/anivet.lt\/elparduotuve\/wp-content\/uploads\/2023\/06\/logo2.jpg","width":655,"height":194,"caption":"Viskas J\u016bs\u0173 \u0161uns, kat\u0117s prie\u017ei\u016brai"},"image":{"@id":"https:\/\/anivet.lt\/elparduotuve\/#\/schema\/logo\/image\/"}}]}},"_links":{"self":[{"href":"https:\/\/anivet.lt\/elparduotuve\/wp-json\/wp\/v2\/product\/20250","targetHints":{"allow":["GET"]}}],"collection":[{"href":"https:\/\/anivet.lt\/elparduotuve\/wp-json\/wp\/v2\/product"}],"about":[{"href":"https:\/\/anivet.lt\/elparduotuve\/wp-json\/wp\/v2\/types\/product"}],"wp:featuredmedia":[{"embeddable":true,"href":"https:\/\/anivet.lt\/elparduotuve\/wp-json\/wp\/v2\/media\/20251"}],"wp:attachment":[{"href":"https:\/\/anivet.lt\/elparduotuve\/wp-json\/wp\/v2\/media?parent=20250"}],"wp:term":[{"taxonomy":"product_brand","embeddable":true,"href":"https:\/\/anivet.lt\/elparduotuve\/wp-json\/wp\/v2\/product_brand?post=20250"},{"taxonomy":"product_cat","embeddable":true,"href":"https:\/\/anivet.lt\/elparduotuve\/wp-json\/wp\/v2\/product_cat?post=20250"},{"taxonomy":"product_tag","embeddable":true,"href":"https:\/\/anivet.lt\/elparduotuve\/wp-json\/wp\/v2\/product_tag?post=20250"}],"curies":[{"name":"wp","href":"https:\/\/api.w.org\/{rel}","templated":true}]}}