{"id":20258,"date":"2026-02-12T12:16:33","date_gmt":"2026-02-12T12:16:33","guid":{"rendered":"https:\/\/anivet.lt\/elparduotuve\/?post_type=product&#038;p=20258"},"modified":"2026-02-27T21:46:54","modified_gmt":"2026-02-27T21:46:54","slug":"furminator-large-firm-dvipuses-sukos-sunims-ir-katems","status":"publish","type":"product","link":"https:\/\/anivet.lt\/elparduotuve\/produktas\/furminator-large-firm-dvipuses-sukos-sunims-ir-katems\/","title":{"rendered":"FURminator Large Firm dvipus\u0117s \u0161ukos \u0161unims ir kat\u0117ms"},"content":{"rendered":"<ul>\n<li>Skirtas augintiniams su garbanotu, vidutinio ilgio ar ilgu kailiu.<\/li>\n<li>Efektyviai padeda i\u0161\u0161ukuoti susiv\u0117lusius plaukus ir palaikyti kailio \u0161var\u0105.<\/li>\n<li>\u0160velniai slysta kailio pavir\u0161iumi \u2013 ner\u016bdijan\u010dio plieno \u0161ereliai saug\u016bs ir nedirgina odos.<\/li>\n<li>Patogus naudoti kasdien d\u0117l ergonomi\u0161kos, neslid\u017eios rankenos.<\/li>\n<\/ul>\n","protected":false},"excerpt":{"rendered":"<p>Dvipus\u0117s \u0161ukos \u0161unims ir kat\u0117ms turintiems vidutinio ilgio arba ilg\u0105, garbanot\u0105 kail\u012f. \u0160ukuokite saus\u0105 augintinio kail\u012f 1\u20132 kartus per savait\u0119.<\/p>\n","protected":false},"featured_media":20259,"template":"","meta":[],"product_brand":[],"product_cat":[101,102,108,119,312,310],"product_tag":[],"class_list":{"0":"post-20258","1":"product","2":"type-product","3":"status-publish","4":"has-post-thumbnail","6":"product_cat-sunims","7":"product_cat-katems","8":"product_cat-prieziuros-priemones","9":"product_cat-prieziuros-priemones-katems","10":"product_cat-kitos-priemones-prieziuros-priemones","11":"product_cat-kitos-priemones","12":"pa_prekinis-zenklas-furminator","14":"first","15":"outofstock","16":"taxable","17":"shipping-taxable","18":"purchasable","19":"product-type-simple"},"yoast_head":"<!-- This site is optimized with the Yoast SEO Premium plugin v27.1 (Yoast SEO v27.3) - https:\/\/yoast.com\/product\/yoast-seo-premium-wordpress\/ -->\n<title>FURminator Large Firm dvipus\u0117s \u0161ukos \u0161unims ir kat\u0117ms - anivet.lt<\/title>\n<meta name=\"description\" content=\"Dvipus\u0117s \u0161ukos \u0161unims ir kat\u0117ms turintiems vidutinio ilgio arba ilg\u0105, garbanot\u0105 kail\u012f. \u0160ukuokite saus\u0105 augintinio kail\u012f 1\u20132 kartus per savait\u0119.\" \/>\n<meta name=\"robots\" content=\"index, follow, max-snippet:-1, max-image-preview:large, max-video-preview:-1\" \/>\n<link rel=\"canonical\" href=\"https:\/\/anivet.lt\/elparduotuve\/produktas\/furminator-large-firm-dvipuses-sukos-sunims-ir-katems\/\" \/>\n<meta property=\"og:locale\" content=\"lt_LT\" \/>\n<meta property=\"og:type\" content=\"article\" \/>\n<meta property=\"og:title\" content=\"FURminator Large Firm dvipus\u0117s \u0161ukos \u0161unims ir kat\u0117ms\" \/>\n<meta property=\"og:description\" content=\"Dvipus\u0117s \u0161ukos \u0161unims ir kat\u0117ms turintiems vidutinio ilgio arba ilg\u0105, garbanot\u0105 kail\u012f. \u0160ukuokite saus\u0105 augintinio kail\u012f 1\u20132 kartus per savait\u0119.\" \/>\n<meta property=\"og:url\" content=\"https:\/\/anivet.lt\/elparduotuve\/produktas\/furminator-large-firm-dvipuses-sukos-sunims-ir-katems\/\" \/>\n<meta property=\"og:site_name\" content=\"anivet.lt\" \/>\n<meta property=\"article:modified_time\" content=\"2026-02-27T21:46:54+00:00\" \/>\n<meta property=\"og:image\" content=\"https:\/\/anivet.lt\/elparduotuve\/wp-content\/uploads\/2026\/02\/FURminator-Large-Firm-dvipuses-sukos-sunims-ir-katems.jpg\" \/>\n\t<meta property=\"og:image:width\" content=\"600\" \/>\n\t<meta property=\"og:image:height\" content=\"600\" \/>\n\t<meta property=\"og:image:type\" content=\"image\/jpeg\" \/>\n<meta name=\"twitter:card\" content=\"summary_large_image\" \/>\n<meta name=\"twitter:label1\" content=\"Est. reading time\" \/>\n\t<meta name=\"twitter:data1\" content=\"1 minut\u0117\" \/>\n<script type=\"application\/ld+json\" class=\"yoast-schema-graph\">{\"@context\":\"https:\\\/\\\/schema.org\",\"@graph\":[{\"@type\":\"WebPage\",\"@id\":\"https:\\\/\\\/anivet.lt\\\/elparduotuve\\\/produktas\\\/furminator-large-firm-dvipuses-sukos-sunims-ir-katems\\\/\",\"url\":\"https:\\\/\\\/anivet.lt\\\/elparduotuve\\\/produktas\\\/furminator-large-firm-dvipuses-sukos-sunims-ir-katems\\\/\",\"name\":\"FURminator Large Firm dvipus\u0117s \u0161ukos \u0161unims ir kat\u0117ms - anivet.lt\",\"isPartOf\":{\"@id\":\"https:\\\/\\\/anivet.lt\\\/elparduotuve\\\/#website\"},\"primaryImageOfPage\":{\"@id\":\"https:\\\/\\\/anivet.lt\\\/elparduotuve\\\/produktas\\\/furminator-large-firm-dvipuses-sukos-sunims-ir-katems\\\/#primaryimage\"},\"image\":{\"@id\":\"https:\\\/\\\/anivet.lt\\\/elparduotuve\\\/produktas\\\/furminator-large-firm-dvipuses-sukos-sunims-ir-katems\\\/#primaryimage\"},\"thumbnailUrl\":\"https:\\\/\\\/anivet.lt\\\/elparduotuve\\\/wp-content\\\/uploads\\\/2026\\\/02\\\/FURminator-Large-Firm-dvipuses-sukos-sunims-ir-katems.jpg\",\"datePublished\":\"2026-02-12T12:16:33+00:00\",\"dateModified\":\"2026-02-27T21:46:54+00:00\",\"description\":\"Dvipus\u0117s \u0161ukos \u0161unims ir kat\u0117ms turintiems vidutinio ilgio arba ilg\u0105, garbanot\u0105 kail\u012f. \u0160ukuokite saus\u0105 augintinio kail\u012f 1\u20132 kartus per savait\u0119.\",\"breadcrumb\":{\"@id\":\"https:\\\/\\\/anivet.lt\\\/elparduotuve\\\/produktas\\\/furminator-large-firm-dvipuses-sukos-sunims-ir-katems\\\/#breadcrumb\"},\"inLanguage\":\"lt-LT\",\"potentialAction\":[{\"@type\":\"ReadAction\",\"target\":[\"https:\\\/\\\/anivet.lt\\\/elparduotuve\\\/produktas\\\/furminator-large-firm-dvipuses-sukos-sunims-ir-katems\\\/\"]}]},{\"@type\":\"ImageObject\",\"inLanguage\":\"lt-LT\",\"@id\":\"https:\\\/\\\/anivet.lt\\\/elparduotuve\\\/produktas\\\/furminator-large-firm-dvipuses-sukos-sunims-ir-katems\\\/#primaryimage\",\"url\":\"https:\\\/\\\/anivet.lt\\\/elparduotuve\\\/wp-content\\\/uploads\\\/2026\\\/02\\\/FURminator-Large-Firm-dvipuses-sukos-sunims-ir-katems.jpg\",\"contentUrl\":\"https:\\\/\\\/anivet.lt\\\/elparduotuve\\\/wp-content\\\/uploads\\\/2026\\\/02\\\/FURminator-Large-Firm-dvipuses-sukos-sunims-ir-katems.jpg\",\"width\":600,\"height\":600,\"caption\":\"FURminator Large Firm dvipus\u0117s \u0161ukos \u0161unims ir kat\u0117ms\"},{\"@type\":\"BreadcrumbList\",\"@id\":\"https:\\\/\\\/anivet.lt\\\/elparduotuve\\\/produktas\\\/furminator-large-firm-dvipuses-sukos-sunims-ir-katems\\\/#breadcrumb\",\"itemListElement\":[{\"@type\":\"ListItem\",\"position\":1,\"name\":\"Home\",\"item\":\"https:\\\/\\\/anivet.lt\\\/elparduotuve\\\/\"},{\"@type\":\"ListItem\",\"position\":2,\"name\":\"Produktai\",\"item\":\"https:\\\/\\\/anivet.lt\\\/elparduotuve\\\/produktai\\\/\"},{\"@type\":\"ListItem\",\"position\":3,\"name\":\"FURminator Large Firm dvipus\u0117s \u0161ukos \u0161unims ir kat\u0117ms\"}]},{\"@type\":\"WebSite\",\"@id\":\"https:\\\/\\\/anivet.lt\\\/elparduotuve\\\/#website\",\"url\":\"https:\\\/\\\/anivet.lt\\\/elparduotuve\\\/\",\"name\":\"anivet.lt\",\"description\":\"Viskas J\u016bs\u0173 \u0161uns, kat\u0117s prie\u017ei\u016brai\",\"publisher\":{\"@id\":\"https:\\\/\\\/anivet.lt\\\/elparduotuve\\\/#organization\"},\"alternateName\":\"Viskas J\u016bs\u0173 \u0161uns, kat\u0117s prie\u017ei\u016brai\",\"potentialAction\":[{\"@type\":\"SearchAction\",\"target\":{\"@type\":\"EntryPoint\",\"urlTemplate\":\"https:\\\/\\\/anivet.lt\\\/elparduotuve\\\/?s={search_term_string}\"},\"query-input\":{\"@type\":\"PropertyValueSpecification\",\"valueRequired\":true,\"valueName\":\"search_term_string\"}}],\"inLanguage\":\"lt-LT\"},{\"@type\":\"Organization\",\"@id\":\"https:\\\/\\\/anivet.lt\\\/elparduotuve\\\/#organization\",\"name\":\"Viskas J\u016bs\u0173 \u0161uns, kat\u0117s prie\u017ei\u016brai\",\"url\":\"https:\\\/\\\/anivet.lt\\\/elparduotuve\\\/\",\"logo\":{\"@type\":\"ImageObject\",\"inLanguage\":\"lt-LT\",\"@id\":\"https:\\\/\\\/anivet.lt\\\/elparduotuve\\\/#\\\/schema\\\/logo\\\/image\\\/\",\"url\":\"https:\\\/\\\/anivet.lt\\\/elparduotuve\\\/wp-content\\\/uploads\\\/2023\\\/06\\\/logo2.jpg\",\"contentUrl\":\"https:\\\/\\\/anivet.lt\\\/elparduotuve\\\/wp-content\\\/uploads\\\/2023\\\/06\\\/logo2.jpg\",\"width\":655,\"height\":194,\"caption\":\"Viskas J\u016bs\u0173 \u0161uns, kat\u0117s prie\u017ei\u016brai\"},\"image\":{\"@id\":\"https:\\\/\\\/anivet.lt\\\/elparduotuve\\\/#\\\/schema\\\/logo\\\/image\\\/\"}}]}<\/script>\n<!-- \/ Yoast SEO Premium plugin. -->","yoast_head_json":{"title":"FURminator Large Firm dvipus\u0117s \u0161ukos \u0161unims ir kat\u0117ms - anivet.lt","description":"Dvipus\u0117s \u0161ukos \u0161unims ir kat\u0117ms turintiems vidutinio ilgio arba ilg\u0105, garbanot\u0105 kail\u012f. \u0160ukuokite saus\u0105 augintinio kail\u012f 1\u20132 kartus per savait\u0119.","robots":{"index":"index","follow":"follow","max-snippet":"max-snippet:-1","max-image-preview":"max-image-preview:large","max-video-preview":"max-video-preview:-1"},"canonical":"https:\/\/anivet.lt\/elparduotuve\/produktas\/furminator-large-firm-dvipuses-sukos-sunims-ir-katems\/","og_locale":"lt_LT","og_type":"article","og_title":"FURminator Large Firm dvipus\u0117s \u0161ukos \u0161unims ir kat\u0117ms","og_description":"Dvipus\u0117s \u0161ukos \u0161unims ir kat\u0117ms turintiems vidutinio ilgio arba ilg\u0105, garbanot\u0105 kail\u012f. \u0160ukuokite saus\u0105 augintinio kail\u012f 1\u20132 kartus per savait\u0119.","og_url":"https:\/\/anivet.lt\/elparduotuve\/produktas\/furminator-large-firm-dvipuses-sukos-sunims-ir-katems\/","og_site_name":"anivet.lt","article_modified_time":"2026-02-27T21:46:54+00:00","og_image":[{"width":600,"height":600,"url":"https:\/\/anivet.lt\/elparduotuve\/wp-content\/uploads\/2026\/02\/FURminator-Large-Firm-dvipuses-sukos-sunims-ir-katems.jpg","type":"image\/jpeg"}],"twitter_card":"summary_large_image","twitter_misc":{"Est. reading time":"1 minut\u0117"},"schema":{"@context":"https:\/\/schema.org","@graph":[{"@type":"WebPage","@id":"https:\/\/anivet.lt\/elparduotuve\/produktas\/furminator-large-firm-dvipuses-sukos-sunims-ir-katems\/","url":"https:\/\/anivet.lt\/elparduotuve\/produktas\/furminator-large-firm-dvipuses-sukos-sunims-ir-katems\/","name":"FURminator Large Firm dvipus\u0117s \u0161ukos \u0161unims ir kat\u0117ms - anivet.lt","isPartOf":{"@id":"https:\/\/anivet.lt\/elparduotuve\/#website"},"primaryImageOfPage":{"@id":"https:\/\/anivet.lt\/elparduotuve\/produktas\/furminator-large-firm-dvipuses-sukos-sunims-ir-katems\/#primaryimage"},"image":{"@id":"https:\/\/anivet.lt\/elparduotuve\/produktas\/furminator-large-firm-dvipuses-sukos-sunims-ir-katems\/#primaryimage"},"thumbnailUrl":"https:\/\/anivet.lt\/elparduotuve\/wp-content\/uploads\/2026\/02\/FURminator-Large-Firm-dvipuses-sukos-sunims-ir-katems.jpg","datePublished":"2026-02-12T12:16:33+00:00","dateModified":"2026-02-27T21:46:54+00:00","description":"Dvipus\u0117s \u0161ukos \u0161unims ir kat\u0117ms turintiems vidutinio ilgio arba ilg\u0105, garbanot\u0105 kail\u012f. \u0160ukuokite saus\u0105 augintinio kail\u012f 1\u20132 kartus per savait\u0119.","breadcrumb":{"@id":"https:\/\/anivet.lt\/elparduotuve\/produktas\/furminator-large-firm-dvipuses-sukos-sunims-ir-katems\/#breadcrumb"},"inLanguage":"lt-LT","potentialAction":[{"@type":"ReadAction","target":["https:\/\/anivet.lt\/elparduotuve\/produktas\/furminator-large-firm-dvipuses-sukos-sunims-ir-katems\/"]}]},{"@type":"ImageObject","inLanguage":"lt-LT","@id":"https:\/\/anivet.lt\/elparduotuve\/produktas\/furminator-large-firm-dvipuses-sukos-sunims-ir-katems\/#primaryimage","url":"https:\/\/anivet.lt\/elparduotuve\/wp-content\/uploads\/2026\/02\/FURminator-Large-Firm-dvipuses-sukos-sunims-ir-katems.jpg","contentUrl":"https:\/\/anivet.lt\/elparduotuve\/wp-content\/uploads\/2026\/02\/FURminator-Large-Firm-dvipuses-sukos-sunims-ir-katems.jpg","width":600,"height":600,"caption":"FURminator Large Firm dvipus\u0117s \u0161ukos \u0161unims ir kat\u0117ms"},{"@type":"BreadcrumbList","@id":"https:\/\/anivet.lt\/elparduotuve\/produktas\/furminator-large-firm-dvipuses-sukos-sunims-ir-katems\/#breadcrumb","itemListElement":[{"@type":"ListItem","position":1,"name":"Home","item":"https:\/\/anivet.lt\/elparduotuve\/"},{"@type":"ListItem","position":2,"name":"Produktai","item":"https:\/\/anivet.lt\/elparduotuve\/produktai\/"},{"@type":"ListItem","position":3,"name":"FURminator Large Firm dvipus\u0117s \u0161ukos \u0161unims ir kat\u0117ms"}]},{"@type":"WebSite","@id":"https:\/\/anivet.lt\/elparduotuve\/#website","url":"https:\/\/anivet.lt\/elparduotuve\/","name":"anivet.lt","description":"Viskas J\u016bs\u0173 \u0161uns, kat\u0117s prie\u017ei\u016brai","publisher":{"@id":"https:\/\/anivet.lt\/elparduotuve\/#organization"},"alternateName":"Viskas J\u016bs\u0173 \u0161uns, kat\u0117s prie\u017ei\u016brai","potentialAction":[{"@type":"SearchAction","target":{"@type":"EntryPoint","urlTemplate":"https:\/\/anivet.lt\/elparduotuve\/?s={search_term_string}"},"query-input":{"@type":"PropertyValueSpecification","valueRequired":true,"valueName":"search_term_string"}}],"inLanguage":"lt-LT"},{"@type":"Organization","@id":"https:\/\/anivet.lt\/elparduotuve\/#organization","name":"Viskas J\u016bs\u0173 \u0161uns, kat\u0117s prie\u017ei\u016brai","url":"https:\/\/anivet.lt\/elparduotuve\/","logo":{"@type":"ImageObject","inLanguage":"lt-LT","@id":"https:\/\/anivet.lt\/elparduotuve\/#\/schema\/logo\/image\/","url":"https:\/\/anivet.lt\/elparduotuve\/wp-content\/uploads\/2023\/06\/logo2.jpg","contentUrl":"https:\/\/anivet.lt\/elparduotuve\/wp-content\/uploads\/2023\/06\/logo2.jpg","width":655,"height":194,"caption":"Viskas J\u016bs\u0173 \u0161uns, kat\u0117s prie\u017ei\u016brai"},"image":{"@id":"https:\/\/anivet.lt\/elparduotuve\/#\/schema\/logo\/image\/"}}]}},"_links":{"self":[{"href":"https:\/\/anivet.lt\/elparduotuve\/wp-json\/wp\/v2\/product\/20258","targetHints":{"allow":["GET"]}}],"collection":[{"href":"https:\/\/anivet.lt\/elparduotuve\/wp-json\/wp\/v2\/product"}],"about":[{"href":"https:\/\/anivet.lt\/elparduotuve\/wp-json\/wp\/v2\/types\/product"}],"wp:featuredmedia":[{"embeddable":true,"href":"https:\/\/anivet.lt\/elparduotuve\/wp-json\/wp\/v2\/media\/20259"}],"wp:attachment":[{"href":"https:\/\/anivet.lt\/elparduotuve\/wp-json\/wp\/v2\/media?parent=20258"}],"wp:term":[{"taxonomy":"product_brand","embeddable":true,"href":"https:\/\/anivet.lt\/elparduotuve\/wp-json\/wp\/v2\/product_brand?post=20258"},{"taxonomy":"product_cat","embeddable":true,"href":"https:\/\/anivet.lt\/elparduotuve\/wp-json\/wp\/v2\/product_cat?post=20258"},{"taxonomy":"product_tag","embeddable":true,"href":"https:\/\/anivet.lt\/elparduotuve\/wp-json\/wp\/v2\/product_tag?post=20258"}],"curies":[{"name":"wp","href":"https:\/\/api.w.org\/{rel}","templated":true}]}}