{"id":20262,"date":"2026-02-12T12:30:42","date_gmt":"2026-02-12T12:30:42","guid":{"rendered":"https:\/\/anivet.lt\/elparduotuve\/?post_type=product&#038;p=20262"},"modified":"2026-02-12T12:30:43","modified_gmt":"2026-02-12T12:30:43","slug":"furminator-deshedding-xs-sukos-ilgaplaukiams-sunims","status":"publish","type":"product","link":"https:\/\/anivet.lt\/elparduotuve\/produktas\/furminator-deshedding-xs-sukos-ilgaplaukiams-sunims\/","title":{"rendered":"FURminator deShedding XS \u0161ukos ilgaplaukiams \u0161unims"},"content":{"rendered":"<ul>\n<li>Tinka \u0161unims, sveriantiems iki 4,5 kg, kuri\u0173 kailio ilgis vir\u0161ija 5 cm.<\/li>\n<li>Padeda suma\u017einti kailio slinkim\u0105 ir neleid\u017eia formuotis plauk\u0173 gumul\u0117liams \u2013 reguliariai \u0161ukuojamas kailis ma\u017eiau veliasi.<\/li>\n<li>\u0160velniai slysta kailio pavir\u0161iumi: apsauginiai kra\u0161tai saugo od\u0105 nuo \u012fbr\u0117\u017eim\u0173, o ner\u016bdijan\u010dio plieno danteliai nepa\u017eeid\u017eia plauko strukt\u016bros.<\/li>\n<li>Patogu naudoti d\u0117l ergonomi\u0161kos rankenos ir lenktos formos, prisitaikan\u010dios prie \u0161uns k\u016bno linij\u0173.<\/li>\n<li>Lengvas valymas \u2013 integruotas FURejector mygtukas leid\u017eia greitai pa\u0161alinti i\u0161\u0161ukuotus plaukus.<\/li>\n<li>Naudokite po augintinio maudymo ir visi\u0161ko kailio i\u0161d\u017eiovinimo, 1\u20132 kartus per savait\u0119, po 10\u201320 minu\u010di\u0173.<\/li>\n<\/ul>\n","protected":false},"excerpt":{"rendered":"<p>Pe\u0161iojamosios \u0161ukos, skirtos nyk\u0161tukini\u0173 veisli\u0173 ilgaplauki\u0173 \u0161un\u0173 kailio prie\u017ei\u016brai. Specialiai sukurtos \u0161ukos, padedan\u010dios palengvinti kasdien\u0119 augintinio kailio prie\u017ei\u016br\u0105.<\/p>\n","protected":false},"featured_media":20263,"template":"","meta":[],"product_brand":[],"product_cat":[101,108,312],"product_tag":[],"class_list":{"0":"post-20262","1":"product","2":"type-product","3":"status-publish","4":"has-post-thumbnail","6":"product_cat-sunims","7":"product_cat-prieziuros-priemones","8":"product_cat-kitos-priemones-prieziuros-priemones","9":"pa_prekinis-zenklas-furminator","11":"first","12":"instock","13":"taxable","14":"shipping-taxable","15":"purchasable","16":"product-type-simple"},"yoast_head":"<!-- This site is optimized with the Yoast SEO Premium plugin v27.1 (Yoast SEO v27.3) - https:\/\/yoast.com\/product\/yoast-seo-premium-wordpress\/ -->\n<title>FURminator deShedding XS \u0161ukos ilgaplaukiams \u0161unims - anivet.lt<\/title>\n<meta name=\"description\" content=\"Pe\u0161iojamosios \u0161ukos, skirtos nyk\u0161tukini\u0173 veisli\u0173 ilgaplauki\u0173 \u0161un\u0173 kailio prie\u017ei\u016brai. Specialiai sukurtos \u0161ukos, padedan\u010dios palengvinti kasdien\u0119 augintinio kailio prie\u017ei\u016br\u0105.\" \/>\n<meta name=\"robots\" content=\"index, follow, max-snippet:-1, max-image-preview:large, max-video-preview:-1\" \/>\n<link rel=\"canonical\" href=\"https:\/\/anivet.lt\/elparduotuve\/produktas\/furminator-deshedding-xs-sukos-ilgaplaukiams-sunims\/\" \/>\n<meta property=\"og:locale\" content=\"lt_LT\" \/>\n<meta property=\"og:type\" content=\"article\" \/>\n<meta property=\"og:title\" content=\"FURminator deShedding XS \u0161ukos ilgaplaukiams \u0161unims\" \/>\n<meta property=\"og:description\" content=\"Pe\u0161iojamosios \u0161ukos, skirtos nyk\u0161tukini\u0173 veisli\u0173 ilgaplauki\u0173 \u0161un\u0173 kailio prie\u017ei\u016brai. Specialiai sukurtos \u0161ukos, padedan\u010dios palengvinti kasdien\u0119 augintinio kailio prie\u017ei\u016br\u0105.\" \/>\n<meta property=\"og:url\" content=\"https:\/\/anivet.lt\/elparduotuve\/produktas\/furminator-deshedding-xs-sukos-ilgaplaukiams-sunims\/\" \/>\n<meta property=\"og:site_name\" content=\"anivet.lt\" \/>\n<meta property=\"article:modified_time\" content=\"2026-02-12T12:30:43+00:00\" \/>\n<meta property=\"og:image\" content=\"https:\/\/anivet.lt\/elparduotuve\/wp-content\/uploads\/2026\/02\/FURminator-deShedding-XS-sukos-ilgaplaukiams-sunims.jpg\" \/>\n\t<meta property=\"og:image:width\" content=\"600\" \/>\n\t<meta property=\"og:image:height\" content=\"600\" \/>\n\t<meta property=\"og:image:type\" content=\"image\/jpeg\" \/>\n<meta name=\"twitter:card\" content=\"summary_large_image\" \/>\n<meta name=\"twitter:label1\" content=\"Est. reading time\" \/>\n\t<meta name=\"twitter:data1\" content=\"1 minut\u0117\" \/>\n<script type=\"application\/ld+json\" class=\"yoast-schema-graph\">{\"@context\":\"https:\\\/\\\/schema.org\",\"@graph\":[{\"@type\":\"WebPage\",\"@id\":\"https:\\\/\\\/anivet.lt\\\/elparduotuve\\\/produktas\\\/furminator-deshedding-xs-sukos-ilgaplaukiams-sunims\\\/\",\"url\":\"https:\\\/\\\/anivet.lt\\\/elparduotuve\\\/produktas\\\/furminator-deshedding-xs-sukos-ilgaplaukiams-sunims\\\/\",\"name\":\"FURminator deShedding XS \u0161ukos ilgaplaukiams \u0161unims - anivet.lt\",\"isPartOf\":{\"@id\":\"https:\\\/\\\/anivet.lt\\\/elparduotuve\\\/#website\"},\"primaryImageOfPage\":{\"@id\":\"https:\\\/\\\/anivet.lt\\\/elparduotuve\\\/produktas\\\/furminator-deshedding-xs-sukos-ilgaplaukiams-sunims\\\/#primaryimage\"},\"image\":{\"@id\":\"https:\\\/\\\/anivet.lt\\\/elparduotuve\\\/produktas\\\/furminator-deshedding-xs-sukos-ilgaplaukiams-sunims\\\/#primaryimage\"},\"thumbnailUrl\":\"https:\\\/\\\/anivet.lt\\\/elparduotuve\\\/wp-content\\\/uploads\\\/2026\\\/02\\\/FURminator-deShedding-XS-sukos-ilgaplaukiams-sunims.jpg\",\"datePublished\":\"2026-02-12T12:30:42+00:00\",\"dateModified\":\"2026-02-12T12:30:43+00:00\",\"description\":\"Pe\u0161iojamosios \u0161ukos, skirtos nyk\u0161tukini\u0173 veisli\u0173 ilgaplauki\u0173 \u0161un\u0173 kailio prie\u017ei\u016brai. Specialiai sukurtos \u0161ukos, padedan\u010dios palengvinti kasdien\u0119 augintinio kailio prie\u017ei\u016br\u0105.\",\"breadcrumb\":{\"@id\":\"https:\\\/\\\/anivet.lt\\\/elparduotuve\\\/produktas\\\/furminator-deshedding-xs-sukos-ilgaplaukiams-sunims\\\/#breadcrumb\"},\"inLanguage\":\"lt-LT\",\"potentialAction\":[{\"@type\":\"ReadAction\",\"target\":[\"https:\\\/\\\/anivet.lt\\\/elparduotuve\\\/produktas\\\/furminator-deshedding-xs-sukos-ilgaplaukiams-sunims\\\/\"]}]},{\"@type\":\"ImageObject\",\"inLanguage\":\"lt-LT\",\"@id\":\"https:\\\/\\\/anivet.lt\\\/elparduotuve\\\/produktas\\\/furminator-deshedding-xs-sukos-ilgaplaukiams-sunims\\\/#primaryimage\",\"url\":\"https:\\\/\\\/anivet.lt\\\/elparduotuve\\\/wp-content\\\/uploads\\\/2026\\\/02\\\/FURminator-deShedding-XS-sukos-ilgaplaukiams-sunims.jpg\",\"contentUrl\":\"https:\\\/\\\/anivet.lt\\\/elparduotuve\\\/wp-content\\\/uploads\\\/2026\\\/02\\\/FURminator-deShedding-XS-sukos-ilgaplaukiams-sunims.jpg\",\"width\":600,\"height\":600,\"caption\":\"FURminator deShedding XS \u0161ukos ilgaplaukiams \u0161unims\"},{\"@type\":\"BreadcrumbList\",\"@id\":\"https:\\\/\\\/anivet.lt\\\/elparduotuve\\\/produktas\\\/furminator-deshedding-xs-sukos-ilgaplaukiams-sunims\\\/#breadcrumb\",\"itemListElement\":[{\"@type\":\"ListItem\",\"position\":1,\"name\":\"Home\",\"item\":\"https:\\\/\\\/anivet.lt\\\/elparduotuve\\\/\"},{\"@type\":\"ListItem\",\"position\":2,\"name\":\"Produktai\",\"item\":\"https:\\\/\\\/anivet.lt\\\/elparduotuve\\\/produktai\\\/\"},{\"@type\":\"ListItem\",\"position\":3,\"name\":\"FURminator deShedding XS \u0161ukos ilgaplaukiams \u0161unims\"}]},{\"@type\":\"WebSite\",\"@id\":\"https:\\\/\\\/anivet.lt\\\/elparduotuve\\\/#website\",\"url\":\"https:\\\/\\\/anivet.lt\\\/elparduotuve\\\/\",\"name\":\"anivet.lt\",\"description\":\"Viskas J\u016bs\u0173 \u0161uns, kat\u0117s prie\u017ei\u016brai\",\"publisher\":{\"@id\":\"https:\\\/\\\/anivet.lt\\\/elparduotuve\\\/#organization\"},\"alternateName\":\"Viskas J\u016bs\u0173 \u0161uns, kat\u0117s prie\u017ei\u016brai\",\"potentialAction\":[{\"@type\":\"SearchAction\",\"target\":{\"@type\":\"EntryPoint\",\"urlTemplate\":\"https:\\\/\\\/anivet.lt\\\/elparduotuve\\\/?s={search_term_string}\"},\"query-input\":{\"@type\":\"PropertyValueSpecification\",\"valueRequired\":true,\"valueName\":\"search_term_string\"}}],\"inLanguage\":\"lt-LT\"},{\"@type\":\"Organization\",\"@id\":\"https:\\\/\\\/anivet.lt\\\/elparduotuve\\\/#organization\",\"name\":\"Viskas J\u016bs\u0173 \u0161uns, kat\u0117s prie\u017ei\u016brai\",\"url\":\"https:\\\/\\\/anivet.lt\\\/elparduotuve\\\/\",\"logo\":{\"@type\":\"ImageObject\",\"inLanguage\":\"lt-LT\",\"@id\":\"https:\\\/\\\/anivet.lt\\\/elparduotuve\\\/#\\\/schema\\\/logo\\\/image\\\/\",\"url\":\"https:\\\/\\\/anivet.lt\\\/elparduotuve\\\/wp-content\\\/uploads\\\/2023\\\/06\\\/logo2.jpg\",\"contentUrl\":\"https:\\\/\\\/anivet.lt\\\/elparduotuve\\\/wp-content\\\/uploads\\\/2023\\\/06\\\/logo2.jpg\",\"width\":655,\"height\":194,\"caption\":\"Viskas J\u016bs\u0173 \u0161uns, kat\u0117s prie\u017ei\u016brai\"},\"image\":{\"@id\":\"https:\\\/\\\/anivet.lt\\\/elparduotuve\\\/#\\\/schema\\\/logo\\\/image\\\/\"}}]}<\/script>\n<!-- \/ Yoast SEO Premium plugin. -->","yoast_head_json":{"title":"FURminator deShedding XS \u0161ukos ilgaplaukiams \u0161unims - anivet.lt","description":"Pe\u0161iojamosios \u0161ukos, skirtos nyk\u0161tukini\u0173 veisli\u0173 ilgaplauki\u0173 \u0161un\u0173 kailio prie\u017ei\u016brai. Specialiai sukurtos \u0161ukos, padedan\u010dios palengvinti kasdien\u0119 augintinio kailio prie\u017ei\u016br\u0105.","robots":{"index":"index","follow":"follow","max-snippet":"max-snippet:-1","max-image-preview":"max-image-preview:large","max-video-preview":"max-video-preview:-1"},"canonical":"https:\/\/anivet.lt\/elparduotuve\/produktas\/furminator-deshedding-xs-sukos-ilgaplaukiams-sunims\/","og_locale":"lt_LT","og_type":"article","og_title":"FURminator deShedding XS \u0161ukos ilgaplaukiams \u0161unims","og_description":"Pe\u0161iojamosios \u0161ukos, skirtos nyk\u0161tukini\u0173 veisli\u0173 ilgaplauki\u0173 \u0161un\u0173 kailio prie\u017ei\u016brai. Specialiai sukurtos \u0161ukos, padedan\u010dios palengvinti kasdien\u0119 augintinio kailio prie\u017ei\u016br\u0105.","og_url":"https:\/\/anivet.lt\/elparduotuve\/produktas\/furminator-deshedding-xs-sukos-ilgaplaukiams-sunims\/","og_site_name":"anivet.lt","article_modified_time":"2026-02-12T12:30:43+00:00","og_image":[{"width":600,"height":600,"url":"https:\/\/anivet.lt\/elparduotuve\/wp-content\/uploads\/2026\/02\/FURminator-deShedding-XS-sukos-ilgaplaukiams-sunims.jpg","type":"image\/jpeg"}],"twitter_card":"summary_large_image","twitter_misc":{"Est. reading time":"1 minut\u0117"},"schema":{"@context":"https:\/\/schema.org","@graph":[{"@type":"WebPage","@id":"https:\/\/anivet.lt\/elparduotuve\/produktas\/furminator-deshedding-xs-sukos-ilgaplaukiams-sunims\/","url":"https:\/\/anivet.lt\/elparduotuve\/produktas\/furminator-deshedding-xs-sukos-ilgaplaukiams-sunims\/","name":"FURminator deShedding XS \u0161ukos ilgaplaukiams \u0161unims - anivet.lt","isPartOf":{"@id":"https:\/\/anivet.lt\/elparduotuve\/#website"},"primaryImageOfPage":{"@id":"https:\/\/anivet.lt\/elparduotuve\/produktas\/furminator-deshedding-xs-sukos-ilgaplaukiams-sunims\/#primaryimage"},"image":{"@id":"https:\/\/anivet.lt\/elparduotuve\/produktas\/furminator-deshedding-xs-sukos-ilgaplaukiams-sunims\/#primaryimage"},"thumbnailUrl":"https:\/\/anivet.lt\/elparduotuve\/wp-content\/uploads\/2026\/02\/FURminator-deShedding-XS-sukos-ilgaplaukiams-sunims.jpg","datePublished":"2026-02-12T12:30:42+00:00","dateModified":"2026-02-12T12:30:43+00:00","description":"Pe\u0161iojamosios \u0161ukos, skirtos nyk\u0161tukini\u0173 veisli\u0173 ilgaplauki\u0173 \u0161un\u0173 kailio prie\u017ei\u016brai. Specialiai sukurtos \u0161ukos, padedan\u010dios palengvinti kasdien\u0119 augintinio kailio prie\u017ei\u016br\u0105.","breadcrumb":{"@id":"https:\/\/anivet.lt\/elparduotuve\/produktas\/furminator-deshedding-xs-sukos-ilgaplaukiams-sunims\/#breadcrumb"},"inLanguage":"lt-LT","potentialAction":[{"@type":"ReadAction","target":["https:\/\/anivet.lt\/elparduotuve\/produktas\/furminator-deshedding-xs-sukos-ilgaplaukiams-sunims\/"]}]},{"@type":"ImageObject","inLanguage":"lt-LT","@id":"https:\/\/anivet.lt\/elparduotuve\/produktas\/furminator-deshedding-xs-sukos-ilgaplaukiams-sunims\/#primaryimage","url":"https:\/\/anivet.lt\/elparduotuve\/wp-content\/uploads\/2026\/02\/FURminator-deShedding-XS-sukos-ilgaplaukiams-sunims.jpg","contentUrl":"https:\/\/anivet.lt\/elparduotuve\/wp-content\/uploads\/2026\/02\/FURminator-deShedding-XS-sukos-ilgaplaukiams-sunims.jpg","width":600,"height":600,"caption":"FURminator deShedding XS \u0161ukos ilgaplaukiams \u0161unims"},{"@type":"BreadcrumbList","@id":"https:\/\/anivet.lt\/elparduotuve\/produktas\/furminator-deshedding-xs-sukos-ilgaplaukiams-sunims\/#breadcrumb","itemListElement":[{"@type":"ListItem","position":1,"name":"Home","item":"https:\/\/anivet.lt\/elparduotuve\/"},{"@type":"ListItem","position":2,"name":"Produktai","item":"https:\/\/anivet.lt\/elparduotuve\/produktai\/"},{"@type":"ListItem","position":3,"name":"FURminator deShedding XS \u0161ukos ilgaplaukiams \u0161unims"}]},{"@type":"WebSite","@id":"https:\/\/anivet.lt\/elparduotuve\/#website","url":"https:\/\/anivet.lt\/elparduotuve\/","name":"anivet.lt","description":"Viskas J\u016bs\u0173 \u0161uns, kat\u0117s prie\u017ei\u016brai","publisher":{"@id":"https:\/\/anivet.lt\/elparduotuve\/#organization"},"alternateName":"Viskas J\u016bs\u0173 \u0161uns, kat\u0117s prie\u017ei\u016brai","potentialAction":[{"@type":"SearchAction","target":{"@type":"EntryPoint","urlTemplate":"https:\/\/anivet.lt\/elparduotuve\/?s={search_term_string}"},"query-input":{"@type":"PropertyValueSpecification","valueRequired":true,"valueName":"search_term_string"}}],"inLanguage":"lt-LT"},{"@type":"Organization","@id":"https:\/\/anivet.lt\/elparduotuve\/#organization","name":"Viskas J\u016bs\u0173 \u0161uns, kat\u0117s prie\u017ei\u016brai","url":"https:\/\/anivet.lt\/elparduotuve\/","logo":{"@type":"ImageObject","inLanguage":"lt-LT","@id":"https:\/\/anivet.lt\/elparduotuve\/#\/schema\/logo\/image\/","url":"https:\/\/anivet.lt\/elparduotuve\/wp-content\/uploads\/2023\/06\/logo2.jpg","contentUrl":"https:\/\/anivet.lt\/elparduotuve\/wp-content\/uploads\/2023\/06\/logo2.jpg","width":655,"height":194,"caption":"Viskas J\u016bs\u0173 \u0161uns, kat\u0117s prie\u017ei\u016brai"},"image":{"@id":"https:\/\/anivet.lt\/elparduotuve\/#\/schema\/logo\/image\/"}}]}},"_links":{"self":[{"href":"https:\/\/anivet.lt\/elparduotuve\/wp-json\/wp\/v2\/product\/20262","targetHints":{"allow":["GET"]}}],"collection":[{"href":"https:\/\/anivet.lt\/elparduotuve\/wp-json\/wp\/v2\/product"}],"about":[{"href":"https:\/\/anivet.lt\/elparduotuve\/wp-json\/wp\/v2\/types\/product"}],"wp:featuredmedia":[{"embeddable":true,"href":"https:\/\/anivet.lt\/elparduotuve\/wp-json\/wp\/v2\/media\/20263"}],"wp:attachment":[{"href":"https:\/\/anivet.lt\/elparduotuve\/wp-json\/wp\/v2\/media?parent=20262"}],"wp:term":[{"taxonomy":"product_brand","embeddable":true,"href":"https:\/\/anivet.lt\/elparduotuve\/wp-json\/wp\/v2\/product_brand?post=20262"},{"taxonomy":"product_cat","embeddable":true,"href":"https:\/\/anivet.lt\/elparduotuve\/wp-json\/wp\/v2\/product_cat?post=20262"},{"taxonomy":"product_tag","embeddable":true,"href":"https:\/\/anivet.lt\/elparduotuve\/wp-json\/wp\/v2\/product_tag?post=20262"}],"curies":[{"name":"wp","href":"https:\/\/api.w.org\/{rel}","templated":true}]}}