{"id":20272,"date":"2026-02-12T12:52:03","date_gmt":"2026-02-12T12:52:03","guid":{"rendered":"https:\/\/anivet.lt\/elparduotuve\/?post_type=product&#038;p=20272"},"modified":"2026-02-12T12:52:06","modified_gmt":"2026-02-12T12:52:06","slug":"furminator-deshedding-s-sukos-ilgaplaukems-katems","status":"publish","type":"product","link":"https:\/\/anivet.lt\/elparduotuve\/produktas\/furminator-deshedding-s-sukos-ilgaplaukems-katems\/","title":{"rendered":"FURminator deShedding S \u0161ukos ilgaplauk\u0117ms kat\u0117ms"},"content":{"rendered":"<ul>\n<li>Tinka kat\u0117ms, sverian\u010dioms iki 4,5 kg, kuri\u0173 kailio ilgis ilgesnis nei 5 cm.<\/li>\n<li>Padeda suma\u017einti kailio slinkim\u0105 ir neleid\u017eia formuotis plauk\u0173 gumul\u0117liams -reguliari prie\u017ei\u016bra padeda i\u0161laikyti kail\u012f tvarking\u0105.<\/li>\n<li>\u0160velniai slysta kailio pavir\u0161iumi: apsauginiai kra\u0161tai saugo od\u0105 nuo \u012fbr\u0117\u017eim\u0173, o ner\u016bdijan\u010dio plieno danteliai nepa\u017eeid\u017eia plauko.<\/li>\n<li>Patogu naudoti d\u0117l ergonomi\u0161kos rankenos ir lenktos formos, prisitaikan\u010dios prie kat\u0117s k\u016bno linij\u0173.<\/li>\n<li>Lengvai valomos &#8211; integruotas FURejector mygtukas leid\u017eia greitai pa\u0161alinti i\u0161\u0161ukuotus plaukus.<\/li>\n<\/ul>\n","protected":false},"excerpt":{"rendered":"<p>FURminator \u0161ukos, skirtos ma\u017e\u0173 veisli\u0173 ilgaplauki\u0173 ka\u010di\u0173 kailio prie\u017ei\u016brai. Naudokite po kat\u0117s maudymo ir visi\u0161ko kailio i\u0161d\u017eiovinimo. Rekomenduojama tik kat\u0117ms, turin\u010dioms paviln\u0119 ir linkusioms \u0161ertis. Netinka nesi\u0161eriantiems ar jautri\u0105 od\u0105 turintiems gyv\u016bnams.<\/p>\n","protected":false},"featured_media":20273,"template":"","meta":[],"product_brand":[],"product_cat":[102,119,310],"product_tag":[],"class_list":{"0":"post-20272","1":"product","2":"type-product","3":"status-publish","4":"has-post-thumbnail","6":"product_cat-katems","7":"product_cat-prieziuros-priemones-katems","8":"product_cat-kitos-priemones","9":"pa_prekinis-zenklas-furminator","11":"first","12":"instock","13":"taxable","14":"shipping-taxable","15":"purchasable","16":"product-type-simple"},"yoast_head":"<!-- This site is optimized with the Yoast SEO Premium plugin v27.1 (Yoast SEO v27.3) - https:\/\/yoast.com\/product\/yoast-seo-premium-wordpress\/ -->\n<title>FURminator deShedding S \u0161ukos ilgaplauk\u0117ms kat\u0117ms - anivet.lt<\/title>\n<meta name=\"description\" content=\"FURminator \u0161ukos, skirtos ma\u017e\u0173 veisli\u0173 ilgaplauki\u0173 ka\u010di\u0173 kailio prie\u017ei\u016brai. Naudokite po kat\u0117s maudymo ir visi\u0161ko kailio i\u0161d\u017eiovinimo. Rekomenduojama tik kat\u0117ms, turin\u010dioms paviln\u0119 ir linkusioms \u0161ertis. Netinka nesi\u0161eriantiems ar jautri\u0105 od\u0105 turintiems gyv\u016bnams.\" \/>\n<meta name=\"robots\" content=\"index, follow, max-snippet:-1, max-image-preview:large, max-video-preview:-1\" \/>\n<link rel=\"canonical\" href=\"https:\/\/anivet.lt\/elparduotuve\/produktas\/furminator-deshedding-s-sukos-ilgaplaukems-katems\/\" \/>\n<meta property=\"og:locale\" content=\"lt_LT\" \/>\n<meta property=\"og:type\" content=\"article\" \/>\n<meta property=\"og:title\" content=\"FURminator deShedding S \u0161ukos ilgaplauk\u0117ms kat\u0117ms\" \/>\n<meta property=\"og:description\" content=\"FURminator \u0161ukos, skirtos ma\u017e\u0173 veisli\u0173 ilgaplauki\u0173 ka\u010di\u0173 kailio prie\u017ei\u016brai. Naudokite po kat\u0117s maudymo ir visi\u0161ko kailio i\u0161d\u017eiovinimo. Rekomenduojama tik kat\u0117ms, turin\u010dioms paviln\u0119 ir linkusioms \u0161ertis. Netinka nesi\u0161eriantiems ar jautri\u0105 od\u0105 turintiems gyv\u016bnams.\" \/>\n<meta property=\"og:url\" content=\"https:\/\/anivet.lt\/elparduotuve\/produktas\/furminator-deshedding-s-sukos-ilgaplaukems-katems\/\" \/>\n<meta property=\"og:site_name\" content=\"anivet.lt\" \/>\n<meta property=\"article:modified_time\" content=\"2026-02-12T12:52:06+00:00\" \/>\n<meta property=\"og:image\" content=\"https:\/\/anivet.lt\/elparduotuve\/wp-content\/uploads\/2026\/02\/FURminator-deShedding-S-sukos-ilgaplaukems-katems.jpg\" \/>\n\t<meta property=\"og:image:width\" content=\"600\" \/>\n\t<meta property=\"og:image:height\" content=\"600\" \/>\n\t<meta property=\"og:image:type\" content=\"image\/jpeg\" \/>\n<meta name=\"twitter:card\" content=\"summary_large_image\" \/>\n<meta name=\"twitter:label1\" content=\"Est. reading time\" \/>\n\t<meta name=\"twitter:data1\" content=\"1 minut\u0117\" \/>\n<script type=\"application\/ld+json\" class=\"yoast-schema-graph\">{\"@context\":\"https:\\\/\\\/schema.org\",\"@graph\":[{\"@type\":\"WebPage\",\"@id\":\"https:\\\/\\\/anivet.lt\\\/elparduotuve\\\/produktas\\\/furminator-deshedding-s-sukos-ilgaplaukems-katems\\\/\",\"url\":\"https:\\\/\\\/anivet.lt\\\/elparduotuve\\\/produktas\\\/furminator-deshedding-s-sukos-ilgaplaukems-katems\\\/\",\"name\":\"FURminator deShedding S \u0161ukos ilgaplauk\u0117ms kat\u0117ms - anivet.lt\",\"isPartOf\":{\"@id\":\"https:\\\/\\\/anivet.lt\\\/elparduotuve\\\/#website\"},\"primaryImageOfPage\":{\"@id\":\"https:\\\/\\\/anivet.lt\\\/elparduotuve\\\/produktas\\\/furminator-deshedding-s-sukos-ilgaplaukems-katems\\\/#primaryimage\"},\"image\":{\"@id\":\"https:\\\/\\\/anivet.lt\\\/elparduotuve\\\/produktas\\\/furminator-deshedding-s-sukos-ilgaplaukems-katems\\\/#primaryimage\"},\"thumbnailUrl\":\"https:\\\/\\\/anivet.lt\\\/elparduotuve\\\/wp-content\\\/uploads\\\/2026\\\/02\\\/FURminator-deShedding-S-sukos-ilgaplaukems-katems.jpg\",\"datePublished\":\"2026-02-12T12:52:03+00:00\",\"dateModified\":\"2026-02-12T12:52:06+00:00\",\"description\":\"FURminator \u0161ukos, skirtos ma\u017e\u0173 veisli\u0173 ilgaplauki\u0173 ka\u010di\u0173 kailio prie\u017ei\u016brai. Naudokite po kat\u0117s maudymo ir visi\u0161ko kailio i\u0161d\u017eiovinimo. Rekomenduojama tik kat\u0117ms, turin\u010dioms paviln\u0119 ir linkusioms \u0161ertis. Netinka nesi\u0161eriantiems ar jautri\u0105 od\u0105 turintiems gyv\u016bnams.\",\"breadcrumb\":{\"@id\":\"https:\\\/\\\/anivet.lt\\\/elparduotuve\\\/produktas\\\/furminator-deshedding-s-sukos-ilgaplaukems-katems\\\/#breadcrumb\"},\"inLanguage\":\"lt-LT\",\"potentialAction\":[{\"@type\":\"ReadAction\",\"target\":[\"https:\\\/\\\/anivet.lt\\\/elparduotuve\\\/produktas\\\/furminator-deshedding-s-sukos-ilgaplaukems-katems\\\/\"]}]},{\"@type\":\"ImageObject\",\"inLanguage\":\"lt-LT\",\"@id\":\"https:\\\/\\\/anivet.lt\\\/elparduotuve\\\/produktas\\\/furminator-deshedding-s-sukos-ilgaplaukems-katems\\\/#primaryimage\",\"url\":\"https:\\\/\\\/anivet.lt\\\/elparduotuve\\\/wp-content\\\/uploads\\\/2026\\\/02\\\/FURminator-deShedding-S-sukos-ilgaplaukems-katems.jpg\",\"contentUrl\":\"https:\\\/\\\/anivet.lt\\\/elparduotuve\\\/wp-content\\\/uploads\\\/2026\\\/02\\\/FURminator-deShedding-S-sukos-ilgaplaukems-katems.jpg\",\"width\":600,\"height\":600,\"caption\":\"FURminator deShedding S \u0161ukos ilgaplauk\u0117ms kat\u0117ms\"},{\"@type\":\"BreadcrumbList\",\"@id\":\"https:\\\/\\\/anivet.lt\\\/elparduotuve\\\/produktas\\\/furminator-deshedding-s-sukos-ilgaplaukems-katems\\\/#breadcrumb\",\"itemListElement\":[{\"@type\":\"ListItem\",\"position\":1,\"name\":\"Home\",\"item\":\"https:\\\/\\\/anivet.lt\\\/elparduotuve\\\/\"},{\"@type\":\"ListItem\",\"position\":2,\"name\":\"Produktai\",\"item\":\"https:\\\/\\\/anivet.lt\\\/elparduotuve\\\/produktai\\\/\"},{\"@type\":\"ListItem\",\"position\":3,\"name\":\"FURminator deShedding S \u0161ukos ilgaplauk\u0117ms kat\u0117ms\"}]},{\"@type\":\"WebSite\",\"@id\":\"https:\\\/\\\/anivet.lt\\\/elparduotuve\\\/#website\",\"url\":\"https:\\\/\\\/anivet.lt\\\/elparduotuve\\\/\",\"name\":\"anivet.lt\",\"description\":\"Viskas J\u016bs\u0173 \u0161uns, kat\u0117s prie\u017ei\u016brai\",\"publisher\":{\"@id\":\"https:\\\/\\\/anivet.lt\\\/elparduotuve\\\/#organization\"},\"alternateName\":\"Viskas J\u016bs\u0173 \u0161uns, kat\u0117s prie\u017ei\u016brai\",\"potentialAction\":[{\"@type\":\"SearchAction\",\"target\":{\"@type\":\"EntryPoint\",\"urlTemplate\":\"https:\\\/\\\/anivet.lt\\\/elparduotuve\\\/?s={search_term_string}\"},\"query-input\":{\"@type\":\"PropertyValueSpecification\",\"valueRequired\":true,\"valueName\":\"search_term_string\"}}],\"inLanguage\":\"lt-LT\"},{\"@type\":\"Organization\",\"@id\":\"https:\\\/\\\/anivet.lt\\\/elparduotuve\\\/#organization\",\"name\":\"Viskas J\u016bs\u0173 \u0161uns, kat\u0117s prie\u017ei\u016brai\",\"url\":\"https:\\\/\\\/anivet.lt\\\/elparduotuve\\\/\",\"logo\":{\"@type\":\"ImageObject\",\"inLanguage\":\"lt-LT\",\"@id\":\"https:\\\/\\\/anivet.lt\\\/elparduotuve\\\/#\\\/schema\\\/logo\\\/image\\\/\",\"url\":\"https:\\\/\\\/anivet.lt\\\/elparduotuve\\\/wp-content\\\/uploads\\\/2023\\\/06\\\/logo2.jpg\",\"contentUrl\":\"https:\\\/\\\/anivet.lt\\\/elparduotuve\\\/wp-content\\\/uploads\\\/2023\\\/06\\\/logo2.jpg\",\"width\":655,\"height\":194,\"caption\":\"Viskas J\u016bs\u0173 \u0161uns, kat\u0117s prie\u017ei\u016brai\"},\"image\":{\"@id\":\"https:\\\/\\\/anivet.lt\\\/elparduotuve\\\/#\\\/schema\\\/logo\\\/image\\\/\"}}]}<\/script>\n<!-- \/ Yoast SEO Premium plugin. -->","yoast_head_json":{"title":"FURminator deShedding S \u0161ukos ilgaplauk\u0117ms kat\u0117ms - anivet.lt","description":"FURminator \u0161ukos, skirtos ma\u017e\u0173 veisli\u0173 ilgaplauki\u0173 ka\u010di\u0173 kailio prie\u017ei\u016brai. Naudokite po kat\u0117s maudymo ir visi\u0161ko kailio i\u0161d\u017eiovinimo. Rekomenduojama tik kat\u0117ms, turin\u010dioms paviln\u0119 ir linkusioms \u0161ertis. Netinka nesi\u0161eriantiems ar jautri\u0105 od\u0105 turintiems gyv\u016bnams.","robots":{"index":"index","follow":"follow","max-snippet":"max-snippet:-1","max-image-preview":"max-image-preview:large","max-video-preview":"max-video-preview:-1"},"canonical":"https:\/\/anivet.lt\/elparduotuve\/produktas\/furminator-deshedding-s-sukos-ilgaplaukems-katems\/","og_locale":"lt_LT","og_type":"article","og_title":"FURminator deShedding S \u0161ukos ilgaplauk\u0117ms kat\u0117ms","og_description":"FURminator \u0161ukos, skirtos ma\u017e\u0173 veisli\u0173 ilgaplauki\u0173 ka\u010di\u0173 kailio prie\u017ei\u016brai. Naudokite po kat\u0117s maudymo ir visi\u0161ko kailio i\u0161d\u017eiovinimo. Rekomenduojama tik kat\u0117ms, turin\u010dioms paviln\u0119 ir linkusioms \u0161ertis. Netinka nesi\u0161eriantiems ar jautri\u0105 od\u0105 turintiems gyv\u016bnams.","og_url":"https:\/\/anivet.lt\/elparduotuve\/produktas\/furminator-deshedding-s-sukos-ilgaplaukems-katems\/","og_site_name":"anivet.lt","article_modified_time":"2026-02-12T12:52:06+00:00","og_image":[{"width":600,"height":600,"url":"https:\/\/anivet.lt\/elparduotuve\/wp-content\/uploads\/2026\/02\/FURminator-deShedding-S-sukos-ilgaplaukems-katems.jpg","type":"image\/jpeg"}],"twitter_card":"summary_large_image","twitter_misc":{"Est. reading time":"1 minut\u0117"},"schema":{"@context":"https:\/\/schema.org","@graph":[{"@type":"WebPage","@id":"https:\/\/anivet.lt\/elparduotuve\/produktas\/furminator-deshedding-s-sukos-ilgaplaukems-katems\/","url":"https:\/\/anivet.lt\/elparduotuve\/produktas\/furminator-deshedding-s-sukos-ilgaplaukems-katems\/","name":"FURminator deShedding S \u0161ukos ilgaplauk\u0117ms kat\u0117ms - anivet.lt","isPartOf":{"@id":"https:\/\/anivet.lt\/elparduotuve\/#website"},"primaryImageOfPage":{"@id":"https:\/\/anivet.lt\/elparduotuve\/produktas\/furminator-deshedding-s-sukos-ilgaplaukems-katems\/#primaryimage"},"image":{"@id":"https:\/\/anivet.lt\/elparduotuve\/produktas\/furminator-deshedding-s-sukos-ilgaplaukems-katems\/#primaryimage"},"thumbnailUrl":"https:\/\/anivet.lt\/elparduotuve\/wp-content\/uploads\/2026\/02\/FURminator-deShedding-S-sukos-ilgaplaukems-katems.jpg","datePublished":"2026-02-12T12:52:03+00:00","dateModified":"2026-02-12T12:52:06+00:00","description":"FURminator \u0161ukos, skirtos ma\u017e\u0173 veisli\u0173 ilgaplauki\u0173 ka\u010di\u0173 kailio prie\u017ei\u016brai. Naudokite po kat\u0117s maudymo ir visi\u0161ko kailio i\u0161d\u017eiovinimo. Rekomenduojama tik kat\u0117ms, turin\u010dioms paviln\u0119 ir linkusioms \u0161ertis. Netinka nesi\u0161eriantiems ar jautri\u0105 od\u0105 turintiems gyv\u016bnams.","breadcrumb":{"@id":"https:\/\/anivet.lt\/elparduotuve\/produktas\/furminator-deshedding-s-sukos-ilgaplaukems-katems\/#breadcrumb"},"inLanguage":"lt-LT","potentialAction":[{"@type":"ReadAction","target":["https:\/\/anivet.lt\/elparduotuve\/produktas\/furminator-deshedding-s-sukos-ilgaplaukems-katems\/"]}]},{"@type":"ImageObject","inLanguage":"lt-LT","@id":"https:\/\/anivet.lt\/elparduotuve\/produktas\/furminator-deshedding-s-sukos-ilgaplaukems-katems\/#primaryimage","url":"https:\/\/anivet.lt\/elparduotuve\/wp-content\/uploads\/2026\/02\/FURminator-deShedding-S-sukos-ilgaplaukems-katems.jpg","contentUrl":"https:\/\/anivet.lt\/elparduotuve\/wp-content\/uploads\/2026\/02\/FURminator-deShedding-S-sukos-ilgaplaukems-katems.jpg","width":600,"height":600,"caption":"FURminator deShedding S \u0161ukos ilgaplauk\u0117ms kat\u0117ms"},{"@type":"BreadcrumbList","@id":"https:\/\/anivet.lt\/elparduotuve\/produktas\/furminator-deshedding-s-sukos-ilgaplaukems-katems\/#breadcrumb","itemListElement":[{"@type":"ListItem","position":1,"name":"Home","item":"https:\/\/anivet.lt\/elparduotuve\/"},{"@type":"ListItem","position":2,"name":"Produktai","item":"https:\/\/anivet.lt\/elparduotuve\/produktai\/"},{"@type":"ListItem","position":3,"name":"FURminator deShedding S \u0161ukos ilgaplauk\u0117ms kat\u0117ms"}]},{"@type":"WebSite","@id":"https:\/\/anivet.lt\/elparduotuve\/#website","url":"https:\/\/anivet.lt\/elparduotuve\/","name":"anivet.lt","description":"Viskas J\u016bs\u0173 \u0161uns, kat\u0117s prie\u017ei\u016brai","publisher":{"@id":"https:\/\/anivet.lt\/elparduotuve\/#organization"},"alternateName":"Viskas J\u016bs\u0173 \u0161uns, kat\u0117s prie\u017ei\u016brai","potentialAction":[{"@type":"SearchAction","target":{"@type":"EntryPoint","urlTemplate":"https:\/\/anivet.lt\/elparduotuve\/?s={search_term_string}"},"query-input":{"@type":"PropertyValueSpecification","valueRequired":true,"valueName":"search_term_string"}}],"inLanguage":"lt-LT"},{"@type":"Organization","@id":"https:\/\/anivet.lt\/elparduotuve\/#organization","name":"Viskas J\u016bs\u0173 \u0161uns, kat\u0117s prie\u017ei\u016brai","url":"https:\/\/anivet.lt\/elparduotuve\/","logo":{"@type":"ImageObject","inLanguage":"lt-LT","@id":"https:\/\/anivet.lt\/elparduotuve\/#\/schema\/logo\/image\/","url":"https:\/\/anivet.lt\/elparduotuve\/wp-content\/uploads\/2023\/06\/logo2.jpg","contentUrl":"https:\/\/anivet.lt\/elparduotuve\/wp-content\/uploads\/2023\/06\/logo2.jpg","width":655,"height":194,"caption":"Viskas J\u016bs\u0173 \u0161uns, kat\u0117s prie\u017ei\u016brai"},"image":{"@id":"https:\/\/anivet.lt\/elparduotuve\/#\/schema\/logo\/image\/"}}]}},"_links":{"self":[{"href":"https:\/\/anivet.lt\/elparduotuve\/wp-json\/wp\/v2\/product\/20272","targetHints":{"allow":["GET"]}}],"collection":[{"href":"https:\/\/anivet.lt\/elparduotuve\/wp-json\/wp\/v2\/product"}],"about":[{"href":"https:\/\/anivet.lt\/elparduotuve\/wp-json\/wp\/v2\/types\/product"}],"wp:featuredmedia":[{"embeddable":true,"href":"https:\/\/anivet.lt\/elparduotuve\/wp-json\/wp\/v2\/media\/20273"}],"wp:attachment":[{"href":"https:\/\/anivet.lt\/elparduotuve\/wp-json\/wp\/v2\/media?parent=20272"}],"wp:term":[{"taxonomy":"product_brand","embeddable":true,"href":"https:\/\/anivet.lt\/elparduotuve\/wp-json\/wp\/v2\/product_brand?post=20272"},{"taxonomy":"product_cat","embeddable":true,"href":"https:\/\/anivet.lt\/elparduotuve\/wp-json\/wp\/v2\/product_cat?post=20272"},{"taxonomy":"product_tag","embeddable":true,"href":"https:\/\/anivet.lt\/elparduotuve\/wp-json\/wp\/v2\/product_tag?post=20272"}],"curies":[{"name":"wp","href":"https:\/\/api.w.org\/{rel}","templated":true}]}}